{"id":12243,"date":"2014-07-20T18:35:31","date_gmt":"2014-07-20T17:35:31","guid":{"rendered":"http:\/\/www.kissthedesign.ch\/nous-achetons\/?lang=de"},"modified":"2016-07-31T20:19:53","modified_gmt":"2016-07-31T19:19:53","slug":"designklassiker-ankauf","status":"publish","type":"page","link":"https:\/\/www.kissthedesign.ch\/de\/designklassiker-ankauf\/","title":{"rendered":"Ankauf von Designklassikern"},"content":{"rendered":"<div class=\"wpb-content-wrapper\"><p>[vc_row][vc_column][vc_column_text]<\/p>\n<h2><strong><span style=\"color: #000000;\"><u>Kissthedesign\u00a0kauft Ihre vintage M\u00f6beln, Lampen oder\u00a0Objekte (Glas, Keramik)\u00a0aus dem 20. Jahrhundert an!<\/u><\/span><\/strong><\/h2>\n<p><span style=\"color: #000000; font-size: 14px;\">Kissthedesign ist der richtige Ansprechspartner beim Verkauf Ihre Designklassikern. Kontaktieren Sie uns mit Ihren Angebote, wir ber\u00fccksichtigen alle Vorschl\u00e4ge. Bei Interesse organisieren wir f\u00fcr Sie eine unkomplizierte Transaktion, wir kommen schnell vorbei und k\u00fcmmern uns ganz\u00a0um dem Transport, ausserdem zahlen wir fair\u00a0und bar. Kommissionsverk\u00e4ufe sind auch gerne m\u00f6glich.\u00a0<\/span><\/p>\n<p><span class=\"style2\" style=\"font-weight: bold; color: #000000; font-size: 14px;\"><span class=\"style4\">Kontaktieren Sie uns telefonisch auf\u00a0021 312 14 80 oder 078 921 82 62, oder schreiben Sie uns auf\u00a0<a href=\"mailto:info@kissthedesign.ch\">info@kissthedesign.ch<\/a><\/span><br \/>\n<\/span><\/p>\n<p align=\"left\"><span style=\"color: #000000; font-size: 14px;\">Wir kaufen haupts\u00e4chlich Designer St\u00fccke aus den 30er, 40er, 50er, 60er, 70er und Memphis Zeit, sowie aus der Bauhauszeit und Art Deco an, aber wir k\u00f6nnen auch manchmal auf &#8220;no-name&#8221; vintage M\u00f6beln (M\u00f6bel, Lampen und Objekten)\u00a0aus den 50er bis 70er Interesse haben.<\/span><\/p>\n<p>&nbsp;<\/p>\n<p>Wir\u00a0suchen u.A vintage M\u00f6beln und Leuchten von den Designern:<br \/>\nAlvar Aalto, Eero Aarnio, Archizoom, Gae Aulenti, Mario Bellini, Harry Bertoia, Osvaldo Borsani, Marcel Breuer, Castiglioni, Ron Arad, Joe Colombo, Charles Ray Eames, Egon Eierman, Pierre Guariche, Poul Henningsen, Arne Jacobsen, Charlotte Perriand, Finn Juhl, Poul Kjaerholm, Florence Knoll, Friso Kramer, Le Corbusier, Raymond Loewy, Vico Magistretti, Elio Martinelli, Mathieu Mategot, Ingo Maurer, Jacques Adnet, Roy\u00e8re, Pergay, Crespi, Mies Van der Rohe, Hvidt M\u00f8lgaard, Serge Mouille, George Nelson, Isamu Noguchi, Verner Panton, Pierre Paulin, Gaetano Pesce, Charles Pollock, Gio Ponti, Jean Prouv\u00e9, Dieter Rams, Gerrit T. Rietveld, Willy Rizzo, Eero Saarinen, Gino Sarfatti, Mario Botta, Tobia Scarpa, Ettore Sottsass, Max Bill, Willy Guhl, Marc Newson, Campana, Mendini, Kuramata, Nakashima, Mangiarotti, Hans j. Wegner, Ico Parisi, Frattini, Robert Haussmann,\u00a0usw.<\/p>\n<p>Und von den Herstellern:<br \/>\nArtemide, Stilnovo, Memphis, Fontana Arte, Arteluce, Oluce, Vitra, Herman Miller, Cassina, Artifort, Knoll, Poulsen, Airborne, Wohnbedarf, Venini, Vistosi, Fritz Hansen, Thonet, Zanotta, Capellini, BB Italia, Tecno, Fornasetti, Poltronova, Ideal Heim, De Sede, Desede, Arflex, usw.[\/vc_column_text]\n<div class=\"wpcf7 no-js\" id=\"wpcf7-f12225-o1\" lang=\"fr-FR\" dir=\"ltr\" data-wpcf7-id=\"12225\">\n<div class=\"screen-reader-response\"><p role=\"status\" aria-live=\"polite\" aria-atomic=\"true\"><\/p> <ul><\/ul><\/div>\n<form action=\"\/de\/wp-json\/wp\/v2\/pages\/12243#wpcf7-f12225-o1\" method=\"post\" class=\"wpcf7-form init\" aria-label=\"Formulaire de contact\" novalidate=\"novalidate\" data-status=\"init\">\n<fieldset class=\"hidden-fields-container\"><input type=\"hidden\" name=\"_wpcf7\" value=\"12225\" \/><input type=\"hidden\" name=\"_wpcf7_version\" value=\"6.1.5\" \/><input type=\"hidden\" name=\"_wpcf7_locale\" value=\"fr_FR\" \/><input type=\"hidden\" name=\"_wpcf7_unit_tag\" value=\"wpcf7-f12225-o1\" \/><input type=\"hidden\" name=\"_wpcf7_container_post\" value=\"0\" \/><input type=\"hidden\" name=\"_wpcf7_posted_data_hash\" value=\"\" \/><input type=\"hidden\" name=\"_wpcf7_recaptcha_response\" value=\"\" \/>\n<\/fieldset>\n\n<!-- CF7 Modules -->\n<div style='display:none;'><input type=\"hidden\" class=\"wpcf7-form-control wpcf7-hidden\" name=\"hidden-931\" placeholder=\"\" value=\"Ankauf von Designklassikern\" \/>\n<\/div>\n<!-- End CF7 Modules -->\n\n<p><b>Kontaktieren Sie uns \u00fcber diesen Artikel<\/b>\n<\/p>\n<p>Ihre Name (Pflichtfeld)\n<\/p>\n<p><span class=\"wpcf7-form-control-wrap\" data-name=\"your-name\"><input size=\"40\" maxlength=\"400\" class=\"wpcf7-form-control wpcf7-text wpcf7-validates-as-required\" aria-required=\"true\" aria-invalid=\"false\" value=\"\" type=\"text\" name=\"your-name\" \/><\/span>\n<\/p>\n<p>Ihre Email (Pflichtfeld)\n<\/p>\n<p><span class=\"wpcf7-form-control-wrap\" data-name=\"your-email\"><input size=\"40\" maxlength=\"400\" class=\"wpcf7-form-control wpcf7-email wpcf7-validates-as-required wpcf7-text wpcf7-validates-as-email\" aria-required=\"true\" aria-invalid=\"false\" value=\"\" type=\"email\" name=\"your-email\" \/><\/span>\n<\/p>\n<p>Ihre Nachricht\n<\/p>\n<p><span class=\"wpcf7-form-control-wrap\" data-name=\"your-message\"><textarea cols=\"40\" rows=\"10\" maxlength=\"2000\" class=\"wpcf7-form-control wpcf7-textarea\" aria-invalid=\"false\" name=\"your-message\"><\/textarea><\/span>\n<\/p>\n<p>Die von Ihnen eingegebenen und mit diesem Formular gesendeten Daten werden gespeichert, aber werden nie verkauft oder an Dritte weitergegeben.\n<\/p>\n<p><span class=\"wpcf7-form-control-wrap\" data-name=\"checkbox-296\"><span class=\"wpcf7-form-control wpcf7-checkbox wpcf7-validates-as-required\"><span class=\"wpcf7-list-item first last\"><input type=\"checkbox\" name=\"checkbox-296[]\" value=\"Ich akzeptiere\" \/><span class=\"wpcf7-list-item-label\">Ich akzeptiere<\/span><\/span><\/span><\/span>\n<\/p>\n<p><input class=\"wpcf7-form-control wpcf7-submit has-spinner\" type=\"submit\" value=\"Senden\" \/>\n<\/p><div class=\"wpcf7-response-output\" aria-hidden=\"true\"><\/div>\n<\/form>\n<\/div>\n[\/vc_column][\/vc_row]<\/p>\n<\/div>","protected":false},"excerpt":{"rendered":"<p>[vc_row][vc_column][vc_column_text] Kissthedesign\u00a0kauft Ihre vintage M\u00f6beln, Lampen oder\u00a0Objekte (Glas, Keramik)\u00a0aus dem 20. Jahrhundert an! Kissthedesign ist der richtige Ansprechspartner beim Verkauf<\/p>\n","protected":false},"author":17,"featured_media":0,"parent":0,"menu_order":0,"comment_status":"closed","ping_status":"closed","template":"","meta":{"_monsterinsights_skip_tracking":false,"_monsterinsights_sitenote_active":false,"_monsterinsights_sitenote_note":"","_monsterinsights_sitenote_category":0,"footnotes":""},"class_list":["post-12243","page","type-page","status-publish","hentry"],"yoast_head":"<!-- This site is optimized with the Yoast SEO plugin v25.3.1 - https:\/\/yoast.com\/wordpress\/plugins\/seo\/ -->\n<title>Ankauf von Designklassikern | Kissthedesign, Lausanne, Schweiz<\/title>\n<meta name=\"description\" content=\"Kissthedesign, in der Schweiz, kauft Ihre Designklassiker an. Ankauf von vintage M\u00f6beln, Leuchten, Objekten aus den 30er, 40er, 50er, 60er, 70er, 80er, Bauhaus, Art Deco.\" \/>\n<meta name=\"robots\" content=\"index, follow, max-snippet:-1, max-image-preview:large, max-video-preview:-1\" \/>\n<link rel=\"canonical\" href=\"https:\/\/www.kissthedesign.ch\/de\/designklassiker-ankauf\/\" \/>\n<meta property=\"og:locale\" content=\"de_DE\" \/>\n<meta property=\"og:type\" content=\"article\" \/>\n<meta property=\"og:title\" content=\"Ankauf von Designklassikern | Kissthedesign, Lausanne, Schweiz\" \/>\n<meta property=\"og:description\" content=\"Kissthedesign, in der Schweiz, kauft Ihre Designklassiker an. Ankauf von vintage M\u00f6beln, Leuchten, Objekten aus den 30er, 40er, 50er, 60er, 70er, 80er, Bauhaus, Art Deco.\" \/>\n<meta property=\"og:url\" content=\"https:\/\/www.kissthedesign.ch\/de\/designklassiker-ankauf\/\" \/>\n<meta property=\"og:site_name\" content=\"kissthedesign\" \/>\n<meta property=\"article:modified_time\" content=\"2016-07-31T19:19:53+00:00\" \/>\n<meta name=\"twitter:label1\" content=\"Gesch\u00e4tzte Lesezeit\" \/>\n\t<meta name=\"twitter:data1\" content=\"2\u00a0Minuten\" \/>\n<script type=\"application\/ld+json\" class=\"yoast-schema-graph\">{\"@context\":\"https:\/\/schema.org\",\"@graph\":[{\"@type\":\"WebPage\",\"@id\":\"https:\/\/www.kissthedesign.ch\/de\/designklassiker-ankauf\/\",\"url\":\"https:\/\/www.kissthedesign.ch\/de\/designklassiker-ankauf\/\",\"name\":\"Ankauf von Designklassikern | Kissthedesign, Lausanne, Schweiz\",\"isPartOf\":{\"@id\":\"https:\/\/www.kissthedesign.ch\/en\/#website\"},\"datePublished\":\"2014-07-20T17:35:31+00:00\",\"dateModified\":\"2016-07-31T19:19:53+00:00\",\"description\":\"Kissthedesign, in der Schweiz, kauft Ihre Designklassiker an. Ankauf von vintage M\u00f6beln, Leuchten, Objekten aus den 30er, 40er, 50er, 60er, 70er, 80er, Bauhaus, Art Deco.\",\"breadcrumb\":{\"@id\":\"https:\/\/www.kissthedesign.ch\/de\/designklassiker-ankauf\/#breadcrumb\"},\"inLanguage\":\"de\",\"potentialAction\":[{\"@type\":\"ReadAction\",\"target\":[\"https:\/\/www.kissthedesign.ch\/de\/designklassiker-ankauf\/\"]}]},{\"@type\":\"BreadcrumbList\",\"@id\":\"https:\/\/www.kissthedesign.ch\/de\/designklassiker-ankauf\/#breadcrumb\",\"itemListElement\":[{\"@type\":\"ListItem\",\"position\":1,\"name\":\"Accueil\",\"item\":\"https:\/\/www.kissthedesign.ch\/de\/\"},{\"@type\":\"ListItem\",\"position\":2,\"name\":\"Ankauf von Designklassikern\"}]},{\"@type\":\"WebSite\",\"@id\":\"https:\/\/www.kissthedesign.ch\/en\/#website\",\"url\":\"https:\/\/www.kissthedesign.ch\/en\/\",\"name\":\"kissthedesign\",\"description\":\"Kissthedesign, Lausanne, Suisse. Mobilier du XXe, design vintage\",\"publisher\":{\"@id\":\"https:\/\/www.kissthedesign.ch\/en\/#organization\"},\"potentialAction\":[{\"@type\":\"SearchAction\",\"target\":{\"@type\":\"EntryPoint\",\"urlTemplate\":\"https:\/\/www.kissthedesign.ch\/en\/?s={search_term_string}\"},\"query-input\":{\"@type\":\"PropertyValueSpecification\",\"valueRequired\":true,\"valueName\":\"search_term_string\"}}],\"inLanguage\":\"de\"},{\"@type\":\"Organization\",\"@id\":\"https:\/\/www.kissthedesign.ch\/en\/#organization\",\"name\":\"Kissthedesign\",\"url\":\"https:\/\/www.kissthedesign.ch\/en\/\",\"logo\":{\"@type\":\"ImageObject\",\"inLanguage\":\"de\",\"@id\":\"https:\/\/www.kissthedesign.ch\/en\/#\/schema\/logo\/image\/\",\"url\":\"https:\/\/www.kissthedesign.ch\/wp\/wp-content\/uploads\/2016\/08\/ktd-logo-web.jpg\",\"contentUrl\":\"https:\/\/www.kissthedesign.ch\/wp\/wp-content\/uploads\/2016\/08\/ktd-logo-web.jpg\",\"width\":450,\"height\":167,\"caption\":\"Kissthedesign\"},\"image\":{\"@id\":\"https:\/\/www.kissthedesign.ch\/en\/#\/schema\/logo\/image\/\"}}]}<\/script>\n<!-- \/ Yoast SEO plugin. -->","yoast_head_json":{"title":"Ankauf von Designklassikern | Kissthedesign, Lausanne, Schweiz","description":"Kissthedesign, in der Schweiz, kauft Ihre Designklassiker an. Ankauf von vintage M\u00f6beln, Leuchten, Objekten aus den 30er, 40er, 50er, 60er, 70er, 80er, Bauhaus, Art Deco.","robots":{"index":"index","follow":"follow","max-snippet":"max-snippet:-1","max-image-preview":"max-image-preview:large","max-video-preview":"max-video-preview:-1"},"canonical":"https:\/\/www.kissthedesign.ch\/de\/designklassiker-ankauf\/","og_locale":"de_DE","og_type":"article","og_title":"Ankauf von Designklassikern | Kissthedesign, Lausanne, Schweiz","og_description":"Kissthedesign, in der Schweiz, kauft Ihre Designklassiker an. Ankauf von vintage M\u00f6beln, Leuchten, Objekten aus den 30er, 40er, 50er, 60er, 70er, 80er, Bauhaus, Art Deco.","og_url":"https:\/\/www.kissthedesign.ch\/de\/designklassiker-ankauf\/","og_site_name":"kissthedesign","article_modified_time":"2016-07-31T19:19:53+00:00","twitter_misc":{"Gesch\u00e4tzte Lesezeit":"2\u00a0Minuten"},"schema":{"@context":"https:\/\/schema.org","@graph":[{"@type":"WebPage","@id":"https:\/\/www.kissthedesign.ch\/de\/designklassiker-ankauf\/","url":"https:\/\/www.kissthedesign.ch\/de\/designklassiker-ankauf\/","name":"Ankauf von Designklassikern | Kissthedesign, Lausanne, Schweiz","isPartOf":{"@id":"https:\/\/www.kissthedesign.ch\/en\/#website"},"datePublished":"2014-07-20T17:35:31+00:00","dateModified":"2016-07-31T19:19:53+00:00","description":"Kissthedesign, in der Schweiz, kauft Ihre Designklassiker an. Ankauf von vintage M\u00f6beln, Leuchten, Objekten aus den 30er, 40er, 50er, 60er, 70er, 80er, Bauhaus, Art Deco.","breadcrumb":{"@id":"https:\/\/www.kissthedesign.ch\/de\/designklassiker-ankauf\/#breadcrumb"},"inLanguage":"de","potentialAction":[{"@type":"ReadAction","target":["https:\/\/www.kissthedesign.ch\/de\/designklassiker-ankauf\/"]}]},{"@type":"BreadcrumbList","@id":"https:\/\/www.kissthedesign.ch\/de\/designklassiker-ankauf\/#breadcrumb","itemListElement":[{"@type":"ListItem","position":1,"name":"Accueil","item":"https:\/\/www.kissthedesign.ch\/de\/"},{"@type":"ListItem","position":2,"name":"Ankauf von Designklassikern"}]},{"@type":"WebSite","@id":"https:\/\/www.kissthedesign.ch\/en\/#website","url":"https:\/\/www.kissthedesign.ch\/en\/","name":"kissthedesign","description":"Kissthedesign, Lausanne, Suisse. Mobilier du XXe, design vintage","publisher":{"@id":"https:\/\/www.kissthedesign.ch\/en\/#organization"},"potentialAction":[{"@type":"SearchAction","target":{"@type":"EntryPoint","urlTemplate":"https:\/\/www.kissthedesign.ch\/en\/?s={search_term_string}"},"query-input":{"@type":"PropertyValueSpecification","valueRequired":true,"valueName":"search_term_string"}}],"inLanguage":"de"},{"@type":"Organization","@id":"https:\/\/www.kissthedesign.ch\/en\/#organization","name":"Kissthedesign","url":"https:\/\/www.kissthedesign.ch\/en\/","logo":{"@type":"ImageObject","inLanguage":"de","@id":"https:\/\/www.kissthedesign.ch\/en\/#\/schema\/logo\/image\/","url":"https:\/\/www.kissthedesign.ch\/wp\/wp-content\/uploads\/2016\/08\/ktd-logo-web.jpg","contentUrl":"https:\/\/www.kissthedesign.ch\/wp\/wp-content\/uploads\/2016\/08\/ktd-logo-web.jpg","width":450,"height":167,"caption":"Kissthedesign"},"image":{"@id":"https:\/\/www.kissthedesign.ch\/en\/#\/schema\/logo\/image\/"}}]}},"_links":{"self":[{"href":"https:\/\/www.kissthedesign.ch\/de\/wp-json\/wp\/v2\/pages\/12243","targetHints":{"allow":["GET"]}}],"collection":[{"href":"https:\/\/www.kissthedesign.ch\/de\/wp-json\/wp\/v2\/pages"}],"about":[{"href":"https:\/\/www.kissthedesign.ch\/de\/wp-json\/wp\/v2\/types\/page"}],"author":[{"embeddable":true,"href":"https:\/\/www.kissthedesign.ch\/de\/wp-json\/wp\/v2\/users\/17"}],"replies":[{"embeddable":true,"href":"https:\/\/www.kissthedesign.ch\/de\/wp-json\/wp\/v2\/comments?post=12243"}],"version-history":[{"count":0,"href":"https:\/\/www.kissthedesign.ch\/de\/wp-json\/wp\/v2\/pages\/12243\/revisions"}],"wp:attachment":[{"href":"https:\/\/www.kissthedesign.ch\/de\/wp-json\/wp\/v2\/media?parent=12243"}],"curies":[{"name":"wp","href":"https:\/\/api.w.org\/{rel}","templated":true}]}}