{"id":12285,"date":"2016-07-31T22:11:55","date_gmt":"2016-07-31T21:11:55","guid":{"rendered":"http:\/\/www.kissthedesign.ch\/?page_id=12285&#038;lang=de"},"modified":"2018-05-24T12:43:29","modified_gmt":"2018-05-24T11:43:29","slug":"agb-und-andere-dienstleistungen","status":"publish","type":"page","link":"https:\/\/www.kissthedesign.ch\/de\/agb-und-andere-dienstleistungen\/","title":{"rendered":"AGB und andere Dienstleistungen."},"content":{"rendered":"<div class=\"wpb-content-wrapper\"><p>[vc_row][vc_column][vc_column_text]<\/p>\n<h2><b><\/b><strong><u>Kissthedesign andere Dienstleistungen.<\/u><\/strong><\/h2>\n<p><strong>Suchauftrag f\u00fcr Designklassiker, vintage M\u00f6beln und Leuchten aus dem 20. Jahrhundert.<br \/>\n<\/strong>Wenn Sie auf der Suche nach ein bestimmten Artikel sind, die nicht auf unsere Webseite steht, k\u00f6nnen Sie Kissthedesign beauftragen, das gew\u00fcnschte St\u00fcck f\u00fcr Sie zu suchen Fragen Sie uns \u00fcber die Bedingungen.<\/p>\n<p><strong>Vermietung von Designst\u00fccke und Kunstwerke f\u00fcr Fotoshootings und home staging<br \/>\n<\/strong>Ein Teil des Sortiments kann f\u00fcr Ihren Filmdrehs, Fotoshootings oder Home staging Projekte gemietet werden. Tarif f\u00fcr 1 Tag 10% des Verkaufspreis, degressiver Tarif f\u00fcr l\u00e4ngere Dauer. Kontaktieren Sie uns um unsere Bedingungen zu befragen.<br \/>\nDiese Dienstleistung ist nur f\u00fcr die Schweiz verf\u00fcgbar.<\/p>\n<p>&nbsp;<\/p>\n<h2><strong><u>Allgemeine Gesch\u00e4ftsbedingungen (AGB) <\/u><\/strong><\/h2>\n<p>Die Preise verstehen sich in schweizer Franken (CHF), schweizer MWST 7.7% inkl.<br \/>\nMit seiner Bestellung akzeptiert der Kunde vorbehaltlos die Verkaufsbedingungen und die damit verbundene Datenschutzerkl\u00e4rung von Kissthedesign.<\/p>\n<p><strong>Ma\u00dfe und Abbildungen, usw.<\/strong><\/p>\n<p>S\u00e4mtliche Masse, Gewichte, Angaben und Abbildungen sowie Prospekte und Preislisten auf unserem Online-Shop sind unverbindlich. Die Beschreibung, technische Angaben und Preise der Produkte k\u00f6nnen jederzeit ge\u00e4ndert werden. Modell\u00e4nderungen, typographische oder graphische Fehler, Irrt\u00fcmer in den Produktbeschreibungen, bei den Preisen und den technischen Angaben bleiben vorbehalten.<\/p>\n<p>&nbsp;<\/p>\n<p><strong><span style=\"color: #000000; text-decoration: underline;\">Versand \/ Lieferung<\/span><\/strong><\/p>\n<p><strong>Lieferung in der Schweiz:<\/strong><\/p>\n<p>Kissthedesign beliefert mit verschiedenen Spediteure zu unterschiedlichen Preisen und Bedingungen von 0 bis 300 CHF je nach Lieferadresse oder Produkte. Die Lieferung oder Versand erfolgt erst nach Eingang des Gesamtbetrags.<\/p>\n<p>Der Kunde tr\u00e4gt die alleinige Verantwortung f\u00fcr die Richtigkeit und Aktualit\u00e4t der Adresse, dass er Kissthedesign angibt. Wir k\u00f6nnen daher nicht haftbar gemacht werden, wenn ein Produkt aufgrund einer fehlerhaften oder veralteten Adresse nicht geliefert wird.<\/p>\n<p>Die angegebene Lieferpreise beinhalten f\u00fcr sperrige oder schwere Produkte die Lieferung vor die erste Haust\u00fcre des Hauses oder im Erdgescho\u00df. Kontaktieren Sie uns, um einen Kostenvoranschlag f\u00fcr eine Lieferung bis in Ihre Wohnung, B\u00fcro, usw zu bekommen.<\/p>\n<p><strong>Internationale Lieferung:<\/strong><\/p>\n<p>Grunds\u00e4tzlich k\u00f6nnen nur Bestellungen mit Lieferadressen in der Schweiz auf www.kissthedesign.ch aufgenommen werden. Auf Anfrage k\u00f6nnen wir Ihnen jedoch f\u00fcr einen Versand in weitere L\u00e4nder eine individuelle Offerte machen. Kontaktieren Sie uns bitte hierf\u00fcr per E-Mail unter <a href=\"mailto:info@kissthedesign.ch\">info@kissthedesign.ch<\/a>, durch das Kontaktformular auf die Produktseite oder telefonisch unter +41 (0)21 312 14 80.<\/p>\n<p><strong>Abholung im Laden<\/strong><\/p>\n<p>Alle Produkte k\u00f6nnen ohne Versand-, oder Lieferkosten bei Kissthedesign im Laden in Avenue de Rumine 4, CH-1005 Lausanne abgeholt werden.<\/p>\n<p>&nbsp;<\/p>\n<p><strong>Lieferfristen<\/strong><\/p>\n<p>Lieferzeitangaben werden von Kissthedesign m\u00f6glichst genau gemacht, sind aber stets unverbindlich. Kann Kissthedesign einen Liefertermin nicht einhalten, ist der K\u00e4ufer nicht berechtigt, die Bestellung zu widerrufen oder irgendwelche Schadenersatzanspr\u00fcche geltend zu machen.<\/p>\n<p>&nbsp;<\/p>\n<p><strong><span style=\"color: #000000; text-decoration: underline;\">Zahlungskonditionen<\/span><\/strong><\/p>\n<p>Kissthedesign bietet folgende Zahlungsmethode:<\/p>\n<p><strong>Im Laden, Av. de Rumine 4, CH-1005 Lausanne:<\/strong><\/p>\n<p>Barzahlung<br \/>\nBankkarten Maestro und Postcard<br \/>\nKreditkarten<br \/>\nTwint<br \/>\nRechnung f\u00fcr Bank\u00fcberweisung<br \/>\nTeilzahlung<\/p>\n<p><strong>Im Online-Shop:<\/strong><\/p>\n<p>Rechnung f\u00fcr Bank\u00fcberweisung. Sie bekommen eine PDF Rechnung per E-Mail f\u00fcr die Vorauszahlung mit Bank\u00fcberweisung.<br \/>\nKreditkarte. Sichere Zahlung mit Stripe<br \/>\nPaypal. Sichere Zahlung mit Ihrem Paypalkonto<\/p>\n<p><strong>Die Ware bleibt bis zur vollst\u00e4ndigen Bezahlung Eigentum von Kissthedesign.<\/strong><\/p>\n<p>&nbsp;<\/p>\n<p><strong><span style=\"color: #000000; text-decoration: underline;\">Garantien<\/span><\/strong><\/p>\n<p><strong>Vintage M\u00f6bel und Leuchten:<\/strong><\/p>\n<p>Kissthedesign verkauft keine Replikate! Als Designexperte k\u00f6nnen wir gerne Zertifikate auf Anfrage anfertigen.<\/p>\n<p>Wir liegen sehr viel Wert auf Qualit\u00e4t und versuchen immer Artikeln in gutem Zustand auszuw\u00e4hlen. Da es sich um M\u00f6beln aus der Zeit handelt, tragen sie Gebrauchspuren, sobald die Gebrauchspuren st\u00e4rker sind, als man es f\u00fcr den Alter erwarten kann, werden sie beschrieben. Der gute Betriebszustand den Lampen ist getestet.<\/p>\n<p>Die Vintagest\u00fccke sind Second Hand und somit werden ohne Garantie verkauft, au\u00dfer die von Authentizit\u00e4t.<\/p>\n<p><strong>Neuware:<\/strong><\/p>\n<p>Die Reeditionen sind keine Kopie sondern lizenzierte Designerst\u00fccke, als Neuware werden sie von den Garantien verschiedenen Herstellern abgedeckt.<\/p>\n<p>Die Gew\u00e4hrleistung ist ausgeschlossen f\u00fcr Sch\u00e4den, die auf normale Abn\u00fctzung oder auf unsachgem\u00e4ssen Gebrauch sowie sonstiges Verschulden des K\u00e4ufers zur\u00fcckzuf\u00fchren sind. Weiter ist die Gew\u00e4hrleistung ausgeschlossen, wenn der Kunde oder Dritte an der Ware Reparaturen oder \u00c4nderungen vorgenommen haben.<br \/>\nWerden vom K\u00e4ufer berechtigte M\u00e4ngel im Sinne dieser Bestimmungen schriftlich geltend gemacht, hat Kissthedesign die Wahl, die M\u00e4ngel auszubessern oder die fehlerhafte Ware oder Teile davon durch neue zu ersetzten. Die Dauer der Gew\u00e4hrleistung wird durch die allf\u00e4llige Ausbesserung oder Ersatzlieferung nicht erneuert oder verl\u00e4ngert.<br \/>\nWeitergehende Anspr\u00fcche des K\u00e4ufers, einschliesslich entgangenen Gewinns, Mangelfolgesch\u00e4den oder sonstigen Verm\u00f6genssch\u00e4den sind im Rahmen des gesetzlichen Zul\u00e4ssigen ausdr\u00fccklich ausgeschlossen. Garantier\u00fccksendungen gehen in der Regel an den Hersteller. Die R\u00fccksendekosten sind vom Kunden zu tragen.<\/p>\n<p>Abbildungen und Beschreibungen der Ware auf unserer (und\/oder unserer Lieferanten) Webseite, Preislisten und Katalogen sind f\u00fcr die Ausf\u00fchrung der gelieferten Ware nicht verbindlich; Kissthedesign sowie deren Lieferanten behalten sich vor, jederzeit Konstruktions\u00e4nderungen und Strukturabweichungen sowie andere Abweichungen vorzunehmen.<\/p>\n<p><strong>Kunstwerke oder limitierte Designerst\u00fccke:<\/strong><\/p>\n<p>Die zeitgen\u00f6ssische Designerst\u00fccke in limitierte Auflage, werden als Kunstwerke verstanden, und somit werden ohne Garantie verkauft, au\u00dfer die von Authentizit\u00e4t.<\/p>\n<p>&nbsp;<\/p>\n<p><strong>Beanstandung<\/strong><\/p>\n<p>Beanstandungen in Bezug auf die Beschaffenheit oder der Menge der gelieferten Ware sind Kissthedesign unmittelbar ( sp\u00e4testens 3 Tage nach Empfang, ansonsten gilt die Ware als einwandfrei und angenommen) nach Empfang der Ware, mitzuteilen (per E-Mail mit Fotonachweis an: <a href=\"mailto:info@kissthedesign.ch\">info@kissthedesign.ch<\/a>)<\/p>\n<p>Gleiches betrifft Transportsch\u00e4den. Zudem hat der K\u00e4ufer bei einer nicht intakten Verpackung dieses dem Transportunternehmen umgehend zu melden und den Befund in einem schriftlichen Protokoll festzuhalten. Bitte Ware genau pr\u00fcfen bevor Unterzeichnung des Abnahmeprotokoll.\u00a0Wandelung und Minderung sind ausgeschlossen. Die R\u00fccknahme defekter Artikel ist nur in Originalverpackung m\u00f6glich.<\/p>\n<p>Transportsch\u00e4den hat der K\u00e4ufer dem Transportunternehmen, das die Ware geliefert hat, unverz\u00fcglich schriftlich mitzuteilen (z.B. auf dem Abnahmeprotokoll der Spedition) und Kissthedesign davon zu unterrichten.<\/p>\n<p>&nbsp;<\/p>\n<p><strong>R\u00fcckgabe<\/strong><\/p>\n<p>Jedes Produkt wird vor der Zusendung von uns sorgf\u00e4ltig kontrolliert.<br \/>\nDie R\u00fccksendung Neuware sind nur im Falle von Material- oder Herstellungsfehlern m\u00f6glich (Vintage ausgeschlossen). Bitte kontaktieren Sie uns umgehend in einem solchen Fall. Eine zur\u00fcckgesendete Ware wird nicht angenommen, wenn Kissthedesign die R\u00fccksendung vorher nicht zugestimmt hat.<br \/>\nDie zur\u00fcckgeschickte Ware muss in der Originalverpackung sein.<br \/>\nDas Stornieren einer laufenden Bestellung ist nicht m\u00f6glich.<\/p>\n<p>&nbsp;<\/p>\n<p><strong>Urheberecht<\/strong><\/p>\n<p>Jede Verwertung von Abbildungen, Gestaltung und Texten aus www.kissthedesign.ch ist ohne unsere schriftliche Genehmigung verboten.<\/p>\n<p>&nbsp;<\/p>\n<p><strong>Haftung<\/strong><\/p>\n<p>Kissthedesign erkl\u00e4rt sich ausdr\u00fccklich f\u00fcr Sch\u00e4den jeglicher Art, die Ihnen, oder jeglicher dritten Person oder Sache durch die Nutzung oder den Missbrauch der Ware entstehen k\u00f6nnten, nicht verantwortlich.<\/p>\n<p>&nbsp;<\/p>\n<p><strong>\u00c4nderungen<\/strong><b><br \/>\n<\/b><\/p>\n<p>Kissthedesign ist jederzeit berechtigt, ihre Allgemeinen Verkaufs- und Lieferbedingungen sowie Datenschutzerkl\u00e4rung durch Mitteilung an den K\u00e4ufer oder Publikation auf der Webseite kissthedesign.ch. abzu\u00e4ndern.<\/p>\n<p>&nbsp;<\/p>\n<p><strong>Sprachen<\/strong><\/p>\n<p>Die AGB und Datenschutzerkl\u00e4rung sind in franz\u00f6sischer, englischer und deutscher Sprache verfasst. Bei widerspr\u00fcchlichen Angaben ist die franz\u00f6sische Fassung massgebend.<\/p>\n<p>&nbsp;<\/p>\n<p><strong>Gerichtsstand<\/strong><\/p>\n<p>Gerichtsstand ist Lausanne. Es gilt schweizerisches Recht.<\/p>\n<p>&nbsp;<\/p>\n<p><strong>Impressum<\/strong><\/p>\n<p>Kissthedesign<br \/>\nAvenue de Rumine 4<br \/>\n1005 Lausanne<br \/>\nSchweiz<\/p>\n<p>Tel: +41 (0)21 312 14 80<br \/>\n<a href=\"mailto:info@kissthedesign.ch\">info@kissthedesign.ch<\/a><\/p>\n<p>IDE CHE-115.548.164<br \/>\nHandelsregisternummer CH-550.1.065.771-7<br \/>\nMwSt Nr. CHE-115.548.164 TVA[\/vc_column_text]\n<div class=\"wpcf7 no-js\" id=\"wpcf7-f12225-o1\" lang=\"fr-FR\" dir=\"ltr\" data-wpcf7-id=\"12225\">\n<div class=\"screen-reader-response\"><p role=\"status\" aria-live=\"polite\" aria-atomic=\"true\"><\/p> <ul><\/ul><\/div>\n<form action=\"\/de\/wp-json\/wp\/v2\/pages\/12285#wpcf7-f12225-o1\" method=\"post\" class=\"wpcf7-form init\" aria-label=\"Formulaire de contact\" novalidate=\"novalidate\" data-status=\"init\">\n<fieldset class=\"hidden-fields-container\"><input type=\"hidden\" name=\"_wpcf7\" value=\"12225\" \/><input type=\"hidden\" name=\"_wpcf7_version\" value=\"6.1.5\" \/><input type=\"hidden\" name=\"_wpcf7_locale\" value=\"fr_FR\" \/><input type=\"hidden\" name=\"_wpcf7_unit_tag\" value=\"wpcf7-f12225-o1\" \/><input type=\"hidden\" name=\"_wpcf7_container_post\" value=\"0\" \/><input type=\"hidden\" name=\"_wpcf7_posted_data_hash\" value=\"\" \/><input type=\"hidden\" name=\"_wpcf7_recaptcha_response\" value=\"\" \/>\n<\/fieldset>\n\n<!-- CF7 Modules -->\n<div style='display:none;'><input type=\"hidden\" class=\"wpcf7-form-control wpcf7-hidden\" name=\"hidden-931\" placeholder=\"\" value=\"AGB und andere Dienstleistungen.\" \/>\n<\/div>\n<!-- End CF7 Modules -->\n\n<p><b>Kontaktieren Sie uns \u00fcber diesen Artikel<\/b>\n<\/p>\n<p>Ihre Name (Pflichtfeld)\n<\/p>\n<p><span class=\"wpcf7-form-control-wrap\" data-name=\"your-name\"><input size=\"40\" maxlength=\"400\" class=\"wpcf7-form-control wpcf7-text wpcf7-validates-as-required\" aria-required=\"true\" aria-invalid=\"false\" value=\"\" type=\"text\" name=\"your-name\" \/><\/span>\n<\/p>\n<p>Ihre Email (Pflichtfeld)\n<\/p>\n<p><span class=\"wpcf7-form-control-wrap\" data-name=\"your-email\"><input size=\"40\" maxlength=\"400\" class=\"wpcf7-form-control wpcf7-email wpcf7-validates-as-required wpcf7-text wpcf7-validates-as-email\" aria-required=\"true\" aria-invalid=\"false\" value=\"\" type=\"email\" name=\"your-email\" \/><\/span>\n<\/p>\n<p>Ihre Nachricht\n<\/p>\n<p><span class=\"wpcf7-form-control-wrap\" data-name=\"your-message\"><textarea cols=\"40\" rows=\"10\" maxlength=\"2000\" class=\"wpcf7-form-control wpcf7-textarea\" aria-invalid=\"false\" name=\"your-message\"><\/textarea><\/span>\n<\/p>\n<p>Die von Ihnen eingegebenen und mit diesem Formular gesendeten Daten werden gespeichert, aber werden nie verkauft oder an Dritte weitergegeben.\n<\/p>\n<p><span class=\"wpcf7-form-control-wrap\" data-name=\"checkbox-296\"><span class=\"wpcf7-form-control wpcf7-checkbox wpcf7-validates-as-required\"><span class=\"wpcf7-list-item first last\"><input type=\"checkbox\" name=\"checkbox-296[]\" value=\"Ich akzeptiere\" \/><span class=\"wpcf7-list-item-label\">Ich akzeptiere<\/span><\/span><\/span><\/span>\n<\/p>\n<p><input class=\"wpcf7-form-control wpcf7-submit has-spinner\" type=\"submit\" value=\"Senden\" \/>\n<\/p><div class=\"wpcf7-response-output\" aria-hidden=\"true\"><\/div>\n<\/form>\n<\/div>\n[\/vc_column][\/vc_row]<\/p>\n<\/div>","protected":false},"excerpt":{"rendered":"<p>[vc_row][vc_column][vc_column_text] Kissthedesign andere Dienstleistungen. Suchauftrag f\u00fcr Designklassiker, vintage M\u00f6beln und Leuchten aus dem 20. Jahrhundert. Wenn Sie auf der Suche<\/p>\n","protected":false},"author":17,"featured_media":0,"parent":0,"menu_order":0,"comment_status":"closed","ping_status":"closed","template":"","meta":{"_monsterinsights_skip_tracking":false,"_monsterinsights_sitenote_active":false,"_monsterinsights_sitenote_note":"","_monsterinsights_sitenote_category":0,"footnotes":""},"class_list":["post-12285","page","type-page","status-publish","hentry"],"yoast_head":"<!-- This site is optimized with the Yoast SEO plugin v25.3.1 - https:\/\/yoast.com\/wordpress\/plugins\/seo\/ -->\n<title>AGB und andere Dienstleistungen | Designladen, Lausanne, Schweiz<\/title>\n<meta name=\"description\" content=\"Allgemeine Gesch\u00e4ftsbedingungen (AGB) und andere Dienstleistungen von Kissthedesign. Designladen f\u00fcr vintage M\u00f6beln und Leuchten in der Schweiz.\" \/>\n<meta name=\"robots\" content=\"index, follow, max-snippet:-1, max-image-preview:large, max-video-preview:-1\" \/>\n<link rel=\"canonical\" href=\"https:\/\/www.kissthedesign.ch\/de\/agb-und-andere-dienstleistungen\/\" \/>\n<meta property=\"og:locale\" content=\"de_DE\" \/>\n<meta property=\"og:type\" content=\"article\" \/>\n<meta property=\"og:title\" content=\"AGB und andere Dienstleistungen | Designladen, Lausanne, Schweiz\" \/>\n<meta property=\"og:description\" content=\"Allgemeine Gesch\u00e4ftsbedingungen (AGB) und andere Dienstleistungen von Kissthedesign. Designladen f\u00fcr vintage M\u00f6beln und Leuchten in der Schweiz.\" \/>\n<meta property=\"og:url\" content=\"https:\/\/www.kissthedesign.ch\/de\/agb-und-andere-dienstleistungen\/\" \/>\n<meta property=\"og:site_name\" content=\"kissthedesign\" \/>\n<meta property=\"article:modified_time\" content=\"2018-05-24T11:43:29+00:00\" \/>\n<meta name=\"twitter:label1\" content=\"Gesch\u00e4tzte Lesezeit\" \/>\n\t<meta name=\"twitter:data1\" content=\"6\u00a0Minuten\" \/>\n<script type=\"application\/ld+json\" class=\"yoast-schema-graph\">{\"@context\":\"https:\/\/schema.org\",\"@graph\":[{\"@type\":\"WebPage\",\"@id\":\"https:\/\/www.kissthedesign.ch\/de\/agb-und-andere-dienstleistungen\/\",\"url\":\"https:\/\/www.kissthedesign.ch\/de\/agb-und-andere-dienstleistungen\/\",\"name\":\"AGB und andere Dienstleistungen | Designladen, Lausanne, Schweiz\",\"isPartOf\":{\"@id\":\"https:\/\/www.kissthedesign.ch\/en\/#website\"},\"datePublished\":\"2016-07-31T21:11:55+00:00\",\"dateModified\":\"2018-05-24T11:43:29+00:00\",\"description\":\"Allgemeine Gesch\u00e4ftsbedingungen (AGB) und andere Dienstleistungen von Kissthedesign. Designladen f\u00fcr vintage M\u00f6beln und Leuchten in der Schweiz.\",\"breadcrumb\":{\"@id\":\"https:\/\/www.kissthedesign.ch\/de\/agb-und-andere-dienstleistungen\/#breadcrumb\"},\"inLanguage\":\"de\",\"potentialAction\":[{\"@type\":\"ReadAction\",\"target\":[\"https:\/\/www.kissthedesign.ch\/de\/agb-und-andere-dienstleistungen\/\"]}]},{\"@type\":\"BreadcrumbList\",\"@id\":\"https:\/\/www.kissthedesign.ch\/de\/agb-und-andere-dienstleistungen\/#breadcrumb\",\"itemListElement\":[{\"@type\":\"ListItem\",\"position\":1,\"name\":\"Accueil\",\"item\":\"https:\/\/www.kissthedesign.ch\/de\/\"},{\"@type\":\"ListItem\",\"position\":2,\"name\":\"AGB und andere Dienstleistungen.\"}]},{\"@type\":\"WebSite\",\"@id\":\"https:\/\/www.kissthedesign.ch\/en\/#website\",\"url\":\"https:\/\/www.kissthedesign.ch\/en\/\",\"name\":\"kissthedesign\",\"description\":\"Kissthedesign, Lausanne, Suisse. Mobilier du XXe, design vintage\",\"publisher\":{\"@id\":\"https:\/\/www.kissthedesign.ch\/en\/#organization\"},\"potentialAction\":[{\"@type\":\"SearchAction\",\"target\":{\"@type\":\"EntryPoint\",\"urlTemplate\":\"https:\/\/www.kissthedesign.ch\/en\/?s={search_term_string}\"},\"query-input\":{\"@type\":\"PropertyValueSpecification\",\"valueRequired\":true,\"valueName\":\"search_term_string\"}}],\"inLanguage\":\"de\"},{\"@type\":\"Organization\",\"@id\":\"https:\/\/www.kissthedesign.ch\/en\/#organization\",\"name\":\"Kissthedesign\",\"url\":\"https:\/\/www.kissthedesign.ch\/en\/\",\"logo\":{\"@type\":\"ImageObject\",\"inLanguage\":\"de\",\"@id\":\"https:\/\/www.kissthedesign.ch\/en\/#\/schema\/logo\/image\/\",\"url\":\"https:\/\/www.kissthedesign.ch\/wp\/wp-content\/uploads\/2016\/08\/ktd-logo-web.jpg\",\"contentUrl\":\"https:\/\/www.kissthedesign.ch\/wp\/wp-content\/uploads\/2016\/08\/ktd-logo-web.jpg\",\"width\":450,\"height\":167,\"caption\":\"Kissthedesign\"},\"image\":{\"@id\":\"https:\/\/www.kissthedesign.ch\/en\/#\/schema\/logo\/image\/\"}}]}<\/script>\n<!-- \/ Yoast SEO plugin. -->","yoast_head_json":{"title":"AGB und andere Dienstleistungen | Designladen, Lausanne, Schweiz","description":"Allgemeine Gesch\u00e4ftsbedingungen (AGB) und andere Dienstleistungen von Kissthedesign. Designladen f\u00fcr vintage M\u00f6beln und Leuchten in der Schweiz.","robots":{"index":"index","follow":"follow","max-snippet":"max-snippet:-1","max-image-preview":"max-image-preview:large","max-video-preview":"max-video-preview:-1"},"canonical":"https:\/\/www.kissthedesign.ch\/de\/agb-und-andere-dienstleistungen\/","og_locale":"de_DE","og_type":"article","og_title":"AGB und andere Dienstleistungen | Designladen, Lausanne, Schweiz","og_description":"Allgemeine Gesch\u00e4ftsbedingungen (AGB) und andere Dienstleistungen von Kissthedesign. Designladen f\u00fcr vintage M\u00f6beln und Leuchten in der Schweiz.","og_url":"https:\/\/www.kissthedesign.ch\/de\/agb-und-andere-dienstleistungen\/","og_site_name":"kissthedesign","article_modified_time":"2018-05-24T11:43:29+00:00","twitter_misc":{"Gesch\u00e4tzte Lesezeit":"6\u00a0Minuten"},"schema":{"@context":"https:\/\/schema.org","@graph":[{"@type":"WebPage","@id":"https:\/\/www.kissthedesign.ch\/de\/agb-und-andere-dienstleistungen\/","url":"https:\/\/www.kissthedesign.ch\/de\/agb-und-andere-dienstleistungen\/","name":"AGB und andere Dienstleistungen | Designladen, Lausanne, Schweiz","isPartOf":{"@id":"https:\/\/www.kissthedesign.ch\/en\/#website"},"datePublished":"2016-07-31T21:11:55+00:00","dateModified":"2018-05-24T11:43:29+00:00","description":"Allgemeine Gesch\u00e4ftsbedingungen (AGB) und andere Dienstleistungen von Kissthedesign. Designladen f\u00fcr vintage M\u00f6beln und Leuchten in der Schweiz.","breadcrumb":{"@id":"https:\/\/www.kissthedesign.ch\/de\/agb-und-andere-dienstleistungen\/#breadcrumb"},"inLanguage":"de","potentialAction":[{"@type":"ReadAction","target":["https:\/\/www.kissthedesign.ch\/de\/agb-und-andere-dienstleistungen\/"]}]},{"@type":"BreadcrumbList","@id":"https:\/\/www.kissthedesign.ch\/de\/agb-und-andere-dienstleistungen\/#breadcrumb","itemListElement":[{"@type":"ListItem","position":1,"name":"Accueil","item":"https:\/\/www.kissthedesign.ch\/de\/"},{"@type":"ListItem","position":2,"name":"AGB und andere Dienstleistungen."}]},{"@type":"WebSite","@id":"https:\/\/www.kissthedesign.ch\/en\/#website","url":"https:\/\/www.kissthedesign.ch\/en\/","name":"kissthedesign","description":"Kissthedesign, Lausanne, Suisse. Mobilier du XXe, design vintage","publisher":{"@id":"https:\/\/www.kissthedesign.ch\/en\/#organization"},"potentialAction":[{"@type":"SearchAction","target":{"@type":"EntryPoint","urlTemplate":"https:\/\/www.kissthedesign.ch\/en\/?s={search_term_string}"},"query-input":{"@type":"PropertyValueSpecification","valueRequired":true,"valueName":"search_term_string"}}],"inLanguage":"de"},{"@type":"Organization","@id":"https:\/\/www.kissthedesign.ch\/en\/#organization","name":"Kissthedesign","url":"https:\/\/www.kissthedesign.ch\/en\/","logo":{"@type":"ImageObject","inLanguage":"de","@id":"https:\/\/www.kissthedesign.ch\/en\/#\/schema\/logo\/image\/","url":"https:\/\/www.kissthedesign.ch\/wp\/wp-content\/uploads\/2016\/08\/ktd-logo-web.jpg","contentUrl":"https:\/\/www.kissthedesign.ch\/wp\/wp-content\/uploads\/2016\/08\/ktd-logo-web.jpg","width":450,"height":167,"caption":"Kissthedesign"},"image":{"@id":"https:\/\/www.kissthedesign.ch\/en\/#\/schema\/logo\/image\/"}}]}},"_links":{"self":[{"href":"https:\/\/www.kissthedesign.ch\/de\/wp-json\/wp\/v2\/pages\/12285","targetHints":{"allow":["GET"]}}],"collection":[{"href":"https:\/\/www.kissthedesign.ch\/de\/wp-json\/wp\/v2\/pages"}],"about":[{"href":"https:\/\/www.kissthedesign.ch\/de\/wp-json\/wp\/v2\/types\/page"}],"author":[{"embeddable":true,"href":"https:\/\/www.kissthedesign.ch\/de\/wp-json\/wp\/v2\/users\/17"}],"replies":[{"embeddable":true,"href":"https:\/\/www.kissthedesign.ch\/de\/wp-json\/wp\/v2\/comments?post=12285"}],"version-history":[{"count":0,"href":"https:\/\/www.kissthedesign.ch\/de\/wp-json\/wp\/v2\/pages\/12285\/revisions"}],"wp:attachment":[{"href":"https:\/\/www.kissthedesign.ch\/de\/wp-json\/wp\/v2\/media?parent=12285"}],"curies":[{"name":"wp","href":"https:\/\/api.w.org\/{rel}","templated":true}]}}