{"id":12352,"date":"2016-07-12T19:58:39","date_gmt":"2016-07-12T18:58:39","guid":{"rendered":"http:\/\/www.kissthedesign.ch\/product\/dieter-waeckerlin-sideboard-b40-idealheim\/"},"modified":"2017-01-01T19:06:02","modified_gmt":"2017-01-01T18:06:02","slug":"waeckerlin-sideboard-b40-idealheim","status":"publish","type":"product","link":"https:\/\/www.kissthedesign.ch\/de\/produkt\/waeckerlin-sideboard-b40-idealheim\/","title":{"rendered":"Dieter W\u00e4ckerlin | Sideboard B40 | Idealheim"},"content":{"rendered":"<div class=\"wpb-content-wrapper\"><p>[vc_row][vc_column][vc_column_text]<\/p>\n<h2>Sideboard\u00a0B40, Dieter W\u00e4ckerlin, Idealheim,\u00a01958.<\/h2>\n<p>Sammlerst\u00fcck: extrem seltenes\u00a0Sideboard\u00a0(Highboard) von Dieter W\u00e4ckerlin mit 3 T\u00fcren und 3 Schubladen\u00a0Teak-Parkett furniert, Oben und\u00a0auf die Seiten\u00a0Kunsthartz belegt. Das\u00a0Korpus wird auf einen viekantigen\u00a0Gestell aus Metall,\u00a0schwarz lackiert,\u00a0verschraubt.<br \/>\nDas Innenleben zeigt viele Staur\u00e4ume: Regale, Schubladen und Flaschenablage. Mit Aufkleber des Herstellers auf den R\u00fccken.<\/p>\n<p>Das Exemplar wurde aus erste Hand im 1964 gekauft und ist\u00a0in sehr guten Zustand.<\/p>\n<p>Gr\u00f6\u00dfe: 200 x 52 cm, H\u00a0: 113 cm[\/vc_column_text][\/vc_column][\/vc_row][vc_row][vc_column]\n<div class=\"wpcf7 no-js\" id=\"wpcf7-f5-o1\" lang=\"fr-FR\" dir=\"ltr\" data-wpcf7-id=\"5\">\n<div class=\"screen-reader-response\"><p role=\"status\" aria-live=\"polite\" aria-atomic=\"true\"><\/p> <ul><\/ul><\/div>\n<form action=\"\/de\/wp-json\/wp\/v2\/product\/12352#wpcf7-f5-o1\" method=\"post\" class=\"wpcf7-form init\" aria-label=\"Formulaire de contact\" novalidate=\"novalidate\" data-status=\"init\">\n<fieldset class=\"hidden-fields-container\"><input type=\"hidden\" name=\"_wpcf7\" value=\"5\" \/><input type=\"hidden\" name=\"_wpcf7_version\" value=\"6.1.5\" \/><input type=\"hidden\" name=\"_wpcf7_locale\" value=\"fr_FR\" \/><input type=\"hidden\" name=\"_wpcf7_unit_tag\" value=\"wpcf7-f5-o1\" \/><input type=\"hidden\" name=\"_wpcf7_container_post\" value=\"0\" \/><input type=\"hidden\" name=\"_wpcf7_posted_data_hash\" value=\"\" \/><input type=\"hidden\" name=\"_wpcf7_recaptcha_response\" value=\"\" \/>\n<\/fieldset>\n\n<!-- CF7 Modules -->\n<div style='display:none;'><input type=\"hidden\" class=\"wpcf7-form-control wpcf7-hidden\" name=\"hidden-931\" placeholder=\"\" value=\"Dieter W\u00e4ckerlin | Sideboard B40 | Idealheim\" \/>\n<\/div>\n<!-- End CF7 Modules -->\n\n<p><b>Contactez nous au sujet de cet article<\/b>\n<\/p>\n<p>Votre nom (obligatoire)\n<\/p>\n<p><span class=\"wpcf7-form-control-wrap\" data-name=\"your-name\"><input size=\"40\" maxlength=\"400\" class=\"wpcf7-form-control wpcf7-text wpcf7-validates-as-required\" aria-required=\"true\" aria-invalid=\"false\" value=\"\" type=\"text\" name=\"your-name\" \/><\/span>\n<\/p>\n<p>Votre adresse E-mail (obligatoire)\n<\/p>\n<p><span class=\"wpcf7-form-control-wrap\" data-name=\"your-email\"><input size=\"40\" maxlength=\"400\" class=\"wpcf7-form-control wpcf7-email wpcf7-validates-as-required wpcf7-text wpcf7-validates-as-email\" aria-required=\"true\" aria-invalid=\"false\" value=\"\" type=\"email\" name=\"your-email\" \/><\/span>\n<\/p>\n<p>Votre message\n<\/p>\n<p><span class=\"wpcf7-form-control-wrap\" data-name=\"your-message\"><textarea cols=\"40\" rows=\"10\" maxlength=\"2000\" class=\"wpcf7-form-control wpcf7-textarea\" aria-invalid=\"false\" name=\"your-message\"><\/textarea><\/span>\n<\/p>\n<p>Les donn\u00e9es envoy\u00e9es avec ce formulaire seront stock\u00e9es, mais ne seront jamais vendues ni partag\u00e9es avec des tiers\n<\/p>\n<p><span class=\"wpcf7-form-control-wrap\" data-name=\"checkbox-532\"><span class=\"wpcf7-form-control wpcf7-checkbox wpcf7-validates-as-required\"><span class=\"wpcf7-list-item first last\"><input type=\"checkbox\" name=\"checkbox-532[]\" value=\"J&#039;accepte\" \/><span class=\"wpcf7-list-item-label\">J&#039;accepte<\/span><\/span><\/span><\/span>\n<\/p>\n<p><input class=\"wpcf7-form-control wpcf7-submit has-spinner\" type=\"submit\" value=\"Envoyer\" \/>\n<\/p><div class=\"wpcf7-response-output\" aria-hidden=\"true\"><\/div>\n<\/form>\n<\/div>\n[\/vc_column][\/vc_row]<\/p>\n<\/div>","protected":false},"excerpt":{"rendered":"<p>Gro\u00dfes Sideboard\u00a0(Highboard) mit 3 T\u00fcren und 3 Schubladen\u00a0Teak-Parkett furniert, Oben und auf die Seiten\u00a0Kunsthartz belegt. Das Korpus wird auf einen viekantigen\u00a0Gestell aus Metall,\u00a0schwarz lackiert,\u00a0verschraubt.<br \/>\nDas Innenleben zeigt viele Staur\u00e4ume: Regale, Schubladen und Flaschenablage. Mit Aufkleber des Herstellers auf den R\u00fccken.<\/p>\n<p>Das Exemplar wurde aus erste Hand im 1964 gekauft und ist in sehr guten Zustand.<\/p>\n<p>Gr\u00f6\u00dfe: 200 x 52 cm, H\u00a0: 113 cm<\/p>\n","protected":false},"featured_media":11966,"comment_status":"closed","ping_status":"closed","template":"","meta":{"_monsterinsights_skip_tracking":false,"_monsterinsights_sitenote_active":false,"_monsterinsights_sitenote_note":"","_monsterinsights_sitenote_category":0},"product_brand":[],"product_cat":[255],"product_tag":[532],"class_list":{"0":"post-12352","1":"product","2":"type-product","3":"status-publish","4":"has-post-thumbnail","6":"product_cat-archiv-de","7":"product_tag-schweizer-design","9":"first","10":"outofstock","11":"taxable","12":"shipping-taxable","13":"product-type-simple"},"yoast_head":"<!-- This site is optimized with the Yoast SEO plugin v25.3.1 - https:\/\/yoast.com\/wordpress\/plugins\/seo\/ -->\n<title>Sideboard | W\u00e4ckerlin | Idealheim | Designklassiker | Lausanne, Schweiz<\/title>\n<meta name=\"description\" content=\"Vintage Sideboard B40, Dieter W\u00e4ckerlin, Idealheim. Schweizer Design aus den 50er. Kissthedesign, Lausanne, Schweiz. Designladen f\u00fcr Designklassiker.\" \/>\n<meta name=\"robots\" content=\"index, follow, max-snippet:-1, max-image-preview:large, max-video-preview:-1\" \/>\n<link rel=\"canonical\" href=\"https:\/\/www.kissthedesign.ch\/de\/produkt\/waeckerlin-sideboard-b40-idealheim\/\" \/>\n<meta property=\"og:locale\" content=\"de_DE\" \/>\n<meta property=\"og:type\" content=\"article\" \/>\n<meta property=\"og:title\" content=\"Sideboard | W\u00e4ckerlin | Idealheim | Designklassiker | Lausanne, Schweiz\" \/>\n<meta property=\"og:description\" content=\"Vintage Sideboard B40, Dieter W\u00e4ckerlin, Idealheim. Schweizer Design aus den 50er. Kissthedesign, Lausanne, Schweiz. Designladen f\u00fcr Designklassiker.\" \/>\n<meta property=\"og:url\" content=\"https:\/\/www.kissthedesign.ch\/de\/produkt\/waeckerlin-sideboard-b40-idealheim\/\" \/>\n<meta property=\"og:site_name\" content=\"kissthedesign\" \/>\n<meta property=\"article:modified_time\" content=\"2017-01-01T18:06:02+00:00\" \/>\n<meta property=\"og:image\" content=\"https:\/\/www.kissthedesign.ch\/wp\/wp-content\/uploads\/2016\/07\/dieter-waeckerlin-sideboard-idealheim.jpg\" \/>\n\t<meta property=\"og:image:width\" content=\"1000\" \/>\n\t<meta property=\"og:image:height\" content=\"667\" \/>\n\t<meta property=\"og:image:type\" content=\"image\/jpeg\" \/>\n<meta name=\"twitter:label1\" content=\"Gesch\u00e4tzte Lesezeit\" \/>\n\t<meta name=\"twitter:data1\" content=\"1\u00a0Minute\" \/>\n<script type=\"application\/ld+json\" class=\"yoast-schema-graph\">{\"@context\":\"https:\/\/schema.org\",\"@graph\":[{\"@type\":\"WebPage\",\"@id\":\"https:\/\/www.kissthedesign.ch\/de\/produkt\/waeckerlin-sideboard-b40-idealheim\/\",\"url\":\"https:\/\/www.kissthedesign.ch\/de\/produkt\/waeckerlin-sideboard-b40-idealheim\/\",\"name\":\"Sideboard | W\u00e4ckerlin | Idealheim | Designklassiker | Lausanne, Schweiz\",\"isPartOf\":{\"@id\":\"https:\/\/www.kissthedesign.ch\/en\/#website\"},\"primaryImageOfPage\":{\"@id\":\"https:\/\/www.kissthedesign.ch\/de\/produkt\/waeckerlin-sideboard-b40-idealheim\/#primaryimage\"},\"image\":{\"@id\":\"https:\/\/www.kissthedesign.ch\/de\/produkt\/waeckerlin-sideboard-b40-idealheim\/#primaryimage\"},\"thumbnailUrl\":\"https:\/\/www.kissthedesign.ch\/wp\/wp-content\/uploads\/2016\/07\/dieter-waeckerlin-sideboard-idealheim.jpg\",\"datePublished\":\"2016-07-12T18:58:39+00:00\",\"dateModified\":\"2017-01-01T18:06:02+00:00\",\"description\":\"Vintage Sideboard B40, Dieter W\u00e4ckerlin, Idealheim. Schweizer Design aus den 50er. Kissthedesign, Lausanne, Schweiz. Designladen f\u00fcr Designklassiker.\",\"breadcrumb\":{\"@id\":\"https:\/\/www.kissthedesign.ch\/de\/produkt\/waeckerlin-sideboard-b40-idealheim\/#breadcrumb\"},\"inLanguage\":\"de\",\"potentialAction\":[{\"@type\":\"ReadAction\",\"target\":[\"https:\/\/www.kissthedesign.ch\/de\/produkt\/waeckerlin-sideboard-b40-idealheim\/\"]}]},{\"@type\":\"ImageObject\",\"inLanguage\":\"de\",\"@id\":\"https:\/\/www.kissthedesign.ch\/de\/produkt\/waeckerlin-sideboard-b40-idealheim\/#primaryimage\",\"url\":\"https:\/\/www.kissthedesign.ch\/wp\/wp-content\/uploads\/2016\/07\/dieter-waeckerlin-sideboard-idealheim.jpg\",\"contentUrl\":\"https:\/\/www.kissthedesign.ch\/wp\/wp-content\/uploads\/2016\/07\/dieter-waeckerlin-sideboard-idealheim.jpg\",\"width\":1000,\"height\":667,\"caption\":\"Sideboard B40, W\u00e4ckerlin, Idealheim\"},{\"@type\":\"BreadcrumbList\",\"@id\":\"https:\/\/www.kissthedesign.ch\/de\/produkt\/waeckerlin-sideboard-b40-idealheim\/#breadcrumb\",\"itemListElement\":[{\"@type\":\"ListItem\",\"position\":1,\"name\":\"Accueil\",\"item\":\"https:\/\/www.kissthedesign.ch\/de\/\"},{\"@type\":\"ListItem\",\"position\":2,\"name\":\"Laden\",\"item\":\"https:\/\/www.kissthedesign.ch\/de\/laden\/\"},{\"@type\":\"ListItem\",\"position\":3,\"name\":\"Dieter W\u00e4ckerlin | Sideboard B40 | Idealheim\"}]},{\"@type\":\"WebSite\",\"@id\":\"https:\/\/www.kissthedesign.ch\/en\/#website\",\"url\":\"https:\/\/www.kissthedesign.ch\/en\/\",\"name\":\"kissthedesign\",\"description\":\"Kissthedesign, Lausanne, Suisse. Mobilier du XXe, design vintage\",\"publisher\":{\"@id\":\"https:\/\/www.kissthedesign.ch\/en\/#organization\"},\"potentialAction\":[{\"@type\":\"SearchAction\",\"target\":{\"@type\":\"EntryPoint\",\"urlTemplate\":\"https:\/\/www.kissthedesign.ch\/en\/?s={search_term_string}\"},\"query-input\":{\"@type\":\"PropertyValueSpecification\",\"valueRequired\":true,\"valueName\":\"search_term_string\"}}],\"inLanguage\":\"de\"},{\"@type\":\"Organization\",\"@id\":\"https:\/\/www.kissthedesign.ch\/en\/#organization\",\"name\":\"Kissthedesign\",\"url\":\"https:\/\/www.kissthedesign.ch\/en\/\",\"logo\":{\"@type\":\"ImageObject\",\"inLanguage\":\"de\",\"@id\":\"https:\/\/www.kissthedesign.ch\/en\/#\/schema\/logo\/image\/\",\"url\":\"https:\/\/www.kissthedesign.ch\/wp\/wp-content\/uploads\/2016\/08\/ktd-logo-web.jpg\",\"contentUrl\":\"https:\/\/www.kissthedesign.ch\/wp\/wp-content\/uploads\/2016\/08\/ktd-logo-web.jpg\",\"width\":450,\"height\":167,\"caption\":\"Kissthedesign\"},\"image\":{\"@id\":\"https:\/\/www.kissthedesign.ch\/en\/#\/schema\/logo\/image\/\"}}]}<\/script>\n<!-- \/ Yoast SEO plugin. -->","yoast_head_json":{"title":"Sideboard | W\u00e4ckerlin | Idealheim | Designklassiker | Lausanne, Schweiz","description":"Vintage Sideboard B40, Dieter W\u00e4ckerlin, Idealheim. Schweizer Design aus den 50er. Kissthedesign, Lausanne, Schweiz. Designladen f\u00fcr Designklassiker.","robots":{"index":"index","follow":"follow","max-snippet":"max-snippet:-1","max-image-preview":"max-image-preview:large","max-video-preview":"max-video-preview:-1"},"canonical":"https:\/\/www.kissthedesign.ch\/de\/produkt\/waeckerlin-sideboard-b40-idealheim\/","og_locale":"de_DE","og_type":"article","og_title":"Sideboard | W\u00e4ckerlin | Idealheim | Designklassiker | Lausanne, Schweiz","og_description":"Vintage Sideboard B40, Dieter W\u00e4ckerlin, Idealheim. Schweizer Design aus den 50er. Kissthedesign, Lausanne, Schweiz. Designladen f\u00fcr Designklassiker.","og_url":"https:\/\/www.kissthedesign.ch\/de\/produkt\/waeckerlin-sideboard-b40-idealheim\/","og_site_name":"kissthedesign","article_modified_time":"2017-01-01T18:06:02+00:00","og_image":[{"width":1000,"height":667,"url":"https:\/\/www.kissthedesign.ch\/wp\/wp-content\/uploads\/2016\/07\/dieter-waeckerlin-sideboard-idealheim.jpg","type":"image\/jpeg"}],"twitter_misc":{"Gesch\u00e4tzte Lesezeit":"1\u00a0Minute"},"schema":{"@context":"https:\/\/schema.org","@graph":[{"@type":"WebPage","@id":"https:\/\/www.kissthedesign.ch\/de\/produkt\/waeckerlin-sideboard-b40-idealheim\/","url":"https:\/\/www.kissthedesign.ch\/de\/produkt\/waeckerlin-sideboard-b40-idealheim\/","name":"Sideboard | W\u00e4ckerlin | Idealheim | Designklassiker | Lausanne, Schweiz","isPartOf":{"@id":"https:\/\/www.kissthedesign.ch\/en\/#website"},"primaryImageOfPage":{"@id":"https:\/\/www.kissthedesign.ch\/de\/produkt\/waeckerlin-sideboard-b40-idealheim\/#primaryimage"},"image":{"@id":"https:\/\/www.kissthedesign.ch\/de\/produkt\/waeckerlin-sideboard-b40-idealheim\/#primaryimage"},"thumbnailUrl":"https:\/\/www.kissthedesign.ch\/wp\/wp-content\/uploads\/2016\/07\/dieter-waeckerlin-sideboard-idealheim.jpg","datePublished":"2016-07-12T18:58:39+00:00","dateModified":"2017-01-01T18:06:02+00:00","description":"Vintage Sideboard B40, Dieter W\u00e4ckerlin, Idealheim. Schweizer Design aus den 50er. Kissthedesign, Lausanne, Schweiz. Designladen f\u00fcr Designklassiker.","breadcrumb":{"@id":"https:\/\/www.kissthedesign.ch\/de\/produkt\/waeckerlin-sideboard-b40-idealheim\/#breadcrumb"},"inLanguage":"de","potentialAction":[{"@type":"ReadAction","target":["https:\/\/www.kissthedesign.ch\/de\/produkt\/waeckerlin-sideboard-b40-idealheim\/"]}]},{"@type":"ImageObject","inLanguage":"de","@id":"https:\/\/www.kissthedesign.ch\/de\/produkt\/waeckerlin-sideboard-b40-idealheim\/#primaryimage","url":"https:\/\/www.kissthedesign.ch\/wp\/wp-content\/uploads\/2016\/07\/dieter-waeckerlin-sideboard-idealheim.jpg","contentUrl":"https:\/\/www.kissthedesign.ch\/wp\/wp-content\/uploads\/2016\/07\/dieter-waeckerlin-sideboard-idealheim.jpg","width":1000,"height":667,"caption":"Sideboard B40, W\u00e4ckerlin, Idealheim"},{"@type":"BreadcrumbList","@id":"https:\/\/www.kissthedesign.ch\/de\/produkt\/waeckerlin-sideboard-b40-idealheim\/#breadcrumb","itemListElement":[{"@type":"ListItem","position":1,"name":"Accueil","item":"https:\/\/www.kissthedesign.ch\/de\/"},{"@type":"ListItem","position":2,"name":"Laden","item":"https:\/\/www.kissthedesign.ch\/de\/laden\/"},{"@type":"ListItem","position":3,"name":"Dieter W\u00e4ckerlin | Sideboard B40 | Idealheim"}]},{"@type":"WebSite","@id":"https:\/\/www.kissthedesign.ch\/en\/#website","url":"https:\/\/www.kissthedesign.ch\/en\/","name":"kissthedesign","description":"Kissthedesign, Lausanne, Suisse. Mobilier du XXe, design vintage","publisher":{"@id":"https:\/\/www.kissthedesign.ch\/en\/#organization"},"potentialAction":[{"@type":"SearchAction","target":{"@type":"EntryPoint","urlTemplate":"https:\/\/www.kissthedesign.ch\/en\/?s={search_term_string}"},"query-input":{"@type":"PropertyValueSpecification","valueRequired":true,"valueName":"search_term_string"}}],"inLanguage":"de"},{"@type":"Organization","@id":"https:\/\/www.kissthedesign.ch\/en\/#organization","name":"Kissthedesign","url":"https:\/\/www.kissthedesign.ch\/en\/","logo":{"@type":"ImageObject","inLanguage":"de","@id":"https:\/\/www.kissthedesign.ch\/en\/#\/schema\/logo\/image\/","url":"https:\/\/www.kissthedesign.ch\/wp\/wp-content\/uploads\/2016\/08\/ktd-logo-web.jpg","contentUrl":"https:\/\/www.kissthedesign.ch\/wp\/wp-content\/uploads\/2016\/08\/ktd-logo-web.jpg","width":450,"height":167,"caption":"Kissthedesign"},"image":{"@id":"https:\/\/www.kissthedesign.ch\/en\/#\/schema\/logo\/image\/"}}]}},"_links":{"self":[{"href":"https:\/\/www.kissthedesign.ch\/de\/wp-json\/wp\/v2\/product\/12352","targetHints":{"allow":["GET"]}}],"collection":[{"href":"https:\/\/www.kissthedesign.ch\/de\/wp-json\/wp\/v2\/product"}],"about":[{"href":"https:\/\/www.kissthedesign.ch\/de\/wp-json\/wp\/v2\/types\/product"}],"replies":[{"embeddable":true,"href":"https:\/\/www.kissthedesign.ch\/de\/wp-json\/wp\/v2\/comments?post=12352"}],"wp:featuredmedia":[{"embeddable":true,"href":"https:\/\/www.kissthedesign.ch\/de\/wp-json\/wp\/v2\/media\/11966"}],"wp:attachment":[{"href":"https:\/\/www.kissthedesign.ch\/de\/wp-json\/wp\/v2\/media?parent=12352"}],"wp:term":[{"taxonomy":"product_brand","embeddable":true,"href":"https:\/\/www.kissthedesign.ch\/de\/wp-json\/wp\/v2\/product_brand?post=12352"},{"taxonomy":"product_cat","embeddable":true,"href":"https:\/\/www.kissthedesign.ch\/de\/wp-json\/wp\/v2\/product_cat?post=12352"},{"taxonomy":"product_tag","embeddable":true,"href":"https:\/\/www.kissthedesign.ch\/de\/wp-json\/wp\/v2\/product_tag?post=12352"}],"curies":[{"name":"wp","href":"https:\/\/api.w.org\/{rel}","templated":true}]}}