{"id":12361,"date":"2016-05-29T17:14:44","date_gmt":"2016-05-29T16:14:44","guid":{"rendered":"http:\/\/www.kissthedesign.ch\/product\/nessa-archivio-storico-vetreria-vistosi-1972\/"},"modified":"2018-11-28T20:57:59","modified_gmt":"2018-11-28T19:57:59","slug":"nessa-vistosi-lampe","status":"publish","type":"product","link":"https:\/\/www.kissthedesign.ch\/de\/produkt\/nessa-vistosi-lampe\/","title":{"rendered":"Nessa | Archivio storico Vetreria Vistosi, 1972"},"content":{"rendered":"<div class=\"wpb-content-wrapper\"><p>[vc_row][vc_column][vc_column_text]<\/p>\n<h2>Nessa Lampe,\u00a0Vistosi, 1972<\/h2>\n<p>Vistosi geh\u00f6rt zur Geschichte der Glaskunst aus Murano, zusammen mit Venini. Jahrhunderte Tradition und Design sind die Stichw\u00f6rter von dem italienischen Leuchten Hersteller, der ab den 60er angefangen hat, mit bekannten Designern wie z.B. Gae Aulenti, Luciano Vistosi oder Angelo Mangiarotti zusammenzuarbeiten.<br \/>\nSeine Formen erh\u00e4lt das Muranoglas durch die Kunst der Glasbl\u00e4sermeister, die so den Ideen der international bedeutendsten Designer zu Geltung verhelfen. Jede Leuchte aus Muranoglas wird hochwertig in Handarbeit gefertigt und besticht durch seine Einzigartigkeit.<\/p>\n<p>Die Nessa Leuchte ist ein wahrer Designklassiker aus dem 20 Jahrhundert.<br \/>\nTisch-\u00a0oder\u00a0Bodenlampe aus dickem mundgeblasenen Glas. Weisses und\u00a0durchsichtiges\u00a0Murano Glas.\u00a0Mit Dimmer.<br \/>\nGr\u00f6\u00dfe: \u00d8 40 cm, H. 38 cm[\/vc_column_text][\/vc_column][\/vc_row][vc_row css=&#8221;.vc_custom_1486917974905{padding-top: 30px !important;}&#8221;][vc_column width=&#8221;1\/2&#8243;]\n<div class=\"wpcf7 no-js\" id=\"wpcf7-f12225-o1\" lang=\"fr-FR\" dir=\"ltr\" data-wpcf7-id=\"12225\">\n<div class=\"screen-reader-response\"><p role=\"status\" aria-live=\"polite\" aria-atomic=\"true\"><\/p> <ul><\/ul><\/div>\n<form action=\"\/de\/wp-json\/wp\/v2\/product\/12361#wpcf7-f12225-o1\" method=\"post\" class=\"wpcf7-form init\" aria-label=\"Formulaire de contact\" novalidate=\"novalidate\" data-status=\"init\">\n<fieldset class=\"hidden-fields-container\"><input type=\"hidden\" name=\"_wpcf7\" value=\"12225\" \/><input type=\"hidden\" name=\"_wpcf7_version\" value=\"6.1.5\" \/><input type=\"hidden\" name=\"_wpcf7_locale\" value=\"fr_FR\" \/><input type=\"hidden\" name=\"_wpcf7_unit_tag\" value=\"wpcf7-f12225-o1\" \/><input type=\"hidden\" name=\"_wpcf7_container_post\" value=\"0\" \/><input type=\"hidden\" name=\"_wpcf7_posted_data_hash\" value=\"\" \/><input type=\"hidden\" name=\"_wpcf7_recaptcha_response\" value=\"\" \/>\n<\/fieldset>\n\n<!-- CF7 Modules -->\n<div style='display:none;'><input type=\"hidden\" class=\"wpcf7-form-control wpcf7-hidden\" name=\"hidden-931\" placeholder=\"\" value=\"Nessa | Archivio storico Vetreria Vistosi, 1972\" \/>\n<\/div>\n<!-- End CF7 Modules -->\n\n<p><b>Kontaktieren Sie uns \u00fcber diesen Artikel<\/b>\n<\/p>\n<p>Ihre Name (Pflichtfeld)\n<\/p>\n<p><span class=\"wpcf7-form-control-wrap\" data-name=\"your-name\"><input size=\"40\" maxlength=\"400\" class=\"wpcf7-form-control wpcf7-text wpcf7-validates-as-required\" aria-required=\"true\" aria-invalid=\"false\" value=\"\" type=\"text\" name=\"your-name\" \/><\/span>\n<\/p>\n<p>Ihre Email (Pflichtfeld)\n<\/p>\n<p><span class=\"wpcf7-form-control-wrap\" data-name=\"your-email\"><input size=\"40\" maxlength=\"400\" class=\"wpcf7-form-control wpcf7-email wpcf7-validates-as-required wpcf7-text wpcf7-validates-as-email\" aria-required=\"true\" aria-invalid=\"false\" value=\"\" type=\"email\" name=\"your-email\" \/><\/span>\n<\/p>\n<p>Ihre Nachricht\n<\/p>\n<p><span class=\"wpcf7-form-control-wrap\" data-name=\"your-message\"><textarea cols=\"40\" rows=\"10\" maxlength=\"2000\" class=\"wpcf7-form-control wpcf7-textarea\" aria-invalid=\"false\" name=\"your-message\"><\/textarea><\/span>\n<\/p>\n<p>Die von Ihnen eingegebenen und mit diesem Formular gesendeten Daten werden gespeichert, aber werden nie verkauft oder an Dritte weitergegeben.\n<\/p>\n<p><span class=\"wpcf7-form-control-wrap\" data-name=\"checkbox-296\"><span class=\"wpcf7-form-control wpcf7-checkbox wpcf7-validates-as-required\"><span class=\"wpcf7-list-item first last\"><input type=\"checkbox\" name=\"checkbox-296[]\" value=\"Ich akzeptiere\" \/><span class=\"wpcf7-list-item-label\">Ich akzeptiere<\/span><\/span><\/span><\/span>\n<\/p>\n<p><input class=\"wpcf7-form-control wpcf7-submit has-spinner\" type=\"submit\" value=\"Senden\" \/>\n<\/p><div class=\"wpcf7-response-output\" aria-hidden=\"true\"><\/div>\n<\/form>\n<\/div>\n[\/vc_column][vc_column width=&#8221;1\/2&#8243;][\/vc_column][\/vc_row]<\/p>\n<\/div>","protected":false},"excerpt":{"rendered":"<p>Tisch-\u00a0oder Bodenlampe aus dickem mundgeblasenen Glas. Weisses und durchsichtiges\u00a0Murano Glas.\u00a0Mit Dimmer.<br \/>\nGr\u00f6\u00dfe: \u00d8 40 cm, H. 38 cm<\/p>\n","protected":false},"featured_media":11898,"comment_status":"closed","ping_status":"closed","template":"","meta":{"_monsterinsights_skip_tracking":false,"_monsterinsights_sitenote_active":false,"_monsterinsights_sitenote_note":"","_monsterinsights_sitenote_category":0},"product_brand":[],"product_cat":[70,154,224,979],"product_tag":[566,501,479],"class_list":{"0":"post-12361","1":"product","2":"type-product","3":"status-publish","4":"has-post-thumbnail","6":"product_cat-hersteller","7":"product_cat-leuchte","8":"product_cat-tischleuchte","9":"product_cat-vistosi-leuchte","10":"product_tag-70er","11":"product_tag-ikonisch-design","12":"product_tag-italienisches-design","13":"product_shipping_class-post-sperrgut","15":"first","16":"instock","17":"taxable","18":"shipping-taxable","19":"purchasable","20":"product-type-simple"},"yoast_head":"<!-- This site is optimized with the Yoast SEO plugin v25.3.1 - https:\/\/yoast.com\/wordpress\/plugins\/seo\/ -->\n<title>Nessa Lampe von Vistosi | Murano Glas | Designklassiker in der Schweiz<\/title>\n<meta name=\"description\" content=\"Die Lampe Nessa von Vistosi ist ein hochwertiger Designklassiker aus Murano Glas. Finden Sie Italienisches Design aus den 70er bei Kissthedesign in der Schweiz. Designladen f\u00fcr Leuchten und M\u00f6beln.\" \/>\n<meta name=\"robots\" content=\"index, follow, max-snippet:-1, max-image-preview:large, max-video-preview:-1\" \/>\n<link rel=\"canonical\" href=\"https:\/\/www.kissthedesign.ch\/de\/produkt\/nessa-vistosi-lampe\/\" \/>\n<meta property=\"og:locale\" content=\"de_DE\" \/>\n<meta property=\"og:type\" content=\"article\" \/>\n<meta property=\"og:title\" content=\"Nessa Lampe von Vistosi | Murano Glas | Designklassiker in der Schweiz\" \/>\n<meta property=\"og:description\" content=\"Die Lampe Nessa von Vistosi ist ein hochwertiger Designklassiker aus Murano Glas. Finden Sie Italienisches Design aus den 70er bei Kissthedesign in der Schweiz. Designladen f\u00fcr Leuchten und M\u00f6beln.\" \/>\n<meta property=\"og:url\" content=\"https:\/\/www.kissthedesign.ch\/de\/produkt\/nessa-vistosi-lampe\/\" \/>\n<meta property=\"og:site_name\" content=\"kissthedesign\" \/>\n<meta property=\"article:modified_time\" content=\"2018-11-28T19:57:59+00:00\" \/>\n<meta property=\"og:image\" content=\"https:\/\/www.kissthedesign.ch\/wp\/wp-content\/uploads\/2016\/05\/lampe-nessa-vistosi.jpg\" \/>\n\t<meta property=\"og:image:width\" content=\"1000\" \/>\n\t<meta property=\"og:image:height\" content=\"852\" \/>\n\t<meta property=\"og:image:type\" content=\"image\/jpeg\" \/>\n<meta name=\"twitter:label1\" content=\"Gesch\u00e4tzte Lesezeit\" \/>\n\t<meta name=\"twitter:data1\" content=\"1\u00a0Minute\" \/>\n<script type=\"application\/ld+json\" class=\"yoast-schema-graph\">{\"@context\":\"https:\/\/schema.org\",\"@graph\":[{\"@type\":\"WebPage\",\"@id\":\"https:\/\/www.kissthedesign.ch\/de\/produkt\/nessa-vistosi-lampe\/\",\"url\":\"https:\/\/www.kissthedesign.ch\/de\/produkt\/nessa-vistosi-lampe\/\",\"name\":\"Nessa Lampe von Vistosi | Murano Glas | Designklassiker in der Schweiz\",\"isPartOf\":{\"@id\":\"https:\/\/www.kissthedesign.ch\/en\/#website\"},\"primaryImageOfPage\":{\"@id\":\"https:\/\/www.kissthedesign.ch\/de\/produkt\/nessa-vistosi-lampe\/#primaryimage\"},\"image\":{\"@id\":\"https:\/\/www.kissthedesign.ch\/de\/produkt\/nessa-vistosi-lampe\/#primaryimage\"},\"thumbnailUrl\":\"https:\/\/www.kissthedesign.ch\/wp\/wp-content\/uploads\/2016\/05\/lampe-nessa-vistosi.jpg\",\"datePublished\":\"2016-05-29T16:14:44+00:00\",\"dateModified\":\"2018-11-28T19:57:59+00:00\",\"description\":\"Die Lampe Nessa von Vistosi ist ein hochwertiger Designklassiker aus Murano Glas. Finden Sie Italienisches Design aus den 70er bei Kissthedesign in der Schweiz. Designladen f\u00fcr Leuchten und M\u00f6beln.\",\"breadcrumb\":{\"@id\":\"https:\/\/www.kissthedesign.ch\/de\/produkt\/nessa-vistosi-lampe\/#breadcrumb\"},\"inLanguage\":\"de\",\"potentialAction\":[{\"@type\":\"ReadAction\",\"target\":[\"https:\/\/www.kissthedesign.ch\/de\/produkt\/nessa-vistosi-lampe\/\"]}]},{\"@type\":\"ImageObject\",\"inLanguage\":\"de\",\"@id\":\"https:\/\/www.kissthedesign.ch\/de\/produkt\/nessa-vistosi-lampe\/#primaryimage\",\"url\":\"https:\/\/www.kissthedesign.ch\/wp\/wp-content\/uploads\/2016\/05\/lampe-nessa-vistosi.jpg\",\"contentUrl\":\"https:\/\/www.kissthedesign.ch\/wp\/wp-content\/uploads\/2016\/05\/lampe-nessa-vistosi.jpg\",\"width\":1000,\"height\":852,\"caption\":\"Nessa Lampe, Vistosi\"},{\"@type\":\"BreadcrumbList\",\"@id\":\"https:\/\/www.kissthedesign.ch\/de\/produkt\/nessa-vistosi-lampe\/#breadcrumb\",\"itemListElement\":[{\"@type\":\"ListItem\",\"position\":1,\"name\":\"Accueil\",\"item\":\"https:\/\/www.kissthedesign.ch\/de\/\"},{\"@type\":\"ListItem\",\"position\":2,\"name\":\"Laden\",\"item\":\"https:\/\/www.kissthedesign.ch\/de\/laden\/\"},{\"@type\":\"ListItem\",\"position\":3,\"name\":\"Nessa | Archivio storico Vetreria Vistosi, 1972\"}]},{\"@type\":\"WebSite\",\"@id\":\"https:\/\/www.kissthedesign.ch\/en\/#website\",\"url\":\"https:\/\/www.kissthedesign.ch\/en\/\",\"name\":\"kissthedesign\",\"description\":\"Kissthedesign, Lausanne, Suisse. Mobilier du XXe, design vintage\",\"publisher\":{\"@id\":\"https:\/\/www.kissthedesign.ch\/en\/#organization\"},\"potentialAction\":[{\"@type\":\"SearchAction\",\"target\":{\"@type\":\"EntryPoint\",\"urlTemplate\":\"https:\/\/www.kissthedesign.ch\/en\/?s={search_term_string}\"},\"query-input\":{\"@type\":\"PropertyValueSpecification\",\"valueRequired\":true,\"valueName\":\"search_term_string\"}}],\"inLanguage\":\"de\"},{\"@type\":\"Organization\",\"@id\":\"https:\/\/www.kissthedesign.ch\/en\/#organization\",\"name\":\"Kissthedesign\",\"url\":\"https:\/\/www.kissthedesign.ch\/en\/\",\"logo\":{\"@type\":\"ImageObject\",\"inLanguage\":\"de\",\"@id\":\"https:\/\/www.kissthedesign.ch\/en\/#\/schema\/logo\/image\/\",\"url\":\"https:\/\/www.kissthedesign.ch\/wp\/wp-content\/uploads\/2016\/08\/ktd-logo-web.jpg\",\"contentUrl\":\"https:\/\/www.kissthedesign.ch\/wp\/wp-content\/uploads\/2016\/08\/ktd-logo-web.jpg\",\"width\":450,\"height\":167,\"caption\":\"Kissthedesign\"},\"image\":{\"@id\":\"https:\/\/www.kissthedesign.ch\/en\/#\/schema\/logo\/image\/\"}}]}<\/script>\n<!-- \/ Yoast SEO plugin. -->","yoast_head_json":{"title":"Nessa Lampe von Vistosi | Murano Glas | Designklassiker in der Schweiz","description":"Die Lampe Nessa von Vistosi ist ein hochwertiger Designklassiker aus Murano Glas. Finden Sie Italienisches Design aus den 70er bei Kissthedesign in der Schweiz. Designladen f\u00fcr Leuchten und M\u00f6beln.","robots":{"index":"index","follow":"follow","max-snippet":"max-snippet:-1","max-image-preview":"max-image-preview:large","max-video-preview":"max-video-preview:-1"},"canonical":"https:\/\/www.kissthedesign.ch\/de\/produkt\/nessa-vistosi-lampe\/","og_locale":"de_DE","og_type":"article","og_title":"Nessa Lampe von Vistosi | Murano Glas | Designklassiker in der Schweiz","og_description":"Die Lampe Nessa von Vistosi ist ein hochwertiger Designklassiker aus Murano Glas. Finden Sie Italienisches Design aus den 70er bei Kissthedesign in der Schweiz. Designladen f\u00fcr Leuchten und M\u00f6beln.","og_url":"https:\/\/www.kissthedesign.ch\/de\/produkt\/nessa-vistosi-lampe\/","og_site_name":"kissthedesign","article_modified_time":"2018-11-28T19:57:59+00:00","og_image":[{"width":1000,"height":852,"url":"https:\/\/www.kissthedesign.ch\/wp\/wp-content\/uploads\/2016\/05\/lampe-nessa-vistosi.jpg","type":"image\/jpeg"}],"twitter_misc":{"Gesch\u00e4tzte Lesezeit":"1\u00a0Minute"},"schema":{"@context":"https:\/\/schema.org","@graph":[{"@type":"WebPage","@id":"https:\/\/www.kissthedesign.ch\/de\/produkt\/nessa-vistosi-lampe\/","url":"https:\/\/www.kissthedesign.ch\/de\/produkt\/nessa-vistosi-lampe\/","name":"Nessa Lampe von Vistosi | Murano Glas | Designklassiker in der Schweiz","isPartOf":{"@id":"https:\/\/www.kissthedesign.ch\/en\/#website"},"primaryImageOfPage":{"@id":"https:\/\/www.kissthedesign.ch\/de\/produkt\/nessa-vistosi-lampe\/#primaryimage"},"image":{"@id":"https:\/\/www.kissthedesign.ch\/de\/produkt\/nessa-vistosi-lampe\/#primaryimage"},"thumbnailUrl":"https:\/\/www.kissthedesign.ch\/wp\/wp-content\/uploads\/2016\/05\/lampe-nessa-vistosi.jpg","datePublished":"2016-05-29T16:14:44+00:00","dateModified":"2018-11-28T19:57:59+00:00","description":"Die Lampe Nessa von Vistosi ist ein hochwertiger Designklassiker aus Murano Glas. Finden Sie Italienisches Design aus den 70er bei Kissthedesign in der Schweiz. Designladen f\u00fcr Leuchten und M\u00f6beln.","breadcrumb":{"@id":"https:\/\/www.kissthedesign.ch\/de\/produkt\/nessa-vistosi-lampe\/#breadcrumb"},"inLanguage":"de","potentialAction":[{"@type":"ReadAction","target":["https:\/\/www.kissthedesign.ch\/de\/produkt\/nessa-vistosi-lampe\/"]}]},{"@type":"ImageObject","inLanguage":"de","@id":"https:\/\/www.kissthedesign.ch\/de\/produkt\/nessa-vistosi-lampe\/#primaryimage","url":"https:\/\/www.kissthedesign.ch\/wp\/wp-content\/uploads\/2016\/05\/lampe-nessa-vistosi.jpg","contentUrl":"https:\/\/www.kissthedesign.ch\/wp\/wp-content\/uploads\/2016\/05\/lampe-nessa-vistosi.jpg","width":1000,"height":852,"caption":"Nessa Lampe, Vistosi"},{"@type":"BreadcrumbList","@id":"https:\/\/www.kissthedesign.ch\/de\/produkt\/nessa-vistosi-lampe\/#breadcrumb","itemListElement":[{"@type":"ListItem","position":1,"name":"Accueil","item":"https:\/\/www.kissthedesign.ch\/de\/"},{"@type":"ListItem","position":2,"name":"Laden","item":"https:\/\/www.kissthedesign.ch\/de\/laden\/"},{"@type":"ListItem","position":3,"name":"Nessa | Archivio storico Vetreria Vistosi, 1972"}]},{"@type":"WebSite","@id":"https:\/\/www.kissthedesign.ch\/en\/#website","url":"https:\/\/www.kissthedesign.ch\/en\/","name":"kissthedesign","description":"Kissthedesign, Lausanne, Suisse. Mobilier du XXe, design vintage","publisher":{"@id":"https:\/\/www.kissthedesign.ch\/en\/#organization"},"potentialAction":[{"@type":"SearchAction","target":{"@type":"EntryPoint","urlTemplate":"https:\/\/www.kissthedesign.ch\/en\/?s={search_term_string}"},"query-input":{"@type":"PropertyValueSpecification","valueRequired":true,"valueName":"search_term_string"}}],"inLanguage":"de"},{"@type":"Organization","@id":"https:\/\/www.kissthedesign.ch\/en\/#organization","name":"Kissthedesign","url":"https:\/\/www.kissthedesign.ch\/en\/","logo":{"@type":"ImageObject","inLanguage":"de","@id":"https:\/\/www.kissthedesign.ch\/en\/#\/schema\/logo\/image\/","url":"https:\/\/www.kissthedesign.ch\/wp\/wp-content\/uploads\/2016\/08\/ktd-logo-web.jpg","contentUrl":"https:\/\/www.kissthedesign.ch\/wp\/wp-content\/uploads\/2016\/08\/ktd-logo-web.jpg","width":450,"height":167,"caption":"Kissthedesign"},"image":{"@id":"https:\/\/www.kissthedesign.ch\/en\/#\/schema\/logo\/image\/"}}]}},"_links":{"self":[{"href":"https:\/\/www.kissthedesign.ch\/de\/wp-json\/wp\/v2\/product\/12361","targetHints":{"allow":["GET"]}}],"collection":[{"href":"https:\/\/www.kissthedesign.ch\/de\/wp-json\/wp\/v2\/product"}],"about":[{"href":"https:\/\/www.kissthedesign.ch\/de\/wp-json\/wp\/v2\/types\/product"}],"replies":[{"embeddable":true,"href":"https:\/\/www.kissthedesign.ch\/de\/wp-json\/wp\/v2\/comments?post=12361"}],"wp:featuredmedia":[{"embeddable":true,"href":"https:\/\/www.kissthedesign.ch\/de\/wp-json\/wp\/v2\/media\/11898"}],"wp:attachment":[{"href":"https:\/\/www.kissthedesign.ch\/de\/wp-json\/wp\/v2\/media?parent=12361"}],"wp:term":[{"taxonomy":"product_brand","embeddable":true,"href":"https:\/\/www.kissthedesign.ch\/de\/wp-json\/wp\/v2\/product_brand?post=12361"},{"taxonomy":"product_cat","embeddable":true,"href":"https:\/\/www.kissthedesign.ch\/de\/wp-json\/wp\/v2\/product_cat?post=12361"},{"taxonomy":"product_tag","embeddable":true,"href":"https:\/\/www.kissthedesign.ch\/de\/wp-json\/wp\/v2\/product_tag?post=12361"}],"curies":[{"name":"wp","href":"https:\/\/api.w.org\/{rel}","templated":true}]}}