{"id":12394,"date":"2016-05-08T08:06:30","date_gmt":"2016-05-08T07:06:30","guid":{"rendered":"http:\/\/www.kissthedesign.ch\/product\/pierre-chapo-4er-set-vintage-s24-stuehle\/"},"modified":"2022-01-08T17:59:54","modified_gmt":"2022-01-08T16:59:54","slug":"pierre-chapo-s24-stuehle","status":"publish","type":"product","link":"https:\/\/www.kissthedesign.ch\/de\/produkt\/pierre-chapo-s24-stuehle\/","title":{"rendered":"Pierre Chapo | Vintage S24 Stuhl"},"content":{"rendered":"<div class=\"wpb-content-wrapper\"><p>[vc_row][vc_column][vc_column_text woodmart_color_scheme=&#8221;&#8221; woodmart_inline=&#8221;&#8221; text_larger=&#8221;&#8221;]<\/p>\n<h2>Vintage\u00a0S24 St\u00fchle von\u00a0Pierre Chapo.<\/h2>\n<p>Vor allem t\u00e4tig zwischen den 50er und 70er, Pierre Chapo ist ein frans\u00f6zischer Designer, der obwohl, er von einen breiten Publikum noch weniger bekannt bleibt,\u00a0 immer st\u00e4rker in renommierten Auktionsh\u00e4user vertreten wird, besonders in Frankreich und in den USA, wo sein Marktwert regelm\u00e4ssig w\u00e4chst, sowie das Interesse von den Sammlern an seinem Werk.<\/p>\n<p>Adept von einem Design nah an den Traditionen und Handwerkskunst, Pierre Chapo ist der Erbe von den Reflexion \u00fcber Tradition und Modernit\u00e4t, die das frans\u00f6zisches Design bis zu den 50er beigestanden hat, und genauer, die Erneuerung nat\u00fcrlichen Materialien, wie Holz, von Designern wie Charlotte Perriand oder Louis Sognot Ende der 30er eingeleitet.<\/p>\n<p>Der S24 Stuhl wurde in den 60er entworfen und z\u00e4hlt\u00a0zu den sch\u00f6nste Modellen des frans\u00f6zisches Designers.<\/p>\n<p>S24 St\u00fchle aus massiver Ulme\u00a0mit Sitzfl\u00e4che aus dickem Leder, Farbe Natur. In guten vintage Zustand mit sichtbarer\u00a0Patina auf Leder und Holzrahmen.[\/vc_column_text][\/vc_column][\/vc_row][vc_row][vc_column width=&#8221;1\/2&#8243;]\n<div class=\"wpcf7 no-js\" id=\"wpcf7-f12225-o1\" lang=\"fr-FR\" dir=\"ltr\" data-wpcf7-id=\"12225\">\n<div class=\"screen-reader-response\"><p role=\"status\" aria-live=\"polite\" aria-atomic=\"true\"><\/p> <ul><\/ul><\/div>\n<form action=\"\/de\/wp-json\/wp\/v2\/product\/12394#wpcf7-f12225-o1\" method=\"post\" class=\"wpcf7-form init\" aria-label=\"Formulaire de contact\" novalidate=\"novalidate\" data-status=\"init\">\n<fieldset class=\"hidden-fields-container\"><input type=\"hidden\" name=\"_wpcf7\" value=\"12225\" \/><input type=\"hidden\" name=\"_wpcf7_version\" value=\"6.1.5\" \/><input type=\"hidden\" name=\"_wpcf7_locale\" value=\"fr_FR\" \/><input type=\"hidden\" name=\"_wpcf7_unit_tag\" value=\"wpcf7-f12225-o1\" \/><input type=\"hidden\" name=\"_wpcf7_container_post\" value=\"0\" \/><input type=\"hidden\" name=\"_wpcf7_posted_data_hash\" value=\"\" \/><input type=\"hidden\" name=\"_wpcf7_recaptcha_response\" value=\"\" \/>\n<\/fieldset>\n\n<!-- CF7 Modules -->\n<div style='display:none;'><input type=\"hidden\" class=\"wpcf7-form-control wpcf7-hidden\" name=\"hidden-931\" placeholder=\"\" value=\"Pierre Chapo | Vintage S24 Stuhl\" \/>\n<\/div>\n<!-- End CF7 Modules -->\n\n<p><b>Kontaktieren Sie uns \u00fcber diesen Artikel<\/b>\n<\/p>\n<p>Ihre Name (Pflichtfeld)\n<\/p>\n<p><span class=\"wpcf7-form-control-wrap\" data-name=\"your-name\"><input size=\"40\" maxlength=\"400\" class=\"wpcf7-form-control wpcf7-text wpcf7-validates-as-required\" aria-required=\"true\" aria-invalid=\"false\" value=\"\" type=\"text\" name=\"your-name\" \/><\/span>\n<\/p>\n<p>Ihre Email (Pflichtfeld)\n<\/p>\n<p><span class=\"wpcf7-form-control-wrap\" data-name=\"your-email\"><input size=\"40\" maxlength=\"400\" class=\"wpcf7-form-control wpcf7-email wpcf7-validates-as-required wpcf7-text wpcf7-validates-as-email\" aria-required=\"true\" aria-invalid=\"false\" value=\"\" type=\"email\" name=\"your-email\" \/><\/span>\n<\/p>\n<p>Ihre Nachricht\n<\/p>\n<p><span class=\"wpcf7-form-control-wrap\" data-name=\"your-message\"><textarea cols=\"40\" rows=\"10\" maxlength=\"2000\" class=\"wpcf7-form-control wpcf7-textarea\" aria-invalid=\"false\" name=\"your-message\"><\/textarea><\/span>\n<\/p>\n<p>Die von Ihnen eingegebenen und mit diesem Formular gesendeten Daten werden gespeichert, aber werden nie verkauft oder an Dritte weitergegeben.\n<\/p>\n<p><span class=\"wpcf7-form-control-wrap\" data-name=\"checkbox-296\"><span class=\"wpcf7-form-control wpcf7-checkbox wpcf7-validates-as-required\"><span class=\"wpcf7-list-item first last\"><input type=\"checkbox\" name=\"checkbox-296[]\" value=\"Ich akzeptiere\" \/><span class=\"wpcf7-list-item-label\">Ich akzeptiere<\/span><\/span><\/span><\/span>\n<\/p>\n<p><input class=\"wpcf7-form-control wpcf7-submit has-spinner\" type=\"submit\" value=\"Senden\" \/>\n<\/p><div class=\"wpcf7-response-output\" aria-hidden=\"true\"><\/div>\n<\/form>\n<\/div>\n[\/vc_column][vc_column width=&#8221;1\/2&#8243;][\/vc_column][\/vc_row]<\/p>\n<\/div>","protected":false},"excerpt":{"rendered":"<p>St\u00fchle aus massiver Ulme\u00a0mit Sitzfl\u00e4che aus dickem Leder, Farbe Natur. In guten vintage Zustand mit sichtbarer Patina auf Leder und Holzrahmen.<br \/>\nPreis pro St\u00fcck.<\/p>\n","protected":false},"featured_media":24579,"comment_status":"closed","ping_status":"closed","template":"","meta":{"_monsterinsights_skip_tracking":false,"_monsterinsights_sitenote_active":false,"_monsterinsights_sitenote_note":"","_monsterinsights_sitenote_category":0},"product_brand":[],"product_cat":[256],"product_tag":[387],"class_list":{"0":"post-12394","1":"product","2":"type-product","3":"status-publish","4":"has-post-thumbnail","6":"product_cat-sitzmoebel-vintage","7":"product_tag-frans-design","8":"product_shipping_class-spediteur-lieferung","10":"first","11":"outofstock","12":"taxable","13":"shipping-taxable","14":"product-type-simple"},"yoast_head":"<!-- This site is optimized with the Yoast SEO plugin v25.3.1 - https:\/\/yoast.com\/wordpress\/plugins\/seo\/ -->\n<title>Pierre Chapo | Vintage S24 St\u00fchle | Designklassiker | Schweiz<\/title>\n<meta name=\"description\" content=\"Vintage S24 St\u00fchle aus massiver Ulme, Pierre Chapo. Frans\u00f6zisches Design aus den 60er, Designklassiker. Kissthedesign, Lausanne, Schweiz.\" \/>\n<meta name=\"robots\" content=\"index, follow, max-snippet:-1, max-image-preview:large, max-video-preview:-1\" \/>\n<link rel=\"canonical\" href=\"https:\/\/www.kissthedesign.ch\/de\/produkt\/pierre-chapo-s24-stuehle\/\" \/>\n<meta property=\"og:locale\" content=\"de_DE\" \/>\n<meta property=\"og:type\" content=\"article\" \/>\n<meta property=\"og:title\" content=\"Pierre Chapo | Vintage S24 St\u00fchle | Designklassiker | Schweiz\" \/>\n<meta property=\"og:description\" content=\"Vintage S24 St\u00fchle aus massiver Ulme, Pierre Chapo. Frans\u00f6zisches Design aus den 60er, Designklassiker. Kissthedesign, Lausanne, Schweiz.\" \/>\n<meta property=\"og:url\" content=\"https:\/\/www.kissthedesign.ch\/de\/produkt\/pierre-chapo-s24-stuehle\/\" \/>\n<meta property=\"og:site_name\" content=\"kissthedesign\" \/>\n<meta property=\"article:modified_time\" content=\"2022-01-08T16:59:54+00:00\" \/>\n<meta property=\"og:image\" content=\"https:\/\/www.kissthedesign.ch\/wp\/wp-content\/uploads\/2016\/05\/pierre-chapo-s24-stuehle.jpg\" \/>\n\t<meta property=\"og:image:width\" content=\"1100\" \/>\n\t<meta property=\"og:image:height\" content=\"733\" \/>\n\t<meta property=\"og:image:type\" content=\"image\/jpeg\" \/>\n<meta name=\"twitter:label1\" content=\"Gesch\u00e4tzte Lesezeit\" \/>\n\t<meta name=\"twitter:data1\" content=\"1\u00a0Minute\" \/>\n<script type=\"application\/ld+json\" class=\"yoast-schema-graph\">{\"@context\":\"https:\/\/schema.org\",\"@graph\":[{\"@type\":\"WebPage\",\"@id\":\"https:\/\/www.kissthedesign.ch\/de\/produkt\/pierre-chapo-s24-stuehle\/\",\"url\":\"https:\/\/www.kissthedesign.ch\/de\/produkt\/pierre-chapo-s24-stuehle\/\",\"name\":\"Pierre Chapo | Vintage S24 St\u00fchle | Designklassiker | Schweiz\",\"isPartOf\":{\"@id\":\"https:\/\/www.kissthedesign.ch\/en\/#website\"},\"primaryImageOfPage\":{\"@id\":\"https:\/\/www.kissthedesign.ch\/de\/produkt\/pierre-chapo-s24-stuehle\/#primaryimage\"},\"image\":{\"@id\":\"https:\/\/www.kissthedesign.ch\/de\/produkt\/pierre-chapo-s24-stuehle\/#primaryimage\"},\"thumbnailUrl\":\"https:\/\/www.kissthedesign.ch\/wp\/wp-content\/uploads\/2016\/05\/pierre-chapo-s24-stuehle.jpg\",\"datePublished\":\"2016-05-08T07:06:30+00:00\",\"dateModified\":\"2022-01-08T16:59:54+00:00\",\"description\":\"Vintage S24 St\u00fchle aus massiver Ulme, Pierre Chapo. Frans\u00f6zisches Design aus den 60er, Designklassiker. Kissthedesign, Lausanne, Schweiz.\",\"breadcrumb\":{\"@id\":\"https:\/\/www.kissthedesign.ch\/de\/produkt\/pierre-chapo-s24-stuehle\/#breadcrumb\"},\"inLanguage\":\"de\",\"potentialAction\":[{\"@type\":\"ReadAction\",\"target\":[\"https:\/\/www.kissthedesign.ch\/de\/produkt\/pierre-chapo-s24-stuehle\/\"]}]},{\"@type\":\"ImageObject\",\"inLanguage\":\"de\",\"@id\":\"https:\/\/www.kissthedesign.ch\/de\/produkt\/pierre-chapo-s24-stuehle\/#primaryimage\",\"url\":\"https:\/\/www.kissthedesign.ch\/wp\/wp-content\/uploads\/2016\/05\/pierre-chapo-s24-stuehle.jpg\",\"contentUrl\":\"https:\/\/www.kissthedesign.ch\/wp\/wp-content\/uploads\/2016\/05\/pierre-chapo-s24-stuehle.jpg\",\"width\":1100,\"height\":733,\"caption\":\"St\u00fchle S24, Pierre Chapo\"},{\"@type\":\"BreadcrumbList\",\"@id\":\"https:\/\/www.kissthedesign.ch\/de\/produkt\/pierre-chapo-s24-stuehle\/#breadcrumb\",\"itemListElement\":[{\"@type\":\"ListItem\",\"position\":1,\"name\":\"Accueil\",\"item\":\"https:\/\/www.kissthedesign.ch\/de\/\"},{\"@type\":\"ListItem\",\"position\":2,\"name\":\"Laden\",\"item\":\"https:\/\/www.kissthedesign.ch\/de\/laden\/\"},{\"@type\":\"ListItem\",\"position\":3,\"name\":\"Pierre Chapo | Vintage S24 Stuhl\"}]},{\"@type\":\"WebSite\",\"@id\":\"https:\/\/www.kissthedesign.ch\/en\/#website\",\"url\":\"https:\/\/www.kissthedesign.ch\/en\/\",\"name\":\"kissthedesign\",\"description\":\"Kissthedesign, Lausanne, Suisse. Mobilier du XXe, design vintage\",\"publisher\":{\"@id\":\"https:\/\/www.kissthedesign.ch\/en\/#organization\"},\"potentialAction\":[{\"@type\":\"SearchAction\",\"target\":{\"@type\":\"EntryPoint\",\"urlTemplate\":\"https:\/\/www.kissthedesign.ch\/en\/?s={search_term_string}\"},\"query-input\":{\"@type\":\"PropertyValueSpecification\",\"valueRequired\":true,\"valueName\":\"search_term_string\"}}],\"inLanguage\":\"de\"},{\"@type\":\"Organization\",\"@id\":\"https:\/\/www.kissthedesign.ch\/en\/#organization\",\"name\":\"Kissthedesign\",\"url\":\"https:\/\/www.kissthedesign.ch\/en\/\",\"logo\":{\"@type\":\"ImageObject\",\"inLanguage\":\"de\",\"@id\":\"https:\/\/www.kissthedesign.ch\/en\/#\/schema\/logo\/image\/\",\"url\":\"https:\/\/www.kissthedesign.ch\/wp\/wp-content\/uploads\/2016\/08\/ktd-logo-web.jpg\",\"contentUrl\":\"https:\/\/www.kissthedesign.ch\/wp\/wp-content\/uploads\/2016\/08\/ktd-logo-web.jpg\",\"width\":450,\"height\":167,\"caption\":\"Kissthedesign\"},\"image\":{\"@id\":\"https:\/\/www.kissthedesign.ch\/en\/#\/schema\/logo\/image\/\"}}]}<\/script>\n<!-- \/ Yoast SEO plugin. -->","yoast_head_json":{"title":"Pierre Chapo | Vintage S24 St\u00fchle | Designklassiker | Schweiz","description":"Vintage S24 St\u00fchle aus massiver Ulme, Pierre Chapo. Frans\u00f6zisches Design aus den 60er, Designklassiker. Kissthedesign, Lausanne, Schweiz.","robots":{"index":"index","follow":"follow","max-snippet":"max-snippet:-1","max-image-preview":"max-image-preview:large","max-video-preview":"max-video-preview:-1"},"canonical":"https:\/\/www.kissthedesign.ch\/de\/produkt\/pierre-chapo-s24-stuehle\/","og_locale":"de_DE","og_type":"article","og_title":"Pierre Chapo | Vintage S24 St\u00fchle | Designklassiker | Schweiz","og_description":"Vintage S24 St\u00fchle aus massiver Ulme, Pierre Chapo. Frans\u00f6zisches Design aus den 60er, Designklassiker. Kissthedesign, Lausanne, Schweiz.","og_url":"https:\/\/www.kissthedesign.ch\/de\/produkt\/pierre-chapo-s24-stuehle\/","og_site_name":"kissthedesign","article_modified_time":"2022-01-08T16:59:54+00:00","og_image":[{"width":1100,"height":733,"url":"https:\/\/www.kissthedesign.ch\/wp\/wp-content\/uploads\/2016\/05\/pierre-chapo-s24-stuehle.jpg","type":"image\/jpeg"}],"twitter_misc":{"Gesch\u00e4tzte Lesezeit":"1\u00a0Minute"},"schema":{"@context":"https:\/\/schema.org","@graph":[{"@type":"WebPage","@id":"https:\/\/www.kissthedesign.ch\/de\/produkt\/pierre-chapo-s24-stuehle\/","url":"https:\/\/www.kissthedesign.ch\/de\/produkt\/pierre-chapo-s24-stuehle\/","name":"Pierre Chapo | Vintage S24 St\u00fchle | Designklassiker | Schweiz","isPartOf":{"@id":"https:\/\/www.kissthedesign.ch\/en\/#website"},"primaryImageOfPage":{"@id":"https:\/\/www.kissthedesign.ch\/de\/produkt\/pierre-chapo-s24-stuehle\/#primaryimage"},"image":{"@id":"https:\/\/www.kissthedesign.ch\/de\/produkt\/pierre-chapo-s24-stuehle\/#primaryimage"},"thumbnailUrl":"https:\/\/www.kissthedesign.ch\/wp\/wp-content\/uploads\/2016\/05\/pierre-chapo-s24-stuehle.jpg","datePublished":"2016-05-08T07:06:30+00:00","dateModified":"2022-01-08T16:59:54+00:00","description":"Vintage S24 St\u00fchle aus massiver Ulme, Pierre Chapo. Frans\u00f6zisches Design aus den 60er, Designklassiker. Kissthedesign, Lausanne, Schweiz.","breadcrumb":{"@id":"https:\/\/www.kissthedesign.ch\/de\/produkt\/pierre-chapo-s24-stuehle\/#breadcrumb"},"inLanguage":"de","potentialAction":[{"@type":"ReadAction","target":["https:\/\/www.kissthedesign.ch\/de\/produkt\/pierre-chapo-s24-stuehle\/"]}]},{"@type":"ImageObject","inLanguage":"de","@id":"https:\/\/www.kissthedesign.ch\/de\/produkt\/pierre-chapo-s24-stuehle\/#primaryimage","url":"https:\/\/www.kissthedesign.ch\/wp\/wp-content\/uploads\/2016\/05\/pierre-chapo-s24-stuehle.jpg","contentUrl":"https:\/\/www.kissthedesign.ch\/wp\/wp-content\/uploads\/2016\/05\/pierre-chapo-s24-stuehle.jpg","width":1100,"height":733,"caption":"St\u00fchle S24, Pierre Chapo"},{"@type":"BreadcrumbList","@id":"https:\/\/www.kissthedesign.ch\/de\/produkt\/pierre-chapo-s24-stuehle\/#breadcrumb","itemListElement":[{"@type":"ListItem","position":1,"name":"Accueil","item":"https:\/\/www.kissthedesign.ch\/de\/"},{"@type":"ListItem","position":2,"name":"Laden","item":"https:\/\/www.kissthedesign.ch\/de\/laden\/"},{"@type":"ListItem","position":3,"name":"Pierre Chapo | Vintage S24 Stuhl"}]},{"@type":"WebSite","@id":"https:\/\/www.kissthedesign.ch\/en\/#website","url":"https:\/\/www.kissthedesign.ch\/en\/","name":"kissthedesign","description":"Kissthedesign, Lausanne, Suisse. Mobilier du XXe, design vintage","publisher":{"@id":"https:\/\/www.kissthedesign.ch\/en\/#organization"},"potentialAction":[{"@type":"SearchAction","target":{"@type":"EntryPoint","urlTemplate":"https:\/\/www.kissthedesign.ch\/en\/?s={search_term_string}"},"query-input":{"@type":"PropertyValueSpecification","valueRequired":true,"valueName":"search_term_string"}}],"inLanguage":"de"},{"@type":"Organization","@id":"https:\/\/www.kissthedesign.ch\/en\/#organization","name":"Kissthedesign","url":"https:\/\/www.kissthedesign.ch\/en\/","logo":{"@type":"ImageObject","inLanguage":"de","@id":"https:\/\/www.kissthedesign.ch\/en\/#\/schema\/logo\/image\/","url":"https:\/\/www.kissthedesign.ch\/wp\/wp-content\/uploads\/2016\/08\/ktd-logo-web.jpg","contentUrl":"https:\/\/www.kissthedesign.ch\/wp\/wp-content\/uploads\/2016\/08\/ktd-logo-web.jpg","width":450,"height":167,"caption":"Kissthedesign"},"image":{"@id":"https:\/\/www.kissthedesign.ch\/en\/#\/schema\/logo\/image\/"}}]}},"_links":{"self":[{"href":"https:\/\/www.kissthedesign.ch\/de\/wp-json\/wp\/v2\/product\/12394","targetHints":{"allow":["GET"]}}],"collection":[{"href":"https:\/\/www.kissthedesign.ch\/de\/wp-json\/wp\/v2\/product"}],"about":[{"href":"https:\/\/www.kissthedesign.ch\/de\/wp-json\/wp\/v2\/types\/product"}],"replies":[{"embeddable":true,"href":"https:\/\/www.kissthedesign.ch\/de\/wp-json\/wp\/v2\/comments?post=12394"}],"wp:featuredmedia":[{"embeddable":true,"href":"https:\/\/www.kissthedesign.ch\/de\/wp-json\/wp\/v2\/media\/24579"}],"wp:attachment":[{"href":"https:\/\/www.kissthedesign.ch\/de\/wp-json\/wp\/v2\/media?parent=12394"}],"wp:term":[{"taxonomy":"product_brand","embeddable":true,"href":"https:\/\/www.kissthedesign.ch\/de\/wp-json\/wp\/v2\/product_brand?post=12394"},{"taxonomy":"product_cat","embeddable":true,"href":"https:\/\/www.kissthedesign.ch\/de\/wp-json\/wp\/v2\/product_cat?post=12394"},{"taxonomy":"product_tag","embeddable":true,"href":"https:\/\/www.kissthedesign.ch\/de\/wp-json\/wp\/v2\/product_tag?post=12394"}],"curies":[{"name":"wp","href":"https:\/\/api.w.org\/{rel}","templated":true}]}}