{"id":12406,"date":"2016-05-05T09:42:48","date_gmt":"2016-05-05T08:42:48","guid":{"rendered":"http:\/\/www.kissthedesign.ch\/product\/gerrit-t-rietveld-utrecht-sofa-cassina\/"},"modified":"2017-01-01T19:10:46","modified_gmt":"2017-01-01T18:10:46","slug":"rietveld-utrecht-sofa-cassina","status":"publish","type":"product","link":"https:\/\/www.kissthedesign.ch\/de\/produkt\/rietveld-utrecht-sofa-cassina\/","title":{"rendered":"Gerrit T. Rietveld | Utrecht Sofa | Cassina"},"content":{"rendered":"<div class=\"wpb-content-wrapper\"><p>[vc_row][vc_column][vc_column_text]<\/p>\n<h2>Utrecht Sofa von\u00a0Gerrit Rietveld, Cassina.<\/h2>\n<p>Gerrit T. Rietveld (Utrecht, 1888-1964), ist sowohl Designer, als auch Kunstschreiner und Architekt.<br \/>\nIm 1918 trat Rietveld der Bewegung De Stijl bei, die aus einer im Jahre zuvor von Theo van Doesburg gegr\u00fcndeten Str\u00f6mung hervorgegangen war.<\/p>\n<p>Cassina herstellt Designklassiker von Rietveld\u00a0wieder: Red and Blue\u00a0(1918), Zig-Zag (1934), Schr\u00f6der 1 (1923)\u00a0und\u00a0Utrecht (1935)<\/p>\n<p>Modernistische\u00a0Geschwungenes Utrecht 3-Sitzersofa\u00a0mit tragendem Gestell aus Stahl.\u00a0Polsterung aus Polyurethanschaum und Polyesterwatte.\u00a0Schwarze Plastikgleiter, Bez\u00fcge aus grauen Stoff (Filzwolle) mit weissen\u00a0Steppn\u00e4hten. Unterschrift und Seriennummer unter dem Sitz. Neuwertige Exemplare in\u00a0sehr guten\u00a0Zustand mit einem Defekt hinten einer Armlehne und leichte Pillingbildung.<br \/>\nGr\u00f6\u00dfe: 204 x 102 cm, H. 70 cm.\u00a0Sitzh\u00f6he\u00a037 cm.[\/vc_column_text][\/vc_column][\/vc_row][vc_row][vc_column]\n<div class=\"wpcf7 no-js\" id=\"wpcf7-f12225-o1\" lang=\"fr-FR\" dir=\"ltr\" data-wpcf7-id=\"12225\">\n<div class=\"screen-reader-response\"><p role=\"status\" aria-live=\"polite\" aria-atomic=\"true\"><\/p> <ul><\/ul><\/div>\n<form action=\"\/de\/wp-json\/wp\/v2\/product\/12406#wpcf7-f12225-o1\" method=\"post\" class=\"wpcf7-form init\" aria-label=\"Formulaire de contact\" novalidate=\"novalidate\" data-status=\"init\">\n<fieldset class=\"hidden-fields-container\"><input type=\"hidden\" name=\"_wpcf7\" value=\"12225\" \/><input type=\"hidden\" name=\"_wpcf7_version\" value=\"6.1.5\" \/><input type=\"hidden\" name=\"_wpcf7_locale\" value=\"fr_FR\" \/><input type=\"hidden\" name=\"_wpcf7_unit_tag\" value=\"wpcf7-f12225-o1\" \/><input type=\"hidden\" name=\"_wpcf7_container_post\" value=\"0\" \/><input type=\"hidden\" name=\"_wpcf7_posted_data_hash\" value=\"\" \/><input type=\"hidden\" name=\"_wpcf7_recaptcha_response\" value=\"\" \/>\n<\/fieldset>\n\n<!-- CF7 Modules -->\n<div style='display:none;'><input type=\"hidden\" class=\"wpcf7-form-control wpcf7-hidden\" name=\"hidden-931\" placeholder=\"\" value=\"Gerrit T. Rietveld | Utrecht Sofa | Cassina\" \/>\n<\/div>\n<!-- End CF7 Modules -->\n\n<p><b>Kontaktieren Sie uns \u00fcber diesen Artikel<\/b>\n<\/p>\n<p>Ihre Name (Pflichtfeld)\n<\/p>\n<p><span class=\"wpcf7-form-control-wrap\" data-name=\"your-name\"><input size=\"40\" maxlength=\"400\" class=\"wpcf7-form-control wpcf7-text wpcf7-validates-as-required\" aria-required=\"true\" aria-invalid=\"false\" value=\"\" type=\"text\" name=\"your-name\" \/><\/span>\n<\/p>\n<p>Ihre Email (Pflichtfeld)\n<\/p>\n<p><span class=\"wpcf7-form-control-wrap\" data-name=\"your-email\"><input size=\"40\" maxlength=\"400\" class=\"wpcf7-form-control wpcf7-email wpcf7-validates-as-required wpcf7-text wpcf7-validates-as-email\" aria-required=\"true\" aria-invalid=\"false\" value=\"\" type=\"email\" name=\"your-email\" \/><\/span>\n<\/p>\n<p>Ihre Nachricht\n<\/p>\n<p><span class=\"wpcf7-form-control-wrap\" data-name=\"your-message\"><textarea cols=\"40\" rows=\"10\" maxlength=\"2000\" class=\"wpcf7-form-control wpcf7-textarea\" aria-invalid=\"false\" name=\"your-message\"><\/textarea><\/span>\n<\/p>\n<p>Die von Ihnen eingegebenen und mit diesem Formular gesendeten Daten werden gespeichert, aber werden nie verkauft oder an Dritte weitergegeben.\n<\/p>\n<p><span class=\"wpcf7-form-control-wrap\" data-name=\"checkbox-296\"><span class=\"wpcf7-form-control wpcf7-checkbox wpcf7-validates-as-required\"><span class=\"wpcf7-list-item first last\"><input type=\"checkbox\" name=\"checkbox-296[]\" value=\"Ich akzeptiere\" \/><span class=\"wpcf7-list-item-label\">Ich akzeptiere<\/span><\/span><\/span><\/span>\n<\/p>\n<p><input class=\"wpcf7-form-control wpcf7-submit has-spinner\" type=\"submit\" value=\"Senden\" \/>\n<\/p><div class=\"wpcf7-response-output\" aria-hidden=\"true\"><\/div>\n<\/form>\n<\/div>\n[\/vc_column][\/vc_row]<\/p>\n<\/div>","protected":false},"excerpt":{"rendered":"<p>Modernistische Geschwungenes\u00a03-Sitzersofa\u00a0mit tragendem Gestell aus Stahl.\u00a0Polsterung aus Polyurethanschaum und Polyesterwatte.\u00a0Schwarze Plastikgleiter, Bez\u00fcge aus grauen Stoff (Filzwolle) mit weissen\u00a0Steppn\u00e4hten. Unterschrift und Seriennummer unter dem Sitz. Neuwertige Exemplare in sehr guten\u00a0Zustand mit einem Defekt hinten einer Armlehne und leichte Pillingbildung.<br \/>\nGr\u00f6\u00dfe: 204 x 102 cm, H. 70 cm. Sitzh\u00f6he\u00a037 cm.<\/p>\n","protected":false},"featured_media":11541,"comment_status":"closed","ping_status":"closed","template":"","meta":{"_monsterinsights_skip_tracking":false,"_monsterinsights_sitenote_active":false,"_monsterinsights_sitenote_note":"","_monsterinsights_sitenote_category":0},"product_brand":[],"product_cat":[255],"product_tag":[],"class_list":{"0":"post-12406","1":"product","2":"type-product","3":"status-publish","4":"has-post-thumbnail","6":"product_cat-archiv-de","8":"first","9":"outofstock","10":"taxable","11":"shipping-taxable","12":"product-type-simple"},"yoast_head":"<!-- This site is optimized with the Yoast SEO plugin v25.3.1 - https:\/\/yoast.com\/wordpress\/plugins\/seo\/ -->\n<title>Gerrit T. Rietveld | Utrecht Sofa | Cassina | Designklassiker, Schweiz<\/title>\n<meta name=\"description\" content=\"Utrecht Sofa, Gerrit Rietveld, Cassina. Modernismus De Stijl, Designklassiker. Galerie Kissthedesign, Lausanne, Schweiz. Designladen f\u00fcr vintage M\u00f6beln\" \/>\n<meta name=\"robots\" content=\"index, follow, max-snippet:-1, max-image-preview:large, max-video-preview:-1\" \/>\n<link rel=\"canonical\" href=\"https:\/\/www.kissthedesign.ch\/de\/produkt\/rietveld-utrecht-sofa-cassina\/\" \/>\n<meta property=\"og:locale\" content=\"de_DE\" \/>\n<meta property=\"og:type\" content=\"article\" \/>\n<meta property=\"og:title\" content=\"Gerrit T. Rietveld | Utrecht Sofa | Cassina | Designklassiker, Schweiz\" \/>\n<meta property=\"og:description\" content=\"Utrecht Sofa, Gerrit Rietveld, Cassina. Modernismus De Stijl, Designklassiker. Galerie Kissthedesign, Lausanne, Schweiz. Designladen f\u00fcr vintage M\u00f6beln\" \/>\n<meta property=\"og:url\" content=\"https:\/\/www.kissthedesign.ch\/de\/produkt\/rietveld-utrecht-sofa-cassina\/\" \/>\n<meta property=\"og:site_name\" content=\"kissthedesign\" \/>\n<meta property=\"article:modified_time\" content=\"2017-01-01T18:10:46+00:00\" \/>\n<meta property=\"og:image\" content=\"https:\/\/www.kissthedesign.ch\/wp\/wp-content\/uploads\/2016\/05\/3sitzer-sofa-utrecht-gerrit-rietveld-cassina-1.jpg\" \/>\n\t<meta property=\"og:image:width\" content=\"1000\" \/>\n\t<meta property=\"og:image:height\" content=\"667\" \/>\n\t<meta property=\"og:image:type\" content=\"image\/jpeg\" \/>\n<meta name=\"twitter:label1\" content=\"Gesch\u00e4tzte Lesezeit\" \/>\n\t<meta name=\"twitter:data1\" content=\"1\u00a0Minute\" \/>\n<script type=\"application\/ld+json\" class=\"yoast-schema-graph\">{\"@context\":\"https:\/\/schema.org\",\"@graph\":[{\"@type\":\"WebPage\",\"@id\":\"https:\/\/www.kissthedesign.ch\/de\/produkt\/rietveld-utrecht-sofa-cassina\/\",\"url\":\"https:\/\/www.kissthedesign.ch\/de\/produkt\/rietveld-utrecht-sofa-cassina\/\",\"name\":\"Gerrit T. Rietveld | Utrecht Sofa | Cassina | Designklassiker, Schweiz\",\"isPartOf\":{\"@id\":\"https:\/\/www.kissthedesign.ch\/en\/#website\"},\"primaryImageOfPage\":{\"@id\":\"https:\/\/www.kissthedesign.ch\/de\/produkt\/rietveld-utrecht-sofa-cassina\/#primaryimage\"},\"image\":{\"@id\":\"https:\/\/www.kissthedesign.ch\/de\/produkt\/rietveld-utrecht-sofa-cassina\/#primaryimage\"},\"thumbnailUrl\":\"https:\/\/www.kissthedesign.ch\/wp\/wp-content\/uploads\/2016\/05\/3sitzer-sofa-utrecht-gerrit-rietveld-cassina-1.jpg\",\"datePublished\":\"2016-05-05T08:42:48+00:00\",\"dateModified\":\"2017-01-01T18:10:46+00:00\",\"description\":\"Utrecht Sofa, Gerrit Rietveld, Cassina. Modernismus De Stijl, Designklassiker. Galerie Kissthedesign, Lausanne, Schweiz. Designladen f\u00fcr vintage M\u00f6beln\",\"breadcrumb\":{\"@id\":\"https:\/\/www.kissthedesign.ch\/de\/produkt\/rietveld-utrecht-sofa-cassina\/#breadcrumb\"},\"inLanguage\":\"de\",\"potentialAction\":[{\"@type\":\"ReadAction\",\"target\":[\"https:\/\/www.kissthedesign.ch\/de\/produkt\/rietveld-utrecht-sofa-cassina\/\"]}]},{\"@type\":\"ImageObject\",\"inLanguage\":\"de\",\"@id\":\"https:\/\/www.kissthedesign.ch\/de\/produkt\/rietveld-utrecht-sofa-cassina\/#primaryimage\",\"url\":\"https:\/\/www.kissthedesign.ch\/wp\/wp-content\/uploads\/2016\/05\/3sitzer-sofa-utrecht-gerrit-rietveld-cassina-1.jpg\",\"contentUrl\":\"https:\/\/www.kissthedesign.ch\/wp\/wp-content\/uploads\/2016\/05\/3sitzer-sofa-utrecht-gerrit-rietveld-cassina-1.jpg\",\"width\":1000,\"height\":667,\"caption\":\"Utrecht sofa, Gerrit T. Rietveld, Cassina\"},{\"@type\":\"BreadcrumbList\",\"@id\":\"https:\/\/www.kissthedesign.ch\/de\/produkt\/rietveld-utrecht-sofa-cassina\/#breadcrumb\",\"itemListElement\":[{\"@type\":\"ListItem\",\"position\":1,\"name\":\"Accueil\",\"item\":\"https:\/\/www.kissthedesign.ch\/de\/\"},{\"@type\":\"ListItem\",\"position\":2,\"name\":\"Laden\",\"item\":\"https:\/\/www.kissthedesign.ch\/de\/laden\/\"},{\"@type\":\"ListItem\",\"position\":3,\"name\":\"Gerrit T. Rietveld | Utrecht Sofa | Cassina\"}]},{\"@type\":\"WebSite\",\"@id\":\"https:\/\/www.kissthedesign.ch\/en\/#website\",\"url\":\"https:\/\/www.kissthedesign.ch\/en\/\",\"name\":\"kissthedesign\",\"description\":\"Kissthedesign, Lausanne, Suisse. Mobilier du XXe, design vintage\",\"publisher\":{\"@id\":\"https:\/\/www.kissthedesign.ch\/en\/#organization\"},\"potentialAction\":[{\"@type\":\"SearchAction\",\"target\":{\"@type\":\"EntryPoint\",\"urlTemplate\":\"https:\/\/www.kissthedesign.ch\/en\/?s={search_term_string}\"},\"query-input\":{\"@type\":\"PropertyValueSpecification\",\"valueRequired\":true,\"valueName\":\"search_term_string\"}}],\"inLanguage\":\"de\"},{\"@type\":\"Organization\",\"@id\":\"https:\/\/www.kissthedesign.ch\/en\/#organization\",\"name\":\"Kissthedesign\",\"url\":\"https:\/\/www.kissthedesign.ch\/en\/\",\"logo\":{\"@type\":\"ImageObject\",\"inLanguage\":\"de\",\"@id\":\"https:\/\/www.kissthedesign.ch\/en\/#\/schema\/logo\/image\/\",\"url\":\"https:\/\/www.kissthedesign.ch\/wp\/wp-content\/uploads\/2016\/08\/ktd-logo-web.jpg\",\"contentUrl\":\"https:\/\/www.kissthedesign.ch\/wp\/wp-content\/uploads\/2016\/08\/ktd-logo-web.jpg\",\"width\":450,\"height\":167,\"caption\":\"Kissthedesign\"},\"image\":{\"@id\":\"https:\/\/www.kissthedesign.ch\/en\/#\/schema\/logo\/image\/\"}}]}<\/script>\n<!-- \/ Yoast SEO plugin. -->","yoast_head_json":{"title":"Gerrit T. Rietveld | Utrecht Sofa | Cassina | Designklassiker, Schweiz","description":"Utrecht Sofa, Gerrit Rietveld, Cassina. Modernismus De Stijl, Designklassiker. Galerie Kissthedesign, Lausanne, Schweiz. Designladen f\u00fcr vintage M\u00f6beln","robots":{"index":"index","follow":"follow","max-snippet":"max-snippet:-1","max-image-preview":"max-image-preview:large","max-video-preview":"max-video-preview:-1"},"canonical":"https:\/\/www.kissthedesign.ch\/de\/produkt\/rietveld-utrecht-sofa-cassina\/","og_locale":"de_DE","og_type":"article","og_title":"Gerrit T. Rietveld | Utrecht Sofa | Cassina | Designklassiker, Schweiz","og_description":"Utrecht Sofa, Gerrit Rietveld, Cassina. Modernismus De Stijl, Designklassiker. Galerie Kissthedesign, Lausanne, Schweiz. Designladen f\u00fcr vintage M\u00f6beln","og_url":"https:\/\/www.kissthedesign.ch\/de\/produkt\/rietveld-utrecht-sofa-cassina\/","og_site_name":"kissthedesign","article_modified_time":"2017-01-01T18:10:46+00:00","og_image":[{"width":1000,"height":667,"url":"https:\/\/www.kissthedesign.ch\/wp\/wp-content\/uploads\/2016\/05\/3sitzer-sofa-utrecht-gerrit-rietveld-cassina-1.jpg","type":"image\/jpeg"}],"twitter_misc":{"Gesch\u00e4tzte Lesezeit":"1\u00a0Minute"},"schema":{"@context":"https:\/\/schema.org","@graph":[{"@type":"WebPage","@id":"https:\/\/www.kissthedesign.ch\/de\/produkt\/rietveld-utrecht-sofa-cassina\/","url":"https:\/\/www.kissthedesign.ch\/de\/produkt\/rietveld-utrecht-sofa-cassina\/","name":"Gerrit T. Rietveld | Utrecht Sofa | Cassina | Designklassiker, Schweiz","isPartOf":{"@id":"https:\/\/www.kissthedesign.ch\/en\/#website"},"primaryImageOfPage":{"@id":"https:\/\/www.kissthedesign.ch\/de\/produkt\/rietveld-utrecht-sofa-cassina\/#primaryimage"},"image":{"@id":"https:\/\/www.kissthedesign.ch\/de\/produkt\/rietveld-utrecht-sofa-cassina\/#primaryimage"},"thumbnailUrl":"https:\/\/www.kissthedesign.ch\/wp\/wp-content\/uploads\/2016\/05\/3sitzer-sofa-utrecht-gerrit-rietveld-cassina-1.jpg","datePublished":"2016-05-05T08:42:48+00:00","dateModified":"2017-01-01T18:10:46+00:00","description":"Utrecht Sofa, Gerrit Rietveld, Cassina. Modernismus De Stijl, Designklassiker. Galerie Kissthedesign, Lausanne, Schweiz. Designladen f\u00fcr vintage M\u00f6beln","breadcrumb":{"@id":"https:\/\/www.kissthedesign.ch\/de\/produkt\/rietveld-utrecht-sofa-cassina\/#breadcrumb"},"inLanguage":"de","potentialAction":[{"@type":"ReadAction","target":["https:\/\/www.kissthedesign.ch\/de\/produkt\/rietveld-utrecht-sofa-cassina\/"]}]},{"@type":"ImageObject","inLanguage":"de","@id":"https:\/\/www.kissthedesign.ch\/de\/produkt\/rietveld-utrecht-sofa-cassina\/#primaryimage","url":"https:\/\/www.kissthedesign.ch\/wp\/wp-content\/uploads\/2016\/05\/3sitzer-sofa-utrecht-gerrit-rietveld-cassina-1.jpg","contentUrl":"https:\/\/www.kissthedesign.ch\/wp\/wp-content\/uploads\/2016\/05\/3sitzer-sofa-utrecht-gerrit-rietveld-cassina-1.jpg","width":1000,"height":667,"caption":"Utrecht sofa, Gerrit T. Rietveld, Cassina"},{"@type":"BreadcrumbList","@id":"https:\/\/www.kissthedesign.ch\/de\/produkt\/rietveld-utrecht-sofa-cassina\/#breadcrumb","itemListElement":[{"@type":"ListItem","position":1,"name":"Accueil","item":"https:\/\/www.kissthedesign.ch\/de\/"},{"@type":"ListItem","position":2,"name":"Laden","item":"https:\/\/www.kissthedesign.ch\/de\/laden\/"},{"@type":"ListItem","position":3,"name":"Gerrit T. Rietveld | Utrecht Sofa | Cassina"}]},{"@type":"WebSite","@id":"https:\/\/www.kissthedesign.ch\/en\/#website","url":"https:\/\/www.kissthedesign.ch\/en\/","name":"kissthedesign","description":"Kissthedesign, Lausanne, Suisse. Mobilier du XXe, design vintage","publisher":{"@id":"https:\/\/www.kissthedesign.ch\/en\/#organization"},"potentialAction":[{"@type":"SearchAction","target":{"@type":"EntryPoint","urlTemplate":"https:\/\/www.kissthedesign.ch\/en\/?s={search_term_string}"},"query-input":{"@type":"PropertyValueSpecification","valueRequired":true,"valueName":"search_term_string"}}],"inLanguage":"de"},{"@type":"Organization","@id":"https:\/\/www.kissthedesign.ch\/en\/#organization","name":"Kissthedesign","url":"https:\/\/www.kissthedesign.ch\/en\/","logo":{"@type":"ImageObject","inLanguage":"de","@id":"https:\/\/www.kissthedesign.ch\/en\/#\/schema\/logo\/image\/","url":"https:\/\/www.kissthedesign.ch\/wp\/wp-content\/uploads\/2016\/08\/ktd-logo-web.jpg","contentUrl":"https:\/\/www.kissthedesign.ch\/wp\/wp-content\/uploads\/2016\/08\/ktd-logo-web.jpg","width":450,"height":167,"caption":"Kissthedesign"},"image":{"@id":"https:\/\/www.kissthedesign.ch\/en\/#\/schema\/logo\/image\/"}}]}},"_links":{"self":[{"href":"https:\/\/www.kissthedesign.ch\/de\/wp-json\/wp\/v2\/product\/12406","targetHints":{"allow":["GET"]}}],"collection":[{"href":"https:\/\/www.kissthedesign.ch\/de\/wp-json\/wp\/v2\/product"}],"about":[{"href":"https:\/\/www.kissthedesign.ch\/de\/wp-json\/wp\/v2\/types\/product"}],"replies":[{"embeddable":true,"href":"https:\/\/www.kissthedesign.ch\/de\/wp-json\/wp\/v2\/comments?post=12406"}],"wp:featuredmedia":[{"embeddable":true,"href":"https:\/\/www.kissthedesign.ch\/de\/wp-json\/wp\/v2\/media\/11541"}],"wp:attachment":[{"href":"https:\/\/www.kissthedesign.ch\/de\/wp-json\/wp\/v2\/media?parent=12406"}],"wp:term":[{"taxonomy":"product_brand","embeddable":true,"href":"https:\/\/www.kissthedesign.ch\/de\/wp-json\/wp\/v2\/product_brand?post=12406"},{"taxonomy":"product_cat","embeddable":true,"href":"https:\/\/www.kissthedesign.ch\/de\/wp-json\/wp\/v2\/product_cat?post=12406"},{"taxonomy":"product_tag","embeddable":true,"href":"https:\/\/www.kissthedesign.ch\/de\/wp-json\/wp\/v2\/product_tag?post=12406"}],"curies":[{"name":"wp","href":"https:\/\/api.w.org\/{rel}","templated":true}]}}