{"id":12433,"date":"2016-04-03T12:16:31","date_gmt":"2016-04-03T11:16:31","guid":{"rendered":"http:\/\/www.kissthedesign.ch\/product\/frank-lloyd-wright-barrel-chair-cassina\/"},"modified":"2017-01-01T19:13:58","modified_gmt":"2017-01-01T18:13:58","slug":"barrel-frank-lloyd-wright","status":"publish","type":"product","link":"https:\/\/www.kissthedesign.ch\/de\/produkt\/barrel-frank-lloyd-wright\/","title":{"rendered":"Frank Lloyd Wright | Barrel chair | Cassina"},"content":{"rendered":"<div class=\"wpb-content-wrapper\"><p>[vc_row][vc_column][vc_column_text]<\/p>\n<h2>Sessel\u00a0606 Barrel von\u00a0Frank Lloyd Wright, Cassina.<\/h2>\n<p>Frank Lloyd Wright (1867 \u2013 1959) wird als Vorfahren der amerikanischen modernen Architektur.<\/p>\n<p>2 Barrel Sessel\u00a0mit gekr\u00fcmmter Lehne aus Kirschbaum natur. Die aus Kunststoffmaterial bestehende Sitzfl\u00e4che ist mit Polyurethanschaum und Polyesterwatte gepolstert und cremewei\u00dfen Stoff.<br \/>\nMit Unterschrift und Seriennummer. Neuwertige Cassina Exemplare.<br \/>\nGr\u00f6\u00dfe: 54,5 x 55,5 cm H. 81 cm,\u00a0Sitzh\u00f6he: 50 cm.[\/vc_column_text][\/vc_column][\/vc_row][vc_row][vc_column]\n<div class=\"wpcf7 no-js\" id=\"wpcf7-f12225-o1\" lang=\"fr-FR\" dir=\"ltr\" data-wpcf7-id=\"12225\">\n<div class=\"screen-reader-response\"><p role=\"status\" aria-live=\"polite\" aria-atomic=\"true\"><\/p> <ul><\/ul><\/div>\n<form action=\"\/de\/wp-json\/wp\/v2\/product\/12433#wpcf7-f12225-o1\" method=\"post\" class=\"wpcf7-form init\" aria-label=\"Formulaire de contact\" novalidate=\"novalidate\" data-status=\"init\">\n<fieldset class=\"hidden-fields-container\"><input type=\"hidden\" name=\"_wpcf7\" value=\"12225\" \/><input type=\"hidden\" name=\"_wpcf7_version\" value=\"6.1.5\" \/><input type=\"hidden\" name=\"_wpcf7_locale\" value=\"fr_FR\" \/><input type=\"hidden\" name=\"_wpcf7_unit_tag\" value=\"wpcf7-f12225-o1\" \/><input type=\"hidden\" name=\"_wpcf7_container_post\" value=\"0\" \/><input type=\"hidden\" name=\"_wpcf7_posted_data_hash\" value=\"\" \/><input type=\"hidden\" name=\"_wpcf7_recaptcha_response\" value=\"\" \/>\n<\/fieldset>\n\n<!-- CF7 Modules -->\n<div style='display:none;'><input type=\"hidden\" class=\"wpcf7-form-control wpcf7-hidden\" name=\"hidden-931\" placeholder=\"\" value=\"Frank Lloyd Wright | Barrel chair | Cassina\" \/>\n<\/div>\n<!-- End CF7 Modules -->\n\n<p><b>Kontaktieren Sie uns \u00fcber diesen Artikel<\/b>\n<\/p>\n<p>Ihre Name (Pflichtfeld)\n<\/p>\n<p><span class=\"wpcf7-form-control-wrap\" data-name=\"your-name\"><input size=\"40\" maxlength=\"400\" class=\"wpcf7-form-control wpcf7-text wpcf7-validates-as-required\" aria-required=\"true\" aria-invalid=\"false\" value=\"\" type=\"text\" name=\"your-name\" \/><\/span>\n<\/p>\n<p>Ihre Email (Pflichtfeld)\n<\/p>\n<p><span class=\"wpcf7-form-control-wrap\" data-name=\"your-email\"><input size=\"40\" maxlength=\"400\" class=\"wpcf7-form-control wpcf7-email wpcf7-validates-as-required wpcf7-text wpcf7-validates-as-email\" aria-required=\"true\" aria-invalid=\"false\" value=\"\" type=\"email\" name=\"your-email\" \/><\/span>\n<\/p>\n<p>Ihre Nachricht\n<\/p>\n<p><span class=\"wpcf7-form-control-wrap\" data-name=\"your-message\"><textarea cols=\"40\" rows=\"10\" maxlength=\"2000\" class=\"wpcf7-form-control wpcf7-textarea\" aria-invalid=\"false\" name=\"your-message\"><\/textarea><\/span>\n<\/p>\n<p>Die von Ihnen eingegebenen und mit diesem Formular gesendeten Daten werden gespeichert, aber werden nie verkauft oder an Dritte weitergegeben.\n<\/p>\n<p><span class=\"wpcf7-form-control-wrap\" data-name=\"checkbox-296\"><span class=\"wpcf7-form-control wpcf7-checkbox wpcf7-validates-as-required\"><span class=\"wpcf7-list-item first last\"><input type=\"checkbox\" name=\"checkbox-296[]\" value=\"Ich akzeptiere\" \/><span class=\"wpcf7-list-item-label\">Ich akzeptiere<\/span><\/span><\/span><\/span>\n<\/p>\n<p><input class=\"wpcf7-form-control wpcf7-submit has-spinner\" type=\"submit\" value=\"Senden\" \/>\n<\/p><div class=\"wpcf7-response-output\" aria-hidden=\"true\"><\/div>\n<\/form>\n<\/div>\n[\/vc_column][\/vc_row]<\/p>\n<\/div>","protected":false},"excerpt":{"rendered":"<p>2 Sessel\u00a0mit gekr\u00fcmmter Lehne aus Kirschbaum natur. Die aus Kunststoffmaterial bestehende Sitzfl\u00e4che ist mit Polyurethanschaum und Polyesterwatte gepolstert und cremewei\u00dfen Stoff.<br \/>\nMit Unterschrift und Seriennummer. Neuwertige Exemplare.<br \/>\nGr\u00f6\u00dfe: 54,5 x 55,5 cm H. 81 cm, Sitzh\u00f6he: 50 cm.<\/p>\n","protected":false},"featured_media":11299,"comment_status":"closed","ping_status":"closed","template":"","meta":{"_monsterinsights_skip_tracking":false,"_monsterinsights_sitenote_active":false,"_monsterinsights_sitenote_note":"","_monsterinsights_sitenote_category":0},"product_brand":[],"product_cat":[255],"product_tag":[],"class_list":{"0":"post-12433","1":"product","2":"type-product","3":"status-publish","4":"has-post-thumbnail","6":"product_cat-archiv-de","8":"first","9":"outofstock","10":"taxable","11":"shipping-taxable","12":"product-type-simple"},"yoast_head":"<!-- This site is optimized with the Yoast SEO plugin v25.3.1 - https:\/\/yoast.com\/wordpress\/plugins\/seo\/ -->\n<title>Frank Lloyd Wright | Barrel chair | Cassina | Designklassiker<\/title>\n<meta name=\"description\" content=\"Barrel Sessel, Frank Lloyd Wright, Cassina. Designklassiker aus dem 20 Jahrhundert. Galerie Kissthedesign, Lausanne, Schweiz. Designladen\" \/>\n<meta name=\"robots\" content=\"index, follow, max-snippet:-1, max-image-preview:large, max-video-preview:-1\" \/>\n<link rel=\"canonical\" href=\"https:\/\/www.kissthedesign.ch\/de\/produkt\/barrel-frank-lloyd-wright\/\" \/>\n<meta property=\"og:locale\" content=\"de_DE\" \/>\n<meta property=\"og:type\" content=\"article\" \/>\n<meta property=\"og:title\" content=\"Frank Lloyd Wright | Barrel chair | Cassina | Designklassiker\" \/>\n<meta property=\"og:description\" content=\"Barrel Sessel, Frank Lloyd Wright, Cassina. Designklassiker aus dem 20 Jahrhundert. Galerie Kissthedesign, Lausanne, Schweiz. Designladen\" \/>\n<meta property=\"og:url\" content=\"https:\/\/www.kissthedesign.ch\/de\/produkt\/barrel-frank-lloyd-wright\/\" \/>\n<meta property=\"og:site_name\" content=\"kissthedesign\" \/>\n<meta property=\"article:modified_time\" content=\"2017-01-01T18:13:58+00:00\" \/>\n<meta property=\"og:image\" content=\"https:\/\/www.kissthedesign.ch\/wp\/wp-content\/uploads\/2016\/04\/paire-fauteuils-chaises-barrel-frank-lloyd-wright-cassina.jpg\" \/>\n\t<meta property=\"og:image:width\" content=\"1000\" \/>\n\t<meta property=\"og:image:height\" content=\"667\" \/>\n\t<meta property=\"og:image:type\" content=\"image\/jpeg\" \/>\n<script type=\"application\/ld+json\" class=\"yoast-schema-graph\">{\"@context\":\"https:\/\/schema.org\",\"@graph\":[{\"@type\":\"WebPage\",\"@id\":\"https:\/\/www.kissthedesign.ch\/de\/produkt\/barrel-frank-lloyd-wright\/\",\"url\":\"https:\/\/www.kissthedesign.ch\/de\/produkt\/barrel-frank-lloyd-wright\/\",\"name\":\"Frank Lloyd Wright | Barrel chair | Cassina | Designklassiker\",\"isPartOf\":{\"@id\":\"https:\/\/www.kissthedesign.ch\/en\/#website\"},\"primaryImageOfPage\":{\"@id\":\"https:\/\/www.kissthedesign.ch\/de\/produkt\/barrel-frank-lloyd-wright\/#primaryimage\"},\"image\":{\"@id\":\"https:\/\/www.kissthedesign.ch\/de\/produkt\/barrel-frank-lloyd-wright\/#primaryimage\"},\"thumbnailUrl\":\"https:\/\/www.kissthedesign.ch\/wp\/wp-content\/uploads\/2016\/04\/paire-fauteuils-chaises-barrel-frank-lloyd-wright-cassina.jpg\",\"datePublished\":\"2016-04-03T11:16:31+00:00\",\"dateModified\":\"2017-01-01T18:13:58+00:00\",\"description\":\"Barrel Sessel, Frank Lloyd Wright, Cassina. Designklassiker aus dem 20 Jahrhundert. Galerie Kissthedesign, Lausanne, Schweiz. Designladen\",\"breadcrumb\":{\"@id\":\"https:\/\/www.kissthedesign.ch\/de\/produkt\/barrel-frank-lloyd-wright\/#breadcrumb\"},\"inLanguage\":\"de\",\"potentialAction\":[{\"@type\":\"ReadAction\",\"target\":[\"https:\/\/www.kissthedesign.ch\/de\/produkt\/barrel-frank-lloyd-wright\/\"]}]},{\"@type\":\"ImageObject\",\"inLanguage\":\"de\",\"@id\":\"https:\/\/www.kissthedesign.ch\/de\/produkt\/barrel-frank-lloyd-wright\/#primaryimage\",\"url\":\"https:\/\/www.kissthedesign.ch\/wp\/wp-content\/uploads\/2016\/04\/paire-fauteuils-chaises-barrel-frank-lloyd-wright-cassina.jpg\",\"contentUrl\":\"https:\/\/www.kissthedesign.ch\/wp\/wp-content\/uploads\/2016\/04\/paire-fauteuils-chaises-barrel-frank-lloyd-wright-cassina.jpg\",\"width\":1000,\"height\":667,\"caption\":\"Sesselpaar 606 Barrel Chair, Frank Lloyd Wright, Cassina\"},{\"@type\":\"BreadcrumbList\",\"@id\":\"https:\/\/www.kissthedesign.ch\/de\/produkt\/barrel-frank-lloyd-wright\/#breadcrumb\",\"itemListElement\":[{\"@type\":\"ListItem\",\"position\":1,\"name\":\"Accueil\",\"item\":\"https:\/\/www.kissthedesign.ch\/de\/\"},{\"@type\":\"ListItem\",\"position\":2,\"name\":\"Laden\",\"item\":\"https:\/\/www.kissthedesign.ch\/de\/laden\/\"},{\"@type\":\"ListItem\",\"position\":3,\"name\":\"Frank Lloyd Wright | Barrel chair | Cassina\"}]},{\"@type\":\"WebSite\",\"@id\":\"https:\/\/www.kissthedesign.ch\/en\/#website\",\"url\":\"https:\/\/www.kissthedesign.ch\/en\/\",\"name\":\"kissthedesign\",\"description\":\"Kissthedesign, Lausanne, Suisse. Mobilier du XXe, design vintage\",\"publisher\":{\"@id\":\"https:\/\/www.kissthedesign.ch\/en\/#organization\"},\"potentialAction\":[{\"@type\":\"SearchAction\",\"target\":{\"@type\":\"EntryPoint\",\"urlTemplate\":\"https:\/\/www.kissthedesign.ch\/en\/?s={search_term_string}\"},\"query-input\":{\"@type\":\"PropertyValueSpecification\",\"valueRequired\":true,\"valueName\":\"search_term_string\"}}],\"inLanguage\":\"de\"},{\"@type\":\"Organization\",\"@id\":\"https:\/\/www.kissthedesign.ch\/en\/#organization\",\"name\":\"Kissthedesign\",\"url\":\"https:\/\/www.kissthedesign.ch\/en\/\",\"logo\":{\"@type\":\"ImageObject\",\"inLanguage\":\"de\",\"@id\":\"https:\/\/www.kissthedesign.ch\/en\/#\/schema\/logo\/image\/\",\"url\":\"https:\/\/www.kissthedesign.ch\/wp\/wp-content\/uploads\/2016\/08\/ktd-logo-web.jpg\",\"contentUrl\":\"https:\/\/www.kissthedesign.ch\/wp\/wp-content\/uploads\/2016\/08\/ktd-logo-web.jpg\",\"width\":450,\"height\":167,\"caption\":\"Kissthedesign\"},\"image\":{\"@id\":\"https:\/\/www.kissthedesign.ch\/en\/#\/schema\/logo\/image\/\"}}]}<\/script>\n<!-- \/ Yoast SEO plugin. -->","yoast_head_json":{"title":"Frank Lloyd Wright | Barrel chair | Cassina | Designklassiker","description":"Barrel Sessel, Frank Lloyd Wright, Cassina. Designklassiker aus dem 20 Jahrhundert. Galerie Kissthedesign, Lausanne, Schweiz. Designladen","robots":{"index":"index","follow":"follow","max-snippet":"max-snippet:-1","max-image-preview":"max-image-preview:large","max-video-preview":"max-video-preview:-1"},"canonical":"https:\/\/www.kissthedesign.ch\/de\/produkt\/barrel-frank-lloyd-wright\/","og_locale":"de_DE","og_type":"article","og_title":"Frank Lloyd Wright | Barrel chair | Cassina | Designklassiker","og_description":"Barrel Sessel, Frank Lloyd Wright, Cassina. Designklassiker aus dem 20 Jahrhundert. Galerie Kissthedesign, Lausanne, Schweiz. Designladen","og_url":"https:\/\/www.kissthedesign.ch\/de\/produkt\/barrel-frank-lloyd-wright\/","og_site_name":"kissthedesign","article_modified_time":"2017-01-01T18:13:58+00:00","og_image":[{"width":1000,"height":667,"url":"https:\/\/www.kissthedesign.ch\/wp\/wp-content\/uploads\/2016\/04\/paire-fauteuils-chaises-barrel-frank-lloyd-wright-cassina.jpg","type":"image\/jpeg"}],"schema":{"@context":"https:\/\/schema.org","@graph":[{"@type":"WebPage","@id":"https:\/\/www.kissthedesign.ch\/de\/produkt\/barrel-frank-lloyd-wright\/","url":"https:\/\/www.kissthedesign.ch\/de\/produkt\/barrel-frank-lloyd-wright\/","name":"Frank Lloyd Wright | Barrel chair | Cassina | Designklassiker","isPartOf":{"@id":"https:\/\/www.kissthedesign.ch\/en\/#website"},"primaryImageOfPage":{"@id":"https:\/\/www.kissthedesign.ch\/de\/produkt\/barrel-frank-lloyd-wright\/#primaryimage"},"image":{"@id":"https:\/\/www.kissthedesign.ch\/de\/produkt\/barrel-frank-lloyd-wright\/#primaryimage"},"thumbnailUrl":"https:\/\/www.kissthedesign.ch\/wp\/wp-content\/uploads\/2016\/04\/paire-fauteuils-chaises-barrel-frank-lloyd-wright-cassina.jpg","datePublished":"2016-04-03T11:16:31+00:00","dateModified":"2017-01-01T18:13:58+00:00","description":"Barrel Sessel, Frank Lloyd Wright, Cassina. Designklassiker aus dem 20 Jahrhundert. Galerie Kissthedesign, Lausanne, Schweiz. Designladen","breadcrumb":{"@id":"https:\/\/www.kissthedesign.ch\/de\/produkt\/barrel-frank-lloyd-wright\/#breadcrumb"},"inLanguage":"de","potentialAction":[{"@type":"ReadAction","target":["https:\/\/www.kissthedesign.ch\/de\/produkt\/barrel-frank-lloyd-wright\/"]}]},{"@type":"ImageObject","inLanguage":"de","@id":"https:\/\/www.kissthedesign.ch\/de\/produkt\/barrel-frank-lloyd-wright\/#primaryimage","url":"https:\/\/www.kissthedesign.ch\/wp\/wp-content\/uploads\/2016\/04\/paire-fauteuils-chaises-barrel-frank-lloyd-wright-cassina.jpg","contentUrl":"https:\/\/www.kissthedesign.ch\/wp\/wp-content\/uploads\/2016\/04\/paire-fauteuils-chaises-barrel-frank-lloyd-wright-cassina.jpg","width":1000,"height":667,"caption":"Sesselpaar 606 Barrel Chair, Frank Lloyd Wright, Cassina"},{"@type":"BreadcrumbList","@id":"https:\/\/www.kissthedesign.ch\/de\/produkt\/barrel-frank-lloyd-wright\/#breadcrumb","itemListElement":[{"@type":"ListItem","position":1,"name":"Accueil","item":"https:\/\/www.kissthedesign.ch\/de\/"},{"@type":"ListItem","position":2,"name":"Laden","item":"https:\/\/www.kissthedesign.ch\/de\/laden\/"},{"@type":"ListItem","position":3,"name":"Frank Lloyd Wright | Barrel chair | Cassina"}]},{"@type":"WebSite","@id":"https:\/\/www.kissthedesign.ch\/en\/#website","url":"https:\/\/www.kissthedesign.ch\/en\/","name":"kissthedesign","description":"Kissthedesign, Lausanne, Suisse. Mobilier du XXe, design vintage","publisher":{"@id":"https:\/\/www.kissthedesign.ch\/en\/#organization"},"potentialAction":[{"@type":"SearchAction","target":{"@type":"EntryPoint","urlTemplate":"https:\/\/www.kissthedesign.ch\/en\/?s={search_term_string}"},"query-input":{"@type":"PropertyValueSpecification","valueRequired":true,"valueName":"search_term_string"}}],"inLanguage":"de"},{"@type":"Organization","@id":"https:\/\/www.kissthedesign.ch\/en\/#organization","name":"Kissthedesign","url":"https:\/\/www.kissthedesign.ch\/en\/","logo":{"@type":"ImageObject","inLanguage":"de","@id":"https:\/\/www.kissthedesign.ch\/en\/#\/schema\/logo\/image\/","url":"https:\/\/www.kissthedesign.ch\/wp\/wp-content\/uploads\/2016\/08\/ktd-logo-web.jpg","contentUrl":"https:\/\/www.kissthedesign.ch\/wp\/wp-content\/uploads\/2016\/08\/ktd-logo-web.jpg","width":450,"height":167,"caption":"Kissthedesign"},"image":{"@id":"https:\/\/www.kissthedesign.ch\/en\/#\/schema\/logo\/image\/"}}]}},"_links":{"self":[{"href":"https:\/\/www.kissthedesign.ch\/de\/wp-json\/wp\/v2\/product\/12433","targetHints":{"allow":["GET"]}}],"collection":[{"href":"https:\/\/www.kissthedesign.ch\/de\/wp-json\/wp\/v2\/product"}],"about":[{"href":"https:\/\/www.kissthedesign.ch\/de\/wp-json\/wp\/v2\/types\/product"}],"replies":[{"embeddable":true,"href":"https:\/\/www.kissthedesign.ch\/de\/wp-json\/wp\/v2\/comments?post=12433"}],"wp:featuredmedia":[{"embeddable":true,"href":"https:\/\/www.kissthedesign.ch\/de\/wp-json\/wp\/v2\/media\/11299"}],"wp:attachment":[{"href":"https:\/\/www.kissthedesign.ch\/de\/wp-json\/wp\/v2\/media?parent=12433"}],"wp:term":[{"taxonomy":"product_brand","embeddable":true,"href":"https:\/\/www.kissthedesign.ch\/de\/wp-json\/wp\/v2\/product_brand?post=12433"},{"taxonomy":"product_cat","embeddable":true,"href":"https:\/\/www.kissthedesign.ch\/de\/wp-json\/wp\/v2\/product_cat?post=12433"},{"taxonomy":"product_tag","embeddable":true,"href":"https:\/\/www.kissthedesign.ch\/de\/wp-json\/wp\/v2\/product_tag?post=12433"}],"curies":[{"name":"wp","href":"https:\/\/api.w.org\/{rel}","templated":true}]}}