{"id":12516,"date":"2015-10-19T14:40:45","date_gmt":"2015-10-19T13:40:45","guid":{"rendered":"http:\/\/www.kissthedesign.ch\/product\/grete-jalk-sofa-mod-118-france-son\/"},"modified":"2022-01-12T17:49:02","modified_gmt":"2022-01-12T16:49:02","slug":"grete-jalk-sofa-118-france-son","status":"publish","type":"product","link":"https:\/\/www.kissthedesign.ch\/de\/produkt\/grete-jalk-sofa-118-france-son\/","title":{"rendered":"Grete Jalk | Sofa Mod. 118 | France &amp; Son"},"content":{"rendered":"<div class=\"wpb-content-wrapper\"><p>[vc_row][vc_column][vc_column_text woodmart_color_scheme=&#8221;&#8221; woodmart_inline=&#8221;&#8221; text_larger=&#8221;&#8221;]<\/p>\n<h2>3 Sitzer Sofa\u00a0mod.118, Grete Jalk, France &amp; Son,\u00a060er Jahre<\/h2>\n<p>Grete Jalk (1920-2006) hat das ikonische Sofa Mod. 118 in den 60er Jahren entworfen. Das sch\u00f6nes Sofa zeigt typisch Merkmale vom D\u00e4nisches Design, ein Mu\u00df f\u00fcr vintage Design Liebhaber!<\/p>\n<p>3-Sitzer-Sofa mit Teakholzgestell und originalen dunkelbraunen Kissen und Stoffen. Mit Plaketten des Herausgebers.<br \/>\nAbmessungen 190 x 75 cm, H 80 cm (H. Sitzfl\u00e4che ca. 40 cm.).<br \/>\nIn sehr gutem Zustand mit Patina auf dem Holz und Kratzern[\/vc_column_text][\/vc_column][\/vc_row][vc_row css=&#8221;.vc_custom_1486917974905{padding-top: 30px !important;}&#8221;][vc_column width=&#8221;1\/2&#8243;]\n<div class=\"wpcf7 no-js\" id=\"wpcf7-f12225-o1\" lang=\"fr-FR\" dir=\"ltr\" data-wpcf7-id=\"12225\">\n<div class=\"screen-reader-response\"><p role=\"status\" aria-live=\"polite\" aria-atomic=\"true\"><\/p> <ul><\/ul><\/div>\n<form action=\"\/de\/wp-json\/wp\/v2\/product\/12516#wpcf7-f12225-o1\" method=\"post\" class=\"wpcf7-form init\" aria-label=\"Formulaire de contact\" novalidate=\"novalidate\" data-status=\"init\">\n<fieldset class=\"hidden-fields-container\"><input type=\"hidden\" name=\"_wpcf7\" value=\"12225\" \/><input type=\"hidden\" name=\"_wpcf7_version\" value=\"6.1.5\" \/><input type=\"hidden\" name=\"_wpcf7_locale\" value=\"fr_FR\" \/><input type=\"hidden\" name=\"_wpcf7_unit_tag\" value=\"wpcf7-f12225-o1\" \/><input type=\"hidden\" name=\"_wpcf7_container_post\" value=\"0\" \/><input type=\"hidden\" name=\"_wpcf7_posted_data_hash\" value=\"\" \/><input type=\"hidden\" name=\"_wpcf7_recaptcha_response\" value=\"\" \/>\n<\/fieldset>\n\n<!-- CF7 Modules -->\n<div style='display:none;'><input type=\"hidden\" class=\"wpcf7-form-control wpcf7-hidden\" name=\"hidden-931\" placeholder=\"\" value=\"Grete Jalk | Sofa Mod. 118 | France &amp; Son\" \/>\n<\/div>\n<!-- End CF7 Modules -->\n\n<p><b>Kontaktieren Sie uns \u00fcber diesen Artikel<\/b>\n<\/p>\n<p>Ihre Name (Pflichtfeld)\n<\/p>\n<p><span class=\"wpcf7-form-control-wrap\" data-name=\"your-name\"><input size=\"40\" maxlength=\"400\" class=\"wpcf7-form-control wpcf7-text wpcf7-validates-as-required\" aria-required=\"true\" aria-invalid=\"false\" value=\"\" type=\"text\" name=\"your-name\" \/><\/span>\n<\/p>\n<p>Ihre Email (Pflichtfeld)\n<\/p>\n<p><span class=\"wpcf7-form-control-wrap\" data-name=\"your-email\"><input size=\"40\" maxlength=\"400\" class=\"wpcf7-form-control wpcf7-email wpcf7-validates-as-required wpcf7-text wpcf7-validates-as-email\" aria-required=\"true\" aria-invalid=\"false\" value=\"\" type=\"email\" name=\"your-email\" \/><\/span>\n<\/p>\n<p>Ihre Nachricht\n<\/p>\n<p><span class=\"wpcf7-form-control-wrap\" data-name=\"your-message\"><textarea cols=\"40\" rows=\"10\" maxlength=\"2000\" class=\"wpcf7-form-control wpcf7-textarea\" aria-invalid=\"false\" name=\"your-message\"><\/textarea><\/span>\n<\/p>\n<p>Die von Ihnen eingegebenen und mit diesem Formular gesendeten Daten werden gespeichert, aber werden nie verkauft oder an Dritte weitergegeben.\n<\/p>\n<p><span class=\"wpcf7-form-control-wrap\" data-name=\"checkbox-296\"><span class=\"wpcf7-form-control wpcf7-checkbox wpcf7-validates-as-required\"><span class=\"wpcf7-list-item first last\"><input type=\"checkbox\" name=\"checkbox-296[]\" value=\"Ich akzeptiere\" \/><span class=\"wpcf7-list-item-label\">Ich akzeptiere<\/span><\/span><\/span><\/span>\n<\/p>\n<p><input class=\"wpcf7-form-control wpcf7-submit has-spinner\" type=\"submit\" value=\"Senden\" \/>\n<\/p><div class=\"wpcf7-response-output\" aria-hidden=\"true\"><\/div>\n<\/form>\n<\/div>\n[\/vc_column][vc_column width=&#8221;1\/2&#8243;][\/vc_column][\/vc_row]<\/p>\n<\/div>","protected":false},"excerpt":{"rendered":"<p>3-Sitzer-Sofa mit Teakholzgestell und originalen dunkelbraunen Kissen und Stoffen. Mit Plaketten des Herausgebers.<br \/>\nMa\u00dfe 190 x 75 cm, H 80 cm (H. Sitzfl\u00e4che ca. 40 cm.).<br \/>\nIn sehr gutem Zustand mit Patina auf dem Holz und Kratzern unter der Sitzfl\u00e4che (nicht sichtbar).<\/p>\n","protected":false},"featured_media":24612,"comment_status":"closed","ping_status":"closed","template":"","meta":{"_monsterinsights_skip_tracking":false,"_monsterinsights_sitenote_active":false,"_monsterinsights_sitenote_note":"","_monsterinsights_sitenote_category":0},"product_brand":[],"product_cat":[77,256,69],"product_tag":[390,466,962,501],"class_list":{"0":"post-12516","1":"product","2":"type-product","3":"status-publish","4":"has-post-thumbnail","6":"product_cat-designklassiker-neuzugaenge","7":"product_cat-sitzmoebel-vintage","8":"product_cat-vintage-designklassiker","9":"product_tag-60er","10":"product_tag-daenisch-design","11":"product_tag-france-und-son","12":"product_tag-ikonisch-design","13":"product_shipping_class-spediteur-lieferung","15":"first","16":"outofstock","17":"taxable","18":"shipping-taxable","19":"purchasable","20":"product-type-simple"},"yoast_head":"<!-- This site is optimized with the Yoast SEO plugin v25.3.1 - https:\/\/yoast.com\/wordpress\/plugins\/seo\/ -->\n<title>Grete Jalk | Sofa Mod. 188 | France &amp; Son | Designklassiker | Schweiz<\/title>\n<meta name=\"description\" content=\"Das vintage Teak Sofa Mod. 188 von Grete Jalk f\u00fcr France &amp; Son, ist ein Designklassiker des D\u00e4nisches Designse. Laden in der Schweiz\" \/>\n<meta name=\"robots\" content=\"index, follow, max-snippet:-1, max-image-preview:large, max-video-preview:-1\" \/>\n<link rel=\"canonical\" href=\"https:\/\/www.kissthedesign.ch\/de\/produkt\/grete-jalk-sofa-118-france-son\/\" \/>\n<meta property=\"og:locale\" content=\"de_DE\" \/>\n<meta property=\"og:type\" content=\"article\" \/>\n<meta property=\"og:title\" content=\"Grete Jalk | Sofa Mod. 188 | France &amp; Son | Designklassiker | Schweiz\" \/>\n<meta property=\"og:description\" content=\"Das vintage Teak Sofa Mod. 188 von Grete Jalk f\u00fcr France &amp; Son, ist ein Designklassiker des D\u00e4nisches Designse. Laden in der Schweiz\" \/>\n<meta property=\"og:url\" content=\"https:\/\/www.kissthedesign.ch\/de\/produkt\/grete-jalk-sofa-118-france-son\/\" \/>\n<meta property=\"og:site_name\" content=\"kissthedesign\" \/>\n<meta property=\"article:modified_time\" content=\"2022-01-12T16:49:02+00:00\" \/>\n<meta property=\"og:image\" content=\"https:\/\/www.kissthedesign.ch\/wp\/wp-content\/uploads\/2015\/10\/grete-jalk-canape-vintage-118-teck-france-son.jpg\" \/>\n\t<meta property=\"og:image:width\" content=\"1100\" \/>\n\t<meta property=\"og:image:height\" content=\"733\" \/>\n\t<meta property=\"og:image:type\" content=\"image\/jpeg\" \/>\n<meta name=\"twitter:label1\" content=\"Gesch\u00e4tzte Lesezeit\" \/>\n\t<meta name=\"twitter:data1\" content=\"1\u00a0Minute\" \/>\n<script type=\"application\/ld+json\" class=\"yoast-schema-graph\">{\"@context\":\"https:\/\/schema.org\",\"@graph\":[{\"@type\":\"WebPage\",\"@id\":\"https:\/\/www.kissthedesign.ch\/de\/produkt\/grete-jalk-sofa-118-france-son\/\",\"url\":\"https:\/\/www.kissthedesign.ch\/de\/produkt\/grete-jalk-sofa-118-france-son\/\",\"name\":\"Grete Jalk | Sofa Mod. 188 | France & Son | Designklassiker | Schweiz\",\"isPartOf\":{\"@id\":\"https:\/\/www.kissthedesign.ch\/en\/#website\"},\"primaryImageOfPage\":{\"@id\":\"https:\/\/www.kissthedesign.ch\/de\/produkt\/grete-jalk-sofa-118-france-son\/#primaryimage\"},\"image\":{\"@id\":\"https:\/\/www.kissthedesign.ch\/de\/produkt\/grete-jalk-sofa-118-france-son\/#primaryimage\"},\"thumbnailUrl\":\"https:\/\/www.kissthedesign.ch\/wp\/wp-content\/uploads\/2015\/10\/grete-jalk-canape-vintage-118-teck-france-son.jpg\",\"datePublished\":\"2015-10-19T13:40:45+00:00\",\"dateModified\":\"2022-01-12T16:49:02+00:00\",\"description\":\"Das vintage Teak Sofa Mod. 188 von Grete Jalk f\u00fcr France & Son, ist ein Designklassiker des D\u00e4nisches Designse. Laden in der Schweiz\",\"breadcrumb\":{\"@id\":\"https:\/\/www.kissthedesign.ch\/de\/produkt\/grete-jalk-sofa-118-france-son\/#breadcrumb\"},\"inLanguage\":\"de\",\"potentialAction\":[{\"@type\":\"ReadAction\",\"target\":[\"https:\/\/www.kissthedesign.ch\/de\/produkt\/grete-jalk-sofa-118-france-son\/\"]}]},{\"@type\":\"ImageObject\",\"inLanguage\":\"de\",\"@id\":\"https:\/\/www.kissthedesign.ch\/de\/produkt\/grete-jalk-sofa-118-france-son\/#primaryimage\",\"url\":\"https:\/\/www.kissthedesign.ch\/wp\/wp-content\/uploads\/2015\/10\/grete-jalk-canape-vintage-118-teck-france-son.jpg\",\"contentUrl\":\"https:\/\/www.kissthedesign.ch\/wp\/wp-content\/uploads\/2015\/10\/grete-jalk-canape-vintage-118-teck-france-son.jpg\",\"width\":1100,\"height\":733,\"caption\":\"Grete Jalk, sofa, France and Sons\"},{\"@type\":\"BreadcrumbList\",\"@id\":\"https:\/\/www.kissthedesign.ch\/de\/produkt\/grete-jalk-sofa-118-france-son\/#breadcrumb\",\"itemListElement\":[{\"@type\":\"ListItem\",\"position\":1,\"name\":\"Accueil\",\"item\":\"https:\/\/www.kissthedesign.ch\/de\/\"},{\"@type\":\"ListItem\",\"position\":2,\"name\":\"Laden\",\"item\":\"https:\/\/www.kissthedesign.ch\/de\/laden\/\"},{\"@type\":\"ListItem\",\"position\":3,\"name\":\"Grete Jalk | Sofa Mod. 118 | France &amp; Son\"}]},{\"@type\":\"WebSite\",\"@id\":\"https:\/\/www.kissthedesign.ch\/en\/#website\",\"url\":\"https:\/\/www.kissthedesign.ch\/en\/\",\"name\":\"kissthedesign\",\"description\":\"Kissthedesign, Lausanne, Suisse. Mobilier du XXe, design vintage\",\"publisher\":{\"@id\":\"https:\/\/www.kissthedesign.ch\/en\/#organization\"},\"potentialAction\":[{\"@type\":\"SearchAction\",\"target\":{\"@type\":\"EntryPoint\",\"urlTemplate\":\"https:\/\/www.kissthedesign.ch\/en\/?s={search_term_string}\"},\"query-input\":{\"@type\":\"PropertyValueSpecification\",\"valueRequired\":true,\"valueName\":\"search_term_string\"}}],\"inLanguage\":\"de\"},{\"@type\":\"Organization\",\"@id\":\"https:\/\/www.kissthedesign.ch\/en\/#organization\",\"name\":\"Kissthedesign\",\"url\":\"https:\/\/www.kissthedesign.ch\/en\/\",\"logo\":{\"@type\":\"ImageObject\",\"inLanguage\":\"de\",\"@id\":\"https:\/\/www.kissthedesign.ch\/en\/#\/schema\/logo\/image\/\",\"url\":\"https:\/\/www.kissthedesign.ch\/wp\/wp-content\/uploads\/2016\/08\/ktd-logo-web.jpg\",\"contentUrl\":\"https:\/\/www.kissthedesign.ch\/wp\/wp-content\/uploads\/2016\/08\/ktd-logo-web.jpg\",\"width\":450,\"height\":167,\"caption\":\"Kissthedesign\"},\"image\":{\"@id\":\"https:\/\/www.kissthedesign.ch\/en\/#\/schema\/logo\/image\/\"}}]}<\/script>\n<!-- \/ Yoast SEO plugin. -->","yoast_head_json":{"title":"Grete Jalk | Sofa Mod. 188 | France & Son | Designklassiker | Schweiz","description":"Das vintage Teak Sofa Mod. 188 von Grete Jalk f\u00fcr France & Son, ist ein Designklassiker des D\u00e4nisches Designse. Laden in der Schweiz","robots":{"index":"index","follow":"follow","max-snippet":"max-snippet:-1","max-image-preview":"max-image-preview:large","max-video-preview":"max-video-preview:-1"},"canonical":"https:\/\/www.kissthedesign.ch\/de\/produkt\/grete-jalk-sofa-118-france-son\/","og_locale":"de_DE","og_type":"article","og_title":"Grete Jalk | Sofa Mod. 188 | France & Son | Designklassiker | Schweiz","og_description":"Das vintage Teak Sofa Mod. 188 von Grete Jalk f\u00fcr France & Son, ist ein Designklassiker des D\u00e4nisches Designse. Laden in der Schweiz","og_url":"https:\/\/www.kissthedesign.ch\/de\/produkt\/grete-jalk-sofa-118-france-son\/","og_site_name":"kissthedesign","article_modified_time":"2022-01-12T16:49:02+00:00","og_image":[{"width":1100,"height":733,"url":"https:\/\/www.kissthedesign.ch\/wp\/wp-content\/uploads\/2015\/10\/grete-jalk-canape-vintage-118-teck-france-son.jpg","type":"image\/jpeg"}],"twitter_misc":{"Gesch\u00e4tzte Lesezeit":"1\u00a0Minute"},"schema":{"@context":"https:\/\/schema.org","@graph":[{"@type":"WebPage","@id":"https:\/\/www.kissthedesign.ch\/de\/produkt\/grete-jalk-sofa-118-france-son\/","url":"https:\/\/www.kissthedesign.ch\/de\/produkt\/grete-jalk-sofa-118-france-son\/","name":"Grete Jalk | Sofa Mod. 188 | France & Son | Designklassiker | Schweiz","isPartOf":{"@id":"https:\/\/www.kissthedesign.ch\/en\/#website"},"primaryImageOfPage":{"@id":"https:\/\/www.kissthedesign.ch\/de\/produkt\/grete-jalk-sofa-118-france-son\/#primaryimage"},"image":{"@id":"https:\/\/www.kissthedesign.ch\/de\/produkt\/grete-jalk-sofa-118-france-son\/#primaryimage"},"thumbnailUrl":"https:\/\/www.kissthedesign.ch\/wp\/wp-content\/uploads\/2015\/10\/grete-jalk-canape-vintage-118-teck-france-son.jpg","datePublished":"2015-10-19T13:40:45+00:00","dateModified":"2022-01-12T16:49:02+00:00","description":"Das vintage Teak Sofa Mod. 188 von Grete Jalk f\u00fcr France & Son, ist ein Designklassiker des D\u00e4nisches Designse. Laden in der Schweiz","breadcrumb":{"@id":"https:\/\/www.kissthedesign.ch\/de\/produkt\/grete-jalk-sofa-118-france-son\/#breadcrumb"},"inLanguage":"de","potentialAction":[{"@type":"ReadAction","target":["https:\/\/www.kissthedesign.ch\/de\/produkt\/grete-jalk-sofa-118-france-son\/"]}]},{"@type":"ImageObject","inLanguage":"de","@id":"https:\/\/www.kissthedesign.ch\/de\/produkt\/grete-jalk-sofa-118-france-son\/#primaryimage","url":"https:\/\/www.kissthedesign.ch\/wp\/wp-content\/uploads\/2015\/10\/grete-jalk-canape-vintage-118-teck-france-son.jpg","contentUrl":"https:\/\/www.kissthedesign.ch\/wp\/wp-content\/uploads\/2015\/10\/grete-jalk-canape-vintage-118-teck-france-son.jpg","width":1100,"height":733,"caption":"Grete Jalk, sofa, France and Sons"},{"@type":"BreadcrumbList","@id":"https:\/\/www.kissthedesign.ch\/de\/produkt\/grete-jalk-sofa-118-france-son\/#breadcrumb","itemListElement":[{"@type":"ListItem","position":1,"name":"Accueil","item":"https:\/\/www.kissthedesign.ch\/de\/"},{"@type":"ListItem","position":2,"name":"Laden","item":"https:\/\/www.kissthedesign.ch\/de\/laden\/"},{"@type":"ListItem","position":3,"name":"Grete Jalk | Sofa Mod. 118 | France &amp; Son"}]},{"@type":"WebSite","@id":"https:\/\/www.kissthedesign.ch\/en\/#website","url":"https:\/\/www.kissthedesign.ch\/en\/","name":"kissthedesign","description":"Kissthedesign, Lausanne, Suisse. Mobilier du XXe, design vintage","publisher":{"@id":"https:\/\/www.kissthedesign.ch\/en\/#organization"},"potentialAction":[{"@type":"SearchAction","target":{"@type":"EntryPoint","urlTemplate":"https:\/\/www.kissthedesign.ch\/en\/?s={search_term_string}"},"query-input":{"@type":"PropertyValueSpecification","valueRequired":true,"valueName":"search_term_string"}}],"inLanguage":"de"},{"@type":"Organization","@id":"https:\/\/www.kissthedesign.ch\/en\/#organization","name":"Kissthedesign","url":"https:\/\/www.kissthedesign.ch\/en\/","logo":{"@type":"ImageObject","inLanguage":"de","@id":"https:\/\/www.kissthedesign.ch\/en\/#\/schema\/logo\/image\/","url":"https:\/\/www.kissthedesign.ch\/wp\/wp-content\/uploads\/2016\/08\/ktd-logo-web.jpg","contentUrl":"https:\/\/www.kissthedesign.ch\/wp\/wp-content\/uploads\/2016\/08\/ktd-logo-web.jpg","width":450,"height":167,"caption":"Kissthedesign"},"image":{"@id":"https:\/\/www.kissthedesign.ch\/en\/#\/schema\/logo\/image\/"}}]}},"_links":{"self":[{"href":"https:\/\/www.kissthedesign.ch\/de\/wp-json\/wp\/v2\/product\/12516","targetHints":{"allow":["GET"]}}],"collection":[{"href":"https:\/\/www.kissthedesign.ch\/de\/wp-json\/wp\/v2\/product"}],"about":[{"href":"https:\/\/www.kissthedesign.ch\/de\/wp-json\/wp\/v2\/types\/product"}],"replies":[{"embeddable":true,"href":"https:\/\/www.kissthedesign.ch\/de\/wp-json\/wp\/v2\/comments?post=12516"}],"wp:featuredmedia":[{"embeddable":true,"href":"https:\/\/www.kissthedesign.ch\/de\/wp-json\/wp\/v2\/media\/24612"}],"wp:attachment":[{"href":"https:\/\/www.kissthedesign.ch\/de\/wp-json\/wp\/v2\/media?parent=12516"}],"wp:term":[{"taxonomy":"product_brand","embeddable":true,"href":"https:\/\/www.kissthedesign.ch\/de\/wp-json\/wp\/v2\/product_brand?post=12516"},{"taxonomy":"product_cat","embeddable":true,"href":"https:\/\/www.kissthedesign.ch\/de\/wp-json\/wp\/v2\/product_cat?post=12516"},{"taxonomy":"product_tag","embeddable":true,"href":"https:\/\/www.kissthedesign.ch\/de\/wp-json\/wp\/v2\/product_tag?post=12516"}],"curies":[{"name":"wp","href":"https:\/\/api.w.org\/{rel}","templated":true}]}}