{"id":12554,"date":"2015-07-17T15:01:42","date_gmt":"2015-07-17T14:01:42","guid":{"rendered":"http:\/\/www.kissthedesign.ch\/product\/6-tulip-armlehnstuehle-eero-saarinen-knoll\/"},"modified":"2017-02-20T08:47:38","modified_gmt":"2017-02-20T07:47:38","slug":"saarinen-tulip-armlehnstuehle-leder-knoll","status":"publish","type":"product","link":"https:\/\/www.kissthedesign.ch\/de\/produkt\/saarinen-tulip-armlehnstuehle-leder-knoll\/","title":{"rendered":"6 Tulip Armlehnst\u00fchle| Eero Saarinen | Knoll"},"content":{"rendered":"<div class=\"wpb-content-wrapper\"><p>[vc_row][vc_column][vc_column_text]<\/p>\n<h2>5er Set Tulip St\u00fchle\u00a0von Eero Saarinen, f\u00fcr\u00a0Knoll.<\/h2>\n<p>Der Eero Saarinen Tulip Tisch\u00a0sowie die Tulip chairs\u00a0sind allesamt im Rahmen der Pedestal Kollektion mit dem Anspruch, der &#8220;h\u00e4sslichen und unruhigen Welt&#8221; der Tisch- und Stuhlbeine ein Ende zu setzen, entworfen worden.<\/p>\n<p>6er Set Tulip Armlehnst\u00fchle, Fu\u00df aus Gu\u00dfaluminum mit \u00abRilsan\u00bb beschichtet, Sitzschale aus geformtem fiberglasverst\u00e4rktem Polyester, weiss lackiert,\u00a0mit braunem Leder bezogen, sehr selten. Drehbar.<br \/>\nMit\u00a0Knoll International unten dem Fu\u00df signiert.[\/vc_column_text][\/vc_column][\/vc_row][vc_row css=&#8221;.vc_custom_1486917974905{padding-top: 30px !important;}&#8221;][vc_column width=&#8221;1\/2&#8243;]\n<div class=\"wpcf7 no-js\" id=\"wpcf7-f12225-o1\" lang=\"fr-FR\" dir=\"ltr\" data-wpcf7-id=\"12225\">\n<div class=\"screen-reader-response\"><p role=\"status\" aria-live=\"polite\" aria-atomic=\"true\"><\/p> <ul><\/ul><\/div>\n<form action=\"\/de\/wp-json\/wp\/v2\/product\/12554#wpcf7-f12225-o1\" method=\"post\" class=\"wpcf7-form init\" aria-label=\"Formulaire de contact\" novalidate=\"novalidate\" data-status=\"init\">\n<fieldset class=\"hidden-fields-container\"><input type=\"hidden\" name=\"_wpcf7\" value=\"12225\" \/><input type=\"hidden\" name=\"_wpcf7_version\" value=\"6.1.5\" \/><input type=\"hidden\" name=\"_wpcf7_locale\" value=\"fr_FR\" \/><input type=\"hidden\" name=\"_wpcf7_unit_tag\" value=\"wpcf7-f12225-o1\" \/><input type=\"hidden\" name=\"_wpcf7_container_post\" value=\"0\" \/><input type=\"hidden\" name=\"_wpcf7_posted_data_hash\" value=\"\" \/><input type=\"hidden\" name=\"_wpcf7_recaptcha_response\" value=\"\" \/>\n<\/fieldset>\n\n<!-- CF7 Modules -->\n<div style='display:none;'><input type=\"hidden\" class=\"wpcf7-form-control wpcf7-hidden\" name=\"hidden-931\" placeholder=\"\" value=\"6 Tulip Armlehnst\u00fchle| Eero Saarinen | Knoll\" \/>\n<\/div>\n<!-- End CF7 Modules -->\n\n<p><b>Kontaktieren Sie uns \u00fcber diesen Artikel<\/b>\n<\/p>\n<p>Ihre Name (Pflichtfeld)\n<\/p>\n<p><span class=\"wpcf7-form-control-wrap\" data-name=\"your-name\"><input size=\"40\" maxlength=\"400\" class=\"wpcf7-form-control wpcf7-text wpcf7-validates-as-required\" aria-required=\"true\" aria-invalid=\"false\" value=\"\" type=\"text\" name=\"your-name\" \/><\/span>\n<\/p>\n<p>Ihre Email (Pflichtfeld)\n<\/p>\n<p><span class=\"wpcf7-form-control-wrap\" data-name=\"your-email\"><input size=\"40\" maxlength=\"400\" class=\"wpcf7-form-control wpcf7-email wpcf7-validates-as-required wpcf7-text wpcf7-validates-as-email\" aria-required=\"true\" aria-invalid=\"false\" value=\"\" type=\"email\" name=\"your-email\" \/><\/span>\n<\/p>\n<p>Ihre Nachricht\n<\/p>\n<p><span class=\"wpcf7-form-control-wrap\" data-name=\"your-message\"><textarea cols=\"40\" rows=\"10\" maxlength=\"2000\" class=\"wpcf7-form-control wpcf7-textarea\" aria-invalid=\"false\" name=\"your-message\"><\/textarea><\/span>\n<\/p>\n<p>Die von Ihnen eingegebenen und mit diesem Formular gesendeten Daten werden gespeichert, aber werden nie verkauft oder an Dritte weitergegeben.\n<\/p>\n<p><span class=\"wpcf7-form-control-wrap\" data-name=\"checkbox-296\"><span class=\"wpcf7-form-control wpcf7-checkbox wpcf7-validates-as-required\"><span class=\"wpcf7-list-item first last\"><input type=\"checkbox\" name=\"checkbox-296[]\" value=\"Ich akzeptiere\" \/><span class=\"wpcf7-list-item-label\">Ich akzeptiere<\/span><\/span><\/span><\/span>\n<\/p>\n<p><input class=\"wpcf7-form-control wpcf7-submit has-spinner\" type=\"submit\" value=\"Senden\" \/>\n<\/p><div class=\"wpcf7-response-output\" aria-hidden=\"true\"><\/div>\n<\/form>\n<\/div>\n[\/vc_column][vc_column width=&#8221;1\/2&#8243;][\/vc_column][\/vc_row]<\/p>\n<\/div>","protected":false},"excerpt":{"rendered":"<p>6er Set Tulip Armlehnst\u00fchle, Fu\u00df aus Gu\u00dfaluminum mit \u00abRilsan\u00bb beschichtet, Sitzschale aus geformtem fiberglasverst\u00e4rktem Polyester, weiss lackiert, mit braunem Leder bezogen, sehr selten. Drehbar.<br \/>\nMit\u00a0Knoll International unten dem Fu\u00df signiert.<\/p>\n","protected":false},"featured_media":9908,"comment_status":"closed","ping_status":"closed","template":"","meta":{"_monsterinsights_skip_tracking":false,"_monsterinsights_sitenote_active":false,"_monsterinsights_sitenote_note":"","_monsterinsights_sitenote_category":0},"product_brand":[],"product_cat":[255],"product_tag":[605],"class_list":{"0":"post-12554","1":"product","2":"type-product","3":"status-publish","4":"has-post-thumbnail","6":"product_cat-archiv-de","7":"product_tag-saarinen-de","9":"first","10":"outofstock","11":"taxable","12":"shipping-taxable","13":"product-type-simple"},"yoast_head":"<!-- This site is optimized with the Yoast SEO plugin v25.3.1 - https:\/\/yoast.com\/wordpress\/plugins\/seo\/ -->\n<title>Saarinen | 6er Set Tulip Armlehnst\u00fchle | Knoll | Vintage | Lausanne, Schweiz<\/title>\n<meta name=\"description\" content=\"6er Set vintage Tulip Armlehnst\u00fchle von Eero Saarinen f\u00fcr Knoll - Wohnbedarf. Designklassiker aus den 50er. Kissthedesign, Lausanne, Schweiz. Designladen\" \/>\n<meta name=\"robots\" content=\"index, follow, max-snippet:-1, max-image-preview:large, max-video-preview:-1\" \/>\n<link rel=\"canonical\" href=\"https:\/\/www.kissthedesign.ch\/de\/produkt\/saarinen-tulip-armlehnstuehle-leder-knoll\/\" \/>\n<meta property=\"og:locale\" content=\"de_DE\" \/>\n<meta property=\"og:type\" content=\"article\" \/>\n<meta property=\"og:title\" content=\"Saarinen | 6er Set Tulip Armlehnst\u00fchle | Knoll | Vintage | Lausanne, Schweiz\" \/>\n<meta property=\"og:description\" content=\"6er Set vintage Tulip Armlehnst\u00fchle von Eero Saarinen f\u00fcr Knoll - Wohnbedarf. Designklassiker aus den 50er. Kissthedesign, Lausanne, Schweiz. Designladen\" \/>\n<meta property=\"og:url\" content=\"https:\/\/www.kissthedesign.ch\/de\/produkt\/saarinen-tulip-armlehnstuehle-leder-knoll\/\" \/>\n<meta property=\"og:site_name\" content=\"kissthedesign\" \/>\n<meta property=\"article:modified_time\" content=\"2017-02-20T07:47:38+00:00\" \/>\n<meta property=\"og:image\" content=\"https:\/\/www.kissthedesign.ch\/wp\/wp-content\/uploads\/2015\/07\/fauteuils-tulipe-saarinen-knoll-cuir.jpg\" \/>\n\t<meta property=\"og:image:width\" content=\"1000\" \/>\n\t<meta property=\"og:image:height\" content=\"667\" \/>\n\t<meta property=\"og:image:type\" content=\"image\/jpeg\" \/>\n<meta name=\"twitter:label1\" content=\"Gesch\u00e4tzte Lesezeit\" \/>\n\t<meta name=\"twitter:data1\" content=\"1\u00a0Minute\" \/>\n<script type=\"application\/ld+json\" class=\"yoast-schema-graph\">{\"@context\":\"https:\/\/schema.org\",\"@graph\":[{\"@type\":\"WebPage\",\"@id\":\"https:\/\/www.kissthedesign.ch\/de\/produkt\/saarinen-tulip-armlehnstuehle-leder-knoll\/\",\"url\":\"https:\/\/www.kissthedesign.ch\/de\/produkt\/saarinen-tulip-armlehnstuehle-leder-knoll\/\",\"name\":\"Saarinen | 6er Set Tulip Armlehnst\u00fchle | Knoll | Vintage | Lausanne, Schweiz\",\"isPartOf\":{\"@id\":\"https:\/\/www.kissthedesign.ch\/en\/#website\"},\"primaryImageOfPage\":{\"@id\":\"https:\/\/www.kissthedesign.ch\/de\/produkt\/saarinen-tulip-armlehnstuehle-leder-knoll\/#primaryimage\"},\"image\":{\"@id\":\"https:\/\/www.kissthedesign.ch\/de\/produkt\/saarinen-tulip-armlehnstuehle-leder-knoll\/#primaryimage\"},\"thumbnailUrl\":\"https:\/\/www.kissthedesign.ch\/wp\/wp-content\/uploads\/2015\/07\/fauteuils-tulipe-saarinen-knoll-cuir.jpg\",\"datePublished\":\"2015-07-17T14:01:42+00:00\",\"dateModified\":\"2017-02-20T07:47:38+00:00\",\"description\":\"6er Set vintage Tulip Armlehnst\u00fchle von Eero Saarinen f\u00fcr Knoll - Wohnbedarf. Designklassiker aus den 50er. Kissthedesign, Lausanne, Schweiz. Designladen\",\"breadcrumb\":{\"@id\":\"https:\/\/www.kissthedesign.ch\/de\/produkt\/saarinen-tulip-armlehnstuehle-leder-knoll\/#breadcrumb\"},\"inLanguage\":\"de\",\"potentialAction\":[{\"@type\":\"ReadAction\",\"target\":[\"https:\/\/www.kissthedesign.ch\/de\/produkt\/saarinen-tulip-armlehnstuehle-leder-knoll\/\"]}]},{\"@type\":\"ImageObject\",\"inLanguage\":\"de\",\"@id\":\"https:\/\/www.kissthedesign.ch\/de\/produkt\/saarinen-tulip-armlehnstuehle-leder-knoll\/#primaryimage\",\"url\":\"https:\/\/www.kissthedesign.ch\/wp\/wp-content\/uploads\/2015\/07\/fauteuils-tulipe-saarinen-knoll-cuir.jpg\",\"contentUrl\":\"https:\/\/www.kissthedesign.ch\/wp\/wp-content\/uploads\/2015\/07\/fauteuils-tulipe-saarinen-knoll-cuir.jpg\",\"width\":1000,\"height\":667,\"caption\":\"Tulip Armlehnst\u00fchle mit Leder gepolstert, Eero Saarinen, Knoll\"},{\"@type\":\"BreadcrumbList\",\"@id\":\"https:\/\/www.kissthedesign.ch\/de\/produkt\/saarinen-tulip-armlehnstuehle-leder-knoll\/#breadcrumb\",\"itemListElement\":[{\"@type\":\"ListItem\",\"position\":1,\"name\":\"Accueil\",\"item\":\"https:\/\/www.kissthedesign.ch\/de\/\"},{\"@type\":\"ListItem\",\"position\":2,\"name\":\"Laden\",\"item\":\"https:\/\/www.kissthedesign.ch\/de\/laden\/\"},{\"@type\":\"ListItem\",\"position\":3,\"name\":\"6 Tulip Armlehnst\u00fchle| Eero Saarinen | Knoll\"}]},{\"@type\":\"WebSite\",\"@id\":\"https:\/\/www.kissthedesign.ch\/en\/#website\",\"url\":\"https:\/\/www.kissthedesign.ch\/en\/\",\"name\":\"kissthedesign\",\"description\":\"Kissthedesign, Lausanne, Suisse. Mobilier du XXe, design vintage\",\"publisher\":{\"@id\":\"https:\/\/www.kissthedesign.ch\/en\/#organization\"},\"potentialAction\":[{\"@type\":\"SearchAction\",\"target\":{\"@type\":\"EntryPoint\",\"urlTemplate\":\"https:\/\/www.kissthedesign.ch\/en\/?s={search_term_string}\"},\"query-input\":{\"@type\":\"PropertyValueSpecification\",\"valueRequired\":true,\"valueName\":\"search_term_string\"}}],\"inLanguage\":\"de\"},{\"@type\":\"Organization\",\"@id\":\"https:\/\/www.kissthedesign.ch\/en\/#organization\",\"name\":\"Kissthedesign\",\"url\":\"https:\/\/www.kissthedesign.ch\/en\/\",\"logo\":{\"@type\":\"ImageObject\",\"inLanguage\":\"de\",\"@id\":\"https:\/\/www.kissthedesign.ch\/en\/#\/schema\/logo\/image\/\",\"url\":\"https:\/\/www.kissthedesign.ch\/wp\/wp-content\/uploads\/2016\/08\/ktd-logo-web.jpg\",\"contentUrl\":\"https:\/\/www.kissthedesign.ch\/wp\/wp-content\/uploads\/2016\/08\/ktd-logo-web.jpg\",\"width\":450,\"height\":167,\"caption\":\"Kissthedesign\"},\"image\":{\"@id\":\"https:\/\/www.kissthedesign.ch\/en\/#\/schema\/logo\/image\/\"}}]}<\/script>\n<!-- \/ Yoast SEO plugin. -->","yoast_head_json":{"title":"Saarinen | 6er Set Tulip Armlehnst\u00fchle | Knoll | Vintage | Lausanne, Schweiz","description":"6er Set vintage Tulip Armlehnst\u00fchle von Eero Saarinen f\u00fcr Knoll - Wohnbedarf. Designklassiker aus den 50er. Kissthedesign, Lausanne, Schweiz. Designladen","robots":{"index":"index","follow":"follow","max-snippet":"max-snippet:-1","max-image-preview":"max-image-preview:large","max-video-preview":"max-video-preview:-1"},"canonical":"https:\/\/www.kissthedesign.ch\/de\/produkt\/saarinen-tulip-armlehnstuehle-leder-knoll\/","og_locale":"de_DE","og_type":"article","og_title":"Saarinen | 6er Set Tulip Armlehnst\u00fchle | Knoll | Vintage | Lausanne, Schweiz","og_description":"6er Set vintage Tulip Armlehnst\u00fchle von Eero Saarinen f\u00fcr Knoll - Wohnbedarf. Designklassiker aus den 50er. Kissthedesign, Lausanne, Schweiz. Designladen","og_url":"https:\/\/www.kissthedesign.ch\/de\/produkt\/saarinen-tulip-armlehnstuehle-leder-knoll\/","og_site_name":"kissthedesign","article_modified_time":"2017-02-20T07:47:38+00:00","og_image":[{"width":1000,"height":667,"url":"https:\/\/www.kissthedesign.ch\/wp\/wp-content\/uploads\/2015\/07\/fauteuils-tulipe-saarinen-knoll-cuir.jpg","type":"image\/jpeg"}],"twitter_misc":{"Gesch\u00e4tzte Lesezeit":"1\u00a0Minute"},"schema":{"@context":"https:\/\/schema.org","@graph":[{"@type":"WebPage","@id":"https:\/\/www.kissthedesign.ch\/de\/produkt\/saarinen-tulip-armlehnstuehle-leder-knoll\/","url":"https:\/\/www.kissthedesign.ch\/de\/produkt\/saarinen-tulip-armlehnstuehle-leder-knoll\/","name":"Saarinen | 6er Set Tulip Armlehnst\u00fchle | Knoll | Vintage | Lausanne, Schweiz","isPartOf":{"@id":"https:\/\/www.kissthedesign.ch\/en\/#website"},"primaryImageOfPage":{"@id":"https:\/\/www.kissthedesign.ch\/de\/produkt\/saarinen-tulip-armlehnstuehle-leder-knoll\/#primaryimage"},"image":{"@id":"https:\/\/www.kissthedesign.ch\/de\/produkt\/saarinen-tulip-armlehnstuehle-leder-knoll\/#primaryimage"},"thumbnailUrl":"https:\/\/www.kissthedesign.ch\/wp\/wp-content\/uploads\/2015\/07\/fauteuils-tulipe-saarinen-knoll-cuir.jpg","datePublished":"2015-07-17T14:01:42+00:00","dateModified":"2017-02-20T07:47:38+00:00","description":"6er Set vintage Tulip Armlehnst\u00fchle von Eero Saarinen f\u00fcr Knoll - Wohnbedarf. Designklassiker aus den 50er. Kissthedesign, Lausanne, Schweiz. Designladen","breadcrumb":{"@id":"https:\/\/www.kissthedesign.ch\/de\/produkt\/saarinen-tulip-armlehnstuehle-leder-knoll\/#breadcrumb"},"inLanguage":"de","potentialAction":[{"@type":"ReadAction","target":["https:\/\/www.kissthedesign.ch\/de\/produkt\/saarinen-tulip-armlehnstuehle-leder-knoll\/"]}]},{"@type":"ImageObject","inLanguage":"de","@id":"https:\/\/www.kissthedesign.ch\/de\/produkt\/saarinen-tulip-armlehnstuehle-leder-knoll\/#primaryimage","url":"https:\/\/www.kissthedesign.ch\/wp\/wp-content\/uploads\/2015\/07\/fauteuils-tulipe-saarinen-knoll-cuir.jpg","contentUrl":"https:\/\/www.kissthedesign.ch\/wp\/wp-content\/uploads\/2015\/07\/fauteuils-tulipe-saarinen-knoll-cuir.jpg","width":1000,"height":667,"caption":"Tulip Armlehnst\u00fchle mit Leder gepolstert, Eero Saarinen, Knoll"},{"@type":"BreadcrumbList","@id":"https:\/\/www.kissthedesign.ch\/de\/produkt\/saarinen-tulip-armlehnstuehle-leder-knoll\/#breadcrumb","itemListElement":[{"@type":"ListItem","position":1,"name":"Accueil","item":"https:\/\/www.kissthedesign.ch\/de\/"},{"@type":"ListItem","position":2,"name":"Laden","item":"https:\/\/www.kissthedesign.ch\/de\/laden\/"},{"@type":"ListItem","position":3,"name":"6 Tulip Armlehnst\u00fchle| Eero Saarinen | Knoll"}]},{"@type":"WebSite","@id":"https:\/\/www.kissthedesign.ch\/en\/#website","url":"https:\/\/www.kissthedesign.ch\/en\/","name":"kissthedesign","description":"Kissthedesign, Lausanne, Suisse. Mobilier du XXe, design vintage","publisher":{"@id":"https:\/\/www.kissthedesign.ch\/en\/#organization"},"potentialAction":[{"@type":"SearchAction","target":{"@type":"EntryPoint","urlTemplate":"https:\/\/www.kissthedesign.ch\/en\/?s={search_term_string}"},"query-input":{"@type":"PropertyValueSpecification","valueRequired":true,"valueName":"search_term_string"}}],"inLanguage":"de"},{"@type":"Organization","@id":"https:\/\/www.kissthedesign.ch\/en\/#organization","name":"Kissthedesign","url":"https:\/\/www.kissthedesign.ch\/en\/","logo":{"@type":"ImageObject","inLanguage":"de","@id":"https:\/\/www.kissthedesign.ch\/en\/#\/schema\/logo\/image\/","url":"https:\/\/www.kissthedesign.ch\/wp\/wp-content\/uploads\/2016\/08\/ktd-logo-web.jpg","contentUrl":"https:\/\/www.kissthedesign.ch\/wp\/wp-content\/uploads\/2016\/08\/ktd-logo-web.jpg","width":450,"height":167,"caption":"Kissthedesign"},"image":{"@id":"https:\/\/www.kissthedesign.ch\/en\/#\/schema\/logo\/image\/"}}]}},"_links":{"self":[{"href":"https:\/\/www.kissthedesign.ch\/de\/wp-json\/wp\/v2\/product\/12554","targetHints":{"allow":["GET"]}}],"collection":[{"href":"https:\/\/www.kissthedesign.ch\/de\/wp-json\/wp\/v2\/product"}],"about":[{"href":"https:\/\/www.kissthedesign.ch\/de\/wp-json\/wp\/v2\/types\/product"}],"replies":[{"embeddable":true,"href":"https:\/\/www.kissthedesign.ch\/de\/wp-json\/wp\/v2\/comments?post=12554"}],"wp:featuredmedia":[{"embeddable":true,"href":"https:\/\/www.kissthedesign.ch\/de\/wp-json\/wp\/v2\/media\/9908"}],"wp:attachment":[{"href":"https:\/\/www.kissthedesign.ch\/de\/wp-json\/wp\/v2\/media?parent=12554"}],"wp:term":[{"taxonomy":"product_brand","embeddable":true,"href":"https:\/\/www.kissthedesign.ch\/de\/wp-json\/wp\/v2\/product_brand?post=12554"},{"taxonomy":"product_cat","embeddable":true,"href":"https:\/\/www.kissthedesign.ch\/de\/wp-json\/wp\/v2\/product_cat?post=12554"},{"taxonomy":"product_tag","embeddable":true,"href":"https:\/\/www.kissthedesign.ch\/de\/wp-json\/wp\/v2\/product_tag?post=12554"}],"curies":[{"name":"wp","href":"https:\/\/api.w.org\/{rel}","templated":true}]}}