{"id":12590,"date":"2015-05-25T08:14:34","date_gmt":"2015-05-25T07:14:34","guid":{"rendered":"http:\/\/www.kissthedesign.ch\/product\/tischlampe-lassiette-beatrice-durandard-ed-kissthedesign\/"},"modified":"2018-04-05T19:05:48","modified_gmt":"2018-04-05T18:05:48","slug":"lampe-lassiette-beatrice-durandard","status":"publish","type":"product","link":"https:\/\/www.kissthedesign.ch\/de\/produkt\/lampe-lassiette-beatrice-durandard\/","title":{"rendered":""},"content":{"rendered":"<div class=\"wpb-content-wrapper\"><p>[vc_row][vc_column][vc_column_text]<\/p>\n<h2>Tischleuchte\u00a0L&#8217;Assiette, Design B\u00e9atrice Durandard, F\u00fcr Galerie Kissthedesign.<\/h2>\n<p>B\u00e9atrice Durandard hat die Tischlampe L&#8217;Assiette in 2013 im Rahmen der Ausstellung C\u00e9ramique I\u00a0an der Galerie\u00a0Kissthedesign entworfen.<\/p>\n<p>Tischlampe mit verstellbarem Schirm aus Keramik, eine Seite vom Schirm bleibt unbearbeitet und die andere wird entwerder blau, orange, weiss, rot oder gelb\u00a0emailliert um das Licht zu verf\u00e4rben, Struktur aus schwarz-eloxiertem Aluminium,\u00a0Gl\u00fchbirne\u00a0GU10 LED. Mit Peter Fink produziert.<br \/>\nGr\u00f6\u00dfe\u00a025 x 25 cm, H\u00a0bis\u00a040 cm.<br \/>\nLimitierte Auflage von 5 Farben\u00a0jeweils\u00a08 Ex. + 2 AP.<\/p>\n<p>French designer\u00a0B\u00e9atrice Durandard (*1985), newly shortlisted at the Design Parade 8, Villa Noailles, Hy\u00e8re, is well known for her lights. Thanks to many awards and subsidies (Ikea fundation, etc) she was able to produce a great collection of lamps, all using the LED technology and showing a pure and minimal design, as for the lamp specially created for the exhibition. The table light\u00a0L\u2019assiette\u00a0has a black enameled aluminium structure that holds a reflector made of a thin plate of ceramic. It\u2019s as formally attractive as a Gino Sarfatti light, great light designer from the 20th century, with on the top of that a contemporary technical know how.<br \/>\nB\u00e9atrice Durandard young freelance designer based in Lausanne works with several manufacturers, like among others ACE, Habitat and Roche Bobois.[\/vc_column_text][\/vc_column][\/vc_row][vc_row][vc_column width=&#8221;1\/2&#8243;]\n<div class=\"wpcf7 no-js\" id=\"wpcf7-f12225-o1\" lang=\"fr-FR\" dir=\"ltr\" data-wpcf7-id=\"12225\">\n<div class=\"screen-reader-response\"><p role=\"status\" aria-live=\"polite\" aria-atomic=\"true\"><\/p> <ul><\/ul><\/div>\n<form action=\"\/de\/wp-json\/wp\/v2\/product\/12590#wpcf7-f12225-o1\" method=\"post\" class=\"wpcf7-form init\" aria-label=\"Formulaire de contact\" novalidate=\"novalidate\" data-status=\"init\">\n<fieldset class=\"hidden-fields-container\"><input type=\"hidden\" name=\"_wpcf7\" value=\"12225\" \/><input type=\"hidden\" name=\"_wpcf7_version\" value=\"6.1.5\" \/><input type=\"hidden\" name=\"_wpcf7_locale\" value=\"fr_FR\" \/><input type=\"hidden\" name=\"_wpcf7_unit_tag\" value=\"wpcf7-f12225-o1\" \/><input type=\"hidden\" name=\"_wpcf7_container_post\" value=\"0\" \/><input type=\"hidden\" name=\"_wpcf7_posted_data_hash\" value=\"\" \/><input type=\"hidden\" name=\"_wpcf7_recaptcha_response\" value=\"\" \/>\n<\/fieldset>\n\n<!-- CF7 Modules -->\n<div style='display:none;'><input type=\"hidden\" class=\"wpcf7-form-control wpcf7-hidden\" name=\"hidden-931\" placeholder=\"\" value=\"\" \/>\n<\/div>\n<!-- End CF7 Modules -->\n\n<p><b>Kontaktieren Sie uns \u00fcber diesen Artikel<\/b>\n<\/p>\n<p>Ihre Name (Pflichtfeld)\n<\/p>\n<p><span class=\"wpcf7-form-control-wrap\" data-name=\"your-name\"><input size=\"40\" maxlength=\"400\" class=\"wpcf7-form-control wpcf7-text wpcf7-validates-as-required\" aria-required=\"true\" aria-invalid=\"false\" value=\"\" type=\"text\" name=\"your-name\" \/><\/span>\n<\/p>\n<p>Ihre Email (Pflichtfeld)\n<\/p>\n<p><span class=\"wpcf7-form-control-wrap\" data-name=\"your-email\"><input size=\"40\" maxlength=\"400\" class=\"wpcf7-form-control wpcf7-email wpcf7-validates-as-required wpcf7-text wpcf7-validates-as-email\" aria-required=\"true\" aria-invalid=\"false\" value=\"\" type=\"email\" name=\"your-email\" \/><\/span>\n<\/p>\n<p>Ihre Nachricht\n<\/p>\n<p><span class=\"wpcf7-form-control-wrap\" data-name=\"your-message\"><textarea cols=\"40\" rows=\"10\" maxlength=\"2000\" class=\"wpcf7-form-control wpcf7-textarea\" aria-invalid=\"false\" name=\"your-message\"><\/textarea><\/span>\n<\/p>\n<p>Die von Ihnen eingegebenen und mit diesem Formular gesendeten Daten werden gespeichert, aber werden nie verkauft oder an Dritte weitergegeben.\n<\/p>\n<p><span class=\"wpcf7-form-control-wrap\" data-name=\"checkbox-296\"><span class=\"wpcf7-form-control wpcf7-checkbox wpcf7-validates-as-required\"><span class=\"wpcf7-list-item first last\"><input type=\"checkbox\" name=\"checkbox-296[]\" value=\"Ich akzeptiere\" \/><span class=\"wpcf7-list-item-label\">Ich akzeptiere<\/span><\/span><\/span><\/span>\n<\/p>\n<p><input class=\"wpcf7-form-control wpcf7-submit has-spinner\" type=\"submit\" value=\"Senden\" \/>\n<\/p><div class=\"wpcf7-response-output\" aria-hidden=\"true\"><\/div>\n<\/form>\n<\/div>\n[\/vc_column][vc_column width=&#8221;1\/2&#8243;][\/vc_column][\/vc_row]<\/p>\n<\/div>","protected":false},"excerpt":{"rendered":"<p>[vc_row][vc_column][vc_column_text] Tischleuchte\u00a0L&#8217;Assiette, Design B\u00e9atrice Durandard, F\u00fcr Galerie Kissthedesign. B\u00e9atrice Durandard hat die Tischlampe L&#8217;Assiette in 2013 im Rahmen der Ausstellung<\/p>\n","protected":false},"featured_media":9712,"comment_status":"closed","ping_status":"closed","template":"","meta":{"_monsterinsights_skip_tracking":false,"_monsterinsights_sitenote_active":false,"_monsterinsights_sitenote_note":"","_monsterinsights_sitenote_category":0},"product_brand":[],"product_cat":[154,224,288],"product_tag":[480,784,532,753],"class_list":{"0":"post-12590","1":"product","2":"type-product","3":"status-publish","4":"has-post-thumbnail","6":"product_cat-leuchte","7":"product_cat-tischleuchte","8":"product_cat-verfugbaren-werke","9":"product_tag-excklusivitaet-schweiz","10":"product_tag-limitierte-auflage","11":"product_tag-schweizer-design","12":"product_tag-zeitgenoessisches-design","13":"product_shipping_class-post-a","15":"first","16":"instock","17":"purchasable","18":"product-type-variable"},"yoast_head":"<!-- This site is optimized with the Yoast SEO plugin v25.3.1 - https:\/\/yoast.com\/wordpress\/plugins\/seo\/ -->\n<title>B\u00e9atrice Durandard | Tischlampe L&#039;Assiette | Lausanne, Schweiz<\/title>\n<meta name=\"description\" content=\"B\u00e9atrice Durandard, Tischlampe L&#039;Assiette. Galerie Kissthedesign, Lausanne, Schweiz. Zeitgen\u00f6ssisches Design in limitierte Auflage.\" \/>\n<meta name=\"robots\" content=\"index, follow, max-snippet:-1, max-image-preview:large, max-video-preview:-1\" \/>\n<link rel=\"canonical\" href=\"https:\/\/www.kissthedesign.ch\/de\/produkt\/lampe-lassiette-beatrice-durandard\/\" \/>\n<meta property=\"og:locale\" content=\"de_DE\" \/>\n<meta property=\"og:type\" content=\"article\" \/>\n<meta property=\"og:title\" content=\"B\u00e9atrice Durandard | Tischlampe L&#039;Assiette | Lausanne, Schweiz\" \/>\n<meta property=\"og:description\" content=\"B\u00e9atrice Durandard, Tischlampe L&#039;Assiette. Galerie Kissthedesign, Lausanne, Schweiz. Zeitgen\u00f6ssisches Design in limitierte Auflage.\" \/>\n<meta property=\"og:url\" content=\"https:\/\/www.kissthedesign.ch\/de\/produkt\/lampe-lassiette-beatrice-durandard\/\" \/>\n<meta property=\"og:site_name\" content=\"kissthedesign\" \/>\n<meta property=\"article:modified_time\" content=\"2018-04-05T18:05:48+00:00\" \/>\n<meta property=\"og:image\" content=\"https:\/\/www.kissthedesign.ch\/wp\/wp-content\/uploads\/2015\/05\/Beatrice_durandard_lampe_lassiette_orange.jpg\" \/>\n\t<meta property=\"og:image:width\" content=\"900\" \/>\n\t<meta property=\"og:image:height\" content=\"798\" \/>\n\t<meta property=\"og:image:type\" content=\"image\/jpeg\" \/>\n<meta name=\"twitter:label1\" content=\"Gesch\u00e4tzte Lesezeit\" \/>\n\t<meta name=\"twitter:data1\" content=\"1\u00a0Minute\" \/>\n<script type=\"application\/ld+json\" class=\"yoast-schema-graph\">{\"@context\":\"https:\/\/schema.org\",\"@graph\":[{\"@type\":\"WebPage\",\"@id\":\"https:\/\/www.kissthedesign.ch\/de\/produkt\/lampe-lassiette-beatrice-durandard\/\",\"url\":\"https:\/\/www.kissthedesign.ch\/de\/produkt\/lampe-lassiette-beatrice-durandard\/\",\"name\":\"B\u00e9atrice Durandard | Tischlampe L'Assiette | Lausanne, Schweiz\",\"isPartOf\":{\"@id\":\"https:\/\/www.kissthedesign.ch\/en\/#website\"},\"primaryImageOfPage\":{\"@id\":\"https:\/\/www.kissthedesign.ch\/de\/produkt\/lampe-lassiette-beatrice-durandard\/#primaryimage\"},\"image\":{\"@id\":\"https:\/\/www.kissthedesign.ch\/de\/produkt\/lampe-lassiette-beatrice-durandard\/#primaryimage\"},\"thumbnailUrl\":\"https:\/\/www.kissthedesign.ch\/wp\/wp-content\/uploads\/2015\/05\/Beatrice_durandard_lampe_lassiette_orange.jpg\",\"datePublished\":\"2015-05-25T07:14:34+00:00\",\"dateModified\":\"2018-04-05T18:05:48+00:00\",\"description\":\"B\u00e9atrice Durandard, Tischlampe L'Assiette. Galerie Kissthedesign, Lausanne, Schweiz. Zeitgen\u00f6ssisches Design in limitierte Auflage.\",\"breadcrumb\":{\"@id\":\"https:\/\/www.kissthedesign.ch\/de\/produkt\/lampe-lassiette-beatrice-durandard\/#breadcrumb\"},\"inLanguage\":\"de\",\"potentialAction\":[{\"@type\":\"ReadAction\",\"target\":[\"https:\/\/www.kissthedesign.ch\/de\/produkt\/lampe-lassiette-beatrice-durandard\/\"]}]},{\"@type\":\"ImageObject\",\"inLanguage\":\"de\",\"@id\":\"https:\/\/www.kissthedesign.ch\/de\/produkt\/lampe-lassiette-beatrice-durandard\/#primaryimage\",\"url\":\"https:\/\/www.kissthedesign.ch\/wp\/wp-content\/uploads\/2015\/05\/Beatrice_durandard_lampe_lassiette_orange.jpg\",\"contentUrl\":\"https:\/\/www.kissthedesign.ch\/wp\/wp-content\/uploads\/2015\/05\/Beatrice_durandard_lampe_lassiette_orange.jpg\",\"width\":900,\"height\":798,\"caption\":\"Tischlampe L\\\\'assiette, orange, B\u00e9atrice Durandard\"},{\"@type\":\"BreadcrumbList\",\"@id\":\"https:\/\/www.kissthedesign.ch\/de\/produkt\/lampe-lassiette-beatrice-durandard\/#breadcrumb\",\"itemListElement\":[{\"@type\":\"ListItem\",\"position\":1,\"name\":\"Accueil\",\"item\":\"https:\/\/www.kissthedesign.ch\/de\/\"},{\"@type\":\"ListItem\",\"position\":2,\"name\":\"Laden\",\"item\":\"https:\/\/www.kissthedesign.ch\/de\/laden\/\"}]},{\"@type\":\"WebSite\",\"@id\":\"https:\/\/www.kissthedesign.ch\/en\/#website\",\"url\":\"https:\/\/www.kissthedesign.ch\/en\/\",\"name\":\"kissthedesign\",\"description\":\"Kissthedesign, Lausanne, Suisse. Mobilier du XXe, design vintage\",\"publisher\":{\"@id\":\"https:\/\/www.kissthedesign.ch\/en\/#organization\"},\"potentialAction\":[{\"@type\":\"SearchAction\",\"target\":{\"@type\":\"EntryPoint\",\"urlTemplate\":\"https:\/\/www.kissthedesign.ch\/en\/?s={search_term_string}\"},\"query-input\":{\"@type\":\"PropertyValueSpecification\",\"valueRequired\":true,\"valueName\":\"search_term_string\"}}],\"inLanguage\":\"de\"},{\"@type\":\"Organization\",\"@id\":\"https:\/\/www.kissthedesign.ch\/en\/#organization\",\"name\":\"Kissthedesign\",\"url\":\"https:\/\/www.kissthedesign.ch\/en\/\",\"logo\":{\"@type\":\"ImageObject\",\"inLanguage\":\"de\",\"@id\":\"https:\/\/www.kissthedesign.ch\/en\/#\/schema\/logo\/image\/\",\"url\":\"https:\/\/www.kissthedesign.ch\/wp\/wp-content\/uploads\/2016\/08\/ktd-logo-web.jpg\",\"contentUrl\":\"https:\/\/www.kissthedesign.ch\/wp\/wp-content\/uploads\/2016\/08\/ktd-logo-web.jpg\",\"width\":450,\"height\":167,\"caption\":\"Kissthedesign\"},\"image\":{\"@id\":\"https:\/\/www.kissthedesign.ch\/en\/#\/schema\/logo\/image\/\"}}]}<\/script>\n<!-- \/ Yoast SEO plugin. -->","yoast_head_json":{"title":"B\u00e9atrice Durandard | Tischlampe L'Assiette | Lausanne, Schweiz","description":"B\u00e9atrice Durandard, Tischlampe L'Assiette. Galerie Kissthedesign, Lausanne, Schweiz. Zeitgen\u00f6ssisches Design in limitierte Auflage.","robots":{"index":"index","follow":"follow","max-snippet":"max-snippet:-1","max-image-preview":"max-image-preview:large","max-video-preview":"max-video-preview:-1"},"canonical":"https:\/\/www.kissthedesign.ch\/de\/produkt\/lampe-lassiette-beatrice-durandard\/","og_locale":"de_DE","og_type":"article","og_title":"B\u00e9atrice Durandard | Tischlampe L'Assiette | Lausanne, Schweiz","og_description":"B\u00e9atrice Durandard, Tischlampe L'Assiette. Galerie Kissthedesign, Lausanne, Schweiz. Zeitgen\u00f6ssisches Design in limitierte Auflage.","og_url":"https:\/\/www.kissthedesign.ch\/de\/produkt\/lampe-lassiette-beatrice-durandard\/","og_site_name":"kissthedesign","article_modified_time":"2018-04-05T18:05:48+00:00","og_image":[{"width":900,"height":798,"url":"https:\/\/www.kissthedesign.ch\/wp\/wp-content\/uploads\/2015\/05\/Beatrice_durandard_lampe_lassiette_orange.jpg","type":"image\/jpeg"}],"twitter_misc":{"Gesch\u00e4tzte Lesezeit":"1\u00a0Minute"},"schema":{"@context":"https:\/\/schema.org","@graph":[{"@type":"WebPage","@id":"https:\/\/www.kissthedesign.ch\/de\/produkt\/lampe-lassiette-beatrice-durandard\/","url":"https:\/\/www.kissthedesign.ch\/de\/produkt\/lampe-lassiette-beatrice-durandard\/","name":"B\u00e9atrice Durandard | Tischlampe L'Assiette | Lausanne, Schweiz","isPartOf":{"@id":"https:\/\/www.kissthedesign.ch\/en\/#website"},"primaryImageOfPage":{"@id":"https:\/\/www.kissthedesign.ch\/de\/produkt\/lampe-lassiette-beatrice-durandard\/#primaryimage"},"image":{"@id":"https:\/\/www.kissthedesign.ch\/de\/produkt\/lampe-lassiette-beatrice-durandard\/#primaryimage"},"thumbnailUrl":"https:\/\/www.kissthedesign.ch\/wp\/wp-content\/uploads\/2015\/05\/Beatrice_durandard_lampe_lassiette_orange.jpg","datePublished":"2015-05-25T07:14:34+00:00","dateModified":"2018-04-05T18:05:48+00:00","description":"B\u00e9atrice Durandard, Tischlampe L'Assiette. Galerie Kissthedesign, Lausanne, Schweiz. Zeitgen\u00f6ssisches Design in limitierte Auflage.","breadcrumb":{"@id":"https:\/\/www.kissthedesign.ch\/de\/produkt\/lampe-lassiette-beatrice-durandard\/#breadcrumb"},"inLanguage":"de","potentialAction":[{"@type":"ReadAction","target":["https:\/\/www.kissthedesign.ch\/de\/produkt\/lampe-lassiette-beatrice-durandard\/"]}]},{"@type":"ImageObject","inLanguage":"de","@id":"https:\/\/www.kissthedesign.ch\/de\/produkt\/lampe-lassiette-beatrice-durandard\/#primaryimage","url":"https:\/\/www.kissthedesign.ch\/wp\/wp-content\/uploads\/2015\/05\/Beatrice_durandard_lampe_lassiette_orange.jpg","contentUrl":"https:\/\/www.kissthedesign.ch\/wp\/wp-content\/uploads\/2015\/05\/Beatrice_durandard_lampe_lassiette_orange.jpg","width":900,"height":798,"caption":"Tischlampe L\\'assiette, orange, B\u00e9atrice Durandard"},{"@type":"BreadcrumbList","@id":"https:\/\/www.kissthedesign.ch\/de\/produkt\/lampe-lassiette-beatrice-durandard\/#breadcrumb","itemListElement":[{"@type":"ListItem","position":1,"name":"Accueil","item":"https:\/\/www.kissthedesign.ch\/de\/"},{"@type":"ListItem","position":2,"name":"Laden","item":"https:\/\/www.kissthedesign.ch\/de\/laden\/"}]},{"@type":"WebSite","@id":"https:\/\/www.kissthedesign.ch\/en\/#website","url":"https:\/\/www.kissthedesign.ch\/en\/","name":"kissthedesign","description":"Kissthedesign, Lausanne, Suisse. Mobilier du XXe, design vintage","publisher":{"@id":"https:\/\/www.kissthedesign.ch\/en\/#organization"},"potentialAction":[{"@type":"SearchAction","target":{"@type":"EntryPoint","urlTemplate":"https:\/\/www.kissthedesign.ch\/en\/?s={search_term_string}"},"query-input":{"@type":"PropertyValueSpecification","valueRequired":true,"valueName":"search_term_string"}}],"inLanguage":"de"},{"@type":"Organization","@id":"https:\/\/www.kissthedesign.ch\/en\/#organization","name":"Kissthedesign","url":"https:\/\/www.kissthedesign.ch\/en\/","logo":{"@type":"ImageObject","inLanguage":"de","@id":"https:\/\/www.kissthedesign.ch\/en\/#\/schema\/logo\/image\/","url":"https:\/\/www.kissthedesign.ch\/wp\/wp-content\/uploads\/2016\/08\/ktd-logo-web.jpg","contentUrl":"https:\/\/www.kissthedesign.ch\/wp\/wp-content\/uploads\/2016\/08\/ktd-logo-web.jpg","width":450,"height":167,"caption":"Kissthedesign"},"image":{"@id":"https:\/\/www.kissthedesign.ch\/en\/#\/schema\/logo\/image\/"}}]}},"_links":{"self":[{"href":"https:\/\/www.kissthedesign.ch\/de\/wp-json\/wp\/v2\/product\/12590","targetHints":{"allow":["GET"]}}],"collection":[{"href":"https:\/\/www.kissthedesign.ch\/de\/wp-json\/wp\/v2\/product"}],"about":[{"href":"https:\/\/www.kissthedesign.ch\/de\/wp-json\/wp\/v2\/types\/product"}],"replies":[{"embeddable":true,"href":"https:\/\/www.kissthedesign.ch\/de\/wp-json\/wp\/v2\/comments?post=12590"}],"wp:featuredmedia":[{"embeddable":true,"href":"https:\/\/www.kissthedesign.ch\/de\/wp-json\/wp\/v2\/media\/9712"}],"wp:attachment":[{"href":"https:\/\/www.kissthedesign.ch\/de\/wp-json\/wp\/v2\/media?parent=12590"}],"wp:term":[{"taxonomy":"product_brand","embeddable":true,"href":"https:\/\/www.kissthedesign.ch\/de\/wp-json\/wp\/v2\/product_brand?post=12590"},{"taxonomy":"product_cat","embeddable":true,"href":"https:\/\/www.kissthedesign.ch\/de\/wp-json\/wp\/v2\/product_cat?post=12590"},{"taxonomy":"product_tag","embeddable":true,"href":"https:\/\/www.kissthedesign.ch\/de\/wp-json\/wp\/v2\/product_tag?post=12590"}],"curies":[{"name":"wp","href":"https:\/\/api.w.org\/{rel}","templated":true}]}}