{"id":12615,"date":"2015-05-19T08:50:17","date_gmt":"2015-05-19T07:50:17","guid":{"rendered":"http:\/\/www.kissthedesign.ch\/product\/vase-tribe-fire-10732-arik-levy-bitossi\/"},"modified":"2018-07-03T10:55:55","modified_gmt":"2018-07-03T09:55:55","slug":"arik-levy-vase-tribe-fire-10732-bitossi","status":"publish","type":"product","link":"https:\/\/www.kissthedesign.ch\/de\/produkt\/arik-levy-vase-tribe-fire-10732-bitossi\/","title":{"rendered":"Vase Tribe Fire 10732 | Arik Levy | Bitossi"},"content":{"rendered":"<div class=\"wpb-content-wrapper\"><p>[vc_row][vc_column][vc_column_text]<\/p>\n<h2>Vase Tribe Fire 10732, Design Arik Levy, Bitossi<\/h2>\n<p>Vase\u00a0aus Keramik schwarz matt und gl\u00e4nzend rot. Limitierte Auflage von 99 Ex., unterschrieben und nummeriert.<br \/>\nGr\u00f6\u00dfe:\u00a0H 27 cm, \u00f8 16 cm<\/p>\n<p>Bitossi wurde in 1921 in der n\u00e4he von Florenz (eine Region mit Tradition in Keramikherstellung) von Guido Bitossi gegr\u00fcndet. Mit dem Eintritt von Aldo Londi Anfang der 50er als Art Director wandte sich Bitossi dem Design zu. Mit internationalen Designern wie Ettore Sottsass und Piero Fornasetti setzte Bitossi dann Ma\u00dfst\u00e4be f\u00fcr handgefertigte Studiokeramik. Der italienische Hersteller arbeitet nun auch mit zeitgen\u00f6ssischen Gr\u00f6\u00dfen wie u.a Arik Levy, DimoreStudio, Karim Rashid auf Keramik in limitierte Auflage.[\/vc_column_text][\/vc_column][\/vc_row][vc_row css=&#8221;.vc_custom_1487099865373{padding-top: 30px !important;}&#8221;][vc_column width=&#8221;1\/2&#8243;]\n<div class=\"wpcf7 no-js\" id=\"wpcf7-f12225-o1\" lang=\"fr-FR\" dir=\"ltr\" data-wpcf7-id=\"12225\">\n<div class=\"screen-reader-response\"><p role=\"status\" aria-live=\"polite\" aria-atomic=\"true\"><\/p> <ul><\/ul><\/div>\n<form action=\"\/de\/wp-json\/wp\/v2\/product\/12615#wpcf7-f12225-o1\" method=\"post\" class=\"wpcf7-form init\" aria-label=\"Formulaire de contact\" novalidate=\"novalidate\" data-status=\"init\">\n<fieldset class=\"hidden-fields-container\"><input type=\"hidden\" name=\"_wpcf7\" value=\"12225\" \/><input type=\"hidden\" name=\"_wpcf7_version\" value=\"6.1.5\" \/><input type=\"hidden\" name=\"_wpcf7_locale\" value=\"fr_FR\" \/><input type=\"hidden\" name=\"_wpcf7_unit_tag\" value=\"wpcf7-f12225-o1\" \/><input type=\"hidden\" name=\"_wpcf7_container_post\" value=\"0\" \/><input type=\"hidden\" name=\"_wpcf7_posted_data_hash\" value=\"\" \/><input type=\"hidden\" name=\"_wpcf7_recaptcha_response\" value=\"\" \/>\n<\/fieldset>\n\n<!-- CF7 Modules -->\n<div style='display:none;'><input type=\"hidden\" class=\"wpcf7-form-control wpcf7-hidden\" name=\"hidden-931\" placeholder=\"\" value=\"Vase Tribe Fire 10732 | Arik Levy | Bitossi\" \/>\n<\/div>\n<!-- End CF7 Modules -->\n\n<p><b>Kontaktieren Sie uns \u00fcber diesen Artikel<\/b>\n<\/p>\n<p>Ihre Name (Pflichtfeld)\n<\/p>\n<p><span class=\"wpcf7-form-control-wrap\" data-name=\"your-name\"><input size=\"40\" maxlength=\"400\" class=\"wpcf7-form-control wpcf7-text wpcf7-validates-as-required\" aria-required=\"true\" aria-invalid=\"false\" value=\"\" type=\"text\" name=\"your-name\" \/><\/span>\n<\/p>\n<p>Ihre Email (Pflichtfeld)\n<\/p>\n<p><span class=\"wpcf7-form-control-wrap\" data-name=\"your-email\"><input size=\"40\" maxlength=\"400\" class=\"wpcf7-form-control wpcf7-email wpcf7-validates-as-required wpcf7-text wpcf7-validates-as-email\" aria-required=\"true\" aria-invalid=\"false\" value=\"\" type=\"email\" name=\"your-email\" \/><\/span>\n<\/p>\n<p>Ihre Nachricht\n<\/p>\n<p><span class=\"wpcf7-form-control-wrap\" data-name=\"your-message\"><textarea cols=\"40\" rows=\"10\" maxlength=\"2000\" class=\"wpcf7-form-control wpcf7-textarea\" aria-invalid=\"false\" name=\"your-message\"><\/textarea><\/span>\n<\/p>\n<p>Die von Ihnen eingegebenen und mit diesem Formular gesendeten Daten werden gespeichert, aber werden nie verkauft oder an Dritte weitergegeben.\n<\/p>\n<p><span class=\"wpcf7-form-control-wrap\" data-name=\"checkbox-296\"><span class=\"wpcf7-form-control wpcf7-checkbox wpcf7-validates-as-required\"><span class=\"wpcf7-list-item first last\"><input type=\"checkbox\" name=\"checkbox-296[]\" value=\"Ich akzeptiere\" \/><span class=\"wpcf7-list-item-label\">Ich akzeptiere<\/span><\/span><\/span><\/span>\n<\/p>\n<p><input class=\"wpcf7-form-control wpcf7-submit has-spinner\" type=\"submit\" value=\"Senden\" \/>\n<\/p><div class=\"wpcf7-response-output\" aria-hidden=\"true\"><\/div>\n<\/form>\n<\/div>\n[\/vc_column][vc_column width=&#8221;1\/2&#8243;][\/vc_column][\/vc_row]<\/p>\n<\/div>","protected":false},"excerpt":{"rendered":"<p><span class=\"style5\">Vase aus Keramik schwarz matt und gl\u00e4nzend rot. Limitierte Auflage von 99 Ex., unterschrieben und nummeriert.<br \/>\nGr\u00f6\u00dfe:\u00a0H 27 cm, \u00f8 16 cm<\/span><\/p>\n","protected":false},"featured_media":9441,"comment_status":"closed","ping_status":"closed","template":"","meta":{"_monsterinsights_skip_tracking":false,"_monsterinsights_sitenote_active":false,"_monsterinsights_sitenote_note":"","_monsterinsights_sitenote_category":0},"product_brand":[],"product_cat":[156,3156,147,157],"product_tag":[783,784,753],"class_list":{"0":"post-12615","1":"product","2":"type-product","3":"status-publish","4":"has-post-thumbnail","6":"product_cat-accessoires-und-dekoration","7":"product_cat-auf-lager","8":"product_cat-bitossi-de-2","9":"product_cat-keramik","10":"product_tag-arik-levy-de","11":"product_tag-limitierte-auflage","12":"product_tag-zeitgenoessisches-design","13":"product_shipping_class-postpac-1kg-de","15":"first","16":"instock","17":"taxable","18":"shipping-taxable","19":"purchasable","20":"product-type-simple"},"yoast_head":"<!-- This site is optimized with the Yoast SEO plugin v25.3.1 - https:\/\/yoast.com\/wordpress\/plugins\/seo\/ -->\n<title>Arik Levy | Vase Tribe Fire 10732 | Bitossi | Lausanne, Schweiz<\/title>\n<meta name=\"description\" content=\"Vase Tribe Fire 10732, Arik Levy, Bitossi Keramik. Zeitgen\u00f6ssisches Design in limitierte Auflage. Galerie Kissthedesign, Lausanne, Schweiz. Designladen\" \/>\n<meta name=\"robots\" content=\"index, follow, max-snippet:-1, max-image-preview:large, max-video-preview:-1\" \/>\n<link rel=\"canonical\" href=\"https:\/\/www.kissthedesign.ch\/de\/produkt\/arik-levy-vase-tribe-fire-10732-bitossi\/\" \/>\n<meta property=\"og:locale\" content=\"de_DE\" \/>\n<meta property=\"og:type\" content=\"article\" \/>\n<meta property=\"og:title\" content=\"Arik Levy | Vase Tribe Fire 10732 | Bitossi | Lausanne, Schweiz\" \/>\n<meta property=\"og:description\" content=\"Vase Tribe Fire 10732, Arik Levy, Bitossi Keramik. Zeitgen\u00f6ssisches Design in limitierte Auflage. Galerie Kissthedesign, Lausanne, Schweiz. Designladen\" \/>\n<meta property=\"og:url\" content=\"https:\/\/www.kissthedesign.ch\/de\/produkt\/arik-levy-vase-tribe-fire-10732-bitossi\/\" \/>\n<meta property=\"og:site_name\" content=\"kissthedesign\" \/>\n<meta property=\"article:modified_time\" content=\"2018-07-03T09:55:55+00:00\" \/>\n<meta property=\"og:image\" content=\"https:\/\/www.kissthedesign.ch\/wp\/wp-content\/uploads\/2015\/05\/arik-levy-bitossi-tribe-fire-vase-ale10732.jpg\" \/>\n\t<meta property=\"og:image:width\" content=\"886\" \/>\n\t<meta property=\"og:image:height\" content=\"586\" \/>\n\t<meta property=\"og:image:type\" content=\"image\/jpeg\" \/>\n<meta name=\"twitter:label1\" content=\"Gesch\u00e4tzte Lesezeit\" \/>\n\t<meta name=\"twitter:data1\" content=\"1\u00a0Minute\" \/>\n<script type=\"application\/ld+json\" class=\"yoast-schema-graph\">{\"@context\":\"https:\/\/schema.org\",\"@graph\":[{\"@type\":\"WebPage\",\"@id\":\"https:\/\/www.kissthedesign.ch\/de\/produkt\/arik-levy-vase-tribe-fire-10732-bitossi\/\",\"url\":\"https:\/\/www.kissthedesign.ch\/de\/produkt\/arik-levy-vase-tribe-fire-10732-bitossi\/\",\"name\":\"Arik Levy | Vase Tribe Fire 10732 | Bitossi | Lausanne, Schweiz\",\"isPartOf\":{\"@id\":\"https:\/\/www.kissthedesign.ch\/en\/#website\"},\"primaryImageOfPage\":{\"@id\":\"https:\/\/www.kissthedesign.ch\/de\/produkt\/arik-levy-vase-tribe-fire-10732-bitossi\/#primaryimage\"},\"image\":{\"@id\":\"https:\/\/www.kissthedesign.ch\/de\/produkt\/arik-levy-vase-tribe-fire-10732-bitossi\/#primaryimage\"},\"thumbnailUrl\":\"https:\/\/www.kissthedesign.ch\/wp\/wp-content\/uploads\/2015\/05\/arik-levy-bitossi-tribe-fire-vase-ale10732.jpg\",\"datePublished\":\"2015-05-19T07:50:17+00:00\",\"dateModified\":\"2018-07-03T09:55:55+00:00\",\"description\":\"Vase Tribe Fire 10732, Arik Levy, Bitossi Keramik. Zeitgen\u00f6ssisches Design in limitierte Auflage. Galerie Kissthedesign, Lausanne, Schweiz. Designladen\",\"breadcrumb\":{\"@id\":\"https:\/\/www.kissthedesign.ch\/de\/produkt\/arik-levy-vase-tribe-fire-10732-bitossi\/#breadcrumb\"},\"inLanguage\":\"de\",\"potentialAction\":[{\"@type\":\"ReadAction\",\"target\":[\"https:\/\/www.kissthedesign.ch\/de\/produkt\/arik-levy-vase-tribe-fire-10732-bitossi\/\"]}]},{\"@type\":\"ImageObject\",\"inLanguage\":\"de\",\"@id\":\"https:\/\/www.kissthedesign.ch\/de\/produkt\/arik-levy-vase-tribe-fire-10732-bitossi\/#primaryimage\",\"url\":\"https:\/\/www.kissthedesign.ch\/wp\/wp-content\/uploads\/2015\/05\/arik-levy-bitossi-tribe-fire-vase-ale10732.jpg\",\"contentUrl\":\"https:\/\/www.kissthedesign.ch\/wp\/wp-content\/uploads\/2015\/05\/arik-levy-bitossi-tribe-fire-vase-ale10732.jpg\",\"width\":886,\"height\":586,\"caption\":\"Vase Tribe Fire Ale-10732, Arik Levy, Bitossi Keramik\"},{\"@type\":\"BreadcrumbList\",\"@id\":\"https:\/\/www.kissthedesign.ch\/de\/produkt\/arik-levy-vase-tribe-fire-10732-bitossi\/#breadcrumb\",\"itemListElement\":[{\"@type\":\"ListItem\",\"position\":1,\"name\":\"Accueil\",\"item\":\"https:\/\/www.kissthedesign.ch\/de\/\"},{\"@type\":\"ListItem\",\"position\":2,\"name\":\"Laden\",\"item\":\"https:\/\/www.kissthedesign.ch\/de\/laden\/\"},{\"@type\":\"ListItem\",\"position\":3,\"name\":\"Vase Tribe Fire 10732 | Arik Levy | Bitossi\"}]},{\"@type\":\"WebSite\",\"@id\":\"https:\/\/www.kissthedesign.ch\/en\/#website\",\"url\":\"https:\/\/www.kissthedesign.ch\/en\/\",\"name\":\"kissthedesign\",\"description\":\"Kissthedesign, Lausanne, Suisse. Mobilier du XXe, design vintage\",\"publisher\":{\"@id\":\"https:\/\/www.kissthedesign.ch\/en\/#organization\"},\"potentialAction\":[{\"@type\":\"SearchAction\",\"target\":{\"@type\":\"EntryPoint\",\"urlTemplate\":\"https:\/\/www.kissthedesign.ch\/en\/?s={search_term_string}\"},\"query-input\":{\"@type\":\"PropertyValueSpecification\",\"valueRequired\":true,\"valueName\":\"search_term_string\"}}],\"inLanguage\":\"de\"},{\"@type\":\"Organization\",\"@id\":\"https:\/\/www.kissthedesign.ch\/en\/#organization\",\"name\":\"Kissthedesign\",\"url\":\"https:\/\/www.kissthedesign.ch\/en\/\",\"logo\":{\"@type\":\"ImageObject\",\"inLanguage\":\"de\",\"@id\":\"https:\/\/www.kissthedesign.ch\/en\/#\/schema\/logo\/image\/\",\"url\":\"https:\/\/www.kissthedesign.ch\/wp\/wp-content\/uploads\/2016\/08\/ktd-logo-web.jpg\",\"contentUrl\":\"https:\/\/www.kissthedesign.ch\/wp\/wp-content\/uploads\/2016\/08\/ktd-logo-web.jpg\",\"width\":450,\"height\":167,\"caption\":\"Kissthedesign\"},\"image\":{\"@id\":\"https:\/\/www.kissthedesign.ch\/en\/#\/schema\/logo\/image\/\"}}]}<\/script>\n<!-- \/ Yoast SEO plugin. -->","yoast_head_json":{"title":"Arik Levy | Vase Tribe Fire 10732 | Bitossi | Lausanne, Schweiz","description":"Vase Tribe Fire 10732, Arik Levy, Bitossi Keramik. Zeitgen\u00f6ssisches Design in limitierte Auflage. Galerie Kissthedesign, Lausanne, Schweiz. Designladen","robots":{"index":"index","follow":"follow","max-snippet":"max-snippet:-1","max-image-preview":"max-image-preview:large","max-video-preview":"max-video-preview:-1"},"canonical":"https:\/\/www.kissthedesign.ch\/de\/produkt\/arik-levy-vase-tribe-fire-10732-bitossi\/","og_locale":"de_DE","og_type":"article","og_title":"Arik Levy | Vase Tribe Fire 10732 | Bitossi | Lausanne, Schweiz","og_description":"Vase Tribe Fire 10732, Arik Levy, Bitossi Keramik. Zeitgen\u00f6ssisches Design in limitierte Auflage. Galerie Kissthedesign, Lausanne, Schweiz. Designladen","og_url":"https:\/\/www.kissthedesign.ch\/de\/produkt\/arik-levy-vase-tribe-fire-10732-bitossi\/","og_site_name":"kissthedesign","article_modified_time":"2018-07-03T09:55:55+00:00","og_image":[{"width":886,"height":586,"url":"https:\/\/www.kissthedesign.ch\/wp\/wp-content\/uploads\/2015\/05\/arik-levy-bitossi-tribe-fire-vase-ale10732.jpg","type":"image\/jpeg"}],"twitter_misc":{"Gesch\u00e4tzte Lesezeit":"1\u00a0Minute"},"schema":{"@context":"https:\/\/schema.org","@graph":[{"@type":"WebPage","@id":"https:\/\/www.kissthedesign.ch\/de\/produkt\/arik-levy-vase-tribe-fire-10732-bitossi\/","url":"https:\/\/www.kissthedesign.ch\/de\/produkt\/arik-levy-vase-tribe-fire-10732-bitossi\/","name":"Arik Levy | Vase Tribe Fire 10732 | Bitossi | Lausanne, Schweiz","isPartOf":{"@id":"https:\/\/www.kissthedesign.ch\/en\/#website"},"primaryImageOfPage":{"@id":"https:\/\/www.kissthedesign.ch\/de\/produkt\/arik-levy-vase-tribe-fire-10732-bitossi\/#primaryimage"},"image":{"@id":"https:\/\/www.kissthedesign.ch\/de\/produkt\/arik-levy-vase-tribe-fire-10732-bitossi\/#primaryimage"},"thumbnailUrl":"https:\/\/www.kissthedesign.ch\/wp\/wp-content\/uploads\/2015\/05\/arik-levy-bitossi-tribe-fire-vase-ale10732.jpg","datePublished":"2015-05-19T07:50:17+00:00","dateModified":"2018-07-03T09:55:55+00:00","description":"Vase Tribe Fire 10732, Arik Levy, Bitossi Keramik. Zeitgen\u00f6ssisches Design in limitierte Auflage. Galerie Kissthedesign, Lausanne, Schweiz. Designladen","breadcrumb":{"@id":"https:\/\/www.kissthedesign.ch\/de\/produkt\/arik-levy-vase-tribe-fire-10732-bitossi\/#breadcrumb"},"inLanguage":"de","potentialAction":[{"@type":"ReadAction","target":["https:\/\/www.kissthedesign.ch\/de\/produkt\/arik-levy-vase-tribe-fire-10732-bitossi\/"]}]},{"@type":"ImageObject","inLanguage":"de","@id":"https:\/\/www.kissthedesign.ch\/de\/produkt\/arik-levy-vase-tribe-fire-10732-bitossi\/#primaryimage","url":"https:\/\/www.kissthedesign.ch\/wp\/wp-content\/uploads\/2015\/05\/arik-levy-bitossi-tribe-fire-vase-ale10732.jpg","contentUrl":"https:\/\/www.kissthedesign.ch\/wp\/wp-content\/uploads\/2015\/05\/arik-levy-bitossi-tribe-fire-vase-ale10732.jpg","width":886,"height":586,"caption":"Vase Tribe Fire Ale-10732, Arik Levy, Bitossi Keramik"},{"@type":"BreadcrumbList","@id":"https:\/\/www.kissthedesign.ch\/de\/produkt\/arik-levy-vase-tribe-fire-10732-bitossi\/#breadcrumb","itemListElement":[{"@type":"ListItem","position":1,"name":"Accueil","item":"https:\/\/www.kissthedesign.ch\/de\/"},{"@type":"ListItem","position":2,"name":"Laden","item":"https:\/\/www.kissthedesign.ch\/de\/laden\/"},{"@type":"ListItem","position":3,"name":"Vase Tribe Fire 10732 | Arik Levy | Bitossi"}]},{"@type":"WebSite","@id":"https:\/\/www.kissthedesign.ch\/en\/#website","url":"https:\/\/www.kissthedesign.ch\/en\/","name":"kissthedesign","description":"Kissthedesign, Lausanne, Suisse. Mobilier du XXe, design vintage","publisher":{"@id":"https:\/\/www.kissthedesign.ch\/en\/#organization"},"potentialAction":[{"@type":"SearchAction","target":{"@type":"EntryPoint","urlTemplate":"https:\/\/www.kissthedesign.ch\/en\/?s={search_term_string}"},"query-input":{"@type":"PropertyValueSpecification","valueRequired":true,"valueName":"search_term_string"}}],"inLanguage":"de"},{"@type":"Organization","@id":"https:\/\/www.kissthedesign.ch\/en\/#organization","name":"Kissthedesign","url":"https:\/\/www.kissthedesign.ch\/en\/","logo":{"@type":"ImageObject","inLanguage":"de","@id":"https:\/\/www.kissthedesign.ch\/en\/#\/schema\/logo\/image\/","url":"https:\/\/www.kissthedesign.ch\/wp\/wp-content\/uploads\/2016\/08\/ktd-logo-web.jpg","contentUrl":"https:\/\/www.kissthedesign.ch\/wp\/wp-content\/uploads\/2016\/08\/ktd-logo-web.jpg","width":450,"height":167,"caption":"Kissthedesign"},"image":{"@id":"https:\/\/www.kissthedesign.ch\/en\/#\/schema\/logo\/image\/"}}]}},"_links":{"self":[{"href":"https:\/\/www.kissthedesign.ch\/de\/wp-json\/wp\/v2\/product\/12615","targetHints":{"allow":["GET"]}}],"collection":[{"href":"https:\/\/www.kissthedesign.ch\/de\/wp-json\/wp\/v2\/product"}],"about":[{"href":"https:\/\/www.kissthedesign.ch\/de\/wp-json\/wp\/v2\/types\/product"}],"replies":[{"embeddable":true,"href":"https:\/\/www.kissthedesign.ch\/de\/wp-json\/wp\/v2\/comments?post=12615"}],"wp:featuredmedia":[{"embeddable":true,"href":"https:\/\/www.kissthedesign.ch\/de\/wp-json\/wp\/v2\/media\/9441"}],"wp:attachment":[{"href":"https:\/\/www.kissthedesign.ch\/de\/wp-json\/wp\/v2\/media?parent=12615"}],"wp:term":[{"taxonomy":"product_brand","embeddable":true,"href":"https:\/\/www.kissthedesign.ch\/de\/wp-json\/wp\/v2\/product_brand?post=12615"},{"taxonomy":"product_cat","embeddable":true,"href":"https:\/\/www.kissthedesign.ch\/de\/wp-json\/wp\/v2\/product_cat?post=12615"},{"taxonomy":"product_tag","embeddable":true,"href":"https:\/\/www.kissthedesign.ch\/de\/wp-json\/wp\/v2\/product_tag?post=12615"}],"curies":[{"name":"wp","href":"https:\/\/api.w.org\/{rel}","templated":true}]}}