{"id":12692,"date":"2015-05-17T08:05:30","date_gmt":"2015-05-17T07:05:30","guid":{"rendered":"http:\/\/www.kissthedesign.ch\/product\/nyhavn-tisch-finn-juhl-onecollection\/"},"modified":"2018-04-01T10:17:13","modified_gmt":"2018-04-01T09:17:13","slug":"nyhavn-tisch-finn-juhl-onecollection","status":"publish","type":"product","link":"https:\/\/www.kissthedesign.ch\/de\/produkt\/nyhavn-tisch-finn-juhl-onecollection\/","title":{"rendered":"Nyhavn Tisch | Finn Juhl | Austellungsmodell"},"content":{"rendered":"<div class=\"wpb-content-wrapper\"><p>[vc_row][vc_column][vc_column_text]<\/p>\n<h2>Nyhavn Tisch, Design Finn Juhl, Onecollection.<\/h2>\n<p>Der\u00a0Nyhavn Tisch wurde in 1945 f\u00fcr Bovirke entworfen. Das Modell ist verf\u00fcgbar als\u00a0Tisch, Schreibtisch, Ausziehtisch, oder\u00a0Couchtisch.<\/p>\n<p>Tisch mit Platte aus Teak und Linoleum, Untergestell aus Metall.\u00a0Mod.\u00a0FJ 5381. Gr\u00f6\u00dfe\u00a0190 cm x 85 cm, H 72.5\u00a0cm.<br \/>\nAusstellungsmodell in sehr guten Zustand mit Gebrauchsspuren auf der Tischplatte<\/p>\n<p>Finn Juhl M\u00f6bel zeigen organische Formen sowie elegante und weiche Linie, die das d\u00e4nische Design aus dem 20 Jahrhundert stark pr\u00e4gen werden. Die d\u00e4nische M\u00f6belkunst von Finn Juhl beweist von hoher Bequemlichkeit und bester Handwerkstradition.[\/vc_column_text][\/vc_column][\/vc_row][vc_row css=&#8221;.vc_custom_1522574129663{margin-top: 25px !important;}&#8221;][vc_column width=&#8221;1\/2&#8243;]\n<div class=\"wpcf7 no-js\" id=\"wpcf7-f12225-o1\" lang=\"fr-FR\" dir=\"ltr\" data-wpcf7-id=\"12225\">\n<div class=\"screen-reader-response\"><p role=\"status\" aria-live=\"polite\" aria-atomic=\"true\"><\/p> <ul><\/ul><\/div>\n<form action=\"\/de\/wp-json\/wp\/v2\/product\/12692#wpcf7-f12225-o1\" method=\"post\" class=\"wpcf7-form init\" aria-label=\"Formulaire de contact\" novalidate=\"novalidate\" data-status=\"init\">\n<fieldset class=\"hidden-fields-container\"><input type=\"hidden\" name=\"_wpcf7\" value=\"12225\" \/><input type=\"hidden\" name=\"_wpcf7_version\" value=\"6.1.5\" \/><input type=\"hidden\" name=\"_wpcf7_locale\" value=\"fr_FR\" \/><input type=\"hidden\" name=\"_wpcf7_unit_tag\" value=\"wpcf7-f12225-o1\" \/><input type=\"hidden\" name=\"_wpcf7_container_post\" value=\"0\" \/><input type=\"hidden\" name=\"_wpcf7_posted_data_hash\" value=\"\" \/><input type=\"hidden\" name=\"_wpcf7_recaptcha_response\" value=\"\" \/>\n<\/fieldset>\n\n<!-- CF7 Modules -->\n<div style='display:none;'><input type=\"hidden\" class=\"wpcf7-form-control wpcf7-hidden\" name=\"hidden-931\" placeholder=\"\" value=\"Nyhavn Tisch | Finn Juhl | Austellungsmodell\" \/>\n<\/div>\n<!-- End CF7 Modules -->\n\n<p><b>Kontaktieren Sie uns \u00fcber diesen Artikel<\/b>\n<\/p>\n<p>Ihre Name (Pflichtfeld)\n<\/p>\n<p><span class=\"wpcf7-form-control-wrap\" data-name=\"your-name\"><input size=\"40\" maxlength=\"400\" class=\"wpcf7-form-control wpcf7-text wpcf7-validates-as-required\" aria-required=\"true\" aria-invalid=\"false\" value=\"\" type=\"text\" name=\"your-name\" \/><\/span>\n<\/p>\n<p>Ihre Email (Pflichtfeld)\n<\/p>\n<p><span class=\"wpcf7-form-control-wrap\" data-name=\"your-email\"><input size=\"40\" maxlength=\"400\" class=\"wpcf7-form-control wpcf7-email wpcf7-validates-as-required wpcf7-text wpcf7-validates-as-email\" aria-required=\"true\" aria-invalid=\"false\" value=\"\" type=\"email\" name=\"your-email\" \/><\/span>\n<\/p>\n<p>Ihre Nachricht\n<\/p>\n<p><span class=\"wpcf7-form-control-wrap\" data-name=\"your-message\"><textarea cols=\"40\" rows=\"10\" maxlength=\"2000\" class=\"wpcf7-form-control wpcf7-textarea\" aria-invalid=\"false\" name=\"your-message\"><\/textarea><\/span>\n<\/p>\n<p>Die von Ihnen eingegebenen und mit diesem Formular gesendeten Daten werden gespeichert, aber werden nie verkauft oder an Dritte weitergegeben.\n<\/p>\n<p><span class=\"wpcf7-form-control-wrap\" data-name=\"checkbox-296\"><span class=\"wpcf7-form-control wpcf7-checkbox wpcf7-validates-as-required\"><span class=\"wpcf7-list-item first last\"><input type=\"checkbox\" name=\"checkbox-296[]\" value=\"Ich akzeptiere\" \/><span class=\"wpcf7-list-item-label\">Ich akzeptiere<\/span><\/span><\/span><\/span>\n<\/p>\n<p><input class=\"wpcf7-form-control wpcf7-submit has-spinner\" type=\"submit\" value=\"Senden\" \/>\n<\/p><div class=\"wpcf7-response-output\" aria-hidden=\"true\"><\/div>\n<\/form>\n<\/div>\n[\/vc_column][vc_column width=&#8221;1\/2&#8243;][\/vc_column][\/vc_row]<\/p>\n<\/div>","protected":false},"excerpt":{"rendered":"<p>Tisch mit Platte aus Teak, und Linoleum, Untergestell aus Metall.<br \/>\nMod.\u00a0FJ 5381. Gr\u00f6\u00dfe\u00a0190 cm x 85 cm, H 72.5\u00a0cm.<br \/>\nAusstellungsmodell in sehr guten Zustand mit Gebrauchsspuren auf der Tischplatte<\/p>\n","protected":false},"featured_media":8825,"comment_status":"closed","ping_status":"closed","template":"","meta":{"_monsterinsights_skip_tracking":false,"_monsterinsights_sitenote_active":false,"_monsterinsights_sitenote_note":"","_monsterinsights_sitenote_category":0},"product_brand":[],"product_cat":[255],"product_tag":[],"class_list":{"0":"post-12692","1":"product","2":"type-product","3":"status-publish","4":"has-post-thumbnail","6":"product_cat-archiv-de","7":"product_shipping_class-spediteur-lieferung","9":"first","10":"outofstock","11":"taxable","12":"shipping-taxable","13":"product-type-simple"},"yoast_head":"<!-- This site is optimized with the Yoast SEO plugin v25.3.1 - https:\/\/yoast.com\/wordpress\/plugins\/seo\/ -->\n<title>Nyhavn Tisch | Finn Juhl | Onecollection | Designklassiker in der Schweiz<\/title>\n<meta name=\"description\" content=\"Nyhavn Tisch, Finn Juhl, Onecollection. D\u00e4nisches Design aus den 40er Jahren. Kissthedesign, Schweiz, Laden f\u00fcr Designklassiker. Lieferung schweizweit\" \/>\n<meta name=\"robots\" content=\"index, follow, max-snippet:-1, max-image-preview:large, max-video-preview:-1\" \/>\n<link rel=\"canonical\" href=\"https:\/\/www.kissthedesign.ch\/de\/produkt\/nyhavn-tisch-finn-juhl-onecollection\/\" \/>\n<meta property=\"og:locale\" content=\"de_DE\" \/>\n<meta property=\"og:type\" content=\"article\" \/>\n<meta property=\"og:title\" content=\"Nyhavn Tisch | Finn Juhl | Onecollection | Designklassiker in der Schweiz\" \/>\n<meta property=\"og:description\" content=\"Nyhavn Tisch, Finn Juhl, Onecollection. D\u00e4nisches Design aus den 40er Jahren. Kissthedesign, Schweiz, Laden f\u00fcr Designklassiker. Lieferung schweizweit\" \/>\n<meta property=\"og:url\" content=\"https:\/\/www.kissthedesign.ch\/de\/produkt\/nyhavn-tisch-finn-juhl-onecollection\/\" \/>\n<meta property=\"og:site_name\" content=\"kissthedesign\" \/>\n<meta property=\"article:modified_time\" content=\"2018-04-01T09:17:13+00:00\" \/>\n<meta property=\"og:image\" content=\"https:\/\/www.kissthedesign.ch\/wp\/wp-content\/uploads\/2015\/05\/finn-juhl-table-nyhavn.jpg\" \/>\n\t<meta property=\"og:image:width\" content=\"900\" \/>\n\t<meta property=\"og:image:height\" content=\"600\" \/>\n\t<meta property=\"og:image:type\" content=\"image\/jpeg\" \/>\n<meta name=\"twitter:label1\" content=\"Gesch\u00e4tzte Lesezeit\" \/>\n\t<meta name=\"twitter:data1\" content=\"1\u00a0Minute\" \/>\n<script type=\"application\/ld+json\" class=\"yoast-schema-graph\">{\"@context\":\"https:\/\/schema.org\",\"@graph\":[{\"@type\":\"WebPage\",\"@id\":\"https:\/\/www.kissthedesign.ch\/de\/produkt\/nyhavn-tisch-finn-juhl-onecollection\/\",\"url\":\"https:\/\/www.kissthedesign.ch\/de\/produkt\/nyhavn-tisch-finn-juhl-onecollection\/\",\"name\":\"Nyhavn Tisch | Finn Juhl | Onecollection | Designklassiker in der Schweiz\",\"isPartOf\":{\"@id\":\"https:\/\/www.kissthedesign.ch\/en\/#website\"},\"primaryImageOfPage\":{\"@id\":\"https:\/\/www.kissthedesign.ch\/de\/produkt\/nyhavn-tisch-finn-juhl-onecollection\/#primaryimage\"},\"image\":{\"@id\":\"https:\/\/www.kissthedesign.ch\/de\/produkt\/nyhavn-tisch-finn-juhl-onecollection\/#primaryimage\"},\"thumbnailUrl\":\"https:\/\/www.kissthedesign.ch\/wp\/wp-content\/uploads\/2015\/05\/finn-juhl-table-nyhavn.jpg\",\"datePublished\":\"2015-05-17T07:05:30+00:00\",\"dateModified\":\"2018-04-01T09:17:13+00:00\",\"description\":\"Nyhavn Tisch, Finn Juhl, Onecollection. D\u00e4nisches Design aus den 40er Jahren. Kissthedesign, Schweiz, Laden f\u00fcr Designklassiker. Lieferung schweizweit\",\"breadcrumb\":{\"@id\":\"https:\/\/www.kissthedesign.ch\/de\/produkt\/nyhavn-tisch-finn-juhl-onecollection\/#breadcrumb\"},\"inLanguage\":\"de\",\"potentialAction\":[{\"@type\":\"ReadAction\",\"target\":[\"https:\/\/www.kissthedesign.ch\/de\/produkt\/nyhavn-tisch-finn-juhl-onecollection\/\"]}]},{\"@type\":\"ImageObject\",\"inLanguage\":\"de\",\"@id\":\"https:\/\/www.kissthedesign.ch\/de\/produkt\/nyhavn-tisch-finn-juhl-onecollection\/#primaryimage\",\"url\":\"https:\/\/www.kissthedesign.ch\/wp\/wp-content\/uploads\/2015\/05\/finn-juhl-table-nyhavn.jpg\",\"contentUrl\":\"https:\/\/www.kissthedesign.ch\/wp\/wp-content\/uploads\/2015\/05\/finn-juhl-table-nyhavn.jpg\",\"width\":900,\"height\":600,\"caption\":\"Nyhavn Tisch, Linoleum Platte, Finn Juhl, Onecollection\"},{\"@type\":\"BreadcrumbList\",\"@id\":\"https:\/\/www.kissthedesign.ch\/de\/produkt\/nyhavn-tisch-finn-juhl-onecollection\/#breadcrumb\",\"itemListElement\":[{\"@type\":\"ListItem\",\"position\":1,\"name\":\"Accueil\",\"item\":\"https:\/\/www.kissthedesign.ch\/de\/\"},{\"@type\":\"ListItem\",\"position\":2,\"name\":\"Laden\",\"item\":\"https:\/\/www.kissthedesign.ch\/de\/laden\/\"},{\"@type\":\"ListItem\",\"position\":3,\"name\":\"Nyhavn Tisch | Finn Juhl | Austellungsmodell\"}]},{\"@type\":\"WebSite\",\"@id\":\"https:\/\/www.kissthedesign.ch\/en\/#website\",\"url\":\"https:\/\/www.kissthedesign.ch\/en\/\",\"name\":\"kissthedesign\",\"description\":\"Kissthedesign, Lausanne, Suisse. Mobilier du XXe, design vintage\",\"publisher\":{\"@id\":\"https:\/\/www.kissthedesign.ch\/en\/#organization\"},\"potentialAction\":[{\"@type\":\"SearchAction\",\"target\":{\"@type\":\"EntryPoint\",\"urlTemplate\":\"https:\/\/www.kissthedesign.ch\/en\/?s={search_term_string}\"},\"query-input\":{\"@type\":\"PropertyValueSpecification\",\"valueRequired\":true,\"valueName\":\"search_term_string\"}}],\"inLanguage\":\"de\"},{\"@type\":\"Organization\",\"@id\":\"https:\/\/www.kissthedesign.ch\/en\/#organization\",\"name\":\"Kissthedesign\",\"url\":\"https:\/\/www.kissthedesign.ch\/en\/\",\"logo\":{\"@type\":\"ImageObject\",\"inLanguage\":\"de\",\"@id\":\"https:\/\/www.kissthedesign.ch\/en\/#\/schema\/logo\/image\/\",\"url\":\"https:\/\/www.kissthedesign.ch\/wp\/wp-content\/uploads\/2016\/08\/ktd-logo-web.jpg\",\"contentUrl\":\"https:\/\/www.kissthedesign.ch\/wp\/wp-content\/uploads\/2016\/08\/ktd-logo-web.jpg\",\"width\":450,\"height\":167,\"caption\":\"Kissthedesign\"},\"image\":{\"@id\":\"https:\/\/www.kissthedesign.ch\/en\/#\/schema\/logo\/image\/\"}}]}<\/script>\n<!-- \/ Yoast SEO plugin. -->","yoast_head_json":{"title":"Nyhavn Tisch | Finn Juhl | Onecollection | Designklassiker in der Schweiz","description":"Nyhavn Tisch, Finn Juhl, Onecollection. D\u00e4nisches Design aus den 40er Jahren. Kissthedesign, Schweiz, Laden f\u00fcr Designklassiker. Lieferung schweizweit","robots":{"index":"index","follow":"follow","max-snippet":"max-snippet:-1","max-image-preview":"max-image-preview:large","max-video-preview":"max-video-preview:-1"},"canonical":"https:\/\/www.kissthedesign.ch\/de\/produkt\/nyhavn-tisch-finn-juhl-onecollection\/","og_locale":"de_DE","og_type":"article","og_title":"Nyhavn Tisch | Finn Juhl | Onecollection | Designklassiker in der Schweiz","og_description":"Nyhavn Tisch, Finn Juhl, Onecollection. D\u00e4nisches Design aus den 40er Jahren. Kissthedesign, Schweiz, Laden f\u00fcr Designklassiker. Lieferung schweizweit","og_url":"https:\/\/www.kissthedesign.ch\/de\/produkt\/nyhavn-tisch-finn-juhl-onecollection\/","og_site_name":"kissthedesign","article_modified_time":"2018-04-01T09:17:13+00:00","og_image":[{"width":900,"height":600,"url":"https:\/\/www.kissthedesign.ch\/wp\/wp-content\/uploads\/2015\/05\/finn-juhl-table-nyhavn.jpg","type":"image\/jpeg"}],"twitter_misc":{"Gesch\u00e4tzte Lesezeit":"1\u00a0Minute"},"schema":{"@context":"https:\/\/schema.org","@graph":[{"@type":"WebPage","@id":"https:\/\/www.kissthedesign.ch\/de\/produkt\/nyhavn-tisch-finn-juhl-onecollection\/","url":"https:\/\/www.kissthedesign.ch\/de\/produkt\/nyhavn-tisch-finn-juhl-onecollection\/","name":"Nyhavn Tisch | Finn Juhl | Onecollection | Designklassiker in der Schweiz","isPartOf":{"@id":"https:\/\/www.kissthedesign.ch\/en\/#website"},"primaryImageOfPage":{"@id":"https:\/\/www.kissthedesign.ch\/de\/produkt\/nyhavn-tisch-finn-juhl-onecollection\/#primaryimage"},"image":{"@id":"https:\/\/www.kissthedesign.ch\/de\/produkt\/nyhavn-tisch-finn-juhl-onecollection\/#primaryimage"},"thumbnailUrl":"https:\/\/www.kissthedesign.ch\/wp\/wp-content\/uploads\/2015\/05\/finn-juhl-table-nyhavn.jpg","datePublished":"2015-05-17T07:05:30+00:00","dateModified":"2018-04-01T09:17:13+00:00","description":"Nyhavn Tisch, Finn Juhl, Onecollection. D\u00e4nisches Design aus den 40er Jahren. Kissthedesign, Schweiz, Laden f\u00fcr Designklassiker. Lieferung schweizweit","breadcrumb":{"@id":"https:\/\/www.kissthedesign.ch\/de\/produkt\/nyhavn-tisch-finn-juhl-onecollection\/#breadcrumb"},"inLanguage":"de","potentialAction":[{"@type":"ReadAction","target":["https:\/\/www.kissthedesign.ch\/de\/produkt\/nyhavn-tisch-finn-juhl-onecollection\/"]}]},{"@type":"ImageObject","inLanguage":"de","@id":"https:\/\/www.kissthedesign.ch\/de\/produkt\/nyhavn-tisch-finn-juhl-onecollection\/#primaryimage","url":"https:\/\/www.kissthedesign.ch\/wp\/wp-content\/uploads\/2015\/05\/finn-juhl-table-nyhavn.jpg","contentUrl":"https:\/\/www.kissthedesign.ch\/wp\/wp-content\/uploads\/2015\/05\/finn-juhl-table-nyhavn.jpg","width":900,"height":600,"caption":"Nyhavn Tisch, Linoleum Platte, Finn Juhl, Onecollection"},{"@type":"BreadcrumbList","@id":"https:\/\/www.kissthedesign.ch\/de\/produkt\/nyhavn-tisch-finn-juhl-onecollection\/#breadcrumb","itemListElement":[{"@type":"ListItem","position":1,"name":"Accueil","item":"https:\/\/www.kissthedesign.ch\/de\/"},{"@type":"ListItem","position":2,"name":"Laden","item":"https:\/\/www.kissthedesign.ch\/de\/laden\/"},{"@type":"ListItem","position":3,"name":"Nyhavn Tisch | Finn Juhl | Austellungsmodell"}]},{"@type":"WebSite","@id":"https:\/\/www.kissthedesign.ch\/en\/#website","url":"https:\/\/www.kissthedesign.ch\/en\/","name":"kissthedesign","description":"Kissthedesign, Lausanne, Suisse. Mobilier du XXe, design vintage","publisher":{"@id":"https:\/\/www.kissthedesign.ch\/en\/#organization"},"potentialAction":[{"@type":"SearchAction","target":{"@type":"EntryPoint","urlTemplate":"https:\/\/www.kissthedesign.ch\/en\/?s={search_term_string}"},"query-input":{"@type":"PropertyValueSpecification","valueRequired":true,"valueName":"search_term_string"}}],"inLanguage":"de"},{"@type":"Organization","@id":"https:\/\/www.kissthedesign.ch\/en\/#organization","name":"Kissthedesign","url":"https:\/\/www.kissthedesign.ch\/en\/","logo":{"@type":"ImageObject","inLanguage":"de","@id":"https:\/\/www.kissthedesign.ch\/en\/#\/schema\/logo\/image\/","url":"https:\/\/www.kissthedesign.ch\/wp\/wp-content\/uploads\/2016\/08\/ktd-logo-web.jpg","contentUrl":"https:\/\/www.kissthedesign.ch\/wp\/wp-content\/uploads\/2016\/08\/ktd-logo-web.jpg","width":450,"height":167,"caption":"Kissthedesign"},"image":{"@id":"https:\/\/www.kissthedesign.ch\/en\/#\/schema\/logo\/image\/"}}]}},"_links":{"self":[{"href":"https:\/\/www.kissthedesign.ch\/de\/wp-json\/wp\/v2\/product\/12692","targetHints":{"allow":["GET"]}}],"collection":[{"href":"https:\/\/www.kissthedesign.ch\/de\/wp-json\/wp\/v2\/product"}],"about":[{"href":"https:\/\/www.kissthedesign.ch\/de\/wp-json\/wp\/v2\/types\/product"}],"replies":[{"embeddable":true,"href":"https:\/\/www.kissthedesign.ch\/de\/wp-json\/wp\/v2\/comments?post=12692"}],"wp:featuredmedia":[{"embeddable":true,"href":"https:\/\/www.kissthedesign.ch\/de\/wp-json\/wp\/v2\/media\/8825"}],"wp:attachment":[{"href":"https:\/\/www.kissthedesign.ch\/de\/wp-json\/wp\/v2\/media?parent=12692"}],"wp:term":[{"taxonomy":"product_brand","embeddable":true,"href":"https:\/\/www.kissthedesign.ch\/de\/wp-json\/wp\/v2\/product_brand?post=12692"},{"taxonomy":"product_cat","embeddable":true,"href":"https:\/\/www.kissthedesign.ch\/de\/wp-json\/wp\/v2\/product_cat?post=12692"},{"taxonomy":"product_tag","embeddable":true,"href":"https:\/\/www.kissthedesign.ch\/de\/wp-json\/wp\/v2\/product_tag?post=12692"}],"curies":[{"name":"wp","href":"https:\/\/api.w.org\/{rel}","templated":true}]}}