{"id":12727,"date":"2015-05-12T17:40:43","date_gmt":"2015-05-12T16:40:43","guid":{"rendered":"http:\/\/www.kissthedesign.ch\/product\/marco-zanuso-sessel-lady-arflex\/"},"modified":"2017-01-01T19:40:08","modified_gmt":"2017-01-01T18:40:08","slug":"zanuso-arflex-sessel-lady","status":"publish","type":"product","link":"https:\/\/www.kissthedesign.ch\/de\/produkt\/zanuso-arflex-sessel-lady\/","title":{"rendered":"Marco Zanuso | Sessel Lady | Arflex"},"content":{"rendered":"<div class=\"wpb-content-wrapper\"><p>[vc_row][vc_column][vc_column_text]<\/p>\n<h2>Lady Sessel von Marco Zanuso f\u00fcr Arflex.<\/h2>\n<p>Sch\u00f6ner Lady Sessel mit einer Metallstruktur, beschichtet mit gesenkgeschmiedetem PU-Schaum. Armlehnen aus Massivholz, beschichtet mit unverformbarem PU-Schaum in differenzierter Dichte und Faserbezug. Federung durch verst\u00e4rkte elastische B\u00e4nder.<br \/>\nBeine aus Messing. Mit grauem Stoff neubezogen. Fr\u00fche Ausf\u00fchrung aus den 70er Jahren.<\/p>\n<p>Arflex wurde in 1947 gegr\u00fcndet um Schaumstoffe und elastische B\u00e4nder in die Polsterm\u00f6belindustrie zu etablieren. Damit konnten pl\u00f6tzlich neue Formen und ein besserer Sitzkomfort entstehen.<br \/>\nArflex geh\u00f6rt zu den wichtigsten italienische Design Hersteller. Unter ihren Kreationen z\u00e4hlen viele Designikonen aus den 20. Jahrhundert, wie, u.a,\u00a0Lady,\u00a0Senior\u00a0(1949) von Marco Zanuso.\u00a0Elettra\u00a0(1954) von BBPR,\u00a0Fiorenza\u00a0(1952) von Franco Albini und\u00a0Pecorelle(1972) von Cini Boeri[\/vc_column_text][\/vc_column][\/vc_row][vc_row][vc_column]\n<div class=\"wpcf7 no-js\" id=\"wpcf7-f12225-o1\" lang=\"fr-FR\" dir=\"ltr\" data-wpcf7-id=\"12225\">\n<div class=\"screen-reader-response\"><p role=\"status\" aria-live=\"polite\" aria-atomic=\"true\"><\/p> <ul><\/ul><\/div>\n<form action=\"\/de\/wp-json\/wp\/v2\/product\/12727#wpcf7-f12225-o1\" method=\"post\" class=\"wpcf7-form init\" aria-label=\"Formulaire de contact\" novalidate=\"novalidate\" data-status=\"init\">\n<fieldset class=\"hidden-fields-container\"><input type=\"hidden\" name=\"_wpcf7\" value=\"12225\" \/><input type=\"hidden\" name=\"_wpcf7_version\" value=\"6.1.5\" \/><input type=\"hidden\" name=\"_wpcf7_locale\" value=\"fr_FR\" \/><input type=\"hidden\" name=\"_wpcf7_unit_tag\" value=\"wpcf7-f12225-o1\" \/><input type=\"hidden\" name=\"_wpcf7_container_post\" value=\"0\" \/><input type=\"hidden\" name=\"_wpcf7_posted_data_hash\" value=\"\" \/><input type=\"hidden\" name=\"_wpcf7_recaptcha_response\" value=\"\" \/>\n<\/fieldset>\n\n<!-- CF7 Modules -->\n<div style='display:none;'><input type=\"hidden\" class=\"wpcf7-form-control wpcf7-hidden\" name=\"hidden-931\" placeholder=\"\" value=\"Marco Zanuso | Sessel Lady | Arflex\" \/>\n<\/div>\n<!-- End CF7 Modules -->\n\n<p><b>Kontaktieren Sie uns \u00fcber diesen Artikel<\/b>\n<\/p>\n<p>Ihre Name (Pflichtfeld)\n<\/p>\n<p><span class=\"wpcf7-form-control-wrap\" data-name=\"your-name\"><input size=\"40\" maxlength=\"400\" class=\"wpcf7-form-control wpcf7-text wpcf7-validates-as-required\" aria-required=\"true\" aria-invalid=\"false\" value=\"\" type=\"text\" name=\"your-name\" \/><\/span>\n<\/p>\n<p>Ihre Email (Pflichtfeld)\n<\/p>\n<p><span class=\"wpcf7-form-control-wrap\" data-name=\"your-email\"><input size=\"40\" maxlength=\"400\" class=\"wpcf7-form-control wpcf7-email wpcf7-validates-as-required wpcf7-text wpcf7-validates-as-email\" aria-required=\"true\" aria-invalid=\"false\" value=\"\" type=\"email\" name=\"your-email\" \/><\/span>\n<\/p>\n<p>Ihre Nachricht\n<\/p>\n<p><span class=\"wpcf7-form-control-wrap\" data-name=\"your-message\"><textarea cols=\"40\" rows=\"10\" maxlength=\"2000\" class=\"wpcf7-form-control wpcf7-textarea\" aria-invalid=\"false\" name=\"your-message\"><\/textarea><\/span>\n<\/p>\n<p>Die von Ihnen eingegebenen und mit diesem Formular gesendeten Daten werden gespeichert, aber werden nie verkauft oder an Dritte weitergegeben.\n<\/p>\n<p><span class=\"wpcf7-form-control-wrap\" data-name=\"checkbox-296\"><span class=\"wpcf7-form-control wpcf7-checkbox wpcf7-validates-as-required\"><span class=\"wpcf7-list-item first last\"><input type=\"checkbox\" name=\"checkbox-296[]\" value=\"Ich akzeptiere\" \/><span class=\"wpcf7-list-item-label\">Ich akzeptiere<\/span><\/span><\/span><\/span>\n<\/p>\n<p><input class=\"wpcf7-form-control wpcf7-submit has-spinner\" type=\"submit\" value=\"Senden\" \/>\n<\/p><div class=\"wpcf7-response-output\" aria-hidden=\"true\"><\/div>\n<\/form>\n<\/div>\n[\/vc_column][\/vc_row]<\/p>\n<\/div>","protected":false},"excerpt":{"rendered":"<p>Sessel mit einer Metallstruktur, beschichtet mit gesenkgeschmiedetem PU-Schaum. Armlehnen aus Massivholz, beschichtet mit unverformbarem PU-Schaum in differenzierter Dichte und Faserbezug. Federung durch verst\u00e4rkte elastische B\u00e4nder.<br \/>\nBeine aus Messing. Mit grauem Stoff neubezogen. Fr\u00fche Ausf\u00fchrung aus den 70er Jahren.<\/p>\n","protected":false},"featured_media":8439,"comment_status":"closed","ping_status":"closed","template":"","meta":{"_monsterinsights_skip_tracking":false,"_monsterinsights_sitenote_active":false,"_monsterinsights_sitenote_note":"","_monsterinsights_sitenote_category":0},"product_brand":[],"product_cat":[255],"product_tag":[501],"class_list":{"0":"post-12727","1":"product","2":"type-product","3":"status-publish","4":"has-post-thumbnail","6":"product_cat-archiv-de","7":"product_tag-ikonisch-design","9":"first","10":"outofstock","11":"taxable","12":"shipping-taxable","13":"product-type-simple"},"yoast_head":"<!-- This site is optimized with the Yoast SEO plugin v25.3.1 - https:\/\/yoast.com\/wordpress\/plugins\/seo\/ -->\n<title>Zanuso | Lady Sessel | Arflex | Designklassiker | Lausanne, Schweiz<\/title>\n<meta name=\"description\" content=\"Lady Sessel, Marco Zanuso, Arflex. Italienisches Design aus den 50er Jahren, Designklassiker. Galerie Kissthedesign, Lausanne, Schweiz. Vintage Designladen\" \/>\n<meta name=\"robots\" content=\"index, follow, max-snippet:-1, max-image-preview:large, max-video-preview:-1\" \/>\n<link rel=\"canonical\" href=\"https:\/\/www.kissthedesign.ch\/de\/produkt\/zanuso-arflex-sessel-lady\/\" \/>\n<meta property=\"og:locale\" content=\"de_DE\" \/>\n<meta property=\"og:type\" content=\"article\" \/>\n<meta property=\"og:title\" content=\"Zanuso | Lady Sessel | Arflex | Designklassiker | Lausanne, Schweiz\" \/>\n<meta property=\"og:description\" content=\"Lady Sessel, Marco Zanuso, Arflex. Italienisches Design aus den 50er Jahren, Designklassiker. Galerie Kissthedesign, Lausanne, Schweiz. Vintage Designladen\" \/>\n<meta property=\"og:url\" content=\"https:\/\/www.kissthedesign.ch\/de\/produkt\/zanuso-arflex-sessel-lady\/\" \/>\n<meta property=\"og:site_name\" content=\"kissthedesign\" \/>\n<meta property=\"article:modified_time\" content=\"2017-01-01T18:40:08+00:00\" \/>\n<meta property=\"og:image\" content=\"https:\/\/www.kissthedesign.ch\/wp\/wp-content\/uploads\/2015\/05\/fauteuil-sessel-Lady-arflex-marco-zanuso.jpg\" \/>\n\t<meta property=\"og:image:width\" content=\"900\" \/>\n\t<meta property=\"og:image:height\" content=\"600\" \/>\n\t<meta property=\"og:image:type\" content=\"image\/jpeg\" \/>\n<meta name=\"twitter:label1\" content=\"Gesch\u00e4tzte Lesezeit\" \/>\n\t<meta name=\"twitter:data1\" content=\"1\u00a0Minute\" \/>\n<script type=\"application\/ld+json\" class=\"yoast-schema-graph\">{\"@context\":\"https:\/\/schema.org\",\"@graph\":[{\"@type\":\"WebPage\",\"@id\":\"https:\/\/www.kissthedesign.ch\/de\/produkt\/zanuso-arflex-sessel-lady\/\",\"url\":\"https:\/\/www.kissthedesign.ch\/de\/produkt\/zanuso-arflex-sessel-lady\/\",\"name\":\"Zanuso | Lady Sessel | Arflex | Designklassiker | Lausanne, Schweiz\",\"isPartOf\":{\"@id\":\"https:\/\/www.kissthedesign.ch\/en\/#website\"},\"primaryImageOfPage\":{\"@id\":\"https:\/\/www.kissthedesign.ch\/de\/produkt\/zanuso-arflex-sessel-lady\/#primaryimage\"},\"image\":{\"@id\":\"https:\/\/www.kissthedesign.ch\/de\/produkt\/zanuso-arflex-sessel-lady\/#primaryimage\"},\"thumbnailUrl\":\"https:\/\/www.kissthedesign.ch\/wp\/wp-content\/uploads\/2015\/05\/fauteuil-sessel-Lady-arflex-marco-zanuso.jpg\",\"datePublished\":\"2015-05-12T16:40:43+00:00\",\"dateModified\":\"2017-01-01T18:40:08+00:00\",\"description\":\"Lady Sessel, Marco Zanuso, Arflex. Italienisches Design aus den 50er Jahren, Designklassiker. Galerie Kissthedesign, Lausanne, Schweiz. Vintage Designladen\",\"breadcrumb\":{\"@id\":\"https:\/\/www.kissthedesign.ch\/de\/produkt\/zanuso-arflex-sessel-lady\/#breadcrumb\"},\"inLanguage\":\"de\",\"potentialAction\":[{\"@type\":\"ReadAction\",\"target\":[\"https:\/\/www.kissthedesign.ch\/de\/produkt\/zanuso-arflex-sessel-lady\/\"]}]},{\"@type\":\"ImageObject\",\"inLanguage\":\"de\",\"@id\":\"https:\/\/www.kissthedesign.ch\/de\/produkt\/zanuso-arflex-sessel-lady\/#primaryimage\",\"url\":\"https:\/\/www.kissthedesign.ch\/wp\/wp-content\/uploads\/2015\/05\/fauteuil-sessel-Lady-arflex-marco-zanuso.jpg\",\"contentUrl\":\"https:\/\/www.kissthedesign.ch\/wp\/wp-content\/uploads\/2015\/05\/fauteuil-sessel-Lady-arflex-marco-zanuso.jpg\",\"width\":900,\"height\":600,\"caption\":\"Lady Sessel, Marco Zanuso, Arflex\"},{\"@type\":\"BreadcrumbList\",\"@id\":\"https:\/\/www.kissthedesign.ch\/de\/produkt\/zanuso-arflex-sessel-lady\/#breadcrumb\",\"itemListElement\":[{\"@type\":\"ListItem\",\"position\":1,\"name\":\"Accueil\",\"item\":\"https:\/\/www.kissthedesign.ch\/de\/\"},{\"@type\":\"ListItem\",\"position\":2,\"name\":\"Laden\",\"item\":\"https:\/\/www.kissthedesign.ch\/de\/laden\/\"},{\"@type\":\"ListItem\",\"position\":3,\"name\":\"Marco Zanuso | Sessel Lady | Arflex\"}]},{\"@type\":\"WebSite\",\"@id\":\"https:\/\/www.kissthedesign.ch\/en\/#website\",\"url\":\"https:\/\/www.kissthedesign.ch\/en\/\",\"name\":\"kissthedesign\",\"description\":\"Kissthedesign, Lausanne, Suisse. Mobilier du XXe, design vintage\",\"publisher\":{\"@id\":\"https:\/\/www.kissthedesign.ch\/en\/#organization\"},\"potentialAction\":[{\"@type\":\"SearchAction\",\"target\":{\"@type\":\"EntryPoint\",\"urlTemplate\":\"https:\/\/www.kissthedesign.ch\/en\/?s={search_term_string}\"},\"query-input\":{\"@type\":\"PropertyValueSpecification\",\"valueRequired\":true,\"valueName\":\"search_term_string\"}}],\"inLanguage\":\"de\"},{\"@type\":\"Organization\",\"@id\":\"https:\/\/www.kissthedesign.ch\/en\/#organization\",\"name\":\"Kissthedesign\",\"url\":\"https:\/\/www.kissthedesign.ch\/en\/\",\"logo\":{\"@type\":\"ImageObject\",\"inLanguage\":\"de\",\"@id\":\"https:\/\/www.kissthedesign.ch\/en\/#\/schema\/logo\/image\/\",\"url\":\"https:\/\/www.kissthedesign.ch\/wp\/wp-content\/uploads\/2016\/08\/ktd-logo-web.jpg\",\"contentUrl\":\"https:\/\/www.kissthedesign.ch\/wp\/wp-content\/uploads\/2016\/08\/ktd-logo-web.jpg\",\"width\":450,\"height\":167,\"caption\":\"Kissthedesign\"},\"image\":{\"@id\":\"https:\/\/www.kissthedesign.ch\/en\/#\/schema\/logo\/image\/\"}}]}<\/script>\n<!-- \/ Yoast SEO plugin. -->","yoast_head_json":{"title":"Zanuso | Lady Sessel | Arflex | Designklassiker | Lausanne, Schweiz","description":"Lady Sessel, Marco Zanuso, Arflex. Italienisches Design aus den 50er Jahren, Designklassiker. Galerie Kissthedesign, Lausanne, Schweiz. Vintage Designladen","robots":{"index":"index","follow":"follow","max-snippet":"max-snippet:-1","max-image-preview":"max-image-preview:large","max-video-preview":"max-video-preview:-1"},"canonical":"https:\/\/www.kissthedesign.ch\/de\/produkt\/zanuso-arflex-sessel-lady\/","og_locale":"de_DE","og_type":"article","og_title":"Zanuso | Lady Sessel | Arflex | Designklassiker | Lausanne, Schweiz","og_description":"Lady Sessel, Marco Zanuso, Arflex. Italienisches Design aus den 50er Jahren, Designklassiker. Galerie Kissthedesign, Lausanne, Schweiz. Vintage Designladen","og_url":"https:\/\/www.kissthedesign.ch\/de\/produkt\/zanuso-arflex-sessel-lady\/","og_site_name":"kissthedesign","article_modified_time":"2017-01-01T18:40:08+00:00","og_image":[{"width":900,"height":600,"url":"https:\/\/www.kissthedesign.ch\/wp\/wp-content\/uploads\/2015\/05\/fauteuil-sessel-Lady-arflex-marco-zanuso.jpg","type":"image\/jpeg"}],"twitter_misc":{"Gesch\u00e4tzte Lesezeit":"1\u00a0Minute"},"schema":{"@context":"https:\/\/schema.org","@graph":[{"@type":"WebPage","@id":"https:\/\/www.kissthedesign.ch\/de\/produkt\/zanuso-arflex-sessel-lady\/","url":"https:\/\/www.kissthedesign.ch\/de\/produkt\/zanuso-arflex-sessel-lady\/","name":"Zanuso | Lady Sessel | Arflex | Designklassiker | Lausanne, Schweiz","isPartOf":{"@id":"https:\/\/www.kissthedesign.ch\/en\/#website"},"primaryImageOfPage":{"@id":"https:\/\/www.kissthedesign.ch\/de\/produkt\/zanuso-arflex-sessel-lady\/#primaryimage"},"image":{"@id":"https:\/\/www.kissthedesign.ch\/de\/produkt\/zanuso-arflex-sessel-lady\/#primaryimage"},"thumbnailUrl":"https:\/\/www.kissthedesign.ch\/wp\/wp-content\/uploads\/2015\/05\/fauteuil-sessel-Lady-arflex-marco-zanuso.jpg","datePublished":"2015-05-12T16:40:43+00:00","dateModified":"2017-01-01T18:40:08+00:00","description":"Lady Sessel, Marco Zanuso, Arflex. Italienisches Design aus den 50er Jahren, Designklassiker. Galerie Kissthedesign, Lausanne, Schweiz. Vintage Designladen","breadcrumb":{"@id":"https:\/\/www.kissthedesign.ch\/de\/produkt\/zanuso-arflex-sessel-lady\/#breadcrumb"},"inLanguage":"de","potentialAction":[{"@type":"ReadAction","target":["https:\/\/www.kissthedesign.ch\/de\/produkt\/zanuso-arflex-sessel-lady\/"]}]},{"@type":"ImageObject","inLanguage":"de","@id":"https:\/\/www.kissthedesign.ch\/de\/produkt\/zanuso-arflex-sessel-lady\/#primaryimage","url":"https:\/\/www.kissthedesign.ch\/wp\/wp-content\/uploads\/2015\/05\/fauteuil-sessel-Lady-arflex-marco-zanuso.jpg","contentUrl":"https:\/\/www.kissthedesign.ch\/wp\/wp-content\/uploads\/2015\/05\/fauteuil-sessel-Lady-arflex-marco-zanuso.jpg","width":900,"height":600,"caption":"Lady Sessel, Marco Zanuso, Arflex"},{"@type":"BreadcrumbList","@id":"https:\/\/www.kissthedesign.ch\/de\/produkt\/zanuso-arflex-sessel-lady\/#breadcrumb","itemListElement":[{"@type":"ListItem","position":1,"name":"Accueil","item":"https:\/\/www.kissthedesign.ch\/de\/"},{"@type":"ListItem","position":2,"name":"Laden","item":"https:\/\/www.kissthedesign.ch\/de\/laden\/"},{"@type":"ListItem","position":3,"name":"Marco Zanuso | Sessel Lady | Arflex"}]},{"@type":"WebSite","@id":"https:\/\/www.kissthedesign.ch\/en\/#website","url":"https:\/\/www.kissthedesign.ch\/en\/","name":"kissthedesign","description":"Kissthedesign, Lausanne, Suisse. Mobilier du XXe, design vintage","publisher":{"@id":"https:\/\/www.kissthedesign.ch\/en\/#organization"},"potentialAction":[{"@type":"SearchAction","target":{"@type":"EntryPoint","urlTemplate":"https:\/\/www.kissthedesign.ch\/en\/?s={search_term_string}"},"query-input":{"@type":"PropertyValueSpecification","valueRequired":true,"valueName":"search_term_string"}}],"inLanguage":"de"},{"@type":"Organization","@id":"https:\/\/www.kissthedesign.ch\/en\/#organization","name":"Kissthedesign","url":"https:\/\/www.kissthedesign.ch\/en\/","logo":{"@type":"ImageObject","inLanguage":"de","@id":"https:\/\/www.kissthedesign.ch\/en\/#\/schema\/logo\/image\/","url":"https:\/\/www.kissthedesign.ch\/wp\/wp-content\/uploads\/2016\/08\/ktd-logo-web.jpg","contentUrl":"https:\/\/www.kissthedesign.ch\/wp\/wp-content\/uploads\/2016\/08\/ktd-logo-web.jpg","width":450,"height":167,"caption":"Kissthedesign"},"image":{"@id":"https:\/\/www.kissthedesign.ch\/en\/#\/schema\/logo\/image\/"}}]}},"_links":{"self":[{"href":"https:\/\/www.kissthedesign.ch\/de\/wp-json\/wp\/v2\/product\/12727","targetHints":{"allow":["GET"]}}],"collection":[{"href":"https:\/\/www.kissthedesign.ch\/de\/wp-json\/wp\/v2\/product"}],"about":[{"href":"https:\/\/www.kissthedesign.ch\/de\/wp-json\/wp\/v2\/types\/product"}],"replies":[{"embeddable":true,"href":"https:\/\/www.kissthedesign.ch\/de\/wp-json\/wp\/v2\/comments?post=12727"}],"wp:featuredmedia":[{"embeddable":true,"href":"https:\/\/www.kissthedesign.ch\/de\/wp-json\/wp\/v2\/media\/8439"}],"wp:attachment":[{"href":"https:\/\/www.kissthedesign.ch\/de\/wp-json\/wp\/v2\/media?parent=12727"}],"wp:term":[{"taxonomy":"product_brand","embeddable":true,"href":"https:\/\/www.kissthedesign.ch\/de\/wp-json\/wp\/v2\/product_brand?post=12727"},{"taxonomy":"product_cat","embeddable":true,"href":"https:\/\/www.kissthedesign.ch\/de\/wp-json\/wp\/v2\/product_cat?post=12727"},{"taxonomy":"product_tag","embeddable":true,"href":"https:\/\/www.kissthedesign.ch\/de\/wp-json\/wp\/v2\/product_tag?post=12727"}],"curies":[{"name":"wp","href":"https:\/\/api.w.org\/{rel}","templated":true}]}}