{"id":12816,"date":"2015-03-17T11:42:50","date_gmt":"2015-03-17T10:42:50","guid":{"rendered":"http:\/\/www.kissthedesign.ch\/product\/pelikan-sessel-finn-juhl-onecollection\/"},"modified":"2018-03-27T12:25:10","modified_gmt":"2018-03-27T11:25:10","slug":"pelikan-sessel-finn-juhl-onecollection","status":"publish","type":"product","link":"https:\/\/www.kissthedesign.ch\/de\/produkt\/pelikan-sessel-finn-juhl-onecollection\/","title":{"rendered":"Pelikan Sessel | Finn Juhl | Ausstellungsmodell"},"content":{"rendered":"<div class=\"wpb-content-wrapper\"><p>[vc_row][vc_column][vc_column_text]<\/p>\n<h2>Pelikan Sessel, Design Finn Juhl, Onecollection, Ausstellungsmodell.<\/h2>\n<p>Finn Juhl hat der Pelikan Sessel in 1940 entworfen.\u00a0Inspiriert von moderner Kunst, geh\u00f6rt der organische Pelikan Sessel nun zur Geschichte des d\u00e4nisches Modern\u00a0Design.<\/p>\n<p>Bequemer Sessel, von Hand hergestellt.<br \/>\nGr\u00f6\u00dfe 85 x 76 cm, H 68 cm, Sitzh\u00f6he 37 cm<\/p>\n<p>Finn Juhl M\u00f6bel zeigen organische Formen sowie elegante und weiche Linie, die das d\u00e4nische Design aus dem 20 Jahrhundert stark pr\u00e4gen werden. Die d\u00e4nische M\u00f6belkunst von Finn Juhl beweist von hoher Bequemlichkeit und bester Handwerkstradition.[\/vc_column_text][\/vc_column][\/vc_row][vc_row][vc_column width=&#8221;1\/2&#8243;]\n<div class=\"wpcf7 no-js\" id=\"wpcf7-f12225-o1\" lang=\"fr-FR\" dir=\"ltr\" data-wpcf7-id=\"12225\">\n<div class=\"screen-reader-response\"><p role=\"status\" aria-live=\"polite\" aria-atomic=\"true\"><\/p> <ul><\/ul><\/div>\n<form action=\"\/de\/wp-json\/wp\/v2\/product\/12816#wpcf7-f12225-o1\" method=\"post\" class=\"wpcf7-form init\" aria-label=\"Formulaire de contact\" novalidate=\"novalidate\" data-status=\"init\">\n<fieldset class=\"hidden-fields-container\"><input type=\"hidden\" name=\"_wpcf7\" value=\"12225\" \/><input type=\"hidden\" name=\"_wpcf7_version\" value=\"6.1.5\" \/><input type=\"hidden\" name=\"_wpcf7_locale\" value=\"fr_FR\" \/><input type=\"hidden\" name=\"_wpcf7_unit_tag\" value=\"wpcf7-f12225-o1\" \/><input type=\"hidden\" name=\"_wpcf7_container_post\" value=\"0\" \/><input type=\"hidden\" name=\"_wpcf7_posted_data_hash\" value=\"\" \/><input type=\"hidden\" name=\"_wpcf7_recaptcha_response\" value=\"\" \/>\n<\/fieldset>\n\n<!-- CF7 Modules -->\n<div style='display:none;'><input type=\"hidden\" class=\"wpcf7-form-control wpcf7-hidden\" name=\"hidden-931\" placeholder=\"\" value=\"Pelikan Sessel | Finn Juhl | Ausstellungsmodell\" \/>\n<\/div>\n<!-- End CF7 Modules -->\n\n<p><b>Kontaktieren Sie uns \u00fcber diesen Artikel<\/b>\n<\/p>\n<p>Ihre Name (Pflichtfeld)\n<\/p>\n<p><span class=\"wpcf7-form-control-wrap\" data-name=\"your-name\"><input size=\"40\" maxlength=\"400\" class=\"wpcf7-form-control wpcf7-text wpcf7-validates-as-required\" aria-required=\"true\" aria-invalid=\"false\" value=\"\" type=\"text\" name=\"your-name\" \/><\/span>\n<\/p>\n<p>Ihre Email (Pflichtfeld)\n<\/p>\n<p><span class=\"wpcf7-form-control-wrap\" data-name=\"your-email\"><input size=\"40\" maxlength=\"400\" class=\"wpcf7-form-control wpcf7-email wpcf7-validates-as-required wpcf7-text wpcf7-validates-as-email\" aria-required=\"true\" aria-invalid=\"false\" value=\"\" type=\"email\" name=\"your-email\" \/><\/span>\n<\/p>\n<p>Ihre Nachricht\n<\/p>\n<p><span class=\"wpcf7-form-control-wrap\" data-name=\"your-message\"><textarea cols=\"40\" rows=\"10\" maxlength=\"2000\" class=\"wpcf7-form-control wpcf7-textarea\" aria-invalid=\"false\" name=\"your-message\"><\/textarea><\/span>\n<\/p>\n<p>Die von Ihnen eingegebenen und mit diesem Formular gesendeten Daten werden gespeichert, aber werden nie verkauft oder an Dritte weitergegeben.\n<\/p>\n<p><span class=\"wpcf7-form-control-wrap\" data-name=\"checkbox-296\"><span class=\"wpcf7-form-control wpcf7-checkbox wpcf7-validates-as-required\"><span class=\"wpcf7-list-item first last\"><input type=\"checkbox\" name=\"checkbox-296[]\" value=\"Ich akzeptiere\" \/><span class=\"wpcf7-list-item-label\">Ich akzeptiere<\/span><\/span><\/span><\/span>\n<\/p>\n<p><input class=\"wpcf7-form-control wpcf7-submit has-spinner\" type=\"submit\" value=\"Senden\" \/>\n<\/p><div class=\"wpcf7-response-output\" aria-hidden=\"true\"><\/div>\n<\/form>\n<\/div>\n[\/vc_column][vc_column width=&#8221;1\/2&#8243;][\/vc_column][\/vc_row]<\/p>\n<\/div>","protected":false},"excerpt":{"rendered":"<p>Bequemer Sessel, von Hand hergestellt und mit Camira Stoff (Mainline Flax, Farbe Upminster) bezogen, Kn\u00f6pfe und Kissen aus Nevada Leder. F\u00fc\u00dfe aus Eichenholz.<br \/>\nGr\u00f6\u00dfe 85 x 76 cm, H 68 cm, Sitzh\u00f6he 37 cm<br \/>\nAusstellungsmodell mit leichte Gebrauchsspuren auf den F\u00fc\u00dfen.<\/p>\n","protected":false},"featured_media":10421,"comment_status":"closed","ping_status":"closed","template":"","meta":{"_monsterinsights_skip_tracking":false,"_monsterinsights_sitenote_active":false,"_monsterinsights_sitenote_note":"","_monsterinsights_sitenote_category":0},"product_brand":[],"product_cat":[255],"product_tag":[468,466,480,484],"class_list":{"0":"post-12816","1":"product","2":"type-product","3":"status-publish","4":"has-post-thumbnail","6":"product_cat-archiv-de","7":"product_tag-40er","8":"product_tag-daenisch-design","9":"product_tag-excklusivitaet-schweiz","10":"product_tag-luxus-design","11":"product_shipping_class-wir-liefern","13":"first","14":"outofstock","15":"featured","16":"taxable","17":"shipping-taxable","18":"product-type-simple"},"yoast_head":"<!-- This site is optimized with the Yoast SEO plugin v25.3.1 - https:\/\/yoast.com\/wordpress\/plugins\/seo\/ -->\n<title>Pelikan Sessel | Finn Juhl | Onecollection | Designklassiker | Schweiz<\/title>\n<meta name=\"description\" content=\"Pelikan Sessel, Finn Juhl, Onecollection. D\u00e4nisches Design. Kissthedesign, Schweiz, Laden f\u00fcr Designklassiker. G\u00fcnstige Lieferung schweizweit ab Lausanne\" \/>\n<meta name=\"robots\" content=\"index, follow, max-snippet:-1, max-image-preview:large, max-video-preview:-1\" \/>\n<link rel=\"canonical\" href=\"https:\/\/www.kissthedesign.ch\/de\/produkt\/pelikan-sessel-finn-juhl-onecollection\/\" \/>\n<meta property=\"og:locale\" content=\"de_DE\" \/>\n<meta property=\"og:type\" content=\"article\" \/>\n<meta property=\"og:title\" content=\"Pelikan Sessel | Finn Juhl | Onecollection | Designklassiker | Schweiz\" \/>\n<meta property=\"og:description\" content=\"Pelikan Sessel, Finn Juhl, Onecollection. D\u00e4nisches Design. Kissthedesign, Schweiz, Laden f\u00fcr Designklassiker. G\u00fcnstige Lieferung schweizweit ab Lausanne\" \/>\n<meta property=\"og:url\" content=\"https:\/\/www.kissthedesign.ch\/de\/produkt\/pelikan-sessel-finn-juhl-onecollection\/\" \/>\n<meta property=\"og:site_name\" content=\"kissthedesign\" \/>\n<meta property=\"article:modified_time\" content=\"2018-03-27T11:25:10+00:00\" \/>\n<meta property=\"og:image\" content=\"https:\/\/www.kissthedesign.ch\/wp\/wp-content\/uploads\/2015\/10\/pelican-chair-finnjuhl-onecollection-mainlineflax-nevada.jpg\" \/>\n\t<meta property=\"og:image:width\" content=\"1000\" \/>\n\t<meta property=\"og:image:height\" content=\"667\" \/>\n\t<meta property=\"og:image:type\" content=\"image\/jpeg\" \/>\n<meta name=\"twitter:label1\" content=\"Gesch\u00e4tzte Lesezeit\" \/>\n\t<meta name=\"twitter:data1\" content=\"1\u00a0Minute\" \/>\n<script type=\"application\/ld+json\" class=\"yoast-schema-graph\">{\"@context\":\"https:\/\/schema.org\",\"@graph\":[{\"@type\":\"WebPage\",\"@id\":\"https:\/\/www.kissthedesign.ch\/de\/produkt\/pelikan-sessel-finn-juhl-onecollection\/\",\"url\":\"https:\/\/www.kissthedesign.ch\/de\/produkt\/pelikan-sessel-finn-juhl-onecollection\/\",\"name\":\"Pelikan Sessel | Finn Juhl | Onecollection | Designklassiker | Schweiz\",\"isPartOf\":{\"@id\":\"https:\/\/www.kissthedesign.ch\/en\/#website\"},\"primaryImageOfPage\":{\"@id\":\"https:\/\/www.kissthedesign.ch\/de\/produkt\/pelikan-sessel-finn-juhl-onecollection\/#primaryimage\"},\"image\":{\"@id\":\"https:\/\/www.kissthedesign.ch\/de\/produkt\/pelikan-sessel-finn-juhl-onecollection\/#primaryimage\"},\"thumbnailUrl\":\"https:\/\/www.kissthedesign.ch\/wp\/wp-content\/uploads\/2015\/10\/pelican-chair-finnjuhl-onecollection-mainlineflax-nevada.jpg\",\"datePublished\":\"2015-03-17T10:42:50+00:00\",\"dateModified\":\"2018-03-27T11:25:10+00:00\",\"description\":\"Pelikan Sessel, Finn Juhl, Onecollection. D\u00e4nisches Design. Kissthedesign, Schweiz, Laden f\u00fcr Designklassiker. G\u00fcnstige Lieferung schweizweit ab Lausanne\",\"breadcrumb\":{\"@id\":\"https:\/\/www.kissthedesign.ch\/de\/produkt\/pelikan-sessel-finn-juhl-onecollection\/#breadcrumb\"},\"inLanguage\":\"de\",\"potentialAction\":[{\"@type\":\"ReadAction\",\"target\":[\"https:\/\/www.kissthedesign.ch\/de\/produkt\/pelikan-sessel-finn-juhl-onecollection\/\"]}]},{\"@type\":\"ImageObject\",\"inLanguage\":\"de\",\"@id\":\"https:\/\/www.kissthedesign.ch\/de\/produkt\/pelikan-sessel-finn-juhl-onecollection\/#primaryimage\",\"url\":\"https:\/\/www.kissthedesign.ch\/wp\/wp-content\/uploads\/2015\/10\/pelican-chair-finnjuhl-onecollection-mainlineflax-nevada.jpg\",\"contentUrl\":\"https:\/\/www.kissthedesign.ch\/wp\/wp-content\/uploads\/2015\/10\/pelican-chair-finnjuhl-onecollection-mainlineflax-nevada.jpg\",\"width\":1000,\"height\":667,\"caption\":\"Pelican Sessel, Stoff, Mainline Flax und Nevada Leder, Finn Juhl, Onecollection. \u00a9 Galerie Kissthedesign, Lausanne\"},{\"@type\":\"BreadcrumbList\",\"@id\":\"https:\/\/www.kissthedesign.ch\/de\/produkt\/pelikan-sessel-finn-juhl-onecollection\/#breadcrumb\",\"itemListElement\":[{\"@type\":\"ListItem\",\"position\":1,\"name\":\"Accueil\",\"item\":\"https:\/\/www.kissthedesign.ch\/de\/\"},{\"@type\":\"ListItem\",\"position\":2,\"name\":\"Laden\",\"item\":\"https:\/\/www.kissthedesign.ch\/de\/laden\/\"},{\"@type\":\"ListItem\",\"position\":3,\"name\":\"Pelikan Sessel | Finn Juhl | Ausstellungsmodell\"}]},{\"@type\":\"WebSite\",\"@id\":\"https:\/\/www.kissthedesign.ch\/en\/#website\",\"url\":\"https:\/\/www.kissthedesign.ch\/en\/\",\"name\":\"kissthedesign\",\"description\":\"Kissthedesign, Lausanne, Suisse. Mobilier du XXe, design vintage\",\"publisher\":{\"@id\":\"https:\/\/www.kissthedesign.ch\/en\/#organization\"},\"potentialAction\":[{\"@type\":\"SearchAction\",\"target\":{\"@type\":\"EntryPoint\",\"urlTemplate\":\"https:\/\/www.kissthedesign.ch\/en\/?s={search_term_string}\"},\"query-input\":{\"@type\":\"PropertyValueSpecification\",\"valueRequired\":true,\"valueName\":\"search_term_string\"}}],\"inLanguage\":\"de\"},{\"@type\":\"Organization\",\"@id\":\"https:\/\/www.kissthedesign.ch\/en\/#organization\",\"name\":\"Kissthedesign\",\"url\":\"https:\/\/www.kissthedesign.ch\/en\/\",\"logo\":{\"@type\":\"ImageObject\",\"inLanguage\":\"de\",\"@id\":\"https:\/\/www.kissthedesign.ch\/en\/#\/schema\/logo\/image\/\",\"url\":\"https:\/\/www.kissthedesign.ch\/wp\/wp-content\/uploads\/2016\/08\/ktd-logo-web.jpg\",\"contentUrl\":\"https:\/\/www.kissthedesign.ch\/wp\/wp-content\/uploads\/2016\/08\/ktd-logo-web.jpg\",\"width\":450,\"height\":167,\"caption\":\"Kissthedesign\"},\"image\":{\"@id\":\"https:\/\/www.kissthedesign.ch\/en\/#\/schema\/logo\/image\/\"}}]}<\/script>\n<!-- \/ Yoast SEO plugin. -->","yoast_head_json":{"title":"Pelikan Sessel | Finn Juhl | Onecollection | Designklassiker | Schweiz","description":"Pelikan Sessel, Finn Juhl, Onecollection. D\u00e4nisches Design. Kissthedesign, Schweiz, Laden f\u00fcr Designklassiker. G\u00fcnstige Lieferung schweizweit ab Lausanne","robots":{"index":"index","follow":"follow","max-snippet":"max-snippet:-1","max-image-preview":"max-image-preview:large","max-video-preview":"max-video-preview:-1"},"canonical":"https:\/\/www.kissthedesign.ch\/de\/produkt\/pelikan-sessel-finn-juhl-onecollection\/","og_locale":"de_DE","og_type":"article","og_title":"Pelikan Sessel | Finn Juhl | Onecollection | Designklassiker | Schweiz","og_description":"Pelikan Sessel, Finn Juhl, Onecollection. D\u00e4nisches Design. Kissthedesign, Schweiz, Laden f\u00fcr Designklassiker. G\u00fcnstige Lieferung schweizweit ab Lausanne","og_url":"https:\/\/www.kissthedesign.ch\/de\/produkt\/pelikan-sessel-finn-juhl-onecollection\/","og_site_name":"kissthedesign","article_modified_time":"2018-03-27T11:25:10+00:00","og_image":[{"width":1000,"height":667,"url":"https:\/\/www.kissthedesign.ch\/wp\/wp-content\/uploads\/2015\/10\/pelican-chair-finnjuhl-onecollection-mainlineflax-nevada.jpg","type":"image\/jpeg"}],"twitter_misc":{"Gesch\u00e4tzte Lesezeit":"1\u00a0Minute"},"schema":{"@context":"https:\/\/schema.org","@graph":[{"@type":"WebPage","@id":"https:\/\/www.kissthedesign.ch\/de\/produkt\/pelikan-sessel-finn-juhl-onecollection\/","url":"https:\/\/www.kissthedesign.ch\/de\/produkt\/pelikan-sessel-finn-juhl-onecollection\/","name":"Pelikan Sessel | Finn Juhl | Onecollection | Designklassiker | Schweiz","isPartOf":{"@id":"https:\/\/www.kissthedesign.ch\/en\/#website"},"primaryImageOfPage":{"@id":"https:\/\/www.kissthedesign.ch\/de\/produkt\/pelikan-sessel-finn-juhl-onecollection\/#primaryimage"},"image":{"@id":"https:\/\/www.kissthedesign.ch\/de\/produkt\/pelikan-sessel-finn-juhl-onecollection\/#primaryimage"},"thumbnailUrl":"https:\/\/www.kissthedesign.ch\/wp\/wp-content\/uploads\/2015\/10\/pelican-chair-finnjuhl-onecollection-mainlineflax-nevada.jpg","datePublished":"2015-03-17T10:42:50+00:00","dateModified":"2018-03-27T11:25:10+00:00","description":"Pelikan Sessel, Finn Juhl, Onecollection. D\u00e4nisches Design. Kissthedesign, Schweiz, Laden f\u00fcr Designklassiker. G\u00fcnstige Lieferung schweizweit ab Lausanne","breadcrumb":{"@id":"https:\/\/www.kissthedesign.ch\/de\/produkt\/pelikan-sessel-finn-juhl-onecollection\/#breadcrumb"},"inLanguage":"de","potentialAction":[{"@type":"ReadAction","target":["https:\/\/www.kissthedesign.ch\/de\/produkt\/pelikan-sessel-finn-juhl-onecollection\/"]}]},{"@type":"ImageObject","inLanguage":"de","@id":"https:\/\/www.kissthedesign.ch\/de\/produkt\/pelikan-sessel-finn-juhl-onecollection\/#primaryimage","url":"https:\/\/www.kissthedesign.ch\/wp\/wp-content\/uploads\/2015\/10\/pelican-chair-finnjuhl-onecollection-mainlineflax-nevada.jpg","contentUrl":"https:\/\/www.kissthedesign.ch\/wp\/wp-content\/uploads\/2015\/10\/pelican-chair-finnjuhl-onecollection-mainlineflax-nevada.jpg","width":1000,"height":667,"caption":"Pelican Sessel, Stoff, Mainline Flax und Nevada Leder, Finn Juhl, Onecollection. \u00a9 Galerie Kissthedesign, Lausanne"},{"@type":"BreadcrumbList","@id":"https:\/\/www.kissthedesign.ch\/de\/produkt\/pelikan-sessel-finn-juhl-onecollection\/#breadcrumb","itemListElement":[{"@type":"ListItem","position":1,"name":"Accueil","item":"https:\/\/www.kissthedesign.ch\/de\/"},{"@type":"ListItem","position":2,"name":"Laden","item":"https:\/\/www.kissthedesign.ch\/de\/laden\/"},{"@type":"ListItem","position":3,"name":"Pelikan Sessel | Finn Juhl | Ausstellungsmodell"}]},{"@type":"WebSite","@id":"https:\/\/www.kissthedesign.ch\/en\/#website","url":"https:\/\/www.kissthedesign.ch\/en\/","name":"kissthedesign","description":"Kissthedesign, Lausanne, Suisse. Mobilier du XXe, design vintage","publisher":{"@id":"https:\/\/www.kissthedesign.ch\/en\/#organization"},"potentialAction":[{"@type":"SearchAction","target":{"@type":"EntryPoint","urlTemplate":"https:\/\/www.kissthedesign.ch\/en\/?s={search_term_string}"},"query-input":{"@type":"PropertyValueSpecification","valueRequired":true,"valueName":"search_term_string"}}],"inLanguage":"de"},{"@type":"Organization","@id":"https:\/\/www.kissthedesign.ch\/en\/#organization","name":"Kissthedesign","url":"https:\/\/www.kissthedesign.ch\/en\/","logo":{"@type":"ImageObject","inLanguage":"de","@id":"https:\/\/www.kissthedesign.ch\/en\/#\/schema\/logo\/image\/","url":"https:\/\/www.kissthedesign.ch\/wp\/wp-content\/uploads\/2016\/08\/ktd-logo-web.jpg","contentUrl":"https:\/\/www.kissthedesign.ch\/wp\/wp-content\/uploads\/2016\/08\/ktd-logo-web.jpg","width":450,"height":167,"caption":"Kissthedesign"},"image":{"@id":"https:\/\/www.kissthedesign.ch\/en\/#\/schema\/logo\/image\/"}}]}},"_links":{"self":[{"href":"https:\/\/www.kissthedesign.ch\/de\/wp-json\/wp\/v2\/product\/12816","targetHints":{"allow":["GET"]}}],"collection":[{"href":"https:\/\/www.kissthedesign.ch\/de\/wp-json\/wp\/v2\/product"}],"about":[{"href":"https:\/\/www.kissthedesign.ch\/de\/wp-json\/wp\/v2\/types\/product"}],"replies":[{"embeddable":true,"href":"https:\/\/www.kissthedesign.ch\/de\/wp-json\/wp\/v2\/comments?post=12816"}],"wp:featuredmedia":[{"embeddable":true,"href":"https:\/\/www.kissthedesign.ch\/de\/wp-json\/wp\/v2\/media\/10421"}],"wp:attachment":[{"href":"https:\/\/www.kissthedesign.ch\/de\/wp-json\/wp\/v2\/media?parent=12816"}],"wp:term":[{"taxonomy":"product_brand","embeddable":true,"href":"https:\/\/www.kissthedesign.ch\/de\/wp-json\/wp\/v2\/product_brand?post=12816"},{"taxonomy":"product_cat","embeddable":true,"href":"https:\/\/www.kissthedesign.ch\/de\/wp-json\/wp\/v2\/product_cat?post=12816"},{"taxonomy":"product_tag","embeddable":true,"href":"https:\/\/www.kissthedesign.ch\/de\/wp-json\/wp\/v2\/product_tag?post=12816"}],"curies":[{"name":"wp","href":"https:\/\/api.w.org\/{rel}","templated":true}]}}