{"id":12975,"date":"2016-08-22T20:02:19","date_gmt":"2016-08-22T19:02:19","guid":{"rendered":"http:\/\/www.kissthedesign.ch\/product\/le-corbusier-lampe-de-marseille-nemo\/"},"modified":"2025-11-16T21:07:26","modified_gmt":"2025-11-16T20:07:26","slug":"lampe-de-marseille-corbusier-nemo","status":"publish","type":"product","link":"https:\/\/www.kissthedesign.ch\/de\/produkt\/lampe-de-marseille-corbusier-nemo\/","title":{"rendered":"Le Corbusier | Lampe de Marseille | Nemo"},"content":{"rendered":"<div class=\"wpb-content-wrapper\"><p>[vc_row][vc_column][vc_column_text]<\/p>\n<h2>Lampe de Marseille, Design Le Corbusier, Nemo<\/h2>\n<p>Die\u00a0lampe de Marseille wurde ursprunglich von\u00a0Le Corbusier f\u00fcr die\u00a0Unit\u00e9 d\u2019Habitation von\u00a0Marseille in 1949\/1952 entworfen. Die grosse und funktionale Wandleuchte kann mithilfe von zwei Gelenken am Arm und eine bewegliche Wandbefestigung verstellt werden. Struktur aus Aluminium, formgedrehter Diffusor. Netzkabel mit Stecker und Doppelschalter.\u00a0Direktes und indirektes\u00a0Licht. Erh\u00e4ltlich in den\u00a0Farben\u00a0matt grau oder kalkweiss.<br \/>\nMasse: L\u00e4nge\u00a0166 cm x H. 80 cm, \u00f8 Lampenschirm\u00a050 cm.\u00a0Gl\u00fchbirne E27, 2x 70W.<br \/>\nEine kleinere Version Lampe de Marseille\u00a0Mini ist auch erh\u00e4ltlich in der Gr\u00f6sse: L\u00e4nge 85\u00a0cm x H. 50 cm, \u00f8 Lampenschirm\u00a030 cm.\u00a0Gl\u00fchbirne E14, 2x 46W.<\/p>\n<p>Charles-Edouard Jeanneret, besser bekannt als Le Corbusier, wurde im Jahre 1887 in La Chaux-de-Fonds, in der Schweiz, geboren; er starb in 1965 in Frankreich. Genialer Architekt, Designer, Maler\u00a0und Theoretiker, Le Corbusier dient als einer den einflu\u00dfreichsten Figuren\u00a0des 20. Jahrhunderts.[\/vc_column_text][\/vc_column][\/vc_row][vc_row css=&#8221;.vc_custom_1486917974905{padding-top: 30px !important;}&#8221;][vc_column width=&#8221;1\/2&#8243;]\n<div class=\"wpcf7 no-js\" id=\"wpcf7-f12225-o1\" lang=\"fr-FR\" dir=\"ltr\" data-wpcf7-id=\"12225\">\n<div class=\"screen-reader-response\"><p role=\"status\" aria-live=\"polite\" aria-atomic=\"true\"><\/p> <ul><\/ul><\/div>\n<form action=\"\/de\/wp-json\/wp\/v2\/product\/12975#wpcf7-f12225-o1\" method=\"post\" class=\"wpcf7-form init\" aria-label=\"Formulaire de contact\" novalidate=\"novalidate\" data-status=\"init\">\n<fieldset class=\"hidden-fields-container\"><input type=\"hidden\" name=\"_wpcf7\" value=\"12225\" \/><input type=\"hidden\" name=\"_wpcf7_version\" value=\"6.1.5\" \/><input type=\"hidden\" name=\"_wpcf7_locale\" value=\"fr_FR\" \/><input type=\"hidden\" name=\"_wpcf7_unit_tag\" value=\"wpcf7-f12225-o1\" \/><input type=\"hidden\" name=\"_wpcf7_container_post\" value=\"0\" \/><input type=\"hidden\" name=\"_wpcf7_posted_data_hash\" value=\"\" \/><input type=\"hidden\" name=\"_wpcf7_recaptcha_response\" value=\"\" \/>\n<\/fieldset>\n\n<!-- CF7 Modules -->\n<div style='display:none;'><input type=\"hidden\" class=\"wpcf7-form-control wpcf7-hidden\" name=\"hidden-931\" placeholder=\"\" value=\"Le Corbusier | Lampe de Marseille | Nemo\" \/>\n<\/div>\n<!-- End CF7 Modules -->\n\n<p><b>Kontaktieren Sie uns \u00fcber diesen Artikel<\/b>\n<\/p>\n<p>Ihre Name (Pflichtfeld)\n<\/p>\n<p><span class=\"wpcf7-form-control-wrap\" data-name=\"your-name\"><input size=\"40\" maxlength=\"400\" class=\"wpcf7-form-control wpcf7-text wpcf7-validates-as-required\" aria-required=\"true\" aria-invalid=\"false\" value=\"\" type=\"text\" name=\"your-name\" \/><\/span>\n<\/p>\n<p>Ihre Email (Pflichtfeld)\n<\/p>\n<p><span class=\"wpcf7-form-control-wrap\" data-name=\"your-email\"><input size=\"40\" maxlength=\"400\" class=\"wpcf7-form-control wpcf7-email wpcf7-validates-as-required wpcf7-text wpcf7-validates-as-email\" aria-required=\"true\" aria-invalid=\"false\" value=\"\" type=\"email\" name=\"your-email\" \/><\/span>\n<\/p>\n<p>Ihre Nachricht\n<\/p>\n<p><span class=\"wpcf7-form-control-wrap\" data-name=\"your-message\"><textarea cols=\"40\" rows=\"10\" maxlength=\"2000\" class=\"wpcf7-form-control wpcf7-textarea\" aria-invalid=\"false\" name=\"your-message\"><\/textarea><\/span>\n<\/p>\n<p>Die von Ihnen eingegebenen und mit diesem Formular gesendeten Daten werden gespeichert, aber werden nie verkauft oder an Dritte weitergegeben.\n<\/p>\n<p><span class=\"wpcf7-form-control-wrap\" data-name=\"checkbox-296\"><span class=\"wpcf7-form-control wpcf7-checkbox wpcf7-validates-as-required\"><span class=\"wpcf7-list-item first last\"><input type=\"checkbox\" name=\"checkbox-296[]\" value=\"Ich akzeptiere\" \/><span class=\"wpcf7-list-item-label\">Ich akzeptiere<\/span><\/span><\/span><\/span>\n<\/p>\n<p><input class=\"wpcf7-form-control wpcf7-submit has-spinner\" type=\"submit\" value=\"Senden\" \/>\n<\/p><div class=\"wpcf7-response-output\" aria-hidden=\"true\"><\/div>\n<\/form>\n<\/div>\n[\/vc_column][vc_column width=&#8221;1\/2&#8243;][\/vc_column][\/vc_row]<\/p>\n<\/div>","protected":false},"excerpt":{"rendered":"<div title=\"Page 1\">\n<div title=\"Page 112\">\n<p>Wandleuchte mit\u00a0zwei Gelenken am Arm und eine bewegliche Wandbefestigung. Struktur aus Aluminium, formgedrehter Diffusor. Netzkabel mit Stecker und Doppelschalter.\u00a0Direktes und indirektes\u00a0Licht.<br \/>\nMasse: L. 166 cm x H. 80 cm, \u00f8 Lampenschirm\u00a050 cm. E27, 2x 70W.<br \/>\nEine kleinere Version Lampe de Marseille\u00a0Mini ist auch erh\u00e4ltlich in der Gr\u00f6sse: L. 85\u00a0cm x H. 50 cm, \u00f8 Lampenschirm\u00a030 cm. E14, 2x 46W.<\/p>\n<\/div>\n<\/div>\n","protected":false},"featured_media":12911,"comment_status":"closed","ping_status":"closed","template":"","meta":{"_monsterinsights_skip_tracking":false,"_monsterinsights_sitenote_active":false,"_monsterinsights_sitenote_note":"","_monsterinsights_sitenote_category":0},"product_brand":[],"product_cat":[3156,70,154,883,222],"product_tag":[389,387,501,696,502],"class_list":{"0":"post-12975","1":"product","2":"type-product","3":"status-publish","4":"has-post-thumbnail","6":"product_cat-auf-lager","7":"product_cat-hersteller","8":"product_cat-leuchte","9":"product_cat-nemo-leuchte","10":"product_cat-wandleuchte","11":"product_tag-50er","12":"product_tag-frans-design","13":"product_tag-ikonisch-design","14":"product_tag-corbusier-de","15":"product_tag-modernismus","16":"product_shipping_class-post-sperrgut","18":"first","19":"instock","20":"featured","21":"taxable","22":"shipping-taxable","23":"purchasable","24":"product-type-variable"},"yoast_head":"<!-- This site is optimized with the Yoast SEO plugin v25.3.1 - https:\/\/yoast.com\/wordpress\/plugins\/seo\/ -->\n<title>Le Corbusier | Wandlampe Lampe de Marseille | Nemo | Schweiz<\/title>\n<meta name=\"description\" content=\"Die Lampe de Marseille wurde ursprunglich von Le Corbusier f\u00fcr die Unit\u00e9 d\u2019Habitation in 1949\/1952 entworfen und wird Heute von Nemo hergestellt. Designerlampe in der Schweiz kaufen\" \/>\n<meta name=\"robots\" content=\"index, follow, max-snippet:-1, max-image-preview:large, max-video-preview:-1\" \/>\n<link rel=\"canonical\" href=\"https:\/\/www.kissthedesign.ch\/de\/produkt\/lampe-de-marseille-corbusier-nemo\/\" \/>\n<meta property=\"og:locale\" content=\"de_DE\" \/>\n<meta property=\"og:type\" content=\"article\" \/>\n<meta property=\"og:title\" content=\"Le Corbusier | Wandlampe Lampe de Marseille | Nemo | Schweiz\" \/>\n<meta property=\"og:description\" content=\"Die Lampe de Marseille wurde ursprunglich von Le Corbusier f\u00fcr die Unit\u00e9 d\u2019Habitation in 1949\/1952 entworfen und wird Heute von Nemo hergestellt. Designerlampe in der Schweiz kaufen\" \/>\n<meta property=\"og:url\" content=\"https:\/\/www.kissthedesign.ch\/de\/produkt\/lampe-de-marseille-corbusier-nemo\/\" \/>\n<meta property=\"og:site_name\" content=\"kissthedesign\" \/>\n<meta property=\"article:modified_time\" content=\"2025-11-16T20:07:26+00:00\" \/>\n<meta property=\"og:image\" content=\"https:\/\/www.kissthedesign.ch\/wp\/wp-content\/uploads\/2016\/08\/Lampe-de-Marseille-gris-lecorbusier-nemo-applique.jpg\" \/>\n\t<meta property=\"og:image:width\" content=\"900\" \/>\n\t<meta property=\"og:image:height\" content=\"600\" \/>\n\t<meta property=\"og:image:type\" content=\"image\/jpeg\" \/>\n<meta name=\"twitter:label1\" content=\"Gesch\u00e4tzte Lesezeit\" \/>\n\t<meta name=\"twitter:data1\" content=\"1\u00a0Minute\" \/>\n<script type=\"application\/ld+json\" class=\"yoast-schema-graph\">{\"@context\":\"https:\/\/schema.org\",\"@graph\":[{\"@type\":\"WebPage\",\"@id\":\"https:\/\/www.kissthedesign.ch\/de\/produkt\/lampe-de-marseille-corbusier-nemo\/\",\"url\":\"https:\/\/www.kissthedesign.ch\/de\/produkt\/lampe-de-marseille-corbusier-nemo\/\",\"name\":\"Le Corbusier | Wandlampe Lampe de Marseille | Nemo | Schweiz\",\"isPartOf\":{\"@id\":\"https:\/\/www.kissthedesign.ch\/en\/#website\"},\"primaryImageOfPage\":{\"@id\":\"https:\/\/www.kissthedesign.ch\/de\/produkt\/lampe-de-marseille-corbusier-nemo\/#primaryimage\"},\"image\":{\"@id\":\"https:\/\/www.kissthedesign.ch\/de\/produkt\/lampe-de-marseille-corbusier-nemo\/#primaryimage\"},\"thumbnailUrl\":\"https:\/\/www.kissthedesign.ch\/wp\/wp-content\/uploads\/2016\/08\/Lampe-de-Marseille-gris-lecorbusier-nemo-applique.jpg\",\"datePublished\":\"2016-08-22T19:02:19+00:00\",\"dateModified\":\"2025-11-16T20:07:26+00:00\",\"description\":\"Die Lampe de Marseille wurde ursprunglich von Le Corbusier f\u00fcr die Unit\u00e9 d\u2019Habitation in 1949\/1952 entworfen und wird Heute von Nemo hergestellt. Designerlampe in der Schweiz kaufen\",\"breadcrumb\":{\"@id\":\"https:\/\/www.kissthedesign.ch\/de\/produkt\/lampe-de-marseille-corbusier-nemo\/#breadcrumb\"},\"inLanguage\":\"de\",\"potentialAction\":[{\"@type\":\"ReadAction\",\"target\":[\"https:\/\/www.kissthedesign.ch\/de\/produkt\/lampe-de-marseille-corbusier-nemo\/\"]}]},{\"@type\":\"ImageObject\",\"inLanguage\":\"de\",\"@id\":\"https:\/\/www.kissthedesign.ch\/de\/produkt\/lampe-de-marseille-corbusier-nemo\/#primaryimage\",\"url\":\"https:\/\/www.kissthedesign.ch\/wp\/wp-content\/uploads\/2016\/08\/Lampe-de-Marseille-gris-lecorbusier-nemo-applique.jpg\",\"contentUrl\":\"https:\/\/www.kissthedesign.ch\/wp\/wp-content\/uploads\/2016\/08\/Lampe-de-Marseille-gris-lecorbusier-nemo-applique.jpg\",\"width\":900,\"height\":600,\"caption\":\"Lampe de Marseille, grau, Le Corbusier, Nemo\"},{\"@type\":\"BreadcrumbList\",\"@id\":\"https:\/\/www.kissthedesign.ch\/de\/produkt\/lampe-de-marseille-corbusier-nemo\/#breadcrumb\",\"itemListElement\":[{\"@type\":\"ListItem\",\"position\":1,\"name\":\"Accueil\",\"item\":\"https:\/\/www.kissthedesign.ch\/de\/\"},{\"@type\":\"ListItem\",\"position\":2,\"name\":\"Laden\",\"item\":\"https:\/\/www.kissthedesign.ch\/de\/laden\/\"},{\"@type\":\"ListItem\",\"position\":3,\"name\":\"Le Corbusier | Lampe de Marseille | Nemo\"}]},{\"@type\":\"WebSite\",\"@id\":\"https:\/\/www.kissthedesign.ch\/en\/#website\",\"url\":\"https:\/\/www.kissthedesign.ch\/en\/\",\"name\":\"kissthedesign\",\"description\":\"Kissthedesign, Lausanne, Suisse. Mobilier du XXe, design vintage\",\"publisher\":{\"@id\":\"https:\/\/www.kissthedesign.ch\/en\/#organization\"},\"potentialAction\":[{\"@type\":\"SearchAction\",\"target\":{\"@type\":\"EntryPoint\",\"urlTemplate\":\"https:\/\/www.kissthedesign.ch\/en\/?s={search_term_string}\"},\"query-input\":{\"@type\":\"PropertyValueSpecification\",\"valueRequired\":true,\"valueName\":\"search_term_string\"}}],\"inLanguage\":\"de\"},{\"@type\":\"Organization\",\"@id\":\"https:\/\/www.kissthedesign.ch\/en\/#organization\",\"name\":\"Kissthedesign\",\"url\":\"https:\/\/www.kissthedesign.ch\/en\/\",\"logo\":{\"@type\":\"ImageObject\",\"inLanguage\":\"de\",\"@id\":\"https:\/\/www.kissthedesign.ch\/en\/#\/schema\/logo\/image\/\",\"url\":\"https:\/\/www.kissthedesign.ch\/wp\/wp-content\/uploads\/2016\/08\/ktd-logo-web.jpg\",\"contentUrl\":\"https:\/\/www.kissthedesign.ch\/wp\/wp-content\/uploads\/2016\/08\/ktd-logo-web.jpg\",\"width\":450,\"height\":167,\"caption\":\"Kissthedesign\"},\"image\":{\"@id\":\"https:\/\/www.kissthedesign.ch\/en\/#\/schema\/logo\/image\/\"}}]}<\/script>\n<!-- \/ Yoast SEO plugin. -->","yoast_head_json":{"title":"Le Corbusier | Wandlampe Lampe de Marseille | Nemo | Schweiz","description":"Die Lampe de Marseille wurde ursprunglich von Le Corbusier f\u00fcr die Unit\u00e9 d\u2019Habitation in 1949\/1952 entworfen und wird Heute von Nemo hergestellt. Designerlampe in der Schweiz kaufen","robots":{"index":"index","follow":"follow","max-snippet":"max-snippet:-1","max-image-preview":"max-image-preview:large","max-video-preview":"max-video-preview:-1"},"canonical":"https:\/\/www.kissthedesign.ch\/de\/produkt\/lampe-de-marseille-corbusier-nemo\/","og_locale":"de_DE","og_type":"article","og_title":"Le Corbusier | Wandlampe Lampe de Marseille | Nemo | Schweiz","og_description":"Die Lampe de Marseille wurde ursprunglich von Le Corbusier f\u00fcr die Unit\u00e9 d\u2019Habitation in 1949\/1952 entworfen und wird Heute von Nemo hergestellt. Designerlampe in der Schweiz kaufen","og_url":"https:\/\/www.kissthedesign.ch\/de\/produkt\/lampe-de-marseille-corbusier-nemo\/","og_site_name":"kissthedesign","article_modified_time":"2025-11-16T20:07:26+00:00","og_image":[{"width":900,"height":600,"url":"https:\/\/www.kissthedesign.ch\/wp\/wp-content\/uploads\/2016\/08\/Lampe-de-Marseille-gris-lecorbusier-nemo-applique.jpg","type":"image\/jpeg"}],"twitter_misc":{"Gesch\u00e4tzte Lesezeit":"1\u00a0Minute"},"schema":{"@context":"https:\/\/schema.org","@graph":[{"@type":"WebPage","@id":"https:\/\/www.kissthedesign.ch\/de\/produkt\/lampe-de-marseille-corbusier-nemo\/","url":"https:\/\/www.kissthedesign.ch\/de\/produkt\/lampe-de-marseille-corbusier-nemo\/","name":"Le Corbusier | Wandlampe Lampe de Marseille | Nemo | Schweiz","isPartOf":{"@id":"https:\/\/www.kissthedesign.ch\/en\/#website"},"primaryImageOfPage":{"@id":"https:\/\/www.kissthedesign.ch\/de\/produkt\/lampe-de-marseille-corbusier-nemo\/#primaryimage"},"image":{"@id":"https:\/\/www.kissthedesign.ch\/de\/produkt\/lampe-de-marseille-corbusier-nemo\/#primaryimage"},"thumbnailUrl":"https:\/\/www.kissthedesign.ch\/wp\/wp-content\/uploads\/2016\/08\/Lampe-de-Marseille-gris-lecorbusier-nemo-applique.jpg","datePublished":"2016-08-22T19:02:19+00:00","dateModified":"2025-11-16T20:07:26+00:00","description":"Die Lampe de Marseille wurde ursprunglich von Le Corbusier f\u00fcr die Unit\u00e9 d\u2019Habitation in 1949\/1952 entworfen und wird Heute von Nemo hergestellt. Designerlampe in der Schweiz kaufen","breadcrumb":{"@id":"https:\/\/www.kissthedesign.ch\/de\/produkt\/lampe-de-marseille-corbusier-nemo\/#breadcrumb"},"inLanguage":"de","potentialAction":[{"@type":"ReadAction","target":["https:\/\/www.kissthedesign.ch\/de\/produkt\/lampe-de-marseille-corbusier-nemo\/"]}]},{"@type":"ImageObject","inLanguage":"de","@id":"https:\/\/www.kissthedesign.ch\/de\/produkt\/lampe-de-marseille-corbusier-nemo\/#primaryimage","url":"https:\/\/www.kissthedesign.ch\/wp\/wp-content\/uploads\/2016\/08\/Lampe-de-Marseille-gris-lecorbusier-nemo-applique.jpg","contentUrl":"https:\/\/www.kissthedesign.ch\/wp\/wp-content\/uploads\/2016\/08\/Lampe-de-Marseille-gris-lecorbusier-nemo-applique.jpg","width":900,"height":600,"caption":"Lampe de Marseille, grau, Le Corbusier, Nemo"},{"@type":"BreadcrumbList","@id":"https:\/\/www.kissthedesign.ch\/de\/produkt\/lampe-de-marseille-corbusier-nemo\/#breadcrumb","itemListElement":[{"@type":"ListItem","position":1,"name":"Accueil","item":"https:\/\/www.kissthedesign.ch\/de\/"},{"@type":"ListItem","position":2,"name":"Laden","item":"https:\/\/www.kissthedesign.ch\/de\/laden\/"},{"@type":"ListItem","position":3,"name":"Le Corbusier | Lampe de Marseille | Nemo"}]},{"@type":"WebSite","@id":"https:\/\/www.kissthedesign.ch\/en\/#website","url":"https:\/\/www.kissthedesign.ch\/en\/","name":"kissthedesign","description":"Kissthedesign, Lausanne, Suisse. Mobilier du XXe, design vintage","publisher":{"@id":"https:\/\/www.kissthedesign.ch\/en\/#organization"},"potentialAction":[{"@type":"SearchAction","target":{"@type":"EntryPoint","urlTemplate":"https:\/\/www.kissthedesign.ch\/en\/?s={search_term_string}"},"query-input":{"@type":"PropertyValueSpecification","valueRequired":true,"valueName":"search_term_string"}}],"inLanguage":"de"},{"@type":"Organization","@id":"https:\/\/www.kissthedesign.ch\/en\/#organization","name":"Kissthedesign","url":"https:\/\/www.kissthedesign.ch\/en\/","logo":{"@type":"ImageObject","inLanguage":"de","@id":"https:\/\/www.kissthedesign.ch\/en\/#\/schema\/logo\/image\/","url":"https:\/\/www.kissthedesign.ch\/wp\/wp-content\/uploads\/2016\/08\/ktd-logo-web.jpg","contentUrl":"https:\/\/www.kissthedesign.ch\/wp\/wp-content\/uploads\/2016\/08\/ktd-logo-web.jpg","width":450,"height":167,"caption":"Kissthedesign"},"image":{"@id":"https:\/\/www.kissthedesign.ch\/en\/#\/schema\/logo\/image\/"}}]}},"_links":{"self":[{"href":"https:\/\/www.kissthedesign.ch\/de\/wp-json\/wp\/v2\/product\/12975","targetHints":{"allow":["GET"]}}],"collection":[{"href":"https:\/\/www.kissthedesign.ch\/de\/wp-json\/wp\/v2\/product"}],"about":[{"href":"https:\/\/www.kissthedesign.ch\/de\/wp-json\/wp\/v2\/types\/product"}],"replies":[{"embeddable":true,"href":"https:\/\/www.kissthedesign.ch\/de\/wp-json\/wp\/v2\/comments?post=12975"}],"wp:featuredmedia":[{"embeddable":true,"href":"https:\/\/www.kissthedesign.ch\/de\/wp-json\/wp\/v2\/media\/12911"}],"wp:attachment":[{"href":"https:\/\/www.kissthedesign.ch\/de\/wp-json\/wp\/v2\/media?parent=12975"}],"wp:term":[{"taxonomy":"product_brand","embeddable":true,"href":"https:\/\/www.kissthedesign.ch\/de\/wp-json\/wp\/v2\/product_brand?post=12975"},{"taxonomy":"product_cat","embeddable":true,"href":"https:\/\/www.kissthedesign.ch\/de\/wp-json\/wp\/v2\/product_cat?post=12975"},{"taxonomy":"product_tag","embeddable":true,"href":"https:\/\/www.kissthedesign.ch\/de\/wp-json\/wp\/v2\/product_tag?post=12975"}],"curies":[{"name":"wp","href":"https:\/\/api.w.org\/{rel}","templated":true}]}}