{"id":13248,"date":"2016-10-02T15:48:41","date_gmt":"2016-10-02T14:48:41","guid":{"rendered":"http:\/\/www.kissthedesign.ch\/product\/rico-rosemarie-baltensweiler-halo-mobil-bogenlampe-baltensweiler\/"},"modified":"2016-10-02T19:21:59","modified_gmt":"2016-10-02T18:21:59","slug":"rico-rosemarie-baltensweiler-halo-mobil-bogenlampe-baltensweiler","status":"publish","type":"product","link":"https:\/\/www.kissthedesign.ch\/de\/produkt\/rico-rosemarie-baltensweiler-halo-mobil-bogenlampe-baltensweiler\/","title":{"rendered":"Halo Mobil Bogenlampe | Rico &#038; Rosemarie Baltensweiler"},"content":{"rendered":"<div class=\"wpb-content-wrapper\"><p>[vc_row][vc_column][vc_column_text]<\/p>\n<h2>Halo Mobil Bogenlampe, Baltensweiler, 1975.<\/h2>\n<p>Die Stehleuchte Halo Mobil geh\u00f6rt zu einer Serie von Rico &amp; Rosemarie Baltensweiler in den 70er Jahren entworfen. Die Bogenlampe ist sowohl high tech als auch originell, l\u00e4sst sich, dank einem cleveren Mechanismus aus Drahtseil, Plexirad und Kugel (als Gegengewicht) einfach in die H\u00f6he verstellen.<br \/>\nSehr stabil, die Stehlampe kann auch drehen und der Lampenschirm aus Aluminium l\u00e4sst sich einfach einstellen. Perfekt f\u00fcrs B\u00fcro, die Leuchte ist ja lichtstark, aber auch gut f\u00fcrs Zuhause dank Dimmer. Ein echter Designklassiker aus der Schweiz.<\/p>\n<p>Halogen Beleuchtung bis max. 300w. Mit Aufkleber des Herstellers.<br \/>\nIn sehr guten Zustand mit Gebrauchsspuren.<br \/>\nH. 170-230 cm, Bogenbreite 110 cm<\/p>\n<p>Baltensweiler geh\u00f6rt zu den Ikonen des schweizer Leuchtendesigns wie Bag Turgi oder Belmag.<br \/>\nEinige Modellen sind mittlerweile von internationalen Sammlern sehr begehrt\u00a0geworden, aie z.B die Leuchte\u00a0Typ 600, 60, Pentarkus, oder\u00a0Halo Mobil (1975).[\/vc_column_text][\/vc_column][\/vc_row][vc_row][vc_column]\n<div class=\"wpcf7 no-js\" id=\"wpcf7-f12225-o1\" lang=\"fr-FR\" dir=\"ltr\" data-wpcf7-id=\"12225\">\n<div class=\"screen-reader-response\"><p role=\"status\" aria-live=\"polite\" aria-atomic=\"true\"><\/p> <ul><\/ul><\/div>\n<form action=\"\/de\/wp-json\/wp\/v2\/product\/13248#wpcf7-f12225-o1\" method=\"post\" class=\"wpcf7-form init\" aria-label=\"Formulaire de contact\" novalidate=\"novalidate\" data-status=\"init\">\n<fieldset class=\"hidden-fields-container\"><input type=\"hidden\" name=\"_wpcf7\" value=\"12225\" \/><input type=\"hidden\" name=\"_wpcf7_version\" value=\"6.1.5\" \/><input type=\"hidden\" name=\"_wpcf7_locale\" value=\"fr_FR\" \/><input type=\"hidden\" name=\"_wpcf7_unit_tag\" value=\"wpcf7-f12225-o1\" \/><input type=\"hidden\" name=\"_wpcf7_container_post\" value=\"0\" \/><input type=\"hidden\" name=\"_wpcf7_posted_data_hash\" value=\"\" \/><input type=\"hidden\" name=\"_wpcf7_recaptcha_response\" value=\"\" \/>\n<\/fieldset>\n\n<!-- CF7 Modules -->\n<div style='display:none;'><input type=\"hidden\" class=\"wpcf7-form-control wpcf7-hidden\" name=\"hidden-931\" placeholder=\"\" value=\"Halo Mobil Bogenlampe | Rico &amp; Rosemarie Baltensweiler\" \/>\n<\/div>\n<!-- End CF7 Modules -->\n\n<p><b>Kontaktieren Sie uns \u00fcber diesen Artikel<\/b>\n<\/p>\n<p>Ihre Name (Pflichtfeld)\n<\/p>\n<p><span class=\"wpcf7-form-control-wrap\" data-name=\"your-name\"><input size=\"40\" maxlength=\"400\" class=\"wpcf7-form-control wpcf7-text wpcf7-validates-as-required\" aria-required=\"true\" aria-invalid=\"false\" value=\"\" type=\"text\" name=\"your-name\" \/><\/span>\n<\/p>\n<p>Ihre Email (Pflichtfeld)\n<\/p>\n<p><span class=\"wpcf7-form-control-wrap\" data-name=\"your-email\"><input size=\"40\" maxlength=\"400\" class=\"wpcf7-form-control wpcf7-email wpcf7-validates-as-required wpcf7-text wpcf7-validates-as-email\" aria-required=\"true\" aria-invalid=\"false\" value=\"\" type=\"email\" name=\"your-email\" \/><\/span>\n<\/p>\n<p>Ihre Nachricht\n<\/p>\n<p><span class=\"wpcf7-form-control-wrap\" data-name=\"your-message\"><textarea cols=\"40\" rows=\"10\" maxlength=\"2000\" class=\"wpcf7-form-control wpcf7-textarea\" aria-invalid=\"false\" name=\"your-message\"><\/textarea><\/span>\n<\/p>\n<p>Die von Ihnen eingegebenen und mit diesem Formular gesendeten Daten werden gespeichert, aber werden nie verkauft oder an Dritte weitergegeben.\n<\/p>\n<p><span class=\"wpcf7-form-control-wrap\" data-name=\"checkbox-296\"><span class=\"wpcf7-form-control wpcf7-checkbox wpcf7-validates-as-required\"><span class=\"wpcf7-list-item first last\"><input type=\"checkbox\" name=\"checkbox-296[]\" value=\"Ich akzeptiere\" \/><span class=\"wpcf7-list-item-label\">Ich akzeptiere<\/span><\/span><\/span><\/span>\n<\/p>\n<p><input class=\"wpcf7-form-control wpcf7-submit has-spinner\" type=\"submit\" value=\"Senden\" \/>\n<\/p><div class=\"wpcf7-response-output\" aria-hidden=\"true\"><\/div>\n<\/form>\n<\/div>\n[\/vc_column][\/vc_row]<\/p>\n<\/div>","protected":false},"excerpt":{"rendered":"<p>Grosse Stehlampe. Schirm aus Aluminium auf einem verchromten Metallbogen. Die Stehlampe l\u00e4sst sich, dank einem cleveren Mechanismus aus Drahtseil, Plexirad und Kugel (als Gegengewicht) einfach in die H\u00f6he verstellen.<br \/>\nHalogen Beleuchtung bis max. 300w. Mit Dimmer und Aufkleber des Herstellers.<br \/>\nIn sehr guten Zustand mit Gebrauchsspuren.<br \/>\nH. 170-230 cm, Bogenbreite 110 cm<\/p>\n","protected":false},"featured_media":13244,"comment_status":"closed","ping_status":"closed","template":"","meta":{"_monsterinsights_skip_tracking":false,"_monsterinsights_sitenote_active":false,"_monsterinsights_sitenote_note":"","_monsterinsights_sitenote_category":0},"product_brand":[],"product_cat":[255],"product_tag":[566,502,532],"class_list":{"0":"post-13248","1":"product","2":"type-product","3":"status-publish","4":"has-post-thumbnail","6":"product_cat-archiv-de","7":"product_tag-70er","8":"product_tag-modernismus","9":"product_tag-schweizer-design","10":"product_shipping_class-wir-liefern","12":"first","13":"outofstock","14":"taxable","15":"shipping-taxable","16":"product-type-simple"},"yoast_head":"<!-- This site is optimized with the Yoast SEO plugin v25.3.1 - https:\/\/yoast.com\/wordpress\/plugins\/seo\/ -->\n<title>Rico &amp; Rosemarie Baltensweiler | Bogenlampe Halo Mobil | Schweiz<\/title>\n<meta name=\"description\" content=\"Halo Mobil Bogenleuchte, Rico &amp; Rosemarie Baltensweiler. Vintage Designklassiker aus den 70er. Designladen f\u00fcr vintage M\u00f6beln und Lampen, Lausanne, Schweiz\" \/>\n<meta name=\"robots\" content=\"index, follow, max-snippet:-1, max-image-preview:large, max-video-preview:-1\" \/>\n<link rel=\"canonical\" href=\"https:\/\/www.kissthedesign.ch\/de\/produkt\/rico-rosemarie-baltensweiler-halo-mobil-bogenlampe-baltensweiler\/\" \/>\n<meta property=\"og:locale\" content=\"de_DE\" \/>\n<meta property=\"og:type\" content=\"article\" \/>\n<meta property=\"og:title\" content=\"Rico &amp; Rosemarie Baltensweiler | Bogenlampe Halo Mobil | Schweiz\" \/>\n<meta property=\"og:description\" content=\"Halo Mobil Bogenleuchte, Rico &amp; Rosemarie Baltensweiler. Vintage Designklassiker aus den 70er. Designladen f\u00fcr vintage M\u00f6beln und Lampen, Lausanne, Schweiz\" \/>\n<meta property=\"og:url\" content=\"https:\/\/www.kissthedesign.ch\/de\/produkt\/rico-rosemarie-baltensweiler-halo-mobil-bogenlampe-baltensweiler\/\" \/>\n<meta property=\"og:site_name\" content=\"kissthedesign\" \/>\n<meta property=\"article:modified_time\" content=\"2016-10-02T18:21:59+00:00\" \/>\n<meta property=\"og:image\" content=\"https:\/\/www.kissthedesign.ch\/wp\/wp-content\/uploads\/2016\/10\/rico-rosemarie-baltensweiler-halo-mobil-stehleuchte-bogenlampe.jpg\" \/>\n\t<meta property=\"og:image:width\" content=\"900\" \/>\n\t<meta property=\"og:image:height\" content=\"678\" \/>\n\t<meta property=\"og:image:type\" content=\"image\/jpeg\" \/>\n<meta name=\"twitter:label1\" content=\"Gesch\u00e4tzte Lesezeit\" \/>\n\t<meta name=\"twitter:data1\" content=\"1\u00a0Minute\" \/>\n<script type=\"application\/ld+json\" class=\"yoast-schema-graph\">{\"@context\":\"https:\/\/schema.org\",\"@graph\":[{\"@type\":\"WebPage\",\"@id\":\"https:\/\/www.kissthedesign.ch\/de\/produkt\/rico-rosemarie-baltensweiler-halo-mobil-bogenlampe-baltensweiler\/\",\"url\":\"https:\/\/www.kissthedesign.ch\/de\/produkt\/rico-rosemarie-baltensweiler-halo-mobil-bogenlampe-baltensweiler\/\",\"name\":\"Rico & Rosemarie Baltensweiler | Bogenlampe Halo Mobil | Schweiz\",\"isPartOf\":{\"@id\":\"https:\/\/www.kissthedesign.ch\/en\/#website\"},\"primaryImageOfPage\":{\"@id\":\"https:\/\/www.kissthedesign.ch\/de\/produkt\/rico-rosemarie-baltensweiler-halo-mobil-bogenlampe-baltensweiler\/#primaryimage\"},\"image\":{\"@id\":\"https:\/\/www.kissthedesign.ch\/de\/produkt\/rico-rosemarie-baltensweiler-halo-mobil-bogenlampe-baltensweiler\/#primaryimage\"},\"thumbnailUrl\":\"https:\/\/www.kissthedesign.ch\/wp\/wp-content\/uploads\/2016\/10\/rico-rosemarie-baltensweiler-halo-mobil-stehleuchte-bogenlampe.jpg\",\"datePublished\":\"2016-10-02T14:48:41+00:00\",\"dateModified\":\"2016-10-02T18:21:59+00:00\",\"description\":\"Halo Mobil Bogenleuchte, Rico & Rosemarie Baltensweiler. Vintage Designklassiker aus den 70er. Designladen f\u00fcr vintage M\u00f6beln und Lampen, Lausanne, Schweiz\",\"breadcrumb\":{\"@id\":\"https:\/\/www.kissthedesign.ch\/de\/produkt\/rico-rosemarie-baltensweiler-halo-mobil-bogenlampe-baltensweiler\/#breadcrumb\"},\"inLanguage\":\"de\",\"potentialAction\":[{\"@type\":\"ReadAction\",\"target\":[\"https:\/\/www.kissthedesign.ch\/de\/produkt\/rico-rosemarie-baltensweiler-halo-mobil-bogenlampe-baltensweiler\/\"]}]},{\"@type\":\"ImageObject\",\"inLanguage\":\"de\",\"@id\":\"https:\/\/www.kissthedesign.ch\/de\/produkt\/rico-rosemarie-baltensweiler-halo-mobil-bogenlampe-baltensweiler\/#primaryimage\",\"url\":\"https:\/\/www.kissthedesign.ch\/wp\/wp-content\/uploads\/2016\/10\/rico-rosemarie-baltensweiler-halo-mobil-stehleuchte-bogenlampe.jpg\",\"contentUrl\":\"https:\/\/www.kissthedesign.ch\/wp\/wp-content\/uploads\/2016\/10\/rico-rosemarie-baltensweiler-halo-mobil-stehleuchte-bogenlampe.jpg\",\"width\":900,\"height\":678,\"caption\":\"Bogenleuchte Halo Mobil, Rico & Rosemarie Baltensweiler, Baltensweiler\"},{\"@type\":\"BreadcrumbList\",\"@id\":\"https:\/\/www.kissthedesign.ch\/de\/produkt\/rico-rosemarie-baltensweiler-halo-mobil-bogenlampe-baltensweiler\/#breadcrumb\",\"itemListElement\":[{\"@type\":\"ListItem\",\"position\":1,\"name\":\"Accueil\",\"item\":\"https:\/\/www.kissthedesign.ch\/de\/\"},{\"@type\":\"ListItem\",\"position\":2,\"name\":\"Laden\",\"item\":\"https:\/\/www.kissthedesign.ch\/de\/laden\/\"},{\"@type\":\"ListItem\",\"position\":3,\"name\":\"Halo Mobil Bogenlampe | Rico &#038; Rosemarie Baltensweiler\"}]},{\"@type\":\"WebSite\",\"@id\":\"https:\/\/www.kissthedesign.ch\/en\/#website\",\"url\":\"https:\/\/www.kissthedesign.ch\/en\/\",\"name\":\"kissthedesign\",\"description\":\"Kissthedesign, Lausanne, Suisse. Mobilier du XXe, design vintage\",\"publisher\":{\"@id\":\"https:\/\/www.kissthedesign.ch\/en\/#organization\"},\"potentialAction\":[{\"@type\":\"SearchAction\",\"target\":{\"@type\":\"EntryPoint\",\"urlTemplate\":\"https:\/\/www.kissthedesign.ch\/en\/?s={search_term_string}\"},\"query-input\":{\"@type\":\"PropertyValueSpecification\",\"valueRequired\":true,\"valueName\":\"search_term_string\"}}],\"inLanguage\":\"de\"},{\"@type\":\"Organization\",\"@id\":\"https:\/\/www.kissthedesign.ch\/en\/#organization\",\"name\":\"Kissthedesign\",\"url\":\"https:\/\/www.kissthedesign.ch\/en\/\",\"logo\":{\"@type\":\"ImageObject\",\"inLanguage\":\"de\",\"@id\":\"https:\/\/www.kissthedesign.ch\/en\/#\/schema\/logo\/image\/\",\"url\":\"https:\/\/www.kissthedesign.ch\/wp\/wp-content\/uploads\/2016\/08\/ktd-logo-web.jpg\",\"contentUrl\":\"https:\/\/www.kissthedesign.ch\/wp\/wp-content\/uploads\/2016\/08\/ktd-logo-web.jpg\",\"width\":450,\"height\":167,\"caption\":\"Kissthedesign\"},\"image\":{\"@id\":\"https:\/\/www.kissthedesign.ch\/en\/#\/schema\/logo\/image\/\"}}]}<\/script>\n<!-- \/ Yoast SEO plugin. -->","yoast_head_json":{"title":"Rico & Rosemarie Baltensweiler | Bogenlampe Halo Mobil | Schweiz","description":"Halo Mobil Bogenleuchte, Rico & Rosemarie Baltensweiler. Vintage Designklassiker aus den 70er. Designladen f\u00fcr vintage M\u00f6beln und Lampen, Lausanne, Schweiz","robots":{"index":"index","follow":"follow","max-snippet":"max-snippet:-1","max-image-preview":"max-image-preview:large","max-video-preview":"max-video-preview:-1"},"canonical":"https:\/\/www.kissthedesign.ch\/de\/produkt\/rico-rosemarie-baltensweiler-halo-mobil-bogenlampe-baltensweiler\/","og_locale":"de_DE","og_type":"article","og_title":"Rico & Rosemarie Baltensweiler | Bogenlampe Halo Mobil | Schweiz","og_description":"Halo Mobil Bogenleuchte, Rico & Rosemarie Baltensweiler. Vintage Designklassiker aus den 70er. Designladen f\u00fcr vintage M\u00f6beln und Lampen, Lausanne, Schweiz","og_url":"https:\/\/www.kissthedesign.ch\/de\/produkt\/rico-rosemarie-baltensweiler-halo-mobil-bogenlampe-baltensweiler\/","og_site_name":"kissthedesign","article_modified_time":"2016-10-02T18:21:59+00:00","og_image":[{"width":900,"height":678,"url":"https:\/\/www.kissthedesign.ch\/wp\/wp-content\/uploads\/2016\/10\/rico-rosemarie-baltensweiler-halo-mobil-stehleuchte-bogenlampe.jpg","type":"image\/jpeg"}],"twitter_misc":{"Gesch\u00e4tzte Lesezeit":"1\u00a0Minute"},"schema":{"@context":"https:\/\/schema.org","@graph":[{"@type":"WebPage","@id":"https:\/\/www.kissthedesign.ch\/de\/produkt\/rico-rosemarie-baltensweiler-halo-mobil-bogenlampe-baltensweiler\/","url":"https:\/\/www.kissthedesign.ch\/de\/produkt\/rico-rosemarie-baltensweiler-halo-mobil-bogenlampe-baltensweiler\/","name":"Rico & Rosemarie Baltensweiler | Bogenlampe Halo Mobil | Schweiz","isPartOf":{"@id":"https:\/\/www.kissthedesign.ch\/en\/#website"},"primaryImageOfPage":{"@id":"https:\/\/www.kissthedesign.ch\/de\/produkt\/rico-rosemarie-baltensweiler-halo-mobil-bogenlampe-baltensweiler\/#primaryimage"},"image":{"@id":"https:\/\/www.kissthedesign.ch\/de\/produkt\/rico-rosemarie-baltensweiler-halo-mobil-bogenlampe-baltensweiler\/#primaryimage"},"thumbnailUrl":"https:\/\/www.kissthedesign.ch\/wp\/wp-content\/uploads\/2016\/10\/rico-rosemarie-baltensweiler-halo-mobil-stehleuchte-bogenlampe.jpg","datePublished":"2016-10-02T14:48:41+00:00","dateModified":"2016-10-02T18:21:59+00:00","description":"Halo Mobil Bogenleuchte, Rico & Rosemarie Baltensweiler. Vintage Designklassiker aus den 70er. Designladen f\u00fcr vintage M\u00f6beln und Lampen, Lausanne, Schweiz","breadcrumb":{"@id":"https:\/\/www.kissthedesign.ch\/de\/produkt\/rico-rosemarie-baltensweiler-halo-mobil-bogenlampe-baltensweiler\/#breadcrumb"},"inLanguage":"de","potentialAction":[{"@type":"ReadAction","target":["https:\/\/www.kissthedesign.ch\/de\/produkt\/rico-rosemarie-baltensweiler-halo-mobil-bogenlampe-baltensweiler\/"]}]},{"@type":"ImageObject","inLanguage":"de","@id":"https:\/\/www.kissthedesign.ch\/de\/produkt\/rico-rosemarie-baltensweiler-halo-mobil-bogenlampe-baltensweiler\/#primaryimage","url":"https:\/\/www.kissthedesign.ch\/wp\/wp-content\/uploads\/2016\/10\/rico-rosemarie-baltensweiler-halo-mobil-stehleuchte-bogenlampe.jpg","contentUrl":"https:\/\/www.kissthedesign.ch\/wp\/wp-content\/uploads\/2016\/10\/rico-rosemarie-baltensweiler-halo-mobil-stehleuchte-bogenlampe.jpg","width":900,"height":678,"caption":"Bogenleuchte Halo Mobil, Rico & Rosemarie Baltensweiler, Baltensweiler"},{"@type":"BreadcrumbList","@id":"https:\/\/www.kissthedesign.ch\/de\/produkt\/rico-rosemarie-baltensweiler-halo-mobil-bogenlampe-baltensweiler\/#breadcrumb","itemListElement":[{"@type":"ListItem","position":1,"name":"Accueil","item":"https:\/\/www.kissthedesign.ch\/de\/"},{"@type":"ListItem","position":2,"name":"Laden","item":"https:\/\/www.kissthedesign.ch\/de\/laden\/"},{"@type":"ListItem","position":3,"name":"Halo Mobil Bogenlampe | Rico &#038; Rosemarie Baltensweiler"}]},{"@type":"WebSite","@id":"https:\/\/www.kissthedesign.ch\/en\/#website","url":"https:\/\/www.kissthedesign.ch\/en\/","name":"kissthedesign","description":"Kissthedesign, Lausanne, Suisse. Mobilier du XXe, design vintage","publisher":{"@id":"https:\/\/www.kissthedesign.ch\/en\/#organization"},"potentialAction":[{"@type":"SearchAction","target":{"@type":"EntryPoint","urlTemplate":"https:\/\/www.kissthedesign.ch\/en\/?s={search_term_string}"},"query-input":{"@type":"PropertyValueSpecification","valueRequired":true,"valueName":"search_term_string"}}],"inLanguage":"de"},{"@type":"Organization","@id":"https:\/\/www.kissthedesign.ch\/en\/#organization","name":"Kissthedesign","url":"https:\/\/www.kissthedesign.ch\/en\/","logo":{"@type":"ImageObject","inLanguage":"de","@id":"https:\/\/www.kissthedesign.ch\/en\/#\/schema\/logo\/image\/","url":"https:\/\/www.kissthedesign.ch\/wp\/wp-content\/uploads\/2016\/08\/ktd-logo-web.jpg","contentUrl":"https:\/\/www.kissthedesign.ch\/wp\/wp-content\/uploads\/2016\/08\/ktd-logo-web.jpg","width":450,"height":167,"caption":"Kissthedesign"},"image":{"@id":"https:\/\/www.kissthedesign.ch\/en\/#\/schema\/logo\/image\/"}}]}},"_links":{"self":[{"href":"https:\/\/www.kissthedesign.ch\/de\/wp-json\/wp\/v2\/product\/13248","targetHints":{"allow":["GET"]}}],"collection":[{"href":"https:\/\/www.kissthedesign.ch\/de\/wp-json\/wp\/v2\/product"}],"about":[{"href":"https:\/\/www.kissthedesign.ch\/de\/wp-json\/wp\/v2\/types\/product"}],"replies":[{"embeddable":true,"href":"https:\/\/www.kissthedesign.ch\/de\/wp-json\/wp\/v2\/comments?post=13248"}],"wp:featuredmedia":[{"embeddable":true,"href":"https:\/\/www.kissthedesign.ch\/de\/wp-json\/wp\/v2\/media\/13244"}],"wp:attachment":[{"href":"https:\/\/www.kissthedesign.ch\/de\/wp-json\/wp\/v2\/media?parent=13248"}],"wp:term":[{"taxonomy":"product_brand","embeddable":true,"href":"https:\/\/www.kissthedesign.ch\/de\/wp-json\/wp\/v2\/product_brand?post=13248"},{"taxonomy":"product_cat","embeddable":true,"href":"https:\/\/www.kissthedesign.ch\/de\/wp-json\/wp\/v2\/product_cat?post=13248"},{"taxonomy":"product_tag","embeddable":true,"href":"https:\/\/www.kissthedesign.ch\/de\/wp-json\/wp\/v2\/product_tag?post=13248"}],"curies":[{"name":"wp","href":"https:\/\/api.w.org\/{rel}","templated":true}]}}