{"id":15892,"date":"2017-02-12T09:48:56","date_gmt":"2017-02-12T08:48:57","guid":{"rendered":"https:\/\/www.kissthedesign.ch\/de\/produkt\/couchtisch-aus-palisander-rud-thygeseb-heltborg-mobler-copie\/"},"modified":"2019-01-14T21:24:33","modified_gmt":"2019-01-14T20:24:33","slug":"satztische-222-mobel-intarsia","status":"publish","type":"product","link":"https:\/\/www.kissthedesign.ch\/de\/produkt\/satztische-222-mobel-intarsia\/","title":{"rendered":"Satztische Nr. 222 | M\u00f8bel Intarsia"},"content":{"rendered":"<div class=\"wpb-content-wrapper\"><p>[vc_row][vc_column][vc_column_text]<\/p>\n<h2>Vintage Palisander Satztische Nr. 222,\u00a0M\u00f8bel Intarsia, ca. 1960<\/h2>\n<p>Die Satztische Nr 222 wurden in den 60er Jahren f\u00fcr den d\u00e4nischen Hersteller M\u00f8bel Intarsia entworfen. Das raffinierte Modell ist hier aus Palisanderholz erh\u00e4ltlich. Das Set ist in sehr guten Zustand und zeigt den Stempel des Herstellers. Leider fehlt einer den 3 Tischen, deshalb k\u00f6nnen Sie das Set zum super Preis einkaufen.<\/p>\n<p>Die M\u00f6bel von M\u00f8bel Intarsia zeigen sch\u00f6ne Details sowie gepflegte Holzarbeit.<br \/>\nMa\u00dfe:<br \/>\n&#8211; Gro\u00dfer Tisch 55 x 44 cm, H 46 cm<br \/>\n&#8211; Kleiner Tisch 38 x 38 cm, H 42 cm[\/vc_column_text][\/vc_column][\/vc_row][vc_row css=&#8221;.vc_custom_1486823226754{padding-top: 30px !important;}&#8221;][vc_column width=&#8221;1\/2&#8243;]\n<div class=\"wpcf7 no-js\" id=\"wpcf7-f12225-o1\" lang=\"fr-FR\" dir=\"ltr\" data-wpcf7-id=\"12225\">\n<div class=\"screen-reader-response\"><p role=\"status\" aria-live=\"polite\" aria-atomic=\"true\"><\/p> <ul><\/ul><\/div>\n<form action=\"\/de\/wp-json\/wp\/v2\/product\/15892#wpcf7-f12225-o1\" method=\"post\" class=\"wpcf7-form init\" aria-label=\"Formulaire de contact\" novalidate=\"novalidate\" data-status=\"init\">\n<fieldset class=\"hidden-fields-container\"><input type=\"hidden\" name=\"_wpcf7\" value=\"12225\" \/><input type=\"hidden\" name=\"_wpcf7_version\" value=\"6.1.5\" \/><input type=\"hidden\" name=\"_wpcf7_locale\" value=\"fr_FR\" \/><input type=\"hidden\" name=\"_wpcf7_unit_tag\" value=\"wpcf7-f12225-o1\" \/><input type=\"hidden\" name=\"_wpcf7_container_post\" value=\"0\" \/><input type=\"hidden\" name=\"_wpcf7_posted_data_hash\" value=\"\" \/><input type=\"hidden\" name=\"_wpcf7_recaptcha_response\" value=\"\" \/>\n<\/fieldset>\n\n<!-- CF7 Modules -->\n<div style='display:none;'><input type=\"hidden\" class=\"wpcf7-form-control wpcf7-hidden\" name=\"hidden-931\" placeholder=\"\" value=\"Satztische Nr. 222 | M\u00f8bel Intarsia\" \/>\n<\/div>\n<!-- End CF7 Modules -->\n\n<p><b>Kontaktieren Sie uns \u00fcber diesen Artikel<\/b>\n<\/p>\n<p>Ihre Name (Pflichtfeld)\n<\/p>\n<p><span class=\"wpcf7-form-control-wrap\" data-name=\"your-name\"><input size=\"40\" maxlength=\"400\" class=\"wpcf7-form-control wpcf7-text wpcf7-validates-as-required\" aria-required=\"true\" aria-invalid=\"false\" value=\"\" type=\"text\" name=\"your-name\" \/><\/span>\n<\/p>\n<p>Ihre Email (Pflichtfeld)\n<\/p>\n<p><span class=\"wpcf7-form-control-wrap\" data-name=\"your-email\"><input size=\"40\" maxlength=\"400\" class=\"wpcf7-form-control wpcf7-email wpcf7-validates-as-required wpcf7-text wpcf7-validates-as-email\" aria-required=\"true\" aria-invalid=\"false\" value=\"\" type=\"email\" name=\"your-email\" \/><\/span>\n<\/p>\n<p>Ihre Nachricht\n<\/p>\n<p><span class=\"wpcf7-form-control-wrap\" data-name=\"your-message\"><textarea cols=\"40\" rows=\"10\" maxlength=\"2000\" class=\"wpcf7-form-control wpcf7-textarea\" aria-invalid=\"false\" name=\"your-message\"><\/textarea><\/span>\n<\/p>\n<p>Die von Ihnen eingegebenen und mit diesem Formular gesendeten Daten werden gespeichert, aber werden nie verkauft oder an Dritte weitergegeben.\n<\/p>\n<p><span class=\"wpcf7-form-control-wrap\" data-name=\"checkbox-296\"><span class=\"wpcf7-form-control wpcf7-checkbox wpcf7-validates-as-required\"><span class=\"wpcf7-list-item first last\"><input type=\"checkbox\" name=\"checkbox-296[]\" value=\"Ich akzeptiere\" \/><span class=\"wpcf7-list-item-label\">Ich akzeptiere<\/span><\/span><\/span><\/span>\n<\/p>\n<p><input class=\"wpcf7-form-control wpcf7-submit has-spinner\" type=\"submit\" value=\"Senden\" \/>\n<\/p><div class=\"wpcf7-response-output\" aria-hidden=\"true\"><\/div>\n<\/form>\n<\/div>\n[\/vc_column][vc_column width=&#8221;1\/2&#8243;][\/vc_column][\/vc_row]<\/p>\n<\/div>","protected":false},"excerpt":{"rendered":"<p>Satztische aus Palisanderholz. 1 Tisch auf 3 fehlt\u00a0ansonsten ist das Set in sehr guten Zustand. Mit Stempel des Herstellers. Das Modell wird nicht mehr hergestellt.<br \/>\nMa\u00dfe:<br \/>\n&#8211; Gro\u00dfer Tisch 55 x 44 cm, H 46 cm<br \/>\n&#8211; Kleiner Tisch 38 x 38 cm, H 42 cm<\/p>\n","protected":false},"featured_media":15911,"comment_status":"closed","ping_status":"closed","template":"","meta":{"_monsterinsights_skip_tracking":false,"_monsterinsights_sitenote_active":false,"_monsterinsights_sitenote_note":"","_monsterinsights_sitenote_category":0},"product_brand":[],"product_cat":[255],"product_tag":[390,466],"class_list":{"0":"post-15892","1":"product","2":"type-product","3":"status-publish","4":"has-post-thumbnail","6":"product_cat-archiv-de","7":"product_tag-60er","8":"product_tag-daenisch-design","9":"product_shipping_class-post-sperrgut","11":"first","12":"outofstock","13":"taxable","14":"shipping-taxable","15":"purchasable","16":"product-type-simple"},"yoast_head":"<!-- This site is optimized with the Yoast SEO plugin v25.3.1 - https:\/\/yoast.com\/wordpress\/plugins\/seo\/ -->\n<title>60er Jahre Satztische 222 aus Palisander | M\u00f8bel Intarsia | Vintage Designerm\u00f6bel, Schweiz<\/title>\n<meta name=\"description\" content=\"Vintage Satztische 222 aus Palisander, d\u00e4nisches Design aus den 60er Jahre f\u00fcr M\u00f8bel Intarsia. Designklassiker. Kissthedesign, Lausanne, Schweiz. Designladen f\u00fcr vintage M\u00f6bel\" \/>\n<meta name=\"robots\" content=\"index, follow, max-snippet:-1, max-image-preview:large, max-video-preview:-1\" \/>\n<link rel=\"canonical\" href=\"https:\/\/www.kissthedesign.ch\/de\/produkt\/satztische-222-mobel-intarsia\/\" \/>\n<meta property=\"og:locale\" content=\"de_DE\" \/>\n<meta property=\"og:type\" content=\"article\" \/>\n<meta property=\"og:title\" content=\"60er Jahre Satztische 222 aus Palisander | M\u00f8bel Intarsia | Vintage Designerm\u00f6bel, Schweiz\" \/>\n<meta property=\"og:description\" content=\"Vintage Satztische 222 aus Palisander, d\u00e4nisches Design aus den 60er Jahre f\u00fcr M\u00f8bel Intarsia. Designklassiker. Kissthedesign, Lausanne, Schweiz. Designladen f\u00fcr vintage M\u00f6bel\" \/>\n<meta property=\"og:url\" content=\"https:\/\/www.kissthedesign.ch\/de\/produkt\/satztische-222-mobel-intarsia\/\" \/>\n<meta property=\"og:site_name\" content=\"kissthedesign\" \/>\n<meta property=\"article:modified_time\" content=\"2019-01-14T20:24:33+00:00\" \/>\n<meta property=\"og:image\" content=\"https:\/\/www.kissthedesign.ch\/wp\/wp-content\/uploads\/2017\/02\/table-gigogne-222-mobel-intarsia.jpg\" \/>\n\t<meta property=\"og:image:width\" content=\"900\" \/>\n\t<meta property=\"og:image:height\" content=\"601\" \/>\n\t<meta property=\"og:image:type\" content=\"image\/jpeg\" \/>\n<meta name=\"twitter:label1\" content=\"Gesch\u00e4tzte Lesezeit\" \/>\n\t<meta name=\"twitter:data1\" content=\"1\u00a0Minute\" \/>\n<script type=\"application\/ld+json\" class=\"yoast-schema-graph\">{\"@context\":\"https:\/\/schema.org\",\"@graph\":[{\"@type\":\"WebPage\",\"@id\":\"https:\/\/www.kissthedesign.ch\/de\/produkt\/satztische-222-mobel-intarsia\/\",\"url\":\"https:\/\/www.kissthedesign.ch\/de\/produkt\/satztische-222-mobel-intarsia\/\",\"name\":\"60er Jahre Satztische 222 aus Palisander | M\u00f8bel Intarsia | Vintage Designerm\u00f6bel, Schweiz\",\"isPartOf\":{\"@id\":\"https:\/\/www.kissthedesign.ch\/en\/#website\"},\"primaryImageOfPage\":{\"@id\":\"https:\/\/www.kissthedesign.ch\/de\/produkt\/satztische-222-mobel-intarsia\/#primaryimage\"},\"image\":{\"@id\":\"https:\/\/www.kissthedesign.ch\/de\/produkt\/satztische-222-mobel-intarsia\/#primaryimage\"},\"thumbnailUrl\":\"https:\/\/www.kissthedesign.ch\/wp\/wp-content\/uploads\/2017\/02\/table-gigogne-222-mobel-intarsia.jpg\",\"datePublished\":\"2017-02-12T08:48:57+00:00\",\"dateModified\":\"2019-01-14T20:24:33+00:00\",\"description\":\"Vintage Satztische 222 aus Palisander, d\u00e4nisches Design aus den 60er Jahre f\u00fcr M\u00f8bel Intarsia. Designklassiker. Kissthedesign, Lausanne, Schweiz. Designladen f\u00fcr vintage M\u00f6bel\",\"breadcrumb\":{\"@id\":\"https:\/\/www.kissthedesign.ch\/de\/produkt\/satztische-222-mobel-intarsia\/#breadcrumb\"},\"inLanguage\":\"de\",\"potentialAction\":[{\"@type\":\"ReadAction\",\"target\":[\"https:\/\/www.kissthedesign.ch\/de\/produkt\/satztische-222-mobel-intarsia\/\"]}]},{\"@type\":\"ImageObject\",\"inLanguage\":\"de\",\"@id\":\"https:\/\/www.kissthedesign.ch\/de\/produkt\/satztische-222-mobel-intarsia\/#primaryimage\",\"url\":\"https:\/\/www.kissthedesign.ch\/wp\/wp-content\/uploads\/2017\/02\/table-gigogne-222-mobel-intarsia.jpg\",\"contentUrl\":\"https:\/\/www.kissthedesign.ch\/wp\/wp-content\/uploads\/2017\/02\/table-gigogne-222-mobel-intarsia.jpg\",\"width\":900,\"height\":601,\"caption\":\"Satztische Nr. 222, M\u00f8bel Intarsia, ca. 1960\"},{\"@type\":\"BreadcrumbList\",\"@id\":\"https:\/\/www.kissthedesign.ch\/de\/produkt\/satztische-222-mobel-intarsia\/#breadcrumb\",\"itemListElement\":[{\"@type\":\"ListItem\",\"position\":1,\"name\":\"Accueil\",\"item\":\"https:\/\/www.kissthedesign.ch\/de\/\"},{\"@type\":\"ListItem\",\"position\":2,\"name\":\"Laden\",\"item\":\"https:\/\/www.kissthedesign.ch\/de\/laden\/\"},{\"@type\":\"ListItem\",\"position\":3,\"name\":\"Satztische Nr. 222 | M\u00f8bel Intarsia\"}]},{\"@type\":\"WebSite\",\"@id\":\"https:\/\/www.kissthedesign.ch\/en\/#website\",\"url\":\"https:\/\/www.kissthedesign.ch\/en\/\",\"name\":\"kissthedesign\",\"description\":\"Kissthedesign, Lausanne, Suisse. Mobilier du XXe, design vintage\",\"publisher\":{\"@id\":\"https:\/\/www.kissthedesign.ch\/en\/#organization\"},\"potentialAction\":[{\"@type\":\"SearchAction\",\"target\":{\"@type\":\"EntryPoint\",\"urlTemplate\":\"https:\/\/www.kissthedesign.ch\/en\/?s={search_term_string}\"},\"query-input\":{\"@type\":\"PropertyValueSpecification\",\"valueRequired\":true,\"valueName\":\"search_term_string\"}}],\"inLanguage\":\"de\"},{\"@type\":\"Organization\",\"@id\":\"https:\/\/www.kissthedesign.ch\/en\/#organization\",\"name\":\"Kissthedesign\",\"url\":\"https:\/\/www.kissthedesign.ch\/en\/\",\"logo\":{\"@type\":\"ImageObject\",\"inLanguage\":\"de\",\"@id\":\"https:\/\/www.kissthedesign.ch\/en\/#\/schema\/logo\/image\/\",\"url\":\"https:\/\/www.kissthedesign.ch\/wp\/wp-content\/uploads\/2016\/08\/ktd-logo-web.jpg\",\"contentUrl\":\"https:\/\/www.kissthedesign.ch\/wp\/wp-content\/uploads\/2016\/08\/ktd-logo-web.jpg\",\"width\":450,\"height\":167,\"caption\":\"Kissthedesign\"},\"image\":{\"@id\":\"https:\/\/www.kissthedesign.ch\/en\/#\/schema\/logo\/image\/\"}}]}<\/script>\n<!-- \/ Yoast SEO plugin. -->","yoast_head_json":{"title":"60er Jahre Satztische 222 aus Palisander | M\u00f8bel Intarsia | Vintage Designerm\u00f6bel, Schweiz","description":"Vintage Satztische 222 aus Palisander, d\u00e4nisches Design aus den 60er Jahre f\u00fcr M\u00f8bel Intarsia. Designklassiker. Kissthedesign, Lausanne, Schweiz. Designladen f\u00fcr vintage M\u00f6bel","robots":{"index":"index","follow":"follow","max-snippet":"max-snippet:-1","max-image-preview":"max-image-preview:large","max-video-preview":"max-video-preview:-1"},"canonical":"https:\/\/www.kissthedesign.ch\/de\/produkt\/satztische-222-mobel-intarsia\/","og_locale":"de_DE","og_type":"article","og_title":"60er Jahre Satztische 222 aus Palisander | M\u00f8bel Intarsia | Vintage Designerm\u00f6bel, Schweiz","og_description":"Vintage Satztische 222 aus Palisander, d\u00e4nisches Design aus den 60er Jahre f\u00fcr M\u00f8bel Intarsia. Designklassiker. Kissthedesign, Lausanne, Schweiz. Designladen f\u00fcr vintage M\u00f6bel","og_url":"https:\/\/www.kissthedesign.ch\/de\/produkt\/satztische-222-mobel-intarsia\/","og_site_name":"kissthedesign","article_modified_time":"2019-01-14T20:24:33+00:00","og_image":[{"width":900,"height":601,"url":"https:\/\/www.kissthedesign.ch\/wp\/wp-content\/uploads\/2017\/02\/table-gigogne-222-mobel-intarsia.jpg","type":"image\/jpeg"}],"twitter_misc":{"Gesch\u00e4tzte Lesezeit":"1\u00a0Minute"},"schema":{"@context":"https:\/\/schema.org","@graph":[{"@type":"WebPage","@id":"https:\/\/www.kissthedesign.ch\/de\/produkt\/satztische-222-mobel-intarsia\/","url":"https:\/\/www.kissthedesign.ch\/de\/produkt\/satztische-222-mobel-intarsia\/","name":"60er Jahre Satztische 222 aus Palisander | M\u00f8bel Intarsia | Vintage Designerm\u00f6bel, Schweiz","isPartOf":{"@id":"https:\/\/www.kissthedesign.ch\/en\/#website"},"primaryImageOfPage":{"@id":"https:\/\/www.kissthedesign.ch\/de\/produkt\/satztische-222-mobel-intarsia\/#primaryimage"},"image":{"@id":"https:\/\/www.kissthedesign.ch\/de\/produkt\/satztische-222-mobel-intarsia\/#primaryimage"},"thumbnailUrl":"https:\/\/www.kissthedesign.ch\/wp\/wp-content\/uploads\/2017\/02\/table-gigogne-222-mobel-intarsia.jpg","datePublished":"2017-02-12T08:48:57+00:00","dateModified":"2019-01-14T20:24:33+00:00","description":"Vintage Satztische 222 aus Palisander, d\u00e4nisches Design aus den 60er Jahre f\u00fcr M\u00f8bel Intarsia. Designklassiker. Kissthedesign, Lausanne, Schweiz. Designladen f\u00fcr vintage M\u00f6bel","breadcrumb":{"@id":"https:\/\/www.kissthedesign.ch\/de\/produkt\/satztische-222-mobel-intarsia\/#breadcrumb"},"inLanguage":"de","potentialAction":[{"@type":"ReadAction","target":["https:\/\/www.kissthedesign.ch\/de\/produkt\/satztische-222-mobel-intarsia\/"]}]},{"@type":"ImageObject","inLanguage":"de","@id":"https:\/\/www.kissthedesign.ch\/de\/produkt\/satztische-222-mobel-intarsia\/#primaryimage","url":"https:\/\/www.kissthedesign.ch\/wp\/wp-content\/uploads\/2017\/02\/table-gigogne-222-mobel-intarsia.jpg","contentUrl":"https:\/\/www.kissthedesign.ch\/wp\/wp-content\/uploads\/2017\/02\/table-gigogne-222-mobel-intarsia.jpg","width":900,"height":601,"caption":"Satztische Nr. 222, M\u00f8bel Intarsia, ca. 1960"},{"@type":"BreadcrumbList","@id":"https:\/\/www.kissthedesign.ch\/de\/produkt\/satztische-222-mobel-intarsia\/#breadcrumb","itemListElement":[{"@type":"ListItem","position":1,"name":"Accueil","item":"https:\/\/www.kissthedesign.ch\/de\/"},{"@type":"ListItem","position":2,"name":"Laden","item":"https:\/\/www.kissthedesign.ch\/de\/laden\/"},{"@type":"ListItem","position":3,"name":"Satztische Nr. 222 | M\u00f8bel Intarsia"}]},{"@type":"WebSite","@id":"https:\/\/www.kissthedesign.ch\/en\/#website","url":"https:\/\/www.kissthedesign.ch\/en\/","name":"kissthedesign","description":"Kissthedesign, Lausanne, Suisse. Mobilier du XXe, design vintage","publisher":{"@id":"https:\/\/www.kissthedesign.ch\/en\/#organization"},"potentialAction":[{"@type":"SearchAction","target":{"@type":"EntryPoint","urlTemplate":"https:\/\/www.kissthedesign.ch\/en\/?s={search_term_string}"},"query-input":{"@type":"PropertyValueSpecification","valueRequired":true,"valueName":"search_term_string"}}],"inLanguage":"de"},{"@type":"Organization","@id":"https:\/\/www.kissthedesign.ch\/en\/#organization","name":"Kissthedesign","url":"https:\/\/www.kissthedesign.ch\/en\/","logo":{"@type":"ImageObject","inLanguage":"de","@id":"https:\/\/www.kissthedesign.ch\/en\/#\/schema\/logo\/image\/","url":"https:\/\/www.kissthedesign.ch\/wp\/wp-content\/uploads\/2016\/08\/ktd-logo-web.jpg","contentUrl":"https:\/\/www.kissthedesign.ch\/wp\/wp-content\/uploads\/2016\/08\/ktd-logo-web.jpg","width":450,"height":167,"caption":"Kissthedesign"},"image":{"@id":"https:\/\/www.kissthedesign.ch\/en\/#\/schema\/logo\/image\/"}}]}},"_links":{"self":[{"href":"https:\/\/www.kissthedesign.ch\/de\/wp-json\/wp\/v2\/product\/15892","targetHints":{"allow":["GET"]}}],"collection":[{"href":"https:\/\/www.kissthedesign.ch\/de\/wp-json\/wp\/v2\/product"}],"about":[{"href":"https:\/\/www.kissthedesign.ch\/de\/wp-json\/wp\/v2\/types\/product"}],"replies":[{"embeddable":true,"href":"https:\/\/www.kissthedesign.ch\/de\/wp-json\/wp\/v2\/comments?post=15892"}],"wp:featuredmedia":[{"embeddable":true,"href":"https:\/\/www.kissthedesign.ch\/de\/wp-json\/wp\/v2\/media\/15911"}],"wp:attachment":[{"href":"https:\/\/www.kissthedesign.ch\/de\/wp-json\/wp\/v2\/media?parent=15892"}],"wp:term":[{"taxonomy":"product_brand","embeddable":true,"href":"https:\/\/www.kissthedesign.ch\/de\/wp-json\/wp\/v2\/product_brand?post=15892"},{"taxonomy":"product_cat","embeddable":true,"href":"https:\/\/www.kissthedesign.ch\/de\/wp-json\/wp\/v2\/product_cat?post=15892"},{"taxonomy":"product_tag","embeddable":true,"href":"https:\/\/www.kissthedesign.ch\/de\/wp-json\/wp\/v2\/product_tag?post=15892"}],"curies":[{"name":"wp","href":"https:\/\/api.w.org\/{rel}","templated":true}]}}