{"id":15913,"date":"2017-02-12T10:26:53","date_gmt":"2017-02-12T09:26:54","guid":{"rendered":"https:\/\/www.kissthedesign.ch\/de\/produkt\/sesselpaar-ge-375-hans-j-wegner-getama-copie\/"},"modified":"2018-10-23T12:35:17","modified_gmt":"2018-10-23T11:35:17","slug":"latonda-stuhl-mario-botta-alias","status":"publish","type":"product","link":"https:\/\/www.kissthedesign.ch\/de\/produkt\/latonda-stuhl-mario-botta-alias\/","title":{"rendered":"Latonda St\u00fchle | Mario Botta | Alias"},"content":{"rendered":"<div class=\"wpb-content-wrapper\"><p>[vc_row][vc_column][vc_column_text]<\/p>\n<h2>Latonda St\u00fchle von Mario Botta f\u00fcr Alias, 1986.<\/h2>\n<p>Der schweizer Architekt Mario Botta ist 1943 in Mendrisio geboren. In Venedig studiert er Architektur bei Le Corbusier und Luis Kahn. Mario Botta ist auch als Designer bekannt geworden, er hat M\u00f6bel, Lampen und Accessoires in den 80er Jahren entworfen, u.A f\u00fcr italienischen Marken wie Alias oder Artemide.<\/p>\n<p>Er entwirft einige M\u00f6belst\u00fccke f\u00fcr Alias wie die 5 St\u00fchle Prima, Seconda, Quinta, 91 und Latonda. Heute von den St\u00fchlen nur Prima und Seconda werden weiterhergestellt.<\/p>\n<p>Der Latonda Stuhl, dass Botta in 1986 entworfen hat, war in zwei Versionen erh\u00e4ltlich: Die Standardversion mit der Sitzfl\u00e4che aus gelochten Stahl und die hochwertigere Version mit Ledersitz.<\/p>\n<p>Stuhl mit Rahmen aus schwarz lackiertem Stahlrohr, seltene Ausf\u00fchrung mit Ledersitz. Das Modell wird nicht mehr hergestellt.\u00a0In sehr guten Zustand.[\/vc_column_text][\/vc_column][\/vc_row][vc_row css=&#8221;.vc_custom_1498979525512{padding-top: 30px !important;}&#8221;][vc_column width=&#8221;1\/2&#8243;]\n<div class=\"wpcf7 no-js\" id=\"wpcf7-f12225-o1\" lang=\"fr-FR\" dir=\"ltr\" data-wpcf7-id=\"12225\">\n<div class=\"screen-reader-response\"><p role=\"status\" aria-live=\"polite\" aria-atomic=\"true\"><\/p> <ul><\/ul><\/div>\n<form action=\"\/de\/wp-json\/wp\/v2\/product\/15913#wpcf7-f12225-o1\" method=\"post\" class=\"wpcf7-form init\" aria-label=\"Formulaire de contact\" novalidate=\"novalidate\" data-status=\"init\">\n<fieldset class=\"hidden-fields-container\"><input type=\"hidden\" name=\"_wpcf7\" value=\"12225\" \/><input type=\"hidden\" name=\"_wpcf7_version\" value=\"6.1.5\" \/><input type=\"hidden\" name=\"_wpcf7_locale\" value=\"fr_FR\" \/><input type=\"hidden\" name=\"_wpcf7_unit_tag\" value=\"wpcf7-f12225-o1\" \/><input type=\"hidden\" name=\"_wpcf7_container_post\" value=\"0\" \/><input type=\"hidden\" name=\"_wpcf7_posted_data_hash\" value=\"\" \/><input type=\"hidden\" name=\"_wpcf7_recaptcha_response\" value=\"\" \/>\n<\/fieldset>\n\n<!-- CF7 Modules -->\n<div style='display:none;'><input type=\"hidden\" class=\"wpcf7-form-control wpcf7-hidden\" name=\"hidden-931\" placeholder=\"\" value=\"Latonda St\u00fchle | Mario Botta | Alias\" \/>\n<\/div>\n<!-- End CF7 Modules -->\n\n<p><b>Kontaktieren Sie uns \u00fcber diesen Artikel<\/b>\n<\/p>\n<p>Ihre Name (Pflichtfeld)\n<\/p>\n<p><span class=\"wpcf7-form-control-wrap\" data-name=\"your-name\"><input size=\"40\" maxlength=\"400\" class=\"wpcf7-form-control wpcf7-text wpcf7-validates-as-required\" aria-required=\"true\" aria-invalid=\"false\" value=\"\" type=\"text\" name=\"your-name\" \/><\/span>\n<\/p>\n<p>Ihre Email (Pflichtfeld)\n<\/p>\n<p><span class=\"wpcf7-form-control-wrap\" data-name=\"your-email\"><input size=\"40\" maxlength=\"400\" class=\"wpcf7-form-control wpcf7-email wpcf7-validates-as-required wpcf7-text wpcf7-validates-as-email\" aria-required=\"true\" aria-invalid=\"false\" value=\"\" type=\"email\" name=\"your-email\" \/><\/span>\n<\/p>\n<p>Ihre Nachricht\n<\/p>\n<p><span class=\"wpcf7-form-control-wrap\" data-name=\"your-message\"><textarea cols=\"40\" rows=\"10\" maxlength=\"2000\" class=\"wpcf7-form-control wpcf7-textarea\" aria-invalid=\"false\" name=\"your-message\"><\/textarea><\/span>\n<\/p>\n<p>Die von Ihnen eingegebenen und mit diesem Formular gesendeten Daten werden gespeichert, aber werden nie verkauft oder an Dritte weitergegeben.\n<\/p>\n<p><span class=\"wpcf7-form-control-wrap\" data-name=\"checkbox-296\"><span class=\"wpcf7-form-control wpcf7-checkbox wpcf7-validates-as-required\"><span class=\"wpcf7-list-item first last\"><input type=\"checkbox\" name=\"checkbox-296[]\" value=\"Ich akzeptiere\" \/><span class=\"wpcf7-list-item-label\">Ich akzeptiere<\/span><\/span><\/span><\/span>\n<\/p>\n<p><input class=\"wpcf7-form-control wpcf7-submit has-spinner\" type=\"submit\" value=\"Senden\" \/>\n<\/p><div class=\"wpcf7-response-output\" aria-hidden=\"true\"><\/div>\n<\/form>\n<\/div>\n[\/vc_column][vc_column width=&#8221;1\/2&#8243;][\/vc_column][\/vc_row]<\/p>\n<\/div>","protected":false},"excerpt":{"rendered":"<p>Stuhl mit Rahmen aus schwarz lackiertem Stahlrohr, seltene Ausf\u00fchrung mit Ledersitz. Mit Aufkleber des Herstellers. Das Modell wird nicht mehr hergestellt.<br \/>\nIn sehr guten Zustand mit leichten Gebrauchsspuren.<br \/>\n6 St\u00fchle erh\u00e4ltlich. Preis pro St\u00fcck.<\/p>\n","protected":false},"featured_media":21648,"comment_status":"closed","ping_status":"closed","template":"","meta":{"_monsterinsights_skip_tracking":false,"_monsterinsights_sitenote_active":false,"_monsterinsights_sitenote_note":"","_monsterinsights_sitenote_category":0},"product_brand":[],"product_cat":[255],"product_tag":[592,532],"class_list":{"0":"post-15913","1":"product","2":"type-product","3":"status-publish","4":"has-post-thumbnail","6":"product_cat-archiv-de","7":"product_tag-80er","8":"product_tag-schweizer-design","9":"product_shipping_class-post-sperrgut","11":"first","12":"outofstock","13":"taxable","14":"shipping-taxable","15":"product-type-simple"},"yoast_head":"<!-- This site is optimized with the Yoast SEO plugin v25.3.1 - https:\/\/yoast.com\/wordpress\/plugins\/seo\/ -->\n<title>Latonda St\u00fchle | Mario Botta | Alias | Designerm\u00f6bel | Schweiz<\/title>\n<meta name=\"description\" content=\"Latonda Stuhl von Mario Botta f\u00fcr Alias. Schweizer Design aus den 80er Jahren. Designklassiker. Kissthedesign, Schweiz. Laden f\u00fcr vintage Designerm\u00f6bel\" \/>\n<meta name=\"robots\" content=\"index, follow, max-snippet:-1, max-image-preview:large, max-video-preview:-1\" \/>\n<link rel=\"canonical\" href=\"https:\/\/www.kissthedesign.ch\/de\/produkt\/latonda-stuhl-mario-botta-alias\/\" \/>\n<meta property=\"og:locale\" content=\"de_DE\" \/>\n<meta property=\"og:type\" content=\"article\" \/>\n<meta property=\"og:title\" content=\"Latonda St\u00fchle | Mario Botta | Alias | Designerm\u00f6bel | Schweiz\" \/>\n<meta property=\"og:description\" content=\"Latonda Stuhl von Mario Botta f\u00fcr Alias. Schweizer Design aus den 80er Jahren. Designklassiker. Kissthedesign, Schweiz. Laden f\u00fcr vintage Designerm\u00f6bel\" \/>\n<meta property=\"og:url\" content=\"https:\/\/www.kissthedesign.ch\/de\/produkt\/latonda-stuhl-mario-botta-alias\/\" \/>\n<meta property=\"og:site_name\" content=\"kissthedesign\" \/>\n<meta property=\"article:modified_time\" content=\"2018-10-23T11:35:17+00:00\" \/>\n<meta property=\"og:image\" content=\"https:\/\/www.kissthedesign.ch\/wp\/wp-content\/uploads\/2017\/02\/mario-botta-6-latonda-chairs-alias.jpg\" \/>\n\t<meta property=\"og:image:width\" content=\"900\" \/>\n\t<meta property=\"og:image:height\" content=\"601\" \/>\n\t<meta property=\"og:image:type\" content=\"image\/jpeg\" \/>\n<meta name=\"twitter:label1\" content=\"Gesch\u00e4tzte Lesezeit\" \/>\n\t<meta name=\"twitter:data1\" content=\"1\u00a0Minute\" \/>\n<script type=\"application\/ld+json\" class=\"yoast-schema-graph\">{\"@context\":\"https:\/\/schema.org\",\"@graph\":[{\"@type\":\"WebPage\",\"@id\":\"https:\/\/www.kissthedesign.ch\/de\/produkt\/latonda-stuhl-mario-botta-alias\/\",\"url\":\"https:\/\/www.kissthedesign.ch\/de\/produkt\/latonda-stuhl-mario-botta-alias\/\",\"name\":\"Latonda St\u00fchle | Mario Botta | Alias | Designerm\u00f6bel | Schweiz\",\"isPartOf\":{\"@id\":\"https:\/\/www.kissthedesign.ch\/en\/#website\"},\"primaryImageOfPage\":{\"@id\":\"https:\/\/www.kissthedesign.ch\/de\/produkt\/latonda-stuhl-mario-botta-alias\/#primaryimage\"},\"image\":{\"@id\":\"https:\/\/www.kissthedesign.ch\/de\/produkt\/latonda-stuhl-mario-botta-alias\/#primaryimage\"},\"thumbnailUrl\":\"https:\/\/www.kissthedesign.ch\/wp\/wp-content\/uploads\/2017\/02\/mario-botta-6-latonda-chairs-alias.jpg\",\"datePublished\":\"2017-02-12T09:26:54+00:00\",\"dateModified\":\"2018-10-23T11:35:17+00:00\",\"description\":\"Latonda Stuhl von Mario Botta f\u00fcr Alias. Schweizer Design aus den 80er Jahren. Designklassiker. Kissthedesign, Schweiz. Laden f\u00fcr vintage Designerm\u00f6bel\",\"breadcrumb\":{\"@id\":\"https:\/\/www.kissthedesign.ch\/de\/produkt\/latonda-stuhl-mario-botta-alias\/#breadcrumb\"},\"inLanguage\":\"de\",\"potentialAction\":[{\"@type\":\"ReadAction\",\"target\":[\"https:\/\/www.kissthedesign.ch\/de\/produkt\/latonda-stuhl-mario-botta-alias\/\"]}]},{\"@type\":\"ImageObject\",\"inLanguage\":\"de\",\"@id\":\"https:\/\/www.kissthedesign.ch\/de\/produkt\/latonda-stuhl-mario-botta-alias\/#primaryimage\",\"url\":\"https:\/\/www.kissthedesign.ch\/wp\/wp-content\/uploads\/2017\/02\/mario-botta-6-latonda-chairs-alias.jpg\",\"contentUrl\":\"https:\/\/www.kissthedesign.ch\/wp\/wp-content\/uploads\/2017\/02\/mario-botta-6-latonda-chairs-alias.jpg\",\"width\":900,\"height\":601,\"caption\":\"St\u00fchle Latonda, Mario Botta, Alias\"},{\"@type\":\"BreadcrumbList\",\"@id\":\"https:\/\/www.kissthedesign.ch\/de\/produkt\/latonda-stuhl-mario-botta-alias\/#breadcrumb\",\"itemListElement\":[{\"@type\":\"ListItem\",\"position\":1,\"name\":\"Accueil\",\"item\":\"https:\/\/www.kissthedesign.ch\/de\/\"},{\"@type\":\"ListItem\",\"position\":2,\"name\":\"Laden\",\"item\":\"https:\/\/www.kissthedesign.ch\/de\/laden\/\"},{\"@type\":\"ListItem\",\"position\":3,\"name\":\"Latonda St\u00fchle | Mario Botta | Alias\"}]},{\"@type\":\"WebSite\",\"@id\":\"https:\/\/www.kissthedesign.ch\/en\/#website\",\"url\":\"https:\/\/www.kissthedesign.ch\/en\/\",\"name\":\"kissthedesign\",\"description\":\"Kissthedesign, Lausanne, Suisse. Mobilier du XXe, design vintage\",\"publisher\":{\"@id\":\"https:\/\/www.kissthedesign.ch\/en\/#organization\"},\"potentialAction\":[{\"@type\":\"SearchAction\",\"target\":{\"@type\":\"EntryPoint\",\"urlTemplate\":\"https:\/\/www.kissthedesign.ch\/en\/?s={search_term_string}\"},\"query-input\":{\"@type\":\"PropertyValueSpecification\",\"valueRequired\":true,\"valueName\":\"search_term_string\"}}],\"inLanguage\":\"de\"},{\"@type\":\"Organization\",\"@id\":\"https:\/\/www.kissthedesign.ch\/en\/#organization\",\"name\":\"Kissthedesign\",\"url\":\"https:\/\/www.kissthedesign.ch\/en\/\",\"logo\":{\"@type\":\"ImageObject\",\"inLanguage\":\"de\",\"@id\":\"https:\/\/www.kissthedesign.ch\/en\/#\/schema\/logo\/image\/\",\"url\":\"https:\/\/www.kissthedesign.ch\/wp\/wp-content\/uploads\/2016\/08\/ktd-logo-web.jpg\",\"contentUrl\":\"https:\/\/www.kissthedesign.ch\/wp\/wp-content\/uploads\/2016\/08\/ktd-logo-web.jpg\",\"width\":450,\"height\":167,\"caption\":\"Kissthedesign\"},\"image\":{\"@id\":\"https:\/\/www.kissthedesign.ch\/en\/#\/schema\/logo\/image\/\"}}]}<\/script>\n<!-- \/ Yoast SEO plugin. -->","yoast_head_json":{"title":"Latonda St\u00fchle | Mario Botta | Alias | Designerm\u00f6bel | Schweiz","description":"Latonda Stuhl von Mario Botta f\u00fcr Alias. Schweizer Design aus den 80er Jahren. Designklassiker. Kissthedesign, Schweiz. Laden f\u00fcr vintage Designerm\u00f6bel","robots":{"index":"index","follow":"follow","max-snippet":"max-snippet:-1","max-image-preview":"max-image-preview:large","max-video-preview":"max-video-preview:-1"},"canonical":"https:\/\/www.kissthedesign.ch\/de\/produkt\/latonda-stuhl-mario-botta-alias\/","og_locale":"de_DE","og_type":"article","og_title":"Latonda St\u00fchle | Mario Botta | Alias | Designerm\u00f6bel | Schweiz","og_description":"Latonda Stuhl von Mario Botta f\u00fcr Alias. Schweizer Design aus den 80er Jahren. Designklassiker. Kissthedesign, Schweiz. Laden f\u00fcr vintage Designerm\u00f6bel","og_url":"https:\/\/www.kissthedesign.ch\/de\/produkt\/latonda-stuhl-mario-botta-alias\/","og_site_name":"kissthedesign","article_modified_time":"2018-10-23T11:35:17+00:00","og_image":[{"width":900,"height":601,"url":"https:\/\/www.kissthedesign.ch\/wp\/wp-content\/uploads\/2017\/02\/mario-botta-6-latonda-chairs-alias.jpg","type":"image\/jpeg"}],"twitter_misc":{"Gesch\u00e4tzte Lesezeit":"1\u00a0Minute"},"schema":{"@context":"https:\/\/schema.org","@graph":[{"@type":"WebPage","@id":"https:\/\/www.kissthedesign.ch\/de\/produkt\/latonda-stuhl-mario-botta-alias\/","url":"https:\/\/www.kissthedesign.ch\/de\/produkt\/latonda-stuhl-mario-botta-alias\/","name":"Latonda St\u00fchle | Mario Botta | Alias | Designerm\u00f6bel | Schweiz","isPartOf":{"@id":"https:\/\/www.kissthedesign.ch\/en\/#website"},"primaryImageOfPage":{"@id":"https:\/\/www.kissthedesign.ch\/de\/produkt\/latonda-stuhl-mario-botta-alias\/#primaryimage"},"image":{"@id":"https:\/\/www.kissthedesign.ch\/de\/produkt\/latonda-stuhl-mario-botta-alias\/#primaryimage"},"thumbnailUrl":"https:\/\/www.kissthedesign.ch\/wp\/wp-content\/uploads\/2017\/02\/mario-botta-6-latonda-chairs-alias.jpg","datePublished":"2017-02-12T09:26:54+00:00","dateModified":"2018-10-23T11:35:17+00:00","description":"Latonda Stuhl von Mario Botta f\u00fcr Alias. Schweizer Design aus den 80er Jahren. Designklassiker. Kissthedesign, Schweiz. Laden f\u00fcr vintage Designerm\u00f6bel","breadcrumb":{"@id":"https:\/\/www.kissthedesign.ch\/de\/produkt\/latonda-stuhl-mario-botta-alias\/#breadcrumb"},"inLanguage":"de","potentialAction":[{"@type":"ReadAction","target":["https:\/\/www.kissthedesign.ch\/de\/produkt\/latonda-stuhl-mario-botta-alias\/"]}]},{"@type":"ImageObject","inLanguage":"de","@id":"https:\/\/www.kissthedesign.ch\/de\/produkt\/latonda-stuhl-mario-botta-alias\/#primaryimage","url":"https:\/\/www.kissthedesign.ch\/wp\/wp-content\/uploads\/2017\/02\/mario-botta-6-latonda-chairs-alias.jpg","contentUrl":"https:\/\/www.kissthedesign.ch\/wp\/wp-content\/uploads\/2017\/02\/mario-botta-6-latonda-chairs-alias.jpg","width":900,"height":601,"caption":"St\u00fchle Latonda, Mario Botta, Alias"},{"@type":"BreadcrumbList","@id":"https:\/\/www.kissthedesign.ch\/de\/produkt\/latonda-stuhl-mario-botta-alias\/#breadcrumb","itemListElement":[{"@type":"ListItem","position":1,"name":"Accueil","item":"https:\/\/www.kissthedesign.ch\/de\/"},{"@type":"ListItem","position":2,"name":"Laden","item":"https:\/\/www.kissthedesign.ch\/de\/laden\/"},{"@type":"ListItem","position":3,"name":"Latonda St\u00fchle | Mario Botta | Alias"}]},{"@type":"WebSite","@id":"https:\/\/www.kissthedesign.ch\/en\/#website","url":"https:\/\/www.kissthedesign.ch\/en\/","name":"kissthedesign","description":"Kissthedesign, Lausanne, Suisse. Mobilier du XXe, design vintage","publisher":{"@id":"https:\/\/www.kissthedesign.ch\/en\/#organization"},"potentialAction":[{"@type":"SearchAction","target":{"@type":"EntryPoint","urlTemplate":"https:\/\/www.kissthedesign.ch\/en\/?s={search_term_string}"},"query-input":{"@type":"PropertyValueSpecification","valueRequired":true,"valueName":"search_term_string"}}],"inLanguage":"de"},{"@type":"Organization","@id":"https:\/\/www.kissthedesign.ch\/en\/#organization","name":"Kissthedesign","url":"https:\/\/www.kissthedesign.ch\/en\/","logo":{"@type":"ImageObject","inLanguage":"de","@id":"https:\/\/www.kissthedesign.ch\/en\/#\/schema\/logo\/image\/","url":"https:\/\/www.kissthedesign.ch\/wp\/wp-content\/uploads\/2016\/08\/ktd-logo-web.jpg","contentUrl":"https:\/\/www.kissthedesign.ch\/wp\/wp-content\/uploads\/2016\/08\/ktd-logo-web.jpg","width":450,"height":167,"caption":"Kissthedesign"},"image":{"@id":"https:\/\/www.kissthedesign.ch\/en\/#\/schema\/logo\/image\/"}}]}},"_links":{"self":[{"href":"https:\/\/www.kissthedesign.ch\/de\/wp-json\/wp\/v2\/product\/15913","targetHints":{"allow":["GET"]}}],"collection":[{"href":"https:\/\/www.kissthedesign.ch\/de\/wp-json\/wp\/v2\/product"}],"about":[{"href":"https:\/\/www.kissthedesign.ch\/de\/wp-json\/wp\/v2\/types\/product"}],"replies":[{"embeddable":true,"href":"https:\/\/www.kissthedesign.ch\/de\/wp-json\/wp\/v2\/comments?post=15913"}],"wp:featuredmedia":[{"embeddable":true,"href":"https:\/\/www.kissthedesign.ch\/de\/wp-json\/wp\/v2\/media\/21648"}],"wp:attachment":[{"href":"https:\/\/www.kissthedesign.ch\/de\/wp-json\/wp\/v2\/media?parent=15913"}],"wp:term":[{"taxonomy":"product_brand","embeddable":true,"href":"https:\/\/www.kissthedesign.ch\/de\/wp-json\/wp\/v2\/product_brand?post=15913"},{"taxonomy":"product_cat","embeddable":true,"href":"https:\/\/www.kissthedesign.ch\/de\/wp-json\/wp\/v2\/product_cat?post=15913"},{"taxonomy":"product_tag","embeddable":true,"href":"https:\/\/www.kissthedesign.ch\/de\/wp-json\/wp\/v2\/product_tag?post=15913"}],"curies":[{"name":"wp","href":"https:\/\/api.w.org\/{rel}","templated":true}]}}