{"id":15934,"date":"2017-02-12T11:03:51","date_gmt":"2017-02-12T10:03:52","guid":{"rendered":"https:\/\/www.kissthedesign.ch\/de\/produkt\/satztische-nr-222-mobel-intarsia-copie\/"},"modified":"2017-02-12T11:49:15","modified_gmt":"2017-02-12T10:49:15","slug":"sideboard-schweiz-1956","status":"publish","type":"product","link":"https:\/\/www.kissthedesign.ch\/de\/produkt\/sideboard-schweiz-1956\/","title":{"rendered":"Sideboard | schweizer Design | Unikat"},"content":{"rendered":"<div class=\"wpb-content-wrapper\"><p>[vc_row][vc_column][vc_column_text]<\/p>\n<h2>Vintage\u00a0Sideboard,\u00a0schweizer Design, Unikat (Ma\u00dfarbeit), 1956<\/h2>\n<p>Das gro\u00dfes Sideboard aus Eichenholz erinnert stark an Entw\u00fcrfe von wichtigen schweizer Designern wie Le Corbusier oder Kurt Thut. Das Sideboard, in 1956 entworfen, k\u00f6nnte das Hans Bellmann zugeschrieben werden. Der M\u00f6bel w\u00fcrde nach Ma\u00df f\u00fcr ein Architektenhaus im Kanton Luzern in der Schweiz hergestellt. Das Korpus stand mit M\u00f6belst\u00fccke von Finn Juhl, Isamu Noguchi, Bag Turgi und Eames zusammen.<\/p>\n<p>Praktisches Sideboard aus Eichen mit 2 wei\u00df lackierten Schiebet\u00fcre, mit reichlich Stauraum. Es ist ein seltenes Unikat ma\u00dfangefertigt von schweizer Design aus den 50er Jahren. Ein Sammlerst\u00fcck f\u00fcr vintage Design Enthusiasten.<\/p>\n<p>In sehr guten vintage Zustand mit Patina auf dem Holz.\u00a0Ma\u00dfe 237 x 51 cm, H 75 cm[\/vc_column_text][\/vc_column][\/vc_row][vc_row css=&#8221;.vc_custom_1486823226754{padding-top: 30px !important;}&#8221;][vc_column width=&#8221;1\/2&#8243;]\n<div class=\"wpcf7 no-js\" id=\"wpcf7-f12225-o1\" lang=\"fr-FR\" dir=\"ltr\" data-wpcf7-id=\"12225\">\n<div class=\"screen-reader-response\"><p role=\"status\" aria-live=\"polite\" aria-atomic=\"true\"><\/p> <ul><\/ul><\/div>\n<form action=\"\/de\/wp-json\/wp\/v2\/product\/15934#wpcf7-f12225-o1\" method=\"post\" class=\"wpcf7-form init\" aria-label=\"Formulaire de contact\" novalidate=\"novalidate\" data-status=\"init\">\n<fieldset class=\"hidden-fields-container\"><input type=\"hidden\" name=\"_wpcf7\" value=\"12225\" \/><input type=\"hidden\" name=\"_wpcf7_version\" value=\"6.1.5\" \/><input type=\"hidden\" name=\"_wpcf7_locale\" value=\"fr_FR\" \/><input type=\"hidden\" name=\"_wpcf7_unit_tag\" value=\"wpcf7-f12225-o1\" \/><input type=\"hidden\" name=\"_wpcf7_container_post\" value=\"0\" \/><input type=\"hidden\" name=\"_wpcf7_posted_data_hash\" value=\"\" \/><input type=\"hidden\" name=\"_wpcf7_recaptcha_response\" value=\"\" \/>\n<\/fieldset>\n\n<!-- CF7 Modules -->\n<div style='display:none;'><input type=\"hidden\" class=\"wpcf7-form-control wpcf7-hidden\" name=\"hidden-931\" placeholder=\"\" value=\"Sideboard | schweizer Design | Unikat\" \/>\n<\/div>\n<!-- End CF7 Modules -->\n\n<p><b>Kontaktieren Sie uns \u00fcber diesen Artikel<\/b>\n<\/p>\n<p>Ihre Name (Pflichtfeld)\n<\/p>\n<p><span class=\"wpcf7-form-control-wrap\" data-name=\"your-name\"><input size=\"40\" maxlength=\"400\" class=\"wpcf7-form-control wpcf7-text wpcf7-validates-as-required\" aria-required=\"true\" aria-invalid=\"false\" value=\"\" type=\"text\" name=\"your-name\" \/><\/span>\n<\/p>\n<p>Ihre Email (Pflichtfeld)\n<\/p>\n<p><span class=\"wpcf7-form-control-wrap\" data-name=\"your-email\"><input size=\"40\" maxlength=\"400\" class=\"wpcf7-form-control wpcf7-email wpcf7-validates-as-required wpcf7-text wpcf7-validates-as-email\" aria-required=\"true\" aria-invalid=\"false\" value=\"\" type=\"email\" name=\"your-email\" \/><\/span>\n<\/p>\n<p>Ihre Nachricht\n<\/p>\n<p><span class=\"wpcf7-form-control-wrap\" data-name=\"your-message\"><textarea cols=\"40\" rows=\"10\" maxlength=\"2000\" class=\"wpcf7-form-control wpcf7-textarea\" aria-invalid=\"false\" name=\"your-message\"><\/textarea><\/span>\n<\/p>\n<p>Die von Ihnen eingegebenen und mit diesem Formular gesendeten Daten werden gespeichert, aber werden nie verkauft oder an Dritte weitergegeben.\n<\/p>\n<p><span class=\"wpcf7-form-control-wrap\" data-name=\"checkbox-296\"><span class=\"wpcf7-form-control wpcf7-checkbox wpcf7-validates-as-required\"><span class=\"wpcf7-list-item first last\"><input type=\"checkbox\" name=\"checkbox-296[]\" value=\"Ich akzeptiere\" \/><span class=\"wpcf7-list-item-label\">Ich akzeptiere<\/span><\/span><\/span><\/span>\n<\/p>\n<p><input class=\"wpcf7-form-control wpcf7-submit has-spinner\" type=\"submit\" value=\"Senden\" \/>\n<\/p><div class=\"wpcf7-response-output\" aria-hidden=\"true\"><\/div>\n<\/form>\n<\/div>\n[\/vc_column][vc_column width=&#8221;1\/2&#8243;][\/vc_column][\/vc_row]<\/p>\n<\/div>","protected":false},"excerpt":{"rendered":"<p>Gro\u00dfes Sideboard aus Eichen mit 2 wei\u00df lackierten Schiebet\u00fcre. Unikat ma\u00dfangefertigt, schweizer Herstellung aus den 50er Jahren.<br \/>\nIn sehr guten vintage Zustand mit Patina auf dem Holz.<br \/>\nMa\u00dfe 237 x 51 cm, H 75 cm<\/p>\n","protected":false},"featured_media":15965,"comment_status":"closed","ping_status":"closed","template":"","meta":{"_monsterinsights_skip_tracking":false,"_monsterinsights_sitenote_active":false,"_monsterinsights_sitenote_note":"","_monsterinsights_sitenote_category":0},"product_brand":[],"product_cat":[255],"product_tag":[],"class_list":{"0":"post-15934","1":"product","2":"type-product","3":"status-publish","4":"has-post-thumbnail","6":"product_cat-archiv-de","7":"product_shipping_class-spediteur-lieferung","9":"first","10":"outofstock","11":"taxable","12":"shipping-taxable","13":"product-type-simple"},"yoast_head":"<!-- This site is optimized with the Yoast SEO plugin v25.3.1 - https:\/\/yoast.com\/wordpress\/plugins\/seo\/ -->\n<title>Vintage Sideboard schweizer Design | Designerm\u00f6bel, Schweiz<\/title>\n<meta name=\"description\" content=\"Sideboard schweizer Design aus den 50er Jahre, Seltenes Unikat in der Art von Hans Bellmann. Designklassiker. Kissthedesign, Lausanne, Schweiz. Designladen f\u00fcr vintage M\u00f6bel\" \/>\n<meta name=\"robots\" content=\"index, follow, max-snippet:-1, max-image-preview:large, max-video-preview:-1\" \/>\n<link rel=\"canonical\" href=\"https:\/\/www.kissthedesign.ch\/de\/produkt\/sideboard-schweiz-1956\/\" \/>\n<meta property=\"og:locale\" content=\"de_DE\" \/>\n<meta property=\"og:type\" content=\"article\" \/>\n<meta property=\"og:title\" content=\"Vintage Sideboard schweizer Design | Designerm\u00f6bel, Schweiz\" \/>\n<meta property=\"og:description\" content=\"Sideboard schweizer Design aus den 50er Jahre, Seltenes Unikat in der Art von Hans Bellmann. Designklassiker. Kissthedesign, Lausanne, Schweiz. Designladen f\u00fcr vintage M\u00f6bel\" \/>\n<meta property=\"og:url\" content=\"https:\/\/www.kissthedesign.ch\/de\/produkt\/sideboard-schweiz-1956\/\" \/>\n<meta property=\"og:site_name\" content=\"kissthedesign\" \/>\n<meta property=\"article:modified_time\" content=\"2017-02-12T10:49:15+00:00\" \/>\n<meta property=\"og:image\" content=\"https:\/\/www.kissthedesign.ch\/wp\/wp-content\/uploads\/2017\/02\/vintage-sideboard-design-suisse-1956.jpg\" \/>\n\t<meta property=\"og:image:width\" content=\"900\" \/>\n\t<meta property=\"og:image:height\" content=\"601\" \/>\n\t<meta property=\"og:image:type\" content=\"image\/jpeg\" \/>\n<meta name=\"twitter:label1\" content=\"Gesch\u00e4tzte Lesezeit\" \/>\n\t<meta name=\"twitter:data1\" content=\"1\u00a0Minute\" \/>\n<script type=\"application\/ld+json\" class=\"yoast-schema-graph\">{\"@context\":\"https:\/\/schema.org\",\"@graph\":[{\"@type\":\"WebPage\",\"@id\":\"https:\/\/www.kissthedesign.ch\/de\/produkt\/sideboard-schweiz-1956\/\",\"url\":\"https:\/\/www.kissthedesign.ch\/de\/produkt\/sideboard-schweiz-1956\/\",\"name\":\"Vintage Sideboard schweizer Design | Designerm\u00f6bel, Schweiz\",\"isPartOf\":{\"@id\":\"https:\/\/www.kissthedesign.ch\/en\/#website\"},\"primaryImageOfPage\":{\"@id\":\"https:\/\/www.kissthedesign.ch\/de\/produkt\/sideboard-schweiz-1956\/#primaryimage\"},\"image\":{\"@id\":\"https:\/\/www.kissthedesign.ch\/de\/produkt\/sideboard-schweiz-1956\/#primaryimage\"},\"thumbnailUrl\":\"https:\/\/www.kissthedesign.ch\/wp\/wp-content\/uploads\/2017\/02\/vintage-sideboard-design-suisse-1956.jpg\",\"datePublished\":\"2017-02-12T10:03:52+00:00\",\"dateModified\":\"2017-02-12T10:49:15+00:00\",\"description\":\"Sideboard schweizer Design aus den 50er Jahre, Seltenes Unikat in der Art von Hans Bellmann. Designklassiker. Kissthedesign, Lausanne, Schweiz. Designladen f\u00fcr vintage M\u00f6bel\",\"breadcrumb\":{\"@id\":\"https:\/\/www.kissthedesign.ch\/de\/produkt\/sideboard-schweiz-1956\/#breadcrumb\"},\"inLanguage\":\"de\",\"potentialAction\":[{\"@type\":\"ReadAction\",\"target\":[\"https:\/\/www.kissthedesign.ch\/de\/produkt\/sideboard-schweiz-1956\/\"]}]},{\"@type\":\"ImageObject\",\"inLanguage\":\"de\",\"@id\":\"https:\/\/www.kissthedesign.ch\/de\/produkt\/sideboard-schweiz-1956\/#primaryimage\",\"url\":\"https:\/\/www.kissthedesign.ch\/wp\/wp-content\/uploads\/2017\/02\/vintage-sideboard-design-suisse-1956.jpg\",\"contentUrl\":\"https:\/\/www.kissthedesign.ch\/wp\/wp-content\/uploads\/2017\/02\/vintage-sideboard-design-suisse-1956.jpg\",\"width\":900,\"height\":601,\"caption\":\"Sideboard schweizer Design, Unikat (Ma\u00dfarbeit), 1956.\"},{\"@type\":\"BreadcrumbList\",\"@id\":\"https:\/\/www.kissthedesign.ch\/de\/produkt\/sideboard-schweiz-1956\/#breadcrumb\",\"itemListElement\":[{\"@type\":\"ListItem\",\"position\":1,\"name\":\"Accueil\",\"item\":\"https:\/\/www.kissthedesign.ch\/de\/\"},{\"@type\":\"ListItem\",\"position\":2,\"name\":\"Laden\",\"item\":\"https:\/\/www.kissthedesign.ch\/de\/laden\/\"},{\"@type\":\"ListItem\",\"position\":3,\"name\":\"Sideboard | schweizer Design | Unikat\"}]},{\"@type\":\"WebSite\",\"@id\":\"https:\/\/www.kissthedesign.ch\/en\/#website\",\"url\":\"https:\/\/www.kissthedesign.ch\/en\/\",\"name\":\"kissthedesign\",\"description\":\"Kissthedesign, Lausanne, Suisse. Mobilier du XXe, design vintage\",\"publisher\":{\"@id\":\"https:\/\/www.kissthedesign.ch\/en\/#organization\"},\"potentialAction\":[{\"@type\":\"SearchAction\",\"target\":{\"@type\":\"EntryPoint\",\"urlTemplate\":\"https:\/\/www.kissthedesign.ch\/en\/?s={search_term_string}\"},\"query-input\":{\"@type\":\"PropertyValueSpecification\",\"valueRequired\":true,\"valueName\":\"search_term_string\"}}],\"inLanguage\":\"de\"},{\"@type\":\"Organization\",\"@id\":\"https:\/\/www.kissthedesign.ch\/en\/#organization\",\"name\":\"Kissthedesign\",\"url\":\"https:\/\/www.kissthedesign.ch\/en\/\",\"logo\":{\"@type\":\"ImageObject\",\"inLanguage\":\"de\",\"@id\":\"https:\/\/www.kissthedesign.ch\/en\/#\/schema\/logo\/image\/\",\"url\":\"https:\/\/www.kissthedesign.ch\/wp\/wp-content\/uploads\/2016\/08\/ktd-logo-web.jpg\",\"contentUrl\":\"https:\/\/www.kissthedesign.ch\/wp\/wp-content\/uploads\/2016\/08\/ktd-logo-web.jpg\",\"width\":450,\"height\":167,\"caption\":\"Kissthedesign\"},\"image\":{\"@id\":\"https:\/\/www.kissthedesign.ch\/en\/#\/schema\/logo\/image\/\"}}]}<\/script>\n<!-- \/ Yoast SEO plugin. -->","yoast_head_json":{"title":"Vintage Sideboard schweizer Design | Designerm\u00f6bel, Schweiz","description":"Sideboard schweizer Design aus den 50er Jahre, Seltenes Unikat in der Art von Hans Bellmann. Designklassiker. Kissthedesign, Lausanne, Schweiz. Designladen f\u00fcr vintage M\u00f6bel","robots":{"index":"index","follow":"follow","max-snippet":"max-snippet:-1","max-image-preview":"max-image-preview:large","max-video-preview":"max-video-preview:-1"},"canonical":"https:\/\/www.kissthedesign.ch\/de\/produkt\/sideboard-schweiz-1956\/","og_locale":"de_DE","og_type":"article","og_title":"Vintage Sideboard schweizer Design | Designerm\u00f6bel, Schweiz","og_description":"Sideboard schweizer Design aus den 50er Jahre, Seltenes Unikat in der Art von Hans Bellmann. Designklassiker. Kissthedesign, Lausanne, Schweiz. Designladen f\u00fcr vintage M\u00f6bel","og_url":"https:\/\/www.kissthedesign.ch\/de\/produkt\/sideboard-schweiz-1956\/","og_site_name":"kissthedesign","article_modified_time":"2017-02-12T10:49:15+00:00","og_image":[{"width":900,"height":601,"url":"https:\/\/www.kissthedesign.ch\/wp\/wp-content\/uploads\/2017\/02\/vintage-sideboard-design-suisse-1956.jpg","type":"image\/jpeg"}],"twitter_misc":{"Gesch\u00e4tzte Lesezeit":"1\u00a0Minute"},"schema":{"@context":"https:\/\/schema.org","@graph":[{"@type":"WebPage","@id":"https:\/\/www.kissthedesign.ch\/de\/produkt\/sideboard-schweiz-1956\/","url":"https:\/\/www.kissthedesign.ch\/de\/produkt\/sideboard-schweiz-1956\/","name":"Vintage Sideboard schweizer Design | Designerm\u00f6bel, Schweiz","isPartOf":{"@id":"https:\/\/www.kissthedesign.ch\/en\/#website"},"primaryImageOfPage":{"@id":"https:\/\/www.kissthedesign.ch\/de\/produkt\/sideboard-schweiz-1956\/#primaryimage"},"image":{"@id":"https:\/\/www.kissthedesign.ch\/de\/produkt\/sideboard-schweiz-1956\/#primaryimage"},"thumbnailUrl":"https:\/\/www.kissthedesign.ch\/wp\/wp-content\/uploads\/2017\/02\/vintage-sideboard-design-suisse-1956.jpg","datePublished":"2017-02-12T10:03:52+00:00","dateModified":"2017-02-12T10:49:15+00:00","description":"Sideboard schweizer Design aus den 50er Jahre, Seltenes Unikat in der Art von Hans Bellmann. Designklassiker. Kissthedesign, Lausanne, Schweiz. Designladen f\u00fcr vintage M\u00f6bel","breadcrumb":{"@id":"https:\/\/www.kissthedesign.ch\/de\/produkt\/sideboard-schweiz-1956\/#breadcrumb"},"inLanguage":"de","potentialAction":[{"@type":"ReadAction","target":["https:\/\/www.kissthedesign.ch\/de\/produkt\/sideboard-schweiz-1956\/"]}]},{"@type":"ImageObject","inLanguage":"de","@id":"https:\/\/www.kissthedesign.ch\/de\/produkt\/sideboard-schweiz-1956\/#primaryimage","url":"https:\/\/www.kissthedesign.ch\/wp\/wp-content\/uploads\/2017\/02\/vintage-sideboard-design-suisse-1956.jpg","contentUrl":"https:\/\/www.kissthedesign.ch\/wp\/wp-content\/uploads\/2017\/02\/vintage-sideboard-design-suisse-1956.jpg","width":900,"height":601,"caption":"Sideboard schweizer Design, Unikat (Ma\u00dfarbeit), 1956."},{"@type":"BreadcrumbList","@id":"https:\/\/www.kissthedesign.ch\/de\/produkt\/sideboard-schweiz-1956\/#breadcrumb","itemListElement":[{"@type":"ListItem","position":1,"name":"Accueil","item":"https:\/\/www.kissthedesign.ch\/de\/"},{"@type":"ListItem","position":2,"name":"Laden","item":"https:\/\/www.kissthedesign.ch\/de\/laden\/"},{"@type":"ListItem","position":3,"name":"Sideboard | schweizer Design | Unikat"}]},{"@type":"WebSite","@id":"https:\/\/www.kissthedesign.ch\/en\/#website","url":"https:\/\/www.kissthedesign.ch\/en\/","name":"kissthedesign","description":"Kissthedesign, Lausanne, Suisse. Mobilier du XXe, design vintage","publisher":{"@id":"https:\/\/www.kissthedesign.ch\/en\/#organization"},"potentialAction":[{"@type":"SearchAction","target":{"@type":"EntryPoint","urlTemplate":"https:\/\/www.kissthedesign.ch\/en\/?s={search_term_string}"},"query-input":{"@type":"PropertyValueSpecification","valueRequired":true,"valueName":"search_term_string"}}],"inLanguage":"de"},{"@type":"Organization","@id":"https:\/\/www.kissthedesign.ch\/en\/#organization","name":"Kissthedesign","url":"https:\/\/www.kissthedesign.ch\/en\/","logo":{"@type":"ImageObject","inLanguage":"de","@id":"https:\/\/www.kissthedesign.ch\/en\/#\/schema\/logo\/image\/","url":"https:\/\/www.kissthedesign.ch\/wp\/wp-content\/uploads\/2016\/08\/ktd-logo-web.jpg","contentUrl":"https:\/\/www.kissthedesign.ch\/wp\/wp-content\/uploads\/2016\/08\/ktd-logo-web.jpg","width":450,"height":167,"caption":"Kissthedesign"},"image":{"@id":"https:\/\/www.kissthedesign.ch\/en\/#\/schema\/logo\/image\/"}}]}},"_links":{"self":[{"href":"https:\/\/www.kissthedesign.ch\/de\/wp-json\/wp\/v2\/product\/15934","targetHints":{"allow":["GET"]}}],"collection":[{"href":"https:\/\/www.kissthedesign.ch\/de\/wp-json\/wp\/v2\/product"}],"about":[{"href":"https:\/\/www.kissthedesign.ch\/de\/wp-json\/wp\/v2\/types\/product"}],"replies":[{"embeddable":true,"href":"https:\/\/www.kissthedesign.ch\/de\/wp-json\/wp\/v2\/comments?post=15934"}],"wp:featuredmedia":[{"embeddable":true,"href":"https:\/\/www.kissthedesign.ch\/de\/wp-json\/wp\/v2\/media\/15965"}],"wp:attachment":[{"href":"https:\/\/www.kissthedesign.ch\/de\/wp-json\/wp\/v2\/media?parent=15934"}],"wp:term":[{"taxonomy":"product_brand","embeddable":true,"href":"https:\/\/www.kissthedesign.ch\/de\/wp-json\/wp\/v2\/product_brand?post=15934"},{"taxonomy":"product_cat","embeddable":true,"href":"https:\/\/www.kissthedesign.ch\/de\/wp-json\/wp\/v2\/product_cat?post=15934"},{"taxonomy":"product_tag","embeddable":true,"href":"https:\/\/www.kissthedesign.ch\/de\/wp-json\/wp\/v2\/product_tag?post=15934"}],"curies":[{"name":"wp","href":"https:\/\/api.w.org\/{rel}","templated":true}]}}