{"id":15994,"date":"2017-02-12T17:20:33","date_gmt":"2017-02-12T16:20:35","guid":{"rendered":"https:\/\/www.kissthedesign.ch\/de\/produkt\/lounge-chair-ottoman-eames-vitra-weiss\/"},"modified":"2017-04-24T16:30:03","modified_gmt":"2017-04-24T15:30:03","slug":"lounge-chair-ottoman-eames-vitra-weiss","status":"publish","type":"product","link":"https:\/\/www.kissthedesign.ch\/de\/produkt\/lounge-chair-ottoman-eames-vitra-weiss\/","title":{"rendered":"Lounge chair &#038; ottoman | Charles &#038; Ray Eames | Vitra"},"content":{"rendered":"<div class=\"wpb-content-wrapper\"><p>[vc_row][vc_column][vc_column_text]<\/p>\n<h2>Lounge Sessel mit\u00a0Ottoman, Charles &amp; Ray Eames, Vitra, 1956.<\/h2>\n<p>Charles &amp; Ray Eames sind wichtige Instanz in der Designgeschichte von dem 20. Jahrhundert, sie haben dank starke\u00a0Erfindungskunst die Wege in die Massenproduktion geleitet.<\/p>\n<p>Die Eameses wollten, dass ihren Lounge Chair und Ottoman das warmes und gem\u00fctliches Look von einem gebrauchten Baseball-Handschuh bekommen. Der Sessel ist der Designklassiker aus dem 20. Jahrhundert schlechthin und steht f\u00fcr hochwertiges Komfort.<\/p>\n<p>Der Lounge Chair &amp; Ottoman ist eine europ\u00e4ische Produktion von Vitra und stammt aus den 80er Jahren. Es ist eine seltene Variante mit wei\u00dfem Leder und mit dem, heute nicht mehr hergestellten, brasilianischen Palisanderholz. Das Furnier zeigt eine sch\u00f6ne Holzmaserung. Sessel und Fu\u00dfst\u00fctze haben noch den originalen Aufkleber von Vitra. Ein Muss f\u00fcr Designsammler!<\/p>\n<p>Sessel mit Ottoman. Sitzschalen aus geformten Schichtholz, brasilianischer Palisander, Lederbezogene Kissen, Fu\u00df aus Aluminiumformgu\u00df.\u00a0Mit Aufkleber des Herstellers.<br \/>\nIn sehr guten Zustand mit wunderbarem Patina auf dem Leder. Sehr selten mit wei\u00dfem Leder.[\/vc_column_text][\/vc_column][\/vc_row][vc_row css=&#8221;.vc_custom_1486916964887{padding-top: 30px !important;}&#8221;][vc_column width=&#8221;1\/2&#8243;]\n<div class=\"wpcf7 no-js\" id=\"wpcf7-f12225-o1\" lang=\"fr-FR\" dir=\"ltr\" data-wpcf7-id=\"12225\">\n<div class=\"screen-reader-response\"><p role=\"status\" aria-live=\"polite\" aria-atomic=\"true\"><\/p> <ul><\/ul><\/div>\n<form action=\"\/de\/wp-json\/wp\/v2\/product\/15994#wpcf7-f12225-o1\" method=\"post\" class=\"wpcf7-form init\" aria-label=\"Formulaire de contact\" novalidate=\"novalidate\" data-status=\"init\">\n<fieldset class=\"hidden-fields-container\"><input type=\"hidden\" name=\"_wpcf7\" value=\"12225\" \/><input type=\"hidden\" name=\"_wpcf7_version\" value=\"6.1.5\" \/><input type=\"hidden\" name=\"_wpcf7_locale\" value=\"fr_FR\" \/><input type=\"hidden\" name=\"_wpcf7_unit_tag\" value=\"wpcf7-f12225-o1\" \/><input type=\"hidden\" name=\"_wpcf7_container_post\" value=\"0\" \/><input type=\"hidden\" name=\"_wpcf7_posted_data_hash\" value=\"\" \/><input type=\"hidden\" name=\"_wpcf7_recaptcha_response\" value=\"\" \/>\n<\/fieldset>\n\n<!-- CF7 Modules -->\n<div style='display:none;'><input type=\"hidden\" class=\"wpcf7-form-control wpcf7-hidden\" name=\"hidden-931\" placeholder=\"\" value=\"Lounge chair &amp; ottoman | Charles &amp; Ray Eames | Vitra\" \/>\n<\/div>\n<!-- End CF7 Modules -->\n\n<p><b>Kontaktieren Sie uns \u00fcber diesen Artikel<\/b>\n<\/p>\n<p>Ihre Name (Pflichtfeld)\n<\/p>\n<p><span class=\"wpcf7-form-control-wrap\" data-name=\"your-name\"><input size=\"40\" maxlength=\"400\" class=\"wpcf7-form-control wpcf7-text wpcf7-validates-as-required\" aria-required=\"true\" aria-invalid=\"false\" value=\"\" type=\"text\" name=\"your-name\" \/><\/span>\n<\/p>\n<p>Ihre Email (Pflichtfeld)\n<\/p>\n<p><span class=\"wpcf7-form-control-wrap\" data-name=\"your-email\"><input size=\"40\" maxlength=\"400\" class=\"wpcf7-form-control wpcf7-email wpcf7-validates-as-required wpcf7-text wpcf7-validates-as-email\" aria-required=\"true\" aria-invalid=\"false\" value=\"\" type=\"email\" name=\"your-email\" \/><\/span>\n<\/p>\n<p>Ihre Nachricht\n<\/p>\n<p><span class=\"wpcf7-form-control-wrap\" data-name=\"your-message\"><textarea cols=\"40\" rows=\"10\" maxlength=\"2000\" class=\"wpcf7-form-control wpcf7-textarea\" aria-invalid=\"false\" name=\"your-message\"><\/textarea><\/span>\n<\/p>\n<p>Die von Ihnen eingegebenen und mit diesem Formular gesendeten Daten werden gespeichert, aber werden nie verkauft oder an Dritte weitergegeben.\n<\/p>\n<p><span class=\"wpcf7-form-control-wrap\" data-name=\"checkbox-296\"><span class=\"wpcf7-form-control wpcf7-checkbox wpcf7-validates-as-required\"><span class=\"wpcf7-list-item first last\"><input type=\"checkbox\" name=\"checkbox-296[]\" value=\"Ich akzeptiere\" \/><span class=\"wpcf7-list-item-label\">Ich akzeptiere<\/span><\/span><\/span><\/span>\n<\/p>\n<p><input class=\"wpcf7-form-control wpcf7-submit has-spinner\" type=\"submit\" value=\"Senden\" \/>\n<\/p><div class=\"wpcf7-response-output\" aria-hidden=\"true\"><\/div>\n<\/form>\n<\/div>\n[\/vc_column][vc_column width=&#8221;1\/2&#8243;][\/vc_column][\/vc_row]<\/p>\n<\/div>","protected":false},"excerpt":{"rendered":"<p>Sessel mit Ottoman. Sitzschalen aus geformten Schichtholz, brasilianischer Palisander, Lederbezogene Kissen, Fu\u00df aus Aluminiumformgu\u00df.\u00a0Mit Aufkleber des Herstellers.<br \/>\nIn sehr guten Zustand mit wunderbarem Patina auf dem Leder. Sehr selten mit wei\u00dfem Leder.<\/p>\n","protected":false},"featured_media":16022,"comment_status":"closed","ping_status":"closed","template":"","meta":{"_monsterinsights_skip_tracking":false,"_monsterinsights_sitenote_active":false,"_monsterinsights_sitenote_note":"","_monsterinsights_sitenote_category":0},"product_brand":[],"product_cat":[255],"product_tag":[389,388,498,499,501,484,502],"class_list":{"0":"post-15994","1":"product","2":"type-product","3":"status-publish","4":"has-post-thumbnail","6":"product_cat-archiv-de","7":"product_tag-50er","8":"product_tag-amerikanisches-design","9":"product_tag-eames-de","10":"product_tag-herman-miller-de","11":"product_tag-ikonisch-design","12":"product_tag-luxus-design","13":"product_tag-modernismus","14":"product_shipping_class-wir-liefern","16":"first","17":"outofstock","18":"taxable","19":"shipping-taxable","20":"product-type-simple"},"yoast_head":"<!-- This site is optimized with the Yoast SEO plugin v25.3.1 - https:\/\/yoast.com\/wordpress\/plugins\/seo\/ -->\n<title>Lounge chair &amp; ottoman | Eames | Vitra | Designklassiker | Schweiz<\/title>\n<meta name=\"description\" content=\"Seltenes weisses Lounge chair &amp; Ottoman, Palisander, Eames f\u00fcr Vitra. Designklassiker aus den 50er Jahren. Galerie Kissthedesign, Lausanne, Schweiz. Sammlerst\u00fcck\" \/>\n<meta name=\"robots\" content=\"index, follow, max-snippet:-1, max-image-preview:large, max-video-preview:-1\" \/>\n<link rel=\"canonical\" href=\"https:\/\/www.kissthedesign.ch\/de\/produkt\/lounge-chair-ottoman-eames-vitra-weiss\/\" \/>\n<meta property=\"og:locale\" content=\"de_DE\" \/>\n<meta property=\"og:type\" content=\"article\" \/>\n<meta property=\"og:title\" content=\"Lounge chair &amp; ottoman | Eames | Vitra | Designklassiker | Schweiz\" \/>\n<meta property=\"og:description\" content=\"Seltenes weisses Lounge chair &amp; Ottoman, Palisander, Eames f\u00fcr Vitra. Designklassiker aus den 50er Jahren. Galerie Kissthedesign, Lausanne, Schweiz. Sammlerst\u00fcck\" \/>\n<meta property=\"og:url\" content=\"https:\/\/www.kissthedesign.ch\/de\/produkt\/lounge-chair-ottoman-eames-vitra-weiss\/\" \/>\n<meta property=\"og:site_name\" content=\"kissthedesign\" \/>\n<meta property=\"article:modified_time\" content=\"2017-04-24T15:30:03+00:00\" \/>\n<meta property=\"og:image\" content=\"https:\/\/www.kissthedesign.ch\/wp\/wp-content\/uploads\/2017\/02\/eames-lounge-chair-vitra-blanc-palissandre.jpg\" \/>\n\t<meta property=\"og:image:width\" content=\"900\" \/>\n\t<meta property=\"og:image:height\" content=\"601\" \/>\n\t<meta property=\"og:image:type\" content=\"image\/jpeg\" \/>\n<meta name=\"twitter:label1\" content=\"Gesch\u00e4tzte Lesezeit\" \/>\n\t<meta name=\"twitter:data1\" content=\"1\u00a0Minute\" \/>\n<script type=\"application\/ld+json\" class=\"yoast-schema-graph\">{\"@context\":\"https:\/\/schema.org\",\"@graph\":[{\"@type\":\"WebPage\",\"@id\":\"https:\/\/www.kissthedesign.ch\/de\/produkt\/lounge-chair-ottoman-eames-vitra-weiss\/\",\"url\":\"https:\/\/www.kissthedesign.ch\/de\/produkt\/lounge-chair-ottoman-eames-vitra-weiss\/\",\"name\":\"Lounge chair & ottoman | Eames | Vitra | Designklassiker | Schweiz\",\"isPartOf\":{\"@id\":\"https:\/\/www.kissthedesign.ch\/en\/#website\"},\"primaryImageOfPage\":{\"@id\":\"https:\/\/www.kissthedesign.ch\/de\/produkt\/lounge-chair-ottoman-eames-vitra-weiss\/#primaryimage\"},\"image\":{\"@id\":\"https:\/\/www.kissthedesign.ch\/de\/produkt\/lounge-chair-ottoman-eames-vitra-weiss\/#primaryimage\"},\"thumbnailUrl\":\"https:\/\/www.kissthedesign.ch\/wp\/wp-content\/uploads\/2017\/02\/eames-lounge-chair-vitra-blanc-palissandre.jpg\",\"datePublished\":\"2017-02-12T16:20:35+00:00\",\"dateModified\":\"2017-04-24T15:30:03+00:00\",\"description\":\"Seltenes weisses Lounge chair & Ottoman, Palisander, Eames f\u00fcr Vitra. Designklassiker aus den 50er Jahren. Galerie Kissthedesign, Lausanne, Schweiz. Sammlerst\u00fcck\",\"breadcrumb\":{\"@id\":\"https:\/\/www.kissthedesign.ch\/de\/produkt\/lounge-chair-ottoman-eames-vitra-weiss\/#breadcrumb\"},\"inLanguage\":\"de\",\"potentialAction\":[{\"@type\":\"ReadAction\",\"target\":[\"https:\/\/www.kissthedesign.ch\/de\/produkt\/lounge-chair-ottoman-eames-vitra-weiss\/\"]}]},{\"@type\":\"ImageObject\",\"inLanguage\":\"de\",\"@id\":\"https:\/\/www.kissthedesign.ch\/de\/produkt\/lounge-chair-ottoman-eames-vitra-weiss\/#primaryimage\",\"url\":\"https:\/\/www.kissthedesign.ch\/wp\/wp-content\/uploads\/2017\/02\/eames-lounge-chair-vitra-blanc-palissandre.jpg\",\"contentUrl\":\"https:\/\/www.kissthedesign.ch\/wp\/wp-content\/uploads\/2017\/02\/eames-lounge-chair-vitra-blanc-palissandre.jpg\",\"width\":900,\"height\":601,\"caption\":\"Lounge chair mit ottoman (N\u00b0 670 & N\u00b0 671), Charles & Ray Eames, Vitra, 1956\"},{\"@type\":\"BreadcrumbList\",\"@id\":\"https:\/\/www.kissthedesign.ch\/de\/produkt\/lounge-chair-ottoman-eames-vitra-weiss\/#breadcrumb\",\"itemListElement\":[{\"@type\":\"ListItem\",\"position\":1,\"name\":\"Accueil\",\"item\":\"https:\/\/www.kissthedesign.ch\/de\/\"},{\"@type\":\"ListItem\",\"position\":2,\"name\":\"Laden\",\"item\":\"https:\/\/www.kissthedesign.ch\/de\/laden\/\"},{\"@type\":\"ListItem\",\"position\":3,\"name\":\"Lounge chair &#038; ottoman | Charles &#038; Ray Eames | Vitra\"}]},{\"@type\":\"WebSite\",\"@id\":\"https:\/\/www.kissthedesign.ch\/en\/#website\",\"url\":\"https:\/\/www.kissthedesign.ch\/en\/\",\"name\":\"kissthedesign\",\"description\":\"Kissthedesign, Lausanne, Suisse. Mobilier du XXe, design vintage\",\"publisher\":{\"@id\":\"https:\/\/www.kissthedesign.ch\/en\/#organization\"},\"potentialAction\":[{\"@type\":\"SearchAction\",\"target\":{\"@type\":\"EntryPoint\",\"urlTemplate\":\"https:\/\/www.kissthedesign.ch\/en\/?s={search_term_string}\"},\"query-input\":{\"@type\":\"PropertyValueSpecification\",\"valueRequired\":true,\"valueName\":\"search_term_string\"}}],\"inLanguage\":\"de\"},{\"@type\":\"Organization\",\"@id\":\"https:\/\/www.kissthedesign.ch\/en\/#organization\",\"name\":\"Kissthedesign\",\"url\":\"https:\/\/www.kissthedesign.ch\/en\/\",\"logo\":{\"@type\":\"ImageObject\",\"inLanguage\":\"de\",\"@id\":\"https:\/\/www.kissthedesign.ch\/en\/#\/schema\/logo\/image\/\",\"url\":\"https:\/\/www.kissthedesign.ch\/wp\/wp-content\/uploads\/2016\/08\/ktd-logo-web.jpg\",\"contentUrl\":\"https:\/\/www.kissthedesign.ch\/wp\/wp-content\/uploads\/2016\/08\/ktd-logo-web.jpg\",\"width\":450,\"height\":167,\"caption\":\"Kissthedesign\"},\"image\":{\"@id\":\"https:\/\/www.kissthedesign.ch\/en\/#\/schema\/logo\/image\/\"}}]}<\/script>\n<!-- \/ Yoast SEO plugin. -->","yoast_head_json":{"title":"Lounge chair & ottoman | Eames | Vitra | Designklassiker | Schweiz","description":"Seltenes weisses Lounge chair & Ottoman, Palisander, Eames f\u00fcr Vitra. Designklassiker aus den 50er Jahren. Galerie Kissthedesign, Lausanne, Schweiz. Sammlerst\u00fcck","robots":{"index":"index","follow":"follow","max-snippet":"max-snippet:-1","max-image-preview":"max-image-preview:large","max-video-preview":"max-video-preview:-1"},"canonical":"https:\/\/www.kissthedesign.ch\/de\/produkt\/lounge-chair-ottoman-eames-vitra-weiss\/","og_locale":"de_DE","og_type":"article","og_title":"Lounge chair & ottoman | Eames | Vitra | Designklassiker | Schweiz","og_description":"Seltenes weisses Lounge chair & Ottoman, Palisander, Eames f\u00fcr Vitra. Designklassiker aus den 50er Jahren. Galerie Kissthedesign, Lausanne, Schweiz. Sammlerst\u00fcck","og_url":"https:\/\/www.kissthedesign.ch\/de\/produkt\/lounge-chair-ottoman-eames-vitra-weiss\/","og_site_name":"kissthedesign","article_modified_time":"2017-04-24T15:30:03+00:00","og_image":[{"width":900,"height":601,"url":"https:\/\/www.kissthedesign.ch\/wp\/wp-content\/uploads\/2017\/02\/eames-lounge-chair-vitra-blanc-palissandre.jpg","type":"image\/jpeg"}],"twitter_misc":{"Gesch\u00e4tzte Lesezeit":"1\u00a0Minute"},"schema":{"@context":"https:\/\/schema.org","@graph":[{"@type":"WebPage","@id":"https:\/\/www.kissthedesign.ch\/de\/produkt\/lounge-chair-ottoman-eames-vitra-weiss\/","url":"https:\/\/www.kissthedesign.ch\/de\/produkt\/lounge-chair-ottoman-eames-vitra-weiss\/","name":"Lounge chair & ottoman | Eames | Vitra | Designklassiker | Schweiz","isPartOf":{"@id":"https:\/\/www.kissthedesign.ch\/en\/#website"},"primaryImageOfPage":{"@id":"https:\/\/www.kissthedesign.ch\/de\/produkt\/lounge-chair-ottoman-eames-vitra-weiss\/#primaryimage"},"image":{"@id":"https:\/\/www.kissthedesign.ch\/de\/produkt\/lounge-chair-ottoman-eames-vitra-weiss\/#primaryimage"},"thumbnailUrl":"https:\/\/www.kissthedesign.ch\/wp\/wp-content\/uploads\/2017\/02\/eames-lounge-chair-vitra-blanc-palissandre.jpg","datePublished":"2017-02-12T16:20:35+00:00","dateModified":"2017-04-24T15:30:03+00:00","description":"Seltenes weisses Lounge chair & Ottoman, Palisander, Eames f\u00fcr Vitra. Designklassiker aus den 50er Jahren. Galerie Kissthedesign, Lausanne, Schweiz. Sammlerst\u00fcck","breadcrumb":{"@id":"https:\/\/www.kissthedesign.ch\/de\/produkt\/lounge-chair-ottoman-eames-vitra-weiss\/#breadcrumb"},"inLanguage":"de","potentialAction":[{"@type":"ReadAction","target":["https:\/\/www.kissthedesign.ch\/de\/produkt\/lounge-chair-ottoman-eames-vitra-weiss\/"]}]},{"@type":"ImageObject","inLanguage":"de","@id":"https:\/\/www.kissthedesign.ch\/de\/produkt\/lounge-chair-ottoman-eames-vitra-weiss\/#primaryimage","url":"https:\/\/www.kissthedesign.ch\/wp\/wp-content\/uploads\/2017\/02\/eames-lounge-chair-vitra-blanc-palissandre.jpg","contentUrl":"https:\/\/www.kissthedesign.ch\/wp\/wp-content\/uploads\/2017\/02\/eames-lounge-chair-vitra-blanc-palissandre.jpg","width":900,"height":601,"caption":"Lounge chair mit ottoman (N\u00b0 670 & N\u00b0 671), Charles & Ray Eames, Vitra, 1956"},{"@type":"BreadcrumbList","@id":"https:\/\/www.kissthedesign.ch\/de\/produkt\/lounge-chair-ottoman-eames-vitra-weiss\/#breadcrumb","itemListElement":[{"@type":"ListItem","position":1,"name":"Accueil","item":"https:\/\/www.kissthedesign.ch\/de\/"},{"@type":"ListItem","position":2,"name":"Laden","item":"https:\/\/www.kissthedesign.ch\/de\/laden\/"},{"@type":"ListItem","position":3,"name":"Lounge chair &#038; ottoman | Charles &#038; Ray Eames | Vitra"}]},{"@type":"WebSite","@id":"https:\/\/www.kissthedesign.ch\/en\/#website","url":"https:\/\/www.kissthedesign.ch\/en\/","name":"kissthedesign","description":"Kissthedesign, Lausanne, Suisse. Mobilier du XXe, design vintage","publisher":{"@id":"https:\/\/www.kissthedesign.ch\/en\/#organization"},"potentialAction":[{"@type":"SearchAction","target":{"@type":"EntryPoint","urlTemplate":"https:\/\/www.kissthedesign.ch\/en\/?s={search_term_string}"},"query-input":{"@type":"PropertyValueSpecification","valueRequired":true,"valueName":"search_term_string"}}],"inLanguage":"de"},{"@type":"Organization","@id":"https:\/\/www.kissthedesign.ch\/en\/#organization","name":"Kissthedesign","url":"https:\/\/www.kissthedesign.ch\/en\/","logo":{"@type":"ImageObject","inLanguage":"de","@id":"https:\/\/www.kissthedesign.ch\/en\/#\/schema\/logo\/image\/","url":"https:\/\/www.kissthedesign.ch\/wp\/wp-content\/uploads\/2016\/08\/ktd-logo-web.jpg","contentUrl":"https:\/\/www.kissthedesign.ch\/wp\/wp-content\/uploads\/2016\/08\/ktd-logo-web.jpg","width":450,"height":167,"caption":"Kissthedesign"},"image":{"@id":"https:\/\/www.kissthedesign.ch\/en\/#\/schema\/logo\/image\/"}}]}},"_links":{"self":[{"href":"https:\/\/www.kissthedesign.ch\/de\/wp-json\/wp\/v2\/product\/15994","targetHints":{"allow":["GET"]}}],"collection":[{"href":"https:\/\/www.kissthedesign.ch\/de\/wp-json\/wp\/v2\/product"}],"about":[{"href":"https:\/\/www.kissthedesign.ch\/de\/wp-json\/wp\/v2\/types\/product"}],"replies":[{"embeddable":true,"href":"https:\/\/www.kissthedesign.ch\/de\/wp-json\/wp\/v2\/comments?post=15994"}],"wp:featuredmedia":[{"embeddable":true,"href":"https:\/\/www.kissthedesign.ch\/de\/wp-json\/wp\/v2\/media\/16022"}],"wp:attachment":[{"href":"https:\/\/www.kissthedesign.ch\/de\/wp-json\/wp\/v2\/media?parent=15994"}],"wp:term":[{"taxonomy":"product_brand","embeddable":true,"href":"https:\/\/www.kissthedesign.ch\/de\/wp-json\/wp\/v2\/product_brand?post=15994"},{"taxonomy":"product_cat","embeddable":true,"href":"https:\/\/www.kissthedesign.ch\/de\/wp-json\/wp\/v2\/product_cat?post=15994"},{"taxonomy":"product_tag","embeddable":true,"href":"https:\/\/www.kissthedesign.ch\/de\/wp-json\/wp\/v2\/product_tag?post=15994"}],"curies":[{"name":"wp","href":"https:\/\/api.w.org\/{rel}","templated":true}]}}