{"id":16992,"date":"2017-04-25T11:56:24","date_gmt":"2017-04-25T10:56:24","guid":{"rendered":"https:\/\/www.kissthedesign.ch\/product\/super-martine-bedin-memphis\/"},"modified":"2022-09-05T20:34:29","modified_gmt":"2022-09-05T19:34:29","slug":"super-martine-bedin-memphis","status":"publish","type":"product","link":"https:\/\/www.kissthedesign.ch\/de\/produkt\/super-martine-bedin-memphis\/","title":{"rendered":"Lampe Super | Martine Bedin | Memphis Milano"},"content":{"rendered":"<div class=\"wpb-content-wrapper\"><p>[vc_row][vc_column][vc_column_text woodmart_color_scheme=&#8221;&#8221; text_larger=&#8221;&#8221;]<\/p>\n<h2>Lampe Super, Martine Bedin, Memphis Milano, 1981<\/h2>\n<p>Tisch- oder Bodenlampe aus lackierten Fiberglas, 6 flammig.<br \/>\nGr\u00f6\u00dfe L 42 cm, H 30 cm.<br \/>\nDie postmodernistische Designikone wird seit 1981 von Memphis ununterbrochen produziert.<\/p>\n<p>Die franz\u00f6sische Designer Martine Bedin (*1957) war eine den Gr\u00fcndern des Memphis Gruppe. Mit seiner leicht erkennbareren Form von Spielzeugsauto, die farbenfrohe Super Leuchte geh\u00f6rt zu den \u201eKlassikern\u201c der avantgardistischen Bewegung aus den 80er Jahren. Genauso wie die ber\u00fchmte Bucherregal Carlton, die Lampe Tahiti und Treetops von Ettore Sottsass oder die Leuchte Oceanic von Michele De Lucchi, wurde die Super 1981 entworfen, als Teil der Grundungaustellung von Memphis Milano.<\/p>\n<p>Die Lampe Super ist wie ein kleiner Hund, mit dem man spazieren geht. Das Modell ist bunt, fr\u00f6hlich und lustig, es ist h\u00f6chstwahrscheinlich das bekannteste St\u00fcck der Designerin, auch wenn sie mehrere Produkte als Memphis Mitglieder entworfen hat, wie z.B. die Cucumber Vase, die Lampen Splendid, Terminus und Charleston.<\/p>\n<p>Die postmodernistische Bewegung Memphis Milano wurde in den 80er Jahren von Ettore Sottsass gegr\u00fcndet.<br \/>\nDie ganze Kollektion von <a href=\"https:\/\/cdn.shopify.com\/s\/files\/1\/1058\/1166\/files\/memphis_milano.pdf?14149556525736315536\" target=\"_blank\" rel=\"noopener noreferrer\">Memphis Milano<\/a> ist bei Kissthedesign erh\u00e4ltlich[\/vc_column_text][\/vc_column][\/vc_row][vc_row css=&#8221;.vc_custom_1486823226754{padding-top: 30px !important;}&#8221;][vc_column width=&#8221;1\/2&#8243;]\n<div class=\"wpcf7 no-js\" id=\"wpcf7-f12225-o1\" lang=\"fr-FR\" dir=\"ltr\" data-wpcf7-id=\"12225\">\n<div class=\"screen-reader-response\"><p role=\"status\" aria-live=\"polite\" aria-atomic=\"true\"><\/p> <ul><\/ul><\/div>\n<form action=\"\/de\/wp-json\/wp\/v2\/product\/16992#wpcf7-f12225-o1\" method=\"post\" class=\"wpcf7-form init\" aria-label=\"Formulaire de contact\" novalidate=\"novalidate\" data-status=\"init\">\n<fieldset class=\"hidden-fields-container\"><input type=\"hidden\" name=\"_wpcf7\" value=\"12225\" \/><input type=\"hidden\" name=\"_wpcf7_version\" value=\"6.1.5\" \/><input type=\"hidden\" name=\"_wpcf7_locale\" value=\"fr_FR\" \/><input type=\"hidden\" name=\"_wpcf7_unit_tag\" value=\"wpcf7-f12225-o1\" \/><input type=\"hidden\" name=\"_wpcf7_container_post\" value=\"0\" \/><input type=\"hidden\" name=\"_wpcf7_posted_data_hash\" value=\"\" \/><input type=\"hidden\" name=\"_wpcf7_recaptcha_response\" value=\"\" \/>\n<\/fieldset>\n\n<!-- CF7 Modules -->\n<div style='display:none;'><input type=\"hidden\" class=\"wpcf7-form-control wpcf7-hidden\" name=\"hidden-931\" placeholder=\"\" value=\"Lampe Super | Martine Bedin | Memphis Milano\" \/>\n<\/div>\n<!-- End CF7 Modules -->\n\n<p><b>Kontaktieren Sie uns \u00fcber diesen Artikel<\/b>\n<\/p>\n<p>Ihre Name (Pflichtfeld)\n<\/p>\n<p><span class=\"wpcf7-form-control-wrap\" data-name=\"your-name\"><input size=\"40\" maxlength=\"400\" class=\"wpcf7-form-control wpcf7-text wpcf7-validates-as-required\" aria-required=\"true\" aria-invalid=\"false\" value=\"\" type=\"text\" name=\"your-name\" \/><\/span>\n<\/p>\n<p>Ihre Email (Pflichtfeld)\n<\/p>\n<p><span class=\"wpcf7-form-control-wrap\" data-name=\"your-email\"><input size=\"40\" maxlength=\"400\" class=\"wpcf7-form-control wpcf7-email wpcf7-validates-as-required wpcf7-text wpcf7-validates-as-email\" aria-required=\"true\" aria-invalid=\"false\" value=\"\" type=\"email\" name=\"your-email\" \/><\/span>\n<\/p>\n<p>Ihre Nachricht\n<\/p>\n<p><span class=\"wpcf7-form-control-wrap\" data-name=\"your-message\"><textarea cols=\"40\" rows=\"10\" maxlength=\"2000\" class=\"wpcf7-form-control wpcf7-textarea\" aria-invalid=\"false\" name=\"your-message\"><\/textarea><\/span>\n<\/p>\n<p>Die von Ihnen eingegebenen und mit diesem Formular gesendeten Daten werden gespeichert, aber werden nie verkauft oder an Dritte weitergegeben.\n<\/p>\n<p><span class=\"wpcf7-form-control-wrap\" data-name=\"checkbox-296\"><span class=\"wpcf7-form-control wpcf7-checkbox wpcf7-validates-as-required\"><span class=\"wpcf7-list-item first last\"><input type=\"checkbox\" name=\"checkbox-296[]\" value=\"Ich akzeptiere\" \/><span class=\"wpcf7-list-item-label\">Ich akzeptiere<\/span><\/span><\/span><\/span>\n<\/p>\n<p><input class=\"wpcf7-form-control wpcf7-submit has-spinner\" type=\"submit\" value=\"Senden\" \/>\n<\/p><div class=\"wpcf7-response-output\" aria-hidden=\"true\"><\/div>\n<\/form>\n<\/div>\n[\/vc_column][vc_column width=&#8221;1\/2&#8243;][\/vc_column][\/vc_row]<\/p>\n<\/div>","protected":false},"excerpt":{"rendered":"<p>Tisch- oder Bodenlampe aus lackierten Fiberglas, 6 flammig.<br \/>\nGr\u00f6\u00dfe L 42 cm, H 30 cm<\/p>\n","protected":false},"featured_media":22745,"comment_status":"closed","ping_status":"closed","template":"","meta":{"_monsterinsights_skip_tracking":false,"_monsterinsights_sitenote_active":false,"_monsterinsights_sitenote_note":"","_monsterinsights_sitenote_category":0},"product_brand":[],"product_cat":[3156,154,2771,224],"product_tag":[592,501,479],"class_list":{"0":"post-16992","1":"product","2":"type-product","3":"status-publish","4":"has-post-thumbnail","6":"product_cat-auf-lager","7":"product_cat-leuchte","8":"product_cat-memphis-milano-de","9":"product_cat-tischleuchte","10":"product_tag-80er","11":"product_tag-ikonisch-design","12":"product_tag-italienisches-design","13":"product_shipping_class-post-a","15":"first","16":"instock","17":"taxable","18":"shipping-taxable","19":"purchasable","20":"product-type-simple"},"yoast_head":"<!-- This site is optimized with the Yoast SEO plugin v25.3.1 - https:\/\/yoast.com\/wordpress\/plugins\/seo\/ -->\n<title>Lampe Super | Martine Bedin | Memphis Milano, 1981 | Schweiz<\/title>\n<meta name=\"description\" content=\"Lampe Super von Martine Bedin f\u00fcr Memphis Milano, 1981. Postmodernistisches Design. Designladen f\u00fcr Leuchte und Designerm\u00f6bel aus dem 20.JHD in der Schweiz\" \/>\n<meta name=\"robots\" content=\"index, follow, max-snippet:-1, max-image-preview:large, max-video-preview:-1\" \/>\n<link rel=\"canonical\" href=\"https:\/\/www.kissthedesign.ch\/de\/produkt\/super-martine-bedin-memphis\/\" \/>\n<meta property=\"og:locale\" content=\"de_DE\" \/>\n<meta property=\"og:type\" content=\"article\" \/>\n<meta property=\"og:title\" content=\"Lampe Super | Martine Bedin | Memphis Milano, 1981 | Schweiz\" \/>\n<meta property=\"og:description\" content=\"Lampe Super von Martine Bedin f\u00fcr Memphis Milano, 1981. Postmodernistisches Design. Designladen f\u00fcr Leuchte und Designerm\u00f6bel aus dem 20.JHD in der Schweiz\" \/>\n<meta property=\"og:url\" content=\"https:\/\/www.kissthedesign.ch\/de\/produkt\/super-martine-bedin-memphis\/\" \/>\n<meta property=\"og:site_name\" content=\"kissthedesign\" \/>\n<meta property=\"article:modified_time\" content=\"2022-09-05T19:34:29+00:00\" \/>\n<meta property=\"og:image\" content=\"https:\/\/www.kissthedesign.ch\/wp\/wp-content\/uploads\/2017\/04\/memphis-milano-lampe-super-martine-bedin.jpg\" \/>\n\t<meta property=\"og:image:width\" content=\"900\" \/>\n\t<meta property=\"og:image:height\" content=\"601\" \/>\n\t<meta property=\"og:image:type\" content=\"image\/jpeg\" \/>\n<meta name=\"twitter:label1\" content=\"Gesch\u00e4tzte Lesezeit\" \/>\n\t<meta name=\"twitter:data1\" content=\"1\u00a0Minute\" \/>\n<script type=\"application\/ld+json\" class=\"yoast-schema-graph\">{\"@context\":\"https:\/\/schema.org\",\"@graph\":[{\"@type\":\"WebPage\",\"@id\":\"https:\/\/www.kissthedesign.ch\/de\/produkt\/super-martine-bedin-memphis\/\",\"url\":\"https:\/\/www.kissthedesign.ch\/de\/produkt\/super-martine-bedin-memphis\/\",\"name\":\"Lampe Super | Martine Bedin | Memphis Milano, 1981 | Schweiz\",\"isPartOf\":{\"@id\":\"https:\/\/www.kissthedesign.ch\/en\/#website\"},\"primaryImageOfPage\":{\"@id\":\"https:\/\/www.kissthedesign.ch\/de\/produkt\/super-martine-bedin-memphis\/#primaryimage\"},\"image\":{\"@id\":\"https:\/\/www.kissthedesign.ch\/de\/produkt\/super-martine-bedin-memphis\/#primaryimage\"},\"thumbnailUrl\":\"https:\/\/www.kissthedesign.ch\/wp\/wp-content\/uploads\/2017\/04\/memphis-milano-lampe-super-martine-bedin.jpg\",\"datePublished\":\"2017-04-25T10:56:24+00:00\",\"dateModified\":\"2022-09-05T19:34:29+00:00\",\"description\":\"Lampe Super von Martine Bedin f\u00fcr Memphis Milano, 1981. Postmodernistisches Design. Designladen f\u00fcr Leuchte und Designerm\u00f6bel aus dem 20.JHD in der Schweiz\",\"breadcrumb\":{\"@id\":\"https:\/\/www.kissthedesign.ch\/de\/produkt\/super-martine-bedin-memphis\/#breadcrumb\"},\"inLanguage\":\"de\",\"potentialAction\":[{\"@type\":\"ReadAction\",\"target\":[\"https:\/\/www.kissthedesign.ch\/de\/produkt\/super-martine-bedin-memphis\/\"]}]},{\"@type\":\"ImageObject\",\"inLanguage\":\"de\",\"@id\":\"https:\/\/www.kissthedesign.ch\/de\/produkt\/super-martine-bedin-memphis\/#primaryimage\",\"url\":\"https:\/\/www.kissthedesign.ch\/wp\/wp-content\/uploads\/2017\/04\/memphis-milano-lampe-super-martine-bedin.jpg\",\"contentUrl\":\"https:\/\/www.kissthedesign.ch\/wp\/wp-content\/uploads\/2017\/04\/memphis-milano-lampe-super-martine-bedin.jpg\",\"width\":900,\"height\":601,\"caption\":\"Lampe Super, Martine Bedin, Memphis Milano, 1981\"},{\"@type\":\"BreadcrumbList\",\"@id\":\"https:\/\/www.kissthedesign.ch\/de\/produkt\/super-martine-bedin-memphis\/#breadcrumb\",\"itemListElement\":[{\"@type\":\"ListItem\",\"position\":1,\"name\":\"Accueil\",\"item\":\"https:\/\/www.kissthedesign.ch\/de\/\"},{\"@type\":\"ListItem\",\"position\":2,\"name\":\"Laden\",\"item\":\"https:\/\/www.kissthedesign.ch\/de\/laden\/\"},{\"@type\":\"ListItem\",\"position\":3,\"name\":\"Lampe Super | Martine Bedin | Memphis Milano\"}]},{\"@type\":\"WebSite\",\"@id\":\"https:\/\/www.kissthedesign.ch\/en\/#website\",\"url\":\"https:\/\/www.kissthedesign.ch\/en\/\",\"name\":\"kissthedesign\",\"description\":\"Kissthedesign, Lausanne, Suisse. Mobilier du XXe, design vintage\",\"publisher\":{\"@id\":\"https:\/\/www.kissthedesign.ch\/en\/#organization\"},\"potentialAction\":[{\"@type\":\"SearchAction\",\"target\":{\"@type\":\"EntryPoint\",\"urlTemplate\":\"https:\/\/www.kissthedesign.ch\/en\/?s={search_term_string}\"},\"query-input\":{\"@type\":\"PropertyValueSpecification\",\"valueRequired\":true,\"valueName\":\"search_term_string\"}}],\"inLanguage\":\"de\"},{\"@type\":\"Organization\",\"@id\":\"https:\/\/www.kissthedesign.ch\/en\/#organization\",\"name\":\"Kissthedesign\",\"url\":\"https:\/\/www.kissthedesign.ch\/en\/\",\"logo\":{\"@type\":\"ImageObject\",\"inLanguage\":\"de\",\"@id\":\"https:\/\/www.kissthedesign.ch\/en\/#\/schema\/logo\/image\/\",\"url\":\"https:\/\/www.kissthedesign.ch\/wp\/wp-content\/uploads\/2016\/08\/ktd-logo-web.jpg\",\"contentUrl\":\"https:\/\/www.kissthedesign.ch\/wp\/wp-content\/uploads\/2016\/08\/ktd-logo-web.jpg\",\"width\":450,\"height\":167,\"caption\":\"Kissthedesign\"},\"image\":{\"@id\":\"https:\/\/www.kissthedesign.ch\/en\/#\/schema\/logo\/image\/\"}}]}<\/script>\n<!-- \/ Yoast SEO plugin. -->","yoast_head_json":{"title":"Lampe Super | Martine Bedin | Memphis Milano, 1981 | Schweiz","description":"Lampe Super von Martine Bedin f\u00fcr Memphis Milano, 1981. Postmodernistisches Design. Designladen f\u00fcr Leuchte und Designerm\u00f6bel aus dem 20.JHD in der Schweiz","robots":{"index":"index","follow":"follow","max-snippet":"max-snippet:-1","max-image-preview":"max-image-preview:large","max-video-preview":"max-video-preview:-1"},"canonical":"https:\/\/www.kissthedesign.ch\/de\/produkt\/super-martine-bedin-memphis\/","og_locale":"de_DE","og_type":"article","og_title":"Lampe Super | Martine Bedin | Memphis Milano, 1981 | Schweiz","og_description":"Lampe Super von Martine Bedin f\u00fcr Memphis Milano, 1981. Postmodernistisches Design. Designladen f\u00fcr Leuchte und Designerm\u00f6bel aus dem 20.JHD in der Schweiz","og_url":"https:\/\/www.kissthedesign.ch\/de\/produkt\/super-martine-bedin-memphis\/","og_site_name":"kissthedesign","article_modified_time":"2022-09-05T19:34:29+00:00","og_image":[{"width":900,"height":601,"url":"https:\/\/www.kissthedesign.ch\/wp\/wp-content\/uploads\/2017\/04\/memphis-milano-lampe-super-martine-bedin.jpg","type":"image\/jpeg"}],"twitter_misc":{"Gesch\u00e4tzte Lesezeit":"1\u00a0Minute"},"schema":{"@context":"https:\/\/schema.org","@graph":[{"@type":"WebPage","@id":"https:\/\/www.kissthedesign.ch\/de\/produkt\/super-martine-bedin-memphis\/","url":"https:\/\/www.kissthedesign.ch\/de\/produkt\/super-martine-bedin-memphis\/","name":"Lampe Super | Martine Bedin | Memphis Milano, 1981 | Schweiz","isPartOf":{"@id":"https:\/\/www.kissthedesign.ch\/en\/#website"},"primaryImageOfPage":{"@id":"https:\/\/www.kissthedesign.ch\/de\/produkt\/super-martine-bedin-memphis\/#primaryimage"},"image":{"@id":"https:\/\/www.kissthedesign.ch\/de\/produkt\/super-martine-bedin-memphis\/#primaryimage"},"thumbnailUrl":"https:\/\/www.kissthedesign.ch\/wp\/wp-content\/uploads\/2017\/04\/memphis-milano-lampe-super-martine-bedin.jpg","datePublished":"2017-04-25T10:56:24+00:00","dateModified":"2022-09-05T19:34:29+00:00","description":"Lampe Super von Martine Bedin f\u00fcr Memphis Milano, 1981. Postmodernistisches Design. Designladen f\u00fcr Leuchte und Designerm\u00f6bel aus dem 20.JHD in der Schweiz","breadcrumb":{"@id":"https:\/\/www.kissthedesign.ch\/de\/produkt\/super-martine-bedin-memphis\/#breadcrumb"},"inLanguage":"de","potentialAction":[{"@type":"ReadAction","target":["https:\/\/www.kissthedesign.ch\/de\/produkt\/super-martine-bedin-memphis\/"]}]},{"@type":"ImageObject","inLanguage":"de","@id":"https:\/\/www.kissthedesign.ch\/de\/produkt\/super-martine-bedin-memphis\/#primaryimage","url":"https:\/\/www.kissthedesign.ch\/wp\/wp-content\/uploads\/2017\/04\/memphis-milano-lampe-super-martine-bedin.jpg","contentUrl":"https:\/\/www.kissthedesign.ch\/wp\/wp-content\/uploads\/2017\/04\/memphis-milano-lampe-super-martine-bedin.jpg","width":900,"height":601,"caption":"Lampe Super, Martine Bedin, Memphis Milano, 1981"},{"@type":"BreadcrumbList","@id":"https:\/\/www.kissthedesign.ch\/de\/produkt\/super-martine-bedin-memphis\/#breadcrumb","itemListElement":[{"@type":"ListItem","position":1,"name":"Accueil","item":"https:\/\/www.kissthedesign.ch\/de\/"},{"@type":"ListItem","position":2,"name":"Laden","item":"https:\/\/www.kissthedesign.ch\/de\/laden\/"},{"@type":"ListItem","position":3,"name":"Lampe Super | Martine Bedin | Memphis Milano"}]},{"@type":"WebSite","@id":"https:\/\/www.kissthedesign.ch\/en\/#website","url":"https:\/\/www.kissthedesign.ch\/en\/","name":"kissthedesign","description":"Kissthedesign, Lausanne, Suisse. Mobilier du XXe, design vintage","publisher":{"@id":"https:\/\/www.kissthedesign.ch\/en\/#organization"},"potentialAction":[{"@type":"SearchAction","target":{"@type":"EntryPoint","urlTemplate":"https:\/\/www.kissthedesign.ch\/en\/?s={search_term_string}"},"query-input":{"@type":"PropertyValueSpecification","valueRequired":true,"valueName":"search_term_string"}}],"inLanguage":"de"},{"@type":"Organization","@id":"https:\/\/www.kissthedesign.ch\/en\/#organization","name":"Kissthedesign","url":"https:\/\/www.kissthedesign.ch\/en\/","logo":{"@type":"ImageObject","inLanguage":"de","@id":"https:\/\/www.kissthedesign.ch\/en\/#\/schema\/logo\/image\/","url":"https:\/\/www.kissthedesign.ch\/wp\/wp-content\/uploads\/2016\/08\/ktd-logo-web.jpg","contentUrl":"https:\/\/www.kissthedesign.ch\/wp\/wp-content\/uploads\/2016\/08\/ktd-logo-web.jpg","width":450,"height":167,"caption":"Kissthedesign"},"image":{"@id":"https:\/\/www.kissthedesign.ch\/en\/#\/schema\/logo\/image\/"}}]}},"_links":{"self":[{"href":"https:\/\/www.kissthedesign.ch\/de\/wp-json\/wp\/v2\/product\/16992","targetHints":{"allow":["GET"]}}],"collection":[{"href":"https:\/\/www.kissthedesign.ch\/de\/wp-json\/wp\/v2\/product"}],"about":[{"href":"https:\/\/www.kissthedesign.ch\/de\/wp-json\/wp\/v2\/types\/product"}],"replies":[{"embeddable":true,"href":"https:\/\/www.kissthedesign.ch\/de\/wp-json\/wp\/v2\/comments?post=16992"}],"wp:featuredmedia":[{"embeddable":true,"href":"https:\/\/www.kissthedesign.ch\/de\/wp-json\/wp\/v2\/media\/22745"}],"wp:attachment":[{"href":"https:\/\/www.kissthedesign.ch\/de\/wp-json\/wp\/v2\/media?parent=16992"}],"wp:term":[{"taxonomy":"product_brand","embeddable":true,"href":"https:\/\/www.kissthedesign.ch\/de\/wp-json\/wp\/v2\/product_brand?post=16992"},{"taxonomy":"product_cat","embeddable":true,"href":"https:\/\/www.kissthedesign.ch\/de\/wp-json\/wp\/v2\/product_cat?post=16992"},{"taxonomy":"product_tag","embeddable":true,"href":"https:\/\/www.kissthedesign.ch\/de\/wp-json\/wp\/v2\/product_tag?post=16992"}],"curies":[{"name":"wp","href":"https:\/\/api.w.org\/{rel}","templated":true}]}}