{"id":17040,"date":"2017-04-25T13:30:45","date_gmt":"2017-04-25T12:30:45","guid":{"rendered":"https:\/\/www.kissthedesign.ch\/product\/enfilade-tambour-quistgaard-peter-lovig\/"},"modified":"2017-04-25T14:20:45","modified_gmt":"2017-04-25T13:20:45","slug":"tambour-sideboard-quistgaard-peter-lovig","status":"publish","type":"product","link":"https:\/\/www.kissthedesign.ch\/de\/produkt\/tambour-sideboard-quistgaard-peter-lovig\/","title":{"rendered":"Tambour Sideboard | Jens Quistgaard | Peter Lovig Nielsen"},"content":{"rendered":"<div class=\"wpb-content-wrapper\"><p>[vc_row][vc_column][vc_column_text]<\/p>\n<h2>Tambour Sideboard, Jens Quistgaard, Peter Lovig Nielsen, 1968.<\/h2>\n<p>Das Tambour Sideboard wurde 1968 von Jens Quistgaard dessin\u00e9e en 1968 f\u00fcr Peter Lovig Nielsen entworfen. Das seltene Modell aus Palisanderholz zeigt viele sch\u00f6ne Details neben den Tambour T\u00fcre, wie Griffe mit Metalleinlage und sch\u00f6ne Holzarbeit. Das Sideboard ist sehr praktisch und kann als Raumtrenner dienen, denn das R\u00fccken ist auch furniert. Es gibt reichlich Stauraum mit 3 verstellbaren Regale und 3 Schubladen.<\/p>\n<p>Das Exemplar hat noch den originalen Aufkleber \u00ab\u00a0L\u00f8vig, Danish Design, Made in Denmark\u00a0\u00bb und besticht durch einen sehr guten Zustand und eine wunderbare Holzmaserung. Ein wahres Sammlerst\u00fcck f\u00fcr Liebhaber von hochwertigen d\u00e4nischen Design.[\/vc_column_text][\/vc_column][\/vc_row][vc_row css=&#8221;.vc_custom_1486823226754{padding-top: 30px !important;}&#8221;][vc_column width=&#8221;1\/2&#8243;]\n<div class=\"wpcf7 no-js\" id=\"wpcf7-f12225-o1\" lang=\"fr-FR\" dir=\"ltr\" data-wpcf7-id=\"12225\">\n<div class=\"screen-reader-response\"><p role=\"status\" aria-live=\"polite\" aria-atomic=\"true\"><\/p> <ul><\/ul><\/div>\n<form action=\"\/de\/wp-json\/wp\/v2\/product\/17040#wpcf7-f12225-o1\" method=\"post\" class=\"wpcf7-form init\" aria-label=\"Formulaire de contact\" novalidate=\"novalidate\" data-status=\"init\">\n<fieldset class=\"hidden-fields-container\"><input type=\"hidden\" name=\"_wpcf7\" value=\"12225\" \/><input type=\"hidden\" name=\"_wpcf7_version\" value=\"6.1.5\" \/><input type=\"hidden\" name=\"_wpcf7_locale\" value=\"fr_FR\" \/><input type=\"hidden\" name=\"_wpcf7_unit_tag\" value=\"wpcf7-f12225-o1\" \/><input type=\"hidden\" name=\"_wpcf7_container_post\" value=\"0\" \/><input type=\"hidden\" name=\"_wpcf7_posted_data_hash\" value=\"\" \/><input type=\"hidden\" name=\"_wpcf7_recaptcha_response\" value=\"\" \/>\n<\/fieldset>\n\n<!-- CF7 Modules -->\n<div style='display:none;'><input type=\"hidden\" class=\"wpcf7-form-control wpcf7-hidden\" name=\"hidden-931\" placeholder=\"\" value=\"Tambour Sideboard | Jens Quistgaard | Peter Lovig Nielsen\" \/>\n<\/div>\n<!-- End CF7 Modules -->\n\n<p><b>Kontaktieren Sie uns \u00fcber diesen Artikel<\/b>\n<\/p>\n<p>Ihre Name (Pflichtfeld)\n<\/p>\n<p><span class=\"wpcf7-form-control-wrap\" data-name=\"your-name\"><input size=\"40\" maxlength=\"400\" class=\"wpcf7-form-control wpcf7-text wpcf7-validates-as-required\" aria-required=\"true\" aria-invalid=\"false\" value=\"\" type=\"text\" name=\"your-name\" \/><\/span>\n<\/p>\n<p>Ihre Email (Pflichtfeld)\n<\/p>\n<p><span class=\"wpcf7-form-control-wrap\" data-name=\"your-email\"><input size=\"40\" maxlength=\"400\" class=\"wpcf7-form-control wpcf7-email wpcf7-validates-as-required wpcf7-text wpcf7-validates-as-email\" aria-required=\"true\" aria-invalid=\"false\" value=\"\" type=\"email\" name=\"your-email\" \/><\/span>\n<\/p>\n<p>Ihre Nachricht\n<\/p>\n<p><span class=\"wpcf7-form-control-wrap\" data-name=\"your-message\"><textarea cols=\"40\" rows=\"10\" maxlength=\"2000\" class=\"wpcf7-form-control wpcf7-textarea\" aria-invalid=\"false\" name=\"your-message\"><\/textarea><\/span>\n<\/p>\n<p>Die von Ihnen eingegebenen und mit diesem Formular gesendeten Daten werden gespeichert, aber werden nie verkauft oder an Dritte weitergegeben.\n<\/p>\n<p><span class=\"wpcf7-form-control-wrap\" data-name=\"checkbox-296\"><span class=\"wpcf7-form-control wpcf7-checkbox wpcf7-validates-as-required\"><span class=\"wpcf7-list-item first last\"><input type=\"checkbox\" name=\"checkbox-296[]\" value=\"Ich akzeptiere\" \/><span class=\"wpcf7-list-item-label\">Ich akzeptiere<\/span><\/span><\/span><\/span>\n<\/p>\n<p><input class=\"wpcf7-form-control wpcf7-submit has-spinner\" type=\"submit\" value=\"Senden\" \/>\n<\/p><div class=\"wpcf7-response-output\" aria-hidden=\"true\"><\/div>\n<\/form>\n<\/div>\n[\/vc_column][vc_column width=&#8221;1\/2&#8243;][\/vc_column][\/vc_row]<\/p>\n<\/div>","protected":false},"excerpt":{"rendered":"<p>Seltenes Sideboard aus Palisander mit 2 Tambour Schiebet\u00fcre. Innenleben mit 3 verstellbaren Regale und 3 Schubladen. Mit Aufkleber des Herstellers. Wird nicht mehr hergestellt.\u00a0In sehr guten Zustand.<br \/>\nGr\u00f6\u00dfe 200 x 50 cm, H. 80.5 cm<\/p>\n","protected":false},"featured_media":17035,"comment_status":"closed","ping_status":"closed","template":"","meta":{"_monsterinsights_skip_tracking":false,"_monsterinsights_sitenote_active":false,"_monsterinsights_sitenote_note":"","_monsterinsights_sitenote_category":0},"product_brand":[],"product_cat":[255],"product_tag":[390,466,501,484],"class_list":{"0":"post-17040","1":"product","2":"type-product","3":"status-publish","4":"has-post-thumbnail","6":"product_cat-archiv-de","7":"product_tag-60er","8":"product_tag-daenisch-design","9":"product_tag-ikonisch-design","10":"product_tag-luxus-design","11":"product_shipping_class-wir-liefern","13":"first","14":"outofstock","15":"taxable","16":"shipping-taxable","17":"product-type-simple"},"yoast_head":"<!-- This site is optimized with the Yoast SEO plugin v25.3.1 - https:\/\/yoast.com\/wordpress\/plugins\/seo\/ -->\n<title>Tambour Sideboard | Jens Quistgaard | Peter Lovig Nielsen | Vintage Designklassiker | Schweiz<\/title>\n<meta name=\"description\" content=\"Seltenes Tambour Sideboard von Jens Quistgaard f\u00fcr Peter Lovig Nielsen. D\u00e4nisches Design aus den 60er Jahren. Laden f\u00fcr vintage Designerm\u00f6bel in der Schweiz\" \/>\n<meta name=\"robots\" content=\"index, follow, max-snippet:-1, max-image-preview:large, max-video-preview:-1\" \/>\n<link rel=\"canonical\" href=\"https:\/\/www.kissthedesign.ch\/de\/produkt\/tambour-sideboard-quistgaard-peter-lovig\/\" \/>\n<meta property=\"og:locale\" content=\"de_DE\" \/>\n<meta property=\"og:type\" content=\"article\" \/>\n<meta property=\"og:title\" content=\"Tambour Sideboard | Jens Quistgaard | Peter Lovig Nielsen | Vintage Designklassiker | Schweiz\" \/>\n<meta property=\"og:description\" content=\"Seltenes Tambour Sideboard von Jens Quistgaard f\u00fcr Peter Lovig Nielsen. D\u00e4nisches Design aus den 60er Jahren. Laden f\u00fcr vintage Designerm\u00f6bel in der Schweiz\" \/>\n<meta property=\"og:url\" content=\"https:\/\/www.kissthedesign.ch\/de\/produkt\/tambour-sideboard-quistgaard-peter-lovig\/\" \/>\n<meta property=\"og:site_name\" content=\"kissthedesign\" \/>\n<meta property=\"article:modified_time\" content=\"2017-04-25T13:20:45+00:00\" \/>\n<meta property=\"og:image\" content=\"https:\/\/www.kissthedesign.ch\/wp\/wp-content\/uploads\/2017\/04\/sideboard-tambour-jens-quistgaard-peter-lovig-nielsen.jpg\" \/>\n\t<meta property=\"og:image:width\" content=\"900\" \/>\n\t<meta property=\"og:image:height\" content=\"601\" \/>\n\t<meta property=\"og:image:type\" content=\"image\/jpeg\" \/>\n<meta name=\"twitter:label1\" content=\"Gesch\u00e4tzte Lesezeit\" \/>\n\t<meta name=\"twitter:data1\" content=\"1\u00a0Minute\" \/>\n<script type=\"application\/ld+json\" class=\"yoast-schema-graph\">{\"@context\":\"https:\/\/schema.org\",\"@graph\":[{\"@type\":\"WebPage\",\"@id\":\"https:\/\/www.kissthedesign.ch\/de\/produkt\/tambour-sideboard-quistgaard-peter-lovig\/\",\"url\":\"https:\/\/www.kissthedesign.ch\/de\/produkt\/tambour-sideboard-quistgaard-peter-lovig\/\",\"name\":\"Tambour Sideboard | Jens Quistgaard | Peter Lovig Nielsen | Vintage Designklassiker | Schweiz\",\"isPartOf\":{\"@id\":\"https:\/\/www.kissthedesign.ch\/en\/#website\"},\"primaryImageOfPage\":{\"@id\":\"https:\/\/www.kissthedesign.ch\/de\/produkt\/tambour-sideboard-quistgaard-peter-lovig\/#primaryimage\"},\"image\":{\"@id\":\"https:\/\/www.kissthedesign.ch\/de\/produkt\/tambour-sideboard-quistgaard-peter-lovig\/#primaryimage\"},\"thumbnailUrl\":\"https:\/\/www.kissthedesign.ch\/wp\/wp-content\/uploads\/2017\/04\/sideboard-tambour-jens-quistgaard-peter-lovig-nielsen.jpg\",\"datePublished\":\"2017-04-25T12:30:45+00:00\",\"dateModified\":\"2017-04-25T13:20:45+00:00\",\"description\":\"Seltenes Tambour Sideboard von Jens Quistgaard f\u00fcr Peter Lovig Nielsen. D\u00e4nisches Design aus den 60er Jahren. Laden f\u00fcr vintage Designerm\u00f6bel in der Schweiz\",\"breadcrumb\":{\"@id\":\"https:\/\/www.kissthedesign.ch\/de\/produkt\/tambour-sideboard-quistgaard-peter-lovig\/#breadcrumb\"},\"inLanguage\":\"de\",\"potentialAction\":[{\"@type\":\"ReadAction\",\"target\":[\"https:\/\/www.kissthedesign.ch\/de\/produkt\/tambour-sideboard-quistgaard-peter-lovig\/\"]}]},{\"@type\":\"ImageObject\",\"inLanguage\":\"de\",\"@id\":\"https:\/\/www.kissthedesign.ch\/de\/produkt\/tambour-sideboard-quistgaard-peter-lovig\/#primaryimage\",\"url\":\"https:\/\/www.kissthedesign.ch\/wp\/wp-content\/uploads\/2017\/04\/sideboard-tambour-jens-quistgaard-peter-lovig-nielsen.jpg\",\"contentUrl\":\"https:\/\/www.kissthedesign.ch\/wp\/wp-content\/uploads\/2017\/04\/sideboard-tambour-jens-quistgaard-peter-lovig-nielsen.jpg\",\"width\":900,\"height\":601,\"caption\":\"Tambour Sideboard, Jens Quistgaard, Peter Lovig Nielsen, 1968\"},{\"@type\":\"BreadcrumbList\",\"@id\":\"https:\/\/www.kissthedesign.ch\/de\/produkt\/tambour-sideboard-quistgaard-peter-lovig\/#breadcrumb\",\"itemListElement\":[{\"@type\":\"ListItem\",\"position\":1,\"name\":\"Accueil\",\"item\":\"https:\/\/www.kissthedesign.ch\/de\/\"},{\"@type\":\"ListItem\",\"position\":2,\"name\":\"Laden\",\"item\":\"https:\/\/www.kissthedesign.ch\/de\/laden\/\"},{\"@type\":\"ListItem\",\"position\":3,\"name\":\"Tambour Sideboard | Jens Quistgaard | Peter Lovig Nielsen\"}]},{\"@type\":\"WebSite\",\"@id\":\"https:\/\/www.kissthedesign.ch\/en\/#website\",\"url\":\"https:\/\/www.kissthedesign.ch\/en\/\",\"name\":\"kissthedesign\",\"description\":\"Kissthedesign, Lausanne, Suisse. Mobilier du XXe, design vintage\",\"publisher\":{\"@id\":\"https:\/\/www.kissthedesign.ch\/en\/#organization\"},\"potentialAction\":[{\"@type\":\"SearchAction\",\"target\":{\"@type\":\"EntryPoint\",\"urlTemplate\":\"https:\/\/www.kissthedesign.ch\/en\/?s={search_term_string}\"},\"query-input\":{\"@type\":\"PropertyValueSpecification\",\"valueRequired\":true,\"valueName\":\"search_term_string\"}}],\"inLanguage\":\"de\"},{\"@type\":\"Organization\",\"@id\":\"https:\/\/www.kissthedesign.ch\/en\/#organization\",\"name\":\"Kissthedesign\",\"url\":\"https:\/\/www.kissthedesign.ch\/en\/\",\"logo\":{\"@type\":\"ImageObject\",\"inLanguage\":\"de\",\"@id\":\"https:\/\/www.kissthedesign.ch\/en\/#\/schema\/logo\/image\/\",\"url\":\"https:\/\/www.kissthedesign.ch\/wp\/wp-content\/uploads\/2016\/08\/ktd-logo-web.jpg\",\"contentUrl\":\"https:\/\/www.kissthedesign.ch\/wp\/wp-content\/uploads\/2016\/08\/ktd-logo-web.jpg\",\"width\":450,\"height\":167,\"caption\":\"Kissthedesign\"},\"image\":{\"@id\":\"https:\/\/www.kissthedesign.ch\/en\/#\/schema\/logo\/image\/\"}}]}<\/script>\n<!-- \/ Yoast SEO plugin. -->","yoast_head_json":{"title":"Tambour Sideboard | Jens Quistgaard | Peter Lovig Nielsen | Vintage Designklassiker | Schweiz","description":"Seltenes Tambour Sideboard von Jens Quistgaard f\u00fcr Peter Lovig Nielsen. D\u00e4nisches Design aus den 60er Jahren. Laden f\u00fcr vintage Designerm\u00f6bel in der Schweiz","robots":{"index":"index","follow":"follow","max-snippet":"max-snippet:-1","max-image-preview":"max-image-preview:large","max-video-preview":"max-video-preview:-1"},"canonical":"https:\/\/www.kissthedesign.ch\/de\/produkt\/tambour-sideboard-quistgaard-peter-lovig\/","og_locale":"de_DE","og_type":"article","og_title":"Tambour Sideboard | Jens Quistgaard | Peter Lovig Nielsen | Vintage Designklassiker | Schweiz","og_description":"Seltenes Tambour Sideboard von Jens Quistgaard f\u00fcr Peter Lovig Nielsen. D\u00e4nisches Design aus den 60er Jahren. Laden f\u00fcr vintage Designerm\u00f6bel in der Schweiz","og_url":"https:\/\/www.kissthedesign.ch\/de\/produkt\/tambour-sideboard-quistgaard-peter-lovig\/","og_site_name":"kissthedesign","article_modified_time":"2017-04-25T13:20:45+00:00","og_image":[{"width":900,"height":601,"url":"https:\/\/www.kissthedesign.ch\/wp\/wp-content\/uploads\/2017\/04\/sideboard-tambour-jens-quistgaard-peter-lovig-nielsen.jpg","type":"image\/jpeg"}],"twitter_misc":{"Gesch\u00e4tzte Lesezeit":"1\u00a0Minute"},"schema":{"@context":"https:\/\/schema.org","@graph":[{"@type":"WebPage","@id":"https:\/\/www.kissthedesign.ch\/de\/produkt\/tambour-sideboard-quistgaard-peter-lovig\/","url":"https:\/\/www.kissthedesign.ch\/de\/produkt\/tambour-sideboard-quistgaard-peter-lovig\/","name":"Tambour Sideboard | Jens Quistgaard | Peter Lovig Nielsen | Vintage Designklassiker | Schweiz","isPartOf":{"@id":"https:\/\/www.kissthedesign.ch\/en\/#website"},"primaryImageOfPage":{"@id":"https:\/\/www.kissthedesign.ch\/de\/produkt\/tambour-sideboard-quistgaard-peter-lovig\/#primaryimage"},"image":{"@id":"https:\/\/www.kissthedesign.ch\/de\/produkt\/tambour-sideboard-quistgaard-peter-lovig\/#primaryimage"},"thumbnailUrl":"https:\/\/www.kissthedesign.ch\/wp\/wp-content\/uploads\/2017\/04\/sideboard-tambour-jens-quistgaard-peter-lovig-nielsen.jpg","datePublished":"2017-04-25T12:30:45+00:00","dateModified":"2017-04-25T13:20:45+00:00","description":"Seltenes Tambour Sideboard von Jens Quistgaard f\u00fcr Peter Lovig Nielsen. D\u00e4nisches Design aus den 60er Jahren. Laden f\u00fcr vintage Designerm\u00f6bel in der Schweiz","breadcrumb":{"@id":"https:\/\/www.kissthedesign.ch\/de\/produkt\/tambour-sideboard-quistgaard-peter-lovig\/#breadcrumb"},"inLanguage":"de","potentialAction":[{"@type":"ReadAction","target":["https:\/\/www.kissthedesign.ch\/de\/produkt\/tambour-sideboard-quistgaard-peter-lovig\/"]}]},{"@type":"ImageObject","inLanguage":"de","@id":"https:\/\/www.kissthedesign.ch\/de\/produkt\/tambour-sideboard-quistgaard-peter-lovig\/#primaryimage","url":"https:\/\/www.kissthedesign.ch\/wp\/wp-content\/uploads\/2017\/04\/sideboard-tambour-jens-quistgaard-peter-lovig-nielsen.jpg","contentUrl":"https:\/\/www.kissthedesign.ch\/wp\/wp-content\/uploads\/2017\/04\/sideboard-tambour-jens-quistgaard-peter-lovig-nielsen.jpg","width":900,"height":601,"caption":"Tambour Sideboard, Jens Quistgaard, Peter Lovig Nielsen, 1968"},{"@type":"BreadcrumbList","@id":"https:\/\/www.kissthedesign.ch\/de\/produkt\/tambour-sideboard-quistgaard-peter-lovig\/#breadcrumb","itemListElement":[{"@type":"ListItem","position":1,"name":"Accueil","item":"https:\/\/www.kissthedesign.ch\/de\/"},{"@type":"ListItem","position":2,"name":"Laden","item":"https:\/\/www.kissthedesign.ch\/de\/laden\/"},{"@type":"ListItem","position":3,"name":"Tambour Sideboard | Jens Quistgaard | Peter Lovig Nielsen"}]},{"@type":"WebSite","@id":"https:\/\/www.kissthedesign.ch\/en\/#website","url":"https:\/\/www.kissthedesign.ch\/en\/","name":"kissthedesign","description":"Kissthedesign, Lausanne, Suisse. Mobilier du XXe, design vintage","publisher":{"@id":"https:\/\/www.kissthedesign.ch\/en\/#organization"},"potentialAction":[{"@type":"SearchAction","target":{"@type":"EntryPoint","urlTemplate":"https:\/\/www.kissthedesign.ch\/en\/?s={search_term_string}"},"query-input":{"@type":"PropertyValueSpecification","valueRequired":true,"valueName":"search_term_string"}}],"inLanguage":"de"},{"@type":"Organization","@id":"https:\/\/www.kissthedesign.ch\/en\/#organization","name":"Kissthedesign","url":"https:\/\/www.kissthedesign.ch\/en\/","logo":{"@type":"ImageObject","inLanguage":"de","@id":"https:\/\/www.kissthedesign.ch\/en\/#\/schema\/logo\/image\/","url":"https:\/\/www.kissthedesign.ch\/wp\/wp-content\/uploads\/2016\/08\/ktd-logo-web.jpg","contentUrl":"https:\/\/www.kissthedesign.ch\/wp\/wp-content\/uploads\/2016\/08\/ktd-logo-web.jpg","width":450,"height":167,"caption":"Kissthedesign"},"image":{"@id":"https:\/\/www.kissthedesign.ch\/en\/#\/schema\/logo\/image\/"}}]}},"_links":{"self":[{"href":"https:\/\/www.kissthedesign.ch\/de\/wp-json\/wp\/v2\/product\/17040","targetHints":{"allow":["GET"]}}],"collection":[{"href":"https:\/\/www.kissthedesign.ch\/de\/wp-json\/wp\/v2\/product"}],"about":[{"href":"https:\/\/www.kissthedesign.ch\/de\/wp-json\/wp\/v2\/types\/product"}],"replies":[{"embeddable":true,"href":"https:\/\/www.kissthedesign.ch\/de\/wp-json\/wp\/v2\/comments?post=17040"}],"wp:featuredmedia":[{"embeddable":true,"href":"https:\/\/www.kissthedesign.ch\/de\/wp-json\/wp\/v2\/media\/17035"}],"wp:attachment":[{"href":"https:\/\/www.kissthedesign.ch\/de\/wp-json\/wp\/v2\/media?parent=17040"}],"wp:term":[{"taxonomy":"product_brand","embeddable":true,"href":"https:\/\/www.kissthedesign.ch\/de\/wp-json\/wp\/v2\/product_brand?post=17040"},{"taxonomy":"product_cat","embeddable":true,"href":"https:\/\/www.kissthedesign.ch\/de\/wp-json\/wp\/v2\/product_cat?post=17040"},{"taxonomy":"product_tag","embeddable":true,"href":"https:\/\/www.kissthedesign.ch\/de\/wp-json\/wp\/v2\/product_tag?post=17040"}],"curies":[{"name":"wp","href":"https:\/\/api.w.org\/{rel}","templated":true}]}}