{"id":17247,"date":"2017-05-23T11:29:34","date_gmt":"2017-05-23T10:29:34","guid":{"rendered":"https:\/\/www.kissthedesign.ch\/product\/miroir-fa33-gio-ponti-gubi\/"},"modified":"2020-11-14T12:20:31","modified_gmt":"2020-11-14T11:20:31","slug":"spiegel-fa33-gio-ponti-gubi","status":"publish","type":"product","link":"https:\/\/www.kissthedesign.ch\/de\/produkt\/spiegel-fa33-gio-ponti-gubi\/","title":{"rendered":"Spiegel F.A.33 | Gio Ponti | Gubi"},"content":{"rendered":"<div class=\"wpb-content-wrapper\"><p>[vc_row][vc_column][vc_column_text]<\/p>\n<h2>Wandspiegel\u00a0F.A.33, design\u00a0Gio Ponti, Gubi<\/h2>\n<p>Gio Ponti hat den F.A.33 Spiegel in 1933 f\u00fcr Fontana Arte entworfen, dass er zusammen mit Pietro Chiesa gegr\u00fcndet hat. Heute wird das Modell von Gubi in 2 Gr\u00f6\u00dfe 54 x 80 cm und 70 x 146 cm neuaufgelegt. Der kurvige Wandspiegel aus Messing zeigt klare Linie und ist ein dekoratives Highlight. F.A.33 ist ein sch\u00f6nes Beispiel Gio Ponti Eleganz und Luxus.<\/p>\n<p>Gio Ponti (1891 \u2013 1979) gilt als Vorfahrer des italienischen Modernismus, sein Stil liegt zwischen Tradition und Modernit\u00e4t. Er hat mit viele wichtigen Herstellern (Fontana Arte, Fornasetti und Cassina), Handwerker und Designern auf dekorative Designst\u00fccke zusammengearbeitet, oft mit luxuri\u00f6se Materialien, wie u.A. Glas, Keramik, Messing, Edelh\u00f6lzer.<br \/>\nEr ist bekannt als der Meister italienische Eleganz und Geschmack. Als Architekt, Designer, Domus Chefredakteur hat er einen starken Einfluss auf die Designgeschichte des 20. Jahrhundert in Italien aber auch weltweit ausge\u00fcbt.[\/vc_column_text][\/vc_column][\/vc_row][vc_row css=&#8221;.vc_custom_1488641214188{padding-top: 30px !important;}&#8221;][vc_column width=&#8221;1\/2&#8243;]\n<div class=\"wpcf7 no-js\" id=\"wpcf7-f12225-o1\" lang=\"fr-FR\" dir=\"ltr\" data-wpcf7-id=\"12225\">\n<div class=\"screen-reader-response\"><p role=\"status\" aria-live=\"polite\" aria-atomic=\"true\"><\/p> <ul><\/ul><\/div>\n<form action=\"\/de\/wp-json\/wp\/v2\/product\/17247#wpcf7-f12225-o1\" method=\"post\" class=\"wpcf7-form init\" aria-label=\"Formulaire de contact\" novalidate=\"novalidate\" data-status=\"init\">\n<fieldset class=\"hidden-fields-container\"><input type=\"hidden\" name=\"_wpcf7\" value=\"12225\" \/><input type=\"hidden\" name=\"_wpcf7_version\" value=\"6.1.5\" \/><input type=\"hidden\" name=\"_wpcf7_locale\" value=\"fr_FR\" \/><input type=\"hidden\" name=\"_wpcf7_unit_tag\" value=\"wpcf7-f12225-o1\" \/><input type=\"hidden\" name=\"_wpcf7_container_post\" value=\"0\" \/><input type=\"hidden\" name=\"_wpcf7_posted_data_hash\" value=\"\" \/><input type=\"hidden\" name=\"_wpcf7_recaptcha_response\" value=\"\" \/>\n<\/fieldset>\n\n<!-- CF7 Modules -->\n<div style='display:none;'><input type=\"hidden\" class=\"wpcf7-form-control wpcf7-hidden\" name=\"hidden-931\" placeholder=\"\" value=\"Spiegel F.A.33 | Gio Ponti | Gubi\" \/>\n<\/div>\n<!-- End CF7 Modules -->\n\n<p><b>Kontaktieren Sie uns \u00fcber diesen Artikel<\/b>\n<\/p>\n<p>Ihre Name (Pflichtfeld)\n<\/p>\n<p><span class=\"wpcf7-form-control-wrap\" data-name=\"your-name\"><input size=\"40\" maxlength=\"400\" class=\"wpcf7-form-control wpcf7-text wpcf7-validates-as-required\" aria-required=\"true\" aria-invalid=\"false\" value=\"\" type=\"text\" name=\"your-name\" \/><\/span>\n<\/p>\n<p>Ihre Email (Pflichtfeld)\n<\/p>\n<p><span class=\"wpcf7-form-control-wrap\" data-name=\"your-email\"><input size=\"40\" maxlength=\"400\" class=\"wpcf7-form-control wpcf7-email wpcf7-validates-as-required wpcf7-text wpcf7-validates-as-email\" aria-required=\"true\" aria-invalid=\"false\" value=\"\" type=\"email\" name=\"your-email\" \/><\/span>\n<\/p>\n<p>Ihre Nachricht\n<\/p>\n<p><span class=\"wpcf7-form-control-wrap\" data-name=\"your-message\"><textarea cols=\"40\" rows=\"10\" maxlength=\"2000\" class=\"wpcf7-form-control wpcf7-textarea\" aria-invalid=\"false\" name=\"your-message\"><\/textarea><\/span>\n<\/p>\n<p>Die von Ihnen eingegebenen und mit diesem Formular gesendeten Daten werden gespeichert, aber werden nie verkauft oder an Dritte weitergegeben.\n<\/p>\n<p><span class=\"wpcf7-form-control-wrap\" data-name=\"checkbox-296\"><span class=\"wpcf7-form-control wpcf7-checkbox wpcf7-validates-as-required\"><span class=\"wpcf7-list-item first last\"><input type=\"checkbox\" name=\"checkbox-296[]\" value=\"Ich akzeptiere\" \/><span class=\"wpcf7-list-item-label\">Ich akzeptiere<\/span><\/span><\/span><\/span>\n<\/p>\n<p><input class=\"wpcf7-form-control wpcf7-submit has-spinner\" type=\"submit\" value=\"Senden\" \/>\n<\/p><div class=\"wpcf7-response-output\" aria-hidden=\"true\"><\/div>\n<\/form>\n<\/div>\n[\/vc_column][vc_column width=&#8221;1\/2&#8243;][\/vc_column][\/vc_row]<\/p>\n<\/div>","protected":false},"excerpt":{"rendered":"<p>Wandspiegel, Spiegel, Messing (gl\u00e4nzend). In 2 Gr\u00f6\u00dfe erh\u00e4ltlich<br \/>\n54 x 80 cm<br \/>\n70 x 146 cm<\/p>\n","protected":false},"featured_media":17100,"comment_status":"closed","ping_status":"closed","template":"","meta":{"_monsterinsights_skip_tracking":false,"_monsterinsights_sitenote_active":false,"_monsterinsights_sitenote_note":"","_monsterinsights_sitenote_category":0},"product_brand":[],"product_cat":[156,63,62],"product_tag":[688,501,479],"class_list":{"0":"post-17247","1":"product","2":"type-product","3":"status-publish","4":"has-post-thumbnail","6":"product_cat-accessoires-und-dekoration","7":"product_cat-gubi-design-de","8":"product_cat-spiegeln-sonstiges","9":"product_tag-30er","10":"product_tag-ikonisch-design","11":"product_tag-italienisches-design","12":"product_shipping_class-post-sperrgut","14":"first","15":"instock","16":"taxable","17":"shipping-taxable","18":"purchasable","19":"product-type-variable"},"yoast_head":"<!-- This site is optimized with the Yoast SEO plugin v25.3.1 - https:\/\/yoast.com\/wordpress\/plugins\/seo\/ -->\n<title>Spiegel F.A.33 | Design Gio Ponti | Gubi | Laden in der Schweiz<\/title>\n<meta name=\"description\" content=\"Gio Ponti hat F.A.33 1933 f\u00fcr Fontana Arte entworfen. Der elegante Wandspiegel wird Heute von Gubi hergestellt. Laden f\u00fcr Designklassiker, Schweiz\" \/>\n<meta name=\"robots\" content=\"index, follow, max-snippet:-1, max-image-preview:large, max-video-preview:-1\" \/>\n<link rel=\"canonical\" href=\"https:\/\/www.kissthedesign.ch\/de\/produkt\/spiegel-fa33-gio-ponti-gubi\/\" \/>\n<meta property=\"og:locale\" content=\"de_DE\" \/>\n<meta property=\"og:type\" content=\"article\" \/>\n<meta property=\"og:title\" content=\"Spiegel F.A.33 | Design Gio Ponti | Gubi | Laden in der Schweiz\" \/>\n<meta property=\"og:description\" content=\"Gio Ponti hat F.A.33 1933 f\u00fcr Fontana Arte entworfen. Der elegante Wandspiegel wird Heute von Gubi hergestellt. Laden f\u00fcr Designklassiker, Schweiz\" \/>\n<meta property=\"og:url\" content=\"https:\/\/www.kissthedesign.ch\/de\/produkt\/spiegel-fa33-gio-ponti-gubi\/\" \/>\n<meta property=\"og:site_name\" content=\"kissthedesign\" \/>\n<meta property=\"article:modified_time\" content=\"2020-11-14T11:20:31+00:00\" \/>\n<meta property=\"og:image\" content=\"https:\/\/www.kissthedesign.ch\/wp\/wp-content\/uploads\/2017\/05\/Gio-ponti-FA-33_miroir_80_laiton-gubi.jpg\" \/>\n\t<meta property=\"og:image:width\" content=\"800\" \/>\n\t<meta property=\"og:image:height\" content=\"667\" \/>\n\t<meta property=\"og:image:type\" content=\"image\/jpeg\" \/>\n<meta name=\"twitter:label1\" content=\"Gesch\u00e4tzte Lesezeit\" \/>\n\t<meta name=\"twitter:data1\" content=\"1\u00a0Minute\" \/>\n<script type=\"application\/ld+json\" class=\"yoast-schema-graph\">{\"@context\":\"https:\/\/schema.org\",\"@graph\":[{\"@type\":\"WebPage\",\"@id\":\"https:\/\/www.kissthedesign.ch\/de\/produkt\/spiegel-fa33-gio-ponti-gubi\/\",\"url\":\"https:\/\/www.kissthedesign.ch\/de\/produkt\/spiegel-fa33-gio-ponti-gubi\/\",\"name\":\"Spiegel F.A.33 | Design Gio Ponti | Gubi | Laden in der Schweiz\",\"isPartOf\":{\"@id\":\"https:\/\/www.kissthedesign.ch\/en\/#website\"},\"primaryImageOfPage\":{\"@id\":\"https:\/\/www.kissthedesign.ch\/de\/produkt\/spiegel-fa33-gio-ponti-gubi\/#primaryimage\"},\"image\":{\"@id\":\"https:\/\/www.kissthedesign.ch\/de\/produkt\/spiegel-fa33-gio-ponti-gubi\/#primaryimage\"},\"thumbnailUrl\":\"https:\/\/www.kissthedesign.ch\/wp\/wp-content\/uploads\/2017\/05\/Gio-ponti-FA-33_miroir_80_laiton-gubi.jpg\",\"datePublished\":\"2017-05-23T10:29:34+00:00\",\"dateModified\":\"2020-11-14T11:20:31+00:00\",\"description\":\"Gio Ponti hat F.A.33 1933 f\u00fcr Fontana Arte entworfen. Der elegante Wandspiegel wird Heute von Gubi hergestellt. Laden f\u00fcr Designklassiker, Schweiz\",\"breadcrumb\":{\"@id\":\"https:\/\/www.kissthedesign.ch\/de\/produkt\/spiegel-fa33-gio-ponti-gubi\/#breadcrumb\"},\"inLanguage\":\"de\",\"potentialAction\":[{\"@type\":\"ReadAction\",\"target\":[\"https:\/\/www.kissthedesign.ch\/de\/produkt\/spiegel-fa33-gio-ponti-gubi\/\"]}]},{\"@type\":\"ImageObject\",\"inLanguage\":\"de\",\"@id\":\"https:\/\/www.kissthedesign.ch\/de\/produkt\/spiegel-fa33-gio-ponti-gubi\/#primaryimage\",\"url\":\"https:\/\/www.kissthedesign.ch\/wp\/wp-content\/uploads\/2017\/05\/Gio-ponti-FA-33_miroir_80_laiton-gubi.jpg\",\"contentUrl\":\"https:\/\/www.kissthedesign.ch\/wp\/wp-content\/uploads\/2017\/05\/Gio-ponti-FA-33_miroir_80_laiton-gubi.jpg\",\"width\":800,\"height\":667,\"caption\":\"Spiegel F.A.33 M, Gio Ponti, Gubi\"},{\"@type\":\"BreadcrumbList\",\"@id\":\"https:\/\/www.kissthedesign.ch\/de\/produkt\/spiegel-fa33-gio-ponti-gubi\/#breadcrumb\",\"itemListElement\":[{\"@type\":\"ListItem\",\"position\":1,\"name\":\"Accueil\",\"item\":\"https:\/\/www.kissthedesign.ch\/de\/\"},{\"@type\":\"ListItem\",\"position\":2,\"name\":\"Laden\",\"item\":\"https:\/\/www.kissthedesign.ch\/de\/laden\/\"},{\"@type\":\"ListItem\",\"position\":3,\"name\":\"Spiegel F.A.33 | Gio Ponti | Gubi\"}]},{\"@type\":\"WebSite\",\"@id\":\"https:\/\/www.kissthedesign.ch\/en\/#website\",\"url\":\"https:\/\/www.kissthedesign.ch\/en\/\",\"name\":\"kissthedesign\",\"description\":\"Kissthedesign, Lausanne, Suisse. Mobilier du XXe, design vintage\",\"publisher\":{\"@id\":\"https:\/\/www.kissthedesign.ch\/en\/#organization\"},\"potentialAction\":[{\"@type\":\"SearchAction\",\"target\":{\"@type\":\"EntryPoint\",\"urlTemplate\":\"https:\/\/www.kissthedesign.ch\/en\/?s={search_term_string}\"},\"query-input\":{\"@type\":\"PropertyValueSpecification\",\"valueRequired\":true,\"valueName\":\"search_term_string\"}}],\"inLanguage\":\"de\"},{\"@type\":\"Organization\",\"@id\":\"https:\/\/www.kissthedesign.ch\/en\/#organization\",\"name\":\"Kissthedesign\",\"url\":\"https:\/\/www.kissthedesign.ch\/en\/\",\"logo\":{\"@type\":\"ImageObject\",\"inLanguage\":\"de\",\"@id\":\"https:\/\/www.kissthedesign.ch\/en\/#\/schema\/logo\/image\/\",\"url\":\"https:\/\/www.kissthedesign.ch\/wp\/wp-content\/uploads\/2016\/08\/ktd-logo-web.jpg\",\"contentUrl\":\"https:\/\/www.kissthedesign.ch\/wp\/wp-content\/uploads\/2016\/08\/ktd-logo-web.jpg\",\"width\":450,\"height\":167,\"caption\":\"Kissthedesign\"},\"image\":{\"@id\":\"https:\/\/www.kissthedesign.ch\/en\/#\/schema\/logo\/image\/\"}}]}<\/script>\n<!-- \/ Yoast SEO plugin. -->","yoast_head_json":{"title":"Spiegel F.A.33 | Design Gio Ponti | Gubi | Laden in der Schweiz","description":"Gio Ponti hat F.A.33 1933 f\u00fcr Fontana Arte entworfen. Der elegante Wandspiegel wird Heute von Gubi hergestellt. Laden f\u00fcr Designklassiker, Schweiz","robots":{"index":"index","follow":"follow","max-snippet":"max-snippet:-1","max-image-preview":"max-image-preview:large","max-video-preview":"max-video-preview:-1"},"canonical":"https:\/\/www.kissthedesign.ch\/de\/produkt\/spiegel-fa33-gio-ponti-gubi\/","og_locale":"de_DE","og_type":"article","og_title":"Spiegel F.A.33 | Design Gio Ponti | Gubi | Laden in der Schweiz","og_description":"Gio Ponti hat F.A.33 1933 f\u00fcr Fontana Arte entworfen. Der elegante Wandspiegel wird Heute von Gubi hergestellt. Laden f\u00fcr Designklassiker, Schweiz","og_url":"https:\/\/www.kissthedesign.ch\/de\/produkt\/spiegel-fa33-gio-ponti-gubi\/","og_site_name":"kissthedesign","article_modified_time":"2020-11-14T11:20:31+00:00","og_image":[{"width":800,"height":667,"url":"https:\/\/www.kissthedesign.ch\/wp\/wp-content\/uploads\/2017\/05\/Gio-ponti-FA-33_miroir_80_laiton-gubi.jpg","type":"image\/jpeg"}],"twitter_misc":{"Gesch\u00e4tzte Lesezeit":"1\u00a0Minute"},"schema":{"@context":"https:\/\/schema.org","@graph":[{"@type":"WebPage","@id":"https:\/\/www.kissthedesign.ch\/de\/produkt\/spiegel-fa33-gio-ponti-gubi\/","url":"https:\/\/www.kissthedesign.ch\/de\/produkt\/spiegel-fa33-gio-ponti-gubi\/","name":"Spiegel F.A.33 | Design Gio Ponti | Gubi | Laden in der Schweiz","isPartOf":{"@id":"https:\/\/www.kissthedesign.ch\/en\/#website"},"primaryImageOfPage":{"@id":"https:\/\/www.kissthedesign.ch\/de\/produkt\/spiegel-fa33-gio-ponti-gubi\/#primaryimage"},"image":{"@id":"https:\/\/www.kissthedesign.ch\/de\/produkt\/spiegel-fa33-gio-ponti-gubi\/#primaryimage"},"thumbnailUrl":"https:\/\/www.kissthedesign.ch\/wp\/wp-content\/uploads\/2017\/05\/Gio-ponti-FA-33_miroir_80_laiton-gubi.jpg","datePublished":"2017-05-23T10:29:34+00:00","dateModified":"2020-11-14T11:20:31+00:00","description":"Gio Ponti hat F.A.33 1933 f\u00fcr Fontana Arte entworfen. Der elegante Wandspiegel wird Heute von Gubi hergestellt. Laden f\u00fcr Designklassiker, Schweiz","breadcrumb":{"@id":"https:\/\/www.kissthedesign.ch\/de\/produkt\/spiegel-fa33-gio-ponti-gubi\/#breadcrumb"},"inLanguage":"de","potentialAction":[{"@type":"ReadAction","target":["https:\/\/www.kissthedesign.ch\/de\/produkt\/spiegel-fa33-gio-ponti-gubi\/"]}]},{"@type":"ImageObject","inLanguage":"de","@id":"https:\/\/www.kissthedesign.ch\/de\/produkt\/spiegel-fa33-gio-ponti-gubi\/#primaryimage","url":"https:\/\/www.kissthedesign.ch\/wp\/wp-content\/uploads\/2017\/05\/Gio-ponti-FA-33_miroir_80_laiton-gubi.jpg","contentUrl":"https:\/\/www.kissthedesign.ch\/wp\/wp-content\/uploads\/2017\/05\/Gio-ponti-FA-33_miroir_80_laiton-gubi.jpg","width":800,"height":667,"caption":"Spiegel F.A.33 M, Gio Ponti, Gubi"},{"@type":"BreadcrumbList","@id":"https:\/\/www.kissthedesign.ch\/de\/produkt\/spiegel-fa33-gio-ponti-gubi\/#breadcrumb","itemListElement":[{"@type":"ListItem","position":1,"name":"Accueil","item":"https:\/\/www.kissthedesign.ch\/de\/"},{"@type":"ListItem","position":2,"name":"Laden","item":"https:\/\/www.kissthedesign.ch\/de\/laden\/"},{"@type":"ListItem","position":3,"name":"Spiegel F.A.33 | Gio Ponti | Gubi"}]},{"@type":"WebSite","@id":"https:\/\/www.kissthedesign.ch\/en\/#website","url":"https:\/\/www.kissthedesign.ch\/en\/","name":"kissthedesign","description":"Kissthedesign, Lausanne, Suisse. Mobilier du XXe, design vintage","publisher":{"@id":"https:\/\/www.kissthedesign.ch\/en\/#organization"},"potentialAction":[{"@type":"SearchAction","target":{"@type":"EntryPoint","urlTemplate":"https:\/\/www.kissthedesign.ch\/en\/?s={search_term_string}"},"query-input":{"@type":"PropertyValueSpecification","valueRequired":true,"valueName":"search_term_string"}}],"inLanguage":"de"},{"@type":"Organization","@id":"https:\/\/www.kissthedesign.ch\/en\/#organization","name":"Kissthedesign","url":"https:\/\/www.kissthedesign.ch\/en\/","logo":{"@type":"ImageObject","inLanguage":"de","@id":"https:\/\/www.kissthedesign.ch\/en\/#\/schema\/logo\/image\/","url":"https:\/\/www.kissthedesign.ch\/wp\/wp-content\/uploads\/2016\/08\/ktd-logo-web.jpg","contentUrl":"https:\/\/www.kissthedesign.ch\/wp\/wp-content\/uploads\/2016\/08\/ktd-logo-web.jpg","width":450,"height":167,"caption":"Kissthedesign"},"image":{"@id":"https:\/\/www.kissthedesign.ch\/en\/#\/schema\/logo\/image\/"}}]}},"_links":{"self":[{"href":"https:\/\/www.kissthedesign.ch\/de\/wp-json\/wp\/v2\/product\/17247","targetHints":{"allow":["GET"]}}],"collection":[{"href":"https:\/\/www.kissthedesign.ch\/de\/wp-json\/wp\/v2\/product"}],"about":[{"href":"https:\/\/www.kissthedesign.ch\/de\/wp-json\/wp\/v2\/types\/product"}],"replies":[{"embeddable":true,"href":"https:\/\/www.kissthedesign.ch\/de\/wp-json\/wp\/v2\/comments?post=17247"}],"wp:featuredmedia":[{"embeddable":true,"href":"https:\/\/www.kissthedesign.ch\/de\/wp-json\/wp\/v2\/media\/17100"}],"wp:attachment":[{"href":"https:\/\/www.kissthedesign.ch\/de\/wp-json\/wp\/v2\/media?parent=17247"}],"wp:term":[{"taxonomy":"product_brand","embeddable":true,"href":"https:\/\/www.kissthedesign.ch\/de\/wp-json\/wp\/v2\/product_brand?post=17247"},{"taxonomy":"product_cat","embeddable":true,"href":"https:\/\/www.kissthedesign.ch\/de\/wp-json\/wp\/v2\/product_cat?post=17247"},{"taxonomy":"product_tag","embeddable":true,"href":"https:\/\/www.kissthedesign.ch\/de\/wp-json\/wp\/v2\/product_tag?post=17247"}],"curies":[{"name":"wp","href":"https:\/\/api.w.org\/{rel}","templated":true}]}}