{"id":17256,"date":"2017-05-22T18:37:25","date_gmt":"2017-05-22T17:37:25","guid":{"rendered":"https:\/\/www.kissthedesign.ch\/product\/miroir-randaccio-gio-ponti-gubi\/"},"modified":"2018-11-28T20:01:02","modified_gmt":"2018-11-28T19:01:02","slug":"randaccio-spiegel-gio-ponti-gubi","status":"publish","type":"product","link":"https:\/\/www.kissthedesign.ch\/de\/produkt\/randaccio-spiegel-gio-ponti-gubi\/","title":{"rendered":"Randaccio Spiegel | Gio Ponti | Gubi"},"content":{"rendered":"<div class=\"wpb-content-wrapper\"><p>[vc_row][vc_column][vc_column_text]<\/p>\n<h2>Spiegel\u00a0Randaccio, design\u00a0Gio Ponti, Gubi<\/h2>\n<p>Der Randaccio Spiegel wurde 1925 von Gio Ponti f\u00fcr sein eigenes Haus Via Randaccio in Mailand entworfen. Der elegante Wandspiegel zeigt ein Kronendekor, typisch f\u00fcr die Produktion des modernistischen Meister. Dank seinen 20er Jahren Stil bringt der runde Spiegel Klasse in jedem Interieur. Das Randaccio ist in 3 Gr\u00f6\u00dfen, \u00f8 42 cm, \u00f8 60 cm, \u00f8 70 cm erh\u00e4ltlich, deshalb l\u00e4sst es sich leicht in jeden Raum integrieren und kann sch\u00f6n kombiniert werden.<\/p>\n<p>Gio Ponti (1891 \u2013 1979) gilt als Vorfahrer des italienischen Modernismus, sein Stil liegt zwischen Tradition und Modernit\u00e4t. Er hat mit viele wichtigen Herstellern (Fontana Arte, Fornasetti und Cassina), Handwerker und Designern auf dekorative Designst\u00fccke zusammengearbeitet, oft mit luxuri\u00f6se Materialien, wie u.A. Glas, Keramik, Messing, Edelh\u00f6lzer.<br \/>\nEr ist bekannt als der Meister italienische Eleganz und Geschmack. Als Architekt, Designer, Domus Chefredakteur hat er einen starken Einfluss auf die Designgeschichte des 20. Jahrhundert in Italien aber auch weltweit ausge\u00fcbt.[\/vc_column_text][\/vc_column][\/vc_row][vc_row css=&#8221;.vc_custom_1488641214188{padding-top: 30px !important;}&#8221;][vc_column width=&#8221;1\/2&#8243;]\n<div class=\"wpcf7 no-js\" id=\"wpcf7-f12225-o1\" lang=\"fr-FR\" dir=\"ltr\" data-wpcf7-id=\"12225\">\n<div class=\"screen-reader-response\"><p role=\"status\" aria-live=\"polite\" aria-atomic=\"true\"><\/p> <ul><\/ul><\/div>\n<form action=\"\/de\/wp-json\/wp\/v2\/product\/17256#wpcf7-f12225-o1\" method=\"post\" class=\"wpcf7-form init\" aria-label=\"Formulaire de contact\" novalidate=\"novalidate\" data-status=\"init\">\n<fieldset class=\"hidden-fields-container\"><input type=\"hidden\" name=\"_wpcf7\" value=\"12225\" \/><input type=\"hidden\" name=\"_wpcf7_version\" value=\"6.1.5\" \/><input type=\"hidden\" name=\"_wpcf7_locale\" value=\"fr_FR\" \/><input type=\"hidden\" name=\"_wpcf7_unit_tag\" value=\"wpcf7-f12225-o1\" \/><input type=\"hidden\" name=\"_wpcf7_container_post\" value=\"0\" \/><input type=\"hidden\" name=\"_wpcf7_posted_data_hash\" value=\"\" \/><input type=\"hidden\" name=\"_wpcf7_recaptcha_response\" value=\"\" \/>\n<\/fieldset>\n\n<!-- CF7 Modules -->\n<div style='display:none;'><input type=\"hidden\" class=\"wpcf7-form-control wpcf7-hidden\" name=\"hidden-931\" placeholder=\"\" value=\"Randaccio Spiegel | Gio Ponti | Gubi\" \/>\n<\/div>\n<!-- End CF7 Modules -->\n\n<p><b>Kontaktieren Sie uns \u00fcber diesen Artikel<\/b>\n<\/p>\n<p>Ihre Name (Pflichtfeld)\n<\/p>\n<p><span class=\"wpcf7-form-control-wrap\" data-name=\"your-name\"><input size=\"40\" maxlength=\"400\" class=\"wpcf7-form-control wpcf7-text wpcf7-validates-as-required\" aria-required=\"true\" aria-invalid=\"false\" value=\"\" type=\"text\" name=\"your-name\" \/><\/span>\n<\/p>\n<p>Ihre Email (Pflichtfeld)\n<\/p>\n<p><span class=\"wpcf7-form-control-wrap\" data-name=\"your-email\"><input size=\"40\" maxlength=\"400\" class=\"wpcf7-form-control wpcf7-email wpcf7-validates-as-required wpcf7-text wpcf7-validates-as-email\" aria-required=\"true\" aria-invalid=\"false\" value=\"\" type=\"email\" name=\"your-email\" \/><\/span>\n<\/p>\n<p>Ihre Nachricht\n<\/p>\n<p><span class=\"wpcf7-form-control-wrap\" data-name=\"your-message\"><textarea cols=\"40\" rows=\"10\" maxlength=\"2000\" class=\"wpcf7-form-control wpcf7-textarea\" aria-invalid=\"false\" name=\"your-message\"><\/textarea><\/span>\n<\/p>\n<p>Die von Ihnen eingegebenen und mit diesem Formular gesendeten Daten werden gespeichert, aber werden nie verkauft oder an Dritte weitergegeben.\n<\/p>\n<p><span class=\"wpcf7-form-control-wrap\" data-name=\"checkbox-296\"><span class=\"wpcf7-form-control wpcf7-checkbox wpcf7-validates-as-required\"><span class=\"wpcf7-list-item first last\"><input type=\"checkbox\" name=\"checkbox-296[]\" value=\"Ich akzeptiere\" \/><span class=\"wpcf7-list-item-label\">Ich akzeptiere<\/span><\/span><\/span><\/span>\n<\/p>\n<p><input class=\"wpcf7-form-control wpcf7-submit has-spinner\" type=\"submit\" value=\"Senden\" \/>\n<\/p><div class=\"wpcf7-response-output\" aria-hidden=\"true\"><\/div>\n<\/form>\n<\/div>\n[\/vc_column][vc_column width=&#8221;1\/2&#8243;][\/vc_column][\/vc_row]<\/p>\n<\/div>","protected":false},"excerpt":{"rendered":"<p>Wandspiegel, Spiegel, Messing \u201cvintage\u201d verarbeitet. Erh\u00e4ltlich in 3 Gr\u00f6\u00dfen.<\/p>\n","protected":false},"featured_media":17075,"comment_status":"closed","ping_status":"closed","template":"","meta":{"_monsterinsights_skip_tracking":false,"_monsterinsights_sitenote_active":false,"_monsterinsights_sitenote_note":"","_monsterinsights_sitenote_category":0},"product_brand":[],"product_cat":[156,63,62],"product_tag":[699,501,479],"class_list":{"0":"post-17256","1":"product","2":"type-product","3":"status-publish","4":"has-post-thumbnail","6":"product_cat-accessoires-und-dekoration","7":"product_cat-gubi-design-de","8":"product_cat-spiegeln-sonstiges","9":"product_tag-zwanziger","10":"product_tag-ikonisch-design","11":"product_tag-italienisches-design","12":"product_shipping_class-post-sperrgut","14":"first","15":"onbackorder","16":"taxable","17":"shipping-taxable","18":"purchasable","19":"product-type-variable"},"yoast_head":"<!-- This site is optimized with the Yoast SEO plugin v25.3.1 - https:\/\/yoast.com\/wordpress\/plugins\/seo\/ -->\n<title>Randaccio Spiegel | Design Gio Ponti | Gubi | Lausanne, Suisse<\/title>\n<meta name=\"description\" content=\"Bringen Sie italienisches Chic zu Hause mit dem Randaccio Spiegel von Gio Ponti! Kaufen Sie Designklassiker von Gubi in einem schweizer Laden!\" \/>\n<meta name=\"robots\" content=\"index, follow, max-snippet:-1, max-image-preview:large, max-video-preview:-1\" \/>\n<link rel=\"canonical\" href=\"https:\/\/www.kissthedesign.ch\/de\/produkt\/randaccio-spiegel-gio-ponti-gubi\/\" \/>\n<meta property=\"og:locale\" content=\"de_DE\" \/>\n<meta property=\"og:type\" content=\"article\" \/>\n<meta property=\"og:title\" content=\"Randaccio Spiegel | Design Gio Ponti | Gubi | Lausanne, Suisse\" \/>\n<meta property=\"og:description\" content=\"Bringen Sie italienisches Chic zu Hause mit dem Randaccio Spiegel von Gio Ponti! Kaufen Sie Designklassiker von Gubi in einem schweizer Laden!\" \/>\n<meta property=\"og:url\" content=\"https:\/\/www.kissthedesign.ch\/de\/produkt\/randaccio-spiegel-gio-ponti-gubi\/\" \/>\n<meta property=\"og:site_name\" content=\"kissthedesign\" \/>\n<meta property=\"article:modified_time\" content=\"2018-11-28T19:01:02+00:00\" \/>\n<meta property=\"og:image\" content=\"https:\/\/www.kissthedesign.ch\/wp\/wp-content\/uploads\/2017\/05\/GioPonti-miroir-Randaccio-70cm-Gamfratesi-TSConsole-Gubi.jpg\" \/>\n\t<meta property=\"og:image:width\" content=\"800\" \/>\n\t<meta property=\"og:image:height\" content=\"730\" \/>\n\t<meta property=\"og:image:type\" content=\"image\/jpeg\" \/>\n<meta name=\"twitter:label1\" content=\"Gesch\u00e4tzte Lesezeit\" \/>\n\t<meta name=\"twitter:data1\" content=\"1\u00a0Minute\" \/>\n<script type=\"application\/ld+json\" class=\"yoast-schema-graph\">{\"@context\":\"https:\/\/schema.org\",\"@graph\":[{\"@type\":\"WebPage\",\"@id\":\"https:\/\/www.kissthedesign.ch\/de\/produkt\/randaccio-spiegel-gio-ponti-gubi\/\",\"url\":\"https:\/\/www.kissthedesign.ch\/de\/produkt\/randaccio-spiegel-gio-ponti-gubi\/\",\"name\":\"Randaccio Spiegel | Design Gio Ponti | Gubi | Lausanne, Suisse\",\"isPartOf\":{\"@id\":\"https:\/\/www.kissthedesign.ch\/en\/#website\"},\"primaryImageOfPage\":{\"@id\":\"https:\/\/www.kissthedesign.ch\/de\/produkt\/randaccio-spiegel-gio-ponti-gubi\/#primaryimage\"},\"image\":{\"@id\":\"https:\/\/www.kissthedesign.ch\/de\/produkt\/randaccio-spiegel-gio-ponti-gubi\/#primaryimage\"},\"thumbnailUrl\":\"https:\/\/www.kissthedesign.ch\/wp\/wp-content\/uploads\/2017\/05\/GioPonti-miroir-Randaccio-70cm-Gamfratesi-TSConsole-Gubi.jpg\",\"datePublished\":\"2017-05-22T17:37:25+00:00\",\"dateModified\":\"2018-11-28T19:01:02+00:00\",\"description\":\"Bringen Sie italienisches Chic zu Hause mit dem Randaccio Spiegel von Gio Ponti! Kaufen Sie Designklassiker von Gubi in einem schweizer Laden!\",\"breadcrumb\":{\"@id\":\"https:\/\/www.kissthedesign.ch\/de\/produkt\/randaccio-spiegel-gio-ponti-gubi\/#breadcrumb\"},\"inLanguage\":\"de\",\"potentialAction\":[{\"@type\":\"ReadAction\",\"target\":[\"https:\/\/www.kissthedesign.ch\/de\/produkt\/randaccio-spiegel-gio-ponti-gubi\/\"]}]},{\"@type\":\"ImageObject\",\"inLanguage\":\"de\",\"@id\":\"https:\/\/www.kissthedesign.ch\/de\/produkt\/randaccio-spiegel-gio-ponti-gubi\/#primaryimage\",\"url\":\"https:\/\/www.kissthedesign.ch\/wp\/wp-content\/uploads\/2017\/05\/GioPonti-miroir-Randaccio-70cm-Gamfratesi-TSConsole-Gubi.jpg\",\"contentUrl\":\"https:\/\/www.kissthedesign.ch\/wp\/wp-content\/uploads\/2017\/05\/GioPonti-miroir-Randaccio-70cm-Gamfratesi-TSConsole-Gubi.jpg\",\"width\":800,\"height\":730,\"caption\":\"Randaccio Spiegel, \u00f8 70 cm, Gio Ponti, Gubi\"},{\"@type\":\"BreadcrumbList\",\"@id\":\"https:\/\/www.kissthedesign.ch\/de\/produkt\/randaccio-spiegel-gio-ponti-gubi\/#breadcrumb\",\"itemListElement\":[{\"@type\":\"ListItem\",\"position\":1,\"name\":\"Accueil\",\"item\":\"https:\/\/www.kissthedesign.ch\/de\/\"},{\"@type\":\"ListItem\",\"position\":2,\"name\":\"Laden\",\"item\":\"https:\/\/www.kissthedesign.ch\/de\/laden\/\"},{\"@type\":\"ListItem\",\"position\":3,\"name\":\"Randaccio Spiegel | Gio Ponti | Gubi\"}]},{\"@type\":\"WebSite\",\"@id\":\"https:\/\/www.kissthedesign.ch\/en\/#website\",\"url\":\"https:\/\/www.kissthedesign.ch\/en\/\",\"name\":\"kissthedesign\",\"description\":\"Kissthedesign, Lausanne, Suisse. Mobilier du XXe, design vintage\",\"publisher\":{\"@id\":\"https:\/\/www.kissthedesign.ch\/en\/#organization\"},\"potentialAction\":[{\"@type\":\"SearchAction\",\"target\":{\"@type\":\"EntryPoint\",\"urlTemplate\":\"https:\/\/www.kissthedesign.ch\/en\/?s={search_term_string}\"},\"query-input\":{\"@type\":\"PropertyValueSpecification\",\"valueRequired\":true,\"valueName\":\"search_term_string\"}}],\"inLanguage\":\"de\"},{\"@type\":\"Organization\",\"@id\":\"https:\/\/www.kissthedesign.ch\/en\/#organization\",\"name\":\"Kissthedesign\",\"url\":\"https:\/\/www.kissthedesign.ch\/en\/\",\"logo\":{\"@type\":\"ImageObject\",\"inLanguage\":\"de\",\"@id\":\"https:\/\/www.kissthedesign.ch\/en\/#\/schema\/logo\/image\/\",\"url\":\"https:\/\/www.kissthedesign.ch\/wp\/wp-content\/uploads\/2016\/08\/ktd-logo-web.jpg\",\"contentUrl\":\"https:\/\/www.kissthedesign.ch\/wp\/wp-content\/uploads\/2016\/08\/ktd-logo-web.jpg\",\"width\":450,\"height\":167,\"caption\":\"Kissthedesign\"},\"image\":{\"@id\":\"https:\/\/www.kissthedesign.ch\/en\/#\/schema\/logo\/image\/\"}}]}<\/script>\n<!-- \/ Yoast SEO plugin. -->","yoast_head_json":{"title":"Randaccio Spiegel | Design Gio Ponti | Gubi | Lausanne, Suisse","description":"Bringen Sie italienisches Chic zu Hause mit dem Randaccio Spiegel von Gio Ponti! Kaufen Sie Designklassiker von Gubi in einem schweizer Laden!","robots":{"index":"index","follow":"follow","max-snippet":"max-snippet:-1","max-image-preview":"max-image-preview:large","max-video-preview":"max-video-preview:-1"},"canonical":"https:\/\/www.kissthedesign.ch\/de\/produkt\/randaccio-spiegel-gio-ponti-gubi\/","og_locale":"de_DE","og_type":"article","og_title":"Randaccio Spiegel | Design Gio Ponti | Gubi | Lausanne, Suisse","og_description":"Bringen Sie italienisches Chic zu Hause mit dem Randaccio Spiegel von Gio Ponti! Kaufen Sie Designklassiker von Gubi in einem schweizer Laden!","og_url":"https:\/\/www.kissthedesign.ch\/de\/produkt\/randaccio-spiegel-gio-ponti-gubi\/","og_site_name":"kissthedesign","article_modified_time":"2018-11-28T19:01:02+00:00","og_image":[{"width":800,"height":730,"url":"https:\/\/www.kissthedesign.ch\/wp\/wp-content\/uploads\/2017\/05\/GioPonti-miroir-Randaccio-70cm-Gamfratesi-TSConsole-Gubi.jpg","type":"image\/jpeg"}],"twitter_misc":{"Gesch\u00e4tzte Lesezeit":"1\u00a0Minute"},"schema":{"@context":"https:\/\/schema.org","@graph":[{"@type":"WebPage","@id":"https:\/\/www.kissthedesign.ch\/de\/produkt\/randaccio-spiegel-gio-ponti-gubi\/","url":"https:\/\/www.kissthedesign.ch\/de\/produkt\/randaccio-spiegel-gio-ponti-gubi\/","name":"Randaccio Spiegel | Design Gio Ponti | Gubi | Lausanne, Suisse","isPartOf":{"@id":"https:\/\/www.kissthedesign.ch\/en\/#website"},"primaryImageOfPage":{"@id":"https:\/\/www.kissthedesign.ch\/de\/produkt\/randaccio-spiegel-gio-ponti-gubi\/#primaryimage"},"image":{"@id":"https:\/\/www.kissthedesign.ch\/de\/produkt\/randaccio-spiegel-gio-ponti-gubi\/#primaryimage"},"thumbnailUrl":"https:\/\/www.kissthedesign.ch\/wp\/wp-content\/uploads\/2017\/05\/GioPonti-miroir-Randaccio-70cm-Gamfratesi-TSConsole-Gubi.jpg","datePublished":"2017-05-22T17:37:25+00:00","dateModified":"2018-11-28T19:01:02+00:00","description":"Bringen Sie italienisches Chic zu Hause mit dem Randaccio Spiegel von Gio Ponti! Kaufen Sie Designklassiker von Gubi in einem schweizer Laden!","breadcrumb":{"@id":"https:\/\/www.kissthedesign.ch\/de\/produkt\/randaccio-spiegel-gio-ponti-gubi\/#breadcrumb"},"inLanguage":"de","potentialAction":[{"@type":"ReadAction","target":["https:\/\/www.kissthedesign.ch\/de\/produkt\/randaccio-spiegel-gio-ponti-gubi\/"]}]},{"@type":"ImageObject","inLanguage":"de","@id":"https:\/\/www.kissthedesign.ch\/de\/produkt\/randaccio-spiegel-gio-ponti-gubi\/#primaryimage","url":"https:\/\/www.kissthedesign.ch\/wp\/wp-content\/uploads\/2017\/05\/GioPonti-miroir-Randaccio-70cm-Gamfratesi-TSConsole-Gubi.jpg","contentUrl":"https:\/\/www.kissthedesign.ch\/wp\/wp-content\/uploads\/2017\/05\/GioPonti-miroir-Randaccio-70cm-Gamfratesi-TSConsole-Gubi.jpg","width":800,"height":730,"caption":"Randaccio Spiegel, \u00f8 70 cm, Gio Ponti, Gubi"},{"@type":"BreadcrumbList","@id":"https:\/\/www.kissthedesign.ch\/de\/produkt\/randaccio-spiegel-gio-ponti-gubi\/#breadcrumb","itemListElement":[{"@type":"ListItem","position":1,"name":"Accueil","item":"https:\/\/www.kissthedesign.ch\/de\/"},{"@type":"ListItem","position":2,"name":"Laden","item":"https:\/\/www.kissthedesign.ch\/de\/laden\/"},{"@type":"ListItem","position":3,"name":"Randaccio Spiegel | Gio Ponti | Gubi"}]},{"@type":"WebSite","@id":"https:\/\/www.kissthedesign.ch\/en\/#website","url":"https:\/\/www.kissthedesign.ch\/en\/","name":"kissthedesign","description":"Kissthedesign, Lausanne, Suisse. Mobilier du XXe, design vintage","publisher":{"@id":"https:\/\/www.kissthedesign.ch\/en\/#organization"},"potentialAction":[{"@type":"SearchAction","target":{"@type":"EntryPoint","urlTemplate":"https:\/\/www.kissthedesign.ch\/en\/?s={search_term_string}"},"query-input":{"@type":"PropertyValueSpecification","valueRequired":true,"valueName":"search_term_string"}}],"inLanguage":"de"},{"@type":"Organization","@id":"https:\/\/www.kissthedesign.ch\/en\/#organization","name":"Kissthedesign","url":"https:\/\/www.kissthedesign.ch\/en\/","logo":{"@type":"ImageObject","inLanguage":"de","@id":"https:\/\/www.kissthedesign.ch\/en\/#\/schema\/logo\/image\/","url":"https:\/\/www.kissthedesign.ch\/wp\/wp-content\/uploads\/2016\/08\/ktd-logo-web.jpg","contentUrl":"https:\/\/www.kissthedesign.ch\/wp\/wp-content\/uploads\/2016\/08\/ktd-logo-web.jpg","width":450,"height":167,"caption":"Kissthedesign"},"image":{"@id":"https:\/\/www.kissthedesign.ch\/en\/#\/schema\/logo\/image\/"}}]}},"_links":{"self":[{"href":"https:\/\/www.kissthedesign.ch\/de\/wp-json\/wp\/v2\/product\/17256","targetHints":{"allow":["GET"]}}],"collection":[{"href":"https:\/\/www.kissthedesign.ch\/de\/wp-json\/wp\/v2\/product"}],"about":[{"href":"https:\/\/www.kissthedesign.ch\/de\/wp-json\/wp\/v2\/types\/product"}],"replies":[{"embeddable":true,"href":"https:\/\/www.kissthedesign.ch\/de\/wp-json\/wp\/v2\/comments?post=17256"}],"wp:featuredmedia":[{"embeddable":true,"href":"https:\/\/www.kissthedesign.ch\/de\/wp-json\/wp\/v2\/media\/17075"}],"wp:attachment":[{"href":"https:\/\/www.kissthedesign.ch\/de\/wp-json\/wp\/v2\/media?parent=17256"}],"wp:term":[{"taxonomy":"product_brand","embeddable":true,"href":"https:\/\/www.kissthedesign.ch\/de\/wp-json\/wp\/v2\/product_brand?post=17256"},{"taxonomy":"product_cat","embeddable":true,"href":"https:\/\/www.kissthedesign.ch\/de\/wp-json\/wp\/v2\/product_cat?post=17256"},{"taxonomy":"product_tag","embeddable":true,"href":"https:\/\/www.kissthedesign.ch\/de\/wp-json\/wp\/v2\/product_tag?post=17256"}],"curies":[{"name":"wp","href":"https:\/\/api.w.org\/{rel}","templated":true}]}}