{"id":17355,"date":"2017-07-01T10:07:13","date_gmt":"2017-07-01T09:07:16","guid":{"rendered":"https:\/\/www.kissthedesign.ch\/?post_type=product&#038;p=17355\/"},"modified":"2017-07-01T15:10:28","modified_gmt":"2017-07-01T14:10:28","slug":"jean-prouve-grand-repos-tecta","status":"publish","type":"product","link":"https:\/\/www.kissthedesign.ch\/de\/produkt\/jean-prouve-grand-repos-tecta\/","title":{"rendered":"Jean Prouv\u00e9 | Grand Repos Sessel | Tecta"},"content":{"rendered":"<div class=\"wpb-content-wrapper\"><p>[vc_row][vc_column][vc_column_text]<\/p>\n<h2>Grand Repos Sessel von Jean Prouv\u00e9, Tecta. Design 1928-1930, Produktion von Tecta ab 1980.<\/h2>\n<p>Genauso wie Charlotte Perriand und Pierre Jeanneret, gilt Jean Prouv\u00e9 (1901-1984) als einer den am meisten gesammelten franz\u00f6sischen Designern aus den 20. Jahrhundert.<\/p>\n<p>Er hat der Grand Repos lounge Sessel zwischen 1928 und 1930 entworfen. Die Editionen aus der Zeit sind extrem selten, es gibt eigentlich davon nur 3 Exemplare, die Erste ist in die Sammlung von dem Centre Pompidou in Paris, die Zweite in Vitra Design Museum und die Dritte wurde \u00fcber Artcurial verkauft.<\/p>\n<p>Der Grand Repos wurde das erste Mal 1930 an der UAM Ausstellung gezeigt, bevor Jean Prouv\u00e9 eigenes Heim einzurichten.<br \/>\nIn 1980, Jean Prouv\u00e9 hat den Grand Repos etwas umentworfen, und es durch den deutschen Hersteller Tecta neuaufgelegt. Die Reedition wurde nach seinem Tod von seinen Erben unterbrochen. Die Tecta Reedition ist somit ziemlich selten und von Sammlern sehr beliebt.<\/p>\n<p>Verstellbarer Sessel\u00a0mit Rahmen aus vernickelten Stahl, Sitzfl\u00e4che und R\u00fcckenlehne mit Federmechanismus und Schwarze Lederpolsterung, Rollen. In sehr guten Zustand mit Patina.<br \/>\nGr\u00f6\u00dfe: 107 x 63 cm, H. 93 cm und Sitzh\u00f6he 39 cm<\/p>\n<p>[\/vc_column_text][\/vc_column][\/vc_row][vc_row css=&#8221;.vc_custom_1498918223507{padding-top: 30px !important;}&#8221;][vc_column width=&#8221;1\/2&#8243;]\n<div class=\"wpcf7 no-js\" id=\"wpcf7-f12225-o1\" lang=\"fr-FR\" dir=\"ltr\" data-wpcf7-id=\"12225\">\n<div class=\"screen-reader-response\"><p role=\"status\" aria-live=\"polite\" aria-atomic=\"true\"><\/p> <ul><\/ul><\/div>\n<form action=\"\/de\/wp-json\/wp\/v2\/product\/17355#wpcf7-f12225-o1\" method=\"post\" class=\"wpcf7-form init\" aria-label=\"Formulaire de contact\" novalidate=\"novalidate\" data-status=\"init\">\n<fieldset class=\"hidden-fields-container\"><input type=\"hidden\" name=\"_wpcf7\" value=\"12225\" \/><input type=\"hidden\" name=\"_wpcf7_version\" value=\"6.1.5\" \/><input type=\"hidden\" name=\"_wpcf7_locale\" value=\"fr_FR\" \/><input type=\"hidden\" name=\"_wpcf7_unit_tag\" value=\"wpcf7-f12225-o1\" \/><input type=\"hidden\" name=\"_wpcf7_container_post\" value=\"0\" \/><input type=\"hidden\" name=\"_wpcf7_posted_data_hash\" value=\"\" \/><input type=\"hidden\" name=\"_wpcf7_recaptcha_response\" value=\"\" \/>\n<\/fieldset>\n\n<!-- CF7 Modules -->\n<div style='display:none;'><input type=\"hidden\" class=\"wpcf7-form-control wpcf7-hidden\" name=\"hidden-931\" placeholder=\"\" value=\"Jean Prouv\u00e9 | Grand Repos Sessel | Tecta\" \/>\n<\/div>\n<!-- End CF7 Modules -->\n\n<p><b>Kontaktieren Sie uns \u00fcber diesen Artikel<\/b>\n<\/p>\n<p>Ihre Name (Pflichtfeld)\n<\/p>\n<p><span class=\"wpcf7-form-control-wrap\" data-name=\"your-name\"><input size=\"40\" maxlength=\"400\" class=\"wpcf7-form-control wpcf7-text wpcf7-validates-as-required\" aria-required=\"true\" aria-invalid=\"false\" value=\"\" type=\"text\" name=\"your-name\" \/><\/span>\n<\/p>\n<p>Ihre Email (Pflichtfeld)\n<\/p>\n<p><span class=\"wpcf7-form-control-wrap\" data-name=\"your-email\"><input size=\"40\" maxlength=\"400\" class=\"wpcf7-form-control wpcf7-email wpcf7-validates-as-required wpcf7-text wpcf7-validates-as-email\" aria-required=\"true\" aria-invalid=\"false\" value=\"\" type=\"email\" name=\"your-email\" \/><\/span>\n<\/p>\n<p>Ihre Nachricht\n<\/p>\n<p><span class=\"wpcf7-form-control-wrap\" data-name=\"your-message\"><textarea cols=\"40\" rows=\"10\" maxlength=\"2000\" class=\"wpcf7-form-control wpcf7-textarea\" aria-invalid=\"false\" name=\"your-message\"><\/textarea><\/span>\n<\/p>\n<p>Die von Ihnen eingegebenen und mit diesem Formular gesendeten Daten werden gespeichert, aber werden nie verkauft oder an Dritte weitergegeben.\n<\/p>\n<p><span class=\"wpcf7-form-control-wrap\" data-name=\"checkbox-296\"><span class=\"wpcf7-form-control wpcf7-checkbox wpcf7-validates-as-required\"><span class=\"wpcf7-list-item first last\"><input type=\"checkbox\" name=\"checkbox-296[]\" value=\"Ich akzeptiere\" \/><span class=\"wpcf7-list-item-label\">Ich akzeptiere<\/span><\/span><\/span><\/span>\n<\/p>\n<p><input class=\"wpcf7-form-control wpcf7-submit has-spinner\" type=\"submit\" value=\"Senden\" \/>\n<\/p><div class=\"wpcf7-response-output\" aria-hidden=\"true\"><\/div>\n<\/form>\n<\/div>\n[\/vc_column][vc_column width=&#8221;1\/2&#8243;][\/vc_column][\/vc_row]<\/p>\n<\/div>","protected":false},"excerpt":{"rendered":"<p>Verstellbarer Sessel\u00a0mit Rahmen aus vernickelten Stahl, Sitzfl\u00e4che und R\u00fcckenlehne mit Federmechanismus und Schwarze Lederpolsterung, Rollen. Mit Aufkleber des Herstellers. Nicht mehr hergestellt.<br \/>\nIn sehr guten Zustand mit Patina.<\/p>\n","protected":false},"featured_media":17374,"comment_status":"closed","ping_status":"closed","template":"","meta":{"_monsterinsights_skip_tracking":false,"_monsterinsights_sitenote_active":false,"_monsterinsights_sitenote_note":"","_monsterinsights_sitenote_category":0},"product_brand":[],"product_cat":[255],"product_tag":[688,592,387,501],"class_list":{"0":"post-17355","1":"product","2":"type-product","3":"status-publish","4":"has-post-thumbnail","6":"product_cat-archiv-de","7":"product_tag-30er","8":"product_tag-80er","9":"product_tag-frans-design","10":"product_tag-ikonisch-design","11":"product_shipping_class-wir-liefern","13":"first","14":"outofstock","15":"taxable","16":"shipping-taxable","17":"product-type-simple"},"yoast_head":"<!-- This site is optimized with the Yoast SEO plugin v25.3.1 - https:\/\/yoast.com\/wordpress\/plugins\/seo\/ -->\n<title>Jean Prouv\u00e9 | Grand Repos Sessel | Tecta | Designklassiker | Schweiz<\/title>\n<meta name=\"description\" content=\"Seltener Grand Repos Sessel von Jean Prouv\u00e9, Tecta Edition. Erlesene Vintage Designklassiker. Designladen in Lausanne, Schweiz.\" \/>\n<meta name=\"robots\" content=\"index, follow, max-snippet:-1, max-image-preview:large, max-video-preview:-1\" \/>\n<link rel=\"canonical\" href=\"https:\/\/www.kissthedesign.ch\/de\/produkt\/jean-prouve-grand-repos-tecta\/\" \/>\n<meta property=\"og:locale\" content=\"de_DE\" \/>\n<meta property=\"og:type\" content=\"article\" \/>\n<meta property=\"og:title\" content=\"Jean Prouv\u00e9 | Grand Repos Sessel | Tecta | Designklassiker | Schweiz\" \/>\n<meta property=\"og:description\" content=\"Seltener Grand Repos Sessel von Jean Prouv\u00e9, Tecta Edition. Erlesene Vintage Designklassiker. Designladen in Lausanne, Schweiz.\" \/>\n<meta property=\"og:url\" content=\"https:\/\/www.kissthedesign.ch\/de\/produkt\/jean-prouve-grand-repos-tecta\/\" \/>\n<meta property=\"og:site_name\" content=\"kissthedesign\" \/>\n<meta property=\"article:modified_time\" content=\"2017-07-01T14:10:28+00:00\" \/>\n<meta property=\"og:image\" content=\"https:\/\/www.kissthedesign.ch\/wp\/wp-content\/uploads\/2017\/07\/jean-prouve-grand-repos-tecta.jpg\" \/>\n\t<meta property=\"og:image:width\" content=\"900\" \/>\n\t<meta property=\"og:image:height\" content=\"598\" \/>\n\t<meta property=\"og:image:type\" content=\"image\/jpeg\" \/>\n<meta name=\"twitter:label1\" content=\"Gesch\u00e4tzte Lesezeit\" \/>\n\t<meta name=\"twitter:data1\" content=\"1\u00a0Minute\" \/>\n<script type=\"application\/ld+json\" class=\"yoast-schema-graph\">{\"@context\":\"https:\/\/schema.org\",\"@graph\":[{\"@type\":\"WebPage\",\"@id\":\"https:\/\/www.kissthedesign.ch\/de\/produkt\/jean-prouve-grand-repos-tecta\/\",\"url\":\"https:\/\/www.kissthedesign.ch\/de\/produkt\/jean-prouve-grand-repos-tecta\/\",\"name\":\"Jean Prouv\u00e9 | Grand Repos Sessel | Tecta | Designklassiker | Schweiz\",\"isPartOf\":{\"@id\":\"https:\/\/www.kissthedesign.ch\/en\/#website\"},\"primaryImageOfPage\":{\"@id\":\"https:\/\/www.kissthedesign.ch\/de\/produkt\/jean-prouve-grand-repos-tecta\/#primaryimage\"},\"image\":{\"@id\":\"https:\/\/www.kissthedesign.ch\/de\/produkt\/jean-prouve-grand-repos-tecta\/#primaryimage\"},\"thumbnailUrl\":\"https:\/\/www.kissthedesign.ch\/wp\/wp-content\/uploads\/2017\/07\/jean-prouve-grand-repos-tecta.jpg\",\"datePublished\":\"2017-07-01T09:07:16+00:00\",\"dateModified\":\"2017-07-01T14:10:28+00:00\",\"description\":\"Seltener Grand Repos Sessel von Jean Prouv\u00e9, Tecta Edition. Erlesene Vintage Designklassiker. Designladen in Lausanne, Schweiz.\",\"breadcrumb\":{\"@id\":\"https:\/\/www.kissthedesign.ch\/de\/produkt\/jean-prouve-grand-repos-tecta\/#breadcrumb\"},\"inLanguage\":\"de\",\"potentialAction\":[{\"@type\":\"ReadAction\",\"target\":[\"https:\/\/www.kissthedesign.ch\/de\/produkt\/jean-prouve-grand-repos-tecta\/\"]}]},{\"@type\":\"ImageObject\",\"inLanguage\":\"de\",\"@id\":\"https:\/\/www.kissthedesign.ch\/de\/produkt\/jean-prouve-grand-repos-tecta\/#primaryimage\",\"url\":\"https:\/\/www.kissthedesign.ch\/wp\/wp-content\/uploads\/2017\/07\/jean-prouve-grand-repos-tecta.jpg\",\"contentUrl\":\"https:\/\/www.kissthedesign.ch\/wp\/wp-content\/uploads\/2017\/07\/jean-prouve-grand-repos-tecta.jpg\",\"width\":900,\"height\":598,\"caption\":\"Grand Repos Sessel, Jean Prouv\u00e9, Tecta\"},{\"@type\":\"BreadcrumbList\",\"@id\":\"https:\/\/www.kissthedesign.ch\/de\/produkt\/jean-prouve-grand-repos-tecta\/#breadcrumb\",\"itemListElement\":[{\"@type\":\"ListItem\",\"position\":1,\"name\":\"Accueil\",\"item\":\"https:\/\/www.kissthedesign.ch\/de\/\"},{\"@type\":\"ListItem\",\"position\":2,\"name\":\"Laden\",\"item\":\"https:\/\/www.kissthedesign.ch\/de\/laden\/\"},{\"@type\":\"ListItem\",\"position\":3,\"name\":\"Jean Prouv\u00e9 | Grand Repos Sessel | Tecta\"}]},{\"@type\":\"WebSite\",\"@id\":\"https:\/\/www.kissthedesign.ch\/en\/#website\",\"url\":\"https:\/\/www.kissthedesign.ch\/en\/\",\"name\":\"kissthedesign\",\"description\":\"Kissthedesign, Lausanne, Suisse. Mobilier du XXe, design vintage\",\"publisher\":{\"@id\":\"https:\/\/www.kissthedesign.ch\/en\/#organization\"},\"potentialAction\":[{\"@type\":\"SearchAction\",\"target\":{\"@type\":\"EntryPoint\",\"urlTemplate\":\"https:\/\/www.kissthedesign.ch\/en\/?s={search_term_string}\"},\"query-input\":{\"@type\":\"PropertyValueSpecification\",\"valueRequired\":true,\"valueName\":\"search_term_string\"}}],\"inLanguage\":\"de\"},{\"@type\":\"Organization\",\"@id\":\"https:\/\/www.kissthedesign.ch\/en\/#organization\",\"name\":\"Kissthedesign\",\"url\":\"https:\/\/www.kissthedesign.ch\/en\/\",\"logo\":{\"@type\":\"ImageObject\",\"inLanguage\":\"de\",\"@id\":\"https:\/\/www.kissthedesign.ch\/en\/#\/schema\/logo\/image\/\",\"url\":\"https:\/\/www.kissthedesign.ch\/wp\/wp-content\/uploads\/2016\/08\/ktd-logo-web.jpg\",\"contentUrl\":\"https:\/\/www.kissthedesign.ch\/wp\/wp-content\/uploads\/2016\/08\/ktd-logo-web.jpg\",\"width\":450,\"height\":167,\"caption\":\"Kissthedesign\"},\"image\":{\"@id\":\"https:\/\/www.kissthedesign.ch\/en\/#\/schema\/logo\/image\/\"}}]}<\/script>\n<!-- \/ Yoast SEO plugin. -->","yoast_head_json":{"title":"Jean Prouv\u00e9 | Grand Repos Sessel | Tecta | Designklassiker | Schweiz","description":"Seltener Grand Repos Sessel von Jean Prouv\u00e9, Tecta Edition. Erlesene Vintage Designklassiker. Designladen in Lausanne, Schweiz.","robots":{"index":"index","follow":"follow","max-snippet":"max-snippet:-1","max-image-preview":"max-image-preview:large","max-video-preview":"max-video-preview:-1"},"canonical":"https:\/\/www.kissthedesign.ch\/de\/produkt\/jean-prouve-grand-repos-tecta\/","og_locale":"de_DE","og_type":"article","og_title":"Jean Prouv\u00e9 | Grand Repos Sessel | Tecta | Designklassiker | Schweiz","og_description":"Seltener Grand Repos Sessel von Jean Prouv\u00e9, Tecta Edition. Erlesene Vintage Designklassiker. Designladen in Lausanne, Schweiz.","og_url":"https:\/\/www.kissthedesign.ch\/de\/produkt\/jean-prouve-grand-repos-tecta\/","og_site_name":"kissthedesign","article_modified_time":"2017-07-01T14:10:28+00:00","og_image":[{"width":900,"height":598,"url":"https:\/\/www.kissthedesign.ch\/wp\/wp-content\/uploads\/2017\/07\/jean-prouve-grand-repos-tecta.jpg","type":"image\/jpeg"}],"twitter_misc":{"Gesch\u00e4tzte Lesezeit":"1\u00a0Minute"},"schema":{"@context":"https:\/\/schema.org","@graph":[{"@type":"WebPage","@id":"https:\/\/www.kissthedesign.ch\/de\/produkt\/jean-prouve-grand-repos-tecta\/","url":"https:\/\/www.kissthedesign.ch\/de\/produkt\/jean-prouve-grand-repos-tecta\/","name":"Jean Prouv\u00e9 | Grand Repos Sessel | Tecta | Designklassiker | Schweiz","isPartOf":{"@id":"https:\/\/www.kissthedesign.ch\/en\/#website"},"primaryImageOfPage":{"@id":"https:\/\/www.kissthedesign.ch\/de\/produkt\/jean-prouve-grand-repos-tecta\/#primaryimage"},"image":{"@id":"https:\/\/www.kissthedesign.ch\/de\/produkt\/jean-prouve-grand-repos-tecta\/#primaryimage"},"thumbnailUrl":"https:\/\/www.kissthedesign.ch\/wp\/wp-content\/uploads\/2017\/07\/jean-prouve-grand-repos-tecta.jpg","datePublished":"2017-07-01T09:07:16+00:00","dateModified":"2017-07-01T14:10:28+00:00","description":"Seltener Grand Repos Sessel von Jean Prouv\u00e9, Tecta Edition. Erlesene Vintage Designklassiker. Designladen in Lausanne, Schweiz.","breadcrumb":{"@id":"https:\/\/www.kissthedesign.ch\/de\/produkt\/jean-prouve-grand-repos-tecta\/#breadcrumb"},"inLanguage":"de","potentialAction":[{"@type":"ReadAction","target":["https:\/\/www.kissthedesign.ch\/de\/produkt\/jean-prouve-grand-repos-tecta\/"]}]},{"@type":"ImageObject","inLanguage":"de","@id":"https:\/\/www.kissthedesign.ch\/de\/produkt\/jean-prouve-grand-repos-tecta\/#primaryimage","url":"https:\/\/www.kissthedesign.ch\/wp\/wp-content\/uploads\/2017\/07\/jean-prouve-grand-repos-tecta.jpg","contentUrl":"https:\/\/www.kissthedesign.ch\/wp\/wp-content\/uploads\/2017\/07\/jean-prouve-grand-repos-tecta.jpg","width":900,"height":598,"caption":"Grand Repos Sessel, Jean Prouv\u00e9, Tecta"},{"@type":"BreadcrumbList","@id":"https:\/\/www.kissthedesign.ch\/de\/produkt\/jean-prouve-grand-repos-tecta\/#breadcrumb","itemListElement":[{"@type":"ListItem","position":1,"name":"Accueil","item":"https:\/\/www.kissthedesign.ch\/de\/"},{"@type":"ListItem","position":2,"name":"Laden","item":"https:\/\/www.kissthedesign.ch\/de\/laden\/"},{"@type":"ListItem","position":3,"name":"Jean Prouv\u00e9 | Grand Repos Sessel | Tecta"}]},{"@type":"WebSite","@id":"https:\/\/www.kissthedesign.ch\/en\/#website","url":"https:\/\/www.kissthedesign.ch\/en\/","name":"kissthedesign","description":"Kissthedesign, Lausanne, Suisse. Mobilier du XXe, design vintage","publisher":{"@id":"https:\/\/www.kissthedesign.ch\/en\/#organization"},"potentialAction":[{"@type":"SearchAction","target":{"@type":"EntryPoint","urlTemplate":"https:\/\/www.kissthedesign.ch\/en\/?s={search_term_string}"},"query-input":{"@type":"PropertyValueSpecification","valueRequired":true,"valueName":"search_term_string"}}],"inLanguage":"de"},{"@type":"Organization","@id":"https:\/\/www.kissthedesign.ch\/en\/#organization","name":"Kissthedesign","url":"https:\/\/www.kissthedesign.ch\/en\/","logo":{"@type":"ImageObject","inLanguage":"de","@id":"https:\/\/www.kissthedesign.ch\/en\/#\/schema\/logo\/image\/","url":"https:\/\/www.kissthedesign.ch\/wp\/wp-content\/uploads\/2016\/08\/ktd-logo-web.jpg","contentUrl":"https:\/\/www.kissthedesign.ch\/wp\/wp-content\/uploads\/2016\/08\/ktd-logo-web.jpg","width":450,"height":167,"caption":"Kissthedesign"},"image":{"@id":"https:\/\/www.kissthedesign.ch\/en\/#\/schema\/logo\/image\/"}}]}},"_links":{"self":[{"href":"https:\/\/www.kissthedesign.ch\/de\/wp-json\/wp\/v2\/product\/17355","targetHints":{"allow":["GET"]}}],"collection":[{"href":"https:\/\/www.kissthedesign.ch\/de\/wp-json\/wp\/v2\/product"}],"about":[{"href":"https:\/\/www.kissthedesign.ch\/de\/wp-json\/wp\/v2\/types\/product"}],"replies":[{"embeddable":true,"href":"https:\/\/www.kissthedesign.ch\/de\/wp-json\/wp\/v2\/comments?post=17355"}],"wp:featuredmedia":[{"embeddable":true,"href":"https:\/\/www.kissthedesign.ch\/de\/wp-json\/wp\/v2\/media\/17374"}],"wp:attachment":[{"href":"https:\/\/www.kissthedesign.ch\/de\/wp-json\/wp\/v2\/media?parent=17355"}],"wp:term":[{"taxonomy":"product_brand","embeddable":true,"href":"https:\/\/www.kissthedesign.ch\/de\/wp-json\/wp\/v2\/product_brand?post=17355"},{"taxonomy":"product_cat","embeddable":true,"href":"https:\/\/www.kissthedesign.ch\/de\/wp-json\/wp\/v2\/product_cat?post=17355"},{"taxonomy":"product_tag","embeddable":true,"href":"https:\/\/www.kissthedesign.ch\/de\/wp-json\/wp\/v2\/product_tag?post=17355"}],"curies":[{"name":"wp","href":"https:\/\/api.w.org\/{rel}","templated":true}]}}