{"id":17435,"date":"2017-07-01T15:17:18","date_gmt":"2017-07-01T14:17:20","guid":{"rendered":"https:\/\/www.kissthedesign.ch\/?post_type=product&#038;p=17435\/"},"modified":"2017-07-01T15:44:28","modified_gmt":"2017-07-01T14:44:28","slug":"serie-7-burostuhl-arne-jacobsen-fritz-hansen","status":"publish","type":"product","link":"https:\/\/www.kissthedesign.ch\/de\/produkt\/serie-7-burostuhl-arne-jacobsen-fritz-hansen\/","title":{"rendered":"Serie 7 B\u00fcrostuhl (Butterfly) | Arne Jacobsen | Fritz Hansen"},"content":{"rendered":"<div class=\"wpb-content-wrapper\"><p>[vc_row][vc_column][vc_column_text]<\/p>\n<h2>Serie 7 B\u00fcrostuhl (Butterfly) aus teakholz, Arne Jacobsen f\u00fcr Fritz Hansen, 1955.<\/h2>\n<p>Wahrer Designklassiker, der Stuhl Serie 7 wurde in 1955 von d\u00e4nischem Designer Arne Jacobsen entworfen und ist Fritz Hansen Bestseller. Das Office chair mod. 3117 ist die seltene und fr\u00fche Butterfly Edition, dass nicht mehr hergestellt wird<\/p>\n<p>Stuhl aus Teakholz auf seltenes B\u00fcrogestell mit Rollen. H\u00f6henverstellbar. Mit fr\u00fcher Metallabdeckung und Aufkleber des Herstellers. Fr\u00fche Ausf\u00fchrung aus den 50er Jahren in sehr guten Zustand mit starkem Patina und sichtbaren Gebrauchsspuren.[\/vc_column_text][\/vc_column][\/vc_row][vc_row css=&#8221;.vc_custom_1486823226754{padding-top: 30px !important;}&#8221;][vc_column width=&#8221;1\/2&#8243;]\n<div class=\"wpcf7 no-js\" id=\"wpcf7-f12225-o1\" lang=\"fr-FR\" dir=\"ltr\" data-wpcf7-id=\"12225\">\n<div class=\"screen-reader-response\"><p role=\"status\" aria-live=\"polite\" aria-atomic=\"true\"><\/p> <ul><\/ul><\/div>\n<form action=\"\/de\/wp-json\/wp\/v2\/product\/17435#wpcf7-f12225-o1\" method=\"post\" class=\"wpcf7-form init\" aria-label=\"Formulaire de contact\" novalidate=\"novalidate\" data-status=\"init\">\n<fieldset class=\"hidden-fields-container\"><input type=\"hidden\" name=\"_wpcf7\" value=\"12225\" \/><input type=\"hidden\" name=\"_wpcf7_version\" value=\"6.1.5\" \/><input type=\"hidden\" name=\"_wpcf7_locale\" value=\"fr_FR\" \/><input type=\"hidden\" name=\"_wpcf7_unit_tag\" value=\"wpcf7-f12225-o1\" \/><input type=\"hidden\" name=\"_wpcf7_container_post\" value=\"0\" \/><input type=\"hidden\" name=\"_wpcf7_posted_data_hash\" value=\"\" \/><input type=\"hidden\" name=\"_wpcf7_recaptcha_response\" value=\"\" \/>\n<\/fieldset>\n\n<!-- CF7 Modules -->\n<div style='display:none;'><input type=\"hidden\" class=\"wpcf7-form-control wpcf7-hidden\" name=\"hidden-931\" placeholder=\"\" value=\"Serie 7 B\u00fcrostuhl (Butterfly) | Arne Jacobsen | Fritz Hansen\" \/>\n<\/div>\n<!-- End CF7 Modules -->\n\n<p><b>Kontaktieren Sie uns \u00fcber diesen Artikel<\/b>\n<\/p>\n<p>Ihre Name (Pflichtfeld)\n<\/p>\n<p><span class=\"wpcf7-form-control-wrap\" data-name=\"your-name\"><input size=\"40\" maxlength=\"400\" class=\"wpcf7-form-control wpcf7-text wpcf7-validates-as-required\" aria-required=\"true\" aria-invalid=\"false\" value=\"\" type=\"text\" name=\"your-name\" \/><\/span>\n<\/p>\n<p>Ihre Email (Pflichtfeld)\n<\/p>\n<p><span class=\"wpcf7-form-control-wrap\" data-name=\"your-email\"><input size=\"40\" maxlength=\"400\" class=\"wpcf7-form-control wpcf7-email wpcf7-validates-as-required wpcf7-text wpcf7-validates-as-email\" aria-required=\"true\" aria-invalid=\"false\" value=\"\" type=\"email\" name=\"your-email\" \/><\/span>\n<\/p>\n<p>Ihre Nachricht\n<\/p>\n<p><span class=\"wpcf7-form-control-wrap\" data-name=\"your-message\"><textarea cols=\"40\" rows=\"10\" maxlength=\"2000\" class=\"wpcf7-form-control wpcf7-textarea\" aria-invalid=\"false\" name=\"your-message\"><\/textarea><\/span>\n<\/p>\n<p>Die von Ihnen eingegebenen und mit diesem Formular gesendeten Daten werden gespeichert, aber werden nie verkauft oder an Dritte weitergegeben.\n<\/p>\n<p><span class=\"wpcf7-form-control-wrap\" data-name=\"checkbox-296\"><span class=\"wpcf7-form-control wpcf7-checkbox wpcf7-validates-as-required\"><span class=\"wpcf7-list-item first last\"><input type=\"checkbox\" name=\"checkbox-296[]\" value=\"Ich akzeptiere\" \/><span class=\"wpcf7-list-item-label\">Ich akzeptiere<\/span><\/span><\/span><\/span>\n<\/p>\n<p><input class=\"wpcf7-form-control wpcf7-submit has-spinner\" type=\"submit\" value=\"Senden\" \/>\n<\/p><div class=\"wpcf7-response-output\" aria-hidden=\"true\"><\/div>\n<\/form>\n<\/div>\n[\/vc_column][vc_column width=&#8221;1\/2&#8243;][\/vc_column][\/vc_row]<\/p>\n<\/div>","protected":false},"excerpt":{"rendered":"<p>Stuhl aus Teakholz auf seltenes B\u00fcrogestell mit Rollen. H\u00f6henverstellbar. Mit fr\u00fcher Metallabdeckung und Aufkleber des Herstellers. Fr\u00fche Ausf\u00fchrung aus den 50er Jahren in sehr guten Zustand mit starkem Patina und sichtbaren Gebrauchsspuren.<\/p>\n","protected":false},"featured_media":17445,"comment_status":"closed","ping_status":"closed","template":"","meta":{"_monsterinsights_skip_tracking":false,"_monsterinsights_sitenote_active":false,"_monsterinsights_sitenote_note":"","_monsterinsights_sitenote_category":0},"product_brand":[],"product_cat":[255],"product_tag":[389,466,501],"class_list":{"0":"post-17435","1":"product","2":"type-product","3":"status-publish","4":"has-post-thumbnail","6":"product_cat-archiv-de","7":"product_tag-50er","8":"product_tag-daenisch-design","9":"product_tag-ikonisch-design","10":"product_shipping_class-post-sperrgut","12":"first","13":"outofstock","14":"taxable","15":"shipping-taxable","16":"product-type-simple"},"yoast_head":"<!-- This site is optimized with the Yoast SEO plugin v25.3.1 - https:\/\/yoast.com\/wordpress\/plugins\/seo\/ -->\n<title>Serie 7 B\u00fcrostuhl | Arne Jacobsen | Fritz Hansen | Vintage Shop, Schweiz<\/title>\n<meta name=\"description\" content=\"Fr\u00fcher Serie 7 B\u00fcrostuhl (Butterfly) aus Teak von Arne Jacobsen f\u00fcr Fritz Hansen. D\u00e4nisches Design aus den 50er Jahre. Vintage M\u00f6bel Laden in der Schweiz\" \/>\n<meta name=\"robots\" content=\"index, follow, max-snippet:-1, max-image-preview:large, max-video-preview:-1\" \/>\n<link rel=\"canonical\" href=\"https:\/\/www.kissthedesign.ch\/de\/produkt\/serie-7-burostuhl-arne-jacobsen-fritz-hansen\/\" \/>\n<meta property=\"og:locale\" content=\"de_DE\" \/>\n<meta property=\"og:type\" content=\"article\" \/>\n<meta property=\"og:title\" content=\"Serie 7 B\u00fcrostuhl | Arne Jacobsen | Fritz Hansen | Vintage Shop, Schweiz\" \/>\n<meta property=\"og:description\" content=\"Fr\u00fcher Serie 7 B\u00fcrostuhl (Butterfly) aus Teak von Arne Jacobsen f\u00fcr Fritz Hansen. D\u00e4nisches Design aus den 50er Jahre. Vintage M\u00f6bel Laden in der Schweiz\" \/>\n<meta property=\"og:url\" content=\"https:\/\/www.kissthedesign.ch\/de\/produkt\/serie-7-burostuhl-arne-jacobsen-fritz-hansen\/\" \/>\n<meta property=\"og:site_name\" content=\"kissthedesign\" \/>\n<meta property=\"article:modified_time\" content=\"2017-07-01T14:44:28+00:00\" \/>\n<meta property=\"og:image\" content=\"https:\/\/www.kissthedesign.ch\/wp\/wp-content\/uploads\/2017\/07\/chaise-serie7-3117-arne-jacobsen-fritzhansen.jpg\" \/>\n\t<meta property=\"og:image:width\" content=\"900\" \/>\n\t<meta property=\"og:image:height\" content=\"601\" \/>\n\t<meta property=\"og:image:type\" content=\"image\/jpeg\" \/>\n<meta name=\"twitter:label1\" content=\"Gesch\u00e4tzte Lesezeit\" \/>\n\t<meta name=\"twitter:data1\" content=\"1\u00a0Minute\" \/>\n<script type=\"application\/ld+json\" class=\"yoast-schema-graph\">{\"@context\":\"https:\/\/schema.org\",\"@graph\":[{\"@type\":\"WebPage\",\"@id\":\"https:\/\/www.kissthedesign.ch\/de\/produkt\/serie-7-burostuhl-arne-jacobsen-fritz-hansen\/\",\"url\":\"https:\/\/www.kissthedesign.ch\/de\/produkt\/serie-7-burostuhl-arne-jacobsen-fritz-hansen\/\",\"name\":\"Serie 7 B\u00fcrostuhl | Arne Jacobsen | Fritz Hansen | Vintage Shop, Schweiz\",\"isPartOf\":{\"@id\":\"https:\/\/www.kissthedesign.ch\/en\/#website\"},\"primaryImageOfPage\":{\"@id\":\"https:\/\/www.kissthedesign.ch\/de\/produkt\/serie-7-burostuhl-arne-jacobsen-fritz-hansen\/#primaryimage\"},\"image\":{\"@id\":\"https:\/\/www.kissthedesign.ch\/de\/produkt\/serie-7-burostuhl-arne-jacobsen-fritz-hansen\/#primaryimage\"},\"thumbnailUrl\":\"https:\/\/www.kissthedesign.ch\/wp\/wp-content\/uploads\/2017\/07\/chaise-serie7-3117-arne-jacobsen-fritzhansen.jpg\",\"datePublished\":\"2017-07-01T14:17:20+00:00\",\"dateModified\":\"2017-07-01T14:44:28+00:00\",\"description\":\"Fr\u00fcher Serie 7 B\u00fcrostuhl (Butterfly) aus Teak von Arne Jacobsen f\u00fcr Fritz Hansen. D\u00e4nisches Design aus den 50er Jahre. Vintage M\u00f6bel Laden in der Schweiz\",\"breadcrumb\":{\"@id\":\"https:\/\/www.kissthedesign.ch\/de\/produkt\/serie-7-burostuhl-arne-jacobsen-fritz-hansen\/#breadcrumb\"},\"inLanguage\":\"de\",\"potentialAction\":[{\"@type\":\"ReadAction\",\"target\":[\"https:\/\/www.kissthedesign.ch\/de\/produkt\/serie-7-burostuhl-arne-jacobsen-fritz-hansen\/\"]}]},{\"@type\":\"ImageObject\",\"inLanguage\":\"de\",\"@id\":\"https:\/\/www.kissthedesign.ch\/de\/produkt\/serie-7-burostuhl-arne-jacobsen-fritz-hansen\/#primaryimage\",\"url\":\"https:\/\/www.kissthedesign.ch\/wp\/wp-content\/uploads\/2017\/07\/chaise-serie7-3117-arne-jacobsen-fritzhansen.jpg\",\"contentUrl\":\"https:\/\/www.kissthedesign.ch\/wp\/wp-content\/uploads\/2017\/07\/chaise-serie7-3117-arne-jacobsen-fritzhansen.jpg\",\"width\":900,\"height\":601,\"caption\":\"Serie 7 B\u00fcrostuhl (Butterfly) aus teakholz, Arne Jacobsen f\u00fcr Fritz Hansen, 1955.\"},{\"@type\":\"BreadcrumbList\",\"@id\":\"https:\/\/www.kissthedesign.ch\/de\/produkt\/serie-7-burostuhl-arne-jacobsen-fritz-hansen\/#breadcrumb\",\"itemListElement\":[{\"@type\":\"ListItem\",\"position\":1,\"name\":\"Accueil\",\"item\":\"https:\/\/www.kissthedesign.ch\/de\/\"},{\"@type\":\"ListItem\",\"position\":2,\"name\":\"Laden\",\"item\":\"https:\/\/www.kissthedesign.ch\/de\/laden\/\"},{\"@type\":\"ListItem\",\"position\":3,\"name\":\"Serie 7 B\u00fcrostuhl (Butterfly) | Arne Jacobsen | Fritz Hansen\"}]},{\"@type\":\"WebSite\",\"@id\":\"https:\/\/www.kissthedesign.ch\/en\/#website\",\"url\":\"https:\/\/www.kissthedesign.ch\/en\/\",\"name\":\"kissthedesign\",\"description\":\"Kissthedesign, Lausanne, Suisse. Mobilier du XXe, design vintage\",\"publisher\":{\"@id\":\"https:\/\/www.kissthedesign.ch\/en\/#organization\"},\"potentialAction\":[{\"@type\":\"SearchAction\",\"target\":{\"@type\":\"EntryPoint\",\"urlTemplate\":\"https:\/\/www.kissthedesign.ch\/en\/?s={search_term_string}\"},\"query-input\":{\"@type\":\"PropertyValueSpecification\",\"valueRequired\":true,\"valueName\":\"search_term_string\"}}],\"inLanguage\":\"de\"},{\"@type\":\"Organization\",\"@id\":\"https:\/\/www.kissthedesign.ch\/en\/#organization\",\"name\":\"Kissthedesign\",\"url\":\"https:\/\/www.kissthedesign.ch\/en\/\",\"logo\":{\"@type\":\"ImageObject\",\"inLanguage\":\"de\",\"@id\":\"https:\/\/www.kissthedesign.ch\/en\/#\/schema\/logo\/image\/\",\"url\":\"https:\/\/www.kissthedesign.ch\/wp\/wp-content\/uploads\/2016\/08\/ktd-logo-web.jpg\",\"contentUrl\":\"https:\/\/www.kissthedesign.ch\/wp\/wp-content\/uploads\/2016\/08\/ktd-logo-web.jpg\",\"width\":450,\"height\":167,\"caption\":\"Kissthedesign\"},\"image\":{\"@id\":\"https:\/\/www.kissthedesign.ch\/en\/#\/schema\/logo\/image\/\"}}]}<\/script>\n<!-- \/ Yoast SEO plugin. -->","yoast_head_json":{"title":"Serie 7 B\u00fcrostuhl | Arne Jacobsen | Fritz Hansen | Vintage Shop, Schweiz","description":"Fr\u00fcher Serie 7 B\u00fcrostuhl (Butterfly) aus Teak von Arne Jacobsen f\u00fcr Fritz Hansen. D\u00e4nisches Design aus den 50er Jahre. Vintage M\u00f6bel Laden in der Schweiz","robots":{"index":"index","follow":"follow","max-snippet":"max-snippet:-1","max-image-preview":"max-image-preview:large","max-video-preview":"max-video-preview:-1"},"canonical":"https:\/\/www.kissthedesign.ch\/de\/produkt\/serie-7-burostuhl-arne-jacobsen-fritz-hansen\/","og_locale":"de_DE","og_type":"article","og_title":"Serie 7 B\u00fcrostuhl | Arne Jacobsen | Fritz Hansen | Vintage Shop, Schweiz","og_description":"Fr\u00fcher Serie 7 B\u00fcrostuhl (Butterfly) aus Teak von Arne Jacobsen f\u00fcr Fritz Hansen. D\u00e4nisches Design aus den 50er Jahre. Vintage M\u00f6bel Laden in der Schweiz","og_url":"https:\/\/www.kissthedesign.ch\/de\/produkt\/serie-7-burostuhl-arne-jacobsen-fritz-hansen\/","og_site_name":"kissthedesign","article_modified_time":"2017-07-01T14:44:28+00:00","og_image":[{"width":900,"height":601,"url":"https:\/\/www.kissthedesign.ch\/wp\/wp-content\/uploads\/2017\/07\/chaise-serie7-3117-arne-jacobsen-fritzhansen.jpg","type":"image\/jpeg"}],"twitter_misc":{"Gesch\u00e4tzte Lesezeit":"1\u00a0Minute"},"schema":{"@context":"https:\/\/schema.org","@graph":[{"@type":"WebPage","@id":"https:\/\/www.kissthedesign.ch\/de\/produkt\/serie-7-burostuhl-arne-jacobsen-fritz-hansen\/","url":"https:\/\/www.kissthedesign.ch\/de\/produkt\/serie-7-burostuhl-arne-jacobsen-fritz-hansen\/","name":"Serie 7 B\u00fcrostuhl | Arne Jacobsen | Fritz Hansen | Vintage Shop, Schweiz","isPartOf":{"@id":"https:\/\/www.kissthedesign.ch\/en\/#website"},"primaryImageOfPage":{"@id":"https:\/\/www.kissthedesign.ch\/de\/produkt\/serie-7-burostuhl-arne-jacobsen-fritz-hansen\/#primaryimage"},"image":{"@id":"https:\/\/www.kissthedesign.ch\/de\/produkt\/serie-7-burostuhl-arne-jacobsen-fritz-hansen\/#primaryimage"},"thumbnailUrl":"https:\/\/www.kissthedesign.ch\/wp\/wp-content\/uploads\/2017\/07\/chaise-serie7-3117-arne-jacobsen-fritzhansen.jpg","datePublished":"2017-07-01T14:17:20+00:00","dateModified":"2017-07-01T14:44:28+00:00","description":"Fr\u00fcher Serie 7 B\u00fcrostuhl (Butterfly) aus Teak von Arne Jacobsen f\u00fcr Fritz Hansen. D\u00e4nisches Design aus den 50er Jahre. Vintage M\u00f6bel Laden in der Schweiz","breadcrumb":{"@id":"https:\/\/www.kissthedesign.ch\/de\/produkt\/serie-7-burostuhl-arne-jacobsen-fritz-hansen\/#breadcrumb"},"inLanguage":"de","potentialAction":[{"@type":"ReadAction","target":["https:\/\/www.kissthedesign.ch\/de\/produkt\/serie-7-burostuhl-arne-jacobsen-fritz-hansen\/"]}]},{"@type":"ImageObject","inLanguage":"de","@id":"https:\/\/www.kissthedesign.ch\/de\/produkt\/serie-7-burostuhl-arne-jacobsen-fritz-hansen\/#primaryimage","url":"https:\/\/www.kissthedesign.ch\/wp\/wp-content\/uploads\/2017\/07\/chaise-serie7-3117-arne-jacobsen-fritzhansen.jpg","contentUrl":"https:\/\/www.kissthedesign.ch\/wp\/wp-content\/uploads\/2017\/07\/chaise-serie7-3117-arne-jacobsen-fritzhansen.jpg","width":900,"height":601,"caption":"Serie 7 B\u00fcrostuhl (Butterfly) aus teakholz, Arne Jacobsen f\u00fcr Fritz Hansen, 1955."},{"@type":"BreadcrumbList","@id":"https:\/\/www.kissthedesign.ch\/de\/produkt\/serie-7-burostuhl-arne-jacobsen-fritz-hansen\/#breadcrumb","itemListElement":[{"@type":"ListItem","position":1,"name":"Accueil","item":"https:\/\/www.kissthedesign.ch\/de\/"},{"@type":"ListItem","position":2,"name":"Laden","item":"https:\/\/www.kissthedesign.ch\/de\/laden\/"},{"@type":"ListItem","position":3,"name":"Serie 7 B\u00fcrostuhl (Butterfly) | Arne Jacobsen | Fritz Hansen"}]},{"@type":"WebSite","@id":"https:\/\/www.kissthedesign.ch\/en\/#website","url":"https:\/\/www.kissthedesign.ch\/en\/","name":"kissthedesign","description":"Kissthedesign, Lausanne, Suisse. Mobilier du XXe, design vintage","publisher":{"@id":"https:\/\/www.kissthedesign.ch\/en\/#organization"},"potentialAction":[{"@type":"SearchAction","target":{"@type":"EntryPoint","urlTemplate":"https:\/\/www.kissthedesign.ch\/en\/?s={search_term_string}"},"query-input":{"@type":"PropertyValueSpecification","valueRequired":true,"valueName":"search_term_string"}}],"inLanguage":"de"},{"@type":"Organization","@id":"https:\/\/www.kissthedesign.ch\/en\/#organization","name":"Kissthedesign","url":"https:\/\/www.kissthedesign.ch\/en\/","logo":{"@type":"ImageObject","inLanguage":"de","@id":"https:\/\/www.kissthedesign.ch\/en\/#\/schema\/logo\/image\/","url":"https:\/\/www.kissthedesign.ch\/wp\/wp-content\/uploads\/2016\/08\/ktd-logo-web.jpg","contentUrl":"https:\/\/www.kissthedesign.ch\/wp\/wp-content\/uploads\/2016\/08\/ktd-logo-web.jpg","width":450,"height":167,"caption":"Kissthedesign"},"image":{"@id":"https:\/\/www.kissthedesign.ch\/en\/#\/schema\/logo\/image\/"}}]}},"_links":{"self":[{"href":"https:\/\/www.kissthedesign.ch\/de\/wp-json\/wp\/v2\/product\/17435","targetHints":{"allow":["GET"]}}],"collection":[{"href":"https:\/\/www.kissthedesign.ch\/de\/wp-json\/wp\/v2\/product"}],"about":[{"href":"https:\/\/www.kissthedesign.ch\/de\/wp-json\/wp\/v2\/types\/product"}],"replies":[{"embeddable":true,"href":"https:\/\/www.kissthedesign.ch\/de\/wp-json\/wp\/v2\/comments?post=17435"}],"wp:featuredmedia":[{"embeddable":true,"href":"https:\/\/www.kissthedesign.ch\/de\/wp-json\/wp\/v2\/media\/17445"}],"wp:attachment":[{"href":"https:\/\/www.kissthedesign.ch\/de\/wp-json\/wp\/v2\/media?parent=17435"}],"wp:term":[{"taxonomy":"product_brand","embeddable":true,"href":"https:\/\/www.kissthedesign.ch\/de\/wp-json\/wp\/v2\/product_brand?post=17435"},{"taxonomy":"product_cat","embeddable":true,"href":"https:\/\/www.kissthedesign.ch\/de\/wp-json\/wp\/v2\/product_cat?post=17435"},{"taxonomy":"product_tag","embeddable":true,"href":"https:\/\/www.kissthedesign.ch\/de\/wp-json\/wp\/v2\/product_tag?post=17435"}],"curies":[{"name":"wp","href":"https:\/\/api.w.org\/{rel}","templated":true}]}}