{"id":18131,"date":"2017-11-08T09:48:54","date_gmt":"2017-11-08T08:48:55","guid":{"rendered":"http:\/\/www.kissthedesign.ch\/?post_type=product&#038;p=18131"},"modified":"2017-11-08T15:47:19","modified_gmt":"2017-11-08T14:47:19","slug":"dar-eames-zenith2","status":"publish","type":"product","link":"https:\/\/www.kissthedesign.ch\/de\/produkt\/dar-eames-zenith2\/","title":{"rendered":"DAR Armlehnstuhl | Charles &#038; Ray Eames | Zenith"},"content":{"rendered":"<div class=\"wpb-content-wrapper\"><p>[vc_row][vc_column][vc_column_text]<\/p>\n<h2>DAR Sessel, Charles &amp; Ray Eames, Zenith 2. Generation, 1948\/50.<\/h2>\n<p>Charles &amp; Ray Eames sind wichtige Instanz in der Designgeschichte von dem 20. Jahrhundert, sie haben dank starke\u00a0Erfindungskunst die Wege in die Massenproduktion geleitet.<\/p>\n<p>Der Fiberglasstuhl ist eine wahre Designikon, und bestimmt ein des popul\u00e4rsten Design den Eames. Die organische Schale kann sich auf verschiedene Gestelle anpassen (H-base, Stacking, Dowel, Eiffel, usw.). Das Modell wurde in 1948 f\u00fcrs MOMA\u00a0&#8220;International Competition for Low-Cost Furniture Design&#8221;\u00a0entworfen.<\/p>\n<p>Der Fiberglas-Sessel wird von Zenith Plastics von 1950 bis 1953 mit rope edge, von 1953 bis 1956 ohne rope edge, von Herman Miller ab 1956 und ab 1972 von Vitra in Europa hergestellt.<\/p>\n<p><span class=\"style5\">DAR Armlehnstuhl aus Fiberglas in Farbe salmon, auf originalem Eiffel Gestell (schwarz). Wird aus Fiberglas nicht mehr hergestellt.\u00a0<\/span>Fr\u00fche Zenith Ausf\u00fchrung zweite Produktion mit 3 Punkte unter der Schale und gro\u00dfen Shockmounts.<br \/>\nIn sehr guten vintage Zustand mit Patina und Gebrauchspuren. Oxidierungsspuren am Gestell.[\/vc_column_text][\/vc_column][\/vc_row][vc_row css=&#8221;.vc_custom_1498991651579{padding-top: 30px !important;}&#8221;][vc_column width=&#8221;1\/2&#8243;]\n<div class=\"wpcf7 no-js\" id=\"wpcf7-f12225-o1\" lang=\"fr-FR\" dir=\"ltr\" data-wpcf7-id=\"12225\">\n<div class=\"screen-reader-response\"><p role=\"status\" aria-live=\"polite\" aria-atomic=\"true\"><\/p> <ul><\/ul><\/div>\n<form action=\"\/de\/wp-json\/wp\/v2\/product\/18131#wpcf7-f12225-o1\" method=\"post\" class=\"wpcf7-form init\" aria-label=\"Formulaire de contact\" novalidate=\"novalidate\" data-status=\"init\">\n<fieldset class=\"hidden-fields-container\"><input type=\"hidden\" name=\"_wpcf7\" value=\"12225\" \/><input type=\"hidden\" name=\"_wpcf7_version\" value=\"6.1.5\" \/><input type=\"hidden\" name=\"_wpcf7_locale\" value=\"fr_FR\" \/><input type=\"hidden\" name=\"_wpcf7_unit_tag\" value=\"wpcf7-f12225-o1\" \/><input type=\"hidden\" name=\"_wpcf7_container_post\" value=\"0\" \/><input type=\"hidden\" name=\"_wpcf7_posted_data_hash\" value=\"\" \/><input type=\"hidden\" name=\"_wpcf7_recaptcha_response\" value=\"\" \/>\n<\/fieldset>\n\n<!-- CF7 Modules -->\n<div style='display:none;'><input type=\"hidden\" class=\"wpcf7-form-control wpcf7-hidden\" name=\"hidden-931\" placeholder=\"\" value=\"DAR Armlehnstuhl | Charles &amp; Ray Eames | Zenith\" \/>\n<\/div>\n<!-- End CF7 Modules -->\n\n<p><b>Kontaktieren Sie uns \u00fcber diesen Artikel<\/b>\n<\/p>\n<p>Ihre Name (Pflichtfeld)\n<\/p>\n<p><span class=\"wpcf7-form-control-wrap\" data-name=\"your-name\"><input size=\"40\" maxlength=\"400\" class=\"wpcf7-form-control wpcf7-text wpcf7-validates-as-required\" aria-required=\"true\" aria-invalid=\"false\" value=\"\" type=\"text\" name=\"your-name\" \/><\/span>\n<\/p>\n<p>Ihre Email (Pflichtfeld)\n<\/p>\n<p><span class=\"wpcf7-form-control-wrap\" data-name=\"your-email\"><input size=\"40\" maxlength=\"400\" class=\"wpcf7-form-control wpcf7-email wpcf7-validates-as-required wpcf7-text wpcf7-validates-as-email\" aria-required=\"true\" aria-invalid=\"false\" value=\"\" type=\"email\" name=\"your-email\" \/><\/span>\n<\/p>\n<p>Ihre Nachricht\n<\/p>\n<p><span class=\"wpcf7-form-control-wrap\" data-name=\"your-message\"><textarea cols=\"40\" rows=\"10\" maxlength=\"2000\" class=\"wpcf7-form-control wpcf7-textarea\" aria-invalid=\"false\" name=\"your-message\"><\/textarea><\/span>\n<\/p>\n<p>Die von Ihnen eingegebenen und mit diesem Formular gesendeten Daten werden gespeichert, aber werden nie verkauft oder an Dritte weitergegeben.\n<\/p>\n<p><span class=\"wpcf7-form-control-wrap\" data-name=\"checkbox-296\"><span class=\"wpcf7-form-control wpcf7-checkbox wpcf7-validates-as-required\"><span class=\"wpcf7-list-item first last\"><input type=\"checkbox\" name=\"checkbox-296[]\" value=\"Ich akzeptiere\" \/><span class=\"wpcf7-list-item-label\">Ich akzeptiere<\/span><\/span><\/span><\/span>\n<\/p>\n<p><input class=\"wpcf7-form-control wpcf7-submit has-spinner\" type=\"submit\" value=\"Senden\" \/>\n<\/p><div class=\"wpcf7-response-output\" aria-hidden=\"true\"><\/div>\n<\/form>\n<\/div>\n[\/vc_column][vc_column width=&#8221;1\/2&#8243;][\/vc_column][\/vc_row]<\/p>\n<\/div>","protected":false},"excerpt":{"rendered":"<p><span class=\"style5\">DAR Armlehnstuhl aus Fiberglas in Farbe salmon, auf originalem Eiffel Gestell (schwarz). Wird aus Fiberglas nicht mehr hergestellt.\u00a0<\/span>Fr\u00fche Zenith Ausf\u00fchrung zweite Produktion mit 3 Punkte unter der Schale und gro\u00dfen Shockmounts.<br \/>\nIn sehr guten vintage Zustand mit Patina und Gebrauchspuren. Oxidierungsspuren am Gestell.<\/p>\n","protected":false},"featured_media":18135,"comment_status":"closed","ping_status":"closed","template":"","meta":{"_monsterinsights_skip_tracking":false,"_monsterinsights_sitenote_active":false,"_monsterinsights_sitenote_note":"","_monsterinsights_sitenote_category":0},"product_brand":[],"product_cat":[255],"product_tag":[389,388,498,501],"class_list":{"0":"post-18131","1":"product","2":"type-product","3":"status-publish","4":"has-post-thumbnail","6":"product_cat-archiv-de","7":"product_tag-50er","8":"product_tag-amerikanisches-design","9":"product_tag-eames-de","10":"product_tag-ikonisch-design","11":"product_shipping_class-post-sperrgut","13":"first","14":"outofstock","15":"taxable","16":"shipping-taxable","17":"product-type-simple"},"yoast_head":"<!-- This site is optimized with the Yoast SEO plugin v25.3.1 - https:\/\/yoast.com\/wordpress\/plugins\/seo\/ -->\n<title>DAR Sessel | Eames | Zenith 2. Prod. | Designklassiker | Schweiz<\/title>\n<meta name=\"description\" content=\"Vintage DAR Armlehnstuhl aus Fiberglas von Eames, Zenith 2. Produktion. Designklassiker aus den 50er Jahre. Galerie Kissthedesign, Lausanne, Schweiz.\" \/>\n<meta name=\"robots\" content=\"index, follow, max-snippet:-1, max-image-preview:large, max-video-preview:-1\" \/>\n<link rel=\"canonical\" href=\"https:\/\/www.kissthedesign.ch\/de\/produkt\/dar-eames-zenith2\/\" \/>\n<meta property=\"og:locale\" content=\"de_DE\" \/>\n<meta property=\"og:type\" content=\"article\" \/>\n<meta property=\"og:title\" content=\"DAR Sessel | Eames | Zenith 2. Prod. | Designklassiker | Schweiz\" \/>\n<meta property=\"og:description\" content=\"Vintage DAR Armlehnstuhl aus Fiberglas von Eames, Zenith 2. Produktion. Designklassiker aus den 50er Jahre. Galerie Kissthedesign, Lausanne, Schweiz.\" \/>\n<meta property=\"og:url\" content=\"https:\/\/www.kissthedesign.ch\/de\/produkt\/dar-eames-zenith2\/\" \/>\n<meta property=\"og:site_name\" content=\"kissthedesign\" \/>\n<meta property=\"article:modified_time\" content=\"2017-11-08T14:47:19+00:00\" \/>\n<meta property=\"og:image\" content=\"https:\/\/www.kissthedesign.ch\/wp\/wp-content\/uploads\/2017\/11\/eames-dar-zenith-salmon.jpg\" \/>\n\t<meta property=\"og:image:width\" content=\"1079\" \/>\n\t<meta property=\"og:image:height\" content=\"720\" \/>\n\t<meta property=\"og:image:type\" content=\"image\/jpeg\" \/>\n<meta name=\"twitter:label1\" content=\"Gesch\u00e4tzte Lesezeit\" \/>\n\t<meta name=\"twitter:data1\" content=\"1\u00a0Minute\" \/>\n<script type=\"application\/ld+json\" class=\"yoast-schema-graph\">{\"@context\":\"https:\/\/schema.org\",\"@graph\":[{\"@type\":\"WebPage\",\"@id\":\"https:\/\/www.kissthedesign.ch\/de\/produkt\/dar-eames-zenith2\/\",\"url\":\"https:\/\/www.kissthedesign.ch\/de\/produkt\/dar-eames-zenith2\/\",\"name\":\"DAR Sessel | Eames | Zenith 2. Prod. | Designklassiker | Schweiz\",\"isPartOf\":{\"@id\":\"https:\/\/www.kissthedesign.ch\/en\/#website\"},\"primaryImageOfPage\":{\"@id\":\"https:\/\/www.kissthedesign.ch\/de\/produkt\/dar-eames-zenith2\/#primaryimage\"},\"image\":{\"@id\":\"https:\/\/www.kissthedesign.ch\/de\/produkt\/dar-eames-zenith2\/#primaryimage\"},\"thumbnailUrl\":\"https:\/\/www.kissthedesign.ch\/wp\/wp-content\/uploads\/2017\/11\/eames-dar-zenith-salmon.jpg\",\"datePublished\":\"2017-11-08T08:48:55+00:00\",\"dateModified\":\"2017-11-08T14:47:19+00:00\",\"description\":\"Vintage DAR Armlehnstuhl aus Fiberglas von Eames, Zenith 2. Produktion. Designklassiker aus den 50er Jahre. Galerie Kissthedesign, Lausanne, Schweiz.\",\"breadcrumb\":{\"@id\":\"https:\/\/www.kissthedesign.ch\/de\/produkt\/dar-eames-zenith2\/#breadcrumb\"},\"inLanguage\":\"de\",\"potentialAction\":[{\"@type\":\"ReadAction\",\"target\":[\"https:\/\/www.kissthedesign.ch\/de\/produkt\/dar-eames-zenith2\/\"]}]},{\"@type\":\"ImageObject\",\"inLanguage\":\"de\",\"@id\":\"https:\/\/www.kissthedesign.ch\/de\/produkt\/dar-eames-zenith2\/#primaryimage\",\"url\":\"https:\/\/www.kissthedesign.ch\/wp\/wp-content\/uploads\/2017\/11\/eames-dar-zenith-salmon.jpg\",\"contentUrl\":\"https:\/\/www.kissthedesign.ch\/wp\/wp-content\/uploads\/2017\/11\/eames-dar-zenith-salmon.jpg\",\"width\":1079,\"height\":720,\"caption\":\"DAR Sessel, Eames, Zenith Transitional\"},{\"@type\":\"BreadcrumbList\",\"@id\":\"https:\/\/www.kissthedesign.ch\/de\/produkt\/dar-eames-zenith2\/#breadcrumb\",\"itemListElement\":[{\"@type\":\"ListItem\",\"position\":1,\"name\":\"Accueil\",\"item\":\"https:\/\/www.kissthedesign.ch\/de\/\"},{\"@type\":\"ListItem\",\"position\":2,\"name\":\"Laden\",\"item\":\"https:\/\/www.kissthedesign.ch\/de\/laden\/\"},{\"@type\":\"ListItem\",\"position\":3,\"name\":\"DAR Armlehnstuhl | Charles &#038; Ray Eames | Zenith\"}]},{\"@type\":\"WebSite\",\"@id\":\"https:\/\/www.kissthedesign.ch\/en\/#website\",\"url\":\"https:\/\/www.kissthedesign.ch\/en\/\",\"name\":\"kissthedesign\",\"description\":\"Kissthedesign, Lausanne, Suisse. Mobilier du XXe, design vintage\",\"publisher\":{\"@id\":\"https:\/\/www.kissthedesign.ch\/en\/#organization\"},\"potentialAction\":[{\"@type\":\"SearchAction\",\"target\":{\"@type\":\"EntryPoint\",\"urlTemplate\":\"https:\/\/www.kissthedesign.ch\/en\/?s={search_term_string}\"},\"query-input\":{\"@type\":\"PropertyValueSpecification\",\"valueRequired\":true,\"valueName\":\"search_term_string\"}}],\"inLanguage\":\"de\"},{\"@type\":\"Organization\",\"@id\":\"https:\/\/www.kissthedesign.ch\/en\/#organization\",\"name\":\"Kissthedesign\",\"url\":\"https:\/\/www.kissthedesign.ch\/en\/\",\"logo\":{\"@type\":\"ImageObject\",\"inLanguage\":\"de\",\"@id\":\"https:\/\/www.kissthedesign.ch\/en\/#\/schema\/logo\/image\/\",\"url\":\"https:\/\/www.kissthedesign.ch\/wp\/wp-content\/uploads\/2016\/08\/ktd-logo-web.jpg\",\"contentUrl\":\"https:\/\/www.kissthedesign.ch\/wp\/wp-content\/uploads\/2016\/08\/ktd-logo-web.jpg\",\"width\":450,\"height\":167,\"caption\":\"Kissthedesign\"},\"image\":{\"@id\":\"https:\/\/www.kissthedesign.ch\/en\/#\/schema\/logo\/image\/\"}}]}<\/script>\n<!-- \/ Yoast SEO plugin. -->","yoast_head_json":{"title":"DAR Sessel | Eames | Zenith 2. Prod. | Designklassiker | Schweiz","description":"Vintage DAR Armlehnstuhl aus Fiberglas von Eames, Zenith 2. Produktion. Designklassiker aus den 50er Jahre. Galerie Kissthedesign, Lausanne, Schweiz.","robots":{"index":"index","follow":"follow","max-snippet":"max-snippet:-1","max-image-preview":"max-image-preview:large","max-video-preview":"max-video-preview:-1"},"canonical":"https:\/\/www.kissthedesign.ch\/de\/produkt\/dar-eames-zenith2\/","og_locale":"de_DE","og_type":"article","og_title":"DAR Sessel | Eames | Zenith 2. Prod. | Designklassiker | Schweiz","og_description":"Vintage DAR Armlehnstuhl aus Fiberglas von Eames, Zenith 2. Produktion. Designklassiker aus den 50er Jahre. Galerie Kissthedesign, Lausanne, Schweiz.","og_url":"https:\/\/www.kissthedesign.ch\/de\/produkt\/dar-eames-zenith2\/","og_site_name":"kissthedesign","article_modified_time":"2017-11-08T14:47:19+00:00","og_image":[{"width":1079,"height":720,"url":"https:\/\/www.kissthedesign.ch\/wp\/wp-content\/uploads\/2017\/11\/eames-dar-zenith-salmon.jpg","type":"image\/jpeg"}],"twitter_misc":{"Gesch\u00e4tzte Lesezeit":"1\u00a0Minute"},"schema":{"@context":"https:\/\/schema.org","@graph":[{"@type":"WebPage","@id":"https:\/\/www.kissthedesign.ch\/de\/produkt\/dar-eames-zenith2\/","url":"https:\/\/www.kissthedesign.ch\/de\/produkt\/dar-eames-zenith2\/","name":"DAR Sessel | Eames | Zenith 2. Prod. | Designklassiker | Schweiz","isPartOf":{"@id":"https:\/\/www.kissthedesign.ch\/en\/#website"},"primaryImageOfPage":{"@id":"https:\/\/www.kissthedesign.ch\/de\/produkt\/dar-eames-zenith2\/#primaryimage"},"image":{"@id":"https:\/\/www.kissthedesign.ch\/de\/produkt\/dar-eames-zenith2\/#primaryimage"},"thumbnailUrl":"https:\/\/www.kissthedesign.ch\/wp\/wp-content\/uploads\/2017\/11\/eames-dar-zenith-salmon.jpg","datePublished":"2017-11-08T08:48:55+00:00","dateModified":"2017-11-08T14:47:19+00:00","description":"Vintage DAR Armlehnstuhl aus Fiberglas von Eames, Zenith 2. Produktion. Designklassiker aus den 50er Jahre. Galerie Kissthedesign, Lausanne, Schweiz.","breadcrumb":{"@id":"https:\/\/www.kissthedesign.ch\/de\/produkt\/dar-eames-zenith2\/#breadcrumb"},"inLanguage":"de","potentialAction":[{"@type":"ReadAction","target":["https:\/\/www.kissthedesign.ch\/de\/produkt\/dar-eames-zenith2\/"]}]},{"@type":"ImageObject","inLanguage":"de","@id":"https:\/\/www.kissthedesign.ch\/de\/produkt\/dar-eames-zenith2\/#primaryimage","url":"https:\/\/www.kissthedesign.ch\/wp\/wp-content\/uploads\/2017\/11\/eames-dar-zenith-salmon.jpg","contentUrl":"https:\/\/www.kissthedesign.ch\/wp\/wp-content\/uploads\/2017\/11\/eames-dar-zenith-salmon.jpg","width":1079,"height":720,"caption":"DAR Sessel, Eames, Zenith Transitional"},{"@type":"BreadcrumbList","@id":"https:\/\/www.kissthedesign.ch\/de\/produkt\/dar-eames-zenith2\/#breadcrumb","itemListElement":[{"@type":"ListItem","position":1,"name":"Accueil","item":"https:\/\/www.kissthedesign.ch\/de\/"},{"@type":"ListItem","position":2,"name":"Laden","item":"https:\/\/www.kissthedesign.ch\/de\/laden\/"},{"@type":"ListItem","position":3,"name":"DAR Armlehnstuhl | Charles &#038; Ray Eames | Zenith"}]},{"@type":"WebSite","@id":"https:\/\/www.kissthedesign.ch\/en\/#website","url":"https:\/\/www.kissthedesign.ch\/en\/","name":"kissthedesign","description":"Kissthedesign, Lausanne, Suisse. Mobilier du XXe, design vintage","publisher":{"@id":"https:\/\/www.kissthedesign.ch\/en\/#organization"},"potentialAction":[{"@type":"SearchAction","target":{"@type":"EntryPoint","urlTemplate":"https:\/\/www.kissthedesign.ch\/en\/?s={search_term_string}"},"query-input":{"@type":"PropertyValueSpecification","valueRequired":true,"valueName":"search_term_string"}}],"inLanguage":"de"},{"@type":"Organization","@id":"https:\/\/www.kissthedesign.ch\/en\/#organization","name":"Kissthedesign","url":"https:\/\/www.kissthedesign.ch\/en\/","logo":{"@type":"ImageObject","inLanguage":"de","@id":"https:\/\/www.kissthedesign.ch\/en\/#\/schema\/logo\/image\/","url":"https:\/\/www.kissthedesign.ch\/wp\/wp-content\/uploads\/2016\/08\/ktd-logo-web.jpg","contentUrl":"https:\/\/www.kissthedesign.ch\/wp\/wp-content\/uploads\/2016\/08\/ktd-logo-web.jpg","width":450,"height":167,"caption":"Kissthedesign"},"image":{"@id":"https:\/\/www.kissthedesign.ch\/en\/#\/schema\/logo\/image\/"}}]}},"_links":{"self":[{"href":"https:\/\/www.kissthedesign.ch\/de\/wp-json\/wp\/v2\/product\/18131","targetHints":{"allow":["GET"]}}],"collection":[{"href":"https:\/\/www.kissthedesign.ch\/de\/wp-json\/wp\/v2\/product"}],"about":[{"href":"https:\/\/www.kissthedesign.ch\/de\/wp-json\/wp\/v2\/types\/product"}],"replies":[{"embeddable":true,"href":"https:\/\/www.kissthedesign.ch\/de\/wp-json\/wp\/v2\/comments?post=18131"}],"wp:featuredmedia":[{"embeddable":true,"href":"https:\/\/www.kissthedesign.ch\/de\/wp-json\/wp\/v2\/media\/18135"}],"wp:attachment":[{"href":"https:\/\/www.kissthedesign.ch\/de\/wp-json\/wp\/v2\/media?parent=18131"}],"wp:term":[{"taxonomy":"product_brand","embeddable":true,"href":"https:\/\/www.kissthedesign.ch\/de\/wp-json\/wp\/v2\/product_brand?post=18131"},{"taxonomy":"product_cat","embeddable":true,"href":"https:\/\/www.kissthedesign.ch\/de\/wp-json\/wp\/v2\/product_cat?post=18131"},{"taxonomy":"product_tag","embeddable":true,"href":"https:\/\/www.kissthedesign.ch\/de\/wp-json\/wp\/v2\/product_tag?post=18131"}],"curies":[{"name":"wp","href":"https:\/\/api.w.org\/{rel}","templated":true}]}}