{"id":18317,"date":"2017-11-28T15:38:59","date_gmt":"2017-11-28T14:39:01","guid":{"rendered":"http:\/\/www.kissthedesign.ch\/?post_type=product&#038;p=18317"},"modified":"2017-11-28T18:12:33","modified_gmt":"2017-11-28T17:12:33","slug":"charlotte-perriand-cansado-sideboard-steph-simon","status":"publish","type":"product","link":"https:\/\/www.kissthedesign.ch\/de\/produkt\/charlotte-perriand-cansado-sideboard-steph-simon\/","title":{"rendered":"Charlotte Perriand | Cansado Sideboard | Steph Simon"},"content":{"rendered":"<div class=\"wpb-content-wrapper\"><p>[vc_row][vc_column][vc_column_text]<\/p>\n<h2>Cansado Sideboard von Charlotte Perriand, Steph Simon 1958<\/h2>\n<p>Charlotte Perriand (1903 \u2013 1999) geh\u00f6rt zu den Meistern des frans\u00f6zisches modernistisches Design zusammen mit Le Corbusier, Jean Prouv\u00e9 oder Pierre Jeanneret. Ihre Werke werden\u00a0heutzutage hochgesch\u00e4tzt.<\/p>\n<p>Das Sideboard wurde nach der Cit\u00e9 de Cansado, der franz\u00f6sischen Minenkompanie Soci\u00e9t\u00e9 des Mines de Fer de Mauritanie (MIFERMA) in Afrika, benannt. Die Arbeitersunterk\u00fcnfte waren mit M\u00f6beln von Hersteller wie Knoll, Mobilier international, Disderot und Steph Simon ausgestattet. Charlotte Perriand hat zum Beispiel Sideboards, Tische, B\u00e4nke, St\u00fchle und die ikonische Nuage Regal f\u00fcr Cansado zwischen 1959 und 1967 entworfen.<\/p>\n<p>Sideboard aus Eschenholz, 4 Schubladen, 2 Schiebet\u00fcren aus schwarzem und wei\u00dfem Formica, schwarz lackiertem Metallgestell. Sammlerst\u00fcck, wird nicht mehr hergestellt.\u00a0In guten vintage Zustand. Original Zustand mit leichte Restaurierung.<br \/>\nMa\u00dfe 158 x 45 cm, H. 72.5 cm[\/vc_column_text][\/vc_column][\/vc_row][vc_row css=&#8221;.vc_custom_1511876885467{margin-top: 15px !important;padding-top: 15px !important;}&#8221;][vc_column width=&#8221;1\/2&#8243;]\n<div class=\"wpcf7 no-js\" id=\"wpcf7-f12225-o1\" lang=\"fr-FR\" dir=\"ltr\" data-wpcf7-id=\"12225\">\n<div class=\"screen-reader-response\"><p role=\"status\" aria-live=\"polite\" aria-atomic=\"true\"><\/p> <ul><\/ul><\/div>\n<form action=\"\/de\/wp-json\/wp\/v2\/product\/18317#wpcf7-f12225-o1\" method=\"post\" class=\"wpcf7-form init\" aria-label=\"Formulaire de contact\" novalidate=\"novalidate\" data-status=\"init\">\n<fieldset class=\"hidden-fields-container\"><input type=\"hidden\" name=\"_wpcf7\" value=\"12225\" \/><input type=\"hidden\" name=\"_wpcf7_version\" value=\"6.1.5\" \/><input type=\"hidden\" name=\"_wpcf7_locale\" value=\"fr_FR\" \/><input type=\"hidden\" name=\"_wpcf7_unit_tag\" value=\"wpcf7-f12225-o1\" \/><input type=\"hidden\" name=\"_wpcf7_container_post\" value=\"0\" \/><input type=\"hidden\" name=\"_wpcf7_posted_data_hash\" value=\"\" \/><input type=\"hidden\" name=\"_wpcf7_recaptcha_response\" value=\"\" \/>\n<\/fieldset>\n\n<!-- CF7 Modules -->\n<div style='display:none;'><input type=\"hidden\" class=\"wpcf7-form-control wpcf7-hidden\" name=\"hidden-931\" placeholder=\"\" value=\"Charlotte Perriand | Cansado Sideboard | Steph Simon\" \/>\n<\/div>\n<!-- End CF7 Modules -->\n\n<p><b>Kontaktieren Sie uns \u00fcber diesen Artikel<\/b>\n<\/p>\n<p>Ihre Name (Pflichtfeld)\n<\/p>\n<p><span class=\"wpcf7-form-control-wrap\" data-name=\"your-name\"><input size=\"40\" maxlength=\"400\" class=\"wpcf7-form-control wpcf7-text wpcf7-validates-as-required\" aria-required=\"true\" aria-invalid=\"false\" value=\"\" type=\"text\" name=\"your-name\" \/><\/span>\n<\/p>\n<p>Ihre Email (Pflichtfeld)\n<\/p>\n<p><span class=\"wpcf7-form-control-wrap\" data-name=\"your-email\"><input size=\"40\" maxlength=\"400\" class=\"wpcf7-form-control wpcf7-email wpcf7-validates-as-required wpcf7-text wpcf7-validates-as-email\" aria-required=\"true\" aria-invalid=\"false\" value=\"\" type=\"email\" name=\"your-email\" \/><\/span>\n<\/p>\n<p>Ihre Nachricht\n<\/p>\n<p><span class=\"wpcf7-form-control-wrap\" data-name=\"your-message\"><textarea cols=\"40\" rows=\"10\" maxlength=\"2000\" class=\"wpcf7-form-control wpcf7-textarea\" aria-invalid=\"false\" name=\"your-message\"><\/textarea><\/span>\n<\/p>\n<p>Die von Ihnen eingegebenen und mit diesem Formular gesendeten Daten werden gespeichert, aber werden nie verkauft oder an Dritte weitergegeben.\n<\/p>\n<p><span class=\"wpcf7-form-control-wrap\" data-name=\"checkbox-296\"><span class=\"wpcf7-form-control wpcf7-checkbox wpcf7-validates-as-required\"><span class=\"wpcf7-list-item first last\"><input type=\"checkbox\" name=\"checkbox-296[]\" value=\"Ich akzeptiere\" \/><span class=\"wpcf7-list-item-label\">Ich akzeptiere<\/span><\/span><\/span><\/span>\n<\/p>\n<p><input class=\"wpcf7-form-control wpcf7-submit has-spinner\" type=\"submit\" value=\"Senden\" \/>\n<\/p><div class=\"wpcf7-response-output\" aria-hidden=\"true\"><\/div>\n<\/form>\n<\/div>\n[\/vc_column][vc_column width=&#8221;1\/2&#8243;][\/vc_column][\/vc_row]<\/p>\n<\/div>","protected":false},"excerpt":{"rendered":"<p>Sideboard aus Eschenholz, 4 Schubladen, 2 Schiebet\u00fcren aus schwarzem und wei\u00dfem Formica, schwarz lackiertem Metallgestell.\u00a0In guten vintage Zustand. Original Zustand mit leichte Restaurierung.<br \/>\nMa\u00dfe 158 x 45 cm, H. 72.5 cm<\/p>\n","protected":false},"featured_media":18330,"comment_status":"closed","ping_status":"closed","template":"","meta":{"_monsterinsights_skip_tracking":false,"_monsterinsights_sitenote_active":false,"_monsterinsights_sitenote_note":"","_monsterinsights_sitenote_category":0},"product_brand":[],"product_cat":[255],"product_tag":[572],"class_list":{"0":"post-18317","1":"product","2":"type-product","3":"status-publish","4":"has-post-thumbnail","6":"product_cat-archiv-de","7":"product_tag-charlotte-perriand-de","8":"product_shipping_class-wir-liefern","10":"first","11":"outofstock","12":"taxable","13":"shipping-taxable","14":"product-type-simple"},"yoast_head":"<!-- This site is optimized with the Yoast SEO plugin v25.3.1 - https:\/\/yoast.com\/wordpress\/plugins\/seo\/ -->\n<title>Charlotte Perriand | Cansado Sideboard | Steph Simon | Schweiz<\/title>\n<meta name=\"description\" content=\"Seltenes Cansado Sideboard von Charlotte Perriand, Steph Simon. Designklassiker aus den 60er. Galerie Kissthedesign, Lausanne, Schweiz, Designladen.\" \/>\n<meta name=\"robots\" content=\"index, follow, max-snippet:-1, max-image-preview:large, max-video-preview:-1\" \/>\n<link rel=\"canonical\" href=\"https:\/\/www.kissthedesign.ch\/de\/produkt\/charlotte-perriand-cansado-sideboard-steph-simon\/\" \/>\n<meta property=\"og:locale\" content=\"de_DE\" \/>\n<meta property=\"og:type\" content=\"article\" \/>\n<meta property=\"og:title\" content=\"Charlotte Perriand | Cansado Sideboard | Steph Simon | Schweiz\" \/>\n<meta property=\"og:description\" content=\"Seltenes Cansado Sideboard von Charlotte Perriand, Steph Simon. Designklassiker aus den 60er. Galerie Kissthedesign, Lausanne, Schweiz, Designladen.\" \/>\n<meta property=\"og:url\" content=\"https:\/\/www.kissthedesign.ch\/de\/produkt\/charlotte-perriand-cansado-sideboard-steph-simon\/\" \/>\n<meta property=\"og:site_name\" content=\"kissthedesign\" \/>\n<meta property=\"article:modified_time\" content=\"2017-11-28T17:12:33+00:00\" \/>\n<meta property=\"og:image\" content=\"https:\/\/www.kissthedesign.ch\/wp\/wp-content\/uploads\/2017\/11\/charlotte-perriand-enfilade-cansado-steph-simon.jpg\" \/>\n\t<meta property=\"og:image:width\" content=\"900\" \/>\n\t<meta property=\"og:image:height\" content=\"601\" \/>\n\t<meta property=\"og:image:type\" content=\"image\/jpeg\" \/>\n<meta name=\"twitter:label1\" content=\"Gesch\u00e4tzte Lesezeit\" \/>\n\t<meta name=\"twitter:data1\" content=\"1\u00a0Minute\" \/>\n<script type=\"application\/ld+json\" class=\"yoast-schema-graph\">{\"@context\":\"https:\/\/schema.org\",\"@graph\":[{\"@type\":\"WebPage\",\"@id\":\"https:\/\/www.kissthedesign.ch\/de\/produkt\/charlotte-perriand-cansado-sideboard-steph-simon\/\",\"url\":\"https:\/\/www.kissthedesign.ch\/de\/produkt\/charlotte-perriand-cansado-sideboard-steph-simon\/\",\"name\":\"Charlotte Perriand | Cansado Sideboard | Steph Simon | Schweiz\",\"isPartOf\":{\"@id\":\"https:\/\/www.kissthedesign.ch\/en\/#website\"},\"primaryImageOfPage\":{\"@id\":\"https:\/\/www.kissthedesign.ch\/de\/produkt\/charlotte-perriand-cansado-sideboard-steph-simon\/#primaryimage\"},\"image\":{\"@id\":\"https:\/\/www.kissthedesign.ch\/de\/produkt\/charlotte-perriand-cansado-sideboard-steph-simon\/#primaryimage\"},\"thumbnailUrl\":\"https:\/\/www.kissthedesign.ch\/wp\/wp-content\/uploads\/2017\/11\/charlotte-perriand-enfilade-cansado-steph-simon.jpg\",\"datePublished\":\"2017-11-28T14:39:01+00:00\",\"dateModified\":\"2017-11-28T17:12:33+00:00\",\"description\":\"Seltenes Cansado Sideboard von Charlotte Perriand, Steph Simon. Designklassiker aus den 60er. Galerie Kissthedesign, Lausanne, Schweiz, Designladen.\",\"breadcrumb\":{\"@id\":\"https:\/\/www.kissthedesign.ch\/de\/produkt\/charlotte-perriand-cansado-sideboard-steph-simon\/#breadcrumb\"},\"inLanguage\":\"de\",\"potentialAction\":[{\"@type\":\"ReadAction\",\"target\":[\"https:\/\/www.kissthedesign.ch\/de\/produkt\/charlotte-perriand-cansado-sideboard-steph-simon\/\"]}]},{\"@type\":\"ImageObject\",\"inLanguage\":\"de\",\"@id\":\"https:\/\/www.kissthedesign.ch\/de\/produkt\/charlotte-perriand-cansado-sideboard-steph-simon\/#primaryimage\",\"url\":\"https:\/\/www.kissthedesign.ch\/wp\/wp-content\/uploads\/2017\/11\/charlotte-perriand-enfilade-cansado-steph-simon.jpg\",\"contentUrl\":\"https:\/\/www.kissthedesign.ch\/wp\/wp-content\/uploads\/2017\/11\/charlotte-perriand-enfilade-cansado-steph-simon.jpg\",\"width\":900,\"height\":601,\"caption\":\"Cansado Sideboard, Charlotte Perriand, Steph Simon 1958\"},{\"@type\":\"BreadcrumbList\",\"@id\":\"https:\/\/www.kissthedesign.ch\/de\/produkt\/charlotte-perriand-cansado-sideboard-steph-simon\/#breadcrumb\",\"itemListElement\":[{\"@type\":\"ListItem\",\"position\":1,\"name\":\"Accueil\",\"item\":\"https:\/\/www.kissthedesign.ch\/de\/\"},{\"@type\":\"ListItem\",\"position\":2,\"name\":\"Laden\",\"item\":\"https:\/\/www.kissthedesign.ch\/de\/laden\/\"},{\"@type\":\"ListItem\",\"position\":3,\"name\":\"Charlotte Perriand | Cansado Sideboard | Steph Simon\"}]},{\"@type\":\"WebSite\",\"@id\":\"https:\/\/www.kissthedesign.ch\/en\/#website\",\"url\":\"https:\/\/www.kissthedesign.ch\/en\/\",\"name\":\"kissthedesign\",\"description\":\"Kissthedesign, Lausanne, Suisse. Mobilier du XXe, design vintage\",\"publisher\":{\"@id\":\"https:\/\/www.kissthedesign.ch\/en\/#organization\"},\"potentialAction\":[{\"@type\":\"SearchAction\",\"target\":{\"@type\":\"EntryPoint\",\"urlTemplate\":\"https:\/\/www.kissthedesign.ch\/en\/?s={search_term_string}\"},\"query-input\":{\"@type\":\"PropertyValueSpecification\",\"valueRequired\":true,\"valueName\":\"search_term_string\"}}],\"inLanguage\":\"de\"},{\"@type\":\"Organization\",\"@id\":\"https:\/\/www.kissthedesign.ch\/en\/#organization\",\"name\":\"Kissthedesign\",\"url\":\"https:\/\/www.kissthedesign.ch\/en\/\",\"logo\":{\"@type\":\"ImageObject\",\"inLanguage\":\"de\",\"@id\":\"https:\/\/www.kissthedesign.ch\/en\/#\/schema\/logo\/image\/\",\"url\":\"https:\/\/www.kissthedesign.ch\/wp\/wp-content\/uploads\/2016\/08\/ktd-logo-web.jpg\",\"contentUrl\":\"https:\/\/www.kissthedesign.ch\/wp\/wp-content\/uploads\/2016\/08\/ktd-logo-web.jpg\",\"width\":450,\"height\":167,\"caption\":\"Kissthedesign\"},\"image\":{\"@id\":\"https:\/\/www.kissthedesign.ch\/en\/#\/schema\/logo\/image\/\"}}]}<\/script>\n<!-- \/ Yoast SEO plugin. -->","yoast_head_json":{"title":"Charlotte Perriand | Cansado Sideboard | Steph Simon | Schweiz","description":"Seltenes Cansado Sideboard von Charlotte Perriand, Steph Simon. Designklassiker aus den 60er. Galerie Kissthedesign, Lausanne, Schweiz, Designladen.","robots":{"index":"index","follow":"follow","max-snippet":"max-snippet:-1","max-image-preview":"max-image-preview:large","max-video-preview":"max-video-preview:-1"},"canonical":"https:\/\/www.kissthedesign.ch\/de\/produkt\/charlotte-perriand-cansado-sideboard-steph-simon\/","og_locale":"de_DE","og_type":"article","og_title":"Charlotte Perriand | Cansado Sideboard | Steph Simon | Schweiz","og_description":"Seltenes Cansado Sideboard von Charlotte Perriand, Steph Simon. Designklassiker aus den 60er. Galerie Kissthedesign, Lausanne, Schweiz, Designladen.","og_url":"https:\/\/www.kissthedesign.ch\/de\/produkt\/charlotte-perriand-cansado-sideboard-steph-simon\/","og_site_name":"kissthedesign","article_modified_time":"2017-11-28T17:12:33+00:00","og_image":[{"width":900,"height":601,"url":"https:\/\/www.kissthedesign.ch\/wp\/wp-content\/uploads\/2017\/11\/charlotte-perriand-enfilade-cansado-steph-simon.jpg","type":"image\/jpeg"}],"twitter_misc":{"Gesch\u00e4tzte Lesezeit":"1\u00a0Minute"},"schema":{"@context":"https:\/\/schema.org","@graph":[{"@type":"WebPage","@id":"https:\/\/www.kissthedesign.ch\/de\/produkt\/charlotte-perriand-cansado-sideboard-steph-simon\/","url":"https:\/\/www.kissthedesign.ch\/de\/produkt\/charlotte-perriand-cansado-sideboard-steph-simon\/","name":"Charlotte Perriand | Cansado Sideboard | Steph Simon | Schweiz","isPartOf":{"@id":"https:\/\/www.kissthedesign.ch\/en\/#website"},"primaryImageOfPage":{"@id":"https:\/\/www.kissthedesign.ch\/de\/produkt\/charlotte-perriand-cansado-sideboard-steph-simon\/#primaryimage"},"image":{"@id":"https:\/\/www.kissthedesign.ch\/de\/produkt\/charlotte-perriand-cansado-sideboard-steph-simon\/#primaryimage"},"thumbnailUrl":"https:\/\/www.kissthedesign.ch\/wp\/wp-content\/uploads\/2017\/11\/charlotte-perriand-enfilade-cansado-steph-simon.jpg","datePublished":"2017-11-28T14:39:01+00:00","dateModified":"2017-11-28T17:12:33+00:00","description":"Seltenes Cansado Sideboard von Charlotte Perriand, Steph Simon. Designklassiker aus den 60er. Galerie Kissthedesign, Lausanne, Schweiz, Designladen.","breadcrumb":{"@id":"https:\/\/www.kissthedesign.ch\/de\/produkt\/charlotte-perriand-cansado-sideboard-steph-simon\/#breadcrumb"},"inLanguage":"de","potentialAction":[{"@type":"ReadAction","target":["https:\/\/www.kissthedesign.ch\/de\/produkt\/charlotte-perriand-cansado-sideboard-steph-simon\/"]}]},{"@type":"ImageObject","inLanguage":"de","@id":"https:\/\/www.kissthedesign.ch\/de\/produkt\/charlotte-perriand-cansado-sideboard-steph-simon\/#primaryimage","url":"https:\/\/www.kissthedesign.ch\/wp\/wp-content\/uploads\/2017\/11\/charlotte-perriand-enfilade-cansado-steph-simon.jpg","contentUrl":"https:\/\/www.kissthedesign.ch\/wp\/wp-content\/uploads\/2017\/11\/charlotte-perriand-enfilade-cansado-steph-simon.jpg","width":900,"height":601,"caption":"Cansado Sideboard, Charlotte Perriand, Steph Simon 1958"},{"@type":"BreadcrumbList","@id":"https:\/\/www.kissthedesign.ch\/de\/produkt\/charlotte-perriand-cansado-sideboard-steph-simon\/#breadcrumb","itemListElement":[{"@type":"ListItem","position":1,"name":"Accueil","item":"https:\/\/www.kissthedesign.ch\/de\/"},{"@type":"ListItem","position":2,"name":"Laden","item":"https:\/\/www.kissthedesign.ch\/de\/laden\/"},{"@type":"ListItem","position":3,"name":"Charlotte Perriand | Cansado Sideboard | Steph Simon"}]},{"@type":"WebSite","@id":"https:\/\/www.kissthedesign.ch\/en\/#website","url":"https:\/\/www.kissthedesign.ch\/en\/","name":"kissthedesign","description":"Kissthedesign, Lausanne, Suisse. Mobilier du XXe, design vintage","publisher":{"@id":"https:\/\/www.kissthedesign.ch\/en\/#organization"},"potentialAction":[{"@type":"SearchAction","target":{"@type":"EntryPoint","urlTemplate":"https:\/\/www.kissthedesign.ch\/en\/?s={search_term_string}"},"query-input":{"@type":"PropertyValueSpecification","valueRequired":true,"valueName":"search_term_string"}}],"inLanguage":"de"},{"@type":"Organization","@id":"https:\/\/www.kissthedesign.ch\/en\/#organization","name":"Kissthedesign","url":"https:\/\/www.kissthedesign.ch\/en\/","logo":{"@type":"ImageObject","inLanguage":"de","@id":"https:\/\/www.kissthedesign.ch\/en\/#\/schema\/logo\/image\/","url":"https:\/\/www.kissthedesign.ch\/wp\/wp-content\/uploads\/2016\/08\/ktd-logo-web.jpg","contentUrl":"https:\/\/www.kissthedesign.ch\/wp\/wp-content\/uploads\/2016\/08\/ktd-logo-web.jpg","width":450,"height":167,"caption":"Kissthedesign"},"image":{"@id":"https:\/\/www.kissthedesign.ch\/en\/#\/schema\/logo\/image\/"}}]}},"_links":{"self":[{"href":"https:\/\/www.kissthedesign.ch\/de\/wp-json\/wp\/v2\/product\/18317","targetHints":{"allow":["GET"]}}],"collection":[{"href":"https:\/\/www.kissthedesign.ch\/de\/wp-json\/wp\/v2\/product"}],"about":[{"href":"https:\/\/www.kissthedesign.ch\/de\/wp-json\/wp\/v2\/types\/product"}],"replies":[{"embeddable":true,"href":"https:\/\/www.kissthedesign.ch\/de\/wp-json\/wp\/v2\/comments?post=18317"}],"wp:featuredmedia":[{"embeddable":true,"href":"https:\/\/www.kissthedesign.ch\/de\/wp-json\/wp\/v2\/media\/18330"}],"wp:attachment":[{"href":"https:\/\/www.kissthedesign.ch\/de\/wp-json\/wp\/v2\/media?parent=18317"}],"wp:term":[{"taxonomy":"product_brand","embeddable":true,"href":"https:\/\/www.kissthedesign.ch\/de\/wp-json\/wp\/v2\/product_brand?post=18317"},{"taxonomy":"product_cat","embeddable":true,"href":"https:\/\/www.kissthedesign.ch\/de\/wp-json\/wp\/v2\/product_cat?post=18317"},{"taxonomy":"product_tag","embeddable":true,"href":"https:\/\/www.kissthedesign.ch\/de\/wp-json\/wp\/v2\/product_tag?post=18317"}],"curies":[{"name":"wp","href":"https:\/\/api.w.org\/{rel}","templated":true}]}}