{"id":18977,"date":"2018-01-13T12:48:27","date_gmt":"2018-01-13T11:48:32","guid":{"rendered":"http:\/\/www.kissthedesign.ch\/?post_type=product&#038;p=18977"},"modified":"2020-04-16T10:36:12","modified_gmt":"2020-04-16T09:36:12","slug":"multi-lite-haengeleuchte-gubi-weisdorf","status":"publish","type":"product","link":"https:\/\/www.kissthedesign.ch\/de\/produkt\/multi-lite-haengeleuchte-gubi-weisdorf\/","title":{"rendered":"Multi-Lite H\u00e4ngeleuchte | Louis Weisdorf | Gubi"},"content":{"rendered":"<div class=\"wpb-content-wrapper\"><p>[vc_row][vc_column][vc_column_text text_larger=&#8221;no&#8221;]<\/p>\n<h2>Multi-Lite H\u00e4ngeleuchte, Design Louis Weisdorf, Gubi.<\/h2>\n<p>Die Multi-Lite Lampen wurden 1972 von Louis Weisdorf entworfen. Das Besondere an die elegante Leuchte ist die M\u00f6glichkeit die zwei Reflektoren individuell einstellen zu k\u00f6nnen, so dass man die Lichtstreuung nach Bedarf regulieren kann.<\/p>\n<p>H\u00e4ngeleuchte, Pendelleuchte, aus Aluminium pulverbeschichtet und Chrom- oder Messingring.\u00a0Verf\u00fcgbar in Farbe:\u00a0Schwarz, weiss, blau,\u00a0rose dust oder sea grey, verchromt oder Messing.<br \/>\n\u00f8 36 cm. Kabell\u00e4nge 400 cm.\u00a0Gl\u00fchbirne Max 57W-Halogen, E27 Fassung<\/p>\n<p>Der d\u00e4nische Architekt und Designer Louis Weisdorf ist im Jahr 1932 geboren. Er ist vor allem als Lampendesigner bekannt, haupts\u00e4chlich f\u00fcr die ikonische Lampen, die er 1960 und 1970 f\u00fcr Lyfa entworfen hat.[\/vc_column_text][\/vc_column][\/vc_row][vc_row css=&#8221;.vc_custom_1486917974905{padding-top: 30px !important;}&#8221;][vc_column width=&#8221;1\/2&#8243;]\n<div class=\"wpcf7 no-js\" id=\"wpcf7-f12225-o1\" lang=\"fr-FR\" dir=\"ltr\" data-wpcf7-id=\"12225\">\n<div class=\"screen-reader-response\"><p role=\"status\" aria-live=\"polite\" aria-atomic=\"true\"><\/p> <ul><\/ul><\/div>\n<form action=\"\/de\/wp-json\/wp\/v2\/product\/18977#wpcf7-f12225-o1\" method=\"post\" class=\"wpcf7-form init\" aria-label=\"Formulaire de contact\" novalidate=\"novalidate\" data-status=\"init\">\n<fieldset class=\"hidden-fields-container\"><input type=\"hidden\" name=\"_wpcf7\" value=\"12225\" \/><input type=\"hidden\" name=\"_wpcf7_version\" value=\"6.1.5\" \/><input type=\"hidden\" name=\"_wpcf7_locale\" value=\"fr_FR\" \/><input type=\"hidden\" name=\"_wpcf7_unit_tag\" value=\"wpcf7-f12225-o1\" \/><input type=\"hidden\" name=\"_wpcf7_container_post\" value=\"0\" \/><input type=\"hidden\" name=\"_wpcf7_posted_data_hash\" value=\"\" \/><input type=\"hidden\" name=\"_wpcf7_recaptcha_response\" value=\"\" \/>\n<\/fieldset>\n\n<!-- CF7 Modules -->\n<div style='display:none;'><input type=\"hidden\" class=\"wpcf7-form-control wpcf7-hidden\" name=\"hidden-931\" placeholder=\"\" value=\"Multi-Lite H\u00e4ngeleuchte | Louis Weisdorf | Gubi\" \/>\n<\/div>\n<!-- End CF7 Modules -->\n\n<p><b>Kontaktieren Sie uns \u00fcber diesen Artikel<\/b>\n<\/p>\n<p>Ihre Name (Pflichtfeld)\n<\/p>\n<p><span class=\"wpcf7-form-control-wrap\" data-name=\"your-name\"><input size=\"40\" maxlength=\"400\" class=\"wpcf7-form-control wpcf7-text wpcf7-validates-as-required\" aria-required=\"true\" aria-invalid=\"false\" value=\"\" type=\"text\" name=\"your-name\" \/><\/span>\n<\/p>\n<p>Ihre Email (Pflichtfeld)\n<\/p>\n<p><span class=\"wpcf7-form-control-wrap\" data-name=\"your-email\"><input size=\"40\" maxlength=\"400\" class=\"wpcf7-form-control wpcf7-email wpcf7-validates-as-required wpcf7-text wpcf7-validates-as-email\" aria-required=\"true\" aria-invalid=\"false\" value=\"\" type=\"email\" name=\"your-email\" \/><\/span>\n<\/p>\n<p>Ihre Nachricht\n<\/p>\n<p><span class=\"wpcf7-form-control-wrap\" data-name=\"your-message\"><textarea cols=\"40\" rows=\"10\" maxlength=\"2000\" class=\"wpcf7-form-control wpcf7-textarea\" aria-invalid=\"false\" name=\"your-message\"><\/textarea><\/span>\n<\/p>\n<p>Die von Ihnen eingegebenen und mit diesem Formular gesendeten Daten werden gespeichert, aber werden nie verkauft oder an Dritte weitergegeben.\n<\/p>\n<p><span class=\"wpcf7-form-control-wrap\" data-name=\"checkbox-296\"><span class=\"wpcf7-form-control wpcf7-checkbox wpcf7-validates-as-required\"><span class=\"wpcf7-list-item first last\"><input type=\"checkbox\" name=\"checkbox-296[]\" value=\"Ich akzeptiere\" \/><span class=\"wpcf7-list-item-label\">Ich akzeptiere<\/span><\/span><\/span><\/span>\n<\/p>\n<p><input class=\"wpcf7-form-control wpcf7-submit has-spinner\" type=\"submit\" value=\"Senden\" \/>\n<\/p><div class=\"wpcf7-response-output\" aria-hidden=\"true\"><\/div>\n<\/form>\n<\/div>\n[\/vc_column][vc_column width=&#8221;1\/2&#8243;][\/vc_column][\/vc_row]<\/p>\n<\/div>","protected":false},"excerpt":{"rendered":"<p>H\u00e4ngeleuchte, Pendelleuchte, aus Aluminium pulverbeschichtet und Chrom- oder Messingring.<br \/>\nVerf\u00fcgbar in Farbe:\u00a0Schwarz, weiss, blau,\u00a0rose dust oder sea grey, verchromt oder Messing.<br \/>\n\u00f8 36 cm. Kabell\u00e4nge 400 cm.\u00a0Gl\u00fchbirne Max 57W-Halogen, E27 Fassung<\/p>\n","protected":false},"featured_media":19019,"comment_status":"closed","ping_status":"closed","template":"","meta":{"_monsterinsights_skip_tracking":false,"_monsterinsights_sitenote_active":false,"_monsterinsights_sitenote_note":"","_monsterinsights_sitenote_category":0},"product_brand":[],"product_cat":[3156,63,226,154],"product_tag":[566,466],"class_list":{"0":"post-18977","1":"product","2":"type-product","3":"status-publish","4":"has-post-thumbnail","6":"product_cat-auf-lager","7":"product_cat-gubi-design-de","8":"product_cat-haengeleuchte","9":"product_cat-leuchte","10":"product_tag-70er","11":"product_tag-daenisch-design","12":"product_shipping_class-post-a","14":"first","15":"instock","16":"taxable","17":"shipping-taxable","18":"purchasable","19":"product-type-variable"},"yoast_head":"<!-- This site is optimized with the Yoast SEO plugin v25.3.1 - https:\/\/yoast.com\/wordpress\/plugins\/seo\/ -->\n<title>Multi-Lite H\u00e4ngeleuchte | Louis Weisdorf | Gubi | Schweiz<\/title>\n<meta name=\"description\" content=\"Multi-Lite H\u00e4ngeleuchte von Louis Weisdorf, Gubi, 1972. D\u00e4nischer Designklassiker aus dem 20. Jhd. Designer Lampe in der Schweiz kaufen.\" \/>\n<meta name=\"robots\" content=\"index, follow, max-snippet:-1, max-image-preview:large, max-video-preview:-1\" \/>\n<link rel=\"canonical\" href=\"https:\/\/www.kissthedesign.ch\/de\/produkt\/multi-lite-haengeleuchte-gubi-weisdorf\/\" \/>\n<meta property=\"og:locale\" content=\"de_DE\" \/>\n<meta property=\"og:type\" content=\"article\" \/>\n<meta property=\"og:title\" content=\"Multi-Lite H\u00e4ngeleuchte | Louis Weisdorf | Gubi | Schweiz\" \/>\n<meta property=\"og:description\" content=\"Multi-Lite H\u00e4ngeleuchte von Louis Weisdorf, Gubi, 1972. D\u00e4nischer Designklassiker aus dem 20. Jhd. Designer Lampe in der Schweiz kaufen.\" \/>\n<meta property=\"og:url\" content=\"https:\/\/www.kissthedesign.ch\/de\/produkt\/multi-lite-haengeleuchte-gubi-weisdorf\/\" \/>\n<meta property=\"og:site_name\" content=\"kissthedesign\" \/>\n<meta property=\"article:modified_time\" content=\"2020-04-16T09:36:12+00:00\" \/>\n<meta property=\"og:image\" content=\"https:\/\/www.kissthedesign.ch\/wp\/wp-content\/uploads\/2018\/01\/Multi-Lite-suspension-black-brass-gubi-louisWeisdorf.jpg\" \/>\n\t<meta property=\"og:image:width\" content=\"900\" \/>\n\t<meta property=\"og:image:height\" content=\"1151\" \/>\n\t<meta property=\"og:image:type\" content=\"image\/jpeg\" \/>\n<meta name=\"twitter:label1\" content=\"Gesch\u00e4tzte Lesezeit\" \/>\n\t<meta name=\"twitter:data1\" content=\"1\u00a0Minute\" \/>\n<script type=\"application\/ld+json\" class=\"yoast-schema-graph\">{\"@context\":\"https:\/\/schema.org\",\"@graph\":[{\"@type\":\"WebPage\",\"@id\":\"https:\/\/www.kissthedesign.ch\/de\/produkt\/multi-lite-haengeleuchte-gubi-weisdorf\/\",\"url\":\"https:\/\/www.kissthedesign.ch\/de\/produkt\/multi-lite-haengeleuchte-gubi-weisdorf\/\",\"name\":\"Multi-Lite H\u00e4ngeleuchte | Louis Weisdorf | Gubi | Schweiz\",\"isPartOf\":{\"@id\":\"https:\/\/www.kissthedesign.ch\/en\/#website\"},\"primaryImageOfPage\":{\"@id\":\"https:\/\/www.kissthedesign.ch\/de\/produkt\/multi-lite-haengeleuchte-gubi-weisdorf\/#primaryimage\"},\"image\":{\"@id\":\"https:\/\/www.kissthedesign.ch\/de\/produkt\/multi-lite-haengeleuchte-gubi-weisdorf\/#primaryimage\"},\"thumbnailUrl\":\"https:\/\/www.kissthedesign.ch\/wp\/wp-content\/uploads\/2018\/01\/Multi-Lite-suspension-black-brass-gubi-louisWeisdorf.jpg\",\"datePublished\":\"2018-01-13T11:48:32+00:00\",\"dateModified\":\"2020-04-16T09:36:12+00:00\",\"description\":\"Multi-Lite H\u00e4ngeleuchte von Louis Weisdorf, Gubi, 1972. D\u00e4nischer Designklassiker aus dem 20. Jhd. Designer Lampe in der Schweiz kaufen.\",\"breadcrumb\":{\"@id\":\"https:\/\/www.kissthedesign.ch\/de\/produkt\/multi-lite-haengeleuchte-gubi-weisdorf\/#breadcrumb\"},\"inLanguage\":\"de\",\"potentialAction\":[{\"@type\":\"ReadAction\",\"target\":[\"https:\/\/www.kissthedesign.ch\/de\/produkt\/multi-lite-haengeleuchte-gubi-weisdorf\/\"]}]},{\"@type\":\"ImageObject\",\"inLanguage\":\"de\",\"@id\":\"https:\/\/www.kissthedesign.ch\/de\/produkt\/multi-lite-haengeleuchte-gubi-weisdorf\/#primaryimage\",\"url\":\"https:\/\/www.kissthedesign.ch\/wp\/wp-content\/uploads\/2018\/01\/Multi-Lite-suspension-black-brass-gubi-louisWeisdorf.jpg\",\"contentUrl\":\"https:\/\/www.kissthedesign.ch\/wp\/wp-content\/uploads\/2018\/01\/Multi-Lite-suspension-black-brass-gubi-louisWeisdorf.jpg\",\"width\":900,\"height\":1151},{\"@type\":\"BreadcrumbList\",\"@id\":\"https:\/\/www.kissthedesign.ch\/de\/produkt\/multi-lite-haengeleuchte-gubi-weisdorf\/#breadcrumb\",\"itemListElement\":[{\"@type\":\"ListItem\",\"position\":1,\"name\":\"Accueil\",\"item\":\"https:\/\/www.kissthedesign.ch\/de\/\"},{\"@type\":\"ListItem\",\"position\":2,\"name\":\"Laden\",\"item\":\"https:\/\/www.kissthedesign.ch\/de\/laden\/\"},{\"@type\":\"ListItem\",\"position\":3,\"name\":\"Multi-Lite H\u00e4ngeleuchte | Louis Weisdorf | Gubi\"}]},{\"@type\":\"WebSite\",\"@id\":\"https:\/\/www.kissthedesign.ch\/en\/#website\",\"url\":\"https:\/\/www.kissthedesign.ch\/en\/\",\"name\":\"kissthedesign\",\"description\":\"Kissthedesign, Lausanne, Suisse. Mobilier du XXe, design vintage\",\"publisher\":{\"@id\":\"https:\/\/www.kissthedesign.ch\/en\/#organization\"},\"potentialAction\":[{\"@type\":\"SearchAction\",\"target\":{\"@type\":\"EntryPoint\",\"urlTemplate\":\"https:\/\/www.kissthedesign.ch\/en\/?s={search_term_string}\"},\"query-input\":{\"@type\":\"PropertyValueSpecification\",\"valueRequired\":true,\"valueName\":\"search_term_string\"}}],\"inLanguage\":\"de\"},{\"@type\":\"Organization\",\"@id\":\"https:\/\/www.kissthedesign.ch\/en\/#organization\",\"name\":\"Kissthedesign\",\"url\":\"https:\/\/www.kissthedesign.ch\/en\/\",\"logo\":{\"@type\":\"ImageObject\",\"inLanguage\":\"de\",\"@id\":\"https:\/\/www.kissthedesign.ch\/en\/#\/schema\/logo\/image\/\",\"url\":\"https:\/\/www.kissthedesign.ch\/wp\/wp-content\/uploads\/2016\/08\/ktd-logo-web.jpg\",\"contentUrl\":\"https:\/\/www.kissthedesign.ch\/wp\/wp-content\/uploads\/2016\/08\/ktd-logo-web.jpg\",\"width\":450,\"height\":167,\"caption\":\"Kissthedesign\"},\"image\":{\"@id\":\"https:\/\/www.kissthedesign.ch\/en\/#\/schema\/logo\/image\/\"}}]}<\/script>\n<!-- \/ Yoast SEO plugin. -->","yoast_head_json":{"title":"Multi-Lite H\u00e4ngeleuchte | Louis Weisdorf | Gubi | Schweiz","description":"Multi-Lite H\u00e4ngeleuchte von Louis Weisdorf, Gubi, 1972. D\u00e4nischer Designklassiker aus dem 20. Jhd. Designer Lampe in der Schweiz kaufen.","robots":{"index":"index","follow":"follow","max-snippet":"max-snippet:-1","max-image-preview":"max-image-preview:large","max-video-preview":"max-video-preview:-1"},"canonical":"https:\/\/www.kissthedesign.ch\/de\/produkt\/multi-lite-haengeleuchte-gubi-weisdorf\/","og_locale":"de_DE","og_type":"article","og_title":"Multi-Lite H\u00e4ngeleuchte | Louis Weisdorf | Gubi | Schweiz","og_description":"Multi-Lite H\u00e4ngeleuchte von Louis Weisdorf, Gubi, 1972. D\u00e4nischer Designklassiker aus dem 20. Jhd. Designer Lampe in der Schweiz kaufen.","og_url":"https:\/\/www.kissthedesign.ch\/de\/produkt\/multi-lite-haengeleuchte-gubi-weisdorf\/","og_site_name":"kissthedesign","article_modified_time":"2020-04-16T09:36:12+00:00","og_image":[{"width":900,"height":1151,"url":"https:\/\/www.kissthedesign.ch\/wp\/wp-content\/uploads\/2018\/01\/Multi-Lite-suspension-black-brass-gubi-louisWeisdorf.jpg","type":"image\/jpeg"}],"twitter_misc":{"Gesch\u00e4tzte Lesezeit":"1\u00a0Minute"},"schema":{"@context":"https:\/\/schema.org","@graph":[{"@type":"WebPage","@id":"https:\/\/www.kissthedesign.ch\/de\/produkt\/multi-lite-haengeleuchte-gubi-weisdorf\/","url":"https:\/\/www.kissthedesign.ch\/de\/produkt\/multi-lite-haengeleuchte-gubi-weisdorf\/","name":"Multi-Lite H\u00e4ngeleuchte | Louis Weisdorf | Gubi | Schweiz","isPartOf":{"@id":"https:\/\/www.kissthedesign.ch\/en\/#website"},"primaryImageOfPage":{"@id":"https:\/\/www.kissthedesign.ch\/de\/produkt\/multi-lite-haengeleuchte-gubi-weisdorf\/#primaryimage"},"image":{"@id":"https:\/\/www.kissthedesign.ch\/de\/produkt\/multi-lite-haengeleuchte-gubi-weisdorf\/#primaryimage"},"thumbnailUrl":"https:\/\/www.kissthedesign.ch\/wp\/wp-content\/uploads\/2018\/01\/Multi-Lite-suspension-black-brass-gubi-louisWeisdorf.jpg","datePublished":"2018-01-13T11:48:32+00:00","dateModified":"2020-04-16T09:36:12+00:00","description":"Multi-Lite H\u00e4ngeleuchte von Louis Weisdorf, Gubi, 1972. D\u00e4nischer Designklassiker aus dem 20. Jhd. Designer Lampe in der Schweiz kaufen.","breadcrumb":{"@id":"https:\/\/www.kissthedesign.ch\/de\/produkt\/multi-lite-haengeleuchte-gubi-weisdorf\/#breadcrumb"},"inLanguage":"de","potentialAction":[{"@type":"ReadAction","target":["https:\/\/www.kissthedesign.ch\/de\/produkt\/multi-lite-haengeleuchte-gubi-weisdorf\/"]}]},{"@type":"ImageObject","inLanguage":"de","@id":"https:\/\/www.kissthedesign.ch\/de\/produkt\/multi-lite-haengeleuchte-gubi-weisdorf\/#primaryimage","url":"https:\/\/www.kissthedesign.ch\/wp\/wp-content\/uploads\/2018\/01\/Multi-Lite-suspension-black-brass-gubi-louisWeisdorf.jpg","contentUrl":"https:\/\/www.kissthedesign.ch\/wp\/wp-content\/uploads\/2018\/01\/Multi-Lite-suspension-black-brass-gubi-louisWeisdorf.jpg","width":900,"height":1151},{"@type":"BreadcrumbList","@id":"https:\/\/www.kissthedesign.ch\/de\/produkt\/multi-lite-haengeleuchte-gubi-weisdorf\/#breadcrumb","itemListElement":[{"@type":"ListItem","position":1,"name":"Accueil","item":"https:\/\/www.kissthedesign.ch\/de\/"},{"@type":"ListItem","position":2,"name":"Laden","item":"https:\/\/www.kissthedesign.ch\/de\/laden\/"},{"@type":"ListItem","position":3,"name":"Multi-Lite H\u00e4ngeleuchte | Louis Weisdorf | Gubi"}]},{"@type":"WebSite","@id":"https:\/\/www.kissthedesign.ch\/en\/#website","url":"https:\/\/www.kissthedesign.ch\/en\/","name":"kissthedesign","description":"Kissthedesign, Lausanne, Suisse. Mobilier du XXe, design vintage","publisher":{"@id":"https:\/\/www.kissthedesign.ch\/en\/#organization"},"potentialAction":[{"@type":"SearchAction","target":{"@type":"EntryPoint","urlTemplate":"https:\/\/www.kissthedesign.ch\/en\/?s={search_term_string}"},"query-input":{"@type":"PropertyValueSpecification","valueRequired":true,"valueName":"search_term_string"}}],"inLanguage":"de"},{"@type":"Organization","@id":"https:\/\/www.kissthedesign.ch\/en\/#organization","name":"Kissthedesign","url":"https:\/\/www.kissthedesign.ch\/en\/","logo":{"@type":"ImageObject","inLanguage":"de","@id":"https:\/\/www.kissthedesign.ch\/en\/#\/schema\/logo\/image\/","url":"https:\/\/www.kissthedesign.ch\/wp\/wp-content\/uploads\/2016\/08\/ktd-logo-web.jpg","contentUrl":"https:\/\/www.kissthedesign.ch\/wp\/wp-content\/uploads\/2016\/08\/ktd-logo-web.jpg","width":450,"height":167,"caption":"Kissthedesign"},"image":{"@id":"https:\/\/www.kissthedesign.ch\/en\/#\/schema\/logo\/image\/"}}]}},"_links":{"self":[{"href":"https:\/\/www.kissthedesign.ch\/de\/wp-json\/wp\/v2\/product\/18977","targetHints":{"allow":["GET"]}}],"collection":[{"href":"https:\/\/www.kissthedesign.ch\/de\/wp-json\/wp\/v2\/product"}],"about":[{"href":"https:\/\/www.kissthedesign.ch\/de\/wp-json\/wp\/v2\/types\/product"}],"replies":[{"embeddable":true,"href":"https:\/\/www.kissthedesign.ch\/de\/wp-json\/wp\/v2\/comments?post=18977"}],"wp:featuredmedia":[{"embeddable":true,"href":"https:\/\/www.kissthedesign.ch\/de\/wp-json\/wp\/v2\/media\/19019"}],"wp:attachment":[{"href":"https:\/\/www.kissthedesign.ch\/de\/wp-json\/wp\/v2\/media?parent=18977"}],"wp:term":[{"taxonomy":"product_brand","embeddable":true,"href":"https:\/\/www.kissthedesign.ch\/de\/wp-json\/wp\/v2\/product_brand?post=18977"},{"taxonomy":"product_cat","embeddable":true,"href":"https:\/\/www.kissthedesign.ch\/de\/wp-json\/wp\/v2\/product_cat?post=18977"},{"taxonomy":"product_tag","embeddable":true,"href":"https:\/\/www.kissthedesign.ch\/de\/wp-json\/wp\/v2\/product_tag?post=18977"}],"curies":[{"name":"wp","href":"https:\/\/api.w.org\/{rel}","templated":true}]}}