{"id":19393,"date":"2018-03-02T14:22:17","date_gmt":"2018-03-02T13:22:19","guid":{"rendered":"http:\/\/www.kissthedesign.ch\/?post_type=product&#038;p=19393"},"modified":"2018-03-02T15:17:36","modified_gmt":"2018-03-02T14:17:36","slug":"kefeld-sessel-miesvanderrohe-knoll","status":"publish","type":"product","link":"https:\/\/www.kissthedesign.ch\/de\/produkt\/kefeld-sessel-miesvanderrohe-knoll\/","title":{"rendered":"Krefeld Sessel | Mies Van der Rohe | Knoll"},"content":{"rendered":"<div class=\"wpb-content-wrapper\"><p>[vc_row][vc_column][vc_column_text]<\/p>\n<h2>Krefeld Sessel von\u00a0Ludwig Mies Van der Rohe, KnollStudio, 1927 \/ 2003<\/h2>\n<p>Weniger bekannt als das Barcelona ist der Krefeld Sessel ein hervorragendes Beispiel von Ludwig Mies Van der Rohes modernistische Maxime &#8220;Less is more&#8221;. Der 1927 Krefeld Sessel wurde f\u00fcr die Krefelder Esters und Lange-H\u00e4user entworfen.<\/p>\n<p>Die Krefeld Sitzkollektion urspr\u00fcnglich nur im Leder hergestellt, wurde aber erst ab 2003 \u00a0von Knoll produziert.<\/p>\n<p>Das hier erh\u00e4ltliche Sesselpaar ist in sehr gutem Zustand, es ist mit einem hochwertigen Cognacleder bezogen. Trotz seiner scheinbaren Strenge ist der Stuhl dank seines breiten Sitzes und seiner perfekten Ergonomie sehr komfortabel. Dar\u00fcber hinaus f\u00fcgt sich die schlichte Linienf\u00fchrung in alle Arten von Interieurs ein, von den klassischsten bis zu den zeitgen\u00f6ssischsten.<\/p>\n<p>Es ist die Gelegenheit das Bauhaus Sesselpaar zum Toppreis im Vergleich zum Neupreis einzukaufen.[\/vc_column_text][\/vc_column][\/vc_row][vc_row css=&#8221;.vc_custom_1519919718640{margin-top: 15px !important;}&#8221;][vc_column width=&#8221;1\/2&#8243;]\n<div class=\"wpcf7 no-js\" id=\"wpcf7-f12225-o1\" lang=\"fr-FR\" dir=\"ltr\" data-wpcf7-id=\"12225\">\n<div class=\"screen-reader-response\"><p role=\"status\" aria-live=\"polite\" aria-atomic=\"true\"><\/p> <ul><\/ul><\/div>\n<form action=\"\/de\/wp-json\/wp\/v2\/product\/19393#wpcf7-f12225-o1\" method=\"post\" class=\"wpcf7-form init\" aria-label=\"Formulaire de contact\" novalidate=\"novalidate\" data-status=\"init\">\n<fieldset class=\"hidden-fields-container\"><input type=\"hidden\" name=\"_wpcf7\" value=\"12225\" \/><input type=\"hidden\" name=\"_wpcf7_version\" value=\"6.1.5\" \/><input type=\"hidden\" name=\"_wpcf7_locale\" value=\"fr_FR\" \/><input type=\"hidden\" name=\"_wpcf7_unit_tag\" value=\"wpcf7-f12225-o1\" \/><input type=\"hidden\" name=\"_wpcf7_container_post\" value=\"0\" \/><input type=\"hidden\" name=\"_wpcf7_posted_data_hash\" value=\"\" \/><input type=\"hidden\" name=\"_wpcf7_recaptcha_response\" value=\"\" \/>\n<\/fieldset>\n\n<!-- CF7 Modules -->\n<div style='display:none;'><input type=\"hidden\" class=\"wpcf7-form-control wpcf7-hidden\" name=\"hidden-931\" placeholder=\"\" value=\"Krefeld Sessel | Mies Van der Rohe | Knoll\" \/>\n<\/div>\n<!-- End CF7 Modules -->\n\n<p><b>Kontaktieren Sie uns \u00fcber diesen Artikel<\/b>\n<\/p>\n<p>Ihre Name (Pflichtfeld)\n<\/p>\n<p><span class=\"wpcf7-form-control-wrap\" data-name=\"your-name\"><input size=\"40\" maxlength=\"400\" class=\"wpcf7-form-control wpcf7-text wpcf7-validates-as-required\" aria-required=\"true\" aria-invalid=\"false\" value=\"\" type=\"text\" name=\"your-name\" \/><\/span>\n<\/p>\n<p>Ihre Email (Pflichtfeld)\n<\/p>\n<p><span class=\"wpcf7-form-control-wrap\" data-name=\"your-email\"><input size=\"40\" maxlength=\"400\" class=\"wpcf7-form-control wpcf7-email wpcf7-validates-as-required wpcf7-text wpcf7-validates-as-email\" aria-required=\"true\" aria-invalid=\"false\" value=\"\" type=\"email\" name=\"your-email\" \/><\/span>\n<\/p>\n<p>Ihre Nachricht\n<\/p>\n<p><span class=\"wpcf7-form-control-wrap\" data-name=\"your-message\"><textarea cols=\"40\" rows=\"10\" maxlength=\"2000\" class=\"wpcf7-form-control wpcf7-textarea\" aria-invalid=\"false\" name=\"your-message\"><\/textarea><\/span>\n<\/p>\n<p>Die von Ihnen eingegebenen und mit diesem Formular gesendeten Daten werden gespeichert, aber werden nie verkauft oder an Dritte weitergegeben.\n<\/p>\n<p><span class=\"wpcf7-form-control-wrap\" data-name=\"checkbox-296\"><span class=\"wpcf7-form-control wpcf7-checkbox wpcf7-validates-as-required\"><span class=\"wpcf7-list-item first last\"><input type=\"checkbox\" name=\"checkbox-296[]\" value=\"Ich akzeptiere\" \/><span class=\"wpcf7-list-item-label\">Ich akzeptiere<\/span><\/span><\/span><\/span>\n<\/p>\n<p><input class=\"wpcf7-form-control wpcf7-submit has-spinner\" type=\"submit\" value=\"Senden\" \/>\n<\/p><div class=\"wpcf7-response-output\" aria-hidden=\"true\"><\/div>\n<\/form>\n<\/div>\n[\/vc_column][vc_column width=&#8221;1\/2&#8243;][\/vc_column][\/vc_row]<\/p>\n<\/div>","protected":false},"excerpt":{"rendered":"<p>Sesselpaar mit Cognacfarbene Leder auf Holzf\u00fc\u00dfe.<br \/>\nGr\u00f6\u00dfe:\u00a069 x 76 cm, H: 82 cm, Sitzh\u00f6he 44 cm<br \/>\nIn sehr guten Zustand.<br \/>\nPreis f\u00fcr die Paar.<\/p>\n","protected":false},"featured_media":19409,"comment_status":"closed","ping_status":"closed","template":"","meta":{"_monsterinsights_skip_tracking":false,"_monsterinsights_sitenote_active":false,"_monsterinsights_sitenote_note":"","_monsterinsights_sitenote_category":0},"product_brand":[],"product_cat":[255],"product_tag":[699,2767,194],"class_list":{"0":"post-19393","1":"product","2":"type-product","3":"status-publish","4":"has-post-thumbnail","6":"product_cat-archiv-de","7":"product_tag-zwanziger","8":"product_tag-bauhaus-de","9":"product_tag-design-de","10":"product_shipping_class-wir-liefern","12":"first","13":"outofstock","14":"taxable","15":"shipping-taxable","16":"product-type-simple"},"yoast_head":"<!-- This site is optimized with the Yoast SEO plugin v25.3.1 - https:\/\/yoast.com\/wordpress\/plugins\/seo\/ -->\n<title>Krefeld Sessel | Mies Van der Rohe | Knoll | Designklassiker | Schweiz<\/title>\n<meta name=\"description\" content=\"Krefeld Sesselpaar von Ludwig Mies Van der Rohe, 1927.Designklassiker aus dem 20. Jahrhundert. Galerie Kissthedesign, Lausanne, Schweiz. Designladen f\u00fcr vintage M\u00f6beln\" \/>\n<meta name=\"robots\" content=\"index, follow, max-snippet:-1, max-image-preview:large, max-video-preview:-1\" \/>\n<link rel=\"canonical\" href=\"https:\/\/www.kissthedesign.ch\/de\/produkt\/kefeld-sessel-miesvanderrohe-knoll\/\" \/>\n<meta property=\"og:locale\" content=\"de_DE\" \/>\n<meta property=\"og:type\" content=\"article\" \/>\n<meta property=\"og:title\" content=\"Krefeld Sessel | Mies Van der Rohe | Knoll | Designklassiker | Schweiz\" \/>\n<meta property=\"og:description\" content=\"Krefeld Sesselpaar von Ludwig Mies Van der Rohe, 1927.Designklassiker aus dem 20. Jahrhundert. Galerie Kissthedesign, Lausanne, Schweiz. Designladen f\u00fcr vintage M\u00f6beln\" \/>\n<meta property=\"og:url\" content=\"https:\/\/www.kissthedesign.ch\/de\/produkt\/kefeld-sessel-miesvanderrohe-knoll\/\" \/>\n<meta property=\"og:site_name\" content=\"kissthedesign\" \/>\n<meta property=\"article:modified_time\" content=\"2018-03-02T14:17:36+00:00\" \/>\n<meta property=\"og:image\" content=\"https:\/\/www.kissthedesign.ch\/wp\/wp-content\/uploads\/2018\/03\/fauteuils-krefeld-mies-van-der-rohe-knoll.jpg\" \/>\n\t<meta property=\"og:image:width\" content=\"900\" \/>\n\t<meta property=\"og:image:height\" content=\"601\" \/>\n\t<meta property=\"og:image:type\" content=\"image\/jpeg\" \/>\n<meta name=\"twitter:label1\" content=\"Gesch\u00e4tzte Lesezeit\" \/>\n\t<meta name=\"twitter:data1\" content=\"1\u00a0Minute\" \/>\n<script type=\"application\/ld+json\" class=\"yoast-schema-graph\">{\"@context\":\"https:\/\/schema.org\",\"@graph\":[{\"@type\":\"WebPage\",\"@id\":\"https:\/\/www.kissthedesign.ch\/de\/produkt\/kefeld-sessel-miesvanderrohe-knoll\/\",\"url\":\"https:\/\/www.kissthedesign.ch\/de\/produkt\/kefeld-sessel-miesvanderrohe-knoll\/\",\"name\":\"Krefeld Sessel | Mies Van der Rohe | Knoll | Designklassiker | Schweiz\",\"isPartOf\":{\"@id\":\"https:\/\/www.kissthedesign.ch\/en\/#website\"},\"primaryImageOfPage\":{\"@id\":\"https:\/\/www.kissthedesign.ch\/de\/produkt\/kefeld-sessel-miesvanderrohe-knoll\/#primaryimage\"},\"image\":{\"@id\":\"https:\/\/www.kissthedesign.ch\/de\/produkt\/kefeld-sessel-miesvanderrohe-knoll\/#primaryimage\"},\"thumbnailUrl\":\"https:\/\/www.kissthedesign.ch\/wp\/wp-content\/uploads\/2018\/03\/fauteuils-krefeld-mies-van-der-rohe-knoll.jpg\",\"datePublished\":\"2018-03-02T13:22:19+00:00\",\"dateModified\":\"2018-03-02T14:17:36+00:00\",\"description\":\"Krefeld Sesselpaar von Ludwig Mies Van der Rohe, 1927.Designklassiker aus dem 20. Jahrhundert. Galerie Kissthedesign, Lausanne, Schweiz. Designladen f\u00fcr vintage M\u00f6beln\",\"breadcrumb\":{\"@id\":\"https:\/\/www.kissthedesign.ch\/de\/produkt\/kefeld-sessel-miesvanderrohe-knoll\/#breadcrumb\"},\"inLanguage\":\"de\",\"potentialAction\":[{\"@type\":\"ReadAction\",\"target\":[\"https:\/\/www.kissthedesign.ch\/de\/produkt\/kefeld-sessel-miesvanderrohe-knoll\/\"]}]},{\"@type\":\"ImageObject\",\"inLanguage\":\"de\",\"@id\":\"https:\/\/www.kissthedesign.ch\/de\/produkt\/kefeld-sessel-miesvanderrohe-knoll\/#primaryimage\",\"url\":\"https:\/\/www.kissthedesign.ch\/wp\/wp-content\/uploads\/2018\/03\/fauteuils-krefeld-mies-van-der-rohe-knoll.jpg\",\"contentUrl\":\"https:\/\/www.kissthedesign.ch\/wp\/wp-content\/uploads\/2018\/03\/fauteuils-krefeld-mies-van-der-rohe-knoll.jpg\",\"width\":900,\"height\":601,\"caption\":\"Krefeld Sessel von\u00a0Ludwig Mies Van der Rohe, KnollStudio\"},{\"@type\":\"BreadcrumbList\",\"@id\":\"https:\/\/www.kissthedesign.ch\/de\/produkt\/kefeld-sessel-miesvanderrohe-knoll\/#breadcrumb\",\"itemListElement\":[{\"@type\":\"ListItem\",\"position\":1,\"name\":\"Accueil\",\"item\":\"https:\/\/www.kissthedesign.ch\/de\/\"},{\"@type\":\"ListItem\",\"position\":2,\"name\":\"Laden\",\"item\":\"https:\/\/www.kissthedesign.ch\/de\/laden\/\"},{\"@type\":\"ListItem\",\"position\":3,\"name\":\"Krefeld Sessel | Mies Van der Rohe | Knoll\"}]},{\"@type\":\"WebSite\",\"@id\":\"https:\/\/www.kissthedesign.ch\/en\/#website\",\"url\":\"https:\/\/www.kissthedesign.ch\/en\/\",\"name\":\"kissthedesign\",\"description\":\"Kissthedesign, Lausanne, Suisse. Mobilier du XXe, design vintage\",\"publisher\":{\"@id\":\"https:\/\/www.kissthedesign.ch\/en\/#organization\"},\"potentialAction\":[{\"@type\":\"SearchAction\",\"target\":{\"@type\":\"EntryPoint\",\"urlTemplate\":\"https:\/\/www.kissthedesign.ch\/en\/?s={search_term_string}\"},\"query-input\":{\"@type\":\"PropertyValueSpecification\",\"valueRequired\":true,\"valueName\":\"search_term_string\"}}],\"inLanguage\":\"de\"},{\"@type\":\"Organization\",\"@id\":\"https:\/\/www.kissthedesign.ch\/en\/#organization\",\"name\":\"Kissthedesign\",\"url\":\"https:\/\/www.kissthedesign.ch\/en\/\",\"logo\":{\"@type\":\"ImageObject\",\"inLanguage\":\"de\",\"@id\":\"https:\/\/www.kissthedesign.ch\/en\/#\/schema\/logo\/image\/\",\"url\":\"https:\/\/www.kissthedesign.ch\/wp\/wp-content\/uploads\/2016\/08\/ktd-logo-web.jpg\",\"contentUrl\":\"https:\/\/www.kissthedesign.ch\/wp\/wp-content\/uploads\/2016\/08\/ktd-logo-web.jpg\",\"width\":450,\"height\":167,\"caption\":\"Kissthedesign\"},\"image\":{\"@id\":\"https:\/\/www.kissthedesign.ch\/en\/#\/schema\/logo\/image\/\"}}]}<\/script>\n<!-- \/ Yoast SEO plugin. -->","yoast_head_json":{"title":"Krefeld Sessel | Mies Van der Rohe | Knoll | Designklassiker | Schweiz","description":"Krefeld Sesselpaar von Ludwig Mies Van der Rohe, 1927.Designklassiker aus dem 20. Jahrhundert. Galerie Kissthedesign, Lausanne, Schweiz. Designladen f\u00fcr vintage M\u00f6beln","robots":{"index":"index","follow":"follow","max-snippet":"max-snippet:-1","max-image-preview":"max-image-preview:large","max-video-preview":"max-video-preview:-1"},"canonical":"https:\/\/www.kissthedesign.ch\/de\/produkt\/kefeld-sessel-miesvanderrohe-knoll\/","og_locale":"de_DE","og_type":"article","og_title":"Krefeld Sessel | Mies Van der Rohe | Knoll | Designklassiker | Schweiz","og_description":"Krefeld Sesselpaar von Ludwig Mies Van der Rohe, 1927.Designklassiker aus dem 20. Jahrhundert. Galerie Kissthedesign, Lausanne, Schweiz. Designladen f\u00fcr vintage M\u00f6beln","og_url":"https:\/\/www.kissthedesign.ch\/de\/produkt\/kefeld-sessel-miesvanderrohe-knoll\/","og_site_name":"kissthedesign","article_modified_time":"2018-03-02T14:17:36+00:00","og_image":[{"width":900,"height":601,"url":"https:\/\/www.kissthedesign.ch\/wp\/wp-content\/uploads\/2018\/03\/fauteuils-krefeld-mies-van-der-rohe-knoll.jpg","type":"image\/jpeg"}],"twitter_misc":{"Gesch\u00e4tzte Lesezeit":"1\u00a0Minute"},"schema":{"@context":"https:\/\/schema.org","@graph":[{"@type":"WebPage","@id":"https:\/\/www.kissthedesign.ch\/de\/produkt\/kefeld-sessel-miesvanderrohe-knoll\/","url":"https:\/\/www.kissthedesign.ch\/de\/produkt\/kefeld-sessel-miesvanderrohe-knoll\/","name":"Krefeld Sessel | Mies Van der Rohe | Knoll | Designklassiker | Schweiz","isPartOf":{"@id":"https:\/\/www.kissthedesign.ch\/en\/#website"},"primaryImageOfPage":{"@id":"https:\/\/www.kissthedesign.ch\/de\/produkt\/kefeld-sessel-miesvanderrohe-knoll\/#primaryimage"},"image":{"@id":"https:\/\/www.kissthedesign.ch\/de\/produkt\/kefeld-sessel-miesvanderrohe-knoll\/#primaryimage"},"thumbnailUrl":"https:\/\/www.kissthedesign.ch\/wp\/wp-content\/uploads\/2018\/03\/fauteuils-krefeld-mies-van-der-rohe-knoll.jpg","datePublished":"2018-03-02T13:22:19+00:00","dateModified":"2018-03-02T14:17:36+00:00","description":"Krefeld Sesselpaar von Ludwig Mies Van der Rohe, 1927.Designklassiker aus dem 20. Jahrhundert. Galerie Kissthedesign, Lausanne, Schweiz. Designladen f\u00fcr vintage M\u00f6beln","breadcrumb":{"@id":"https:\/\/www.kissthedesign.ch\/de\/produkt\/kefeld-sessel-miesvanderrohe-knoll\/#breadcrumb"},"inLanguage":"de","potentialAction":[{"@type":"ReadAction","target":["https:\/\/www.kissthedesign.ch\/de\/produkt\/kefeld-sessel-miesvanderrohe-knoll\/"]}]},{"@type":"ImageObject","inLanguage":"de","@id":"https:\/\/www.kissthedesign.ch\/de\/produkt\/kefeld-sessel-miesvanderrohe-knoll\/#primaryimage","url":"https:\/\/www.kissthedesign.ch\/wp\/wp-content\/uploads\/2018\/03\/fauteuils-krefeld-mies-van-der-rohe-knoll.jpg","contentUrl":"https:\/\/www.kissthedesign.ch\/wp\/wp-content\/uploads\/2018\/03\/fauteuils-krefeld-mies-van-der-rohe-knoll.jpg","width":900,"height":601,"caption":"Krefeld Sessel von\u00a0Ludwig Mies Van der Rohe, KnollStudio"},{"@type":"BreadcrumbList","@id":"https:\/\/www.kissthedesign.ch\/de\/produkt\/kefeld-sessel-miesvanderrohe-knoll\/#breadcrumb","itemListElement":[{"@type":"ListItem","position":1,"name":"Accueil","item":"https:\/\/www.kissthedesign.ch\/de\/"},{"@type":"ListItem","position":2,"name":"Laden","item":"https:\/\/www.kissthedesign.ch\/de\/laden\/"},{"@type":"ListItem","position":3,"name":"Krefeld Sessel | Mies Van der Rohe | Knoll"}]},{"@type":"WebSite","@id":"https:\/\/www.kissthedesign.ch\/en\/#website","url":"https:\/\/www.kissthedesign.ch\/en\/","name":"kissthedesign","description":"Kissthedesign, Lausanne, Suisse. Mobilier du XXe, design vintage","publisher":{"@id":"https:\/\/www.kissthedesign.ch\/en\/#organization"},"potentialAction":[{"@type":"SearchAction","target":{"@type":"EntryPoint","urlTemplate":"https:\/\/www.kissthedesign.ch\/en\/?s={search_term_string}"},"query-input":{"@type":"PropertyValueSpecification","valueRequired":true,"valueName":"search_term_string"}}],"inLanguage":"de"},{"@type":"Organization","@id":"https:\/\/www.kissthedesign.ch\/en\/#organization","name":"Kissthedesign","url":"https:\/\/www.kissthedesign.ch\/en\/","logo":{"@type":"ImageObject","inLanguage":"de","@id":"https:\/\/www.kissthedesign.ch\/en\/#\/schema\/logo\/image\/","url":"https:\/\/www.kissthedesign.ch\/wp\/wp-content\/uploads\/2016\/08\/ktd-logo-web.jpg","contentUrl":"https:\/\/www.kissthedesign.ch\/wp\/wp-content\/uploads\/2016\/08\/ktd-logo-web.jpg","width":450,"height":167,"caption":"Kissthedesign"},"image":{"@id":"https:\/\/www.kissthedesign.ch\/en\/#\/schema\/logo\/image\/"}}]}},"_links":{"self":[{"href":"https:\/\/www.kissthedesign.ch\/de\/wp-json\/wp\/v2\/product\/19393","targetHints":{"allow":["GET"]}}],"collection":[{"href":"https:\/\/www.kissthedesign.ch\/de\/wp-json\/wp\/v2\/product"}],"about":[{"href":"https:\/\/www.kissthedesign.ch\/de\/wp-json\/wp\/v2\/types\/product"}],"replies":[{"embeddable":true,"href":"https:\/\/www.kissthedesign.ch\/de\/wp-json\/wp\/v2\/comments?post=19393"}],"wp:featuredmedia":[{"embeddable":true,"href":"https:\/\/www.kissthedesign.ch\/de\/wp-json\/wp\/v2\/media\/19409"}],"wp:attachment":[{"href":"https:\/\/www.kissthedesign.ch\/de\/wp-json\/wp\/v2\/media?parent=19393"}],"wp:term":[{"taxonomy":"product_brand","embeddable":true,"href":"https:\/\/www.kissthedesign.ch\/de\/wp-json\/wp\/v2\/product_brand?post=19393"},{"taxonomy":"product_cat","embeddable":true,"href":"https:\/\/www.kissthedesign.ch\/de\/wp-json\/wp\/v2\/product_cat?post=19393"},{"taxonomy":"product_tag","embeddable":true,"href":"https:\/\/www.kissthedesign.ch\/de\/wp-json\/wp\/v2\/product_tag?post=19393"}],"curies":[{"name":"wp","href":"https:\/\/api.w.org\/{rel}","templated":true}]}}