{"id":20231,"date":"2018-04-16T14:28:17","date_gmt":"2018-04-16T13:28:21","guid":{"rendered":"https:\/\/www.kissthedesign.ch\/?post_type=product&#038;p=20231"},"modified":"2019-10-12T11:53:14","modified_gmt":"2019-10-12T10:53:14","slug":"vittoriano-vigano-vvcinquanta-stehlampe-astep","status":"publish","type":"product","link":"https:\/\/www.kissthedesign.ch\/de\/produkt\/vittoriano-vigano-vvcinquanta-stehlampe-astep\/","title":{"rendered":"Vittoriano Vigan\u00f3 | VV Cinquanta Floor | Astep"},"content":{"rendered":"<div class=\"wpb-content-wrapper\"><p>[vc_row][vc_column][vc_column_text]<\/p>\n<h2>VV Cinquante Floor Stehleuchte, Design Vittoriano Vigan\u00f3, Astep<\/h2>\n<p>Die Leuchtenkollektion VV Cinquanta wurde 1951 von Vittoriano Vigan\u00f3 entworfen, als er Art Director bei Arteluce war und besteht aus einer Stehlampe, einer Pendelleuchte und Wandleuchten.<br \/>\nVV Cinquanta Floor ist sehr elegant. Die Lampe erzeugt ein gerichtetes Licht und l\u00e4\u00dft sich leicht einstellen, Dank einem schwenkbarem Reflektor.<span class=\"Apple-converted-space\">\u00a0<\/span><\/p>\n<p>Die von Sammlern begehrte Stehleuchte ist in ihrer fr\u00fchen Produktion schwer zu finden und mehrere tausend Euro wert. Dank der Reedition ist der Designklassiker endlich f\u00fcr einen breiteren Publikum erschwinglich geworden. Die lizenzierte Reedition von Astep l\u00e4\u00dft, das ikonische Modell in den Originalfarben von Vittoriano Vigano wiederentdecken.<br \/>\nVV Cinquanta wird in Italien hergestellt, ebenso wie die gesamte Kollektion von Astep.<\/p>\n<p>Die Ausstellung \u00ab\u00a0Lumi\u00e8re et reflexion\u00a0\u00bb bei Kissthedesign zeigte f\u00fcr das erste Mal in der Schweiz die Leuchte von dem jungen d\u00e4nischen Hersteller Astep, der sich dem Fachpublikum im April 2016 an der Design Week in Mailand vorgestellt hat.<br \/>\nLicht hat immer im Mittelpunkt von Alessandro Sarfattis Leben gestanden: Der Gr\u00fcnder von Astep setzte sich fr\u00fch mit den Werken seines Grossvaters, dem Lichtpionier Gino Sarfatti, auseinander und arbeitet eng mit seinem Vater Ricardo Sarfatti bei Luceplan zusammen.<span class=\"Apple-converted-space\">\u00a0<\/span><\/p>\n<p>Die Kollektion umfasst eine zeitlose Leuchten-Serie, die im Jahr 1951 von Vittoriano Vigan\u00f2 gestaltet wurde, sowie ikonische Modelle (im Zusammenarbeit mit Flos), welche Gino Sarfatti 1950-1960 urspr\u00fcnglich f\u00fcr Arteluce entworfen hatte. Diese Designikonen werden nun als Reeditionen zu erschwingliche Preise angeboten.<span class=\"Apple-converted-space\">\u00a0<\/span>[\/vc_column_text][\/vc_column][\/vc_row][vc_row css=&#8221;.vc_custom_1486917974905{padding-top: 30px !important;}&#8221;][vc_column width=&#8221;1\/2&#8243;]\n<div class=\"wpcf7 no-js\" id=\"wpcf7-f12225-o1\" lang=\"fr-FR\" dir=\"ltr\" data-wpcf7-id=\"12225\">\n<div class=\"screen-reader-response\"><p role=\"status\" aria-live=\"polite\" aria-atomic=\"true\"><\/p> <ul><\/ul><\/div>\n<form action=\"\/de\/wp-json\/wp\/v2\/product\/20231#wpcf7-f12225-o1\" method=\"post\" class=\"wpcf7-form init\" aria-label=\"Formulaire de contact\" novalidate=\"novalidate\" data-status=\"init\">\n<fieldset class=\"hidden-fields-container\"><input type=\"hidden\" name=\"_wpcf7\" value=\"12225\" \/><input type=\"hidden\" name=\"_wpcf7_version\" value=\"6.1.5\" \/><input type=\"hidden\" name=\"_wpcf7_locale\" value=\"fr_FR\" \/><input type=\"hidden\" name=\"_wpcf7_unit_tag\" value=\"wpcf7-f12225-o1\" \/><input type=\"hidden\" name=\"_wpcf7_container_post\" value=\"0\" \/><input type=\"hidden\" name=\"_wpcf7_posted_data_hash\" value=\"\" \/><input type=\"hidden\" name=\"_wpcf7_recaptcha_response\" value=\"\" \/>\n<\/fieldset>\n\n<!-- CF7 Modules -->\n<div style='display:none;'><input type=\"hidden\" class=\"wpcf7-form-control wpcf7-hidden\" name=\"hidden-931\" placeholder=\"\" value=\"Vittoriano Vigan\u00f3 | VV Cinquanta Floor | Astep\" \/>\n<\/div>\n<!-- End CF7 Modules -->\n\n<p><b>Kontaktieren Sie uns \u00fcber diesen Artikel<\/b>\n<\/p>\n<p>Ihre Name (Pflichtfeld)\n<\/p>\n<p><span class=\"wpcf7-form-control-wrap\" data-name=\"your-name\"><input size=\"40\" maxlength=\"400\" class=\"wpcf7-form-control wpcf7-text wpcf7-validates-as-required\" aria-required=\"true\" aria-invalid=\"false\" value=\"\" type=\"text\" name=\"your-name\" \/><\/span>\n<\/p>\n<p>Ihre Email (Pflichtfeld)\n<\/p>\n<p><span class=\"wpcf7-form-control-wrap\" data-name=\"your-email\"><input size=\"40\" maxlength=\"400\" class=\"wpcf7-form-control wpcf7-email wpcf7-validates-as-required wpcf7-text wpcf7-validates-as-email\" aria-required=\"true\" aria-invalid=\"false\" value=\"\" type=\"email\" name=\"your-email\" \/><\/span>\n<\/p>\n<p>Ihre Nachricht\n<\/p>\n<p><span class=\"wpcf7-form-control-wrap\" data-name=\"your-message\"><textarea cols=\"40\" rows=\"10\" maxlength=\"2000\" class=\"wpcf7-form-control wpcf7-textarea\" aria-invalid=\"false\" name=\"your-message\"><\/textarea><\/span>\n<\/p>\n<p>Die von Ihnen eingegebenen und mit diesem Formular gesendeten Daten werden gespeichert, aber werden nie verkauft oder an Dritte weitergegeben.\n<\/p>\n<p><span class=\"wpcf7-form-control-wrap\" data-name=\"checkbox-296\"><span class=\"wpcf7-form-control wpcf7-checkbox wpcf7-validates-as-required\"><span class=\"wpcf7-list-item first last\"><input type=\"checkbox\" name=\"checkbox-296[]\" value=\"Ich akzeptiere\" \/><span class=\"wpcf7-list-item-label\">Ich akzeptiere<\/span><\/span><\/span><\/span>\n<\/p>\n<p><input class=\"wpcf7-form-control wpcf7-submit has-spinner\" type=\"submit\" value=\"Senden\" \/>\n<\/p><div class=\"wpcf7-response-output\" aria-hidden=\"true\"><\/div>\n<\/form>\n<\/div>\n[\/vc_column][vc_column width=&#8221;1\/2&#8243;][\/vc_column][\/vc_row]<\/p>\n<\/div>","protected":false},"excerpt":{"rendered":"<div class=\"page\" title=\"Page 1\">\n<div class=\"layoutArea\">\n<div class=\"column\">\n<div class=\"page\" title=\"Page 120\">\n<div class=\"section\">\n<div class=\"layoutArea\">\n<div class=\"column\">\n<p>Stehleuchte mit schwarzen Metallstruktur und Lampenschirm aus lackiertem Aluminium. Ausf\u00fchrung &#8220;Mondrian&#8221; mit schwarzer Metallstruktur, rotem und blauem Fu\u00df und gelb lackiertem Lampenschirm.<br \/>\nLichtschalter auf den Lampenschirm. Fassung E27, max. 53 W.<br \/>\nMa\u00dfe: H. 147 cm, L. 48,7 cm x Tiefe 103,5 cm<\/p>\n<\/div>\n<\/div>\n<\/div>\n<\/div>\n<\/div>\n<\/div>\n<\/div>\n","protected":false},"featured_media":20265,"comment_status":"closed","ping_status":"closed","template":"","meta":{"_monsterinsights_skip_tracking":false,"_monsterinsights_sitenote_active":false,"_monsterinsights_sitenote_note":"","_monsterinsights_sitenote_category":0},"product_brand":[],"product_cat":[2842,70,154,121],"product_tag":[389,479],"class_list":{"0":"post-20231","1":"product","2":"type-product","3":"status-publish","4":"has-post-thumbnail","6":"product_cat-astep-de","7":"product_cat-hersteller","8":"product_cat-leuchte","9":"product_cat-stehleuchte","10":"product_tag-50er","11":"product_tag-italienisches-design","12":"product_shipping_class-post-sperrgut","14":"first","15":"instock","16":"taxable","17":"shipping-taxable","18":"purchasable","19":"product-type-variable"},"yoast_head":"<!-- This site is optimized with the Yoast SEO plugin v25.3.1 - https:\/\/yoast.com\/wordpress\/plugins\/seo\/ -->\n<title>Vittoriano Vigan\u00f3 | VV Cinquanta Floor | Astep | Designklassiker | Schweiz<\/title>\n<meta name=\"description\" content=\"Die VV Cinquanta Floor Stehleuchte von Vittoriano Vigano ist nun Dank die Reedition von Astep erschwinglich. Bei Kissthedesign kaufen Sie Designklassiker online mit den Garantien eines Laden in der Schweiz.\" \/>\n<meta name=\"robots\" content=\"index, follow, max-snippet:-1, max-image-preview:large, max-video-preview:-1\" \/>\n<link rel=\"canonical\" href=\"https:\/\/www.kissthedesign.ch\/de\/produkt\/vittoriano-vigano-vvcinquanta-stehlampe-astep\/\" \/>\n<meta property=\"og:locale\" content=\"de_DE\" \/>\n<meta property=\"og:type\" content=\"article\" \/>\n<meta property=\"og:title\" content=\"Vittoriano Vigan\u00f3 | VV Cinquanta Floor | Astep | Designklassiker | Schweiz\" \/>\n<meta property=\"og:description\" content=\"Die VV Cinquanta Floor Stehleuchte von Vittoriano Vigano ist nun Dank die Reedition von Astep erschwinglich. Bei Kissthedesign kaufen Sie Designklassiker online mit den Garantien eines Laden in der Schweiz.\" \/>\n<meta property=\"og:url\" content=\"https:\/\/www.kissthedesign.ch\/de\/produkt\/vittoriano-vigano-vvcinquanta-stehlampe-astep\/\" \/>\n<meta property=\"og:site_name\" content=\"kissthedesign\" \/>\n<meta property=\"article:modified_time\" content=\"2019-10-12T10:53:14+00:00\" \/>\n<meta property=\"og:image\" content=\"https:\/\/www.kissthedesign.ch\/wp\/wp-content\/uploads\/2018\/04\/Astep-VV-Cinquanta-lampadaire-Mondrian-vigano.jpg\" \/>\n\t<meta property=\"og:image:width\" content=\"829\" \/>\n\t<meta property=\"og:image:height\" content=\"900\" \/>\n\t<meta property=\"og:image:type\" content=\"image\/jpeg\" \/>\n<meta name=\"twitter:label1\" content=\"Gesch\u00e4tzte Lesezeit\" \/>\n\t<meta name=\"twitter:data1\" content=\"1\u00a0Minute\" \/>\n<script type=\"application\/ld+json\" class=\"yoast-schema-graph\">{\"@context\":\"https:\/\/schema.org\",\"@graph\":[{\"@type\":\"WebPage\",\"@id\":\"https:\/\/www.kissthedesign.ch\/de\/produkt\/vittoriano-vigano-vvcinquanta-stehlampe-astep\/\",\"url\":\"https:\/\/www.kissthedesign.ch\/de\/produkt\/vittoriano-vigano-vvcinquanta-stehlampe-astep\/\",\"name\":\"Vittoriano Vigan\u00f3 | VV Cinquanta Floor | Astep | Designklassiker | Schweiz\",\"isPartOf\":{\"@id\":\"https:\/\/www.kissthedesign.ch\/en\/#website\"},\"primaryImageOfPage\":{\"@id\":\"https:\/\/www.kissthedesign.ch\/de\/produkt\/vittoriano-vigano-vvcinquanta-stehlampe-astep\/#primaryimage\"},\"image\":{\"@id\":\"https:\/\/www.kissthedesign.ch\/de\/produkt\/vittoriano-vigano-vvcinquanta-stehlampe-astep\/#primaryimage\"},\"thumbnailUrl\":\"https:\/\/www.kissthedesign.ch\/wp\/wp-content\/uploads\/2018\/04\/Astep-VV-Cinquanta-lampadaire-Mondrian-vigano.jpg\",\"datePublished\":\"2018-04-16T13:28:21+00:00\",\"dateModified\":\"2019-10-12T10:53:14+00:00\",\"description\":\"Die VV Cinquanta Floor Stehleuchte von Vittoriano Vigano ist nun Dank die Reedition von Astep erschwinglich. Bei Kissthedesign kaufen Sie Designklassiker online mit den Garantien eines Laden in der Schweiz.\",\"breadcrumb\":{\"@id\":\"https:\/\/www.kissthedesign.ch\/de\/produkt\/vittoriano-vigano-vvcinquanta-stehlampe-astep\/#breadcrumb\"},\"inLanguage\":\"de\",\"potentialAction\":[{\"@type\":\"ReadAction\",\"target\":[\"https:\/\/www.kissthedesign.ch\/de\/produkt\/vittoriano-vigano-vvcinquanta-stehlampe-astep\/\"]}]},{\"@type\":\"ImageObject\",\"inLanguage\":\"de\",\"@id\":\"https:\/\/www.kissthedesign.ch\/de\/produkt\/vittoriano-vigano-vvcinquanta-stehlampe-astep\/#primaryimage\",\"url\":\"https:\/\/www.kissthedesign.ch\/wp\/wp-content\/uploads\/2018\/04\/Astep-VV-Cinquanta-lampadaire-Mondrian-vigano.jpg\",\"contentUrl\":\"https:\/\/www.kissthedesign.ch\/wp\/wp-content\/uploads\/2018\/04\/Astep-VV-Cinquanta-lampadaire-Mondrian-vigano.jpg\",\"width\":829,\"height\":900,\"caption\":\"VV Cinquanta Floor, Vittoriano Vigan\u00f3, Astep. Mondrian\"},{\"@type\":\"BreadcrumbList\",\"@id\":\"https:\/\/www.kissthedesign.ch\/de\/produkt\/vittoriano-vigano-vvcinquanta-stehlampe-astep\/#breadcrumb\",\"itemListElement\":[{\"@type\":\"ListItem\",\"position\":1,\"name\":\"Accueil\",\"item\":\"https:\/\/www.kissthedesign.ch\/de\/\"},{\"@type\":\"ListItem\",\"position\":2,\"name\":\"Laden\",\"item\":\"https:\/\/www.kissthedesign.ch\/de\/laden\/\"},{\"@type\":\"ListItem\",\"position\":3,\"name\":\"Vittoriano Vigan\u00f3 | VV Cinquanta Floor | Astep\"}]},{\"@type\":\"WebSite\",\"@id\":\"https:\/\/www.kissthedesign.ch\/en\/#website\",\"url\":\"https:\/\/www.kissthedesign.ch\/en\/\",\"name\":\"kissthedesign\",\"description\":\"Kissthedesign, Lausanne, Suisse. Mobilier du XXe, design vintage\",\"publisher\":{\"@id\":\"https:\/\/www.kissthedesign.ch\/en\/#organization\"},\"potentialAction\":[{\"@type\":\"SearchAction\",\"target\":{\"@type\":\"EntryPoint\",\"urlTemplate\":\"https:\/\/www.kissthedesign.ch\/en\/?s={search_term_string}\"},\"query-input\":{\"@type\":\"PropertyValueSpecification\",\"valueRequired\":true,\"valueName\":\"search_term_string\"}}],\"inLanguage\":\"de\"},{\"@type\":\"Organization\",\"@id\":\"https:\/\/www.kissthedesign.ch\/en\/#organization\",\"name\":\"Kissthedesign\",\"url\":\"https:\/\/www.kissthedesign.ch\/en\/\",\"logo\":{\"@type\":\"ImageObject\",\"inLanguage\":\"de\",\"@id\":\"https:\/\/www.kissthedesign.ch\/en\/#\/schema\/logo\/image\/\",\"url\":\"https:\/\/www.kissthedesign.ch\/wp\/wp-content\/uploads\/2016\/08\/ktd-logo-web.jpg\",\"contentUrl\":\"https:\/\/www.kissthedesign.ch\/wp\/wp-content\/uploads\/2016\/08\/ktd-logo-web.jpg\",\"width\":450,\"height\":167,\"caption\":\"Kissthedesign\"},\"image\":{\"@id\":\"https:\/\/www.kissthedesign.ch\/en\/#\/schema\/logo\/image\/\"}}]}<\/script>\n<!-- \/ Yoast SEO plugin. -->","yoast_head_json":{"title":"Vittoriano Vigan\u00f3 | VV Cinquanta Floor | Astep | Designklassiker | Schweiz","description":"Die VV Cinquanta Floor Stehleuchte von Vittoriano Vigano ist nun Dank die Reedition von Astep erschwinglich. Bei Kissthedesign kaufen Sie Designklassiker online mit den Garantien eines Laden in der Schweiz.","robots":{"index":"index","follow":"follow","max-snippet":"max-snippet:-1","max-image-preview":"max-image-preview:large","max-video-preview":"max-video-preview:-1"},"canonical":"https:\/\/www.kissthedesign.ch\/de\/produkt\/vittoriano-vigano-vvcinquanta-stehlampe-astep\/","og_locale":"de_DE","og_type":"article","og_title":"Vittoriano Vigan\u00f3 | VV Cinquanta Floor | Astep | Designklassiker | Schweiz","og_description":"Die VV Cinquanta Floor Stehleuchte von Vittoriano Vigano ist nun Dank die Reedition von Astep erschwinglich. Bei Kissthedesign kaufen Sie Designklassiker online mit den Garantien eines Laden in der Schweiz.","og_url":"https:\/\/www.kissthedesign.ch\/de\/produkt\/vittoriano-vigano-vvcinquanta-stehlampe-astep\/","og_site_name":"kissthedesign","article_modified_time":"2019-10-12T10:53:14+00:00","og_image":[{"width":829,"height":900,"url":"https:\/\/www.kissthedesign.ch\/wp\/wp-content\/uploads\/2018\/04\/Astep-VV-Cinquanta-lampadaire-Mondrian-vigano.jpg","type":"image\/jpeg"}],"twitter_misc":{"Gesch\u00e4tzte Lesezeit":"1\u00a0Minute"},"schema":{"@context":"https:\/\/schema.org","@graph":[{"@type":"WebPage","@id":"https:\/\/www.kissthedesign.ch\/de\/produkt\/vittoriano-vigano-vvcinquanta-stehlampe-astep\/","url":"https:\/\/www.kissthedesign.ch\/de\/produkt\/vittoriano-vigano-vvcinquanta-stehlampe-astep\/","name":"Vittoriano Vigan\u00f3 | VV Cinquanta Floor | Astep | Designklassiker | Schweiz","isPartOf":{"@id":"https:\/\/www.kissthedesign.ch\/en\/#website"},"primaryImageOfPage":{"@id":"https:\/\/www.kissthedesign.ch\/de\/produkt\/vittoriano-vigano-vvcinquanta-stehlampe-astep\/#primaryimage"},"image":{"@id":"https:\/\/www.kissthedesign.ch\/de\/produkt\/vittoriano-vigano-vvcinquanta-stehlampe-astep\/#primaryimage"},"thumbnailUrl":"https:\/\/www.kissthedesign.ch\/wp\/wp-content\/uploads\/2018\/04\/Astep-VV-Cinquanta-lampadaire-Mondrian-vigano.jpg","datePublished":"2018-04-16T13:28:21+00:00","dateModified":"2019-10-12T10:53:14+00:00","description":"Die VV Cinquanta Floor Stehleuchte von Vittoriano Vigano ist nun Dank die Reedition von Astep erschwinglich. Bei Kissthedesign kaufen Sie Designklassiker online mit den Garantien eines Laden in der Schweiz.","breadcrumb":{"@id":"https:\/\/www.kissthedesign.ch\/de\/produkt\/vittoriano-vigano-vvcinquanta-stehlampe-astep\/#breadcrumb"},"inLanguage":"de","potentialAction":[{"@type":"ReadAction","target":["https:\/\/www.kissthedesign.ch\/de\/produkt\/vittoriano-vigano-vvcinquanta-stehlampe-astep\/"]}]},{"@type":"ImageObject","inLanguage":"de","@id":"https:\/\/www.kissthedesign.ch\/de\/produkt\/vittoriano-vigano-vvcinquanta-stehlampe-astep\/#primaryimage","url":"https:\/\/www.kissthedesign.ch\/wp\/wp-content\/uploads\/2018\/04\/Astep-VV-Cinquanta-lampadaire-Mondrian-vigano.jpg","contentUrl":"https:\/\/www.kissthedesign.ch\/wp\/wp-content\/uploads\/2018\/04\/Astep-VV-Cinquanta-lampadaire-Mondrian-vigano.jpg","width":829,"height":900,"caption":"VV Cinquanta Floor, Vittoriano Vigan\u00f3, Astep. Mondrian"},{"@type":"BreadcrumbList","@id":"https:\/\/www.kissthedesign.ch\/de\/produkt\/vittoriano-vigano-vvcinquanta-stehlampe-astep\/#breadcrumb","itemListElement":[{"@type":"ListItem","position":1,"name":"Accueil","item":"https:\/\/www.kissthedesign.ch\/de\/"},{"@type":"ListItem","position":2,"name":"Laden","item":"https:\/\/www.kissthedesign.ch\/de\/laden\/"},{"@type":"ListItem","position":3,"name":"Vittoriano Vigan\u00f3 | VV Cinquanta Floor | Astep"}]},{"@type":"WebSite","@id":"https:\/\/www.kissthedesign.ch\/en\/#website","url":"https:\/\/www.kissthedesign.ch\/en\/","name":"kissthedesign","description":"Kissthedesign, Lausanne, Suisse. Mobilier du XXe, design vintage","publisher":{"@id":"https:\/\/www.kissthedesign.ch\/en\/#organization"},"potentialAction":[{"@type":"SearchAction","target":{"@type":"EntryPoint","urlTemplate":"https:\/\/www.kissthedesign.ch\/en\/?s={search_term_string}"},"query-input":{"@type":"PropertyValueSpecification","valueRequired":true,"valueName":"search_term_string"}}],"inLanguage":"de"},{"@type":"Organization","@id":"https:\/\/www.kissthedesign.ch\/en\/#organization","name":"Kissthedesign","url":"https:\/\/www.kissthedesign.ch\/en\/","logo":{"@type":"ImageObject","inLanguage":"de","@id":"https:\/\/www.kissthedesign.ch\/en\/#\/schema\/logo\/image\/","url":"https:\/\/www.kissthedesign.ch\/wp\/wp-content\/uploads\/2016\/08\/ktd-logo-web.jpg","contentUrl":"https:\/\/www.kissthedesign.ch\/wp\/wp-content\/uploads\/2016\/08\/ktd-logo-web.jpg","width":450,"height":167,"caption":"Kissthedesign"},"image":{"@id":"https:\/\/www.kissthedesign.ch\/en\/#\/schema\/logo\/image\/"}}]}},"_links":{"self":[{"href":"https:\/\/www.kissthedesign.ch\/de\/wp-json\/wp\/v2\/product\/20231","targetHints":{"allow":["GET"]}}],"collection":[{"href":"https:\/\/www.kissthedesign.ch\/de\/wp-json\/wp\/v2\/product"}],"about":[{"href":"https:\/\/www.kissthedesign.ch\/de\/wp-json\/wp\/v2\/types\/product"}],"replies":[{"embeddable":true,"href":"https:\/\/www.kissthedesign.ch\/de\/wp-json\/wp\/v2\/comments?post=20231"}],"wp:featuredmedia":[{"embeddable":true,"href":"https:\/\/www.kissthedesign.ch\/de\/wp-json\/wp\/v2\/media\/20265"}],"wp:attachment":[{"href":"https:\/\/www.kissthedesign.ch\/de\/wp-json\/wp\/v2\/media?parent=20231"}],"wp:term":[{"taxonomy":"product_brand","embeddable":true,"href":"https:\/\/www.kissthedesign.ch\/de\/wp-json\/wp\/v2\/product_brand?post=20231"},{"taxonomy":"product_cat","embeddable":true,"href":"https:\/\/www.kissthedesign.ch\/de\/wp-json\/wp\/v2\/product_cat?post=20231"},{"taxonomy":"product_tag","embeddable":true,"href":"https:\/\/www.kissthedesign.ch\/de\/wp-json\/wp\/v2\/product_tag?post=20231"}],"curies":[{"name":"wp","href":"https:\/\/api.w.org\/{rel}","templated":true}]}}