{"id":21263,"date":"2018-06-24T11:56:48","date_gmt":"2018-06-24T10:56:52","guid":{"rendered":"https:\/\/www.kissthedesign.ch\/?post_type=product&#038;p=21263"},"modified":"2018-06-24T13:02:38","modified_gmt":"2018-06-24T12:02:38","slug":"magic-puzzle-cube-tisch-poul-norreklit-pedersen","status":"publish","type":"product","link":"https:\/\/www.kissthedesign.ch\/de\/produkt\/magic-puzzle-cube-tisch-poul-norreklit-pedersen\/","title":{"rendered":"Couchtisch Magic Puzzle Cube | Poul Norreklit | Pedersen"},"content":{"rendered":"<div class=\"wpb-content-wrapper\"><p>[vc_row][vc_column][vc_column_text]<\/p>\n<h2>Couchtisch\u00a0Magic Puzzle Cube, Poul Norreklit, Pedersen, ca. 1960.<\/h2>\n<p>Das Magic Puzzle Cube ist ein cleveres und vielseitiges System. Das 1960 vom d\u00e4nischen Designer Poul Norreklit f\u00fcr Pedersen entworfene Set besteht aus sechs ineinander greifenden Tischen, die einen eleganten W\u00fcrfel bilden, wobei jede Seite des W\u00fcrfels ein Beistelltisch ist. Die Platte ist aus Palisanderholz auf verchromten Stahlgestell. Der obere Tisch hat einem hellen Knopf zum einfachen \u00d6ffnen des W\u00fcrfels, so dass Sie die kleinen Tische als Gruppe f\u00fcr einen gr\u00f6\u00dferen Couchtisch, separat als Beistelltisch oder als W\u00fcrfeltisch verwenden k\u00f6nnen. Aufkleber unter den Platten helfen, den Tisch wieder in einen W\u00fcrfel zu stecken.<\/p>\n<p>Der seltene Magic Puzzle Cube ist in gutem Originalzustand, mit Gebrauchsspuren an den Ecken, wie es beim Modell \u00fcblich ist. Das verchromten Stahlgestell ist in sehr gutem Zustand, der untere Tisch beh\u00e4lt seinen originalen Aufkleber.[\/vc_column_text][\/vc_column][\/vc_row][vc_row css=&#8221;.vc_custom_1520153315121{margin-top: 25px !important;}&#8221;][vc_column width=&#8221;1\/2&#8243;]\n<div class=\"wpcf7 no-js\" id=\"wpcf7-f12225-o1\" lang=\"fr-FR\" dir=\"ltr\" data-wpcf7-id=\"12225\">\n<div class=\"screen-reader-response\"><p role=\"status\" aria-live=\"polite\" aria-atomic=\"true\"><\/p> <ul><\/ul><\/div>\n<form action=\"\/de\/wp-json\/wp\/v2\/product\/21263#wpcf7-f12225-o1\" method=\"post\" class=\"wpcf7-form init\" aria-label=\"Formulaire de contact\" novalidate=\"novalidate\" data-status=\"init\">\n<fieldset class=\"hidden-fields-container\"><input type=\"hidden\" name=\"_wpcf7\" value=\"12225\" \/><input type=\"hidden\" name=\"_wpcf7_version\" value=\"6.1.5\" \/><input type=\"hidden\" name=\"_wpcf7_locale\" value=\"fr_FR\" \/><input type=\"hidden\" name=\"_wpcf7_unit_tag\" value=\"wpcf7-f12225-o1\" \/><input type=\"hidden\" name=\"_wpcf7_container_post\" value=\"0\" \/><input type=\"hidden\" name=\"_wpcf7_posted_data_hash\" value=\"\" \/><input type=\"hidden\" name=\"_wpcf7_recaptcha_response\" value=\"\" \/>\n<\/fieldset>\n\n<!-- CF7 Modules -->\n<div style='display:none;'><input type=\"hidden\" class=\"wpcf7-form-control wpcf7-hidden\" name=\"hidden-931\" placeholder=\"\" value=\"Couchtisch Magic Puzzle Cube | Poul Norreklit | Pedersen\" \/>\n<\/div>\n<!-- End CF7 Modules -->\n\n<p><b>Kontaktieren Sie uns \u00fcber diesen Artikel<\/b>\n<\/p>\n<p>Ihre Name (Pflichtfeld)\n<\/p>\n<p><span class=\"wpcf7-form-control-wrap\" data-name=\"your-name\"><input size=\"40\" maxlength=\"400\" class=\"wpcf7-form-control wpcf7-text wpcf7-validates-as-required\" aria-required=\"true\" aria-invalid=\"false\" value=\"\" type=\"text\" name=\"your-name\" \/><\/span>\n<\/p>\n<p>Ihre Email (Pflichtfeld)\n<\/p>\n<p><span class=\"wpcf7-form-control-wrap\" data-name=\"your-email\"><input size=\"40\" maxlength=\"400\" class=\"wpcf7-form-control wpcf7-email wpcf7-validates-as-required wpcf7-text wpcf7-validates-as-email\" aria-required=\"true\" aria-invalid=\"false\" value=\"\" type=\"email\" name=\"your-email\" \/><\/span>\n<\/p>\n<p>Ihre Nachricht\n<\/p>\n<p><span class=\"wpcf7-form-control-wrap\" data-name=\"your-message\"><textarea cols=\"40\" rows=\"10\" maxlength=\"2000\" class=\"wpcf7-form-control wpcf7-textarea\" aria-invalid=\"false\" name=\"your-message\"><\/textarea><\/span>\n<\/p>\n<p>Die von Ihnen eingegebenen und mit diesem Formular gesendeten Daten werden gespeichert, aber werden nie verkauft oder an Dritte weitergegeben.\n<\/p>\n<p><span class=\"wpcf7-form-control-wrap\" data-name=\"checkbox-296\"><span class=\"wpcf7-form-control wpcf7-checkbox wpcf7-validates-as-required\"><span class=\"wpcf7-list-item first last\"><input type=\"checkbox\" name=\"checkbox-296[]\" value=\"Ich akzeptiere\" \/><span class=\"wpcf7-list-item-label\">Ich akzeptiere<\/span><\/span><\/span><\/span>\n<\/p>\n<p><input class=\"wpcf7-form-control wpcf7-submit has-spinner\" type=\"submit\" value=\"Senden\" \/>\n<\/p><div class=\"wpcf7-response-output\" aria-hidden=\"true\"><\/div>\n<\/form>\n<\/div>\n[\/vc_column][vc_column width=&#8221;1\/2&#8243;][\/vc_column][\/vc_row]<\/p>\n<\/div>","protected":false},"excerpt":{"rendered":"<p>Couchtischsystem bestehend aus sechs Palisander- und Metallelementen. Aufkleber des Herstellers.<span class=\"Apple-converted-space\"><br \/>\nMa\u00dfe 42 x 42 x 42 x 42 cm.<br \/>\n<\/span>Guter Zustand, mit Gebrauchsspuren und Patina.<span class=\"Apple-converted-space\">\u00a0<\/span><\/p>\n","protected":false},"featured_media":21282,"comment_status":"closed","ping_status":"closed","template":"","meta":{"_monsterinsights_skip_tracking":false,"_monsterinsights_sitenote_active":false,"_monsterinsights_sitenote_note":"","_monsterinsights_sitenote_category":0},"product_brand":[],"product_cat":[255],"product_tag":[390,466],"class_list":{"0":"post-21263","1":"product","2":"type-product","3":"status-publish","4":"has-post-thumbnail","6":"product_cat-archiv-de","7":"product_tag-60er","8":"product_tag-daenisch-design","9":"product_shipping_class-post-sperrgut","11":"first","12":"outofstock","13":"taxable","14":"shipping-taxable","15":"product-type-simple"},"yoast_head":"<!-- This site is optimized with the Yoast SEO plugin v25.3.1 - https:\/\/yoast.com\/wordpress\/plugins\/seo\/ -->\n<title>Magic Puzzle Cube | Poul Norreklit | Pedersen | Designklassiker, Schweiz<\/title>\n<meta name=\"description\" content=\"Couchtisch Magic Puzzle Cube von Poul Norreklit f\u00fcr Pedersen, 1960. Kissthedesign, originalen Vintage Designklassiker. Designladen in der Schweiz\" \/>\n<meta name=\"robots\" content=\"index, follow, max-snippet:-1, max-image-preview:large, max-video-preview:-1\" \/>\n<link rel=\"canonical\" href=\"https:\/\/www.kissthedesign.ch\/de\/produkt\/magic-puzzle-cube-tisch-poul-norreklit-pedersen\/\" \/>\n<meta property=\"og:locale\" content=\"de_DE\" \/>\n<meta property=\"og:type\" content=\"article\" \/>\n<meta property=\"og:title\" content=\"Magic Puzzle Cube | Poul Norreklit | Pedersen | Designklassiker, Schweiz\" \/>\n<meta property=\"og:description\" content=\"Couchtisch Magic Puzzle Cube von Poul Norreklit f\u00fcr Pedersen, 1960. Kissthedesign, originalen Vintage Designklassiker. Designladen in der Schweiz\" \/>\n<meta property=\"og:url\" content=\"https:\/\/www.kissthedesign.ch\/de\/produkt\/magic-puzzle-cube-tisch-poul-norreklit-pedersen\/\" \/>\n<meta property=\"og:site_name\" content=\"kissthedesign\" \/>\n<meta property=\"article:modified_time\" content=\"2018-06-24T12:02:38+00:00\" \/>\n<meta property=\"og:image\" content=\"https:\/\/www.kissthedesign.ch\/wp\/wp-content\/uploads\/2018\/06\/nesting-tables-magic-puzzle-cube-poul-norreklit-petersen.jpg\" \/>\n\t<meta property=\"og:image:width\" content=\"899\" \/>\n\t<meta property=\"og:image:height\" content=\"600\" \/>\n\t<meta property=\"og:image:type\" content=\"image\/jpeg\" \/>\n<meta name=\"twitter:label1\" content=\"Gesch\u00e4tzte Lesezeit\" \/>\n\t<meta name=\"twitter:data1\" content=\"1\u00a0Minute\" \/>\n<script type=\"application\/ld+json\" class=\"yoast-schema-graph\">{\"@context\":\"https:\/\/schema.org\",\"@graph\":[{\"@type\":\"WebPage\",\"@id\":\"https:\/\/www.kissthedesign.ch\/de\/produkt\/magic-puzzle-cube-tisch-poul-norreklit-pedersen\/\",\"url\":\"https:\/\/www.kissthedesign.ch\/de\/produkt\/magic-puzzle-cube-tisch-poul-norreklit-pedersen\/\",\"name\":\"Magic Puzzle Cube | Poul Norreklit | Pedersen | Designklassiker, Schweiz\",\"isPartOf\":{\"@id\":\"https:\/\/www.kissthedesign.ch\/en\/#website\"},\"primaryImageOfPage\":{\"@id\":\"https:\/\/www.kissthedesign.ch\/de\/produkt\/magic-puzzle-cube-tisch-poul-norreklit-pedersen\/#primaryimage\"},\"image\":{\"@id\":\"https:\/\/www.kissthedesign.ch\/de\/produkt\/magic-puzzle-cube-tisch-poul-norreklit-pedersen\/#primaryimage\"},\"thumbnailUrl\":\"https:\/\/www.kissthedesign.ch\/wp\/wp-content\/uploads\/2018\/06\/nesting-tables-magic-puzzle-cube-poul-norreklit-petersen.jpg\",\"datePublished\":\"2018-06-24T10:56:52+00:00\",\"dateModified\":\"2018-06-24T12:02:38+00:00\",\"description\":\"Couchtisch Magic Puzzle Cube von Poul Norreklit f\u00fcr Pedersen, 1960. Kissthedesign, originalen Vintage Designklassiker. Designladen in der Schweiz\",\"breadcrumb\":{\"@id\":\"https:\/\/www.kissthedesign.ch\/de\/produkt\/magic-puzzle-cube-tisch-poul-norreklit-pedersen\/#breadcrumb\"},\"inLanguage\":\"de\",\"potentialAction\":[{\"@type\":\"ReadAction\",\"target\":[\"https:\/\/www.kissthedesign.ch\/de\/produkt\/magic-puzzle-cube-tisch-poul-norreklit-pedersen\/\"]}]},{\"@type\":\"ImageObject\",\"inLanguage\":\"de\",\"@id\":\"https:\/\/www.kissthedesign.ch\/de\/produkt\/magic-puzzle-cube-tisch-poul-norreklit-pedersen\/#primaryimage\",\"url\":\"https:\/\/www.kissthedesign.ch\/wp\/wp-content\/uploads\/2018\/06\/nesting-tables-magic-puzzle-cube-poul-norreklit-petersen.jpg\",\"contentUrl\":\"https:\/\/www.kissthedesign.ch\/wp\/wp-content\/uploads\/2018\/06\/nesting-tables-magic-puzzle-cube-poul-norreklit-petersen.jpg\",\"width\":899,\"height\":600,\"caption\":\"Couchtisch Magic Puzzle Cube, Poul Norreklit, Pedersen\"},{\"@type\":\"BreadcrumbList\",\"@id\":\"https:\/\/www.kissthedesign.ch\/de\/produkt\/magic-puzzle-cube-tisch-poul-norreklit-pedersen\/#breadcrumb\",\"itemListElement\":[{\"@type\":\"ListItem\",\"position\":1,\"name\":\"Accueil\",\"item\":\"https:\/\/www.kissthedesign.ch\/de\/\"},{\"@type\":\"ListItem\",\"position\":2,\"name\":\"Laden\",\"item\":\"https:\/\/www.kissthedesign.ch\/de\/laden\/\"},{\"@type\":\"ListItem\",\"position\":3,\"name\":\"Couchtisch Magic Puzzle Cube | Poul Norreklit | Pedersen\"}]},{\"@type\":\"WebSite\",\"@id\":\"https:\/\/www.kissthedesign.ch\/en\/#website\",\"url\":\"https:\/\/www.kissthedesign.ch\/en\/\",\"name\":\"kissthedesign\",\"description\":\"Kissthedesign, Lausanne, Suisse. Mobilier du XXe, design vintage\",\"publisher\":{\"@id\":\"https:\/\/www.kissthedesign.ch\/en\/#organization\"},\"potentialAction\":[{\"@type\":\"SearchAction\",\"target\":{\"@type\":\"EntryPoint\",\"urlTemplate\":\"https:\/\/www.kissthedesign.ch\/en\/?s={search_term_string}\"},\"query-input\":{\"@type\":\"PropertyValueSpecification\",\"valueRequired\":true,\"valueName\":\"search_term_string\"}}],\"inLanguage\":\"de\"},{\"@type\":\"Organization\",\"@id\":\"https:\/\/www.kissthedesign.ch\/en\/#organization\",\"name\":\"Kissthedesign\",\"url\":\"https:\/\/www.kissthedesign.ch\/en\/\",\"logo\":{\"@type\":\"ImageObject\",\"inLanguage\":\"de\",\"@id\":\"https:\/\/www.kissthedesign.ch\/en\/#\/schema\/logo\/image\/\",\"url\":\"https:\/\/www.kissthedesign.ch\/wp\/wp-content\/uploads\/2016\/08\/ktd-logo-web.jpg\",\"contentUrl\":\"https:\/\/www.kissthedesign.ch\/wp\/wp-content\/uploads\/2016\/08\/ktd-logo-web.jpg\",\"width\":450,\"height\":167,\"caption\":\"Kissthedesign\"},\"image\":{\"@id\":\"https:\/\/www.kissthedesign.ch\/en\/#\/schema\/logo\/image\/\"}}]}<\/script>\n<!-- \/ Yoast SEO plugin. -->","yoast_head_json":{"title":"Magic Puzzle Cube | Poul Norreklit | Pedersen | Designklassiker, Schweiz","description":"Couchtisch Magic Puzzle Cube von Poul Norreklit f\u00fcr Pedersen, 1960. Kissthedesign, originalen Vintage Designklassiker. Designladen in der Schweiz","robots":{"index":"index","follow":"follow","max-snippet":"max-snippet:-1","max-image-preview":"max-image-preview:large","max-video-preview":"max-video-preview:-1"},"canonical":"https:\/\/www.kissthedesign.ch\/de\/produkt\/magic-puzzle-cube-tisch-poul-norreklit-pedersen\/","og_locale":"de_DE","og_type":"article","og_title":"Magic Puzzle Cube | Poul Norreklit | Pedersen | Designklassiker, Schweiz","og_description":"Couchtisch Magic Puzzle Cube von Poul Norreklit f\u00fcr Pedersen, 1960. Kissthedesign, originalen Vintage Designklassiker. Designladen in der Schweiz","og_url":"https:\/\/www.kissthedesign.ch\/de\/produkt\/magic-puzzle-cube-tisch-poul-norreklit-pedersen\/","og_site_name":"kissthedesign","article_modified_time":"2018-06-24T12:02:38+00:00","og_image":[{"width":899,"height":600,"url":"https:\/\/www.kissthedesign.ch\/wp\/wp-content\/uploads\/2018\/06\/nesting-tables-magic-puzzle-cube-poul-norreklit-petersen.jpg","type":"image\/jpeg"}],"twitter_misc":{"Gesch\u00e4tzte Lesezeit":"1\u00a0Minute"},"schema":{"@context":"https:\/\/schema.org","@graph":[{"@type":"WebPage","@id":"https:\/\/www.kissthedesign.ch\/de\/produkt\/magic-puzzle-cube-tisch-poul-norreklit-pedersen\/","url":"https:\/\/www.kissthedesign.ch\/de\/produkt\/magic-puzzle-cube-tisch-poul-norreklit-pedersen\/","name":"Magic Puzzle Cube | Poul Norreklit | Pedersen | Designklassiker, Schweiz","isPartOf":{"@id":"https:\/\/www.kissthedesign.ch\/en\/#website"},"primaryImageOfPage":{"@id":"https:\/\/www.kissthedesign.ch\/de\/produkt\/magic-puzzle-cube-tisch-poul-norreklit-pedersen\/#primaryimage"},"image":{"@id":"https:\/\/www.kissthedesign.ch\/de\/produkt\/magic-puzzle-cube-tisch-poul-norreklit-pedersen\/#primaryimage"},"thumbnailUrl":"https:\/\/www.kissthedesign.ch\/wp\/wp-content\/uploads\/2018\/06\/nesting-tables-magic-puzzle-cube-poul-norreklit-petersen.jpg","datePublished":"2018-06-24T10:56:52+00:00","dateModified":"2018-06-24T12:02:38+00:00","description":"Couchtisch Magic Puzzle Cube von Poul Norreklit f\u00fcr Pedersen, 1960. Kissthedesign, originalen Vintage Designklassiker. Designladen in der Schweiz","breadcrumb":{"@id":"https:\/\/www.kissthedesign.ch\/de\/produkt\/magic-puzzle-cube-tisch-poul-norreklit-pedersen\/#breadcrumb"},"inLanguage":"de","potentialAction":[{"@type":"ReadAction","target":["https:\/\/www.kissthedesign.ch\/de\/produkt\/magic-puzzle-cube-tisch-poul-norreklit-pedersen\/"]}]},{"@type":"ImageObject","inLanguage":"de","@id":"https:\/\/www.kissthedesign.ch\/de\/produkt\/magic-puzzle-cube-tisch-poul-norreklit-pedersen\/#primaryimage","url":"https:\/\/www.kissthedesign.ch\/wp\/wp-content\/uploads\/2018\/06\/nesting-tables-magic-puzzle-cube-poul-norreklit-petersen.jpg","contentUrl":"https:\/\/www.kissthedesign.ch\/wp\/wp-content\/uploads\/2018\/06\/nesting-tables-magic-puzzle-cube-poul-norreklit-petersen.jpg","width":899,"height":600,"caption":"Couchtisch Magic Puzzle Cube, Poul Norreklit, Pedersen"},{"@type":"BreadcrumbList","@id":"https:\/\/www.kissthedesign.ch\/de\/produkt\/magic-puzzle-cube-tisch-poul-norreklit-pedersen\/#breadcrumb","itemListElement":[{"@type":"ListItem","position":1,"name":"Accueil","item":"https:\/\/www.kissthedesign.ch\/de\/"},{"@type":"ListItem","position":2,"name":"Laden","item":"https:\/\/www.kissthedesign.ch\/de\/laden\/"},{"@type":"ListItem","position":3,"name":"Couchtisch Magic Puzzle Cube | Poul Norreklit | Pedersen"}]},{"@type":"WebSite","@id":"https:\/\/www.kissthedesign.ch\/en\/#website","url":"https:\/\/www.kissthedesign.ch\/en\/","name":"kissthedesign","description":"Kissthedesign, Lausanne, Suisse. Mobilier du XXe, design vintage","publisher":{"@id":"https:\/\/www.kissthedesign.ch\/en\/#organization"},"potentialAction":[{"@type":"SearchAction","target":{"@type":"EntryPoint","urlTemplate":"https:\/\/www.kissthedesign.ch\/en\/?s={search_term_string}"},"query-input":{"@type":"PropertyValueSpecification","valueRequired":true,"valueName":"search_term_string"}}],"inLanguage":"de"},{"@type":"Organization","@id":"https:\/\/www.kissthedesign.ch\/en\/#organization","name":"Kissthedesign","url":"https:\/\/www.kissthedesign.ch\/en\/","logo":{"@type":"ImageObject","inLanguage":"de","@id":"https:\/\/www.kissthedesign.ch\/en\/#\/schema\/logo\/image\/","url":"https:\/\/www.kissthedesign.ch\/wp\/wp-content\/uploads\/2016\/08\/ktd-logo-web.jpg","contentUrl":"https:\/\/www.kissthedesign.ch\/wp\/wp-content\/uploads\/2016\/08\/ktd-logo-web.jpg","width":450,"height":167,"caption":"Kissthedesign"},"image":{"@id":"https:\/\/www.kissthedesign.ch\/en\/#\/schema\/logo\/image\/"}}]}},"_links":{"self":[{"href":"https:\/\/www.kissthedesign.ch\/de\/wp-json\/wp\/v2\/product\/21263","targetHints":{"allow":["GET"]}}],"collection":[{"href":"https:\/\/www.kissthedesign.ch\/de\/wp-json\/wp\/v2\/product"}],"about":[{"href":"https:\/\/www.kissthedesign.ch\/de\/wp-json\/wp\/v2\/types\/product"}],"replies":[{"embeddable":true,"href":"https:\/\/www.kissthedesign.ch\/de\/wp-json\/wp\/v2\/comments?post=21263"}],"wp:featuredmedia":[{"embeddable":true,"href":"https:\/\/www.kissthedesign.ch\/de\/wp-json\/wp\/v2\/media\/21282"}],"wp:attachment":[{"href":"https:\/\/www.kissthedesign.ch\/de\/wp-json\/wp\/v2\/media?parent=21263"}],"wp:term":[{"taxonomy":"product_brand","embeddable":true,"href":"https:\/\/www.kissthedesign.ch\/de\/wp-json\/wp\/v2\/product_brand?post=21263"},{"taxonomy":"product_cat","embeddable":true,"href":"https:\/\/www.kissthedesign.ch\/de\/wp-json\/wp\/v2\/product_cat?post=21263"},{"taxonomy":"product_tag","embeddable":true,"href":"https:\/\/www.kissthedesign.ch\/de\/wp-json\/wp\/v2\/product_tag?post=21263"}],"curies":[{"name":"wp","href":"https:\/\/api.w.org\/{rel}","templated":true}]}}