{"id":21321,"date":"2018-06-25T15:10:39","date_gmt":"2018-06-25T14:10:42","guid":{"rendered":"https:\/\/www.kissthedesign.ch\/?post_type=product&#038;p=21321"},"modified":"2019-12-21T16:50:13","modified_gmt":"2019-12-21T15:50:13","slug":"shogun-roger-capron-couchtisch","status":"publish","type":"product","link":"https:\/\/www.kissthedesign.ch\/de\/produkt\/shogun-roger-capron-couchtisch\/","title":{"rendered":"Shogun Couchtisch | Roger Capron | Vallauris, ca. 1960"},"content":{"rendered":"<div class=\"wpb-content-wrapper\"><p>[vc_row][vc_column][vc_column_text]<\/p>\n<h2>Shogun Couchtisch, Roger Capron, Vallauris, ca. 1960.<\/h2>\n<p>Der Shogun Couchtisch wurde in den 60er Jahren vom franz\u00f6sischen Keramiker Roger Capron entworfen. Das kleine kurvige Modell geh\u00f6rt zu Capron Designklassikern. Die Platte ist mit Keramikfliesen in Beige- und Gr\u00fcnt\u00f6nen belegt, auf eines Gestell und runden F\u00fc\u00dfe aus Mahagoniholz. Das Exemplar ist signiert und in sehr gutem Zustand mit Gebrauchsspuren und Patina auf dem Holz.<\/p>\n<p>Roger Capron (1922 &#8211; 2016) trug zum internationalen Ansehen der franz\u00f6sischen Keramik bei. 1946 lie\u00df sich der franz\u00f6sische Keramiker in Vallauris nieder. Die Stadt an der C\u00f4te d\u2019Azur war bekannt f\u00fcr seine T\u00f6pferwaren, die bis in die R\u00f6merzeit zur\u00fcck reichten. In der Nachkriegszeit lebte das T\u00f6pferhandwerk in Vallauris wieder auf. Viele K\u00fcnstlern, darunter auch Picasso, reisten in die Stadt, um dort mit den historischen Materialien und Techniken zu arbeiten.<br \/>\nCapron hat zahlreiche Keramik, Vasen, Kr\u00fcge, Teller usw. mit freien oder geometrischen Mustern kreiert. In den 60er Jahren begann Capron auch Couchtischen mit Keramikfliesen zu entwerfen. Die bekanntesten Modelle sind der Navette oder Shogun Tische.[\/vc_column_text][\/vc_column][\/vc_row][vc_row css=&#8221;.vc_custom_1520153315121{margin-top: 25px !important;}&#8221;][vc_column width=&#8221;1\/2&#8243;]\n<div class=\"wpcf7 no-js\" id=\"wpcf7-f12225-o1\" lang=\"fr-FR\" dir=\"ltr\" data-wpcf7-id=\"12225\">\n<div class=\"screen-reader-response\"><p role=\"status\" aria-live=\"polite\" aria-atomic=\"true\"><\/p> <ul><\/ul><\/div>\n<form action=\"\/de\/wp-json\/wp\/v2\/product\/21321#wpcf7-f12225-o1\" method=\"post\" class=\"wpcf7-form init\" aria-label=\"Formulaire de contact\" novalidate=\"novalidate\" data-status=\"init\">\n<fieldset class=\"hidden-fields-container\"><input type=\"hidden\" name=\"_wpcf7\" value=\"12225\" \/><input type=\"hidden\" name=\"_wpcf7_version\" value=\"6.1.5\" \/><input type=\"hidden\" name=\"_wpcf7_locale\" value=\"fr_FR\" \/><input type=\"hidden\" name=\"_wpcf7_unit_tag\" value=\"wpcf7-f12225-o1\" \/><input type=\"hidden\" name=\"_wpcf7_container_post\" value=\"0\" \/><input type=\"hidden\" name=\"_wpcf7_posted_data_hash\" value=\"\" \/><input type=\"hidden\" name=\"_wpcf7_recaptcha_response\" value=\"\" \/>\n<\/fieldset>\n\n<!-- CF7 Modules -->\n<div style='display:none;'><input type=\"hidden\" class=\"wpcf7-form-control wpcf7-hidden\" name=\"hidden-931\" placeholder=\"\" value=\"Shogun Couchtisch | Roger Capron | Vallauris, ca. 1960\" \/>\n<\/div>\n<!-- End CF7 Modules -->\n\n<p><b>Kontaktieren Sie uns \u00fcber diesen Artikel<\/b>\n<\/p>\n<p>Ihre Name (Pflichtfeld)\n<\/p>\n<p><span class=\"wpcf7-form-control-wrap\" data-name=\"your-name\"><input size=\"40\" maxlength=\"400\" class=\"wpcf7-form-control wpcf7-text wpcf7-validates-as-required\" aria-required=\"true\" aria-invalid=\"false\" value=\"\" type=\"text\" name=\"your-name\" \/><\/span>\n<\/p>\n<p>Ihre Email (Pflichtfeld)\n<\/p>\n<p><span class=\"wpcf7-form-control-wrap\" data-name=\"your-email\"><input size=\"40\" maxlength=\"400\" class=\"wpcf7-form-control wpcf7-email wpcf7-validates-as-required wpcf7-text wpcf7-validates-as-email\" aria-required=\"true\" aria-invalid=\"false\" value=\"\" type=\"email\" name=\"your-email\" \/><\/span>\n<\/p>\n<p>Ihre Nachricht\n<\/p>\n<p><span class=\"wpcf7-form-control-wrap\" data-name=\"your-message\"><textarea cols=\"40\" rows=\"10\" maxlength=\"2000\" class=\"wpcf7-form-control wpcf7-textarea\" aria-invalid=\"false\" name=\"your-message\"><\/textarea><\/span>\n<\/p>\n<p>Die von Ihnen eingegebenen und mit diesem Formular gesendeten Daten werden gespeichert, aber werden nie verkauft oder an Dritte weitergegeben.\n<\/p>\n<p><span class=\"wpcf7-form-control-wrap\" data-name=\"checkbox-296\"><span class=\"wpcf7-form-control wpcf7-checkbox wpcf7-validates-as-required\"><span class=\"wpcf7-list-item first last\"><input type=\"checkbox\" name=\"checkbox-296[]\" value=\"Ich akzeptiere\" \/><span class=\"wpcf7-list-item-label\">Ich akzeptiere<\/span><\/span><\/span><\/span>\n<\/p>\n<p><input class=\"wpcf7-form-control wpcf7-submit has-spinner\" type=\"submit\" value=\"Senden\" \/>\n<\/p><div class=\"wpcf7-response-output\" aria-hidden=\"true\"><\/div>\n<\/form>\n<\/div>\n[\/vc_column][vc_column width=&#8221;1\/2&#8243;][\/vc_column][\/vc_row]<\/p>\n<\/div>","protected":false},"excerpt":{"rendered":"<p>Couchtisch mit beige und gr\u00fcn emaillierten Keramik auf runden Mahagoni F\u00fc\u00dfe. Signiert &#8220;R. Capron&#8221;. Ma\u00dfe 98 x 68 cm, H: 33 cm. Sehr guter Zustand mit Gebrauchsspuren.<\/p>\n","protected":false},"featured_media":21338,"comment_status":"closed","ping_status":"closed","template":"","meta":{"_monsterinsights_skip_tracking":false,"_monsterinsights_sitenote_active":false,"_monsterinsights_sitenote_note":"","_monsterinsights_sitenote_category":0},"product_brand":[],"product_cat":[255],"product_tag":[390,387],"class_list":{"0":"post-21321","1":"product","2":"type-product","3":"status-publish","4":"has-post-thumbnail","6":"product_cat-archiv-de","7":"product_tag-60er","8":"product_tag-frans-design","9":"product_shipping_class-post-sperrgut","11":"first","12":"outofstock","13":"taxable","14":"shipping-taxable","15":"product-type-simple"},"yoast_head":"<!-- This site is optimized with the Yoast SEO plugin v25.3.1 - https:\/\/yoast.com\/wordpress\/plugins\/seo\/ -->\n<title>Shogun Couchtisch | Roger Capron | Vallauris | Designklassiker, Schweiz<\/title>\n<meta name=\"description\" content=\"Keramik Couchtisch Shogun von Roger Capron, Vallauris, 1960. Galerie Kissthedesign, originalen Vintage Designklassiker. Designladen in Lausanne, Schweiz\" \/>\n<meta name=\"robots\" content=\"index, follow, max-snippet:-1, max-image-preview:large, max-video-preview:-1\" \/>\n<link rel=\"canonical\" href=\"https:\/\/www.kissthedesign.ch\/de\/produkt\/shogun-roger-capron-couchtisch\/\" \/>\n<meta property=\"og:locale\" content=\"de_DE\" \/>\n<meta property=\"og:type\" content=\"article\" \/>\n<meta property=\"og:title\" content=\"Shogun Couchtisch | Roger Capron | Vallauris | Designklassiker, Schweiz\" \/>\n<meta property=\"og:description\" content=\"Keramik Couchtisch Shogun von Roger Capron, Vallauris, 1960. Galerie Kissthedesign, originalen Vintage Designklassiker. Designladen in Lausanne, Schweiz\" \/>\n<meta property=\"og:url\" content=\"https:\/\/www.kissthedesign.ch\/de\/produkt\/shogun-roger-capron-couchtisch\/\" \/>\n<meta property=\"og:site_name\" content=\"kissthedesign\" \/>\n<meta property=\"article:modified_time\" content=\"2019-12-21T15:50:13+00:00\" \/>\n<meta property=\"og:image\" content=\"https:\/\/www.kissthedesign.ch\/wp\/wp-content\/uploads\/2018\/06\/table-shogun-roger-capron.jpg\" \/>\n\t<meta property=\"og:image:width\" content=\"899\" \/>\n\t<meta property=\"og:image:height\" content=\"600\" \/>\n\t<meta property=\"og:image:type\" content=\"image\/jpeg\" \/>\n<meta name=\"twitter:label1\" content=\"Gesch\u00e4tzte Lesezeit\" \/>\n\t<meta name=\"twitter:data1\" content=\"1\u00a0Minute\" \/>\n<script type=\"application\/ld+json\" class=\"yoast-schema-graph\">{\"@context\":\"https:\/\/schema.org\",\"@graph\":[{\"@type\":\"WebPage\",\"@id\":\"https:\/\/www.kissthedesign.ch\/de\/produkt\/shogun-roger-capron-couchtisch\/\",\"url\":\"https:\/\/www.kissthedesign.ch\/de\/produkt\/shogun-roger-capron-couchtisch\/\",\"name\":\"Shogun Couchtisch | Roger Capron | Vallauris | Designklassiker, Schweiz\",\"isPartOf\":{\"@id\":\"https:\/\/www.kissthedesign.ch\/en\/#website\"},\"primaryImageOfPage\":{\"@id\":\"https:\/\/www.kissthedesign.ch\/de\/produkt\/shogun-roger-capron-couchtisch\/#primaryimage\"},\"image\":{\"@id\":\"https:\/\/www.kissthedesign.ch\/de\/produkt\/shogun-roger-capron-couchtisch\/#primaryimage\"},\"thumbnailUrl\":\"https:\/\/www.kissthedesign.ch\/wp\/wp-content\/uploads\/2018\/06\/table-shogun-roger-capron.jpg\",\"datePublished\":\"2018-06-25T14:10:42+00:00\",\"dateModified\":\"2019-12-21T15:50:13+00:00\",\"description\":\"Keramik Couchtisch Shogun von Roger Capron, Vallauris, 1960. Galerie Kissthedesign, originalen Vintage Designklassiker. Designladen in Lausanne, Schweiz\",\"breadcrumb\":{\"@id\":\"https:\/\/www.kissthedesign.ch\/de\/produkt\/shogun-roger-capron-couchtisch\/#breadcrumb\"},\"inLanguage\":\"de\",\"potentialAction\":[{\"@type\":\"ReadAction\",\"target\":[\"https:\/\/www.kissthedesign.ch\/de\/produkt\/shogun-roger-capron-couchtisch\/\"]}]},{\"@type\":\"ImageObject\",\"inLanguage\":\"de\",\"@id\":\"https:\/\/www.kissthedesign.ch\/de\/produkt\/shogun-roger-capron-couchtisch\/#primaryimage\",\"url\":\"https:\/\/www.kissthedesign.ch\/wp\/wp-content\/uploads\/2018\/06\/table-shogun-roger-capron.jpg\",\"contentUrl\":\"https:\/\/www.kissthedesign.ch\/wp\/wp-content\/uploads\/2018\/06\/table-shogun-roger-capron.jpg\",\"width\":899,\"height\":600,\"caption\":\"Shogun Couchtisch, Roger Capron, Vallauris\"},{\"@type\":\"BreadcrumbList\",\"@id\":\"https:\/\/www.kissthedesign.ch\/de\/produkt\/shogun-roger-capron-couchtisch\/#breadcrumb\",\"itemListElement\":[{\"@type\":\"ListItem\",\"position\":1,\"name\":\"Accueil\",\"item\":\"https:\/\/www.kissthedesign.ch\/de\/\"},{\"@type\":\"ListItem\",\"position\":2,\"name\":\"Laden\",\"item\":\"https:\/\/www.kissthedesign.ch\/de\/laden\/\"},{\"@type\":\"ListItem\",\"position\":3,\"name\":\"Shogun Couchtisch | Roger Capron | Vallauris, ca. 1960\"}]},{\"@type\":\"WebSite\",\"@id\":\"https:\/\/www.kissthedesign.ch\/en\/#website\",\"url\":\"https:\/\/www.kissthedesign.ch\/en\/\",\"name\":\"kissthedesign\",\"description\":\"Kissthedesign, Lausanne, Suisse. Mobilier du XXe, design vintage\",\"publisher\":{\"@id\":\"https:\/\/www.kissthedesign.ch\/en\/#organization\"},\"potentialAction\":[{\"@type\":\"SearchAction\",\"target\":{\"@type\":\"EntryPoint\",\"urlTemplate\":\"https:\/\/www.kissthedesign.ch\/en\/?s={search_term_string}\"},\"query-input\":{\"@type\":\"PropertyValueSpecification\",\"valueRequired\":true,\"valueName\":\"search_term_string\"}}],\"inLanguage\":\"de\"},{\"@type\":\"Organization\",\"@id\":\"https:\/\/www.kissthedesign.ch\/en\/#organization\",\"name\":\"Kissthedesign\",\"url\":\"https:\/\/www.kissthedesign.ch\/en\/\",\"logo\":{\"@type\":\"ImageObject\",\"inLanguage\":\"de\",\"@id\":\"https:\/\/www.kissthedesign.ch\/en\/#\/schema\/logo\/image\/\",\"url\":\"https:\/\/www.kissthedesign.ch\/wp\/wp-content\/uploads\/2016\/08\/ktd-logo-web.jpg\",\"contentUrl\":\"https:\/\/www.kissthedesign.ch\/wp\/wp-content\/uploads\/2016\/08\/ktd-logo-web.jpg\",\"width\":450,\"height\":167,\"caption\":\"Kissthedesign\"},\"image\":{\"@id\":\"https:\/\/www.kissthedesign.ch\/en\/#\/schema\/logo\/image\/\"}}]}<\/script>\n<!-- \/ Yoast SEO plugin. -->","yoast_head_json":{"title":"Shogun Couchtisch | Roger Capron | Vallauris | Designklassiker, Schweiz","description":"Keramik Couchtisch Shogun von Roger Capron, Vallauris, 1960. Galerie Kissthedesign, originalen Vintage Designklassiker. Designladen in Lausanne, Schweiz","robots":{"index":"index","follow":"follow","max-snippet":"max-snippet:-1","max-image-preview":"max-image-preview:large","max-video-preview":"max-video-preview:-1"},"canonical":"https:\/\/www.kissthedesign.ch\/de\/produkt\/shogun-roger-capron-couchtisch\/","og_locale":"de_DE","og_type":"article","og_title":"Shogun Couchtisch | Roger Capron | Vallauris | Designklassiker, Schweiz","og_description":"Keramik Couchtisch Shogun von Roger Capron, Vallauris, 1960. Galerie Kissthedesign, originalen Vintage Designklassiker. Designladen in Lausanne, Schweiz","og_url":"https:\/\/www.kissthedesign.ch\/de\/produkt\/shogun-roger-capron-couchtisch\/","og_site_name":"kissthedesign","article_modified_time":"2019-12-21T15:50:13+00:00","og_image":[{"width":899,"height":600,"url":"https:\/\/www.kissthedesign.ch\/wp\/wp-content\/uploads\/2018\/06\/table-shogun-roger-capron.jpg","type":"image\/jpeg"}],"twitter_misc":{"Gesch\u00e4tzte Lesezeit":"1\u00a0Minute"},"schema":{"@context":"https:\/\/schema.org","@graph":[{"@type":"WebPage","@id":"https:\/\/www.kissthedesign.ch\/de\/produkt\/shogun-roger-capron-couchtisch\/","url":"https:\/\/www.kissthedesign.ch\/de\/produkt\/shogun-roger-capron-couchtisch\/","name":"Shogun Couchtisch | Roger Capron | Vallauris | Designklassiker, Schweiz","isPartOf":{"@id":"https:\/\/www.kissthedesign.ch\/en\/#website"},"primaryImageOfPage":{"@id":"https:\/\/www.kissthedesign.ch\/de\/produkt\/shogun-roger-capron-couchtisch\/#primaryimage"},"image":{"@id":"https:\/\/www.kissthedesign.ch\/de\/produkt\/shogun-roger-capron-couchtisch\/#primaryimage"},"thumbnailUrl":"https:\/\/www.kissthedesign.ch\/wp\/wp-content\/uploads\/2018\/06\/table-shogun-roger-capron.jpg","datePublished":"2018-06-25T14:10:42+00:00","dateModified":"2019-12-21T15:50:13+00:00","description":"Keramik Couchtisch Shogun von Roger Capron, Vallauris, 1960. Galerie Kissthedesign, originalen Vintage Designklassiker. Designladen in Lausanne, Schweiz","breadcrumb":{"@id":"https:\/\/www.kissthedesign.ch\/de\/produkt\/shogun-roger-capron-couchtisch\/#breadcrumb"},"inLanguage":"de","potentialAction":[{"@type":"ReadAction","target":["https:\/\/www.kissthedesign.ch\/de\/produkt\/shogun-roger-capron-couchtisch\/"]}]},{"@type":"ImageObject","inLanguage":"de","@id":"https:\/\/www.kissthedesign.ch\/de\/produkt\/shogun-roger-capron-couchtisch\/#primaryimage","url":"https:\/\/www.kissthedesign.ch\/wp\/wp-content\/uploads\/2018\/06\/table-shogun-roger-capron.jpg","contentUrl":"https:\/\/www.kissthedesign.ch\/wp\/wp-content\/uploads\/2018\/06\/table-shogun-roger-capron.jpg","width":899,"height":600,"caption":"Shogun Couchtisch, Roger Capron, Vallauris"},{"@type":"BreadcrumbList","@id":"https:\/\/www.kissthedesign.ch\/de\/produkt\/shogun-roger-capron-couchtisch\/#breadcrumb","itemListElement":[{"@type":"ListItem","position":1,"name":"Accueil","item":"https:\/\/www.kissthedesign.ch\/de\/"},{"@type":"ListItem","position":2,"name":"Laden","item":"https:\/\/www.kissthedesign.ch\/de\/laden\/"},{"@type":"ListItem","position":3,"name":"Shogun Couchtisch | Roger Capron | Vallauris, ca. 1960"}]},{"@type":"WebSite","@id":"https:\/\/www.kissthedesign.ch\/en\/#website","url":"https:\/\/www.kissthedesign.ch\/en\/","name":"kissthedesign","description":"Kissthedesign, Lausanne, Suisse. Mobilier du XXe, design vintage","publisher":{"@id":"https:\/\/www.kissthedesign.ch\/en\/#organization"},"potentialAction":[{"@type":"SearchAction","target":{"@type":"EntryPoint","urlTemplate":"https:\/\/www.kissthedesign.ch\/en\/?s={search_term_string}"},"query-input":{"@type":"PropertyValueSpecification","valueRequired":true,"valueName":"search_term_string"}}],"inLanguage":"de"},{"@type":"Organization","@id":"https:\/\/www.kissthedesign.ch\/en\/#organization","name":"Kissthedesign","url":"https:\/\/www.kissthedesign.ch\/en\/","logo":{"@type":"ImageObject","inLanguage":"de","@id":"https:\/\/www.kissthedesign.ch\/en\/#\/schema\/logo\/image\/","url":"https:\/\/www.kissthedesign.ch\/wp\/wp-content\/uploads\/2016\/08\/ktd-logo-web.jpg","contentUrl":"https:\/\/www.kissthedesign.ch\/wp\/wp-content\/uploads\/2016\/08\/ktd-logo-web.jpg","width":450,"height":167,"caption":"Kissthedesign"},"image":{"@id":"https:\/\/www.kissthedesign.ch\/en\/#\/schema\/logo\/image\/"}}]}},"_links":{"self":[{"href":"https:\/\/www.kissthedesign.ch\/de\/wp-json\/wp\/v2\/product\/21321","targetHints":{"allow":["GET"]}}],"collection":[{"href":"https:\/\/www.kissthedesign.ch\/de\/wp-json\/wp\/v2\/product"}],"about":[{"href":"https:\/\/www.kissthedesign.ch\/de\/wp-json\/wp\/v2\/types\/product"}],"replies":[{"embeddable":true,"href":"https:\/\/www.kissthedesign.ch\/de\/wp-json\/wp\/v2\/comments?post=21321"}],"wp:featuredmedia":[{"embeddable":true,"href":"https:\/\/www.kissthedesign.ch\/de\/wp-json\/wp\/v2\/media\/21338"}],"wp:attachment":[{"href":"https:\/\/www.kissthedesign.ch\/de\/wp-json\/wp\/v2\/media?parent=21321"}],"wp:term":[{"taxonomy":"product_brand","embeddable":true,"href":"https:\/\/www.kissthedesign.ch\/de\/wp-json\/wp\/v2\/product_brand?post=21321"},{"taxonomy":"product_cat","embeddable":true,"href":"https:\/\/www.kissthedesign.ch\/de\/wp-json\/wp\/v2\/product_cat?post=21321"},{"taxonomy":"product_tag","embeddable":true,"href":"https:\/\/www.kissthedesign.ch\/de\/wp-json\/wp\/v2\/product_tag?post=21321"}],"curies":[{"name":"wp","href":"https:\/\/api.w.org\/{rel}","templated":true}]}}