{"id":21370,"date":"2018-06-28T07:06:00","date_gmt":"2018-06-28T06:06:02","guid":{"rendered":"https:\/\/www.kissthedesign.ch\/?post_type=product&#038;p=21370"},"modified":"2019-11-02T11:55:37","modified_gmt":"2019-11-02T10:55:37","slug":"bm62-armlehnstuhl-borge-mogensen-lauritsen","status":"publish","type":"product","link":"https:\/\/www.kissthedesign.ch\/de\/produkt\/bm62-armlehnstuhl-borge-mogensen-lauritsen\/","title":{"rendered":"BM62 Armlehnstuhl | B\u00f8rge Mogensen | P. Lauritsen &#038; S\u00f8n"},"content":{"rendered":"<div class=\"wpb-content-wrapper\"><p>[vc_row][vc_column][vc_column_text]<\/p>\n<h2>BM62 Armlehnstuhl, B\u00f8rge Mogensen, P. Lauritsen &amp; S\u00f8n, 1957.<\/h2>\n<p>Die \u00c4sthetik des d\u00e4nischen Designers und Architekten B\u00f8rge Mogensen, ehemaliger Student von Kaare Klint, ist von der skandinavischen Tischler-Traditionskunst inspiriert aber mit klaren Linien und Funktionalit\u00e4t neu interpretiert. Die Modernit\u00e4t seiner Kreationen macht sie zu begehrten Sammlerst\u00fccken, deren Wert st\u00e4ndig steigt, aber auch zu sehr praktischen M\u00f6beln.<\/p>\n<p>Der BM62 Armlehnstuhl wurde 1957 entworfen und geh\u00f6rt zu den Sammlerst\u00fccken des d\u00e4nischen Designers. Das hier erh\u00e4ltliches Exemplar ist eine erste Produktion von P. Lauritsen &amp; S\u00f8n aus Teak und Rattan.<\/p>\n<p>Viele Sitzm\u00f6bel, darunter die Spanish chair und<span class=\"Apple-converted-space\">\u00a0 <\/span>BM22 Kollektionen, und einige Tische werden immer noch von Fredericia produziert, mit der Mogensen schon lange zusammenarbeitet, aber der BM62 Stuhl wird nicht mehr hergestellt.<\/p>\n<p>B\u00f8rge Mogensen (1914-1972) hat w\u00e4hrend den 50er und 60er Jahre viele M\u00f6belst\u00fccke entworfen. Mogensen geh\u00f6rt, zusammen mit Finn Juhl, Hans J. Wegner und Arne Jacobsen zu den Designern die zur Definition und Popularit\u00e4t des Danish Modern beigetragen haben.[\/vc_column_text][\/vc_column][\/vc_row][vc_row css=&#8221;.vc_custom_1520153315121{margin-top: 25px !important;}&#8221;][vc_column width=&#8221;1\/2&#8243;]\n<div class=\"wpcf7 no-js\" id=\"wpcf7-f12225-o1\" lang=\"fr-FR\" dir=\"ltr\" data-wpcf7-id=\"12225\">\n<div class=\"screen-reader-response\"><p role=\"status\" aria-live=\"polite\" aria-atomic=\"true\"><\/p> <ul><\/ul><\/div>\n<form action=\"\/de\/wp-json\/wp\/v2\/product\/21370#wpcf7-f12225-o1\" method=\"post\" class=\"wpcf7-form init\" aria-label=\"Formulaire de contact\" novalidate=\"novalidate\" data-status=\"init\">\n<fieldset class=\"hidden-fields-container\"><input type=\"hidden\" name=\"_wpcf7\" value=\"12225\" \/><input type=\"hidden\" name=\"_wpcf7_version\" value=\"6.1.5\" \/><input type=\"hidden\" name=\"_wpcf7_locale\" value=\"fr_FR\" \/><input type=\"hidden\" name=\"_wpcf7_unit_tag\" value=\"wpcf7-f12225-o1\" \/><input type=\"hidden\" name=\"_wpcf7_container_post\" value=\"0\" \/><input type=\"hidden\" name=\"_wpcf7_posted_data_hash\" value=\"\" \/><input type=\"hidden\" name=\"_wpcf7_recaptcha_response\" value=\"\" \/>\n<\/fieldset>\n\n<!-- CF7 Modules -->\n<div style='display:none;'><input type=\"hidden\" class=\"wpcf7-form-control wpcf7-hidden\" name=\"hidden-931\" placeholder=\"\" value=\"BM62 Armlehnstuhl | B\u00f8rge Mogensen | P. Lauritsen &amp; S\u00f8n\" \/>\n<\/div>\n<!-- End CF7 Modules -->\n\n<p><b>Kontaktieren Sie uns \u00fcber diesen Artikel<\/b>\n<\/p>\n<p>Ihre Name (Pflichtfeld)\n<\/p>\n<p><span class=\"wpcf7-form-control-wrap\" data-name=\"your-name\"><input size=\"40\" maxlength=\"400\" class=\"wpcf7-form-control wpcf7-text wpcf7-validates-as-required\" aria-required=\"true\" aria-invalid=\"false\" value=\"\" type=\"text\" name=\"your-name\" \/><\/span>\n<\/p>\n<p>Ihre Email (Pflichtfeld)\n<\/p>\n<p><span class=\"wpcf7-form-control-wrap\" data-name=\"your-email\"><input size=\"40\" maxlength=\"400\" class=\"wpcf7-form-control wpcf7-email wpcf7-validates-as-required wpcf7-text wpcf7-validates-as-email\" aria-required=\"true\" aria-invalid=\"false\" value=\"\" type=\"email\" name=\"your-email\" \/><\/span>\n<\/p>\n<p>Ihre Nachricht\n<\/p>\n<p><span class=\"wpcf7-form-control-wrap\" data-name=\"your-message\"><textarea cols=\"40\" rows=\"10\" maxlength=\"2000\" class=\"wpcf7-form-control wpcf7-textarea\" aria-invalid=\"false\" name=\"your-message\"><\/textarea><\/span>\n<\/p>\n<p>Die von Ihnen eingegebenen und mit diesem Formular gesendeten Daten werden gespeichert, aber werden nie verkauft oder an Dritte weitergegeben.\n<\/p>\n<p><span class=\"wpcf7-form-control-wrap\" data-name=\"checkbox-296\"><span class=\"wpcf7-form-control wpcf7-checkbox wpcf7-validates-as-required\"><span class=\"wpcf7-list-item first last\"><input type=\"checkbox\" name=\"checkbox-296[]\" value=\"Ich akzeptiere\" \/><span class=\"wpcf7-list-item-label\">Ich akzeptiere<\/span><\/span><\/span><\/span>\n<\/p>\n<p><input class=\"wpcf7-form-control wpcf7-submit has-spinner\" type=\"submit\" value=\"Senden\" \/>\n<\/p><div class=\"wpcf7-response-output\" aria-hidden=\"true\"><\/div>\n<\/form>\n<\/div>\n[\/vc_column][vc_column width=&#8221;1\/2&#8243;][\/vc_column][\/vc_row]<\/p>\n<\/div>","protected":false},"excerpt":{"rendered":"<p>Armlehnstuhl mit Gestell und Armlehnen aus massivem Teakholz. Sitz und R\u00fcckenlehne aus Rattan.<span class=\"Apple-converted-space\"><br \/>\n<\/span>Ma\u00dfe: 60 x 46 cm, H: 73 cm, Sitz: 45 cm.<br \/>\nSehr guter Zustand, mit Patina und Gebrauchsspuren.<br \/>\n2 Armlehnst\u00fchle erh\u00e4ltlich. Preis pro St\u00fcck<\/p>\n","protected":false},"featured_media":21407,"comment_status":"closed","ping_status":"closed","template":"","meta":{"_monsterinsights_skip_tracking":false,"_monsterinsights_sitenote_active":false,"_monsterinsights_sitenote_note":"","_monsterinsights_sitenote_category":0},"product_brand":[],"product_cat":[255],"product_tag":[389,466,501],"class_list":{"0":"post-21370","1":"product","2":"type-product","3":"status-publish","4":"has-post-thumbnail","6":"product_cat-archiv-de","7":"product_tag-50er","8":"product_tag-daenisch-design","9":"product_tag-ikonisch-design","10":"product_shipping_class-post-sperrgut","12":"first","13":"outofstock","14":"taxable","15":"shipping-taxable","16":"product-type-simple"},"yoast_head":"<!-- This site is optimized with the Yoast SEO plugin v25.3.1 - https:\/\/yoast.com\/wordpress\/plugins\/seo\/ -->\n<title>BM62 Armlehnstuhl | B\u00f8rge Mogensen | P. Lauritsen | Designklassiker<\/title>\n<meta name=\"description\" content=\"Seltener BM62 Teak \/ Rattan Stuhl, B\u00f8rge Mogensen, P. Lauritsen. 50er Jahren Sammlerst\u00fcck d\u00e4nisches Design. Vintage Designklassiker. Designladen Schweiz\" \/>\n<meta name=\"robots\" content=\"index, follow, max-snippet:-1, max-image-preview:large, max-video-preview:-1\" \/>\n<link rel=\"canonical\" href=\"https:\/\/www.kissthedesign.ch\/de\/produkt\/bm62-armlehnstuhl-borge-mogensen-lauritsen\/\" \/>\n<meta property=\"og:locale\" content=\"de_DE\" \/>\n<meta property=\"og:type\" content=\"article\" \/>\n<meta property=\"og:title\" content=\"BM62 Armlehnstuhl | B\u00f8rge Mogensen | P. Lauritsen | Designklassiker\" \/>\n<meta property=\"og:description\" content=\"Seltener BM62 Teak \/ Rattan Stuhl, B\u00f8rge Mogensen, P. Lauritsen. 50er Jahren Sammlerst\u00fcck d\u00e4nisches Design. Vintage Designklassiker. Designladen Schweiz\" \/>\n<meta property=\"og:url\" content=\"https:\/\/www.kissthedesign.ch\/de\/produkt\/bm62-armlehnstuhl-borge-mogensen-lauritsen\/\" \/>\n<meta property=\"og:site_name\" content=\"kissthedesign\" \/>\n<meta property=\"article:modified_time\" content=\"2019-11-02T10:55:37+00:00\" \/>\n<meta property=\"og:image\" content=\"https:\/\/www.kissthedesign.ch\/wp\/wp-content\/uploads\/2018\/06\/bm62-borge-mogensen-lauritsen-chaise.jpg\" \/>\n\t<meta property=\"og:image:width\" content=\"899\" \/>\n\t<meta property=\"og:image:height\" content=\"600\" \/>\n\t<meta property=\"og:image:type\" content=\"image\/jpeg\" \/>\n<meta name=\"twitter:label1\" content=\"Gesch\u00e4tzte Lesezeit\" \/>\n\t<meta name=\"twitter:data1\" content=\"1\u00a0Minute\" \/>\n<script type=\"application\/ld+json\" class=\"yoast-schema-graph\">{\"@context\":\"https:\/\/schema.org\",\"@graph\":[{\"@type\":\"WebPage\",\"@id\":\"https:\/\/www.kissthedesign.ch\/de\/produkt\/bm62-armlehnstuhl-borge-mogensen-lauritsen\/\",\"url\":\"https:\/\/www.kissthedesign.ch\/de\/produkt\/bm62-armlehnstuhl-borge-mogensen-lauritsen\/\",\"name\":\"BM62 Armlehnstuhl | B\u00f8rge Mogensen | P. Lauritsen | Designklassiker\",\"isPartOf\":{\"@id\":\"https:\/\/www.kissthedesign.ch\/en\/#website\"},\"primaryImageOfPage\":{\"@id\":\"https:\/\/www.kissthedesign.ch\/de\/produkt\/bm62-armlehnstuhl-borge-mogensen-lauritsen\/#primaryimage\"},\"image\":{\"@id\":\"https:\/\/www.kissthedesign.ch\/de\/produkt\/bm62-armlehnstuhl-borge-mogensen-lauritsen\/#primaryimage\"},\"thumbnailUrl\":\"https:\/\/www.kissthedesign.ch\/wp\/wp-content\/uploads\/2018\/06\/bm62-borge-mogensen-lauritsen-chaise.jpg\",\"datePublished\":\"2018-06-28T06:06:02+00:00\",\"dateModified\":\"2019-11-02T10:55:37+00:00\",\"description\":\"Seltener BM62 Teak \/ Rattan Stuhl, B\u00f8rge Mogensen, P. Lauritsen. 50er Jahren Sammlerst\u00fcck d\u00e4nisches Design. Vintage Designklassiker. Designladen Schweiz\",\"breadcrumb\":{\"@id\":\"https:\/\/www.kissthedesign.ch\/de\/produkt\/bm62-armlehnstuhl-borge-mogensen-lauritsen\/#breadcrumb\"},\"inLanguage\":\"de\",\"potentialAction\":[{\"@type\":\"ReadAction\",\"target\":[\"https:\/\/www.kissthedesign.ch\/de\/produkt\/bm62-armlehnstuhl-borge-mogensen-lauritsen\/\"]}]},{\"@type\":\"ImageObject\",\"inLanguage\":\"de\",\"@id\":\"https:\/\/www.kissthedesign.ch\/de\/produkt\/bm62-armlehnstuhl-borge-mogensen-lauritsen\/#primaryimage\",\"url\":\"https:\/\/www.kissthedesign.ch\/wp\/wp-content\/uploads\/2018\/06\/bm62-borge-mogensen-lauritsen-chaise.jpg\",\"contentUrl\":\"https:\/\/www.kissthedesign.ch\/wp\/wp-content\/uploads\/2018\/06\/bm62-borge-mogensen-lauritsen-chaise.jpg\",\"width\":899,\"height\":600,\"caption\":\"BM62 Armlehnstuhl, B\u00f8rge Mogensen, P. Lauritsen & S\u00f8n, Aalstrup, 1957\"},{\"@type\":\"BreadcrumbList\",\"@id\":\"https:\/\/www.kissthedesign.ch\/de\/produkt\/bm62-armlehnstuhl-borge-mogensen-lauritsen\/#breadcrumb\",\"itemListElement\":[{\"@type\":\"ListItem\",\"position\":1,\"name\":\"Accueil\",\"item\":\"https:\/\/www.kissthedesign.ch\/de\/\"},{\"@type\":\"ListItem\",\"position\":2,\"name\":\"Laden\",\"item\":\"https:\/\/www.kissthedesign.ch\/de\/laden\/\"},{\"@type\":\"ListItem\",\"position\":3,\"name\":\"BM62 Armlehnstuhl | B\u00f8rge Mogensen | P. Lauritsen &#038; S\u00f8n\"}]},{\"@type\":\"WebSite\",\"@id\":\"https:\/\/www.kissthedesign.ch\/en\/#website\",\"url\":\"https:\/\/www.kissthedesign.ch\/en\/\",\"name\":\"kissthedesign\",\"description\":\"Kissthedesign, Lausanne, Suisse. Mobilier du XXe, design vintage\",\"publisher\":{\"@id\":\"https:\/\/www.kissthedesign.ch\/en\/#organization\"},\"potentialAction\":[{\"@type\":\"SearchAction\",\"target\":{\"@type\":\"EntryPoint\",\"urlTemplate\":\"https:\/\/www.kissthedesign.ch\/en\/?s={search_term_string}\"},\"query-input\":{\"@type\":\"PropertyValueSpecification\",\"valueRequired\":true,\"valueName\":\"search_term_string\"}}],\"inLanguage\":\"de\"},{\"@type\":\"Organization\",\"@id\":\"https:\/\/www.kissthedesign.ch\/en\/#organization\",\"name\":\"Kissthedesign\",\"url\":\"https:\/\/www.kissthedesign.ch\/en\/\",\"logo\":{\"@type\":\"ImageObject\",\"inLanguage\":\"de\",\"@id\":\"https:\/\/www.kissthedesign.ch\/en\/#\/schema\/logo\/image\/\",\"url\":\"https:\/\/www.kissthedesign.ch\/wp\/wp-content\/uploads\/2016\/08\/ktd-logo-web.jpg\",\"contentUrl\":\"https:\/\/www.kissthedesign.ch\/wp\/wp-content\/uploads\/2016\/08\/ktd-logo-web.jpg\",\"width\":450,\"height\":167,\"caption\":\"Kissthedesign\"},\"image\":{\"@id\":\"https:\/\/www.kissthedesign.ch\/en\/#\/schema\/logo\/image\/\"}}]}<\/script>\n<!-- \/ Yoast SEO plugin. -->","yoast_head_json":{"title":"BM62 Armlehnstuhl | B\u00f8rge Mogensen | P. Lauritsen | Designklassiker","description":"Seltener BM62 Teak \/ Rattan Stuhl, B\u00f8rge Mogensen, P. Lauritsen. 50er Jahren Sammlerst\u00fcck d\u00e4nisches Design. Vintage Designklassiker. Designladen Schweiz","robots":{"index":"index","follow":"follow","max-snippet":"max-snippet:-1","max-image-preview":"max-image-preview:large","max-video-preview":"max-video-preview:-1"},"canonical":"https:\/\/www.kissthedesign.ch\/de\/produkt\/bm62-armlehnstuhl-borge-mogensen-lauritsen\/","og_locale":"de_DE","og_type":"article","og_title":"BM62 Armlehnstuhl | B\u00f8rge Mogensen | P. Lauritsen | Designklassiker","og_description":"Seltener BM62 Teak \/ Rattan Stuhl, B\u00f8rge Mogensen, P. Lauritsen. 50er Jahren Sammlerst\u00fcck d\u00e4nisches Design. Vintage Designklassiker. Designladen Schweiz","og_url":"https:\/\/www.kissthedesign.ch\/de\/produkt\/bm62-armlehnstuhl-borge-mogensen-lauritsen\/","og_site_name":"kissthedesign","article_modified_time":"2019-11-02T10:55:37+00:00","og_image":[{"width":899,"height":600,"url":"https:\/\/www.kissthedesign.ch\/wp\/wp-content\/uploads\/2018\/06\/bm62-borge-mogensen-lauritsen-chaise.jpg","type":"image\/jpeg"}],"twitter_misc":{"Gesch\u00e4tzte Lesezeit":"1\u00a0Minute"},"schema":{"@context":"https:\/\/schema.org","@graph":[{"@type":"WebPage","@id":"https:\/\/www.kissthedesign.ch\/de\/produkt\/bm62-armlehnstuhl-borge-mogensen-lauritsen\/","url":"https:\/\/www.kissthedesign.ch\/de\/produkt\/bm62-armlehnstuhl-borge-mogensen-lauritsen\/","name":"BM62 Armlehnstuhl | B\u00f8rge Mogensen | P. Lauritsen | Designklassiker","isPartOf":{"@id":"https:\/\/www.kissthedesign.ch\/en\/#website"},"primaryImageOfPage":{"@id":"https:\/\/www.kissthedesign.ch\/de\/produkt\/bm62-armlehnstuhl-borge-mogensen-lauritsen\/#primaryimage"},"image":{"@id":"https:\/\/www.kissthedesign.ch\/de\/produkt\/bm62-armlehnstuhl-borge-mogensen-lauritsen\/#primaryimage"},"thumbnailUrl":"https:\/\/www.kissthedesign.ch\/wp\/wp-content\/uploads\/2018\/06\/bm62-borge-mogensen-lauritsen-chaise.jpg","datePublished":"2018-06-28T06:06:02+00:00","dateModified":"2019-11-02T10:55:37+00:00","description":"Seltener BM62 Teak \/ Rattan Stuhl, B\u00f8rge Mogensen, P. Lauritsen. 50er Jahren Sammlerst\u00fcck d\u00e4nisches Design. Vintage Designklassiker. Designladen Schweiz","breadcrumb":{"@id":"https:\/\/www.kissthedesign.ch\/de\/produkt\/bm62-armlehnstuhl-borge-mogensen-lauritsen\/#breadcrumb"},"inLanguage":"de","potentialAction":[{"@type":"ReadAction","target":["https:\/\/www.kissthedesign.ch\/de\/produkt\/bm62-armlehnstuhl-borge-mogensen-lauritsen\/"]}]},{"@type":"ImageObject","inLanguage":"de","@id":"https:\/\/www.kissthedesign.ch\/de\/produkt\/bm62-armlehnstuhl-borge-mogensen-lauritsen\/#primaryimage","url":"https:\/\/www.kissthedesign.ch\/wp\/wp-content\/uploads\/2018\/06\/bm62-borge-mogensen-lauritsen-chaise.jpg","contentUrl":"https:\/\/www.kissthedesign.ch\/wp\/wp-content\/uploads\/2018\/06\/bm62-borge-mogensen-lauritsen-chaise.jpg","width":899,"height":600,"caption":"BM62 Armlehnstuhl, B\u00f8rge Mogensen, P. Lauritsen & S\u00f8n, Aalstrup, 1957"},{"@type":"BreadcrumbList","@id":"https:\/\/www.kissthedesign.ch\/de\/produkt\/bm62-armlehnstuhl-borge-mogensen-lauritsen\/#breadcrumb","itemListElement":[{"@type":"ListItem","position":1,"name":"Accueil","item":"https:\/\/www.kissthedesign.ch\/de\/"},{"@type":"ListItem","position":2,"name":"Laden","item":"https:\/\/www.kissthedesign.ch\/de\/laden\/"},{"@type":"ListItem","position":3,"name":"BM62 Armlehnstuhl | B\u00f8rge Mogensen | P. Lauritsen &#038; S\u00f8n"}]},{"@type":"WebSite","@id":"https:\/\/www.kissthedesign.ch\/en\/#website","url":"https:\/\/www.kissthedesign.ch\/en\/","name":"kissthedesign","description":"Kissthedesign, Lausanne, Suisse. Mobilier du XXe, design vintage","publisher":{"@id":"https:\/\/www.kissthedesign.ch\/en\/#organization"},"potentialAction":[{"@type":"SearchAction","target":{"@type":"EntryPoint","urlTemplate":"https:\/\/www.kissthedesign.ch\/en\/?s={search_term_string}"},"query-input":{"@type":"PropertyValueSpecification","valueRequired":true,"valueName":"search_term_string"}}],"inLanguage":"de"},{"@type":"Organization","@id":"https:\/\/www.kissthedesign.ch\/en\/#organization","name":"Kissthedesign","url":"https:\/\/www.kissthedesign.ch\/en\/","logo":{"@type":"ImageObject","inLanguage":"de","@id":"https:\/\/www.kissthedesign.ch\/en\/#\/schema\/logo\/image\/","url":"https:\/\/www.kissthedesign.ch\/wp\/wp-content\/uploads\/2016\/08\/ktd-logo-web.jpg","contentUrl":"https:\/\/www.kissthedesign.ch\/wp\/wp-content\/uploads\/2016\/08\/ktd-logo-web.jpg","width":450,"height":167,"caption":"Kissthedesign"},"image":{"@id":"https:\/\/www.kissthedesign.ch\/en\/#\/schema\/logo\/image\/"}}]}},"_links":{"self":[{"href":"https:\/\/www.kissthedesign.ch\/de\/wp-json\/wp\/v2\/product\/21370","targetHints":{"allow":["GET"]}}],"collection":[{"href":"https:\/\/www.kissthedesign.ch\/de\/wp-json\/wp\/v2\/product"}],"about":[{"href":"https:\/\/www.kissthedesign.ch\/de\/wp-json\/wp\/v2\/types\/product"}],"replies":[{"embeddable":true,"href":"https:\/\/www.kissthedesign.ch\/de\/wp-json\/wp\/v2\/comments?post=21370"}],"wp:featuredmedia":[{"embeddable":true,"href":"https:\/\/www.kissthedesign.ch\/de\/wp-json\/wp\/v2\/media\/21407"}],"wp:attachment":[{"href":"https:\/\/www.kissthedesign.ch\/de\/wp-json\/wp\/v2\/media?parent=21370"}],"wp:term":[{"taxonomy":"product_brand","embeddable":true,"href":"https:\/\/www.kissthedesign.ch\/de\/wp-json\/wp\/v2\/product_brand?post=21370"},{"taxonomy":"product_cat","embeddable":true,"href":"https:\/\/www.kissthedesign.ch\/de\/wp-json\/wp\/v2\/product_cat?post=21370"},{"taxonomy":"product_tag","embeddable":true,"href":"https:\/\/www.kissthedesign.ch\/de\/wp-json\/wp\/v2\/product_tag?post=21370"}],"curies":[{"name":"wp","href":"https:\/\/api.w.org\/{rel}","templated":true}]}}