{"id":21526,"date":"2018-07-03T12:10:34","date_gmt":"2018-07-03T11:10:36","guid":{"rendered":"https:\/\/www.kissthedesign.ch\/?post_type=product&#038;p=21526"},"modified":"2018-07-03T14:54:56","modified_gmt":"2018-07-03T13:54:56","slug":"boa-sofa-campana-bruder-edra","status":"publish","type":"product","link":"https:\/\/www.kissthedesign.ch\/de\/produkt\/boa-sofa-campana-bruder-edra\/","title":{"rendered":"Boa Sofa | Humberto und Fernando Campana | Edra"},"content":{"rendered":"<div class=\"wpb-content-wrapper\"><p>[vc_row][vc_column][vc_column_text]<\/p>\n<h2>Boa Sofa, Humberto und Fernando Campana, Edra<\/h2>\n<p>Das von den Br\u00fcdern Campana 2002 f\u00fcr den italienischen Hersteller Edra entworfene Sofa Boa bietet gen\u00fcgend Platz f\u00fcr bis zu 4 Personen. Das Boa besteht aus einem langen, gewebten Samtschlauch ohne harte Struktur, und sieht aus wie ein Nest oder eine Welle, in der man sich entspannen kann. Tats\u00e4chlich ist das mit G\u00e4nsefedern und Polyurethan-Schaumstoffpartikeln gepolsterte Modell sehr bequem. Es ist hier in seiner beliebtester blauem bis violett-rosa schillerndem Samt Version erh\u00e4ltlich. Ganz im Trend von Disco- und Ultraviolett Revival, der in diesem Jahr an der Design Week in Mailand und an der Design Miami Basel besonders stark war, wie z.B bei Disco Gufram.<br \/>\nSein Neupreis liegt bei ca. 18&#8217;000 bis 20&#8217;000 CHF, es ist hier zum Sonderpreis von 5&#8217;900 CHF erh\u00e4ltlich. Das Exemplar ist in sehr gutem Allgemeinzustand mit einigen kleinen Gebrauchsspuren (auf den Fotos gut sichtbar).<br \/>\nDas Sonderangebot gibt es exklusiv auf www.kissthedesign.ch.<\/p>\n<p>Fernando und Humberto Campana geh\u00f6ren zu den wichtigsten Vertretern des zeitgen\u00f6ssischen brasilianischen Designs.[\/vc_column_text][\/vc_column][\/vc_row][vc_row css=&#8221;.vc_custom_1529906737398{margin-top: 25px !important;}&#8221;][vc_column width=&#8221;1\/2&#8243;]\n<div class=\"wpcf7 no-js\" id=\"wpcf7-f12225-o1\" lang=\"fr-FR\" dir=\"ltr\" data-wpcf7-id=\"12225\">\n<div class=\"screen-reader-response\"><p role=\"status\" aria-live=\"polite\" aria-atomic=\"true\"><\/p> <ul><\/ul><\/div>\n<form action=\"\/de\/wp-json\/wp\/v2\/product\/21526#wpcf7-f12225-o1\" method=\"post\" class=\"wpcf7-form init\" aria-label=\"Formulaire de contact\" novalidate=\"novalidate\" data-status=\"init\">\n<fieldset class=\"hidden-fields-container\"><input type=\"hidden\" name=\"_wpcf7\" value=\"12225\" \/><input type=\"hidden\" name=\"_wpcf7_version\" value=\"6.1.5\" \/><input type=\"hidden\" name=\"_wpcf7_locale\" value=\"fr_FR\" \/><input type=\"hidden\" name=\"_wpcf7_unit_tag\" value=\"wpcf7-f12225-o1\" \/><input type=\"hidden\" name=\"_wpcf7_container_post\" value=\"0\" \/><input type=\"hidden\" name=\"_wpcf7_posted_data_hash\" value=\"\" \/><input type=\"hidden\" name=\"_wpcf7_recaptcha_response\" value=\"\" \/>\n<\/fieldset>\n\n<!-- CF7 Modules -->\n<div style='display:none;'><input type=\"hidden\" class=\"wpcf7-form-control wpcf7-hidden\" name=\"hidden-931\" placeholder=\"\" value=\"Boa Sofa | Humberto und Fernando Campana | Edra\" \/>\n<\/div>\n<!-- End CF7 Modules -->\n\n<p><b>Kontaktieren Sie uns \u00fcber diesen Artikel<\/b>\n<\/p>\n<p>Ihre Name (Pflichtfeld)\n<\/p>\n<p><span class=\"wpcf7-form-control-wrap\" data-name=\"your-name\"><input size=\"40\" maxlength=\"400\" class=\"wpcf7-form-control wpcf7-text wpcf7-validates-as-required\" aria-required=\"true\" aria-invalid=\"false\" value=\"\" type=\"text\" name=\"your-name\" \/><\/span>\n<\/p>\n<p>Ihre Email (Pflichtfeld)\n<\/p>\n<p><span class=\"wpcf7-form-control-wrap\" data-name=\"your-email\"><input size=\"40\" maxlength=\"400\" class=\"wpcf7-form-control wpcf7-email wpcf7-validates-as-required wpcf7-text wpcf7-validates-as-email\" aria-required=\"true\" aria-invalid=\"false\" value=\"\" type=\"email\" name=\"your-email\" \/><\/span>\n<\/p>\n<p>Ihre Nachricht\n<\/p>\n<p><span class=\"wpcf7-form-control-wrap\" data-name=\"your-message\"><textarea cols=\"40\" rows=\"10\" maxlength=\"2000\" class=\"wpcf7-form-control wpcf7-textarea\" aria-invalid=\"false\" name=\"your-message\"><\/textarea><\/span>\n<\/p>\n<p>Die von Ihnen eingegebenen und mit diesem Formular gesendeten Daten werden gespeichert, aber werden nie verkauft oder an Dritte weitergegeben.\n<\/p>\n<p><span class=\"wpcf7-form-control-wrap\" data-name=\"checkbox-296\"><span class=\"wpcf7-form-control wpcf7-checkbox wpcf7-validates-as-required\"><span class=\"wpcf7-list-item first last\"><input type=\"checkbox\" name=\"checkbox-296[]\" value=\"Ich akzeptiere\" \/><span class=\"wpcf7-list-item-label\">Ich akzeptiere<\/span><\/span><\/span><\/span>\n<\/p>\n<p><input class=\"wpcf7-form-control wpcf7-submit has-spinner\" type=\"submit\" value=\"Senden\" \/>\n<\/p><div class=\"wpcf7-response-output\" aria-hidden=\"true\"><\/div>\n<\/form>\n<\/div>\n[\/vc_column][vc_column width=&#8221;1\/2&#8243;][\/vc_column][\/vc_row]<\/p>\n<\/div>","protected":false},"excerpt":{"rendered":"<p>Gro\u00dfes Sofa aus einem 90 Meter langen Schlauch aus schimmerndem blau-violett-rosa Samt, gepolstert mit Federn und Polyurethan-Teilchen.<br \/>\nMa\u00dfe: 300 x 160 cm. H\u00f6he 65 cm<br \/>\nExemplar aus 2008 in sehr gutem Zustand mit leichten Gebrauchsspuren auf Samt<\/p>\n","protected":false},"featured_media":21570,"comment_status":"closed","ping_status":"closed","template":"","meta":{"_monsterinsights_skip_tracking":false,"_monsterinsights_sitenote_active":false,"_monsterinsights_sitenote_note":"","_monsterinsights_sitenote_category":0},"product_brand":[],"product_cat":[255],"product_tag":[753],"class_list":{"0":"post-21526","1":"product","2":"type-product","3":"status-publish","4":"has-post-thumbnail","6":"product_cat-archiv-de","7":"product_tag-zeitgenoessisches-design","8":"product_shipping_class-spediteur-lieferung","10":"first","11":"outofstock","12":"taxable","13":"shipping-taxable","14":"product-type-simple"},"yoast_head":"<!-- This site is optimized with the Yoast SEO plugin v25.3.1 - https:\/\/yoast.com\/wordpress\/plugins\/seo\/ -->\n<title>Boa Sofa | Humberto und Fernando Campana | Edra | Designladen in der Schweiz<\/title>\n<meta name=\"description\" content=\"Boa Sofa von den Campana Bruder f\u00fcr Edra. Zeitgen\u00f6ssische Brasilianische Designklassiker. Lausanne, Schweiz. Designladen f\u00fcr Vintage M\u00f6bel\" \/>\n<meta name=\"robots\" content=\"index, follow, max-snippet:-1, max-image-preview:large, max-video-preview:-1\" \/>\n<link rel=\"canonical\" href=\"https:\/\/www.kissthedesign.ch\/de\/produkt\/boa-sofa-campana-bruder-edra\/\" \/>\n<meta property=\"og:locale\" content=\"de_DE\" \/>\n<meta property=\"og:type\" content=\"article\" \/>\n<meta property=\"og:title\" content=\"Boa Sofa | Humberto und Fernando Campana | Edra | Designladen in der Schweiz\" \/>\n<meta property=\"og:description\" content=\"Boa Sofa von den Campana Bruder f\u00fcr Edra. Zeitgen\u00f6ssische Brasilianische Designklassiker. Lausanne, Schweiz. Designladen f\u00fcr Vintage M\u00f6bel\" \/>\n<meta property=\"og:url\" content=\"https:\/\/www.kissthedesign.ch\/de\/produkt\/boa-sofa-campana-bruder-edra\/\" \/>\n<meta property=\"og:site_name\" content=\"kissthedesign\" \/>\n<meta property=\"article:modified_time\" content=\"2018-07-03T13:54:56+00:00\" \/>\n<meta property=\"og:image\" content=\"https:\/\/www.kissthedesign.ch\/wp\/wp-content\/uploads\/2018\/07\/boa-sofa-edra-fernando-humberto-campana.jpg\" \/>\n\t<meta property=\"og:image:width\" content=\"950\" \/>\n\t<meta property=\"og:image:height\" content=\"634\" \/>\n\t<meta property=\"og:image:type\" content=\"image\/jpeg\" \/>\n<meta name=\"twitter:label1\" content=\"Gesch\u00e4tzte Lesezeit\" \/>\n\t<meta name=\"twitter:data1\" content=\"1\u00a0Minute\" \/>\n<script type=\"application\/ld+json\" class=\"yoast-schema-graph\">{\"@context\":\"https:\/\/schema.org\",\"@graph\":[{\"@type\":\"WebPage\",\"@id\":\"https:\/\/www.kissthedesign.ch\/de\/produkt\/boa-sofa-campana-bruder-edra\/\",\"url\":\"https:\/\/www.kissthedesign.ch\/de\/produkt\/boa-sofa-campana-bruder-edra\/\",\"name\":\"Boa Sofa | Humberto und Fernando Campana | Edra | Designladen in der Schweiz\",\"isPartOf\":{\"@id\":\"https:\/\/www.kissthedesign.ch\/en\/#website\"},\"primaryImageOfPage\":{\"@id\":\"https:\/\/www.kissthedesign.ch\/de\/produkt\/boa-sofa-campana-bruder-edra\/#primaryimage\"},\"image\":{\"@id\":\"https:\/\/www.kissthedesign.ch\/de\/produkt\/boa-sofa-campana-bruder-edra\/#primaryimage\"},\"thumbnailUrl\":\"https:\/\/www.kissthedesign.ch\/wp\/wp-content\/uploads\/2018\/07\/boa-sofa-edra-fernando-humberto-campana.jpg\",\"datePublished\":\"2018-07-03T11:10:36+00:00\",\"dateModified\":\"2018-07-03T13:54:56+00:00\",\"description\":\"Boa Sofa von den Campana Bruder f\u00fcr Edra. Zeitgen\u00f6ssische Brasilianische Designklassiker. Lausanne, Schweiz. Designladen f\u00fcr Vintage M\u00f6bel\",\"breadcrumb\":{\"@id\":\"https:\/\/www.kissthedesign.ch\/de\/produkt\/boa-sofa-campana-bruder-edra\/#breadcrumb\"},\"inLanguage\":\"de\",\"potentialAction\":[{\"@type\":\"ReadAction\",\"target\":[\"https:\/\/www.kissthedesign.ch\/de\/produkt\/boa-sofa-campana-bruder-edra\/\"]}]},{\"@type\":\"ImageObject\",\"inLanguage\":\"de\",\"@id\":\"https:\/\/www.kissthedesign.ch\/de\/produkt\/boa-sofa-campana-bruder-edra\/#primaryimage\",\"url\":\"https:\/\/www.kissthedesign.ch\/wp\/wp-content\/uploads\/2018\/07\/boa-sofa-edra-fernando-humberto-campana.jpg\",\"contentUrl\":\"https:\/\/www.kissthedesign.ch\/wp\/wp-content\/uploads\/2018\/07\/boa-sofa-edra-fernando-humberto-campana.jpg\",\"width\":950,\"height\":634,\"caption\":\"Boa Sofa, Humberto & Fernando Campana, Edra\"},{\"@type\":\"BreadcrumbList\",\"@id\":\"https:\/\/www.kissthedesign.ch\/de\/produkt\/boa-sofa-campana-bruder-edra\/#breadcrumb\",\"itemListElement\":[{\"@type\":\"ListItem\",\"position\":1,\"name\":\"Accueil\",\"item\":\"https:\/\/www.kissthedesign.ch\/de\/\"},{\"@type\":\"ListItem\",\"position\":2,\"name\":\"Laden\",\"item\":\"https:\/\/www.kissthedesign.ch\/de\/laden\/\"},{\"@type\":\"ListItem\",\"position\":3,\"name\":\"Boa Sofa | Humberto und Fernando Campana | Edra\"}]},{\"@type\":\"WebSite\",\"@id\":\"https:\/\/www.kissthedesign.ch\/en\/#website\",\"url\":\"https:\/\/www.kissthedesign.ch\/en\/\",\"name\":\"kissthedesign\",\"description\":\"Kissthedesign, Lausanne, Suisse. Mobilier du XXe, design vintage\",\"publisher\":{\"@id\":\"https:\/\/www.kissthedesign.ch\/en\/#organization\"},\"potentialAction\":[{\"@type\":\"SearchAction\",\"target\":{\"@type\":\"EntryPoint\",\"urlTemplate\":\"https:\/\/www.kissthedesign.ch\/en\/?s={search_term_string}\"},\"query-input\":{\"@type\":\"PropertyValueSpecification\",\"valueRequired\":true,\"valueName\":\"search_term_string\"}}],\"inLanguage\":\"de\"},{\"@type\":\"Organization\",\"@id\":\"https:\/\/www.kissthedesign.ch\/en\/#organization\",\"name\":\"Kissthedesign\",\"url\":\"https:\/\/www.kissthedesign.ch\/en\/\",\"logo\":{\"@type\":\"ImageObject\",\"inLanguage\":\"de\",\"@id\":\"https:\/\/www.kissthedesign.ch\/en\/#\/schema\/logo\/image\/\",\"url\":\"https:\/\/www.kissthedesign.ch\/wp\/wp-content\/uploads\/2016\/08\/ktd-logo-web.jpg\",\"contentUrl\":\"https:\/\/www.kissthedesign.ch\/wp\/wp-content\/uploads\/2016\/08\/ktd-logo-web.jpg\",\"width\":450,\"height\":167,\"caption\":\"Kissthedesign\"},\"image\":{\"@id\":\"https:\/\/www.kissthedesign.ch\/en\/#\/schema\/logo\/image\/\"}}]}<\/script>\n<!-- \/ Yoast SEO plugin. -->","yoast_head_json":{"title":"Boa Sofa | Humberto und Fernando Campana | Edra | Designladen in der Schweiz","description":"Boa Sofa von den Campana Bruder f\u00fcr Edra. Zeitgen\u00f6ssische Brasilianische Designklassiker. Lausanne, Schweiz. Designladen f\u00fcr Vintage M\u00f6bel","robots":{"index":"index","follow":"follow","max-snippet":"max-snippet:-1","max-image-preview":"max-image-preview:large","max-video-preview":"max-video-preview:-1"},"canonical":"https:\/\/www.kissthedesign.ch\/de\/produkt\/boa-sofa-campana-bruder-edra\/","og_locale":"de_DE","og_type":"article","og_title":"Boa Sofa | Humberto und Fernando Campana | Edra | Designladen in der Schweiz","og_description":"Boa Sofa von den Campana Bruder f\u00fcr Edra. Zeitgen\u00f6ssische Brasilianische Designklassiker. Lausanne, Schweiz. Designladen f\u00fcr Vintage M\u00f6bel","og_url":"https:\/\/www.kissthedesign.ch\/de\/produkt\/boa-sofa-campana-bruder-edra\/","og_site_name":"kissthedesign","article_modified_time":"2018-07-03T13:54:56+00:00","og_image":[{"width":950,"height":634,"url":"https:\/\/www.kissthedesign.ch\/wp\/wp-content\/uploads\/2018\/07\/boa-sofa-edra-fernando-humberto-campana.jpg","type":"image\/jpeg"}],"twitter_misc":{"Gesch\u00e4tzte Lesezeit":"1\u00a0Minute"},"schema":{"@context":"https:\/\/schema.org","@graph":[{"@type":"WebPage","@id":"https:\/\/www.kissthedesign.ch\/de\/produkt\/boa-sofa-campana-bruder-edra\/","url":"https:\/\/www.kissthedesign.ch\/de\/produkt\/boa-sofa-campana-bruder-edra\/","name":"Boa Sofa | Humberto und Fernando Campana | Edra | Designladen in der Schweiz","isPartOf":{"@id":"https:\/\/www.kissthedesign.ch\/en\/#website"},"primaryImageOfPage":{"@id":"https:\/\/www.kissthedesign.ch\/de\/produkt\/boa-sofa-campana-bruder-edra\/#primaryimage"},"image":{"@id":"https:\/\/www.kissthedesign.ch\/de\/produkt\/boa-sofa-campana-bruder-edra\/#primaryimage"},"thumbnailUrl":"https:\/\/www.kissthedesign.ch\/wp\/wp-content\/uploads\/2018\/07\/boa-sofa-edra-fernando-humberto-campana.jpg","datePublished":"2018-07-03T11:10:36+00:00","dateModified":"2018-07-03T13:54:56+00:00","description":"Boa Sofa von den Campana Bruder f\u00fcr Edra. Zeitgen\u00f6ssische Brasilianische Designklassiker. Lausanne, Schweiz. Designladen f\u00fcr Vintage M\u00f6bel","breadcrumb":{"@id":"https:\/\/www.kissthedesign.ch\/de\/produkt\/boa-sofa-campana-bruder-edra\/#breadcrumb"},"inLanguage":"de","potentialAction":[{"@type":"ReadAction","target":["https:\/\/www.kissthedesign.ch\/de\/produkt\/boa-sofa-campana-bruder-edra\/"]}]},{"@type":"ImageObject","inLanguage":"de","@id":"https:\/\/www.kissthedesign.ch\/de\/produkt\/boa-sofa-campana-bruder-edra\/#primaryimage","url":"https:\/\/www.kissthedesign.ch\/wp\/wp-content\/uploads\/2018\/07\/boa-sofa-edra-fernando-humberto-campana.jpg","contentUrl":"https:\/\/www.kissthedesign.ch\/wp\/wp-content\/uploads\/2018\/07\/boa-sofa-edra-fernando-humberto-campana.jpg","width":950,"height":634,"caption":"Boa Sofa, Humberto & Fernando Campana, Edra"},{"@type":"BreadcrumbList","@id":"https:\/\/www.kissthedesign.ch\/de\/produkt\/boa-sofa-campana-bruder-edra\/#breadcrumb","itemListElement":[{"@type":"ListItem","position":1,"name":"Accueil","item":"https:\/\/www.kissthedesign.ch\/de\/"},{"@type":"ListItem","position":2,"name":"Laden","item":"https:\/\/www.kissthedesign.ch\/de\/laden\/"},{"@type":"ListItem","position":3,"name":"Boa Sofa | Humberto und Fernando Campana | Edra"}]},{"@type":"WebSite","@id":"https:\/\/www.kissthedesign.ch\/en\/#website","url":"https:\/\/www.kissthedesign.ch\/en\/","name":"kissthedesign","description":"Kissthedesign, Lausanne, Suisse. Mobilier du XXe, design vintage","publisher":{"@id":"https:\/\/www.kissthedesign.ch\/en\/#organization"},"potentialAction":[{"@type":"SearchAction","target":{"@type":"EntryPoint","urlTemplate":"https:\/\/www.kissthedesign.ch\/en\/?s={search_term_string}"},"query-input":{"@type":"PropertyValueSpecification","valueRequired":true,"valueName":"search_term_string"}}],"inLanguage":"de"},{"@type":"Organization","@id":"https:\/\/www.kissthedesign.ch\/en\/#organization","name":"Kissthedesign","url":"https:\/\/www.kissthedesign.ch\/en\/","logo":{"@type":"ImageObject","inLanguage":"de","@id":"https:\/\/www.kissthedesign.ch\/en\/#\/schema\/logo\/image\/","url":"https:\/\/www.kissthedesign.ch\/wp\/wp-content\/uploads\/2016\/08\/ktd-logo-web.jpg","contentUrl":"https:\/\/www.kissthedesign.ch\/wp\/wp-content\/uploads\/2016\/08\/ktd-logo-web.jpg","width":450,"height":167,"caption":"Kissthedesign"},"image":{"@id":"https:\/\/www.kissthedesign.ch\/en\/#\/schema\/logo\/image\/"}}]}},"_links":{"self":[{"href":"https:\/\/www.kissthedesign.ch\/de\/wp-json\/wp\/v2\/product\/21526","targetHints":{"allow":["GET"]}}],"collection":[{"href":"https:\/\/www.kissthedesign.ch\/de\/wp-json\/wp\/v2\/product"}],"about":[{"href":"https:\/\/www.kissthedesign.ch\/de\/wp-json\/wp\/v2\/types\/product"}],"replies":[{"embeddable":true,"href":"https:\/\/www.kissthedesign.ch\/de\/wp-json\/wp\/v2\/comments?post=21526"}],"wp:featuredmedia":[{"embeddable":true,"href":"https:\/\/www.kissthedesign.ch\/de\/wp-json\/wp\/v2\/media\/21570"}],"wp:attachment":[{"href":"https:\/\/www.kissthedesign.ch\/de\/wp-json\/wp\/v2\/media?parent=21526"}],"wp:term":[{"taxonomy":"product_brand","embeddable":true,"href":"https:\/\/www.kissthedesign.ch\/de\/wp-json\/wp\/v2\/product_brand?post=21526"},{"taxonomy":"product_cat","embeddable":true,"href":"https:\/\/www.kissthedesign.ch\/de\/wp-json\/wp\/v2\/product_cat?post=21526"},{"taxonomy":"product_tag","embeddable":true,"href":"https:\/\/www.kissthedesign.ch\/de\/wp-json\/wp\/v2\/product_tag?post=21526"}],"curies":[{"name":"wp","href":"https:\/\/api.w.org\/{rel}","templated":true}]}}