{"id":23000,"date":"2019-10-24T13:55:21","date_gmt":"2019-10-24T12:55:21","guid":{"rendered":"https:\/\/www.kissthedesign.ch\/?post_type=product&#038;p=23000"},"modified":"2019-11-02T11:55:38","modified_gmt":"2019-11-02T10:55:38","slug":"ge258-daybed-wegner-getama","status":"publish","type":"product","link":"https:\/\/www.kissthedesign.ch\/de\/produkt\/ge258-daybed-wegner-getama\/","title":{"rendered":"Daybed GE-258 | Hans J. Wegner | Getama, ca. 1950"},"content":{"rendered":"<div class=\"wpb-content-wrapper\"><p>[vc_row][vc_column][vc_column_text text_larger=&#8221;no&#8221;]<\/p>\n<h2>GE-258 daybed, Hans J. Wegner, Getama, 1950<\/h2>\n<p>Hans J. Wegner geh\u00f6rt zu den bedeutendsten d\u00e4nischen Designern des 20. Jahrhunderts. Er wird vor Allem als Sitzdesigner bekannt, er hat nicht weniger als 500 Sitzm\u00f6bel entworfen, unter dessen Ikone wie das Valet Chair, der Wishbone Stuhl, der Papa Bear Sessel, usw. Er hat mit wichtigen skandinavischen Herstellern wie u.A. Johannes Hansen, Fritz Hansen und Getama gearbeitet.<\/p>\n<p>Wenn Finn Juhl als Vorfahrer des d\u00e4nisches Modern gilt, Hans J. Wegner hat zu dem Erfolg des Stils beigetragen. Das d\u00e4nische Design hat sich in den 50er Jahren international verbreitet und war in jede moderne Einrichtung eingesetzt. Danish Modern z\u00e4hlte zu den wichtigsten Bewegungen der Zeit und bleibt immer noch ganz aktuell.<\/p>\n<p>Ein sch\u00f6nes Beispiel f\u00fcr Hans J. Wegners Arbeit, die Daybed\/Sofa GE-258 hat eine Rattan-R\u00fcckenlehne, die sich hochklappen l\u00e4sst, um sie als Bett zu nutzen. In der Sofa-Position kann der Stauraum hinter der R\u00fcckenlehne zur Aufbewahrung von Bettdecken und Kissen genutzt werden. Es wird hier mit vier Kissen angeboten, die von der Vorbesitzer anfertigen gelassen wurden.<br \/>\nSchlafsofa mit Teakholzgestell, Rattanr\u00fcckenlehne und Federkernmatratze mit blauem Stoff bezogen. Stempel des Herstellers. Sehr guter Zustand mit leichten Gebrauchsspuren.<br \/>\nMa\u00dfe 90 x 200 cm H 74 cm.<br \/>\nWird nicht mehr hergestellt[\/vc_column_text][\/vc_column][\/vc_row][vc_row css=&#8221;.vc_custom_1486823226754{padding-top: 30px !important;}&#8221;][vc_column width=&#8221;1\/2&#8243;]\n<div class=\"wpcf7 no-js\" id=\"wpcf7-f12225-o1\" lang=\"fr-FR\" dir=\"ltr\" data-wpcf7-id=\"12225\">\n<div class=\"screen-reader-response\"><p role=\"status\" aria-live=\"polite\" aria-atomic=\"true\"><\/p> <ul><\/ul><\/div>\n<form action=\"\/de\/wp-json\/wp\/v2\/product\/23000#wpcf7-f12225-o1\" method=\"post\" class=\"wpcf7-form init\" aria-label=\"Formulaire de contact\" novalidate=\"novalidate\" data-status=\"init\">\n<fieldset class=\"hidden-fields-container\"><input type=\"hidden\" name=\"_wpcf7\" value=\"12225\" \/><input type=\"hidden\" name=\"_wpcf7_version\" value=\"6.1.5\" \/><input type=\"hidden\" name=\"_wpcf7_locale\" value=\"fr_FR\" \/><input type=\"hidden\" name=\"_wpcf7_unit_tag\" value=\"wpcf7-f12225-o1\" \/><input type=\"hidden\" name=\"_wpcf7_container_post\" value=\"0\" \/><input type=\"hidden\" name=\"_wpcf7_posted_data_hash\" value=\"\" \/><input type=\"hidden\" name=\"_wpcf7_recaptcha_response\" value=\"\" \/>\n<\/fieldset>\n\n<!-- CF7 Modules -->\n<div style='display:none;'><input type=\"hidden\" class=\"wpcf7-form-control wpcf7-hidden\" name=\"hidden-931\" placeholder=\"\" value=\"Daybed GE-258 | Hans J. Wegner | Getama, ca. 1950\" \/>\n<\/div>\n<!-- End CF7 Modules -->\n\n<p><b>Kontaktieren Sie uns \u00fcber diesen Artikel<\/b>\n<\/p>\n<p>Ihre Name (Pflichtfeld)\n<\/p>\n<p><span class=\"wpcf7-form-control-wrap\" data-name=\"your-name\"><input size=\"40\" maxlength=\"400\" class=\"wpcf7-form-control wpcf7-text wpcf7-validates-as-required\" aria-required=\"true\" aria-invalid=\"false\" value=\"\" type=\"text\" name=\"your-name\" \/><\/span>\n<\/p>\n<p>Ihre Email (Pflichtfeld)\n<\/p>\n<p><span class=\"wpcf7-form-control-wrap\" data-name=\"your-email\"><input size=\"40\" maxlength=\"400\" class=\"wpcf7-form-control wpcf7-email wpcf7-validates-as-required wpcf7-text wpcf7-validates-as-email\" aria-required=\"true\" aria-invalid=\"false\" value=\"\" type=\"email\" name=\"your-email\" \/><\/span>\n<\/p>\n<p>Ihre Nachricht\n<\/p>\n<p><span class=\"wpcf7-form-control-wrap\" data-name=\"your-message\"><textarea cols=\"40\" rows=\"10\" maxlength=\"2000\" class=\"wpcf7-form-control wpcf7-textarea\" aria-invalid=\"false\" name=\"your-message\"><\/textarea><\/span>\n<\/p>\n<p>Die von Ihnen eingegebenen und mit diesem Formular gesendeten Daten werden gespeichert, aber werden nie verkauft oder an Dritte weitergegeben.\n<\/p>\n<p><span class=\"wpcf7-form-control-wrap\" data-name=\"checkbox-296\"><span class=\"wpcf7-form-control wpcf7-checkbox wpcf7-validates-as-required\"><span class=\"wpcf7-list-item first last\"><input type=\"checkbox\" name=\"checkbox-296[]\" value=\"Ich akzeptiere\" \/><span class=\"wpcf7-list-item-label\">Ich akzeptiere<\/span><\/span><\/span><\/span>\n<\/p>\n<p><input class=\"wpcf7-form-control wpcf7-submit has-spinner\" type=\"submit\" value=\"Senden\" \/>\n<\/p><div class=\"wpcf7-response-output\" aria-hidden=\"true\"><\/div>\n<\/form>\n<\/div>\n[\/vc_column][vc_column width=&#8221;1\/2&#8243;][\/vc_column][\/vc_row]<\/p>\n<\/div>","protected":false},"excerpt":{"rendered":"<p>Schlafsofa mit Teakholzgestell, Rattanr\u00fcckenlehne und Federkernmatratze mit blauem Stoff bezogen. Stempel des Herstellers. Sehr guter Zustand mit leichten Gebrauchsspuren.<br \/>\nMa\u00dfe 90 x 200 cm H 74 cm<\/p>\n","protected":false},"featured_media":23004,"comment_status":"closed","ping_status":"closed","template":"","meta":{"_monsterinsights_skip_tracking":false,"_monsterinsights_sitenote_active":false,"_monsterinsights_sitenote_note":"","_monsterinsights_sitenote_category":0},"product_brand":[],"product_cat":[255],"product_tag":[389,466],"class_list":{"0":"post-23000","1":"product","2":"type-product","3":"status-publish","4":"has-post-thumbnail","6":"product_cat-archiv-de","7":"product_tag-50er","8":"product_tag-daenisch-design","9":"product_shipping_class-wir-liefern","11":"first","12":"outofstock","13":"taxable","14":"shipping-taxable","15":"product-type-simple"},"yoast_head":"<!-- This site is optimized with the Yoast SEO plugin v25.3.1 - https:\/\/yoast.com\/wordpress\/plugins\/seo\/ -->\n<title>Daybed GE258 | Hans J. Wegner | Getama | Designklassiker | Schweiz<\/title>\n<meta name=\"description\" content=\"GE-258 Daybed, Hans J. Wegner, Getama. D\u00e4nisches Design aus den 50er Jahren. Designklassiker. Kissthedesign, Schweiz. Designladen f\u00fcr vintage M\u00f6bel\" \/>\n<meta name=\"robots\" content=\"index, follow, max-snippet:-1, max-image-preview:large, max-video-preview:-1\" \/>\n<link rel=\"canonical\" href=\"https:\/\/www.kissthedesign.ch\/de\/produkt\/ge258-daybed-wegner-getama\/\" \/>\n<meta property=\"og:locale\" content=\"de_DE\" \/>\n<meta property=\"og:type\" content=\"article\" \/>\n<meta property=\"og:title\" content=\"Daybed GE258 | Hans J. Wegner | Getama | Designklassiker | Schweiz\" \/>\n<meta property=\"og:description\" content=\"GE-258 Daybed, Hans J. Wegner, Getama. D\u00e4nisches Design aus den 50er Jahren. Designklassiker. Kissthedesign, Schweiz. Designladen f\u00fcr vintage M\u00f6bel\" \/>\n<meta property=\"og:url\" content=\"https:\/\/www.kissthedesign.ch\/de\/produkt\/ge258-daybed-wegner-getama\/\" \/>\n<meta property=\"og:site_name\" content=\"kissthedesign\" \/>\n<meta property=\"article:modified_time\" content=\"2019-11-02T10:55:38+00:00\" \/>\n<meta property=\"og:image\" content=\"https:\/\/www.kissthedesign.ch\/wp\/wp-content\/uploads\/2019\/10\/daybed-GE-258-getama-hans-wegner.jpg\" \/>\n\t<meta property=\"og:image:width\" content=\"900\" \/>\n\t<meta property=\"og:image:height\" content=\"600\" \/>\n\t<meta property=\"og:image:type\" content=\"image\/jpeg\" \/>\n<meta name=\"twitter:label1\" content=\"Gesch\u00e4tzte Lesezeit\" \/>\n\t<meta name=\"twitter:data1\" content=\"1\u00a0Minute\" \/>\n<script type=\"application\/ld+json\" class=\"yoast-schema-graph\">{\"@context\":\"https:\/\/schema.org\",\"@graph\":[{\"@type\":\"WebPage\",\"@id\":\"https:\/\/www.kissthedesign.ch\/de\/produkt\/ge258-daybed-wegner-getama\/\",\"url\":\"https:\/\/www.kissthedesign.ch\/de\/produkt\/ge258-daybed-wegner-getama\/\",\"name\":\"Daybed GE258 | Hans J. Wegner | Getama | Designklassiker | Schweiz\",\"isPartOf\":{\"@id\":\"https:\/\/www.kissthedesign.ch\/en\/#website\"},\"primaryImageOfPage\":{\"@id\":\"https:\/\/www.kissthedesign.ch\/de\/produkt\/ge258-daybed-wegner-getama\/#primaryimage\"},\"image\":{\"@id\":\"https:\/\/www.kissthedesign.ch\/de\/produkt\/ge258-daybed-wegner-getama\/#primaryimage\"},\"thumbnailUrl\":\"https:\/\/www.kissthedesign.ch\/wp\/wp-content\/uploads\/2019\/10\/daybed-GE-258-getama-hans-wegner.jpg\",\"datePublished\":\"2019-10-24T12:55:21+00:00\",\"dateModified\":\"2019-11-02T10:55:38+00:00\",\"description\":\"GE-258 Daybed, Hans J. Wegner, Getama. D\u00e4nisches Design aus den 50er Jahren. Designklassiker. Kissthedesign, Schweiz. Designladen f\u00fcr vintage M\u00f6bel\",\"breadcrumb\":{\"@id\":\"https:\/\/www.kissthedesign.ch\/de\/produkt\/ge258-daybed-wegner-getama\/#breadcrumb\"},\"inLanguage\":\"de\",\"potentialAction\":[{\"@type\":\"ReadAction\",\"target\":[\"https:\/\/www.kissthedesign.ch\/de\/produkt\/ge258-daybed-wegner-getama\/\"]}]},{\"@type\":\"ImageObject\",\"inLanguage\":\"de\",\"@id\":\"https:\/\/www.kissthedesign.ch\/de\/produkt\/ge258-daybed-wegner-getama\/#primaryimage\",\"url\":\"https:\/\/www.kissthedesign.ch\/wp\/wp-content\/uploads\/2019\/10\/daybed-GE-258-getama-hans-wegner.jpg\",\"contentUrl\":\"https:\/\/www.kissthedesign.ch\/wp\/wp-content\/uploads\/2019\/10\/daybed-GE-258-getama-hans-wegner.jpg\",\"width\":900,\"height\":600,\"caption\":\"Sofa GE-258, Hans J Wegner, Getama\"},{\"@type\":\"BreadcrumbList\",\"@id\":\"https:\/\/www.kissthedesign.ch\/de\/produkt\/ge258-daybed-wegner-getama\/#breadcrumb\",\"itemListElement\":[{\"@type\":\"ListItem\",\"position\":1,\"name\":\"Accueil\",\"item\":\"https:\/\/www.kissthedesign.ch\/de\/\"},{\"@type\":\"ListItem\",\"position\":2,\"name\":\"Laden\",\"item\":\"https:\/\/www.kissthedesign.ch\/de\/laden\/\"},{\"@type\":\"ListItem\",\"position\":3,\"name\":\"Daybed GE-258 | Hans J. Wegner | Getama, ca. 1950\"}]},{\"@type\":\"WebSite\",\"@id\":\"https:\/\/www.kissthedesign.ch\/en\/#website\",\"url\":\"https:\/\/www.kissthedesign.ch\/en\/\",\"name\":\"kissthedesign\",\"description\":\"Kissthedesign, Lausanne, Suisse. Mobilier du XXe, design vintage\",\"publisher\":{\"@id\":\"https:\/\/www.kissthedesign.ch\/en\/#organization\"},\"potentialAction\":[{\"@type\":\"SearchAction\",\"target\":{\"@type\":\"EntryPoint\",\"urlTemplate\":\"https:\/\/www.kissthedesign.ch\/en\/?s={search_term_string}\"},\"query-input\":{\"@type\":\"PropertyValueSpecification\",\"valueRequired\":true,\"valueName\":\"search_term_string\"}}],\"inLanguage\":\"de\"},{\"@type\":\"Organization\",\"@id\":\"https:\/\/www.kissthedesign.ch\/en\/#organization\",\"name\":\"Kissthedesign\",\"url\":\"https:\/\/www.kissthedesign.ch\/en\/\",\"logo\":{\"@type\":\"ImageObject\",\"inLanguage\":\"de\",\"@id\":\"https:\/\/www.kissthedesign.ch\/en\/#\/schema\/logo\/image\/\",\"url\":\"https:\/\/www.kissthedesign.ch\/wp\/wp-content\/uploads\/2016\/08\/ktd-logo-web.jpg\",\"contentUrl\":\"https:\/\/www.kissthedesign.ch\/wp\/wp-content\/uploads\/2016\/08\/ktd-logo-web.jpg\",\"width\":450,\"height\":167,\"caption\":\"Kissthedesign\"},\"image\":{\"@id\":\"https:\/\/www.kissthedesign.ch\/en\/#\/schema\/logo\/image\/\"}}]}<\/script>\n<!-- \/ Yoast SEO plugin. -->","yoast_head_json":{"title":"Daybed GE258 | Hans J. Wegner | Getama | Designklassiker | Schweiz","description":"GE-258 Daybed, Hans J. Wegner, Getama. D\u00e4nisches Design aus den 50er Jahren. Designklassiker. Kissthedesign, Schweiz. Designladen f\u00fcr vintage M\u00f6bel","robots":{"index":"index","follow":"follow","max-snippet":"max-snippet:-1","max-image-preview":"max-image-preview:large","max-video-preview":"max-video-preview:-1"},"canonical":"https:\/\/www.kissthedesign.ch\/de\/produkt\/ge258-daybed-wegner-getama\/","og_locale":"de_DE","og_type":"article","og_title":"Daybed GE258 | Hans J. Wegner | Getama | Designklassiker | Schweiz","og_description":"GE-258 Daybed, Hans J. Wegner, Getama. D\u00e4nisches Design aus den 50er Jahren. Designklassiker. Kissthedesign, Schweiz. Designladen f\u00fcr vintage M\u00f6bel","og_url":"https:\/\/www.kissthedesign.ch\/de\/produkt\/ge258-daybed-wegner-getama\/","og_site_name":"kissthedesign","article_modified_time":"2019-11-02T10:55:38+00:00","og_image":[{"width":900,"height":600,"url":"https:\/\/www.kissthedesign.ch\/wp\/wp-content\/uploads\/2019\/10\/daybed-GE-258-getama-hans-wegner.jpg","type":"image\/jpeg"}],"twitter_misc":{"Gesch\u00e4tzte Lesezeit":"1\u00a0Minute"},"schema":{"@context":"https:\/\/schema.org","@graph":[{"@type":"WebPage","@id":"https:\/\/www.kissthedesign.ch\/de\/produkt\/ge258-daybed-wegner-getama\/","url":"https:\/\/www.kissthedesign.ch\/de\/produkt\/ge258-daybed-wegner-getama\/","name":"Daybed GE258 | Hans J. Wegner | Getama | Designklassiker | Schweiz","isPartOf":{"@id":"https:\/\/www.kissthedesign.ch\/en\/#website"},"primaryImageOfPage":{"@id":"https:\/\/www.kissthedesign.ch\/de\/produkt\/ge258-daybed-wegner-getama\/#primaryimage"},"image":{"@id":"https:\/\/www.kissthedesign.ch\/de\/produkt\/ge258-daybed-wegner-getama\/#primaryimage"},"thumbnailUrl":"https:\/\/www.kissthedesign.ch\/wp\/wp-content\/uploads\/2019\/10\/daybed-GE-258-getama-hans-wegner.jpg","datePublished":"2019-10-24T12:55:21+00:00","dateModified":"2019-11-02T10:55:38+00:00","description":"GE-258 Daybed, Hans J. Wegner, Getama. D\u00e4nisches Design aus den 50er Jahren. Designklassiker. Kissthedesign, Schweiz. Designladen f\u00fcr vintage M\u00f6bel","breadcrumb":{"@id":"https:\/\/www.kissthedesign.ch\/de\/produkt\/ge258-daybed-wegner-getama\/#breadcrumb"},"inLanguage":"de","potentialAction":[{"@type":"ReadAction","target":["https:\/\/www.kissthedesign.ch\/de\/produkt\/ge258-daybed-wegner-getama\/"]}]},{"@type":"ImageObject","inLanguage":"de","@id":"https:\/\/www.kissthedesign.ch\/de\/produkt\/ge258-daybed-wegner-getama\/#primaryimage","url":"https:\/\/www.kissthedesign.ch\/wp\/wp-content\/uploads\/2019\/10\/daybed-GE-258-getama-hans-wegner.jpg","contentUrl":"https:\/\/www.kissthedesign.ch\/wp\/wp-content\/uploads\/2019\/10\/daybed-GE-258-getama-hans-wegner.jpg","width":900,"height":600,"caption":"Sofa GE-258, Hans J Wegner, Getama"},{"@type":"BreadcrumbList","@id":"https:\/\/www.kissthedesign.ch\/de\/produkt\/ge258-daybed-wegner-getama\/#breadcrumb","itemListElement":[{"@type":"ListItem","position":1,"name":"Accueil","item":"https:\/\/www.kissthedesign.ch\/de\/"},{"@type":"ListItem","position":2,"name":"Laden","item":"https:\/\/www.kissthedesign.ch\/de\/laden\/"},{"@type":"ListItem","position":3,"name":"Daybed GE-258 | Hans J. Wegner | Getama, ca. 1950"}]},{"@type":"WebSite","@id":"https:\/\/www.kissthedesign.ch\/en\/#website","url":"https:\/\/www.kissthedesign.ch\/en\/","name":"kissthedesign","description":"Kissthedesign, Lausanne, Suisse. Mobilier du XXe, design vintage","publisher":{"@id":"https:\/\/www.kissthedesign.ch\/en\/#organization"},"potentialAction":[{"@type":"SearchAction","target":{"@type":"EntryPoint","urlTemplate":"https:\/\/www.kissthedesign.ch\/en\/?s={search_term_string}"},"query-input":{"@type":"PropertyValueSpecification","valueRequired":true,"valueName":"search_term_string"}}],"inLanguage":"de"},{"@type":"Organization","@id":"https:\/\/www.kissthedesign.ch\/en\/#organization","name":"Kissthedesign","url":"https:\/\/www.kissthedesign.ch\/en\/","logo":{"@type":"ImageObject","inLanguage":"de","@id":"https:\/\/www.kissthedesign.ch\/en\/#\/schema\/logo\/image\/","url":"https:\/\/www.kissthedesign.ch\/wp\/wp-content\/uploads\/2016\/08\/ktd-logo-web.jpg","contentUrl":"https:\/\/www.kissthedesign.ch\/wp\/wp-content\/uploads\/2016\/08\/ktd-logo-web.jpg","width":450,"height":167,"caption":"Kissthedesign"},"image":{"@id":"https:\/\/www.kissthedesign.ch\/en\/#\/schema\/logo\/image\/"}}]}},"_links":{"self":[{"href":"https:\/\/www.kissthedesign.ch\/de\/wp-json\/wp\/v2\/product\/23000","targetHints":{"allow":["GET"]}}],"collection":[{"href":"https:\/\/www.kissthedesign.ch\/de\/wp-json\/wp\/v2\/product"}],"about":[{"href":"https:\/\/www.kissthedesign.ch\/de\/wp-json\/wp\/v2\/types\/product"}],"replies":[{"embeddable":true,"href":"https:\/\/www.kissthedesign.ch\/de\/wp-json\/wp\/v2\/comments?post=23000"}],"wp:featuredmedia":[{"embeddable":true,"href":"https:\/\/www.kissthedesign.ch\/de\/wp-json\/wp\/v2\/media\/23004"}],"wp:attachment":[{"href":"https:\/\/www.kissthedesign.ch\/de\/wp-json\/wp\/v2\/media?parent=23000"}],"wp:term":[{"taxonomy":"product_brand","embeddable":true,"href":"https:\/\/www.kissthedesign.ch\/de\/wp-json\/wp\/v2\/product_brand?post=23000"},{"taxonomy":"product_cat","embeddable":true,"href":"https:\/\/www.kissthedesign.ch\/de\/wp-json\/wp\/v2\/product_cat?post=23000"},{"taxonomy":"product_tag","embeddable":true,"href":"https:\/\/www.kissthedesign.ch\/de\/wp-json\/wp\/v2\/product_tag?post=23000"}],"curies":[{"name":"wp","href":"https:\/\/api.w.org\/{rel}","templated":true}]}}