{"id":23021,"date":"2019-10-24T14:41:35","date_gmt":"2019-10-24T13:41:36","guid":{"rendered":"https:\/\/www.kissthedesign.ch\/?post_type=product&#038;p=23021"},"modified":"2019-10-27T14:18:49","modified_gmt":"2019-10-27T13:18:49","slug":"bjorn-wiinblad-keramik-tisch","status":"publish","type":"product","link":"https:\/\/www.kissthedesign.ch\/de\/produkt\/bjorn-wiinblad-keramik-tisch\/","title":{"rendered":"Grosser Keramiktisch  | Bj\u00f8rn Wiinblad | Haslev ca. 1950"},"content":{"rendered":"<div class=\"wpb-content-wrapper\"><p>[vc_row][vc_column][vc_column_text text_larger=&#8221;no&#8221;]<\/p>\n<h2>Keramik-Couchtisch von Bj\u00f8rn Wiinblad, Haslev, um 1950.<\/h2>\n<p>Seltener Couchtisch von Bj\u00f8rn Wiinblad mit Gestell aus Teakholz und Platte aus Keramikfliesen in den Farben grau, blau und gr\u00fcn mit goldenem Dekor. Der bekannte D\u00e4nische Keramikk\u00fcnstler hat nur sehr wenige Tische mit diesem Muster hergestellt, und jeder einzelne ist einzigartig, weil die Fliesen handgefertigt sind. Mit seinen satten und kr\u00e4ftigen Farben &#8211; manchmal fast psychedelisch &#8211; erg\u00e4nzt durch Gold, ist die hier erh\u00e4ltliche Exemplar Ikonisch f\u00fcr Wiinblads Werk. Unter der Tischplatte ist eine Messingschild mit der Unterschrift des K\u00fcnstlers befestigt.<br \/>\nWird nicht mehr hergestellt.<\/p>\n<p>Bj\u00f8rn Wiinblad (1918 &#8211; 2006), war ein d\u00e4nischer Maler, Designer und K\u00fcnstler, der in den Bereichen Keramik, Silber, Bronze, Textil und Grafik arbeitete. Seine Arbeiten wurden 1954 in Europa, den Vereinigten Staaten von Amerika und 1968 in Japan, Australien und Kanada ausgestellt. Wiinblad wurde 1985 in New York zum Mann des Jahres gew\u00e4hlt und erhielt 1995 den Kulturpreis der Scandinavian-American Foundation.<\/p>\n<p>Unter den vielen Werken von Bj\u00f8rn Wiinblad sind seine Illustrationen f\u00fcr Hans Christian Anderson&#8217;s &#8220;The Pig Boy&#8221;, die Plakate der Tivoli Gardens in Kopenhagen oder des Royal Danish Ballet zu nennen. Er entwarf auch Porzellan f\u00fcr Rosenthal und seine Textilarbeiten wurden f\u00fcr die Kost\u00fcme vieler Ballette verwendet.[\/vc_column_text][\/vc_column][\/vc_row][vc_row css=&#8221;.vc_custom_1540570020506{padding-top: 30px !important;}&#8221;][vc_column width=&#8221;1\/2&#8243;]\n<div class=\"wpcf7 no-js\" id=\"wpcf7-f12225-o1\" lang=\"fr-FR\" dir=\"ltr\" data-wpcf7-id=\"12225\">\n<div class=\"screen-reader-response\"><p role=\"status\" aria-live=\"polite\" aria-atomic=\"true\"><\/p> <ul><\/ul><\/div>\n<form action=\"\/de\/wp-json\/wp\/v2\/product\/23021#wpcf7-f12225-o1\" method=\"post\" class=\"wpcf7-form init\" aria-label=\"Formulaire de contact\" novalidate=\"novalidate\" data-status=\"init\">\n<fieldset class=\"hidden-fields-container\"><input type=\"hidden\" name=\"_wpcf7\" value=\"12225\" \/><input type=\"hidden\" name=\"_wpcf7_version\" value=\"6.1.5\" \/><input type=\"hidden\" name=\"_wpcf7_locale\" value=\"fr_FR\" \/><input type=\"hidden\" name=\"_wpcf7_unit_tag\" value=\"wpcf7-f12225-o1\" \/><input type=\"hidden\" name=\"_wpcf7_container_post\" value=\"0\" \/><input type=\"hidden\" name=\"_wpcf7_posted_data_hash\" value=\"\" \/><input type=\"hidden\" name=\"_wpcf7_recaptcha_response\" value=\"\" \/>\n<\/fieldset>\n\n<!-- CF7 Modules -->\n<div style='display:none;'><input type=\"hidden\" class=\"wpcf7-form-control wpcf7-hidden\" name=\"hidden-931\" placeholder=\"\" value=\"Grosser Keramiktisch  | Bj\u00f8rn Wiinblad | Haslev ca. 1950\" \/>\n<\/div>\n<!-- End CF7 Modules -->\n\n<p><b>Kontaktieren Sie uns \u00fcber diesen Artikel<\/b>\n<\/p>\n<p>Ihre Name (Pflichtfeld)\n<\/p>\n<p><span class=\"wpcf7-form-control-wrap\" data-name=\"your-name\"><input size=\"40\" maxlength=\"400\" class=\"wpcf7-form-control wpcf7-text wpcf7-validates-as-required\" aria-required=\"true\" aria-invalid=\"false\" value=\"\" type=\"text\" name=\"your-name\" \/><\/span>\n<\/p>\n<p>Ihre Email (Pflichtfeld)\n<\/p>\n<p><span class=\"wpcf7-form-control-wrap\" data-name=\"your-email\"><input size=\"40\" maxlength=\"400\" class=\"wpcf7-form-control wpcf7-email wpcf7-validates-as-required wpcf7-text wpcf7-validates-as-email\" aria-required=\"true\" aria-invalid=\"false\" value=\"\" type=\"email\" name=\"your-email\" \/><\/span>\n<\/p>\n<p>Ihre Nachricht\n<\/p>\n<p><span class=\"wpcf7-form-control-wrap\" data-name=\"your-message\"><textarea cols=\"40\" rows=\"10\" maxlength=\"2000\" class=\"wpcf7-form-control wpcf7-textarea\" aria-invalid=\"false\" name=\"your-message\"><\/textarea><\/span>\n<\/p>\n<p>Die von Ihnen eingegebenen und mit diesem Formular gesendeten Daten werden gespeichert, aber werden nie verkauft oder an Dritte weitergegeben.\n<\/p>\n<p><span class=\"wpcf7-form-control-wrap\" data-name=\"checkbox-296\"><span class=\"wpcf7-form-control wpcf7-checkbox wpcf7-validates-as-required\"><span class=\"wpcf7-list-item first last\"><input type=\"checkbox\" name=\"checkbox-296[]\" value=\"Ich akzeptiere\" \/><span class=\"wpcf7-list-item-label\">Ich akzeptiere<\/span><\/span><\/span><\/span>\n<\/p>\n<p><input class=\"wpcf7-form-control wpcf7-submit has-spinner\" type=\"submit\" value=\"Senden\" \/>\n<\/p><div class=\"wpcf7-response-output\" aria-hidden=\"true\"><\/div>\n<\/form>\n<\/div>\n[\/vc_column][vc_column width=&#8221;1\/2&#8243;][\/vc_column][\/vc_row]<\/p>\n<\/div>","protected":false},"excerpt":{"rendered":"<p>Hochwertiger Couchtisch mit Gestell aus Teakholz und Platte aus Keramikfliesen in den Farben Grau, Blau und Gr\u00fcn mit goldenem Dekor. Plakette mit der Unterschrift des K\u00fcnstlers. Sehr guter Zustand mit leichten Gebrauchsspuren auf dem Holz.<br \/>\nMa\u00dfe 150 x 68 cm H 50 cm<\/p>\n","protected":false},"featured_media":23028,"comment_status":"closed","ping_status":"closed","template":"","meta":{"_monsterinsights_skip_tracking":false,"_monsterinsights_sitenote_active":false,"_monsterinsights_sitenote_note":"","_monsterinsights_sitenote_category":0},"product_brand":[],"product_cat":[76,69],"product_tag":[390,466,484],"class_list":{"0":"post-23021","1":"product","2":"type-product","3":"status-publish","4":"has-post-thumbnail","6":"product_cat-tische-und-schraenke","7":"product_cat-vintage-designklassiker","8":"product_tag-60er","9":"product_tag-daenisch-design","10":"product_tag-luxus-design","11":"product_shipping_class-spediteur-lieferung","13":"first","14":"instock","15":"taxable","16":"shipping-taxable","17":"purchasable","18":"product-type-simple"},"yoast_head":"<!-- This site is optimized with the Yoast SEO plugin v25.3.1 - https:\/\/yoast.com\/wordpress\/plugins\/seo\/ -->\n<title>Keramiktisch | Bj\u00f8rn Wiinblad | Designklassiker | Schweiz<\/title>\n<meta name=\"description\" content=\"Keramiktisch von Bj\u00f8rn Wiinblad. Skandinavisches Design aus den 50er Jahren. Galerie Kissthedesign, Lausanne, Schweiz. Sammlerst\u00fcck\" \/>\n<meta name=\"robots\" content=\"index, follow, max-snippet:-1, max-image-preview:large, max-video-preview:-1\" \/>\n<link rel=\"canonical\" href=\"https:\/\/www.kissthedesign.ch\/de\/produkt\/bjorn-wiinblad-keramik-tisch\/\" \/>\n<meta property=\"og:locale\" content=\"de_DE\" \/>\n<meta property=\"og:type\" content=\"article\" \/>\n<meta property=\"og:title\" content=\"Keramiktisch | Bj\u00f8rn Wiinblad | Designklassiker | Schweiz\" \/>\n<meta property=\"og:description\" content=\"Keramiktisch von Bj\u00f8rn Wiinblad. Skandinavisches Design aus den 50er Jahren. Galerie Kissthedesign, Lausanne, Schweiz. Sammlerst\u00fcck\" \/>\n<meta property=\"og:url\" content=\"https:\/\/www.kissthedesign.ch\/de\/produkt\/bjorn-wiinblad-keramik-tisch\/\" \/>\n<meta property=\"og:site_name\" content=\"kissthedesign\" \/>\n<meta property=\"article:modified_time\" content=\"2019-10-27T13:18:49+00:00\" \/>\n<meta property=\"og:image\" content=\"https:\/\/www.kissthedesign.ch\/wp\/wp-content\/uploads\/2019\/10\/bjorn-Wiinblad-keramik-tisch.jpg\" \/>\n\t<meta property=\"og:image:width\" content=\"900\" \/>\n\t<meta property=\"og:image:height\" content=\"600\" \/>\n\t<meta property=\"og:image:type\" content=\"image\/jpeg\" \/>\n<meta name=\"twitter:label1\" content=\"Gesch\u00e4tzte Lesezeit\" \/>\n\t<meta name=\"twitter:data1\" content=\"1\u00a0Minute\" \/>\n<script type=\"application\/ld+json\" class=\"yoast-schema-graph\">{\"@context\":\"https:\/\/schema.org\",\"@graph\":[{\"@type\":\"WebPage\",\"@id\":\"https:\/\/www.kissthedesign.ch\/de\/produkt\/bjorn-wiinblad-keramik-tisch\/\",\"url\":\"https:\/\/www.kissthedesign.ch\/de\/produkt\/bjorn-wiinblad-keramik-tisch\/\",\"name\":\"Keramiktisch | Bj\u00f8rn Wiinblad | Designklassiker | Schweiz\",\"isPartOf\":{\"@id\":\"https:\/\/www.kissthedesign.ch\/en\/#website\"},\"primaryImageOfPage\":{\"@id\":\"https:\/\/www.kissthedesign.ch\/de\/produkt\/bjorn-wiinblad-keramik-tisch\/#primaryimage\"},\"image\":{\"@id\":\"https:\/\/www.kissthedesign.ch\/de\/produkt\/bjorn-wiinblad-keramik-tisch\/#primaryimage\"},\"thumbnailUrl\":\"https:\/\/www.kissthedesign.ch\/wp\/wp-content\/uploads\/2019\/10\/bjorn-Wiinblad-keramik-tisch.jpg\",\"datePublished\":\"2019-10-24T13:41:36+00:00\",\"dateModified\":\"2019-10-27T13:18:49+00:00\",\"description\":\"Keramiktisch von Bj\u00f8rn Wiinblad. Skandinavisches Design aus den 50er Jahren. Galerie Kissthedesign, Lausanne, Schweiz. Sammlerst\u00fcck\",\"breadcrumb\":{\"@id\":\"https:\/\/www.kissthedesign.ch\/de\/produkt\/bjorn-wiinblad-keramik-tisch\/#breadcrumb\"},\"inLanguage\":\"de\",\"potentialAction\":[{\"@type\":\"ReadAction\",\"target\":[\"https:\/\/www.kissthedesign.ch\/de\/produkt\/bjorn-wiinblad-keramik-tisch\/\"]}]},{\"@type\":\"ImageObject\",\"inLanguage\":\"de\",\"@id\":\"https:\/\/www.kissthedesign.ch\/de\/produkt\/bjorn-wiinblad-keramik-tisch\/#primaryimage\",\"url\":\"https:\/\/www.kissthedesign.ch\/wp\/wp-content\/uploads\/2019\/10\/bjorn-Wiinblad-keramik-tisch.jpg\",\"contentUrl\":\"https:\/\/www.kissthedesign.ch\/wp\/wp-content\/uploads\/2019\/10\/bjorn-Wiinblad-keramik-tisch.jpg\",\"width\":900,\"height\":600,\"caption\":\"Bjorn Wiinblad, keramik Tisch\"},{\"@type\":\"BreadcrumbList\",\"@id\":\"https:\/\/www.kissthedesign.ch\/de\/produkt\/bjorn-wiinblad-keramik-tisch\/#breadcrumb\",\"itemListElement\":[{\"@type\":\"ListItem\",\"position\":1,\"name\":\"Accueil\",\"item\":\"https:\/\/www.kissthedesign.ch\/de\/\"},{\"@type\":\"ListItem\",\"position\":2,\"name\":\"Laden\",\"item\":\"https:\/\/www.kissthedesign.ch\/de\/laden\/\"},{\"@type\":\"ListItem\",\"position\":3,\"name\":\"Grosser Keramiktisch | Bj\u00f8rn Wiinblad | Haslev ca. 1950\"}]},{\"@type\":\"WebSite\",\"@id\":\"https:\/\/www.kissthedesign.ch\/en\/#website\",\"url\":\"https:\/\/www.kissthedesign.ch\/en\/\",\"name\":\"kissthedesign\",\"description\":\"Kissthedesign, Lausanne, Suisse. Mobilier du XXe, design vintage\",\"publisher\":{\"@id\":\"https:\/\/www.kissthedesign.ch\/en\/#organization\"},\"potentialAction\":[{\"@type\":\"SearchAction\",\"target\":{\"@type\":\"EntryPoint\",\"urlTemplate\":\"https:\/\/www.kissthedesign.ch\/en\/?s={search_term_string}\"},\"query-input\":{\"@type\":\"PropertyValueSpecification\",\"valueRequired\":true,\"valueName\":\"search_term_string\"}}],\"inLanguage\":\"de\"},{\"@type\":\"Organization\",\"@id\":\"https:\/\/www.kissthedesign.ch\/en\/#organization\",\"name\":\"Kissthedesign\",\"url\":\"https:\/\/www.kissthedesign.ch\/en\/\",\"logo\":{\"@type\":\"ImageObject\",\"inLanguage\":\"de\",\"@id\":\"https:\/\/www.kissthedesign.ch\/en\/#\/schema\/logo\/image\/\",\"url\":\"https:\/\/www.kissthedesign.ch\/wp\/wp-content\/uploads\/2016\/08\/ktd-logo-web.jpg\",\"contentUrl\":\"https:\/\/www.kissthedesign.ch\/wp\/wp-content\/uploads\/2016\/08\/ktd-logo-web.jpg\",\"width\":450,\"height\":167,\"caption\":\"Kissthedesign\"},\"image\":{\"@id\":\"https:\/\/www.kissthedesign.ch\/en\/#\/schema\/logo\/image\/\"}}]}<\/script>\n<!-- \/ Yoast SEO plugin. -->","yoast_head_json":{"title":"Keramiktisch | Bj\u00f8rn Wiinblad | Designklassiker | Schweiz","description":"Keramiktisch von Bj\u00f8rn Wiinblad. Skandinavisches Design aus den 50er Jahren. Galerie Kissthedesign, Lausanne, Schweiz. Sammlerst\u00fcck","robots":{"index":"index","follow":"follow","max-snippet":"max-snippet:-1","max-image-preview":"max-image-preview:large","max-video-preview":"max-video-preview:-1"},"canonical":"https:\/\/www.kissthedesign.ch\/de\/produkt\/bjorn-wiinblad-keramik-tisch\/","og_locale":"de_DE","og_type":"article","og_title":"Keramiktisch | Bj\u00f8rn Wiinblad | Designklassiker | Schweiz","og_description":"Keramiktisch von Bj\u00f8rn Wiinblad. Skandinavisches Design aus den 50er Jahren. Galerie Kissthedesign, Lausanne, Schweiz. Sammlerst\u00fcck","og_url":"https:\/\/www.kissthedesign.ch\/de\/produkt\/bjorn-wiinblad-keramik-tisch\/","og_site_name":"kissthedesign","article_modified_time":"2019-10-27T13:18:49+00:00","og_image":[{"width":900,"height":600,"url":"https:\/\/www.kissthedesign.ch\/wp\/wp-content\/uploads\/2019\/10\/bjorn-Wiinblad-keramik-tisch.jpg","type":"image\/jpeg"}],"twitter_misc":{"Gesch\u00e4tzte Lesezeit":"1\u00a0Minute"},"schema":{"@context":"https:\/\/schema.org","@graph":[{"@type":"WebPage","@id":"https:\/\/www.kissthedesign.ch\/de\/produkt\/bjorn-wiinblad-keramik-tisch\/","url":"https:\/\/www.kissthedesign.ch\/de\/produkt\/bjorn-wiinblad-keramik-tisch\/","name":"Keramiktisch | Bj\u00f8rn Wiinblad | Designklassiker | Schweiz","isPartOf":{"@id":"https:\/\/www.kissthedesign.ch\/en\/#website"},"primaryImageOfPage":{"@id":"https:\/\/www.kissthedesign.ch\/de\/produkt\/bjorn-wiinblad-keramik-tisch\/#primaryimage"},"image":{"@id":"https:\/\/www.kissthedesign.ch\/de\/produkt\/bjorn-wiinblad-keramik-tisch\/#primaryimage"},"thumbnailUrl":"https:\/\/www.kissthedesign.ch\/wp\/wp-content\/uploads\/2019\/10\/bjorn-Wiinblad-keramik-tisch.jpg","datePublished":"2019-10-24T13:41:36+00:00","dateModified":"2019-10-27T13:18:49+00:00","description":"Keramiktisch von Bj\u00f8rn Wiinblad. Skandinavisches Design aus den 50er Jahren. Galerie Kissthedesign, Lausanne, Schweiz. Sammlerst\u00fcck","breadcrumb":{"@id":"https:\/\/www.kissthedesign.ch\/de\/produkt\/bjorn-wiinblad-keramik-tisch\/#breadcrumb"},"inLanguage":"de","potentialAction":[{"@type":"ReadAction","target":["https:\/\/www.kissthedesign.ch\/de\/produkt\/bjorn-wiinblad-keramik-tisch\/"]}]},{"@type":"ImageObject","inLanguage":"de","@id":"https:\/\/www.kissthedesign.ch\/de\/produkt\/bjorn-wiinblad-keramik-tisch\/#primaryimage","url":"https:\/\/www.kissthedesign.ch\/wp\/wp-content\/uploads\/2019\/10\/bjorn-Wiinblad-keramik-tisch.jpg","contentUrl":"https:\/\/www.kissthedesign.ch\/wp\/wp-content\/uploads\/2019\/10\/bjorn-Wiinblad-keramik-tisch.jpg","width":900,"height":600,"caption":"Bjorn Wiinblad, keramik Tisch"},{"@type":"BreadcrumbList","@id":"https:\/\/www.kissthedesign.ch\/de\/produkt\/bjorn-wiinblad-keramik-tisch\/#breadcrumb","itemListElement":[{"@type":"ListItem","position":1,"name":"Accueil","item":"https:\/\/www.kissthedesign.ch\/de\/"},{"@type":"ListItem","position":2,"name":"Laden","item":"https:\/\/www.kissthedesign.ch\/de\/laden\/"},{"@type":"ListItem","position":3,"name":"Grosser Keramiktisch | Bj\u00f8rn Wiinblad | Haslev ca. 1950"}]},{"@type":"WebSite","@id":"https:\/\/www.kissthedesign.ch\/en\/#website","url":"https:\/\/www.kissthedesign.ch\/en\/","name":"kissthedesign","description":"Kissthedesign, Lausanne, Suisse. Mobilier du XXe, design vintage","publisher":{"@id":"https:\/\/www.kissthedesign.ch\/en\/#organization"},"potentialAction":[{"@type":"SearchAction","target":{"@type":"EntryPoint","urlTemplate":"https:\/\/www.kissthedesign.ch\/en\/?s={search_term_string}"},"query-input":{"@type":"PropertyValueSpecification","valueRequired":true,"valueName":"search_term_string"}}],"inLanguage":"de"},{"@type":"Organization","@id":"https:\/\/www.kissthedesign.ch\/en\/#organization","name":"Kissthedesign","url":"https:\/\/www.kissthedesign.ch\/en\/","logo":{"@type":"ImageObject","inLanguage":"de","@id":"https:\/\/www.kissthedesign.ch\/en\/#\/schema\/logo\/image\/","url":"https:\/\/www.kissthedesign.ch\/wp\/wp-content\/uploads\/2016\/08\/ktd-logo-web.jpg","contentUrl":"https:\/\/www.kissthedesign.ch\/wp\/wp-content\/uploads\/2016\/08\/ktd-logo-web.jpg","width":450,"height":167,"caption":"Kissthedesign"},"image":{"@id":"https:\/\/www.kissthedesign.ch\/en\/#\/schema\/logo\/image\/"}}]}},"_links":{"self":[{"href":"https:\/\/www.kissthedesign.ch\/de\/wp-json\/wp\/v2\/product\/23021","targetHints":{"allow":["GET"]}}],"collection":[{"href":"https:\/\/www.kissthedesign.ch\/de\/wp-json\/wp\/v2\/product"}],"about":[{"href":"https:\/\/www.kissthedesign.ch\/de\/wp-json\/wp\/v2\/types\/product"}],"replies":[{"embeddable":true,"href":"https:\/\/www.kissthedesign.ch\/de\/wp-json\/wp\/v2\/comments?post=23021"}],"wp:featuredmedia":[{"embeddable":true,"href":"https:\/\/www.kissthedesign.ch\/de\/wp-json\/wp\/v2\/media\/23028"}],"wp:attachment":[{"href":"https:\/\/www.kissthedesign.ch\/de\/wp-json\/wp\/v2\/media?parent=23021"}],"wp:term":[{"taxonomy":"product_brand","embeddable":true,"href":"https:\/\/www.kissthedesign.ch\/de\/wp-json\/wp\/v2\/product_brand?post=23021"},{"taxonomy":"product_cat","embeddable":true,"href":"https:\/\/www.kissthedesign.ch\/de\/wp-json\/wp\/v2\/product_cat?post=23021"},{"taxonomy":"product_tag","embeddable":true,"href":"https:\/\/www.kissthedesign.ch\/de\/wp-json\/wp\/v2\/product_tag?post=23021"}],"curies":[{"name":"wp","href":"https:\/\/api.w.org\/{rel}","templated":true}]}}