{"id":23073,"date":"2019-10-25T13:57:28","date_gmt":"2019-10-25T12:57:29","guid":{"rendered":"https:\/\/www.kissthedesign.ch\/?post_type=product&#038;p=23073"},"modified":"2019-10-27T10:57:00","modified_gmt":"2019-10-27T09:57:00","slug":"gio-ponti-sessel-parco-dei-principi-sorrento-cassina","status":"publish","type":"product","link":"https:\/\/www.kissthedesign.ch\/de\/produkt\/gio-ponti-sessel-parco-dei-principi-sorrento-cassina\/","title":{"rendered":"Gio Ponti | Sessel und Fu\u00dfst\u00fctze Parco dei Principi, Sorrento | Cassina"},"content":{"rendered":"<div class=\"wpb-content-wrapper\"><p>[vc_row][vc_column][vc_column_text text_larger=&#8221;no&#8221;]<\/p>\n<h2>Sessel mit Fu\u00dfst\u00fctze Nr. 829 Parco dei Principi, Sorrento, von\u00a0Gio Ponti f\u00fcr Cassina, 1958.<\/h2>\n<p>Seltener Sessel mit Fu\u00dfst\u00fctze Nr. 829 Parco dei Principi, Sorrento, von Gio Ponti f\u00fcr Cassina. Dieser Designklassiker wird nicht mehr hergestellt.<br \/>\nSessel und Fu\u00dfst\u00fctze mit massiver Teakholzstruktur. Sitz und R\u00fcckenlehne sind mit blauem Stoff bezogen und k\u00f6nnen verstellt werden. Sehr guter Zustand.<br \/>\nMa\u00dfe 100 x 70 cm, H 80 cm, H 80 cm.<\/p>\n<p>Gio Ponti, ein wahrer Pionier der italienischen Moderne, hat das italienische Design des 20. Jahrhunderts gepr\u00e4gt. Er ist nicht nur Architekt und Designer, sondern auch Chefredakteur der von ihm 1928 gegr\u00fcndeten Designzeitschrift Domus, die es ihm erm\u00f6glicht, mit vielen Designern zusammenzuarbeiten. Er hat wesentlich zur Gr\u00fcndung des Compaso d&#8217;Oro-Preises und des italienischen Designerordens beigetragen.<\/p>\n<p>Die Produktion von Gio Ponti umfasst viele Sammlerst\u00fccke, insbesondere solche, die heute nicht mehr hergestellt werden. Dies gilt f\u00fcr die M\u00f6bel-, Sitz- und Schreibtischserie, die er f\u00fcr die Hotels Parco dei Principi in Sorrento und Rom entwarf.[\/vc_column_text][\/vc_column][\/vc_row][vc_row][vc_column width=&#8221;1\/2&#8243;]\n<div class=\"wpcf7 no-js\" id=\"wpcf7-f12225-o1\" lang=\"fr-FR\" dir=\"ltr\" data-wpcf7-id=\"12225\">\n<div class=\"screen-reader-response\"><p role=\"status\" aria-live=\"polite\" aria-atomic=\"true\"><\/p> <ul><\/ul><\/div>\n<form action=\"\/de\/wp-json\/wp\/v2\/product\/23073#wpcf7-f12225-o1\" method=\"post\" class=\"wpcf7-form init\" aria-label=\"Formulaire de contact\" novalidate=\"novalidate\" data-status=\"init\">\n<fieldset class=\"hidden-fields-container\"><input type=\"hidden\" name=\"_wpcf7\" value=\"12225\" \/><input type=\"hidden\" name=\"_wpcf7_version\" value=\"6.1.5\" \/><input type=\"hidden\" name=\"_wpcf7_locale\" value=\"fr_FR\" \/><input type=\"hidden\" name=\"_wpcf7_unit_tag\" value=\"wpcf7-f12225-o1\" \/><input type=\"hidden\" name=\"_wpcf7_container_post\" value=\"0\" \/><input type=\"hidden\" name=\"_wpcf7_posted_data_hash\" value=\"\" \/><input type=\"hidden\" name=\"_wpcf7_recaptcha_response\" value=\"\" \/>\n<\/fieldset>\n\n<!-- CF7 Modules -->\n<div style='display:none;'><input type=\"hidden\" class=\"wpcf7-form-control wpcf7-hidden\" name=\"hidden-931\" placeholder=\"\" value=\"Gio Ponti | Sessel und Fu\u00dfst\u00fctze Parco dei Principi, Sorrento | Cassina\" \/>\n<\/div>\n<!-- End CF7 Modules -->\n\n<p><b>Kontaktieren Sie uns \u00fcber diesen Artikel<\/b>\n<\/p>\n<p>Ihre Name (Pflichtfeld)\n<\/p>\n<p><span class=\"wpcf7-form-control-wrap\" data-name=\"your-name\"><input size=\"40\" maxlength=\"400\" class=\"wpcf7-form-control wpcf7-text wpcf7-validates-as-required\" aria-required=\"true\" aria-invalid=\"false\" value=\"\" type=\"text\" name=\"your-name\" \/><\/span>\n<\/p>\n<p>Ihre Email (Pflichtfeld)\n<\/p>\n<p><span class=\"wpcf7-form-control-wrap\" data-name=\"your-email\"><input size=\"40\" maxlength=\"400\" class=\"wpcf7-form-control wpcf7-email wpcf7-validates-as-required wpcf7-text wpcf7-validates-as-email\" aria-required=\"true\" aria-invalid=\"false\" value=\"\" type=\"email\" name=\"your-email\" \/><\/span>\n<\/p>\n<p>Ihre Nachricht\n<\/p>\n<p><span class=\"wpcf7-form-control-wrap\" data-name=\"your-message\"><textarea cols=\"40\" rows=\"10\" maxlength=\"2000\" class=\"wpcf7-form-control wpcf7-textarea\" aria-invalid=\"false\" name=\"your-message\"><\/textarea><\/span>\n<\/p>\n<p>Die von Ihnen eingegebenen und mit diesem Formular gesendeten Daten werden gespeichert, aber werden nie verkauft oder an Dritte weitergegeben.\n<\/p>\n<p><span class=\"wpcf7-form-control-wrap\" data-name=\"checkbox-296\"><span class=\"wpcf7-form-control wpcf7-checkbox wpcf7-validates-as-required\"><span class=\"wpcf7-list-item first last\"><input type=\"checkbox\" name=\"checkbox-296[]\" value=\"Ich akzeptiere\" \/><span class=\"wpcf7-list-item-label\">Ich akzeptiere<\/span><\/span><\/span><\/span>\n<\/p>\n<p><input class=\"wpcf7-form-control wpcf7-submit has-spinner\" type=\"submit\" value=\"Senden\" \/>\n<\/p><div class=\"wpcf7-response-output\" aria-hidden=\"true\"><\/div>\n<\/form>\n<\/div>\n[\/vc_column][vc_column width=&#8221;1\/2&#8243;][\/vc_column][\/vc_row]<\/p>\n<\/div>","protected":false},"excerpt":{"rendered":"<p>Sessel und Fu\u00dfst\u00fctze mit massiver Teakholzstruktur. Sitz und R\u00fcckenlehne sind mit blauem Stoff bezogen und k\u00f6nnen verstellt werden. Sehr guter Zustand.<br \/>\nMa\u00dfe 100 x 70 cm, H 80 cm, H 80 cm<\/p>\n","protected":false},"featured_media":23086,"comment_status":"closed","ping_status":"closed","template":"","meta":{"_monsterinsights_skip_tracking":false,"_monsterinsights_sitenote_active":false,"_monsterinsights_sitenote_note":"","_monsterinsights_sitenote_category":0},"product_brand":[],"product_cat":[255],"product_tag":[389,501,479,484],"class_list":{"0":"post-23073","1":"product","2":"type-product","3":"status-publish","4":"has-post-thumbnail","6":"product_cat-archiv-de","7":"product_tag-50er","8":"product_tag-ikonisch-design","9":"product_tag-italienisches-design","10":"product_tag-luxus-design","11":"product_shipping_class-von-uns-geliefert-leicht","13":"first","14":"outofstock","15":"taxable","16":"shipping-taxable","17":"product-type-simple"},"yoast_head":"<!-- This site is optimized with the Yoast SEO plugin v25.3.1 - https:\/\/yoast.com\/wordpress\/plugins\/seo\/ -->\n<title>Gio Ponti | Parco dei principi | Cassina | Lausanne, Schweiz<\/title>\n<meta name=\"description\" content=\"Sessel und Fu\u00dfst\u00fctze Parco dei Principi, Gio Ponti, Cassina. Italienisches Design aus den 50er. Galerie Kissthedesign, Lausanne, Schweiz. Designklassiker\" \/>\n<meta name=\"robots\" content=\"index, follow, max-snippet:-1, max-image-preview:large, max-video-preview:-1\" \/>\n<link rel=\"canonical\" href=\"https:\/\/www.kissthedesign.ch\/de\/produkt\/gio-ponti-sessel-parco-dei-principi-sorrento-cassina\/\" \/>\n<meta property=\"og:locale\" content=\"de_DE\" \/>\n<meta property=\"og:type\" content=\"article\" \/>\n<meta property=\"og:title\" content=\"Gio Ponti | Parco dei principi | Cassina | Lausanne, Schweiz\" \/>\n<meta property=\"og:description\" content=\"Sessel und Fu\u00dfst\u00fctze Parco dei Principi, Gio Ponti, Cassina. Italienisches Design aus den 50er. Galerie Kissthedesign, Lausanne, Schweiz. Designklassiker\" \/>\n<meta property=\"og:url\" content=\"https:\/\/www.kissthedesign.ch\/de\/produkt\/gio-ponti-sessel-parco-dei-principi-sorrento-cassina\/\" \/>\n<meta property=\"og:site_name\" content=\"kissthedesign\" \/>\n<meta property=\"article:modified_time\" content=\"2019-10-27T09:57:00+00:00\" \/>\n<meta property=\"og:image\" content=\"https:\/\/www.kissthedesign.ch\/wp\/wp-content\/uploads\/2019\/10\/gio-ponti-fauteuil-Parco-dei-principi-cassina.jpg\" \/>\n\t<meta property=\"og:image:width\" content=\"1000\" \/>\n\t<meta property=\"og:image:height\" content=\"667\" \/>\n\t<meta property=\"og:image:type\" content=\"image\/jpeg\" \/>\n<meta name=\"twitter:label1\" content=\"Gesch\u00e4tzte Lesezeit\" \/>\n\t<meta name=\"twitter:data1\" content=\"1\u00a0Minute\" \/>\n<script type=\"application\/ld+json\" class=\"yoast-schema-graph\">{\"@context\":\"https:\/\/schema.org\",\"@graph\":[{\"@type\":\"WebPage\",\"@id\":\"https:\/\/www.kissthedesign.ch\/de\/produkt\/gio-ponti-sessel-parco-dei-principi-sorrento-cassina\/\",\"url\":\"https:\/\/www.kissthedesign.ch\/de\/produkt\/gio-ponti-sessel-parco-dei-principi-sorrento-cassina\/\",\"name\":\"Gio Ponti | Parco dei principi | Cassina | Lausanne, Schweiz\",\"isPartOf\":{\"@id\":\"https:\/\/www.kissthedesign.ch\/en\/#website\"},\"primaryImageOfPage\":{\"@id\":\"https:\/\/www.kissthedesign.ch\/de\/produkt\/gio-ponti-sessel-parco-dei-principi-sorrento-cassina\/#primaryimage\"},\"image\":{\"@id\":\"https:\/\/www.kissthedesign.ch\/de\/produkt\/gio-ponti-sessel-parco-dei-principi-sorrento-cassina\/#primaryimage\"},\"thumbnailUrl\":\"https:\/\/www.kissthedesign.ch\/wp\/wp-content\/uploads\/2019\/10\/gio-ponti-fauteuil-Parco-dei-principi-cassina.jpg\",\"datePublished\":\"2019-10-25T12:57:29+00:00\",\"dateModified\":\"2019-10-27T09:57:00+00:00\",\"description\":\"Sessel und Fu\u00dfst\u00fctze Parco dei Principi, Gio Ponti, Cassina. Italienisches Design aus den 50er. Galerie Kissthedesign, Lausanne, Schweiz. Designklassiker\",\"breadcrumb\":{\"@id\":\"https:\/\/www.kissthedesign.ch\/de\/produkt\/gio-ponti-sessel-parco-dei-principi-sorrento-cassina\/#breadcrumb\"},\"inLanguage\":\"de\",\"potentialAction\":[{\"@type\":\"ReadAction\",\"target\":[\"https:\/\/www.kissthedesign.ch\/de\/produkt\/gio-ponti-sessel-parco-dei-principi-sorrento-cassina\/\"]}]},{\"@type\":\"ImageObject\",\"inLanguage\":\"de\",\"@id\":\"https:\/\/www.kissthedesign.ch\/de\/produkt\/gio-ponti-sessel-parco-dei-principi-sorrento-cassina\/#primaryimage\",\"url\":\"https:\/\/www.kissthedesign.ch\/wp\/wp-content\/uploads\/2019\/10\/gio-ponti-fauteuil-Parco-dei-principi-cassina.jpg\",\"contentUrl\":\"https:\/\/www.kissthedesign.ch\/wp\/wp-content\/uploads\/2019\/10\/gio-ponti-fauteuil-Parco-dei-principi-cassina.jpg\",\"width\":1000,\"height\":667,\"caption\":\"Gio Ponti, fauteuil Parco dei Principi, Cassina\"},{\"@type\":\"BreadcrumbList\",\"@id\":\"https:\/\/www.kissthedesign.ch\/de\/produkt\/gio-ponti-sessel-parco-dei-principi-sorrento-cassina\/#breadcrumb\",\"itemListElement\":[{\"@type\":\"ListItem\",\"position\":1,\"name\":\"Accueil\",\"item\":\"https:\/\/www.kissthedesign.ch\/de\/\"},{\"@type\":\"ListItem\",\"position\":2,\"name\":\"Laden\",\"item\":\"https:\/\/www.kissthedesign.ch\/de\/laden\/\"},{\"@type\":\"ListItem\",\"position\":3,\"name\":\"Gio Ponti | Sessel und Fu\u00dfst\u00fctze Parco dei Principi, Sorrento | Cassina\"}]},{\"@type\":\"WebSite\",\"@id\":\"https:\/\/www.kissthedesign.ch\/en\/#website\",\"url\":\"https:\/\/www.kissthedesign.ch\/en\/\",\"name\":\"kissthedesign\",\"description\":\"Kissthedesign, Lausanne, Suisse. Mobilier du XXe, design vintage\",\"publisher\":{\"@id\":\"https:\/\/www.kissthedesign.ch\/en\/#organization\"},\"potentialAction\":[{\"@type\":\"SearchAction\",\"target\":{\"@type\":\"EntryPoint\",\"urlTemplate\":\"https:\/\/www.kissthedesign.ch\/en\/?s={search_term_string}\"},\"query-input\":{\"@type\":\"PropertyValueSpecification\",\"valueRequired\":true,\"valueName\":\"search_term_string\"}}],\"inLanguage\":\"de\"},{\"@type\":\"Organization\",\"@id\":\"https:\/\/www.kissthedesign.ch\/en\/#organization\",\"name\":\"Kissthedesign\",\"url\":\"https:\/\/www.kissthedesign.ch\/en\/\",\"logo\":{\"@type\":\"ImageObject\",\"inLanguage\":\"de\",\"@id\":\"https:\/\/www.kissthedesign.ch\/en\/#\/schema\/logo\/image\/\",\"url\":\"https:\/\/www.kissthedesign.ch\/wp\/wp-content\/uploads\/2016\/08\/ktd-logo-web.jpg\",\"contentUrl\":\"https:\/\/www.kissthedesign.ch\/wp\/wp-content\/uploads\/2016\/08\/ktd-logo-web.jpg\",\"width\":450,\"height\":167,\"caption\":\"Kissthedesign\"},\"image\":{\"@id\":\"https:\/\/www.kissthedesign.ch\/en\/#\/schema\/logo\/image\/\"}}]}<\/script>\n<!-- \/ Yoast SEO plugin. -->","yoast_head_json":{"title":"Gio Ponti | Parco dei principi | Cassina | Lausanne, Schweiz","description":"Sessel und Fu\u00dfst\u00fctze Parco dei Principi, Gio Ponti, Cassina. Italienisches Design aus den 50er. Galerie Kissthedesign, Lausanne, Schweiz. Designklassiker","robots":{"index":"index","follow":"follow","max-snippet":"max-snippet:-1","max-image-preview":"max-image-preview:large","max-video-preview":"max-video-preview:-1"},"canonical":"https:\/\/www.kissthedesign.ch\/de\/produkt\/gio-ponti-sessel-parco-dei-principi-sorrento-cassina\/","og_locale":"de_DE","og_type":"article","og_title":"Gio Ponti | Parco dei principi | Cassina | Lausanne, Schweiz","og_description":"Sessel und Fu\u00dfst\u00fctze Parco dei Principi, Gio Ponti, Cassina. Italienisches Design aus den 50er. Galerie Kissthedesign, Lausanne, Schweiz. Designklassiker","og_url":"https:\/\/www.kissthedesign.ch\/de\/produkt\/gio-ponti-sessel-parco-dei-principi-sorrento-cassina\/","og_site_name":"kissthedesign","article_modified_time":"2019-10-27T09:57:00+00:00","og_image":[{"width":1000,"height":667,"url":"https:\/\/www.kissthedesign.ch\/wp\/wp-content\/uploads\/2019\/10\/gio-ponti-fauteuil-Parco-dei-principi-cassina.jpg","type":"image\/jpeg"}],"twitter_misc":{"Gesch\u00e4tzte Lesezeit":"1\u00a0Minute"},"schema":{"@context":"https:\/\/schema.org","@graph":[{"@type":"WebPage","@id":"https:\/\/www.kissthedesign.ch\/de\/produkt\/gio-ponti-sessel-parco-dei-principi-sorrento-cassina\/","url":"https:\/\/www.kissthedesign.ch\/de\/produkt\/gio-ponti-sessel-parco-dei-principi-sorrento-cassina\/","name":"Gio Ponti | Parco dei principi | Cassina | Lausanne, Schweiz","isPartOf":{"@id":"https:\/\/www.kissthedesign.ch\/en\/#website"},"primaryImageOfPage":{"@id":"https:\/\/www.kissthedesign.ch\/de\/produkt\/gio-ponti-sessel-parco-dei-principi-sorrento-cassina\/#primaryimage"},"image":{"@id":"https:\/\/www.kissthedesign.ch\/de\/produkt\/gio-ponti-sessel-parco-dei-principi-sorrento-cassina\/#primaryimage"},"thumbnailUrl":"https:\/\/www.kissthedesign.ch\/wp\/wp-content\/uploads\/2019\/10\/gio-ponti-fauteuil-Parco-dei-principi-cassina.jpg","datePublished":"2019-10-25T12:57:29+00:00","dateModified":"2019-10-27T09:57:00+00:00","description":"Sessel und Fu\u00dfst\u00fctze Parco dei Principi, Gio Ponti, Cassina. Italienisches Design aus den 50er. Galerie Kissthedesign, Lausanne, Schweiz. Designklassiker","breadcrumb":{"@id":"https:\/\/www.kissthedesign.ch\/de\/produkt\/gio-ponti-sessel-parco-dei-principi-sorrento-cassina\/#breadcrumb"},"inLanguage":"de","potentialAction":[{"@type":"ReadAction","target":["https:\/\/www.kissthedesign.ch\/de\/produkt\/gio-ponti-sessel-parco-dei-principi-sorrento-cassina\/"]}]},{"@type":"ImageObject","inLanguage":"de","@id":"https:\/\/www.kissthedesign.ch\/de\/produkt\/gio-ponti-sessel-parco-dei-principi-sorrento-cassina\/#primaryimage","url":"https:\/\/www.kissthedesign.ch\/wp\/wp-content\/uploads\/2019\/10\/gio-ponti-fauteuil-Parco-dei-principi-cassina.jpg","contentUrl":"https:\/\/www.kissthedesign.ch\/wp\/wp-content\/uploads\/2019\/10\/gio-ponti-fauteuil-Parco-dei-principi-cassina.jpg","width":1000,"height":667,"caption":"Gio Ponti, fauteuil Parco dei Principi, Cassina"},{"@type":"BreadcrumbList","@id":"https:\/\/www.kissthedesign.ch\/de\/produkt\/gio-ponti-sessel-parco-dei-principi-sorrento-cassina\/#breadcrumb","itemListElement":[{"@type":"ListItem","position":1,"name":"Accueil","item":"https:\/\/www.kissthedesign.ch\/de\/"},{"@type":"ListItem","position":2,"name":"Laden","item":"https:\/\/www.kissthedesign.ch\/de\/laden\/"},{"@type":"ListItem","position":3,"name":"Gio Ponti | Sessel und Fu\u00dfst\u00fctze Parco dei Principi, Sorrento | Cassina"}]},{"@type":"WebSite","@id":"https:\/\/www.kissthedesign.ch\/en\/#website","url":"https:\/\/www.kissthedesign.ch\/en\/","name":"kissthedesign","description":"Kissthedesign, Lausanne, Suisse. Mobilier du XXe, design vintage","publisher":{"@id":"https:\/\/www.kissthedesign.ch\/en\/#organization"},"potentialAction":[{"@type":"SearchAction","target":{"@type":"EntryPoint","urlTemplate":"https:\/\/www.kissthedesign.ch\/en\/?s={search_term_string}"},"query-input":{"@type":"PropertyValueSpecification","valueRequired":true,"valueName":"search_term_string"}}],"inLanguage":"de"},{"@type":"Organization","@id":"https:\/\/www.kissthedesign.ch\/en\/#organization","name":"Kissthedesign","url":"https:\/\/www.kissthedesign.ch\/en\/","logo":{"@type":"ImageObject","inLanguage":"de","@id":"https:\/\/www.kissthedesign.ch\/en\/#\/schema\/logo\/image\/","url":"https:\/\/www.kissthedesign.ch\/wp\/wp-content\/uploads\/2016\/08\/ktd-logo-web.jpg","contentUrl":"https:\/\/www.kissthedesign.ch\/wp\/wp-content\/uploads\/2016\/08\/ktd-logo-web.jpg","width":450,"height":167,"caption":"Kissthedesign"},"image":{"@id":"https:\/\/www.kissthedesign.ch\/en\/#\/schema\/logo\/image\/"}}]}},"_links":{"self":[{"href":"https:\/\/www.kissthedesign.ch\/de\/wp-json\/wp\/v2\/product\/23073","targetHints":{"allow":["GET"]}}],"collection":[{"href":"https:\/\/www.kissthedesign.ch\/de\/wp-json\/wp\/v2\/product"}],"about":[{"href":"https:\/\/www.kissthedesign.ch\/de\/wp-json\/wp\/v2\/types\/product"}],"replies":[{"embeddable":true,"href":"https:\/\/www.kissthedesign.ch\/de\/wp-json\/wp\/v2\/comments?post=23073"}],"wp:featuredmedia":[{"embeddable":true,"href":"https:\/\/www.kissthedesign.ch\/de\/wp-json\/wp\/v2\/media\/23086"}],"wp:attachment":[{"href":"https:\/\/www.kissthedesign.ch\/de\/wp-json\/wp\/v2\/media?parent=23073"}],"wp:term":[{"taxonomy":"product_brand","embeddable":true,"href":"https:\/\/www.kissthedesign.ch\/de\/wp-json\/wp\/v2\/product_brand?post=23073"},{"taxonomy":"product_cat","embeddable":true,"href":"https:\/\/www.kissthedesign.ch\/de\/wp-json\/wp\/v2\/product_cat?post=23073"},{"taxonomy":"product_tag","embeddable":true,"href":"https:\/\/www.kissthedesign.ch\/de\/wp-json\/wp\/v2\/product_tag?post=23073"}],"curies":[{"name":"wp","href":"https:\/\/api.w.org\/{rel}","templated":true}]}}