{"id":23329,"date":"2020-06-17T14:13:15","date_gmt":"2020-06-17T13:13:18","guid":{"rendered":"https:\/\/www.kissthedesign.ch\/?post_type=product&#038;p=23329"},"modified":"2021-01-28T18:08:03","modified_gmt":"2021-01-28T17:08:03","slug":"charlotte-perriand-applique-cylindrique-nemo","status":"publish","type":"product","link":"https:\/\/www.kissthedesign.ch\/de\/produkt\/charlotte-perriand-applique-cylindrique-nemo\/","title":{"rendered":"Charlotte Perriand | Applique cylindrique | Nemo"},"content":{"rendered":"<div class=\"wpb-content-wrapper\"><p>[vc_row][vc_column][vc_column_text text_larger=&#8221;no&#8221;]Applique cylindrique longue und Applique cylindrique petite von Charlotte Perriand f\u00fcr Nemo<\/p>\n<p>Wandleuchte mit zylindrischem Diffusor, erh\u00e4ltlich in 2 Gr\u00f6\u00dfen, aus azurblau lackiertem Metall. Charlotte Perriand entwarf dieses Modell w\u00e4hrend ihres Studiums und wird im Laufe ihrer Karriere weiterhin an Leuchten mit schwenkbaren Diffusoren arbeiten, die es erm\u00f6glichen, den Lichtstrahl mit einer einfachen Ber\u00fchrung zu kontrollieren und zu lenken.<\/p>\n<p>Charlotte Perriand (1903 &#8211; 1999) ist eine bedeutende franz\u00f6sische Designerin des 20. Jahrhunderts.<br \/>\nSehr inspiriert von der japanischen und brasilianischen Kultur, arbeitet Sie viel mit Holz, Bambus oder Stroh, das sich wie ein roter Faden durch ihr Werk zieht.<br \/>\nSeit den 60er Jahren hat sie an der Entstehung des Skigebiets Les Arcs in Frankreich mitgewirkt, das sie weitgehend mit eigenen M\u00f6beln und Leuchten ausgestattet hat, wie z.B. die von Steph Simon herausgegebene und nun von Nemo \/ Cassina neu herausgegebene Wandleuchte CP1.[\/vc_column_text][\/vc_column][\/vc_row][vc_row css=&#8221;.vc_custom_1486917974905{padding-top: 30px !important;}&#8221;][vc_column width=&#8221;1\/2&#8243;]\n<div class=\"wpcf7 no-js\" id=\"wpcf7-f12225-o1\" lang=\"fr-FR\" dir=\"ltr\" data-wpcf7-id=\"12225\">\n<div class=\"screen-reader-response\"><p role=\"status\" aria-live=\"polite\" aria-atomic=\"true\"><\/p> <ul><\/ul><\/div>\n<form action=\"\/de\/wp-json\/wp\/v2\/product\/23329#wpcf7-f12225-o1\" method=\"post\" class=\"wpcf7-form init\" aria-label=\"Formulaire de contact\" novalidate=\"novalidate\" data-status=\"init\">\n<fieldset class=\"hidden-fields-container\"><input type=\"hidden\" name=\"_wpcf7\" value=\"12225\" \/><input type=\"hidden\" name=\"_wpcf7_version\" value=\"6.1.5\" \/><input type=\"hidden\" name=\"_wpcf7_locale\" value=\"fr_FR\" \/><input type=\"hidden\" name=\"_wpcf7_unit_tag\" value=\"wpcf7-f12225-o1\" \/><input type=\"hidden\" name=\"_wpcf7_container_post\" value=\"0\" \/><input type=\"hidden\" name=\"_wpcf7_posted_data_hash\" value=\"\" \/><input type=\"hidden\" name=\"_wpcf7_recaptcha_response\" value=\"\" \/>\n<\/fieldset>\n\n<!-- CF7 Modules -->\n<div style='display:none;'><input type=\"hidden\" class=\"wpcf7-form-control wpcf7-hidden\" name=\"hidden-931\" placeholder=\"\" value=\"Charlotte Perriand | Applique cylindrique | Nemo\" \/>\n<\/div>\n<!-- End CF7 Modules -->\n\n<p><b>Kontaktieren Sie uns \u00fcber diesen Artikel<\/b>\n<\/p>\n<p>Ihre Name (Pflichtfeld)\n<\/p>\n<p><span class=\"wpcf7-form-control-wrap\" data-name=\"your-name\"><input size=\"40\" maxlength=\"400\" class=\"wpcf7-form-control wpcf7-text wpcf7-validates-as-required\" aria-required=\"true\" aria-invalid=\"false\" value=\"\" type=\"text\" name=\"your-name\" \/><\/span>\n<\/p>\n<p>Ihre Email (Pflichtfeld)\n<\/p>\n<p><span class=\"wpcf7-form-control-wrap\" data-name=\"your-email\"><input size=\"40\" maxlength=\"400\" class=\"wpcf7-form-control wpcf7-email wpcf7-validates-as-required wpcf7-text wpcf7-validates-as-email\" aria-required=\"true\" aria-invalid=\"false\" value=\"\" type=\"email\" name=\"your-email\" \/><\/span>\n<\/p>\n<p>Ihre Nachricht\n<\/p>\n<p><span class=\"wpcf7-form-control-wrap\" data-name=\"your-message\"><textarea cols=\"40\" rows=\"10\" maxlength=\"2000\" class=\"wpcf7-form-control wpcf7-textarea\" aria-invalid=\"false\" name=\"your-message\"><\/textarea><\/span>\n<\/p>\n<p>Die von Ihnen eingegebenen und mit diesem Formular gesendeten Daten werden gespeichert, aber werden nie verkauft oder an Dritte weitergegeben.\n<\/p>\n<p><span class=\"wpcf7-form-control-wrap\" data-name=\"checkbox-296\"><span class=\"wpcf7-form-control wpcf7-checkbox wpcf7-validates-as-required\"><span class=\"wpcf7-list-item first last\"><input type=\"checkbox\" name=\"checkbox-296[]\" value=\"Ich akzeptiere\" \/><span class=\"wpcf7-list-item-label\">Ich akzeptiere<\/span><\/span><\/span><\/span>\n<\/p>\n<p><input class=\"wpcf7-form-control wpcf7-submit has-spinner\" type=\"submit\" value=\"Senden\" \/>\n<\/p><div class=\"wpcf7-response-output\" aria-hidden=\"true\"><\/div>\n<\/form>\n<\/div>\n[\/vc_column][vc_column width=&#8221;1\/2&#8243;][\/vc_column][\/vc_row]<\/p>\n<\/div>","protected":false},"excerpt":{"rendered":"<div class=\"page\" title=\"Page 122\">\n<div class=\"layoutArea\">\n<div class=\"column\">Wandleuchten mit schwenkbarem zylindrischem Diffusor. K\u00f6rper aus anthrazitgrau lackiertem Metall und Diffusor in Azurblau. Erh\u00e4ltlich in kleiner oder langer Version.<br \/>\nApplique cylindrique petite: 16 x 7,5 cm, H. 10,5 cm. 1 x E14.<br \/>\nApplique cylindrique longue: 48 x 7,5 cm, H. 10,5 cm. 2 x E14.<\/div>\n<\/div>\n<\/div>\n","protected":false},"featured_media":23409,"comment_status":"closed","ping_status":"closed","template":"","meta":{"_monsterinsights_skip_tracking":false,"_monsterinsights_sitenote_active":false,"_monsterinsights_sitenote_note":"","_monsterinsights_sitenote_category":0},"product_brand":[],"product_cat":[3156,70,154,883,222],"product_tag":[390,572,387,501,502],"class_list":{"0":"post-23329","1":"product","2":"type-product","3":"status-publish","4":"has-post-thumbnail","6":"product_cat-auf-lager","7":"product_cat-hersteller","8":"product_cat-leuchte","9":"product_cat-nemo-leuchte","10":"product_cat-wandleuchte","11":"product_tag-60er","12":"product_tag-charlotte-perriand-de","13":"product_tag-frans-design","14":"product_tag-ikonisch-design","15":"product_tag-modernismus","16":"product_shipping_class-postpac-1kg-de","18":"first","19":"instock","20":"featured","21":"taxable","22":"shipping-taxable","23":"purchasable","24":"product-type-variable"},"yoast_head":"<!-- This site is optimized with the Yoast SEO plugin v25.3.1 - https:\/\/yoast.com\/wordpress\/plugins\/seo\/ -->\n<title>Applique cylindrique longue und petite | Charlotte Perriand | Nemo<\/title>\n<meta name=\"description\" content=\"Die Applique \u00e0 cylindrique von Charlotte Perriand f\u00fcr Nemo ist in einer langen oder kleinen Version erh\u00e4ltlich. Architektenlampen in der Schweiz kaufen.\" \/>\n<meta name=\"robots\" content=\"index, follow, max-snippet:-1, max-image-preview:large, max-video-preview:-1\" \/>\n<link rel=\"canonical\" href=\"https:\/\/www.kissthedesign.ch\/de\/produkt\/charlotte-perriand-applique-cylindrique-nemo\/\" \/>\n<meta property=\"og:locale\" content=\"de_DE\" \/>\n<meta property=\"og:type\" content=\"article\" \/>\n<meta property=\"og:title\" content=\"Applique cylindrique longue und petite | Charlotte Perriand | Nemo\" \/>\n<meta property=\"og:description\" content=\"Die Applique \u00e0 cylindrique von Charlotte Perriand f\u00fcr Nemo ist in einer langen oder kleinen Version erh\u00e4ltlich. Architektenlampen in der Schweiz kaufen.\" \/>\n<meta property=\"og:url\" content=\"https:\/\/www.kissthedesign.ch\/de\/produkt\/charlotte-perriand-applique-cylindrique-nemo\/\" \/>\n<meta property=\"og:site_name\" content=\"kissthedesign\" \/>\n<meta property=\"article:modified_time\" content=\"2021-01-28T17:08:03+00:00\" \/>\n<meta property=\"og:image\" content=\"https:\/\/www.kissthedesign.ch\/wp\/wp-content\/uploads\/2020\/06\/applique-cylindrique-nemo.jpg\" \/>\n\t<meta property=\"og:image:width\" content=\"1280\" \/>\n\t<meta property=\"og:image:height\" content=\"855\" \/>\n\t<meta property=\"og:image:type\" content=\"image\/jpeg\" \/>\n<meta name=\"twitter:label1\" content=\"Gesch\u00e4tzte Lesezeit\" \/>\n\t<meta name=\"twitter:data1\" content=\"1\u00a0Minute\" \/>\n<script type=\"application\/ld+json\" class=\"yoast-schema-graph\">{\"@context\":\"https:\/\/schema.org\",\"@graph\":[{\"@type\":\"WebPage\",\"@id\":\"https:\/\/www.kissthedesign.ch\/de\/produkt\/charlotte-perriand-applique-cylindrique-nemo\/\",\"url\":\"https:\/\/www.kissthedesign.ch\/de\/produkt\/charlotte-perriand-applique-cylindrique-nemo\/\",\"name\":\"Applique cylindrique longue und petite | Charlotte Perriand | Nemo\",\"isPartOf\":{\"@id\":\"https:\/\/www.kissthedesign.ch\/en\/#website\"},\"primaryImageOfPage\":{\"@id\":\"https:\/\/www.kissthedesign.ch\/de\/produkt\/charlotte-perriand-applique-cylindrique-nemo\/#primaryimage\"},\"image\":{\"@id\":\"https:\/\/www.kissthedesign.ch\/de\/produkt\/charlotte-perriand-applique-cylindrique-nemo\/#primaryimage\"},\"thumbnailUrl\":\"https:\/\/www.kissthedesign.ch\/wp\/wp-content\/uploads\/2020\/06\/applique-cylindrique-nemo.jpg\",\"datePublished\":\"2020-06-17T13:13:18+00:00\",\"dateModified\":\"2021-01-28T17:08:03+00:00\",\"description\":\"Die Applique \u00e0 cylindrique von Charlotte Perriand f\u00fcr Nemo ist in einer langen oder kleinen Version erh\u00e4ltlich. Architektenlampen in der Schweiz kaufen.\",\"breadcrumb\":{\"@id\":\"https:\/\/www.kissthedesign.ch\/de\/produkt\/charlotte-perriand-applique-cylindrique-nemo\/#breadcrumb\"},\"inLanguage\":\"de\",\"potentialAction\":[{\"@type\":\"ReadAction\",\"target\":[\"https:\/\/www.kissthedesign.ch\/de\/produkt\/charlotte-perriand-applique-cylindrique-nemo\/\"]}]},{\"@type\":\"ImageObject\",\"inLanguage\":\"de\",\"@id\":\"https:\/\/www.kissthedesign.ch\/de\/produkt\/charlotte-perriand-applique-cylindrique-nemo\/#primaryimage\",\"url\":\"https:\/\/www.kissthedesign.ch\/wp\/wp-content\/uploads\/2020\/06\/applique-cylindrique-nemo.jpg\",\"contentUrl\":\"https:\/\/www.kissthedesign.ch\/wp\/wp-content\/uploads\/2020\/06\/applique-cylindrique-nemo.jpg\",\"width\":1280,\"height\":855,\"caption\":\"Applique cylindrique petite de Charlotte Perriand, Nemo (2)\"},{\"@type\":\"BreadcrumbList\",\"@id\":\"https:\/\/www.kissthedesign.ch\/de\/produkt\/charlotte-perriand-applique-cylindrique-nemo\/#breadcrumb\",\"itemListElement\":[{\"@type\":\"ListItem\",\"position\":1,\"name\":\"Accueil\",\"item\":\"https:\/\/www.kissthedesign.ch\/de\/\"},{\"@type\":\"ListItem\",\"position\":2,\"name\":\"Laden\",\"item\":\"https:\/\/www.kissthedesign.ch\/de\/laden\/\"},{\"@type\":\"ListItem\",\"position\":3,\"name\":\"Charlotte Perriand | Applique cylindrique | Nemo\"}]},{\"@type\":\"WebSite\",\"@id\":\"https:\/\/www.kissthedesign.ch\/en\/#website\",\"url\":\"https:\/\/www.kissthedesign.ch\/en\/\",\"name\":\"kissthedesign\",\"description\":\"Kissthedesign, Lausanne, Suisse. Mobilier du XXe, design vintage\",\"publisher\":{\"@id\":\"https:\/\/www.kissthedesign.ch\/en\/#organization\"},\"potentialAction\":[{\"@type\":\"SearchAction\",\"target\":{\"@type\":\"EntryPoint\",\"urlTemplate\":\"https:\/\/www.kissthedesign.ch\/en\/?s={search_term_string}\"},\"query-input\":{\"@type\":\"PropertyValueSpecification\",\"valueRequired\":true,\"valueName\":\"search_term_string\"}}],\"inLanguage\":\"de\"},{\"@type\":\"Organization\",\"@id\":\"https:\/\/www.kissthedesign.ch\/en\/#organization\",\"name\":\"Kissthedesign\",\"url\":\"https:\/\/www.kissthedesign.ch\/en\/\",\"logo\":{\"@type\":\"ImageObject\",\"inLanguage\":\"de\",\"@id\":\"https:\/\/www.kissthedesign.ch\/en\/#\/schema\/logo\/image\/\",\"url\":\"https:\/\/www.kissthedesign.ch\/wp\/wp-content\/uploads\/2016\/08\/ktd-logo-web.jpg\",\"contentUrl\":\"https:\/\/www.kissthedesign.ch\/wp\/wp-content\/uploads\/2016\/08\/ktd-logo-web.jpg\",\"width\":450,\"height\":167,\"caption\":\"Kissthedesign\"},\"image\":{\"@id\":\"https:\/\/www.kissthedesign.ch\/en\/#\/schema\/logo\/image\/\"}}]}<\/script>\n<!-- \/ Yoast SEO plugin. -->","yoast_head_json":{"title":"Applique cylindrique longue und petite | Charlotte Perriand | Nemo","description":"Die Applique \u00e0 cylindrique von Charlotte Perriand f\u00fcr Nemo ist in einer langen oder kleinen Version erh\u00e4ltlich. Architektenlampen in der Schweiz kaufen.","robots":{"index":"index","follow":"follow","max-snippet":"max-snippet:-1","max-image-preview":"max-image-preview:large","max-video-preview":"max-video-preview:-1"},"canonical":"https:\/\/www.kissthedesign.ch\/de\/produkt\/charlotte-perriand-applique-cylindrique-nemo\/","og_locale":"de_DE","og_type":"article","og_title":"Applique cylindrique longue und petite | Charlotte Perriand | Nemo","og_description":"Die Applique \u00e0 cylindrique von Charlotte Perriand f\u00fcr Nemo ist in einer langen oder kleinen Version erh\u00e4ltlich. Architektenlampen in der Schweiz kaufen.","og_url":"https:\/\/www.kissthedesign.ch\/de\/produkt\/charlotte-perriand-applique-cylindrique-nemo\/","og_site_name":"kissthedesign","article_modified_time":"2021-01-28T17:08:03+00:00","og_image":[{"width":1280,"height":855,"url":"https:\/\/www.kissthedesign.ch\/wp\/wp-content\/uploads\/2020\/06\/applique-cylindrique-nemo.jpg","type":"image\/jpeg"}],"twitter_misc":{"Gesch\u00e4tzte Lesezeit":"1\u00a0Minute"},"schema":{"@context":"https:\/\/schema.org","@graph":[{"@type":"WebPage","@id":"https:\/\/www.kissthedesign.ch\/de\/produkt\/charlotte-perriand-applique-cylindrique-nemo\/","url":"https:\/\/www.kissthedesign.ch\/de\/produkt\/charlotte-perriand-applique-cylindrique-nemo\/","name":"Applique cylindrique longue und petite | Charlotte Perriand | Nemo","isPartOf":{"@id":"https:\/\/www.kissthedesign.ch\/en\/#website"},"primaryImageOfPage":{"@id":"https:\/\/www.kissthedesign.ch\/de\/produkt\/charlotte-perriand-applique-cylindrique-nemo\/#primaryimage"},"image":{"@id":"https:\/\/www.kissthedesign.ch\/de\/produkt\/charlotte-perriand-applique-cylindrique-nemo\/#primaryimage"},"thumbnailUrl":"https:\/\/www.kissthedesign.ch\/wp\/wp-content\/uploads\/2020\/06\/applique-cylindrique-nemo.jpg","datePublished":"2020-06-17T13:13:18+00:00","dateModified":"2021-01-28T17:08:03+00:00","description":"Die Applique \u00e0 cylindrique von Charlotte Perriand f\u00fcr Nemo ist in einer langen oder kleinen Version erh\u00e4ltlich. Architektenlampen in der Schweiz kaufen.","breadcrumb":{"@id":"https:\/\/www.kissthedesign.ch\/de\/produkt\/charlotte-perriand-applique-cylindrique-nemo\/#breadcrumb"},"inLanguage":"de","potentialAction":[{"@type":"ReadAction","target":["https:\/\/www.kissthedesign.ch\/de\/produkt\/charlotte-perriand-applique-cylindrique-nemo\/"]}]},{"@type":"ImageObject","inLanguage":"de","@id":"https:\/\/www.kissthedesign.ch\/de\/produkt\/charlotte-perriand-applique-cylindrique-nemo\/#primaryimage","url":"https:\/\/www.kissthedesign.ch\/wp\/wp-content\/uploads\/2020\/06\/applique-cylindrique-nemo.jpg","contentUrl":"https:\/\/www.kissthedesign.ch\/wp\/wp-content\/uploads\/2020\/06\/applique-cylindrique-nemo.jpg","width":1280,"height":855,"caption":"Applique cylindrique petite de Charlotte Perriand, Nemo (2)"},{"@type":"BreadcrumbList","@id":"https:\/\/www.kissthedesign.ch\/de\/produkt\/charlotte-perriand-applique-cylindrique-nemo\/#breadcrumb","itemListElement":[{"@type":"ListItem","position":1,"name":"Accueil","item":"https:\/\/www.kissthedesign.ch\/de\/"},{"@type":"ListItem","position":2,"name":"Laden","item":"https:\/\/www.kissthedesign.ch\/de\/laden\/"},{"@type":"ListItem","position":3,"name":"Charlotte Perriand | Applique cylindrique | Nemo"}]},{"@type":"WebSite","@id":"https:\/\/www.kissthedesign.ch\/en\/#website","url":"https:\/\/www.kissthedesign.ch\/en\/","name":"kissthedesign","description":"Kissthedesign, Lausanne, Suisse. Mobilier du XXe, design vintage","publisher":{"@id":"https:\/\/www.kissthedesign.ch\/en\/#organization"},"potentialAction":[{"@type":"SearchAction","target":{"@type":"EntryPoint","urlTemplate":"https:\/\/www.kissthedesign.ch\/en\/?s={search_term_string}"},"query-input":{"@type":"PropertyValueSpecification","valueRequired":true,"valueName":"search_term_string"}}],"inLanguage":"de"},{"@type":"Organization","@id":"https:\/\/www.kissthedesign.ch\/en\/#organization","name":"Kissthedesign","url":"https:\/\/www.kissthedesign.ch\/en\/","logo":{"@type":"ImageObject","inLanguage":"de","@id":"https:\/\/www.kissthedesign.ch\/en\/#\/schema\/logo\/image\/","url":"https:\/\/www.kissthedesign.ch\/wp\/wp-content\/uploads\/2016\/08\/ktd-logo-web.jpg","contentUrl":"https:\/\/www.kissthedesign.ch\/wp\/wp-content\/uploads\/2016\/08\/ktd-logo-web.jpg","width":450,"height":167,"caption":"Kissthedesign"},"image":{"@id":"https:\/\/www.kissthedesign.ch\/en\/#\/schema\/logo\/image\/"}}]}},"_links":{"self":[{"href":"https:\/\/www.kissthedesign.ch\/de\/wp-json\/wp\/v2\/product\/23329","targetHints":{"allow":["GET"]}}],"collection":[{"href":"https:\/\/www.kissthedesign.ch\/de\/wp-json\/wp\/v2\/product"}],"about":[{"href":"https:\/\/www.kissthedesign.ch\/de\/wp-json\/wp\/v2\/types\/product"}],"replies":[{"embeddable":true,"href":"https:\/\/www.kissthedesign.ch\/de\/wp-json\/wp\/v2\/comments?post=23329"}],"wp:featuredmedia":[{"embeddable":true,"href":"https:\/\/www.kissthedesign.ch\/de\/wp-json\/wp\/v2\/media\/23409"}],"wp:attachment":[{"href":"https:\/\/www.kissthedesign.ch\/de\/wp-json\/wp\/v2\/media?parent=23329"}],"wp:term":[{"taxonomy":"product_brand","embeddable":true,"href":"https:\/\/www.kissthedesign.ch\/de\/wp-json\/wp\/v2\/product_brand?post=23329"},{"taxonomy":"product_cat","embeddable":true,"href":"https:\/\/www.kissthedesign.ch\/de\/wp-json\/wp\/v2\/product_cat?post=23329"},{"taxonomy":"product_tag","embeddable":true,"href":"https:\/\/www.kissthedesign.ch\/de\/wp-json\/wp\/v2\/product_tag?post=23329"}],"curies":[{"name":"wp","href":"https:\/\/api.w.org\/{rel}","templated":true}]}}