{"id":23636,"date":"2020-11-25T15:35:02","date_gmt":"2020-11-25T14:35:03","guid":{"rendered":"https:\/\/www.kissthedesign.ch\/?post_type=product&#038;p=23636"},"modified":"2026-05-01T10:05:29","modified_gmt":"2026-05-01T09:05:29","slug":"shiva-ettore-sottsass-bdbarcelona","status":"publish","type":"product","link":"https:\/\/www.kissthedesign.ch\/de\/produkt\/shiva-ettore-sottsass-bdbarcelona\/","title":{"rendered":"Shiva Vase | Ettore Sottsass | BD Barcelona"},"content":{"rendered":"<div class=\"wpb-content-wrapper\"><p>[vc_row][vc_column][vc_column_text woodmart_color_scheme=&#8221;&#8221; text_larger=&#8221;&#8221; woodmart_inline=&#8221;&#8221;]<\/p>\n<h2>Shiva Vase, Entwurf Ettore Sottsass, BD Barcelona<\/h2>\n<p>Die f\u00fcr ihre sexy und phallische Form ber\u00fchmte Vase Shiva wurde 1973 von Ettore Sottsass entworfen und seitdem von BD Barcelona produziert. Die Zusammenarbeit zwischen dem Designer und dem katalanischen Hersteller begann in den fr\u00fchen 1970er Jahren, nachdem der italienische Designer zahlreiche Reisen nach Barcelona unternommen hatte. Es ist eine Liebesgeschichte mit einem M\u00e4dchen aus der Stadt, die Sottsass dazu motiviert, die Shiva-Vase zu entwerfen, wie die Gr\u00fcnder von BD Barcelona am\u00fcsiert verraten.<\/p>\n<p>Der Papst der Postmoderne, Ettore Sottsass (1917 &#8211; 2007), war in den 1960er Jahren Teil der italienischen Anti-Design-Bewegung, bevor er sich dem von Alessandro Mendini gegr\u00fcndeten Studio Alchimia anschloss. 1981 gr\u00fcndete er die Gruppe Memphis Milano.<br \/>\nBereits in den 50er Jahren entwickelte er seinen farbenfrohen und graphischen Stil, insbesondere mit Keramiken f\u00fcr Bitossi. Seine Produktionen innerhalb der Gruppe Memphis, wie z.B. die Carlton B\u00fccherregal, sind die bekanntesten, aber er hat auch mit vielen italienischen Herstellern wie Poltronova, Zanotta, Olivetti, Alessi usw. zusammengearbeitet.[\/vc_column_text][\/vc_column][\/vc_row][vc_row css=&#8221;.vc_custom_1487099865373{padding-top: 30px !important;}&#8221;][vc_column width=&#8221;1\/2&#8243;]\n<div class=\"wpcf7 no-js\" id=\"wpcf7-f12225-o1\" lang=\"fr-FR\" dir=\"ltr\" data-wpcf7-id=\"12225\">\n<div class=\"screen-reader-response\"><p role=\"status\" aria-live=\"polite\" aria-atomic=\"true\"><\/p> <ul><\/ul><\/div>\n<form action=\"\/de\/wp-json\/wp\/v2\/product\/23636#wpcf7-f12225-o1\" method=\"post\" class=\"wpcf7-form init\" aria-label=\"Formulaire de contact\" novalidate=\"novalidate\" data-status=\"init\">\n<fieldset class=\"hidden-fields-container\"><input type=\"hidden\" name=\"_wpcf7\" value=\"12225\" \/><input type=\"hidden\" name=\"_wpcf7_version\" value=\"6.1.5\" \/><input type=\"hidden\" name=\"_wpcf7_locale\" value=\"fr_FR\" \/><input type=\"hidden\" name=\"_wpcf7_unit_tag\" value=\"wpcf7-f12225-o1\" \/><input type=\"hidden\" name=\"_wpcf7_container_post\" value=\"0\" \/><input type=\"hidden\" name=\"_wpcf7_posted_data_hash\" value=\"\" \/><input type=\"hidden\" name=\"_wpcf7_recaptcha_response\" value=\"\" \/>\n<\/fieldset>\n\n<!-- CF7 Modules -->\n<div style='display:none;'><input type=\"hidden\" class=\"wpcf7-form-control wpcf7-hidden\" name=\"hidden-931\" placeholder=\"\" value=\"Shiva Vase | Ettore Sottsass | BD Barcelona\" \/>\n<\/div>\n<!-- End CF7 Modules -->\n\n<p><b>Kontaktieren Sie uns \u00fcber diesen Artikel<\/b>\n<\/p>\n<p>Ihre Name (Pflichtfeld)\n<\/p>\n<p><span class=\"wpcf7-form-control-wrap\" data-name=\"your-name\"><input size=\"40\" maxlength=\"400\" class=\"wpcf7-form-control wpcf7-text wpcf7-validates-as-required\" aria-required=\"true\" aria-invalid=\"false\" value=\"\" type=\"text\" name=\"your-name\" \/><\/span>\n<\/p>\n<p>Ihre Email (Pflichtfeld)\n<\/p>\n<p><span class=\"wpcf7-form-control-wrap\" data-name=\"your-email\"><input size=\"40\" maxlength=\"400\" class=\"wpcf7-form-control wpcf7-email wpcf7-validates-as-required wpcf7-text wpcf7-validates-as-email\" aria-required=\"true\" aria-invalid=\"false\" value=\"\" type=\"email\" name=\"your-email\" \/><\/span>\n<\/p>\n<p>Ihre Nachricht\n<\/p>\n<p><span class=\"wpcf7-form-control-wrap\" data-name=\"your-message\"><textarea cols=\"40\" rows=\"10\" maxlength=\"2000\" class=\"wpcf7-form-control wpcf7-textarea\" aria-invalid=\"false\" name=\"your-message\"><\/textarea><\/span>\n<\/p>\n<p>Die von Ihnen eingegebenen und mit diesem Formular gesendeten Daten werden gespeichert, aber werden nie verkauft oder an Dritte weitergegeben.\n<\/p>\n<p><span class=\"wpcf7-form-control-wrap\" data-name=\"checkbox-296\"><span class=\"wpcf7-form-control wpcf7-checkbox wpcf7-validates-as-required\"><span class=\"wpcf7-list-item first last\"><input type=\"checkbox\" name=\"checkbox-296[]\" value=\"Ich akzeptiere\" \/><span class=\"wpcf7-list-item-label\">Ich akzeptiere<\/span><\/span><\/span><\/span>\n<\/p>\n<p><input class=\"wpcf7-form-control wpcf7-submit has-spinner\" type=\"submit\" value=\"Senden\" \/>\n<\/p><div class=\"wpcf7-response-output\" aria-hidden=\"true\"><\/div>\n<\/form>\n<\/div>\n[\/vc_column][vc_column width=&#8221;1\/2&#8243;][\/vc_column][\/vc_row]<\/p>\n<\/div>","protected":false},"excerpt":{"rendered":"<p><span class=\"style5\">Rosa glasierte Keramikvase. Mit Unterschrift.<br \/>\nMa\u00dfe: 7 x 17 cm. H 23 cm.<\/span><\/p>\n","protected":false},"featured_media":23667,"comment_status":"closed","ping_status":"closed","template":"","meta":{"_monsterinsights_skip_tracking":false,"_monsterinsights_sitenote_active":false,"_monsterinsights_sitenote_note":"","_monsterinsights_sitenote_category":0},"product_brand":[],"product_cat":[156,3156,3278,70,157],"product_tag":[566,591,479,582],"class_list":{"0":"post-23636","1":"product","2":"type-product","3":"status-publish","4":"has-post-thumbnail","6":"product_cat-accessoires-und-dekoration","7":"product_cat-auf-lager","8":"product_cat-bd-barcelona-de","9":"product_cat-hersteller","10":"product_cat-keramik","11":"product_tag-70er","12":"product_tag-ettore-sottsass-de","13":"product_tag-italienisches-design","14":"product_tag-postmodernismus","15":"product_shipping_class-post-a","17":"first","18":"onbackorder","19":"taxable","20":"shipping-taxable","21":"purchasable","22":"product-type-simple"},"yoast_head":"<!-- This site is optimized with the Yoast SEO plugin v25.3.1 - https:\/\/yoast.com\/wordpress\/plugins\/seo\/ -->\n<title>Shiva Vase | Ettore Sottsass | BD Barcelona | Designklassiker, Schweiz<\/title>\n<meta name=\"description\" content=\"Die Vase Shiva wurde 1973 von Ettore Sottsass entworfen und wird seither von BD Barcelona hergestellt. Design-Ikone in der Schweiz kaufen\" \/>\n<meta name=\"robots\" content=\"index, follow, max-snippet:-1, max-image-preview:large, max-video-preview:-1\" \/>\n<link rel=\"canonical\" href=\"https:\/\/www.kissthedesign.ch\/de\/produkt\/shiva-ettore-sottsass-bdbarcelona\/\" \/>\n<meta property=\"og:locale\" content=\"de_DE\" \/>\n<meta property=\"og:type\" content=\"article\" \/>\n<meta property=\"og:title\" content=\"Shiva Vase | Ettore Sottsass | BD Barcelona | Designklassiker, Schweiz\" \/>\n<meta property=\"og:description\" content=\"Die Vase Shiva wurde 1973 von Ettore Sottsass entworfen und wird seither von BD Barcelona hergestellt. Design-Ikone in der Schweiz kaufen\" \/>\n<meta property=\"og:url\" content=\"https:\/\/www.kissthedesign.ch\/de\/produkt\/shiva-ettore-sottsass-bdbarcelona\/\" \/>\n<meta property=\"og:site_name\" content=\"kissthedesign\" \/>\n<meta property=\"article:modified_time\" content=\"2026-05-01T09:05:29+00:00\" \/>\n<meta property=\"og:image\" content=\"https:\/\/www.kissthedesign.ch\/wp\/wp-content\/uploads\/2020\/11\/vase-shiva-ettore-sottsass.jpg\" \/>\n\t<meta property=\"og:image:width\" content=\"779\" \/>\n\t<meta property=\"og:image:height\" content=\"546\" \/>\n\t<meta property=\"og:image:type\" content=\"image\/jpeg\" \/>\n<meta name=\"twitter:label1\" content=\"Gesch\u00e4tzte Lesezeit\" \/>\n\t<meta name=\"twitter:data1\" content=\"1\u00a0Minute\" \/>\n<script type=\"application\/ld+json\" class=\"yoast-schema-graph\">{\"@context\":\"https:\/\/schema.org\",\"@graph\":[{\"@type\":\"WebPage\",\"@id\":\"https:\/\/www.kissthedesign.ch\/de\/produkt\/shiva-ettore-sottsass-bdbarcelona\/\",\"url\":\"https:\/\/www.kissthedesign.ch\/de\/produkt\/shiva-ettore-sottsass-bdbarcelona\/\",\"name\":\"Shiva Vase | Ettore Sottsass | BD Barcelona | Designklassiker, Schweiz\",\"isPartOf\":{\"@id\":\"https:\/\/www.kissthedesign.ch\/en\/#website\"},\"primaryImageOfPage\":{\"@id\":\"https:\/\/www.kissthedesign.ch\/de\/produkt\/shiva-ettore-sottsass-bdbarcelona\/#primaryimage\"},\"image\":{\"@id\":\"https:\/\/www.kissthedesign.ch\/de\/produkt\/shiva-ettore-sottsass-bdbarcelona\/#primaryimage\"},\"thumbnailUrl\":\"https:\/\/www.kissthedesign.ch\/wp\/wp-content\/uploads\/2020\/11\/vase-shiva-ettore-sottsass.jpg\",\"datePublished\":\"2020-11-25T14:35:03+00:00\",\"dateModified\":\"2026-05-01T09:05:29+00:00\",\"description\":\"Die Vase Shiva wurde 1973 von Ettore Sottsass entworfen und wird seither von BD Barcelona hergestellt. Design-Ikone in der Schweiz kaufen\",\"breadcrumb\":{\"@id\":\"https:\/\/www.kissthedesign.ch\/de\/produkt\/shiva-ettore-sottsass-bdbarcelona\/#breadcrumb\"},\"inLanguage\":\"de\",\"potentialAction\":[{\"@type\":\"ReadAction\",\"target\":[\"https:\/\/www.kissthedesign.ch\/de\/produkt\/shiva-ettore-sottsass-bdbarcelona\/\"]}]},{\"@type\":\"ImageObject\",\"inLanguage\":\"de\",\"@id\":\"https:\/\/www.kissthedesign.ch\/de\/produkt\/shiva-ettore-sottsass-bdbarcelona\/#primaryimage\",\"url\":\"https:\/\/www.kissthedesign.ch\/wp\/wp-content\/uploads\/2020\/11\/vase-shiva-ettore-sottsass.jpg\",\"contentUrl\":\"https:\/\/www.kissthedesign.ch\/wp\/wp-content\/uploads\/2020\/11\/vase-shiva-ettore-sottsass.jpg\",\"width\":779,\"height\":546,\"caption\":\"Vase Shiva de Ettore Sottsass pour BD Barcelona\"},{\"@type\":\"BreadcrumbList\",\"@id\":\"https:\/\/www.kissthedesign.ch\/de\/produkt\/shiva-ettore-sottsass-bdbarcelona\/#breadcrumb\",\"itemListElement\":[{\"@type\":\"ListItem\",\"position\":1,\"name\":\"Accueil\",\"item\":\"https:\/\/www.kissthedesign.ch\/de\/\"},{\"@type\":\"ListItem\",\"position\":2,\"name\":\"Laden\",\"item\":\"https:\/\/www.kissthedesign.ch\/de\/laden\/\"},{\"@type\":\"ListItem\",\"position\":3,\"name\":\"Shiva Vase | Ettore Sottsass | BD Barcelona\"}]},{\"@type\":\"WebSite\",\"@id\":\"https:\/\/www.kissthedesign.ch\/en\/#website\",\"url\":\"https:\/\/www.kissthedesign.ch\/en\/\",\"name\":\"kissthedesign\",\"description\":\"Kissthedesign, Lausanne, Suisse. Mobilier du XXe, design vintage\",\"publisher\":{\"@id\":\"https:\/\/www.kissthedesign.ch\/en\/#organization\"},\"potentialAction\":[{\"@type\":\"SearchAction\",\"target\":{\"@type\":\"EntryPoint\",\"urlTemplate\":\"https:\/\/www.kissthedesign.ch\/en\/?s={search_term_string}\"},\"query-input\":{\"@type\":\"PropertyValueSpecification\",\"valueRequired\":true,\"valueName\":\"search_term_string\"}}],\"inLanguage\":\"de\"},{\"@type\":\"Organization\",\"@id\":\"https:\/\/www.kissthedesign.ch\/en\/#organization\",\"name\":\"Kissthedesign\",\"url\":\"https:\/\/www.kissthedesign.ch\/en\/\",\"logo\":{\"@type\":\"ImageObject\",\"inLanguage\":\"de\",\"@id\":\"https:\/\/www.kissthedesign.ch\/en\/#\/schema\/logo\/image\/\",\"url\":\"https:\/\/www.kissthedesign.ch\/wp\/wp-content\/uploads\/2016\/08\/ktd-logo-web.jpg\",\"contentUrl\":\"https:\/\/www.kissthedesign.ch\/wp\/wp-content\/uploads\/2016\/08\/ktd-logo-web.jpg\",\"width\":450,\"height\":167,\"caption\":\"Kissthedesign\"},\"image\":{\"@id\":\"https:\/\/www.kissthedesign.ch\/en\/#\/schema\/logo\/image\/\"}}]}<\/script>\n<!-- \/ Yoast SEO plugin. -->","yoast_head_json":{"title":"Shiva Vase | Ettore Sottsass | BD Barcelona | Designklassiker, Schweiz","description":"Die Vase Shiva wurde 1973 von Ettore Sottsass entworfen und wird seither von BD Barcelona hergestellt. Design-Ikone in der Schweiz kaufen","robots":{"index":"index","follow":"follow","max-snippet":"max-snippet:-1","max-image-preview":"max-image-preview:large","max-video-preview":"max-video-preview:-1"},"canonical":"https:\/\/www.kissthedesign.ch\/de\/produkt\/shiva-ettore-sottsass-bdbarcelona\/","og_locale":"de_DE","og_type":"article","og_title":"Shiva Vase | Ettore Sottsass | BD Barcelona | Designklassiker, Schweiz","og_description":"Die Vase Shiva wurde 1973 von Ettore Sottsass entworfen und wird seither von BD Barcelona hergestellt. Design-Ikone in der Schweiz kaufen","og_url":"https:\/\/www.kissthedesign.ch\/de\/produkt\/shiva-ettore-sottsass-bdbarcelona\/","og_site_name":"kissthedesign","article_modified_time":"2026-05-01T09:05:29+00:00","og_image":[{"width":779,"height":546,"url":"https:\/\/www.kissthedesign.ch\/wp\/wp-content\/uploads\/2020\/11\/vase-shiva-ettore-sottsass.jpg","type":"image\/jpeg"}],"twitter_misc":{"Gesch\u00e4tzte Lesezeit":"1\u00a0Minute"},"schema":{"@context":"https:\/\/schema.org","@graph":[{"@type":"WebPage","@id":"https:\/\/www.kissthedesign.ch\/de\/produkt\/shiva-ettore-sottsass-bdbarcelona\/","url":"https:\/\/www.kissthedesign.ch\/de\/produkt\/shiva-ettore-sottsass-bdbarcelona\/","name":"Shiva Vase | Ettore Sottsass | BD Barcelona | Designklassiker, Schweiz","isPartOf":{"@id":"https:\/\/www.kissthedesign.ch\/en\/#website"},"primaryImageOfPage":{"@id":"https:\/\/www.kissthedesign.ch\/de\/produkt\/shiva-ettore-sottsass-bdbarcelona\/#primaryimage"},"image":{"@id":"https:\/\/www.kissthedesign.ch\/de\/produkt\/shiva-ettore-sottsass-bdbarcelona\/#primaryimage"},"thumbnailUrl":"https:\/\/www.kissthedesign.ch\/wp\/wp-content\/uploads\/2020\/11\/vase-shiva-ettore-sottsass.jpg","datePublished":"2020-11-25T14:35:03+00:00","dateModified":"2026-05-01T09:05:29+00:00","description":"Die Vase Shiva wurde 1973 von Ettore Sottsass entworfen und wird seither von BD Barcelona hergestellt. Design-Ikone in der Schweiz kaufen","breadcrumb":{"@id":"https:\/\/www.kissthedesign.ch\/de\/produkt\/shiva-ettore-sottsass-bdbarcelona\/#breadcrumb"},"inLanguage":"de","potentialAction":[{"@type":"ReadAction","target":["https:\/\/www.kissthedesign.ch\/de\/produkt\/shiva-ettore-sottsass-bdbarcelona\/"]}]},{"@type":"ImageObject","inLanguage":"de","@id":"https:\/\/www.kissthedesign.ch\/de\/produkt\/shiva-ettore-sottsass-bdbarcelona\/#primaryimage","url":"https:\/\/www.kissthedesign.ch\/wp\/wp-content\/uploads\/2020\/11\/vase-shiva-ettore-sottsass.jpg","contentUrl":"https:\/\/www.kissthedesign.ch\/wp\/wp-content\/uploads\/2020\/11\/vase-shiva-ettore-sottsass.jpg","width":779,"height":546,"caption":"Vase Shiva de Ettore Sottsass pour BD Barcelona"},{"@type":"BreadcrumbList","@id":"https:\/\/www.kissthedesign.ch\/de\/produkt\/shiva-ettore-sottsass-bdbarcelona\/#breadcrumb","itemListElement":[{"@type":"ListItem","position":1,"name":"Accueil","item":"https:\/\/www.kissthedesign.ch\/de\/"},{"@type":"ListItem","position":2,"name":"Laden","item":"https:\/\/www.kissthedesign.ch\/de\/laden\/"},{"@type":"ListItem","position":3,"name":"Shiva Vase | Ettore Sottsass | BD Barcelona"}]},{"@type":"WebSite","@id":"https:\/\/www.kissthedesign.ch\/en\/#website","url":"https:\/\/www.kissthedesign.ch\/en\/","name":"kissthedesign","description":"Kissthedesign, Lausanne, Suisse. Mobilier du XXe, design vintage","publisher":{"@id":"https:\/\/www.kissthedesign.ch\/en\/#organization"},"potentialAction":[{"@type":"SearchAction","target":{"@type":"EntryPoint","urlTemplate":"https:\/\/www.kissthedesign.ch\/en\/?s={search_term_string}"},"query-input":{"@type":"PropertyValueSpecification","valueRequired":true,"valueName":"search_term_string"}}],"inLanguage":"de"},{"@type":"Organization","@id":"https:\/\/www.kissthedesign.ch\/en\/#organization","name":"Kissthedesign","url":"https:\/\/www.kissthedesign.ch\/en\/","logo":{"@type":"ImageObject","inLanguage":"de","@id":"https:\/\/www.kissthedesign.ch\/en\/#\/schema\/logo\/image\/","url":"https:\/\/www.kissthedesign.ch\/wp\/wp-content\/uploads\/2016\/08\/ktd-logo-web.jpg","contentUrl":"https:\/\/www.kissthedesign.ch\/wp\/wp-content\/uploads\/2016\/08\/ktd-logo-web.jpg","width":450,"height":167,"caption":"Kissthedesign"},"image":{"@id":"https:\/\/www.kissthedesign.ch\/en\/#\/schema\/logo\/image\/"}}]}},"_links":{"self":[{"href":"https:\/\/www.kissthedesign.ch\/de\/wp-json\/wp\/v2\/product\/23636","targetHints":{"allow":["GET"]}}],"collection":[{"href":"https:\/\/www.kissthedesign.ch\/de\/wp-json\/wp\/v2\/product"}],"about":[{"href":"https:\/\/www.kissthedesign.ch\/de\/wp-json\/wp\/v2\/types\/product"}],"replies":[{"embeddable":true,"href":"https:\/\/www.kissthedesign.ch\/de\/wp-json\/wp\/v2\/comments?post=23636"}],"wp:featuredmedia":[{"embeddable":true,"href":"https:\/\/www.kissthedesign.ch\/de\/wp-json\/wp\/v2\/media\/23667"}],"wp:attachment":[{"href":"https:\/\/www.kissthedesign.ch\/de\/wp-json\/wp\/v2\/media?parent=23636"}],"wp:term":[{"taxonomy":"product_brand","embeddable":true,"href":"https:\/\/www.kissthedesign.ch\/de\/wp-json\/wp\/v2\/product_brand?post=23636"},{"taxonomy":"product_cat","embeddable":true,"href":"https:\/\/www.kissthedesign.ch\/de\/wp-json\/wp\/v2\/product_cat?post=23636"},{"taxonomy":"product_tag","embeddable":true,"href":"https:\/\/www.kissthedesign.ch\/de\/wp-json\/wp\/v2\/product_tag?post=23636"}],"curies":[{"name":"wp","href":"https:\/\/api.w.org\/{rel}","templated":true}]}}