{"id":23946,"date":"2021-10-28T16:37:48","date_gmt":"2021-10-28T15:37:48","guid":{"rendered":"https:\/\/www.kissthedesign.ch\/?post_type=product&#038;p=23946"},"modified":"2021-10-29T10:57:30","modified_gmt":"2021-10-29T09:57:30","slug":"pirkka-tapiovaara","status":"publish","type":"product","link":"https:\/\/www.kissthedesign.ch\/de\/produkt\/pirkka-tapiovaara\/","title":{"rendered":"Pirkka Tisch | Ilmari Tapiovaara | Laukaan Puu"},"content":{"rendered":"<div class=\"wpb-content-wrapper\"><p>[vc_row][vc_column][vc_column_text woodmart_color_scheme=&#8221;&#8221; woodmart_inline=&#8221;&#8221; text_larger=&#8221;&#8221;]<\/p>\n<h2>Pirkka Tisch von Ilmari Tapiovaara f\u00fcr Laukaan Puu, 1950<\/h2>\n<p>Der finnische Designer Imari Tapiovaara (1914-1999) lie\u00df sich vor allem von Alvar Aalto und Le Corbusier inspirieren, mit denen er zusammenarbeitete. Er entwickelte M\u00f6bel, haupts\u00e4chlich aus Holz, die eine perfekte Synthese des finnischen modernistischen Stils darstellen. Sein Design ist n\u00fcchtern und minimalistisch, und er teilt die skandinavische Aufmerksamkeit f\u00fcr Materialien und Ergonomie. Dies veranlasste ihn dazu, w\u00e4hrend des Zweiten Weltkriegs M\u00f6bel f\u00fcr die finnische Armee zu entwerfen.<br \/>\nNach seinem Abschluss 1937 an der Kunstgewerbeschule in Helsinki arbeitete er von den 1930er bis 1940er Jahren als Art Director bei Finnlands gr\u00f6\u00dftem M\u00f6belhersteller Asko, bevor er mit dem Domus-Stuhl, den er zwischen 1946 und 1947 als Teil des Domus Academica-Designs entwarf und an dem er gemeinsam mit seiner Frau arbeitete, auf sich aufmerksam machte.<\/p>\n<p>Der Tisch Pirkka, der in den 1950er Jahren von dem Designer Ilmari Tapiovaara entworfen wurde, ist von traditionellen finnischen Volksm\u00f6beln inspiriert, die jedoch modern interpretiert wurden.[\/vc_column_text][\/vc_column][\/vc_row][vc_row][vc_column]\n<div class=\"wpcf7 no-js\" id=\"wpcf7-f12225-o1\" lang=\"fr-FR\" dir=\"ltr\" data-wpcf7-id=\"12225\">\n<div class=\"screen-reader-response\"><p role=\"status\" aria-live=\"polite\" aria-atomic=\"true\"><\/p> <ul><\/ul><\/div>\n<form action=\"\/de\/wp-json\/wp\/v2\/product\/23946#wpcf7-f12225-o1\" method=\"post\" class=\"wpcf7-form init\" aria-label=\"Formulaire de contact\" novalidate=\"novalidate\" data-status=\"init\">\n<fieldset class=\"hidden-fields-container\"><input type=\"hidden\" name=\"_wpcf7\" value=\"12225\" \/><input type=\"hidden\" name=\"_wpcf7_version\" value=\"6.1.5\" \/><input type=\"hidden\" name=\"_wpcf7_locale\" value=\"fr_FR\" \/><input type=\"hidden\" name=\"_wpcf7_unit_tag\" value=\"wpcf7-f12225-o1\" \/><input type=\"hidden\" name=\"_wpcf7_container_post\" value=\"0\" \/><input type=\"hidden\" name=\"_wpcf7_posted_data_hash\" value=\"\" \/><input type=\"hidden\" name=\"_wpcf7_recaptcha_response\" value=\"\" \/>\n<\/fieldset>\n\n<!-- CF7 Modules -->\n<div style='display:none;'><input type=\"hidden\" class=\"wpcf7-form-control wpcf7-hidden\" name=\"hidden-931\" placeholder=\"\" value=\"Pirkka Tisch | Ilmari Tapiovaara | Laukaan Puu\" \/>\n<\/div>\n<!-- End CF7 Modules -->\n\n<p><b>Kontaktieren Sie uns \u00fcber diesen Artikel<\/b>\n<\/p>\n<p>Ihre Name (Pflichtfeld)\n<\/p>\n<p><span class=\"wpcf7-form-control-wrap\" data-name=\"your-name\"><input size=\"40\" maxlength=\"400\" class=\"wpcf7-form-control wpcf7-text wpcf7-validates-as-required\" aria-required=\"true\" aria-invalid=\"false\" value=\"\" type=\"text\" name=\"your-name\" \/><\/span>\n<\/p>\n<p>Ihre Email (Pflichtfeld)\n<\/p>\n<p><span class=\"wpcf7-form-control-wrap\" data-name=\"your-email\"><input size=\"40\" maxlength=\"400\" class=\"wpcf7-form-control wpcf7-email wpcf7-validates-as-required wpcf7-text wpcf7-validates-as-email\" aria-required=\"true\" aria-invalid=\"false\" value=\"\" type=\"email\" name=\"your-email\" \/><\/span>\n<\/p>\n<p>Ihre Nachricht\n<\/p>\n<p><span class=\"wpcf7-form-control-wrap\" data-name=\"your-message\"><textarea cols=\"40\" rows=\"10\" maxlength=\"2000\" class=\"wpcf7-form-control wpcf7-textarea\" aria-invalid=\"false\" name=\"your-message\"><\/textarea><\/span>\n<\/p>\n<p>Die von Ihnen eingegebenen und mit diesem Formular gesendeten Daten werden gespeichert, aber werden nie verkauft oder an Dritte weitergegeben.\n<\/p>\n<p><span class=\"wpcf7-form-control-wrap\" data-name=\"checkbox-296\"><span class=\"wpcf7-form-control wpcf7-checkbox wpcf7-validates-as-required\"><span class=\"wpcf7-list-item first last\"><input type=\"checkbox\" name=\"checkbox-296[]\" value=\"Ich akzeptiere\" \/><span class=\"wpcf7-list-item-label\">Ich akzeptiere<\/span><\/span><\/span><\/span>\n<\/p>\n<p><input class=\"wpcf7-form-control wpcf7-submit has-spinner\" type=\"submit\" value=\"Senden\" \/>\n<\/p><div class=\"wpcf7-response-output\" aria-hidden=\"true\"><\/div>\n<\/form>\n<\/div>\n[\/vc_column][\/vc_row]<\/p>\n<\/div>","protected":false},"excerpt":{"rendered":"<p>Tisch mit Beinen aus Birke und Platte aus massivem Kiefernholz, Stempel des Herstellers unter der Platte.<br \/>\nGuter Zustand mit Gebrauchsspuren.<br \/>\nMa\u00dfe 120 x 70 cm H 70<\/p>\n","protected":false},"featured_media":24285,"comment_status":"closed","ping_status":"closed","template":"","meta":{"_monsterinsights_skip_tracking":false,"_monsterinsights_sitenote_active":false,"_monsterinsights_sitenote_note":"","_monsterinsights_sitenote_category":0},"product_brand":[],"product_cat":[77,76,69],"product_tag":[389,466],"class_list":{"0":"post-23946","1":"product","2":"type-product","3":"status-publish","4":"has-post-thumbnail","6":"product_cat-designklassiker-neuzugaenge","7":"product_cat-tische-und-schraenke","8":"product_cat-vintage-designklassiker","9":"product_tag-50er","10":"product_tag-daenisch-design","11":"product_shipping_class-spediteur-lieferung","13":"first","14":"instock","15":"taxable","16":"shipping-taxable","17":"purchasable","18":"product-type-simple"},"yoast_head":"<!-- This site is optimized with the Yoast SEO plugin v25.3.1 - https:\/\/yoast.com\/wordpress\/plugins\/seo\/ -->\n<title>Pirkka Tisch | Ilmari Tapiovaara | Laukaan Puu | Lausanne, Schweiz<\/title>\n<meta name=\"description\" content=\"Pirkka Tisch, Ilmari Tapiovaara, Laukaan Puu. Vintage Designklassiker aus den 50er. Designladen f\u00fcr vintage M\u00f6beln, Lausanne, Schweiz\" \/>\n<meta name=\"robots\" content=\"index, follow, max-snippet:-1, max-image-preview:large, max-video-preview:-1\" \/>\n<link rel=\"canonical\" href=\"https:\/\/www.kissthedesign.ch\/de\/produkt\/pirkka-tapiovaara\/\" \/>\n<meta property=\"og:locale\" content=\"de_DE\" \/>\n<meta property=\"og:type\" content=\"article\" \/>\n<meta property=\"og:title\" content=\"Pirkka Tisch | Ilmari Tapiovaara | Laukaan Puu | Lausanne, Schweiz\" \/>\n<meta property=\"og:description\" content=\"Pirkka Tisch, Ilmari Tapiovaara, Laukaan Puu. Vintage Designklassiker aus den 50er. Designladen f\u00fcr vintage M\u00f6beln, Lausanne, Schweiz\" \/>\n<meta property=\"og:url\" content=\"https:\/\/www.kissthedesign.ch\/de\/produkt\/pirkka-tapiovaara\/\" \/>\n<meta property=\"og:site_name\" content=\"kissthedesign\" \/>\n<meta property=\"article:modified_time\" content=\"2021-10-29T09:57:30+00:00\" \/>\n<meta property=\"og:image\" content=\"https:\/\/www.kissthedesign.ch\/wp\/wp-content\/uploads\/2021\/10\/table-pirkka-ilmari-tapiovaara.jpg\" \/>\n\t<meta property=\"og:image:width\" content=\"1000\" \/>\n\t<meta property=\"og:image:height\" content=\"642\" \/>\n\t<meta property=\"og:image:type\" content=\"image\/jpeg\" \/>\n<meta name=\"twitter:label1\" content=\"Gesch\u00e4tzte Lesezeit\" \/>\n\t<meta name=\"twitter:data1\" content=\"1\u00a0Minute\" \/>\n<script type=\"application\/ld+json\" class=\"yoast-schema-graph\">{\"@context\":\"https:\/\/schema.org\",\"@graph\":[{\"@type\":\"WebPage\",\"@id\":\"https:\/\/www.kissthedesign.ch\/de\/produkt\/pirkka-tapiovaara\/\",\"url\":\"https:\/\/www.kissthedesign.ch\/de\/produkt\/pirkka-tapiovaara\/\",\"name\":\"Pirkka Tisch | Ilmari Tapiovaara | Laukaan Puu | Lausanne, Schweiz\",\"isPartOf\":{\"@id\":\"https:\/\/www.kissthedesign.ch\/en\/#website\"},\"primaryImageOfPage\":{\"@id\":\"https:\/\/www.kissthedesign.ch\/de\/produkt\/pirkka-tapiovaara\/#primaryimage\"},\"image\":{\"@id\":\"https:\/\/www.kissthedesign.ch\/de\/produkt\/pirkka-tapiovaara\/#primaryimage\"},\"thumbnailUrl\":\"https:\/\/www.kissthedesign.ch\/wp\/wp-content\/uploads\/2021\/10\/pirkka-table-ilmari-Tapiovaara-laukaan.jpg\",\"datePublished\":\"2021-10-28T15:37:48+00:00\",\"dateModified\":\"2021-10-29T09:57:30+00:00\",\"description\":\"Pirkka Tisch, Ilmari Tapiovaara, Laukaan Puu. Vintage Designklassiker aus den 50er. Designladen f\u00fcr vintage M\u00f6beln, Lausanne, Schweiz\",\"breadcrumb\":{\"@id\":\"https:\/\/www.kissthedesign.ch\/de\/produkt\/pirkka-tapiovaara\/#breadcrumb\"},\"inLanguage\":\"de\",\"potentialAction\":[{\"@type\":\"ReadAction\",\"target\":[\"https:\/\/www.kissthedesign.ch\/de\/produkt\/pirkka-tapiovaara\/\"]}]},{\"@type\":\"ImageObject\",\"inLanguage\":\"de\",\"@id\":\"https:\/\/www.kissthedesign.ch\/de\/produkt\/pirkka-tapiovaara\/#primaryimage\",\"url\":\"https:\/\/www.kissthedesign.ch\/wp\/wp-content\/uploads\/2021\/10\/pirkka-table-ilmari-Tapiovaara-laukaan.jpg\",\"contentUrl\":\"https:\/\/www.kissthedesign.ch\/wp\/wp-content\/uploads\/2021\/10\/pirkka-table-ilmari-Tapiovaara-laukaan.jpg\",\"width\":1100,\"height\":733,\"caption\":\"Table Pirkka, Ilmari Tapiovaara, Laukaan Puu\"},{\"@type\":\"BreadcrumbList\",\"@id\":\"https:\/\/www.kissthedesign.ch\/de\/produkt\/pirkka-tapiovaara\/#breadcrumb\",\"itemListElement\":[{\"@type\":\"ListItem\",\"position\":1,\"name\":\"Accueil\",\"item\":\"https:\/\/www.kissthedesign.ch\/de\/\"},{\"@type\":\"ListItem\",\"position\":2,\"name\":\"Laden\",\"item\":\"https:\/\/www.kissthedesign.ch\/de\/laden\/\"},{\"@type\":\"ListItem\",\"position\":3,\"name\":\"Pirkka Tisch | Ilmari Tapiovaara | Laukaan Puu\"}]},{\"@type\":\"WebSite\",\"@id\":\"https:\/\/www.kissthedesign.ch\/en\/#website\",\"url\":\"https:\/\/www.kissthedesign.ch\/en\/\",\"name\":\"kissthedesign\",\"description\":\"Kissthedesign, Lausanne, Suisse. Mobilier du XXe, design vintage\",\"publisher\":{\"@id\":\"https:\/\/www.kissthedesign.ch\/en\/#organization\"},\"potentialAction\":[{\"@type\":\"SearchAction\",\"target\":{\"@type\":\"EntryPoint\",\"urlTemplate\":\"https:\/\/www.kissthedesign.ch\/en\/?s={search_term_string}\"},\"query-input\":{\"@type\":\"PropertyValueSpecification\",\"valueRequired\":true,\"valueName\":\"search_term_string\"}}],\"inLanguage\":\"de\"},{\"@type\":\"Organization\",\"@id\":\"https:\/\/www.kissthedesign.ch\/en\/#organization\",\"name\":\"Kissthedesign\",\"url\":\"https:\/\/www.kissthedesign.ch\/en\/\",\"logo\":{\"@type\":\"ImageObject\",\"inLanguage\":\"de\",\"@id\":\"https:\/\/www.kissthedesign.ch\/en\/#\/schema\/logo\/image\/\",\"url\":\"https:\/\/www.kissthedesign.ch\/wp\/wp-content\/uploads\/2016\/08\/ktd-logo-web.jpg\",\"contentUrl\":\"https:\/\/www.kissthedesign.ch\/wp\/wp-content\/uploads\/2016\/08\/ktd-logo-web.jpg\",\"width\":450,\"height\":167,\"caption\":\"Kissthedesign\"},\"image\":{\"@id\":\"https:\/\/www.kissthedesign.ch\/en\/#\/schema\/logo\/image\/\"}}]}<\/script>\n<!-- \/ Yoast SEO plugin. -->","yoast_head_json":{"title":"Pirkka Tisch | Ilmari Tapiovaara | Laukaan Puu | Lausanne, Schweiz","description":"Pirkka Tisch, Ilmari Tapiovaara, Laukaan Puu. Vintage Designklassiker aus den 50er. Designladen f\u00fcr vintage M\u00f6beln, Lausanne, Schweiz","robots":{"index":"index","follow":"follow","max-snippet":"max-snippet:-1","max-image-preview":"max-image-preview:large","max-video-preview":"max-video-preview:-1"},"canonical":"https:\/\/www.kissthedesign.ch\/de\/produkt\/pirkka-tapiovaara\/","og_locale":"de_DE","og_type":"article","og_title":"Pirkka Tisch | Ilmari Tapiovaara | Laukaan Puu | Lausanne, Schweiz","og_description":"Pirkka Tisch, Ilmari Tapiovaara, Laukaan Puu. Vintage Designklassiker aus den 50er. Designladen f\u00fcr vintage M\u00f6beln, Lausanne, Schweiz","og_url":"https:\/\/www.kissthedesign.ch\/de\/produkt\/pirkka-tapiovaara\/","og_site_name":"kissthedesign","article_modified_time":"2021-10-29T09:57:30+00:00","og_image":[{"width":1000,"height":642,"url":"https:\/\/www.kissthedesign.ch\/wp\/wp-content\/uploads\/2021\/10\/table-pirkka-ilmari-tapiovaara.jpg","type":"image\/jpeg"}],"twitter_misc":{"Gesch\u00e4tzte Lesezeit":"1\u00a0Minute"},"schema":{"@context":"https:\/\/schema.org","@graph":[{"@type":"WebPage","@id":"https:\/\/www.kissthedesign.ch\/de\/produkt\/pirkka-tapiovaara\/","url":"https:\/\/www.kissthedesign.ch\/de\/produkt\/pirkka-tapiovaara\/","name":"Pirkka Tisch | Ilmari Tapiovaara | Laukaan Puu | Lausanne, Schweiz","isPartOf":{"@id":"https:\/\/www.kissthedesign.ch\/en\/#website"},"primaryImageOfPage":{"@id":"https:\/\/www.kissthedesign.ch\/de\/produkt\/pirkka-tapiovaara\/#primaryimage"},"image":{"@id":"https:\/\/www.kissthedesign.ch\/de\/produkt\/pirkka-tapiovaara\/#primaryimage"},"thumbnailUrl":"https:\/\/www.kissthedesign.ch\/wp\/wp-content\/uploads\/2021\/10\/pirkka-table-ilmari-Tapiovaara-laukaan.jpg","datePublished":"2021-10-28T15:37:48+00:00","dateModified":"2021-10-29T09:57:30+00:00","description":"Pirkka Tisch, Ilmari Tapiovaara, Laukaan Puu. Vintage Designklassiker aus den 50er. Designladen f\u00fcr vintage M\u00f6beln, Lausanne, Schweiz","breadcrumb":{"@id":"https:\/\/www.kissthedesign.ch\/de\/produkt\/pirkka-tapiovaara\/#breadcrumb"},"inLanguage":"de","potentialAction":[{"@type":"ReadAction","target":["https:\/\/www.kissthedesign.ch\/de\/produkt\/pirkka-tapiovaara\/"]}]},{"@type":"ImageObject","inLanguage":"de","@id":"https:\/\/www.kissthedesign.ch\/de\/produkt\/pirkka-tapiovaara\/#primaryimage","url":"https:\/\/www.kissthedesign.ch\/wp\/wp-content\/uploads\/2021\/10\/pirkka-table-ilmari-Tapiovaara-laukaan.jpg","contentUrl":"https:\/\/www.kissthedesign.ch\/wp\/wp-content\/uploads\/2021\/10\/pirkka-table-ilmari-Tapiovaara-laukaan.jpg","width":1100,"height":733,"caption":"Table Pirkka, Ilmari Tapiovaara, Laukaan Puu"},{"@type":"BreadcrumbList","@id":"https:\/\/www.kissthedesign.ch\/de\/produkt\/pirkka-tapiovaara\/#breadcrumb","itemListElement":[{"@type":"ListItem","position":1,"name":"Accueil","item":"https:\/\/www.kissthedesign.ch\/de\/"},{"@type":"ListItem","position":2,"name":"Laden","item":"https:\/\/www.kissthedesign.ch\/de\/laden\/"},{"@type":"ListItem","position":3,"name":"Pirkka Tisch | Ilmari Tapiovaara | Laukaan Puu"}]},{"@type":"WebSite","@id":"https:\/\/www.kissthedesign.ch\/en\/#website","url":"https:\/\/www.kissthedesign.ch\/en\/","name":"kissthedesign","description":"Kissthedesign, Lausanne, Suisse. Mobilier du XXe, design vintage","publisher":{"@id":"https:\/\/www.kissthedesign.ch\/en\/#organization"},"potentialAction":[{"@type":"SearchAction","target":{"@type":"EntryPoint","urlTemplate":"https:\/\/www.kissthedesign.ch\/en\/?s={search_term_string}"},"query-input":{"@type":"PropertyValueSpecification","valueRequired":true,"valueName":"search_term_string"}}],"inLanguage":"de"},{"@type":"Organization","@id":"https:\/\/www.kissthedesign.ch\/en\/#organization","name":"Kissthedesign","url":"https:\/\/www.kissthedesign.ch\/en\/","logo":{"@type":"ImageObject","inLanguage":"de","@id":"https:\/\/www.kissthedesign.ch\/en\/#\/schema\/logo\/image\/","url":"https:\/\/www.kissthedesign.ch\/wp\/wp-content\/uploads\/2016\/08\/ktd-logo-web.jpg","contentUrl":"https:\/\/www.kissthedesign.ch\/wp\/wp-content\/uploads\/2016\/08\/ktd-logo-web.jpg","width":450,"height":167,"caption":"Kissthedesign"},"image":{"@id":"https:\/\/www.kissthedesign.ch\/en\/#\/schema\/logo\/image\/"}}]}},"_links":{"self":[{"href":"https:\/\/www.kissthedesign.ch\/de\/wp-json\/wp\/v2\/product\/23946","targetHints":{"allow":["GET"]}}],"collection":[{"href":"https:\/\/www.kissthedesign.ch\/de\/wp-json\/wp\/v2\/product"}],"about":[{"href":"https:\/\/www.kissthedesign.ch\/de\/wp-json\/wp\/v2\/types\/product"}],"replies":[{"embeddable":true,"href":"https:\/\/www.kissthedesign.ch\/de\/wp-json\/wp\/v2\/comments?post=23946"}],"wp:featuredmedia":[{"embeddable":true,"href":"https:\/\/www.kissthedesign.ch\/de\/wp-json\/wp\/v2\/media\/24285"}],"wp:attachment":[{"href":"https:\/\/www.kissthedesign.ch\/de\/wp-json\/wp\/v2\/media?parent=23946"}],"wp:term":[{"taxonomy":"product_brand","embeddable":true,"href":"https:\/\/www.kissthedesign.ch\/de\/wp-json\/wp\/v2\/product_brand?post=23946"},{"taxonomy":"product_cat","embeddable":true,"href":"https:\/\/www.kissthedesign.ch\/de\/wp-json\/wp\/v2\/product_cat?post=23946"},{"taxonomy":"product_tag","embeddable":true,"href":"https:\/\/www.kissthedesign.ch\/de\/wp-json\/wp\/v2\/product_tag?post=23946"}],"curies":[{"name":"wp","href":"https:\/\/api.w.org\/{rel}","templated":true}]}}