{"id":24331,"date":"2022-01-04T08:56:46","date_gmt":"2022-01-04T07:56:47","guid":{"rendered":"https:\/\/www.kissthedesign.ch\/?post_type=product&#038;p=24331"},"modified":"2022-01-04T09:42:41","modified_gmt":"2022-01-04T08:42:41","slug":"first-stuhl-micheledelucchi-memphis","status":"publish","type":"product","link":"https:\/\/www.kissthedesign.ch\/de\/produkt\/first-stuhl-micheledelucchi-memphis\/","title":{"rendered":"First Stuhl | Michele De Lucchi | Memphis Milano"},"content":{"rendered":"<div class=\"wpb-content-wrapper\"><p>[vc_row][vc_column][vc_column_text woodmart_color_scheme=&#8221;&#8221; text_larger=&#8221;&#8221; woodmart_inline=&#8221;&#8221;]<\/p>\n<h2>First Stuhl, Michele De Lucchi, Memphis Milano, 1983<\/h2>\n<p>Michele De Lucchi wurde 1951 in Ferrara, Italien, geboren. Als bedeutende Vertreter der italienischen Postmoderne, Mitglied der Gruppe Alchimia, dann der Memphis Milano Gruppe, hat er sich auch durch seine Entw\u00fcrfe f\u00fcr andere Herstellern wie Olivetti, Artemide (Tolomeo), Alessi, Alias, Kartell usw. ausgezeichnet.<br \/>\nEr hat zahlreiche Ikonen der Memphis-Bewegung entworfen, darunter die Lampe Oceanic (1981), die Tische Flamingo (1984) und Kristall (1981) sowie den Stuhl First (1983).<\/p>\n<p>Stuhl aus farbig lackiertes Metall und Holz. Mit Siegel von Memphis Milano und Echtheitszertifikat.<br \/>\nMasse: 59 x 50 cm, H. 90 cm.<\/p>\n<p>Die postmodernistische Designikone wird seit 1983 von Memphis ununterbrochen produziert.<br \/>\nDie ganze Kollektion von <a href=\"https:\/\/cdn.shopify.com\/s\/files\/1\/1058\/1166\/files\/memphis_milano.pdf?14149556525736315536\" target=\"_blank\" rel=\"noopener noreferrer\">Memphis Milano<\/a> ist bei Kissthedesign erh\u00e4ltlich[\/vc_column_text][\/vc_column][\/vc_row][vc_row css=&#8221;.vc_custom_1486823226754{padding-top: 30px !important;}&#8221;][vc_column width=&#8221;1\/2&#8243;]\n<div class=\"wpcf7 no-js\" id=\"wpcf7-f12225-o1\" lang=\"fr-FR\" dir=\"ltr\" data-wpcf7-id=\"12225\">\n<div class=\"screen-reader-response\"><p role=\"status\" aria-live=\"polite\" aria-atomic=\"true\"><\/p> <ul><\/ul><\/div>\n<form action=\"\/de\/wp-json\/wp\/v2\/product\/24331#wpcf7-f12225-o1\" method=\"post\" class=\"wpcf7-form init\" aria-label=\"Formulaire de contact\" novalidate=\"novalidate\" data-status=\"init\">\n<fieldset class=\"hidden-fields-container\"><input type=\"hidden\" name=\"_wpcf7\" value=\"12225\" \/><input type=\"hidden\" name=\"_wpcf7_version\" value=\"6.1.5\" \/><input type=\"hidden\" name=\"_wpcf7_locale\" value=\"fr_FR\" \/><input type=\"hidden\" name=\"_wpcf7_unit_tag\" value=\"wpcf7-f12225-o1\" \/><input type=\"hidden\" name=\"_wpcf7_container_post\" value=\"0\" \/><input type=\"hidden\" name=\"_wpcf7_posted_data_hash\" value=\"\" \/><input type=\"hidden\" name=\"_wpcf7_recaptcha_response\" value=\"\" \/>\n<\/fieldset>\n\n<!-- CF7 Modules -->\n<div style='display:none;'><input type=\"hidden\" class=\"wpcf7-form-control wpcf7-hidden\" name=\"hidden-931\" placeholder=\"\" value=\"First Stuhl | Michele De Lucchi | Memphis Milano\" \/>\n<\/div>\n<!-- End CF7 Modules -->\n\n<p><b>Kontaktieren Sie uns \u00fcber diesen Artikel<\/b>\n<\/p>\n<p>Ihre Name (Pflichtfeld)\n<\/p>\n<p><span class=\"wpcf7-form-control-wrap\" data-name=\"your-name\"><input size=\"40\" maxlength=\"400\" class=\"wpcf7-form-control wpcf7-text wpcf7-validates-as-required\" aria-required=\"true\" aria-invalid=\"false\" value=\"\" type=\"text\" name=\"your-name\" \/><\/span>\n<\/p>\n<p>Ihre Email (Pflichtfeld)\n<\/p>\n<p><span class=\"wpcf7-form-control-wrap\" data-name=\"your-email\"><input size=\"40\" maxlength=\"400\" class=\"wpcf7-form-control wpcf7-email wpcf7-validates-as-required wpcf7-text wpcf7-validates-as-email\" aria-required=\"true\" aria-invalid=\"false\" value=\"\" type=\"email\" name=\"your-email\" \/><\/span>\n<\/p>\n<p>Ihre Nachricht\n<\/p>\n<p><span class=\"wpcf7-form-control-wrap\" data-name=\"your-message\"><textarea cols=\"40\" rows=\"10\" maxlength=\"2000\" class=\"wpcf7-form-control wpcf7-textarea\" aria-invalid=\"false\" name=\"your-message\"><\/textarea><\/span>\n<\/p>\n<p>Die von Ihnen eingegebenen und mit diesem Formular gesendeten Daten werden gespeichert, aber werden nie verkauft oder an Dritte weitergegeben.\n<\/p>\n<p><span class=\"wpcf7-form-control-wrap\" data-name=\"checkbox-296\"><span class=\"wpcf7-form-control wpcf7-checkbox wpcf7-validates-as-required\"><span class=\"wpcf7-list-item first last\"><input type=\"checkbox\" name=\"checkbox-296[]\" value=\"Ich akzeptiere\" \/><span class=\"wpcf7-list-item-label\">Ich akzeptiere<\/span><\/span><\/span><\/span>\n<\/p>\n<p><input class=\"wpcf7-form-control wpcf7-submit has-spinner\" type=\"submit\" value=\"Senden\" \/>\n<\/p><div class=\"wpcf7-response-output\" aria-hidden=\"true\"><\/div>\n<\/form>\n<\/div>\n[\/vc_column][vc_column width=&#8221;1\/2&#8243;][\/vc_column][\/vc_row]<\/p>\n<\/div>","protected":false},"excerpt":{"rendered":"<p>Stuhl aus farbig lackiertes Metall und Holz. Mit Siegel von Memphis Milano und Echtheitszertifikat.<br \/>\nMasse: 59 x 50 cm, H. 90 cm.<\/p>\n","protected":false},"featured_media":24335,"comment_status":"closed","ping_status":"closed","template":"","meta":{"_monsterinsights_skip_tracking":false,"_monsterinsights_sitenote_active":false,"_monsterinsights_sitenote_note":"","_monsterinsights_sitenote_category":0},"product_brand":[],"product_cat":[71,2771,155,220],"product_tag":[592,501,479],"class_list":{"0":"post-24331","1":"product","2":"type-product","3":"status-publish","4":"has-post-thumbnail","6":"product_cat-design-moebel","7":"product_cat-memphis-milano-de","8":"product_cat-sitzmoebeln","9":"product_cat-stuehle-hocker","10":"product_tag-80er","11":"product_tag-ikonisch-design","12":"product_tag-italienisches-design","13":"product_shipping_class-post-sperrgut","15":"first","16":"instock","17":"taxable","18":"shipping-taxable","19":"purchasable","20":"product-type-simple"},"yoast_head":"<!-- This site is optimized with the Yoast SEO plugin v25.3.1 - https:\/\/yoast.com\/wordpress\/plugins\/seo\/ -->\n<title>First Stuhl | Michele De Lucchi | Memphis Milano, 1981 | Schweiz<\/title>\n<meta name=\"description\" content=\"First Stuhl von Michele De Lucchi, Memphis Milano, 1983. Postmodernistisches Design. Gesch\u00e4ft f\u00fcr Designerm\u00f6bel in der Schweiz\" \/>\n<meta name=\"robots\" content=\"index, follow, max-snippet:-1, max-image-preview:large, max-video-preview:-1\" \/>\n<link rel=\"canonical\" href=\"https:\/\/www.kissthedesign.ch\/de\/produkt\/first-stuhl-micheledelucchi-memphis\/\" \/>\n<meta property=\"og:locale\" content=\"de_DE\" \/>\n<meta property=\"og:type\" content=\"article\" \/>\n<meta property=\"og:title\" content=\"First Stuhl | Michele De Lucchi | Memphis Milano, 1981 | Schweiz\" \/>\n<meta property=\"og:description\" content=\"First Stuhl von Michele De Lucchi, Memphis Milano, 1983. Postmodernistisches Design. Gesch\u00e4ft f\u00fcr Designerm\u00f6bel in der Schweiz\" \/>\n<meta property=\"og:url\" content=\"https:\/\/www.kissthedesign.ch\/de\/produkt\/first-stuhl-micheledelucchi-memphis\/\" \/>\n<meta property=\"og:site_name\" content=\"kissthedesign\" \/>\n<meta property=\"article:modified_time\" content=\"2022-01-04T08:42:41+00:00\" \/>\n<meta property=\"og:image\" content=\"https:\/\/www.kissthedesign.ch\/wp\/wp-content\/uploads\/2022\/01\/chaise-First-michele-de-lucchi-memphis-milano.jpg\" \/>\n\t<meta property=\"og:image:width\" content=\"1100\" \/>\n\t<meta property=\"og:image:height\" content=\"830\" \/>\n\t<meta property=\"og:image:type\" content=\"image\/jpeg\" \/>\n<meta name=\"twitter:label1\" content=\"Gesch\u00e4tzte Lesezeit\" \/>\n\t<meta name=\"twitter:data1\" content=\"1\u00a0Minute\" \/>\n<script type=\"application\/ld+json\" class=\"yoast-schema-graph\">{\"@context\":\"https:\/\/schema.org\",\"@graph\":[{\"@type\":\"WebPage\",\"@id\":\"https:\/\/www.kissthedesign.ch\/de\/produkt\/first-stuhl-micheledelucchi-memphis\/\",\"url\":\"https:\/\/www.kissthedesign.ch\/de\/produkt\/first-stuhl-micheledelucchi-memphis\/\",\"name\":\"First Stuhl | Michele De Lucchi | Memphis Milano, 1981 | Schweiz\",\"isPartOf\":{\"@id\":\"https:\/\/www.kissthedesign.ch\/en\/#website\"},\"primaryImageOfPage\":{\"@id\":\"https:\/\/www.kissthedesign.ch\/de\/produkt\/first-stuhl-micheledelucchi-memphis\/#primaryimage\"},\"image\":{\"@id\":\"https:\/\/www.kissthedesign.ch\/de\/produkt\/first-stuhl-micheledelucchi-memphis\/#primaryimage\"},\"thumbnailUrl\":\"https:\/\/www.kissthedesign.ch\/wp\/wp-content\/uploads\/2022\/01\/chaise-First-michele-de-lucchi-memphis-milano.jpg\",\"datePublished\":\"2022-01-04T07:56:47+00:00\",\"dateModified\":\"2022-01-04T08:42:41+00:00\",\"description\":\"First Stuhl von Michele De Lucchi, Memphis Milano, 1983. Postmodernistisches Design. Gesch\u00e4ft f\u00fcr Designerm\u00f6bel in der Schweiz\",\"breadcrumb\":{\"@id\":\"https:\/\/www.kissthedesign.ch\/de\/produkt\/first-stuhl-micheledelucchi-memphis\/#breadcrumb\"},\"inLanguage\":\"de\",\"potentialAction\":[{\"@type\":\"ReadAction\",\"target\":[\"https:\/\/www.kissthedesign.ch\/de\/produkt\/first-stuhl-micheledelucchi-memphis\/\"]}]},{\"@type\":\"ImageObject\",\"inLanguage\":\"de\",\"@id\":\"https:\/\/www.kissthedesign.ch\/de\/produkt\/first-stuhl-micheledelucchi-memphis\/#primaryimage\",\"url\":\"https:\/\/www.kissthedesign.ch\/wp\/wp-content\/uploads\/2022\/01\/chaise-First-michele-de-lucchi-memphis-milano.jpg\",\"contentUrl\":\"https:\/\/www.kissthedesign.ch\/wp\/wp-content\/uploads\/2022\/01\/chaise-First-michele-de-lucchi-memphis-milano.jpg\",\"width\":1100,\"height\":830,\"caption\":\"First Stuhl, Michele De Lucchi, Memphis Milano, 1983\"},{\"@type\":\"BreadcrumbList\",\"@id\":\"https:\/\/www.kissthedesign.ch\/de\/produkt\/first-stuhl-micheledelucchi-memphis\/#breadcrumb\",\"itemListElement\":[{\"@type\":\"ListItem\",\"position\":1,\"name\":\"Accueil\",\"item\":\"https:\/\/www.kissthedesign.ch\/de\/\"},{\"@type\":\"ListItem\",\"position\":2,\"name\":\"Laden\",\"item\":\"https:\/\/www.kissthedesign.ch\/de\/laden\/\"},{\"@type\":\"ListItem\",\"position\":3,\"name\":\"First Stuhl | Michele De Lucchi | Memphis Milano\"}]},{\"@type\":\"WebSite\",\"@id\":\"https:\/\/www.kissthedesign.ch\/en\/#website\",\"url\":\"https:\/\/www.kissthedesign.ch\/en\/\",\"name\":\"kissthedesign\",\"description\":\"Kissthedesign, Lausanne, Suisse. Mobilier du XXe, design vintage\",\"publisher\":{\"@id\":\"https:\/\/www.kissthedesign.ch\/en\/#organization\"},\"potentialAction\":[{\"@type\":\"SearchAction\",\"target\":{\"@type\":\"EntryPoint\",\"urlTemplate\":\"https:\/\/www.kissthedesign.ch\/en\/?s={search_term_string}\"},\"query-input\":{\"@type\":\"PropertyValueSpecification\",\"valueRequired\":true,\"valueName\":\"search_term_string\"}}],\"inLanguage\":\"de\"},{\"@type\":\"Organization\",\"@id\":\"https:\/\/www.kissthedesign.ch\/en\/#organization\",\"name\":\"Kissthedesign\",\"url\":\"https:\/\/www.kissthedesign.ch\/en\/\",\"logo\":{\"@type\":\"ImageObject\",\"inLanguage\":\"de\",\"@id\":\"https:\/\/www.kissthedesign.ch\/en\/#\/schema\/logo\/image\/\",\"url\":\"https:\/\/www.kissthedesign.ch\/wp\/wp-content\/uploads\/2016\/08\/ktd-logo-web.jpg\",\"contentUrl\":\"https:\/\/www.kissthedesign.ch\/wp\/wp-content\/uploads\/2016\/08\/ktd-logo-web.jpg\",\"width\":450,\"height\":167,\"caption\":\"Kissthedesign\"},\"image\":{\"@id\":\"https:\/\/www.kissthedesign.ch\/en\/#\/schema\/logo\/image\/\"}}]}<\/script>\n<!-- \/ Yoast SEO plugin. -->","yoast_head_json":{"title":"First Stuhl | Michele De Lucchi | Memphis Milano, 1981 | Schweiz","description":"First Stuhl von Michele De Lucchi, Memphis Milano, 1983. Postmodernistisches Design. Gesch\u00e4ft f\u00fcr Designerm\u00f6bel in der Schweiz","robots":{"index":"index","follow":"follow","max-snippet":"max-snippet:-1","max-image-preview":"max-image-preview:large","max-video-preview":"max-video-preview:-1"},"canonical":"https:\/\/www.kissthedesign.ch\/de\/produkt\/first-stuhl-micheledelucchi-memphis\/","og_locale":"de_DE","og_type":"article","og_title":"First Stuhl | Michele De Lucchi | Memphis Milano, 1981 | Schweiz","og_description":"First Stuhl von Michele De Lucchi, Memphis Milano, 1983. Postmodernistisches Design. Gesch\u00e4ft f\u00fcr Designerm\u00f6bel in der Schweiz","og_url":"https:\/\/www.kissthedesign.ch\/de\/produkt\/first-stuhl-micheledelucchi-memphis\/","og_site_name":"kissthedesign","article_modified_time":"2022-01-04T08:42:41+00:00","og_image":[{"width":1100,"height":830,"url":"https:\/\/www.kissthedesign.ch\/wp\/wp-content\/uploads\/2022\/01\/chaise-First-michele-de-lucchi-memphis-milano.jpg","type":"image\/jpeg"}],"twitter_misc":{"Gesch\u00e4tzte Lesezeit":"1\u00a0Minute"},"schema":{"@context":"https:\/\/schema.org","@graph":[{"@type":"WebPage","@id":"https:\/\/www.kissthedesign.ch\/de\/produkt\/first-stuhl-micheledelucchi-memphis\/","url":"https:\/\/www.kissthedesign.ch\/de\/produkt\/first-stuhl-micheledelucchi-memphis\/","name":"First Stuhl | Michele De Lucchi | Memphis Milano, 1981 | Schweiz","isPartOf":{"@id":"https:\/\/www.kissthedesign.ch\/en\/#website"},"primaryImageOfPage":{"@id":"https:\/\/www.kissthedesign.ch\/de\/produkt\/first-stuhl-micheledelucchi-memphis\/#primaryimage"},"image":{"@id":"https:\/\/www.kissthedesign.ch\/de\/produkt\/first-stuhl-micheledelucchi-memphis\/#primaryimage"},"thumbnailUrl":"https:\/\/www.kissthedesign.ch\/wp\/wp-content\/uploads\/2022\/01\/chaise-First-michele-de-lucchi-memphis-milano.jpg","datePublished":"2022-01-04T07:56:47+00:00","dateModified":"2022-01-04T08:42:41+00:00","description":"First Stuhl von Michele De Lucchi, Memphis Milano, 1983. Postmodernistisches Design. Gesch\u00e4ft f\u00fcr Designerm\u00f6bel in der Schweiz","breadcrumb":{"@id":"https:\/\/www.kissthedesign.ch\/de\/produkt\/first-stuhl-micheledelucchi-memphis\/#breadcrumb"},"inLanguage":"de","potentialAction":[{"@type":"ReadAction","target":["https:\/\/www.kissthedesign.ch\/de\/produkt\/first-stuhl-micheledelucchi-memphis\/"]}]},{"@type":"ImageObject","inLanguage":"de","@id":"https:\/\/www.kissthedesign.ch\/de\/produkt\/first-stuhl-micheledelucchi-memphis\/#primaryimage","url":"https:\/\/www.kissthedesign.ch\/wp\/wp-content\/uploads\/2022\/01\/chaise-First-michele-de-lucchi-memphis-milano.jpg","contentUrl":"https:\/\/www.kissthedesign.ch\/wp\/wp-content\/uploads\/2022\/01\/chaise-First-michele-de-lucchi-memphis-milano.jpg","width":1100,"height":830,"caption":"First Stuhl, Michele De Lucchi, Memphis Milano, 1983"},{"@type":"BreadcrumbList","@id":"https:\/\/www.kissthedesign.ch\/de\/produkt\/first-stuhl-micheledelucchi-memphis\/#breadcrumb","itemListElement":[{"@type":"ListItem","position":1,"name":"Accueil","item":"https:\/\/www.kissthedesign.ch\/de\/"},{"@type":"ListItem","position":2,"name":"Laden","item":"https:\/\/www.kissthedesign.ch\/de\/laden\/"},{"@type":"ListItem","position":3,"name":"First Stuhl | Michele De Lucchi | Memphis Milano"}]},{"@type":"WebSite","@id":"https:\/\/www.kissthedesign.ch\/en\/#website","url":"https:\/\/www.kissthedesign.ch\/en\/","name":"kissthedesign","description":"Kissthedesign, Lausanne, Suisse. Mobilier du XXe, design vintage","publisher":{"@id":"https:\/\/www.kissthedesign.ch\/en\/#organization"},"potentialAction":[{"@type":"SearchAction","target":{"@type":"EntryPoint","urlTemplate":"https:\/\/www.kissthedesign.ch\/en\/?s={search_term_string}"},"query-input":{"@type":"PropertyValueSpecification","valueRequired":true,"valueName":"search_term_string"}}],"inLanguage":"de"},{"@type":"Organization","@id":"https:\/\/www.kissthedesign.ch\/en\/#organization","name":"Kissthedesign","url":"https:\/\/www.kissthedesign.ch\/en\/","logo":{"@type":"ImageObject","inLanguage":"de","@id":"https:\/\/www.kissthedesign.ch\/en\/#\/schema\/logo\/image\/","url":"https:\/\/www.kissthedesign.ch\/wp\/wp-content\/uploads\/2016\/08\/ktd-logo-web.jpg","contentUrl":"https:\/\/www.kissthedesign.ch\/wp\/wp-content\/uploads\/2016\/08\/ktd-logo-web.jpg","width":450,"height":167,"caption":"Kissthedesign"},"image":{"@id":"https:\/\/www.kissthedesign.ch\/en\/#\/schema\/logo\/image\/"}}]}},"_links":{"self":[{"href":"https:\/\/www.kissthedesign.ch\/de\/wp-json\/wp\/v2\/product\/24331","targetHints":{"allow":["GET"]}}],"collection":[{"href":"https:\/\/www.kissthedesign.ch\/de\/wp-json\/wp\/v2\/product"}],"about":[{"href":"https:\/\/www.kissthedesign.ch\/de\/wp-json\/wp\/v2\/types\/product"}],"replies":[{"embeddable":true,"href":"https:\/\/www.kissthedesign.ch\/de\/wp-json\/wp\/v2\/comments?post=24331"}],"wp:featuredmedia":[{"embeddable":true,"href":"https:\/\/www.kissthedesign.ch\/de\/wp-json\/wp\/v2\/media\/24335"}],"wp:attachment":[{"href":"https:\/\/www.kissthedesign.ch\/de\/wp-json\/wp\/v2\/media?parent=24331"}],"wp:term":[{"taxonomy":"product_brand","embeddable":true,"href":"https:\/\/www.kissthedesign.ch\/de\/wp-json\/wp\/v2\/product_brand?post=24331"},{"taxonomy":"product_cat","embeddable":true,"href":"https:\/\/www.kissthedesign.ch\/de\/wp-json\/wp\/v2\/product_cat?post=24331"},{"taxonomy":"product_tag","embeddable":true,"href":"https:\/\/www.kissthedesign.ch\/de\/wp-json\/wp\/v2\/product_tag?post=24331"}],"curies":[{"name":"wp","href":"https:\/\/api.w.org\/{rel}","templated":true}]}}