{"id":24824,"date":"2022-01-25T17:20:48","date_gmt":"2022-01-25T16:20:50","guid":{"rendered":"https:\/\/www.kissthedesign.ch\/?post_type=product&#038;p=24824"},"modified":"2022-02-05T15:56:44","modified_gmt":"2022-02-05T14:56:44","slug":"ulmer-hocker-max-bill-wb-form","status":"publish","type":"product","link":"https:\/\/www.kissthedesign.ch\/de\/produkt\/ulmer-hocker-max-bill-wb-form\/","title":{"rendered":"Ulmer Hocker | Max Bill | wb form"},"content":{"rendered":"<div class=\"wpb-content-wrapper\"><p>[vc_row][vc_column][vc_column_text woodmart_color_scheme=&#8221;&#8221; woodmart_inline=&#8221;&#8221; text_larger=&#8221;&#8221;]<\/p>\n<h2>Ulmer Hocker von Max Bill f\u00fcr wb form.<\/h2>\n<p>Der &#8220;Ulmer Hocker&#8221;, der 1954 von Max Bill in Zusammenarbeit mit dem niederl\u00e4ndischen Industriedesigner Hans Gugelot f\u00fcr die Studenten der HfG Ulm entworfen und in den Werkst\u00e4tten der Hochschule hergestellt wurde, ist zu einem Designklassiker geworden. Er ist leicht, robust und multifunktional und dient abwechselnd als Hocker, Beistelltisch oder Regal. In Ulm war es nicht ungew\u00f6hnlich, dass Studenten ihn als Buchhalter benutzten.<\/p>\n<p>Max Bill (1908-1994) war einer der wichtigsten Schweizer K\u00fcnstler des 20. Jahrhunderts. Er arbeitete als bildender K\u00fcnstler, Designer, Grafiker und Architekt und studierte unter anderem bei Wassily Kandinsky und Paul Klee. Im Jahr 1950 war er Mitbegr\u00fcnder der Hochschule f\u00fcr Gestaltung in Ulm, deren Geb\u00e4ude er entwarf.<\/p>\n<p>Die Schweizer Marke edition <a href=\"https:\/\/www.kissthedesign.ch\/de\/produkt-kategorie\/hersteller\/wohnbedarf-de\/\" target=\"_blank\" rel=\"noopener\">Wohnbedarf, wb form<\/a>, ist in der Galerie Kissthedesign in Lausanne erh\u00e4ltlich.<\/p>\n<p>&gt; <a href=\"https:\/\/www.kissthedesign.ch\/de\/hersteller-design\/\" target=\"_blank\" rel=\"noopener\">alle unsere Marken ansehen<\/a>[\/vc_column_text][\/vc_column][\/vc_row][vc_row css=&#8221;.vc_custom_1486917974905{padding-top: 30px !important;}&#8221;][vc_column width=&#8221;1\/2&#8243;]\n<div class=\"wpcf7 no-js\" id=\"wpcf7-f12225-o1\" lang=\"fr-FR\" dir=\"ltr\" data-wpcf7-id=\"12225\">\n<div class=\"screen-reader-response\"><p role=\"status\" aria-live=\"polite\" aria-atomic=\"true\"><\/p> <ul><\/ul><\/div>\n<form action=\"\/de\/wp-json\/wp\/v2\/product\/24824#wpcf7-f12225-o1\" method=\"post\" class=\"wpcf7-form init\" aria-label=\"Formulaire de contact\" novalidate=\"novalidate\" data-status=\"init\">\n<fieldset class=\"hidden-fields-container\"><input type=\"hidden\" name=\"_wpcf7\" value=\"12225\" \/><input type=\"hidden\" name=\"_wpcf7_version\" value=\"6.1.5\" \/><input type=\"hidden\" name=\"_wpcf7_locale\" value=\"fr_FR\" \/><input type=\"hidden\" name=\"_wpcf7_unit_tag\" value=\"wpcf7-f12225-o1\" \/><input type=\"hidden\" name=\"_wpcf7_container_post\" value=\"0\" \/><input type=\"hidden\" name=\"_wpcf7_posted_data_hash\" value=\"\" \/><input type=\"hidden\" name=\"_wpcf7_recaptcha_response\" value=\"\" \/>\n<\/fieldset>\n\n<!-- CF7 Modules -->\n<div style='display:none;'><input type=\"hidden\" class=\"wpcf7-form-control wpcf7-hidden\" name=\"hidden-931\" placeholder=\"\" value=\"Ulmer Hocker | Max Bill | wb form\" \/>\n<\/div>\n<!-- End CF7 Modules -->\n\n<p><b>Kontaktieren Sie uns \u00fcber diesen Artikel<\/b>\n<\/p>\n<p>Ihre Name (Pflichtfeld)\n<\/p>\n<p><span class=\"wpcf7-form-control-wrap\" data-name=\"your-name\"><input size=\"40\" maxlength=\"400\" class=\"wpcf7-form-control wpcf7-text wpcf7-validates-as-required\" aria-required=\"true\" aria-invalid=\"false\" value=\"\" type=\"text\" name=\"your-name\" \/><\/span>\n<\/p>\n<p>Ihre Email (Pflichtfeld)\n<\/p>\n<p><span class=\"wpcf7-form-control-wrap\" data-name=\"your-email\"><input size=\"40\" maxlength=\"400\" class=\"wpcf7-form-control wpcf7-email wpcf7-validates-as-required wpcf7-text wpcf7-validates-as-email\" aria-required=\"true\" aria-invalid=\"false\" value=\"\" type=\"email\" name=\"your-email\" \/><\/span>\n<\/p>\n<p>Ihre Nachricht\n<\/p>\n<p><span class=\"wpcf7-form-control-wrap\" data-name=\"your-message\"><textarea cols=\"40\" rows=\"10\" maxlength=\"2000\" class=\"wpcf7-form-control wpcf7-textarea\" aria-invalid=\"false\" name=\"your-message\"><\/textarea><\/span>\n<\/p>\n<p>Die von Ihnen eingegebenen und mit diesem Formular gesendeten Daten werden gespeichert, aber werden nie verkauft oder an Dritte weitergegeben.\n<\/p>\n<p><span class=\"wpcf7-form-control-wrap\" data-name=\"checkbox-296\"><span class=\"wpcf7-form-control wpcf7-checkbox wpcf7-validates-as-required\"><span class=\"wpcf7-list-item first last\"><input type=\"checkbox\" name=\"checkbox-296[]\" value=\"Ich akzeptiere\" \/><span class=\"wpcf7-list-item-label\">Ich akzeptiere<\/span><\/span><\/span><\/span>\n<\/p>\n<p><input class=\"wpcf7-form-control wpcf7-submit has-spinner\" type=\"submit\" value=\"Senden\" \/>\n<\/p><div class=\"wpcf7-response-output\" aria-hidden=\"true\"><\/div>\n<\/form>\n<\/div>\n[\/vc_column][vc_column width=&#8221;1\/2&#8243;][\/vc_column][\/vc_row][vc_row][vc_column][vc_column_text][\/vc_column_text][\/vc_column][\/vc_row]<\/p>\n<\/div>","protected":false},"excerpt":{"rendered":"<p>Hocker, Beistelltisch oder Regalelement aus Holz. Erh\u00e4ltlich in naturbelassener Ausf\u00fchrung (Fichtenholz oder Walnuss) oder aus gebeiztem Birkenholz in den Farben Himmel blau, dunkelblau, zitronengelb, leuchtorange, feuerrot, apfelgr\u00fcn oder schwarz.<br \/>\nMa\u00dfe: 39 x 29 cm. H = 43 cm.<\/p>\n","protected":false},"featured_media":24884,"comment_status":"closed","ping_status":"closed","template":"","meta":{"_monsterinsights_skip_tracking":false,"_monsterinsights_sitenote_active":false,"_monsterinsights_sitenote_note":"","_monsterinsights_sitenote_category":0},"product_brand":[],"product_cat":[71,155,220,202,228,232,766],"product_tag":[389,501,532],"class_list":{"0":"post-24824","1":"product","2":"type-product","3":"status-publish","4":"has-post-thumbnail","6":"product_cat-design-moebel","7":"product_cat-sitzmoebeln","8":"product_cat-stuehle-hocker","9":"product_cat-tische","10":"product_cat-tisch-schranke","11":"product_cat-schranke-regale","12":"product_cat-wohnbedarf-de","13":"product_tag-50er","14":"product_tag-ikonisch-design","15":"product_tag-schweizer-design","16":"product_shipping_class-postpac-8-de","18":"first","19":"instock","20":"taxable","21":"shipping-taxable","22":"purchasable","23":"product-type-variable"},"yoast_head":"<!-- This site is optimized with the Yoast SEO plugin v25.3.1 - https:\/\/yoast.com\/wordpress\/plugins\/seo\/ -->\n<title>Ulmer Hocker | Max Bill | wb form | Lausanne, Schweiz<\/title>\n<meta name=\"description\" content=\"Ulmer Hocker von Max Bill f\u00fcr Wohnbedarf, wb form ist ein schweizer Designklassiker aus den 40er Jahren. Designladen in der Schweiz.\" \/>\n<meta name=\"robots\" content=\"index, follow, max-snippet:-1, max-image-preview:large, max-video-preview:-1\" \/>\n<link rel=\"canonical\" href=\"https:\/\/www.kissthedesign.ch\/de\/produkt\/ulmer-hocker-max-bill-wb-form\/\" \/>\n<meta property=\"og:locale\" content=\"de_DE\" \/>\n<meta property=\"og:type\" content=\"article\" \/>\n<meta property=\"og:title\" content=\"Ulmer Hocker | Max Bill | wb form | Lausanne, Schweiz\" \/>\n<meta property=\"og:description\" content=\"Ulmer Hocker von Max Bill f\u00fcr Wohnbedarf, wb form ist ein schweizer Designklassiker aus den 40er Jahren. Designladen in der Schweiz.\" \/>\n<meta property=\"og:url\" content=\"https:\/\/www.kissthedesign.ch\/de\/produkt\/ulmer-hocker-max-bill-wb-form\/\" \/>\n<meta property=\"og:site_name\" content=\"kissthedesign\" \/>\n<meta property=\"article:modified_time\" content=\"2022-02-05T14:56:44+00:00\" \/>\n<meta property=\"og:image\" content=\"https:\/\/www.kissthedesign.ch\/wp\/wp-content\/uploads\/2022\/01\/ulmer-hocker-max-bill-wbform-13.jpg\" \/>\n\t<meta property=\"og:image:width\" content=\"1024\" \/>\n\t<meta property=\"og:image:height\" content=\"768\" \/>\n\t<meta property=\"og:image:type\" content=\"image\/jpeg\" \/>\n<meta name=\"twitter:label1\" content=\"Gesch\u00e4tzte Lesezeit\" \/>\n\t<meta name=\"twitter:data1\" content=\"1\u00a0Minute\" \/>\n<script type=\"application\/ld+json\" class=\"yoast-schema-graph\">{\"@context\":\"https:\/\/schema.org\",\"@graph\":[{\"@type\":\"WebPage\",\"@id\":\"https:\/\/www.kissthedesign.ch\/de\/produkt\/ulmer-hocker-max-bill-wb-form\/\",\"url\":\"https:\/\/www.kissthedesign.ch\/de\/produkt\/ulmer-hocker-max-bill-wb-form\/\",\"name\":\"Ulmer Hocker | Max Bill | wb form | Lausanne, Schweiz\",\"isPartOf\":{\"@id\":\"https:\/\/www.kissthedesign.ch\/en\/#website\"},\"primaryImageOfPage\":{\"@id\":\"https:\/\/www.kissthedesign.ch\/de\/produkt\/ulmer-hocker-max-bill-wb-form\/#primaryimage\"},\"image\":{\"@id\":\"https:\/\/www.kissthedesign.ch\/de\/produkt\/ulmer-hocker-max-bill-wb-form\/#primaryimage\"},\"thumbnailUrl\":\"https:\/\/www.kissthedesign.ch\/wp\/wp-content\/uploads\/2022\/01\/ulmer-hocker-max-bill-wbform-13.jpg\",\"datePublished\":\"2022-01-25T16:20:50+00:00\",\"dateModified\":\"2022-02-05T14:56:44+00:00\",\"description\":\"Ulmer Hocker von Max Bill f\u00fcr Wohnbedarf, wb form ist ein schweizer Designklassiker aus den 40er Jahren. Designladen in der Schweiz.\",\"breadcrumb\":{\"@id\":\"https:\/\/www.kissthedesign.ch\/de\/produkt\/ulmer-hocker-max-bill-wb-form\/#breadcrumb\"},\"inLanguage\":\"de\",\"potentialAction\":[{\"@type\":\"ReadAction\",\"target\":[\"https:\/\/www.kissthedesign.ch\/de\/produkt\/ulmer-hocker-max-bill-wb-form\/\"]}]},{\"@type\":\"ImageObject\",\"inLanguage\":\"de\",\"@id\":\"https:\/\/www.kissthedesign.ch\/de\/produkt\/ulmer-hocker-max-bill-wb-form\/#primaryimage\",\"url\":\"https:\/\/www.kissthedesign.ch\/wp\/wp-content\/uploads\/2022\/01\/ulmer-hocker-max-bill-wbform-13.jpg\",\"contentUrl\":\"https:\/\/www.kissthedesign.ch\/wp\/wp-content\/uploads\/2022\/01\/ulmer-hocker-max-bill-wbform-13.jpg\",\"width\":1024,\"height\":768,\"caption\":\"Ulmer Hocker, Max Bill, wb form\"},{\"@type\":\"BreadcrumbList\",\"@id\":\"https:\/\/www.kissthedesign.ch\/de\/produkt\/ulmer-hocker-max-bill-wb-form\/#breadcrumb\",\"itemListElement\":[{\"@type\":\"ListItem\",\"position\":1,\"name\":\"Accueil\",\"item\":\"https:\/\/www.kissthedesign.ch\/de\/\"},{\"@type\":\"ListItem\",\"position\":2,\"name\":\"Laden\",\"item\":\"https:\/\/www.kissthedesign.ch\/de\/laden\/\"},{\"@type\":\"ListItem\",\"position\":3,\"name\":\"Ulmer Hocker | Max Bill | wb form\"}]},{\"@type\":\"WebSite\",\"@id\":\"https:\/\/www.kissthedesign.ch\/en\/#website\",\"url\":\"https:\/\/www.kissthedesign.ch\/en\/\",\"name\":\"kissthedesign\",\"description\":\"Kissthedesign, Lausanne, Suisse. Mobilier du XXe, design vintage\",\"publisher\":{\"@id\":\"https:\/\/www.kissthedesign.ch\/en\/#organization\"},\"potentialAction\":[{\"@type\":\"SearchAction\",\"target\":{\"@type\":\"EntryPoint\",\"urlTemplate\":\"https:\/\/www.kissthedesign.ch\/en\/?s={search_term_string}\"},\"query-input\":{\"@type\":\"PropertyValueSpecification\",\"valueRequired\":true,\"valueName\":\"search_term_string\"}}],\"inLanguage\":\"de\"},{\"@type\":\"Organization\",\"@id\":\"https:\/\/www.kissthedesign.ch\/en\/#organization\",\"name\":\"Kissthedesign\",\"url\":\"https:\/\/www.kissthedesign.ch\/en\/\",\"logo\":{\"@type\":\"ImageObject\",\"inLanguage\":\"de\",\"@id\":\"https:\/\/www.kissthedesign.ch\/en\/#\/schema\/logo\/image\/\",\"url\":\"https:\/\/www.kissthedesign.ch\/wp\/wp-content\/uploads\/2016\/08\/ktd-logo-web.jpg\",\"contentUrl\":\"https:\/\/www.kissthedesign.ch\/wp\/wp-content\/uploads\/2016\/08\/ktd-logo-web.jpg\",\"width\":450,\"height\":167,\"caption\":\"Kissthedesign\"},\"image\":{\"@id\":\"https:\/\/www.kissthedesign.ch\/en\/#\/schema\/logo\/image\/\"}}]}<\/script>\n<!-- \/ Yoast SEO plugin. -->","yoast_head_json":{"title":"Ulmer Hocker | Max Bill | wb form | Lausanne, Schweiz","description":"Ulmer Hocker von Max Bill f\u00fcr Wohnbedarf, wb form ist ein schweizer Designklassiker aus den 40er Jahren. Designladen in der Schweiz.","robots":{"index":"index","follow":"follow","max-snippet":"max-snippet:-1","max-image-preview":"max-image-preview:large","max-video-preview":"max-video-preview:-1"},"canonical":"https:\/\/www.kissthedesign.ch\/de\/produkt\/ulmer-hocker-max-bill-wb-form\/","og_locale":"de_DE","og_type":"article","og_title":"Ulmer Hocker | Max Bill | wb form | Lausanne, Schweiz","og_description":"Ulmer Hocker von Max Bill f\u00fcr Wohnbedarf, wb form ist ein schweizer Designklassiker aus den 40er Jahren. Designladen in der Schweiz.","og_url":"https:\/\/www.kissthedesign.ch\/de\/produkt\/ulmer-hocker-max-bill-wb-form\/","og_site_name":"kissthedesign","article_modified_time":"2022-02-05T14:56:44+00:00","og_image":[{"width":1024,"height":768,"url":"https:\/\/www.kissthedesign.ch\/wp\/wp-content\/uploads\/2022\/01\/ulmer-hocker-max-bill-wbform-13.jpg","type":"image\/jpeg"}],"twitter_misc":{"Gesch\u00e4tzte Lesezeit":"1\u00a0Minute"},"schema":{"@context":"https:\/\/schema.org","@graph":[{"@type":"WebPage","@id":"https:\/\/www.kissthedesign.ch\/de\/produkt\/ulmer-hocker-max-bill-wb-form\/","url":"https:\/\/www.kissthedesign.ch\/de\/produkt\/ulmer-hocker-max-bill-wb-form\/","name":"Ulmer Hocker | Max Bill | wb form | Lausanne, Schweiz","isPartOf":{"@id":"https:\/\/www.kissthedesign.ch\/en\/#website"},"primaryImageOfPage":{"@id":"https:\/\/www.kissthedesign.ch\/de\/produkt\/ulmer-hocker-max-bill-wb-form\/#primaryimage"},"image":{"@id":"https:\/\/www.kissthedesign.ch\/de\/produkt\/ulmer-hocker-max-bill-wb-form\/#primaryimage"},"thumbnailUrl":"https:\/\/www.kissthedesign.ch\/wp\/wp-content\/uploads\/2022\/01\/ulmer-hocker-max-bill-wbform-13.jpg","datePublished":"2022-01-25T16:20:50+00:00","dateModified":"2022-02-05T14:56:44+00:00","description":"Ulmer Hocker von Max Bill f\u00fcr Wohnbedarf, wb form ist ein schweizer Designklassiker aus den 40er Jahren. Designladen in der Schweiz.","breadcrumb":{"@id":"https:\/\/www.kissthedesign.ch\/de\/produkt\/ulmer-hocker-max-bill-wb-form\/#breadcrumb"},"inLanguage":"de","potentialAction":[{"@type":"ReadAction","target":["https:\/\/www.kissthedesign.ch\/de\/produkt\/ulmer-hocker-max-bill-wb-form\/"]}]},{"@type":"ImageObject","inLanguage":"de","@id":"https:\/\/www.kissthedesign.ch\/de\/produkt\/ulmer-hocker-max-bill-wb-form\/#primaryimage","url":"https:\/\/www.kissthedesign.ch\/wp\/wp-content\/uploads\/2022\/01\/ulmer-hocker-max-bill-wbform-13.jpg","contentUrl":"https:\/\/www.kissthedesign.ch\/wp\/wp-content\/uploads\/2022\/01\/ulmer-hocker-max-bill-wbform-13.jpg","width":1024,"height":768,"caption":"Ulmer Hocker, Max Bill, wb form"},{"@type":"BreadcrumbList","@id":"https:\/\/www.kissthedesign.ch\/de\/produkt\/ulmer-hocker-max-bill-wb-form\/#breadcrumb","itemListElement":[{"@type":"ListItem","position":1,"name":"Accueil","item":"https:\/\/www.kissthedesign.ch\/de\/"},{"@type":"ListItem","position":2,"name":"Laden","item":"https:\/\/www.kissthedesign.ch\/de\/laden\/"},{"@type":"ListItem","position":3,"name":"Ulmer Hocker | Max Bill | wb form"}]},{"@type":"WebSite","@id":"https:\/\/www.kissthedesign.ch\/en\/#website","url":"https:\/\/www.kissthedesign.ch\/en\/","name":"kissthedesign","description":"Kissthedesign, Lausanne, Suisse. Mobilier du XXe, design vintage","publisher":{"@id":"https:\/\/www.kissthedesign.ch\/en\/#organization"},"potentialAction":[{"@type":"SearchAction","target":{"@type":"EntryPoint","urlTemplate":"https:\/\/www.kissthedesign.ch\/en\/?s={search_term_string}"},"query-input":{"@type":"PropertyValueSpecification","valueRequired":true,"valueName":"search_term_string"}}],"inLanguage":"de"},{"@type":"Organization","@id":"https:\/\/www.kissthedesign.ch\/en\/#organization","name":"Kissthedesign","url":"https:\/\/www.kissthedesign.ch\/en\/","logo":{"@type":"ImageObject","inLanguage":"de","@id":"https:\/\/www.kissthedesign.ch\/en\/#\/schema\/logo\/image\/","url":"https:\/\/www.kissthedesign.ch\/wp\/wp-content\/uploads\/2016\/08\/ktd-logo-web.jpg","contentUrl":"https:\/\/www.kissthedesign.ch\/wp\/wp-content\/uploads\/2016\/08\/ktd-logo-web.jpg","width":450,"height":167,"caption":"Kissthedesign"},"image":{"@id":"https:\/\/www.kissthedesign.ch\/en\/#\/schema\/logo\/image\/"}}]}},"_links":{"self":[{"href":"https:\/\/www.kissthedesign.ch\/de\/wp-json\/wp\/v2\/product\/24824","targetHints":{"allow":["GET"]}}],"collection":[{"href":"https:\/\/www.kissthedesign.ch\/de\/wp-json\/wp\/v2\/product"}],"about":[{"href":"https:\/\/www.kissthedesign.ch\/de\/wp-json\/wp\/v2\/types\/product"}],"replies":[{"embeddable":true,"href":"https:\/\/www.kissthedesign.ch\/de\/wp-json\/wp\/v2\/comments?post=24824"}],"wp:featuredmedia":[{"embeddable":true,"href":"https:\/\/www.kissthedesign.ch\/de\/wp-json\/wp\/v2\/media\/24884"}],"wp:attachment":[{"href":"https:\/\/www.kissthedesign.ch\/de\/wp-json\/wp\/v2\/media?parent=24824"}],"wp:term":[{"taxonomy":"product_brand","embeddable":true,"href":"https:\/\/www.kissthedesign.ch\/de\/wp-json\/wp\/v2\/product_brand?post=24824"},{"taxonomy":"product_cat","embeddable":true,"href":"https:\/\/www.kissthedesign.ch\/de\/wp-json\/wp\/v2\/product_cat?post=24824"},{"taxonomy":"product_tag","embeddable":true,"href":"https:\/\/www.kissthedesign.ch\/de\/wp-json\/wp\/v2\/product_tag?post=24824"}],"curies":[{"name":"wp","href":"https:\/\/api.w.org\/{rel}","templated":true}]}}