{"id":25329,"date":"2022-03-16T15:36:55","date_gmt":"2022-03-16T14:36:56","guid":{"rendered":"https:\/\/www.kissthedesign.ch\/?post_type=product&#038;p=25329"},"modified":"2022-03-17T17:11:19","modified_gmt":"2022-03-17T16:11:19","slug":"wishbone-ch24-stuhl-hans-wegner-carl-hansen","status":"publish","type":"product","link":"https:\/\/www.kissthedesign.ch\/de\/produkt\/wishbone-ch24-stuhl-hans-wegner-carl-hansen\/","title":{"rendered":"Stuhl Wishbone CH24 | Hans J. Wegner | Carl Hansen &amp; S\u00f8n"},"content":{"rendered":"<div class=\"wpb-content-wrapper\"><p>[vc_row][vc_column][vc_column_text woodmart_color_scheme=&#8221;&#8221; woodmart_inline=&#8221;&#8221; text_larger=&#8221;&#8221;]<\/p>\n<h2>Stuhl Wishbone CH24 von Hans J. Wegner f\u00fcr Carl Hansen &amp; S\u00f8n.<\/h2>\n<p>Hans J. Wegner entwarf 1949 den ikonischen Wishbone-Stuhl, der seitdem zu einer Ikone des modernen d\u00e4nischen Designs geworden ist.<\/p>\n<p>Die R\u00fcckenlehne und die Armlehnen des Wishbone sind aus einem einzigen gebogenen St\u00fcck gefertigt, mit einem zus\u00e4tzlichen Y-f\u00f6rmigen R\u00fccken, der dem Stuhl seinen Namen gibt. Die meisten der 100 Arbeitsschritte, die zur Herstellung des Stuhls in der Werkstatt erforderlich sind, werden von Hand ausgef\u00fchrt. Ein Facharbeiter ben\u00f6tigt etwa eine Stunde, um allein die Sitzfl\u00e4che mit 120 Metern beeindruckend haltbarer und stabiler Papierschnur herzustellen. Der Wishbone bietet au\u00dfergew\u00f6hnlichen Komfort und perfekte Verarbeitung.<\/p>\n<p>Wir haben eine Reihe von H\u00f6lzern und Farben f\u00fcr Sie ausgew\u00e4hlt, bitte kontaktieren Sie uns f\u00fcr andere H\u00f6lzer und Farben.<\/p>\n<p>Die Marke <a href=\"https:\/\/www.carlhansen.com\/de-de\" target=\"_blank\" rel=\"noopener\">Carl Hansen &amp; S\u00f8n<\/a>\u00a0ist in der Galerie Kissthedesign in Lausanne erh\u00e4ltlich.<\/p>\n<p>&gt; <a href=\"https:\/\/www.kissthedesign.ch\/de\/hersteller-design\/\" target=\"_blank\" rel=\"noopener\">alle unsere Marken ansehen<\/a>[\/vc_column_text][\/vc_column][\/vc_row][vc_row css=&#8221;.vc_custom_1486917974905{padding-top: 30px !important;}&#8221;][vc_column width=&#8221;1\/2&#8243;]\n<div class=\"wpcf7 no-js\" id=\"wpcf7-f12225-o1\" lang=\"fr-FR\" dir=\"ltr\" data-wpcf7-id=\"12225\">\n<div class=\"screen-reader-response\"><p role=\"status\" aria-live=\"polite\" aria-atomic=\"true\"><\/p> <ul><\/ul><\/div>\n<form action=\"\/de\/wp-json\/wp\/v2\/product\/25329#wpcf7-f12225-o1\" method=\"post\" class=\"wpcf7-form init\" aria-label=\"Formulaire de contact\" novalidate=\"novalidate\" data-status=\"init\">\n<fieldset class=\"hidden-fields-container\"><input type=\"hidden\" name=\"_wpcf7\" value=\"12225\" \/><input type=\"hidden\" name=\"_wpcf7_version\" value=\"6.1.5\" \/><input type=\"hidden\" name=\"_wpcf7_locale\" value=\"fr_FR\" \/><input type=\"hidden\" name=\"_wpcf7_unit_tag\" value=\"wpcf7-f12225-o1\" \/><input type=\"hidden\" name=\"_wpcf7_container_post\" value=\"0\" \/><input type=\"hidden\" name=\"_wpcf7_posted_data_hash\" value=\"\" \/><input type=\"hidden\" name=\"_wpcf7_recaptcha_response\" value=\"\" \/>\n<\/fieldset>\n\n<!-- CF7 Modules -->\n<div style='display:none;'><input type=\"hidden\" class=\"wpcf7-form-control wpcf7-hidden\" name=\"hidden-931\" placeholder=\"\" value=\"Stuhl Wishbone CH24 | Hans J. Wegner | Carl Hansen &amp; S\u00f8n\" \/>\n<\/div>\n<!-- End CF7 Modules -->\n\n<p><b>Kontaktieren Sie uns \u00fcber diesen Artikel<\/b>\n<\/p>\n<p>Ihre Name (Pflichtfeld)\n<\/p>\n<p><span class=\"wpcf7-form-control-wrap\" data-name=\"your-name\"><input size=\"40\" maxlength=\"400\" class=\"wpcf7-form-control wpcf7-text wpcf7-validates-as-required\" aria-required=\"true\" aria-invalid=\"false\" value=\"\" type=\"text\" name=\"your-name\" \/><\/span>\n<\/p>\n<p>Ihre Email (Pflichtfeld)\n<\/p>\n<p><span class=\"wpcf7-form-control-wrap\" data-name=\"your-email\"><input size=\"40\" maxlength=\"400\" class=\"wpcf7-form-control wpcf7-email wpcf7-validates-as-required wpcf7-text wpcf7-validates-as-email\" aria-required=\"true\" aria-invalid=\"false\" value=\"\" type=\"email\" name=\"your-email\" \/><\/span>\n<\/p>\n<p>Ihre Nachricht\n<\/p>\n<p><span class=\"wpcf7-form-control-wrap\" data-name=\"your-message\"><textarea cols=\"40\" rows=\"10\" maxlength=\"2000\" class=\"wpcf7-form-control wpcf7-textarea\" aria-invalid=\"false\" name=\"your-message\"><\/textarea><\/span>\n<\/p>\n<p>Die von Ihnen eingegebenen und mit diesem Formular gesendeten Daten werden gespeichert, aber werden nie verkauft oder an Dritte weitergegeben.\n<\/p>\n<p><span class=\"wpcf7-form-control-wrap\" data-name=\"checkbox-296\"><span class=\"wpcf7-form-control wpcf7-checkbox wpcf7-validates-as-required\"><span class=\"wpcf7-list-item first last\"><input type=\"checkbox\" name=\"checkbox-296[]\" value=\"Ich akzeptiere\" \/><span class=\"wpcf7-list-item-label\">Ich akzeptiere<\/span><\/span><\/span><\/span>\n<\/p>\n<p><input class=\"wpcf7-form-control wpcf7-submit has-spinner\" type=\"submit\" value=\"Senden\" \/>\n<\/p><div class=\"wpcf7-response-output\" aria-hidden=\"true\"><\/div>\n<\/form>\n<\/div>\n[\/vc_column][vc_column width=&#8221;1\/2&#8243;][\/vc_column][\/vc_row][vc_row][vc_column][vc_column_text][\/vc_column_text][\/vc_column][\/vc_row]<\/p>\n<\/div>","protected":false},"excerpt":{"rendered":"<p>Massivholzstuhl mit Sitz aus Papierkordel. Wir haben f\u00fcr Sie eine breite Palette von H\u00f6lzern und Farben ausgew\u00e4hlt, bitte kontaktieren Sie uns f\u00fcr andere H\u00f6lzer, Farben oder Sitzkissen.<br \/>\nMa\u00dfe: ca. 55 x 51 cm. H = 76 cm. Sitzfl\u00e4che= 45 cm.<\/p>\n","protected":false},"featured_media":25521,"comment_status":"closed","ping_status":"closed","template":"","meta":{"_monsterinsights_skip_tracking":false,"_monsterinsights_sitenote_active":false,"_monsterinsights_sitenote_note":"","_monsterinsights_sitenote_category":0},"product_brand":[],"product_cat":[3291,71,155,220],"product_tag":[389,466,501],"class_list":{"0":"post-25329","1":"product","2":"type-product","3":"status-publish","4":"has-post-thumbnail","6":"product_cat-carl-hansen-de","7":"product_cat-design-moebel","8":"product_cat-sitzmoebeln","9":"product_cat-stuehle-hocker","10":"product_tag-50er","11":"product_tag-daenisch-design","12":"product_tag-ikonisch-design","13":"product_shipping_class-post-sperrgut","15":"first","16":"instock","17":"taxable","18":"shipping-taxable","19":"purchasable","20":"product-type-variable"},"yoast_head":"<!-- This site is optimized with the Yoast SEO plugin v25.3.1 - https:\/\/yoast.com\/wordpress\/plugins\/seo\/ -->\n<title>Wishbone CH24 | Hans J. Wegner | Carl Hansen &amp; S\u00f8n | Schweiz<\/title>\n<meta name=\"description\" content=\"Stuhl Wishbone CH24 von Hans J. Wegner f\u00fcr Carl Hansen &amp; S\u00f8n. Danisches design. Designladen in der Schweiz.\" \/>\n<meta name=\"robots\" content=\"index, follow, max-snippet:-1, max-image-preview:large, max-video-preview:-1\" \/>\n<link rel=\"canonical\" href=\"https:\/\/www.kissthedesign.ch\/de\/produkt\/wishbone-ch24-stuhl-hans-wegner-carl-hansen\/\" \/>\n<meta property=\"og:locale\" content=\"de_DE\" \/>\n<meta property=\"og:type\" content=\"article\" \/>\n<meta property=\"og:title\" content=\"Wishbone CH24 | Hans J. Wegner | Carl Hansen &amp; S\u00f8n | Schweiz\" \/>\n<meta property=\"og:description\" content=\"Stuhl Wishbone CH24 von Hans J. Wegner f\u00fcr Carl Hansen &amp; S\u00f8n. Danisches design. Designladen in der Schweiz.\" \/>\n<meta property=\"og:url\" content=\"https:\/\/www.kissthedesign.ch\/de\/produkt\/wishbone-ch24-stuhl-hans-wegner-carl-hansen\/\" \/>\n<meta property=\"og:site_name\" content=\"kissthedesign\" \/>\n<meta property=\"article:modified_time\" content=\"2022-03-17T16:11:19+00:00\" \/>\n<meta property=\"og:image\" content=\"https:\/\/www.kissthedesign.ch\/wp\/wp-content\/uploads\/2022\/03\/CH24-wishbone-wegner-carl-hansen-noyer-laque-corde-naturelle.jpg\" \/>\n\t<meta property=\"og:image:width\" content=\"1024\" \/>\n\t<meta property=\"og:image:height\" content=\"768\" \/>\n\t<meta property=\"og:image:type\" content=\"image\/jpeg\" \/>\n<meta name=\"twitter:label1\" content=\"Gesch\u00e4tzte Lesezeit\" \/>\n\t<meta name=\"twitter:data1\" content=\"1\u00a0Minute\" \/>\n<script type=\"application\/ld+json\" class=\"yoast-schema-graph\">{\"@context\":\"https:\/\/schema.org\",\"@graph\":[{\"@type\":\"WebPage\",\"@id\":\"https:\/\/www.kissthedesign.ch\/de\/produkt\/wishbone-ch24-stuhl-hans-wegner-carl-hansen\/\",\"url\":\"https:\/\/www.kissthedesign.ch\/de\/produkt\/wishbone-ch24-stuhl-hans-wegner-carl-hansen\/\",\"name\":\"Wishbone CH24 | Hans J. Wegner | Carl Hansen & S\u00f8n | Schweiz\",\"isPartOf\":{\"@id\":\"https:\/\/www.kissthedesign.ch\/en\/#website\"},\"primaryImageOfPage\":{\"@id\":\"https:\/\/www.kissthedesign.ch\/de\/produkt\/wishbone-ch24-stuhl-hans-wegner-carl-hansen\/#primaryimage\"},\"image\":{\"@id\":\"https:\/\/www.kissthedesign.ch\/de\/produkt\/wishbone-ch24-stuhl-hans-wegner-carl-hansen\/#primaryimage\"},\"thumbnailUrl\":\"https:\/\/www.kissthedesign.ch\/wp\/wp-content\/uploads\/2022\/03\/CH24-wishbone-wegner-carl-hansen-noyer-laque-corde-naturelle.jpg\",\"datePublished\":\"2022-03-16T14:36:56+00:00\",\"dateModified\":\"2022-03-17T16:11:19+00:00\",\"description\":\"Stuhl Wishbone CH24 von Hans J. Wegner f\u00fcr Carl Hansen & S\u00f8n. Danisches design. Designladen in der Schweiz.\",\"breadcrumb\":{\"@id\":\"https:\/\/www.kissthedesign.ch\/de\/produkt\/wishbone-ch24-stuhl-hans-wegner-carl-hansen\/#breadcrumb\"},\"inLanguage\":\"de\",\"potentialAction\":[{\"@type\":\"ReadAction\",\"target\":[\"https:\/\/www.kissthedesign.ch\/de\/produkt\/wishbone-ch24-stuhl-hans-wegner-carl-hansen\/\"]}]},{\"@type\":\"ImageObject\",\"inLanguage\":\"de\",\"@id\":\"https:\/\/www.kissthedesign.ch\/de\/produkt\/wishbone-ch24-stuhl-hans-wegner-carl-hansen\/#primaryimage\",\"url\":\"https:\/\/www.kissthedesign.ch\/wp\/wp-content\/uploads\/2022\/03\/CH24-wishbone-wegner-carl-hansen-noyer-laque-corde-naturelle.jpg\",\"contentUrl\":\"https:\/\/www.kissthedesign.ch\/wp\/wp-content\/uploads\/2022\/03\/CH24-wishbone-wegner-carl-hansen-noyer-laque-corde-naturelle.jpg\",\"width\":1024,\"height\":768,\"caption\":\"CH24 Wishbone, Hans J. Wegner, Carl Hansen\"},{\"@type\":\"BreadcrumbList\",\"@id\":\"https:\/\/www.kissthedesign.ch\/de\/produkt\/wishbone-ch24-stuhl-hans-wegner-carl-hansen\/#breadcrumb\",\"itemListElement\":[{\"@type\":\"ListItem\",\"position\":1,\"name\":\"Accueil\",\"item\":\"https:\/\/www.kissthedesign.ch\/de\/\"},{\"@type\":\"ListItem\",\"position\":2,\"name\":\"Laden\",\"item\":\"https:\/\/www.kissthedesign.ch\/de\/laden\/\"},{\"@type\":\"ListItem\",\"position\":3,\"name\":\"Stuhl Wishbone CH24 | Hans J. Wegner | Carl Hansen &amp; S\u00f8n\"}]},{\"@type\":\"WebSite\",\"@id\":\"https:\/\/www.kissthedesign.ch\/en\/#website\",\"url\":\"https:\/\/www.kissthedesign.ch\/en\/\",\"name\":\"kissthedesign\",\"description\":\"Kissthedesign, Lausanne, Suisse. Mobilier du XXe, design vintage\",\"publisher\":{\"@id\":\"https:\/\/www.kissthedesign.ch\/en\/#organization\"},\"potentialAction\":[{\"@type\":\"SearchAction\",\"target\":{\"@type\":\"EntryPoint\",\"urlTemplate\":\"https:\/\/www.kissthedesign.ch\/en\/?s={search_term_string}\"},\"query-input\":{\"@type\":\"PropertyValueSpecification\",\"valueRequired\":true,\"valueName\":\"search_term_string\"}}],\"inLanguage\":\"de\"},{\"@type\":\"Organization\",\"@id\":\"https:\/\/www.kissthedesign.ch\/en\/#organization\",\"name\":\"Kissthedesign\",\"url\":\"https:\/\/www.kissthedesign.ch\/en\/\",\"logo\":{\"@type\":\"ImageObject\",\"inLanguage\":\"de\",\"@id\":\"https:\/\/www.kissthedesign.ch\/en\/#\/schema\/logo\/image\/\",\"url\":\"https:\/\/www.kissthedesign.ch\/wp\/wp-content\/uploads\/2016\/08\/ktd-logo-web.jpg\",\"contentUrl\":\"https:\/\/www.kissthedesign.ch\/wp\/wp-content\/uploads\/2016\/08\/ktd-logo-web.jpg\",\"width\":450,\"height\":167,\"caption\":\"Kissthedesign\"},\"image\":{\"@id\":\"https:\/\/www.kissthedesign.ch\/en\/#\/schema\/logo\/image\/\"}}]}<\/script>\n<!-- \/ Yoast SEO plugin. -->","yoast_head_json":{"title":"Wishbone CH24 | Hans J. Wegner | Carl Hansen & S\u00f8n | Schweiz","description":"Stuhl Wishbone CH24 von Hans J. Wegner f\u00fcr Carl Hansen & S\u00f8n. Danisches design. Designladen in der Schweiz.","robots":{"index":"index","follow":"follow","max-snippet":"max-snippet:-1","max-image-preview":"max-image-preview:large","max-video-preview":"max-video-preview:-1"},"canonical":"https:\/\/www.kissthedesign.ch\/de\/produkt\/wishbone-ch24-stuhl-hans-wegner-carl-hansen\/","og_locale":"de_DE","og_type":"article","og_title":"Wishbone CH24 | Hans J. Wegner | Carl Hansen & S\u00f8n | Schweiz","og_description":"Stuhl Wishbone CH24 von Hans J. Wegner f\u00fcr Carl Hansen & S\u00f8n. Danisches design. Designladen in der Schweiz.","og_url":"https:\/\/www.kissthedesign.ch\/de\/produkt\/wishbone-ch24-stuhl-hans-wegner-carl-hansen\/","og_site_name":"kissthedesign","article_modified_time":"2022-03-17T16:11:19+00:00","og_image":[{"width":1024,"height":768,"url":"https:\/\/www.kissthedesign.ch\/wp\/wp-content\/uploads\/2022\/03\/CH24-wishbone-wegner-carl-hansen-noyer-laque-corde-naturelle.jpg","type":"image\/jpeg"}],"twitter_misc":{"Gesch\u00e4tzte Lesezeit":"1\u00a0Minute"},"schema":{"@context":"https:\/\/schema.org","@graph":[{"@type":"WebPage","@id":"https:\/\/www.kissthedesign.ch\/de\/produkt\/wishbone-ch24-stuhl-hans-wegner-carl-hansen\/","url":"https:\/\/www.kissthedesign.ch\/de\/produkt\/wishbone-ch24-stuhl-hans-wegner-carl-hansen\/","name":"Wishbone CH24 | Hans J. Wegner | Carl Hansen & S\u00f8n | Schweiz","isPartOf":{"@id":"https:\/\/www.kissthedesign.ch\/en\/#website"},"primaryImageOfPage":{"@id":"https:\/\/www.kissthedesign.ch\/de\/produkt\/wishbone-ch24-stuhl-hans-wegner-carl-hansen\/#primaryimage"},"image":{"@id":"https:\/\/www.kissthedesign.ch\/de\/produkt\/wishbone-ch24-stuhl-hans-wegner-carl-hansen\/#primaryimage"},"thumbnailUrl":"https:\/\/www.kissthedesign.ch\/wp\/wp-content\/uploads\/2022\/03\/CH24-wishbone-wegner-carl-hansen-noyer-laque-corde-naturelle.jpg","datePublished":"2022-03-16T14:36:56+00:00","dateModified":"2022-03-17T16:11:19+00:00","description":"Stuhl Wishbone CH24 von Hans J. Wegner f\u00fcr Carl Hansen & S\u00f8n. Danisches design. Designladen in der Schweiz.","breadcrumb":{"@id":"https:\/\/www.kissthedesign.ch\/de\/produkt\/wishbone-ch24-stuhl-hans-wegner-carl-hansen\/#breadcrumb"},"inLanguage":"de","potentialAction":[{"@type":"ReadAction","target":["https:\/\/www.kissthedesign.ch\/de\/produkt\/wishbone-ch24-stuhl-hans-wegner-carl-hansen\/"]}]},{"@type":"ImageObject","inLanguage":"de","@id":"https:\/\/www.kissthedesign.ch\/de\/produkt\/wishbone-ch24-stuhl-hans-wegner-carl-hansen\/#primaryimage","url":"https:\/\/www.kissthedesign.ch\/wp\/wp-content\/uploads\/2022\/03\/CH24-wishbone-wegner-carl-hansen-noyer-laque-corde-naturelle.jpg","contentUrl":"https:\/\/www.kissthedesign.ch\/wp\/wp-content\/uploads\/2022\/03\/CH24-wishbone-wegner-carl-hansen-noyer-laque-corde-naturelle.jpg","width":1024,"height":768,"caption":"CH24 Wishbone, Hans J. Wegner, Carl Hansen"},{"@type":"BreadcrumbList","@id":"https:\/\/www.kissthedesign.ch\/de\/produkt\/wishbone-ch24-stuhl-hans-wegner-carl-hansen\/#breadcrumb","itemListElement":[{"@type":"ListItem","position":1,"name":"Accueil","item":"https:\/\/www.kissthedesign.ch\/de\/"},{"@type":"ListItem","position":2,"name":"Laden","item":"https:\/\/www.kissthedesign.ch\/de\/laden\/"},{"@type":"ListItem","position":3,"name":"Stuhl Wishbone CH24 | Hans J. Wegner | Carl Hansen &amp; S\u00f8n"}]},{"@type":"WebSite","@id":"https:\/\/www.kissthedesign.ch\/en\/#website","url":"https:\/\/www.kissthedesign.ch\/en\/","name":"kissthedesign","description":"Kissthedesign, Lausanne, Suisse. Mobilier du XXe, design vintage","publisher":{"@id":"https:\/\/www.kissthedesign.ch\/en\/#organization"},"potentialAction":[{"@type":"SearchAction","target":{"@type":"EntryPoint","urlTemplate":"https:\/\/www.kissthedesign.ch\/en\/?s={search_term_string}"},"query-input":{"@type":"PropertyValueSpecification","valueRequired":true,"valueName":"search_term_string"}}],"inLanguage":"de"},{"@type":"Organization","@id":"https:\/\/www.kissthedesign.ch\/en\/#organization","name":"Kissthedesign","url":"https:\/\/www.kissthedesign.ch\/en\/","logo":{"@type":"ImageObject","inLanguage":"de","@id":"https:\/\/www.kissthedesign.ch\/en\/#\/schema\/logo\/image\/","url":"https:\/\/www.kissthedesign.ch\/wp\/wp-content\/uploads\/2016\/08\/ktd-logo-web.jpg","contentUrl":"https:\/\/www.kissthedesign.ch\/wp\/wp-content\/uploads\/2016\/08\/ktd-logo-web.jpg","width":450,"height":167,"caption":"Kissthedesign"},"image":{"@id":"https:\/\/www.kissthedesign.ch\/en\/#\/schema\/logo\/image\/"}}]}},"_links":{"self":[{"href":"https:\/\/www.kissthedesign.ch\/de\/wp-json\/wp\/v2\/product\/25329","targetHints":{"allow":["GET"]}}],"collection":[{"href":"https:\/\/www.kissthedesign.ch\/de\/wp-json\/wp\/v2\/product"}],"about":[{"href":"https:\/\/www.kissthedesign.ch\/de\/wp-json\/wp\/v2\/types\/product"}],"replies":[{"embeddable":true,"href":"https:\/\/www.kissthedesign.ch\/de\/wp-json\/wp\/v2\/comments?post=25329"}],"wp:featuredmedia":[{"embeddable":true,"href":"https:\/\/www.kissthedesign.ch\/de\/wp-json\/wp\/v2\/media\/25521"}],"wp:attachment":[{"href":"https:\/\/www.kissthedesign.ch\/de\/wp-json\/wp\/v2\/media?parent=25329"}],"wp:term":[{"taxonomy":"product_brand","embeddable":true,"href":"https:\/\/www.kissthedesign.ch\/de\/wp-json\/wp\/v2\/product_brand?post=25329"},{"taxonomy":"product_cat","embeddable":true,"href":"https:\/\/www.kissthedesign.ch\/de\/wp-json\/wp\/v2\/product_cat?post=25329"},{"taxonomy":"product_tag","embeddable":true,"href":"https:\/\/www.kissthedesign.ch\/de\/wp-json\/wp\/v2\/product_tag?post=25329"}],"curies":[{"name":"wp","href":"https:\/\/api.w.org\/{rel}","templated":true}]}}