{"id":25704,"date":"2022-04-12T14:32:46","date_gmt":"2022-04-12T13:32:47","guid":{"rendered":"https:\/\/www.kissthedesign.ch\/?post_type=product&#038;p=25704"},"modified":"2026-01-12T10:00:02","modified_gmt":"2026-01-12T09:00:02","slug":"kristall-michele-de-lucchi-memphis-milano","status":"publish","type":"product","link":"https:\/\/www.kissthedesign.ch\/de\/produkt\/kristall-michele-de-lucchi-memphis-milano\/","title":{"rendered":"Kristall Beistelltisch | Michele De Lucchi | Memphis Milano"},"content":{"rendered":"<div class=\"wpb-content-wrapper\"><p>[vc_row][vc_column][vc_column_text text_larger=&#8221;no&#8221; woodmart_inline=&#8221;no&#8221;]<\/p>\n<h2>Bucherregal Carlton, Ettore Sottsass, Memphis Milano, 1981<\/h2>\n<p>Der 1981 von Michele De Lucchi f\u00fcr den ersten Katalog von Memphis Milano entworfene Kristall-Beistelltisch ist sofort zu erkennen. Der Tisch nutzt alle Merkmale der italienischen Bewegung: knallige Farben, einfache geometrische Formen und lebhafte Muster. Der Tisch besteht aus einer runden Platte aus gelb lackiertem Holz, einem Korpus aus Kunststofflaminat, dekoriert mit schwarzen und wei\u00dfen Mustern, und einem blau lackierten Metallgestell.<\/p>\n<p>Michele De Lucchi wurde 1951 in Ferrara, Italien, geboren. Als bedeutende Vertreter der italienischen Postmoderne, Mitglied der Gruppe Alchimia, dann der Memphis Milano Gruppe, hat er sich auch durch seine Entw\u00fcrfe f\u00fcr andere Herstellern wie Olivetti, Artemide (Tolomeo), Alessi, Alias, Kartell usw. ausgezeichnet.<\/p>\n<p>Die 1980 von Ettore Sottsass gegr\u00fcndete Memphis-Gruppe hat seit ihrer Er\u00f6ffnungsausstellung 1981 die Geschichte des Designs beeinflusst. Neben Sottsass formten Michele De Lucchi, Nathalie Du Pasquier, Martine Bedin, George Sowden usw. ein radikales und verspieltes Anti-Design als Reaktion auf den guten Geschmack des Modernismus, das zum Synonym f\u00fcr Postmoderne werden sollte.<br \/>\nHeute werden die 80er-Jahre-Ikonen weiterhin von Memphis Milano produziert, ohne Unterbrechung seit 1981.<\/p>\n<p>Die ganze Kollektion von <a href=\"https:\/\/cdn.shopify.com\/s\/files\/1\/1058\/1166\/files\/memphis_milano.pdf?14149556525736315536\" target=\"_blank\" rel=\"noopener noreferrer\">Memphis Milano<\/a> ist bei Kissthedesign erh\u00e4ltlich[\/vc_column_text][\/vc_column][\/vc_row][vc_row css=&#8221;.vc_custom_1486823226754{padding-top: 30px !important;}&#8221;][vc_column width=&#8221;1\/2&#8243;]\n<div class=\"wpcf7 no-js\" id=\"wpcf7-f12225-o1\" lang=\"fr-FR\" dir=\"ltr\" data-wpcf7-id=\"12225\">\n<div class=\"screen-reader-response\"><p role=\"status\" aria-live=\"polite\" aria-atomic=\"true\"><\/p> <ul><\/ul><\/div>\n<form action=\"\/de\/wp-json\/wp\/v2\/product\/25704#wpcf7-f12225-o1\" method=\"post\" class=\"wpcf7-form init\" aria-label=\"Formulaire de contact\" novalidate=\"novalidate\" data-status=\"init\">\n<fieldset class=\"hidden-fields-container\"><input type=\"hidden\" name=\"_wpcf7\" value=\"12225\" \/><input type=\"hidden\" name=\"_wpcf7_version\" value=\"6.1.5\" \/><input type=\"hidden\" name=\"_wpcf7_locale\" value=\"fr_FR\" \/><input type=\"hidden\" name=\"_wpcf7_unit_tag\" value=\"wpcf7-f12225-o1\" \/><input type=\"hidden\" name=\"_wpcf7_container_post\" value=\"0\" \/><input type=\"hidden\" name=\"_wpcf7_posted_data_hash\" value=\"\" \/><input type=\"hidden\" name=\"_wpcf7_recaptcha_response\" value=\"\" \/>\n<\/fieldset>\n\n<!-- CF7 Modules -->\n<div style='display:none;'><input type=\"hidden\" class=\"wpcf7-form-control wpcf7-hidden\" name=\"hidden-931\" placeholder=\"\" value=\"Kristall Beistelltisch | Michele De Lucchi | Memphis Milano\" \/>\n<\/div>\n<!-- End CF7 Modules -->\n\n<p><b>Kontaktieren Sie uns \u00fcber diesen Artikel<\/b>\n<\/p>\n<p>Ihre Name (Pflichtfeld)\n<\/p>\n<p><span class=\"wpcf7-form-control-wrap\" data-name=\"your-name\"><input size=\"40\" maxlength=\"400\" class=\"wpcf7-form-control wpcf7-text wpcf7-validates-as-required\" aria-required=\"true\" aria-invalid=\"false\" value=\"\" type=\"text\" name=\"your-name\" \/><\/span>\n<\/p>\n<p>Ihre Email (Pflichtfeld)\n<\/p>\n<p><span class=\"wpcf7-form-control-wrap\" data-name=\"your-email\"><input size=\"40\" maxlength=\"400\" class=\"wpcf7-form-control wpcf7-email wpcf7-validates-as-required wpcf7-text wpcf7-validates-as-email\" aria-required=\"true\" aria-invalid=\"false\" value=\"\" type=\"email\" name=\"your-email\" \/><\/span>\n<\/p>\n<p>Ihre Nachricht\n<\/p>\n<p><span class=\"wpcf7-form-control-wrap\" data-name=\"your-message\"><textarea cols=\"40\" rows=\"10\" maxlength=\"2000\" class=\"wpcf7-form-control wpcf7-textarea\" aria-invalid=\"false\" name=\"your-message\"><\/textarea><\/span>\n<\/p>\n<p>Die von Ihnen eingegebenen und mit diesem Formular gesendeten Daten werden gespeichert, aber werden nie verkauft oder an Dritte weitergegeben.\n<\/p>\n<p><span class=\"wpcf7-form-control-wrap\" data-name=\"checkbox-296\"><span class=\"wpcf7-form-control wpcf7-checkbox wpcf7-validates-as-required\"><span class=\"wpcf7-list-item first last\"><input type=\"checkbox\" name=\"checkbox-296[]\" value=\"Ich akzeptiere\" \/><span class=\"wpcf7-list-item-label\">Ich akzeptiere<\/span><\/span><\/span><\/span>\n<\/p>\n<p><input class=\"wpcf7-form-control wpcf7-submit has-spinner\" type=\"submit\" value=\"Senden\" \/>\n<\/p><div class=\"wpcf7-response-output\" aria-hidden=\"true\"><\/div>\n<\/form>\n<\/div>\n[\/vc_column][vc_column width=&#8221;1\/2&#8243;][\/vc_column][\/vc_row]<\/p>\n<\/div>","protected":false},"excerpt":{"rendered":"<p>Kunststoffk\u00f6rper mit schwarzen und wei\u00dfen Motiven auf einem blau lackierten Metallgestell. Mit Memphis Milano Siegel und Echtheitszertifikat.<br \/>\nAbmessungen: 50 x 63 cm, H. 65 cm.<\/p>\n","protected":false},"featured_media":25711,"comment_status":"closed","ping_status":"closed","template":"","meta":{"_monsterinsights_skip_tracking":false,"_monsterinsights_sitenote_active":false,"_monsterinsights_sitenote_note":"","_monsterinsights_sitenote_category":0},"product_brand":[],"product_cat":[3156,71,2771,202,228],"product_tag":[592,501,479],"class_list":{"0":"post-25704","1":"product","2":"type-product","3":"status-publish","4":"has-post-thumbnail","6":"product_cat-auf-lager","7":"product_cat-design-moebel","8":"product_cat-memphis-milano-de","9":"product_cat-tische","10":"product_cat-tisch-schranke","11":"product_tag-80er","12":"product_tag-ikonisch-design","13":"product_tag-italienisches-design","14":"product_shipping_class-spediteur-lieferung","16":"first","17":"onbackorder","18":"taxable","19":"shipping-taxable","20":"purchasable","21":"product-type-simple"},"yoast_head":"<!-- This site is optimized with the Yoast SEO plugin v25.3.1 - https:\/\/yoast.com\/wordpress\/plugins\/seo\/ -->\n<title>Kristall Beistelltisch | Michele De Lucchi | Memphis Milano, 1981 | Schweiz<\/title>\n<meta name=\"description\" content=\"Kristall Beistelltisch von Michele De Lucchi f\u00fcr Memphis Milano, 1981. Postmodernistisches Design. Laden f\u00fcr Designerm\u00f6bel in der Schweiz\" \/>\n<meta name=\"robots\" content=\"index, follow, max-snippet:-1, max-image-preview:large, max-video-preview:-1\" \/>\n<link rel=\"canonical\" href=\"https:\/\/www.kissthedesign.ch\/de\/produkt\/kristall-michele-de-lucchi-memphis-milano\/\" \/>\n<meta property=\"og:locale\" content=\"de_DE\" \/>\n<meta property=\"og:type\" content=\"article\" \/>\n<meta property=\"og:title\" content=\"Kristall Beistelltisch | Michele De Lucchi | Memphis Milano, 1981 | Schweiz\" \/>\n<meta property=\"og:description\" content=\"Kristall Beistelltisch von Michele De Lucchi f\u00fcr Memphis Milano, 1981. Postmodernistisches Design. Laden f\u00fcr Designerm\u00f6bel in der Schweiz\" \/>\n<meta property=\"og:url\" content=\"https:\/\/www.kissthedesign.ch\/de\/produkt\/kristall-michele-de-lucchi-memphis-milano\/\" \/>\n<meta property=\"og:site_name\" content=\"kissthedesign\" \/>\n<meta property=\"article:modified_time\" content=\"2026-01-12T09:00:02+00:00\" \/>\n<meta property=\"og:image\" content=\"https:\/\/www.kissthedesign.ch\/wp\/wp-content\/uploads\/2022\/04\/kristall-michele-de-lucchi-memphis-milano.jpg\" \/>\n\t<meta property=\"og:image:width\" content=\"1024\" \/>\n\t<meta property=\"og:image:height\" content=\"768\" \/>\n\t<meta property=\"og:image:type\" content=\"image\/jpeg\" \/>\n<meta name=\"twitter:label1\" content=\"Gesch\u00e4tzte Lesezeit\" \/>\n\t<meta name=\"twitter:data1\" content=\"2\u00a0Minuten\" \/>\n<script type=\"application\/ld+json\" class=\"yoast-schema-graph\">{\"@context\":\"https:\/\/schema.org\",\"@graph\":[{\"@type\":\"WebPage\",\"@id\":\"https:\/\/www.kissthedesign.ch\/de\/produkt\/kristall-michele-de-lucchi-memphis-milano\/\",\"url\":\"https:\/\/www.kissthedesign.ch\/de\/produkt\/kristall-michele-de-lucchi-memphis-milano\/\",\"name\":\"Kristall Beistelltisch | Michele De Lucchi | Memphis Milano, 1981 | Schweiz\",\"isPartOf\":{\"@id\":\"https:\/\/www.kissthedesign.ch\/en\/#website\"},\"primaryImageOfPage\":{\"@id\":\"https:\/\/www.kissthedesign.ch\/de\/produkt\/kristall-michele-de-lucchi-memphis-milano\/#primaryimage\"},\"image\":{\"@id\":\"https:\/\/www.kissthedesign.ch\/de\/produkt\/kristall-michele-de-lucchi-memphis-milano\/#primaryimage\"},\"thumbnailUrl\":\"https:\/\/www.kissthedesign.ch\/wp\/wp-content\/uploads\/2022\/04\/kristall-michele-de-lucchi-memphis-milano.jpg\",\"datePublished\":\"2022-04-12T13:32:47+00:00\",\"dateModified\":\"2026-01-12T09:00:02+00:00\",\"description\":\"Kristall Beistelltisch von Michele De Lucchi f\u00fcr Memphis Milano, 1981. Postmodernistisches Design. Laden f\u00fcr Designerm\u00f6bel in der Schweiz\",\"breadcrumb\":{\"@id\":\"https:\/\/www.kissthedesign.ch\/de\/produkt\/kristall-michele-de-lucchi-memphis-milano\/#breadcrumb\"},\"inLanguage\":\"de\",\"potentialAction\":[{\"@type\":\"ReadAction\",\"target\":[\"https:\/\/www.kissthedesign.ch\/de\/produkt\/kristall-michele-de-lucchi-memphis-milano\/\"]}]},{\"@type\":\"ImageObject\",\"inLanguage\":\"de\",\"@id\":\"https:\/\/www.kissthedesign.ch\/de\/produkt\/kristall-michele-de-lucchi-memphis-milano\/#primaryimage\",\"url\":\"https:\/\/www.kissthedesign.ch\/wp\/wp-content\/uploads\/2022\/04\/kristall-michele-de-lucchi-memphis-milano.jpg\",\"contentUrl\":\"https:\/\/www.kissthedesign.ch\/wp\/wp-content\/uploads\/2022\/04\/kristall-michele-de-lucchi-memphis-milano.jpg\",\"width\":1024,\"height\":768,\"caption\":\"Kristall, Memphis Milano, Michele De Lucchi\"},{\"@type\":\"BreadcrumbList\",\"@id\":\"https:\/\/www.kissthedesign.ch\/de\/produkt\/kristall-michele-de-lucchi-memphis-milano\/#breadcrumb\",\"itemListElement\":[{\"@type\":\"ListItem\",\"position\":1,\"name\":\"Accueil\",\"item\":\"https:\/\/www.kissthedesign.ch\/de\/\"},{\"@type\":\"ListItem\",\"position\":2,\"name\":\"Laden\",\"item\":\"https:\/\/www.kissthedesign.ch\/de\/laden\/\"},{\"@type\":\"ListItem\",\"position\":3,\"name\":\"Kristall Beistelltisch | Michele De Lucchi | Memphis Milano\"}]},{\"@type\":\"WebSite\",\"@id\":\"https:\/\/www.kissthedesign.ch\/en\/#website\",\"url\":\"https:\/\/www.kissthedesign.ch\/en\/\",\"name\":\"kissthedesign\",\"description\":\"Kissthedesign, Lausanne, Suisse. Mobilier du XXe, design vintage\",\"publisher\":{\"@id\":\"https:\/\/www.kissthedesign.ch\/en\/#organization\"},\"potentialAction\":[{\"@type\":\"SearchAction\",\"target\":{\"@type\":\"EntryPoint\",\"urlTemplate\":\"https:\/\/www.kissthedesign.ch\/en\/?s={search_term_string}\"},\"query-input\":{\"@type\":\"PropertyValueSpecification\",\"valueRequired\":true,\"valueName\":\"search_term_string\"}}],\"inLanguage\":\"de\"},{\"@type\":\"Organization\",\"@id\":\"https:\/\/www.kissthedesign.ch\/en\/#organization\",\"name\":\"Kissthedesign\",\"url\":\"https:\/\/www.kissthedesign.ch\/en\/\",\"logo\":{\"@type\":\"ImageObject\",\"inLanguage\":\"de\",\"@id\":\"https:\/\/www.kissthedesign.ch\/en\/#\/schema\/logo\/image\/\",\"url\":\"https:\/\/www.kissthedesign.ch\/wp\/wp-content\/uploads\/2016\/08\/ktd-logo-web.jpg\",\"contentUrl\":\"https:\/\/www.kissthedesign.ch\/wp\/wp-content\/uploads\/2016\/08\/ktd-logo-web.jpg\",\"width\":450,\"height\":167,\"caption\":\"Kissthedesign\"},\"image\":{\"@id\":\"https:\/\/www.kissthedesign.ch\/en\/#\/schema\/logo\/image\/\"}}]}<\/script>\n<!-- \/ Yoast SEO plugin. -->","yoast_head_json":{"title":"Kristall Beistelltisch | Michele De Lucchi | Memphis Milano, 1981 | Schweiz","description":"Kristall Beistelltisch von Michele De Lucchi f\u00fcr Memphis Milano, 1981. Postmodernistisches Design. Laden f\u00fcr Designerm\u00f6bel in der Schweiz","robots":{"index":"index","follow":"follow","max-snippet":"max-snippet:-1","max-image-preview":"max-image-preview:large","max-video-preview":"max-video-preview:-1"},"canonical":"https:\/\/www.kissthedesign.ch\/de\/produkt\/kristall-michele-de-lucchi-memphis-milano\/","og_locale":"de_DE","og_type":"article","og_title":"Kristall Beistelltisch | Michele De Lucchi | Memphis Milano, 1981 | Schweiz","og_description":"Kristall Beistelltisch von Michele De Lucchi f\u00fcr Memphis Milano, 1981. Postmodernistisches Design. Laden f\u00fcr Designerm\u00f6bel in der Schweiz","og_url":"https:\/\/www.kissthedesign.ch\/de\/produkt\/kristall-michele-de-lucchi-memphis-milano\/","og_site_name":"kissthedesign","article_modified_time":"2026-01-12T09:00:02+00:00","og_image":[{"width":1024,"height":768,"url":"https:\/\/www.kissthedesign.ch\/wp\/wp-content\/uploads\/2022\/04\/kristall-michele-de-lucchi-memphis-milano.jpg","type":"image\/jpeg"}],"twitter_misc":{"Gesch\u00e4tzte Lesezeit":"2\u00a0Minuten"},"schema":{"@context":"https:\/\/schema.org","@graph":[{"@type":"WebPage","@id":"https:\/\/www.kissthedesign.ch\/de\/produkt\/kristall-michele-de-lucchi-memphis-milano\/","url":"https:\/\/www.kissthedesign.ch\/de\/produkt\/kristall-michele-de-lucchi-memphis-milano\/","name":"Kristall Beistelltisch | Michele De Lucchi | Memphis Milano, 1981 | Schweiz","isPartOf":{"@id":"https:\/\/www.kissthedesign.ch\/en\/#website"},"primaryImageOfPage":{"@id":"https:\/\/www.kissthedesign.ch\/de\/produkt\/kristall-michele-de-lucchi-memphis-milano\/#primaryimage"},"image":{"@id":"https:\/\/www.kissthedesign.ch\/de\/produkt\/kristall-michele-de-lucchi-memphis-milano\/#primaryimage"},"thumbnailUrl":"https:\/\/www.kissthedesign.ch\/wp\/wp-content\/uploads\/2022\/04\/kristall-michele-de-lucchi-memphis-milano.jpg","datePublished":"2022-04-12T13:32:47+00:00","dateModified":"2026-01-12T09:00:02+00:00","description":"Kristall Beistelltisch von Michele De Lucchi f\u00fcr Memphis Milano, 1981. Postmodernistisches Design. Laden f\u00fcr Designerm\u00f6bel in der Schweiz","breadcrumb":{"@id":"https:\/\/www.kissthedesign.ch\/de\/produkt\/kristall-michele-de-lucchi-memphis-milano\/#breadcrumb"},"inLanguage":"de","potentialAction":[{"@type":"ReadAction","target":["https:\/\/www.kissthedesign.ch\/de\/produkt\/kristall-michele-de-lucchi-memphis-milano\/"]}]},{"@type":"ImageObject","inLanguage":"de","@id":"https:\/\/www.kissthedesign.ch\/de\/produkt\/kristall-michele-de-lucchi-memphis-milano\/#primaryimage","url":"https:\/\/www.kissthedesign.ch\/wp\/wp-content\/uploads\/2022\/04\/kristall-michele-de-lucchi-memphis-milano.jpg","contentUrl":"https:\/\/www.kissthedesign.ch\/wp\/wp-content\/uploads\/2022\/04\/kristall-michele-de-lucchi-memphis-milano.jpg","width":1024,"height":768,"caption":"Kristall, Memphis Milano, Michele De Lucchi"},{"@type":"BreadcrumbList","@id":"https:\/\/www.kissthedesign.ch\/de\/produkt\/kristall-michele-de-lucchi-memphis-milano\/#breadcrumb","itemListElement":[{"@type":"ListItem","position":1,"name":"Accueil","item":"https:\/\/www.kissthedesign.ch\/de\/"},{"@type":"ListItem","position":2,"name":"Laden","item":"https:\/\/www.kissthedesign.ch\/de\/laden\/"},{"@type":"ListItem","position":3,"name":"Kristall Beistelltisch | Michele De Lucchi | Memphis Milano"}]},{"@type":"WebSite","@id":"https:\/\/www.kissthedesign.ch\/en\/#website","url":"https:\/\/www.kissthedesign.ch\/en\/","name":"kissthedesign","description":"Kissthedesign, Lausanne, Suisse. Mobilier du XXe, design vintage","publisher":{"@id":"https:\/\/www.kissthedesign.ch\/en\/#organization"},"potentialAction":[{"@type":"SearchAction","target":{"@type":"EntryPoint","urlTemplate":"https:\/\/www.kissthedesign.ch\/en\/?s={search_term_string}"},"query-input":{"@type":"PropertyValueSpecification","valueRequired":true,"valueName":"search_term_string"}}],"inLanguage":"de"},{"@type":"Organization","@id":"https:\/\/www.kissthedesign.ch\/en\/#organization","name":"Kissthedesign","url":"https:\/\/www.kissthedesign.ch\/en\/","logo":{"@type":"ImageObject","inLanguage":"de","@id":"https:\/\/www.kissthedesign.ch\/en\/#\/schema\/logo\/image\/","url":"https:\/\/www.kissthedesign.ch\/wp\/wp-content\/uploads\/2016\/08\/ktd-logo-web.jpg","contentUrl":"https:\/\/www.kissthedesign.ch\/wp\/wp-content\/uploads\/2016\/08\/ktd-logo-web.jpg","width":450,"height":167,"caption":"Kissthedesign"},"image":{"@id":"https:\/\/www.kissthedesign.ch\/en\/#\/schema\/logo\/image\/"}}]}},"_links":{"self":[{"href":"https:\/\/www.kissthedesign.ch\/de\/wp-json\/wp\/v2\/product\/25704","targetHints":{"allow":["GET"]}}],"collection":[{"href":"https:\/\/www.kissthedesign.ch\/de\/wp-json\/wp\/v2\/product"}],"about":[{"href":"https:\/\/www.kissthedesign.ch\/de\/wp-json\/wp\/v2\/types\/product"}],"replies":[{"embeddable":true,"href":"https:\/\/www.kissthedesign.ch\/de\/wp-json\/wp\/v2\/comments?post=25704"}],"wp:featuredmedia":[{"embeddable":true,"href":"https:\/\/www.kissthedesign.ch\/de\/wp-json\/wp\/v2\/media\/25711"}],"wp:attachment":[{"href":"https:\/\/www.kissthedesign.ch\/de\/wp-json\/wp\/v2\/media?parent=25704"}],"wp:term":[{"taxonomy":"product_brand","embeddable":true,"href":"https:\/\/www.kissthedesign.ch\/de\/wp-json\/wp\/v2\/product_brand?post=25704"},{"taxonomy":"product_cat","embeddable":true,"href":"https:\/\/www.kissthedesign.ch\/de\/wp-json\/wp\/v2\/product_cat?post=25704"},{"taxonomy":"product_tag","embeddable":true,"href":"https:\/\/www.kissthedesign.ch\/de\/wp-json\/wp\/v2\/product_tag?post=25704"}],"curies":[{"name":"wp","href":"https:\/\/api.w.org\/{rel}","templated":true}]}}