{"id":25896,"date":"2022-05-14T13:41:05","date_gmt":"2022-05-14T12:41:05","guid":{"rendered":"https:\/\/www.kissthedesign.ch\/?post_type=product&#038;p=25896"},"modified":"2022-05-14T14:33:05","modified_gmt":"2022-05-14T13:33:05","slug":"soft-pad-ea216-lounge-chair-charles-ray-eames-h-miller-vitra","status":"publish","type":"product","link":"https:\/\/www.kissthedesign.ch\/de\/produkt\/soft-pad-ea216-lounge-chair-charles-ray-eames-h-miller-vitra\/","title":{"rendered":"Soft Pad EA216 lounge chair | Charles &amp; Ray Eames | H.Miller\/Vitra"},"content":{"rendered":"<div class=\"wpb-content-wrapper\"><p>[vc_row][vc_column][vc_column_text woodmart_inline=&#8221;no&#8221; text_larger=&#8221;no&#8221;]<\/p>\n<h2>Soft Pad EA216 Loungesessel von Charles &amp;amp; Ray Eames f\u00fcr Herman Miller\/Vitra, 1969<\/h2>\n<p>Die 1969 entworfene B\u00fcrostuhlfamilie Soft Pad vereint Eleganz, klare Linien und hohen Komfort. Das hier angebotene Paar Loungesessel besteht aus einem sch\u00f6nen dunkelbraunen Premium-Leder auf einem verchromten Gestell und ist in sehr gutem Zustand mit nur leichten Gebrauchsspuren.<br \/>\nAbmessungen: B 62 cm x T 70 cm x H 90 cm. Sitzh\u00f6he 50 cm.<\/p>\n<p>Das Ehepaar Eames begleitete die Entwicklung des Designs zur Massenproduktion, indem sie ma\u00dfgeblich zu den technologischen Fortschritten von geformtem Sperrholz, Kunststoff und Metall beitrugen. Der Architekt Charles Eames (1907 &#8211; 1978) gilt als einer der einflussreichsten M\u00f6beldesigner des 20. Jahrhunderts.<br \/>\nNeben ihrem Streben nach billiger Massenproduktion, am bekanntesten in Form des beliebten Fiberglasstuhls, entwarfen die Eames auch anspruchsvollere und luxuri\u00f6sere M\u00f6bel. Dazu geh\u00f6rt die Soft Pad-Familie von B\u00fcrost\u00fchlen.[\/vc_column_text][\/vc_column][\/vc_row][vc_row css=&#8221;.vc_custom_1486916964887{padding-top: 30px !important;}&#8221;][vc_column width=&#8221;1\/2&#8243;]\n<div class=\"wpcf7 no-js\" id=\"wpcf7-f12225-o1\" lang=\"fr-FR\" dir=\"ltr\" data-wpcf7-id=\"12225\">\n<div class=\"screen-reader-response\"><p role=\"status\" aria-live=\"polite\" aria-atomic=\"true\"><\/p> <ul><\/ul><\/div>\n<form action=\"\/de\/wp-json\/wp\/v2\/product\/25896#wpcf7-f12225-o1\" method=\"post\" class=\"wpcf7-form init\" aria-label=\"Formulaire de contact\" novalidate=\"novalidate\" data-status=\"init\">\n<fieldset class=\"hidden-fields-container\"><input type=\"hidden\" name=\"_wpcf7\" value=\"12225\" \/><input type=\"hidden\" name=\"_wpcf7_version\" value=\"6.1.5\" \/><input type=\"hidden\" name=\"_wpcf7_locale\" value=\"fr_FR\" \/><input type=\"hidden\" name=\"_wpcf7_unit_tag\" value=\"wpcf7-f12225-o1\" \/><input type=\"hidden\" name=\"_wpcf7_container_post\" value=\"0\" \/><input type=\"hidden\" name=\"_wpcf7_posted_data_hash\" value=\"\" \/><input type=\"hidden\" name=\"_wpcf7_recaptcha_response\" value=\"\" \/>\n<\/fieldset>\n\n<!-- CF7 Modules -->\n<div style='display:none;'><input type=\"hidden\" class=\"wpcf7-form-control wpcf7-hidden\" name=\"hidden-931\" placeholder=\"\" value=\"Soft Pad EA216 lounge chair | Charles &amp; Ray Eames | H.Miller\/Vitra\" \/>\n<\/div>\n<!-- End CF7 Modules -->\n\n<p><b>Kontaktieren Sie uns \u00fcber diesen Artikel<\/b>\n<\/p>\n<p>Ihre Name (Pflichtfeld)\n<\/p>\n<p><span class=\"wpcf7-form-control-wrap\" data-name=\"your-name\"><input size=\"40\" maxlength=\"400\" class=\"wpcf7-form-control wpcf7-text wpcf7-validates-as-required\" aria-required=\"true\" aria-invalid=\"false\" value=\"\" type=\"text\" name=\"your-name\" \/><\/span>\n<\/p>\n<p>Ihre Email (Pflichtfeld)\n<\/p>\n<p><span class=\"wpcf7-form-control-wrap\" data-name=\"your-email\"><input size=\"40\" maxlength=\"400\" class=\"wpcf7-form-control wpcf7-email wpcf7-validates-as-required wpcf7-text wpcf7-validates-as-email\" aria-required=\"true\" aria-invalid=\"false\" value=\"\" type=\"email\" name=\"your-email\" \/><\/span>\n<\/p>\n<p>Ihre Nachricht\n<\/p>\n<p><span class=\"wpcf7-form-control-wrap\" data-name=\"your-message\"><textarea cols=\"40\" rows=\"10\" maxlength=\"2000\" class=\"wpcf7-form-control wpcf7-textarea\" aria-invalid=\"false\" name=\"your-message\"><\/textarea><\/span>\n<\/p>\n<p>Die von Ihnen eingegebenen und mit diesem Formular gesendeten Daten werden gespeichert, aber werden nie verkauft oder an Dritte weitergegeben.\n<\/p>\n<p><span class=\"wpcf7-form-control-wrap\" data-name=\"checkbox-296\"><span class=\"wpcf7-form-control wpcf7-checkbox wpcf7-validates-as-required\"><span class=\"wpcf7-list-item first last\"><input type=\"checkbox\" name=\"checkbox-296[]\" value=\"Ich akzeptiere\" \/><span class=\"wpcf7-list-item-label\">Ich akzeptiere<\/span><\/span><\/span><\/span>\n<\/p>\n<p><input class=\"wpcf7-form-control wpcf7-submit has-spinner\" type=\"submit\" value=\"Senden\" \/>\n<\/p><div class=\"wpcf7-response-output\" aria-hidden=\"true\"><\/div>\n<\/form>\n<\/div>\n[\/vc_column][vc_column width=&#8221;1\/2&#8243;][\/vc_column][\/vc_row]<\/p>\n<\/div>","protected":false},"excerpt":{"rendered":"<p>Lounge-Sessel aus dunkelbraunem Premium-Leder auf einem verchromten, drehbaren Fu\u00df.<br \/>\nIn sehr gutem Zustand mit leichten Gebrauchsspuren.<br \/>\nMa\u00dfe: B 62 cm x T 70 cm x H 90 cm. Sitzh\u00f6he 50 cm. Mit Etikett des Herausgebers.<br \/>\nPreis pro Sessel.<\/p>\n","protected":false},"featured_media":25915,"comment_status":"closed","ping_status":"closed","template":"","meta":{"_monsterinsights_skip_tracking":false,"_monsterinsights_sitenote_active":false,"_monsterinsights_sitenote_note":"","_monsterinsights_sitenote_category":0},"product_brand":[],"product_cat":[77,256,69],"product_tag":[388,498,499,501,484,502],"class_list":{"0":"post-25896","1":"product","2":"type-product","3":"status-publish","4":"has-post-thumbnail","6":"product_cat-designklassiker-neuzugaenge","7":"product_cat-sitzmoebel-vintage","8":"product_cat-vintage-designklassiker","9":"product_tag-amerikanisches-design","10":"product_tag-eames-de","11":"product_tag-herman-miller-de","12":"product_tag-ikonisch-design","13":"product_tag-luxus-design","14":"product_tag-modernismus","15":"product_shipping_class-post-sperrgut","17":"first","18":"outofstock","19":"taxable","20":"shipping-taxable","21":"product-type-simple"},"yoast_head":"<!-- This site is optimized with the Yoast SEO plugin v25.3.1 - https:\/\/yoast.com\/wordpress\/plugins\/seo\/ -->\n<title>Soft Pad EA216 lounge chair | Charles &amp; Ray Eames | H.Miller\/Vitra<\/title>\n<meta name=\"description\" content=\"Soft Pad EA216 von Charles &amp; Ray Eames f\u00fcr Herman Miller\/Vitra. Vintage design, Kissthedesign, Lausanne, Schweiz.\" \/>\n<meta name=\"robots\" content=\"index, follow, max-snippet:-1, max-image-preview:large, max-video-preview:-1\" \/>\n<link rel=\"canonical\" href=\"https:\/\/www.kissthedesign.ch\/de\/produkt\/soft-pad-ea216-lounge-chair-charles-ray-eames-h-miller-vitra\/\" \/>\n<meta property=\"og:locale\" content=\"de_DE\" \/>\n<meta property=\"og:type\" content=\"article\" \/>\n<meta property=\"og:title\" content=\"Soft Pad EA216 lounge chair | Charles &amp; Ray Eames | H.Miller\/Vitra\" \/>\n<meta property=\"og:description\" content=\"Soft Pad EA216 von Charles &amp; Ray Eames f\u00fcr Herman Miller\/Vitra. Vintage design, Kissthedesign, Lausanne, Schweiz.\" \/>\n<meta property=\"og:url\" content=\"https:\/\/www.kissthedesign.ch\/de\/produkt\/soft-pad-ea216-lounge-chair-charles-ray-eames-h-miller-vitra\/\" \/>\n<meta property=\"og:site_name\" content=\"kissthedesign\" \/>\n<meta property=\"article:modified_time\" content=\"2022-05-14T13:33:05+00:00\" \/>\n<meta property=\"og:image\" content=\"https:\/\/www.kissthedesign.ch\/wp\/wp-content\/uploads\/2022\/05\/eames-softpad-ea216-lounge-vitra-herman-miller.jpg\" \/>\n\t<meta property=\"og:image:width\" content=\"1024\" \/>\n\t<meta property=\"og:image:height\" content=\"768\" \/>\n\t<meta property=\"og:image:type\" content=\"image\/jpeg\" \/>\n<meta name=\"twitter:label1\" content=\"Gesch\u00e4tzte Lesezeit\" \/>\n\t<meta name=\"twitter:data1\" content=\"1\u00a0Minute\" \/>\n<script type=\"application\/ld+json\" class=\"yoast-schema-graph\">{\"@context\":\"https:\/\/schema.org\",\"@graph\":[{\"@type\":\"WebPage\",\"@id\":\"https:\/\/www.kissthedesign.ch\/de\/produkt\/soft-pad-ea216-lounge-chair-charles-ray-eames-h-miller-vitra\/\",\"url\":\"https:\/\/www.kissthedesign.ch\/de\/produkt\/soft-pad-ea216-lounge-chair-charles-ray-eames-h-miller-vitra\/\",\"name\":\"Soft Pad EA216 lounge chair | Charles & Ray Eames | H.Miller\/Vitra\",\"isPartOf\":{\"@id\":\"https:\/\/www.kissthedesign.ch\/en\/#website\"},\"primaryImageOfPage\":{\"@id\":\"https:\/\/www.kissthedesign.ch\/de\/produkt\/soft-pad-ea216-lounge-chair-charles-ray-eames-h-miller-vitra\/#primaryimage\"},\"image\":{\"@id\":\"https:\/\/www.kissthedesign.ch\/de\/produkt\/soft-pad-ea216-lounge-chair-charles-ray-eames-h-miller-vitra\/#primaryimage\"},\"thumbnailUrl\":\"https:\/\/www.kissthedesign.ch\/wp\/wp-content\/uploads\/2022\/05\/eames-softpad-ea216-lounge-vitra-herman-miller.jpg\",\"datePublished\":\"2022-05-14T12:41:05+00:00\",\"dateModified\":\"2022-05-14T13:33:05+00:00\",\"description\":\"Soft Pad EA216 von Charles & Ray Eames f\u00fcr Herman Miller\/Vitra. Vintage design, Kissthedesign, Lausanne, Schweiz.\",\"breadcrumb\":{\"@id\":\"https:\/\/www.kissthedesign.ch\/de\/produkt\/soft-pad-ea216-lounge-chair-charles-ray-eames-h-miller-vitra\/#breadcrumb\"},\"inLanguage\":\"de\",\"potentialAction\":[{\"@type\":\"ReadAction\",\"target\":[\"https:\/\/www.kissthedesign.ch\/de\/produkt\/soft-pad-ea216-lounge-chair-charles-ray-eames-h-miller-vitra\/\"]}]},{\"@type\":\"ImageObject\",\"inLanguage\":\"de\",\"@id\":\"https:\/\/www.kissthedesign.ch\/de\/produkt\/soft-pad-ea216-lounge-chair-charles-ray-eames-h-miller-vitra\/#primaryimage\",\"url\":\"https:\/\/www.kissthedesign.ch\/wp\/wp-content\/uploads\/2022\/05\/eames-softpad-ea216-lounge-vitra-herman-miller.jpg\",\"contentUrl\":\"https:\/\/www.kissthedesign.ch\/wp\/wp-content\/uploads\/2022\/05\/eames-softpad-ea216-lounge-vitra-herman-miller.jpg\",\"width\":1024,\"height\":768,\"caption\":\"EA216 Soft Pad, Eames, H.Miller\/Vitra\"},{\"@type\":\"BreadcrumbList\",\"@id\":\"https:\/\/www.kissthedesign.ch\/de\/produkt\/soft-pad-ea216-lounge-chair-charles-ray-eames-h-miller-vitra\/#breadcrumb\",\"itemListElement\":[{\"@type\":\"ListItem\",\"position\":1,\"name\":\"Accueil\",\"item\":\"https:\/\/www.kissthedesign.ch\/de\/\"},{\"@type\":\"ListItem\",\"position\":2,\"name\":\"Laden\",\"item\":\"https:\/\/www.kissthedesign.ch\/de\/laden\/\"},{\"@type\":\"ListItem\",\"position\":3,\"name\":\"Soft Pad EA216 lounge chair | Charles &amp; Ray Eames | H.Miller\/Vitra\"}]},{\"@type\":\"WebSite\",\"@id\":\"https:\/\/www.kissthedesign.ch\/en\/#website\",\"url\":\"https:\/\/www.kissthedesign.ch\/en\/\",\"name\":\"kissthedesign\",\"description\":\"Kissthedesign, Lausanne, Suisse. Mobilier du XXe, design vintage\",\"publisher\":{\"@id\":\"https:\/\/www.kissthedesign.ch\/en\/#organization\"},\"potentialAction\":[{\"@type\":\"SearchAction\",\"target\":{\"@type\":\"EntryPoint\",\"urlTemplate\":\"https:\/\/www.kissthedesign.ch\/en\/?s={search_term_string}\"},\"query-input\":{\"@type\":\"PropertyValueSpecification\",\"valueRequired\":true,\"valueName\":\"search_term_string\"}}],\"inLanguage\":\"de\"},{\"@type\":\"Organization\",\"@id\":\"https:\/\/www.kissthedesign.ch\/en\/#organization\",\"name\":\"Kissthedesign\",\"url\":\"https:\/\/www.kissthedesign.ch\/en\/\",\"logo\":{\"@type\":\"ImageObject\",\"inLanguage\":\"de\",\"@id\":\"https:\/\/www.kissthedesign.ch\/en\/#\/schema\/logo\/image\/\",\"url\":\"https:\/\/www.kissthedesign.ch\/wp\/wp-content\/uploads\/2016\/08\/ktd-logo-web.jpg\",\"contentUrl\":\"https:\/\/www.kissthedesign.ch\/wp\/wp-content\/uploads\/2016\/08\/ktd-logo-web.jpg\",\"width\":450,\"height\":167,\"caption\":\"Kissthedesign\"},\"image\":{\"@id\":\"https:\/\/www.kissthedesign.ch\/en\/#\/schema\/logo\/image\/\"}}]}<\/script>\n<!-- \/ Yoast SEO plugin. -->","yoast_head_json":{"title":"Soft Pad EA216 lounge chair | Charles & Ray Eames | H.Miller\/Vitra","description":"Soft Pad EA216 von Charles & Ray Eames f\u00fcr Herman Miller\/Vitra. Vintage design, Kissthedesign, Lausanne, Schweiz.","robots":{"index":"index","follow":"follow","max-snippet":"max-snippet:-1","max-image-preview":"max-image-preview:large","max-video-preview":"max-video-preview:-1"},"canonical":"https:\/\/www.kissthedesign.ch\/de\/produkt\/soft-pad-ea216-lounge-chair-charles-ray-eames-h-miller-vitra\/","og_locale":"de_DE","og_type":"article","og_title":"Soft Pad EA216 lounge chair | Charles & Ray Eames | H.Miller\/Vitra","og_description":"Soft Pad EA216 von Charles & Ray Eames f\u00fcr Herman Miller\/Vitra. Vintage design, Kissthedesign, Lausanne, Schweiz.","og_url":"https:\/\/www.kissthedesign.ch\/de\/produkt\/soft-pad-ea216-lounge-chair-charles-ray-eames-h-miller-vitra\/","og_site_name":"kissthedesign","article_modified_time":"2022-05-14T13:33:05+00:00","og_image":[{"width":1024,"height":768,"url":"https:\/\/www.kissthedesign.ch\/wp\/wp-content\/uploads\/2022\/05\/eames-softpad-ea216-lounge-vitra-herman-miller.jpg","type":"image\/jpeg"}],"twitter_misc":{"Gesch\u00e4tzte Lesezeit":"1\u00a0Minute"},"schema":{"@context":"https:\/\/schema.org","@graph":[{"@type":"WebPage","@id":"https:\/\/www.kissthedesign.ch\/de\/produkt\/soft-pad-ea216-lounge-chair-charles-ray-eames-h-miller-vitra\/","url":"https:\/\/www.kissthedesign.ch\/de\/produkt\/soft-pad-ea216-lounge-chair-charles-ray-eames-h-miller-vitra\/","name":"Soft Pad EA216 lounge chair | Charles & Ray Eames | H.Miller\/Vitra","isPartOf":{"@id":"https:\/\/www.kissthedesign.ch\/en\/#website"},"primaryImageOfPage":{"@id":"https:\/\/www.kissthedesign.ch\/de\/produkt\/soft-pad-ea216-lounge-chair-charles-ray-eames-h-miller-vitra\/#primaryimage"},"image":{"@id":"https:\/\/www.kissthedesign.ch\/de\/produkt\/soft-pad-ea216-lounge-chair-charles-ray-eames-h-miller-vitra\/#primaryimage"},"thumbnailUrl":"https:\/\/www.kissthedesign.ch\/wp\/wp-content\/uploads\/2022\/05\/eames-softpad-ea216-lounge-vitra-herman-miller.jpg","datePublished":"2022-05-14T12:41:05+00:00","dateModified":"2022-05-14T13:33:05+00:00","description":"Soft Pad EA216 von Charles & Ray Eames f\u00fcr Herman Miller\/Vitra. Vintage design, Kissthedesign, Lausanne, Schweiz.","breadcrumb":{"@id":"https:\/\/www.kissthedesign.ch\/de\/produkt\/soft-pad-ea216-lounge-chair-charles-ray-eames-h-miller-vitra\/#breadcrumb"},"inLanguage":"de","potentialAction":[{"@type":"ReadAction","target":["https:\/\/www.kissthedesign.ch\/de\/produkt\/soft-pad-ea216-lounge-chair-charles-ray-eames-h-miller-vitra\/"]}]},{"@type":"ImageObject","inLanguage":"de","@id":"https:\/\/www.kissthedesign.ch\/de\/produkt\/soft-pad-ea216-lounge-chair-charles-ray-eames-h-miller-vitra\/#primaryimage","url":"https:\/\/www.kissthedesign.ch\/wp\/wp-content\/uploads\/2022\/05\/eames-softpad-ea216-lounge-vitra-herman-miller.jpg","contentUrl":"https:\/\/www.kissthedesign.ch\/wp\/wp-content\/uploads\/2022\/05\/eames-softpad-ea216-lounge-vitra-herman-miller.jpg","width":1024,"height":768,"caption":"EA216 Soft Pad, Eames, H.Miller\/Vitra"},{"@type":"BreadcrumbList","@id":"https:\/\/www.kissthedesign.ch\/de\/produkt\/soft-pad-ea216-lounge-chair-charles-ray-eames-h-miller-vitra\/#breadcrumb","itemListElement":[{"@type":"ListItem","position":1,"name":"Accueil","item":"https:\/\/www.kissthedesign.ch\/de\/"},{"@type":"ListItem","position":2,"name":"Laden","item":"https:\/\/www.kissthedesign.ch\/de\/laden\/"},{"@type":"ListItem","position":3,"name":"Soft Pad EA216 lounge chair | Charles &amp; Ray Eames | H.Miller\/Vitra"}]},{"@type":"WebSite","@id":"https:\/\/www.kissthedesign.ch\/en\/#website","url":"https:\/\/www.kissthedesign.ch\/en\/","name":"kissthedesign","description":"Kissthedesign, Lausanne, Suisse. Mobilier du XXe, design vintage","publisher":{"@id":"https:\/\/www.kissthedesign.ch\/en\/#organization"},"potentialAction":[{"@type":"SearchAction","target":{"@type":"EntryPoint","urlTemplate":"https:\/\/www.kissthedesign.ch\/en\/?s={search_term_string}"},"query-input":{"@type":"PropertyValueSpecification","valueRequired":true,"valueName":"search_term_string"}}],"inLanguage":"de"},{"@type":"Organization","@id":"https:\/\/www.kissthedesign.ch\/en\/#organization","name":"Kissthedesign","url":"https:\/\/www.kissthedesign.ch\/en\/","logo":{"@type":"ImageObject","inLanguage":"de","@id":"https:\/\/www.kissthedesign.ch\/en\/#\/schema\/logo\/image\/","url":"https:\/\/www.kissthedesign.ch\/wp\/wp-content\/uploads\/2016\/08\/ktd-logo-web.jpg","contentUrl":"https:\/\/www.kissthedesign.ch\/wp\/wp-content\/uploads\/2016\/08\/ktd-logo-web.jpg","width":450,"height":167,"caption":"Kissthedesign"},"image":{"@id":"https:\/\/www.kissthedesign.ch\/en\/#\/schema\/logo\/image\/"}}]}},"_links":{"self":[{"href":"https:\/\/www.kissthedesign.ch\/de\/wp-json\/wp\/v2\/product\/25896","targetHints":{"allow":["GET"]}}],"collection":[{"href":"https:\/\/www.kissthedesign.ch\/de\/wp-json\/wp\/v2\/product"}],"about":[{"href":"https:\/\/www.kissthedesign.ch\/de\/wp-json\/wp\/v2\/types\/product"}],"replies":[{"embeddable":true,"href":"https:\/\/www.kissthedesign.ch\/de\/wp-json\/wp\/v2\/comments?post=25896"}],"wp:featuredmedia":[{"embeddable":true,"href":"https:\/\/www.kissthedesign.ch\/de\/wp-json\/wp\/v2\/media\/25915"}],"wp:attachment":[{"href":"https:\/\/www.kissthedesign.ch\/de\/wp-json\/wp\/v2\/media?parent=25896"}],"wp:term":[{"taxonomy":"product_brand","embeddable":true,"href":"https:\/\/www.kissthedesign.ch\/de\/wp-json\/wp\/v2\/product_brand?post=25896"},{"taxonomy":"product_cat","embeddable":true,"href":"https:\/\/www.kissthedesign.ch\/de\/wp-json\/wp\/v2\/product_cat?post=25896"},{"taxonomy":"product_tag","embeddable":true,"href":"https:\/\/www.kissthedesign.ch\/de\/wp-json\/wp\/v2\/product_tag?post=25896"}],"curies":[{"name":"wp","href":"https:\/\/api.w.org\/{rel}","templated":true}]}}