{"id":26367,"date":"2023-01-21T15:01:11","date_gmt":"2023-01-21T14:01:12","guid":{"rendered":"https:\/\/www.kissthedesign.ch\/?post_type=product&#038;p=26367"},"modified":"2023-01-24T18:12:09","modified_gmt":"2023-01-24T17:12:09","slug":"sanremo-archizoom-poltronova","status":"publish","type":"product","link":"https:\/\/www.kissthedesign.ch\/de\/produkt\/sanremo-archizoom-poltronova\/","title":{"rendered":"Sanremo Stehleuchte | Archizoom Associati | Poltronova"},"content":{"rendered":"<div class=\"wpb-content-wrapper\"><p>[vc_row][vc_column][vc_column_text woodmart_inline=&#8221;no&#8221; text_larger=&#8221;no&#8221;]<\/p>\n<h2>Sanremo Stehleuchte, design Archizoom Associati, Poltronova, 1968<\/h2>\n<p>Die ikonische Stehleuchte Sanremo wurde 1968 von dem radikalen Studio Arichizoom Associati f\u00fcr Poltronova entworfen. Die stilisierte Palme hat einen schwarzen Sockel und einen wei\u00dfen Stamm, beide aus perlmuttfarben lackiertem Metall, gekr\u00f6nt von transparenten oder Neongr\u00fcn Perspexbl\u00e4ttern, die Licht ausstrahlen. Abmessungen: 38 x 38 cm, H\u00f6he: 225 cm. Leuchtmittel: 1 x LED GU10 8W [max] 6400K.<\/p>\n<p>Archizoom Associati ist eine Gruppe von italienischen Architekten und Designern, die 1966 in Florenz gegr\u00fcndet wurde. Bekannt f\u00fcr ihren radikalen Ansatz in Architektur und Design, beeinflusste Archizoom viele Design- und Architekturbewegungen in den 1960er und 1970er Jahren. Die Gr\u00fcndungsmitglieder waren Andrea Branzi, Gilberto Corretti, Paolo Deganello, Massimo Morozzi und Dario Bartolini. Ihr bekanntestes Projekt ist &#8220;No-Stop City&#8221;, eine futuristische Stadt, die in der Ausstellung &#8220;Italy: The New Domestic Landscape&#8221; im MoMA in New York im Jahr 1972 pr\u00e4sentiert wurde. Archizoom Associati hat auch M\u00f6bel, Textilien und dekorative Objekte entworfen, die von renommierten italienischen Herstellern wie Zanotta und Poltronova produziert wurden.<\/p>\n<p>Die gesamte <a href=\"https:\/\/www.poltronova.it\/\" target=\"_blank\" rel=\"noopener\">Poltonova<\/a>-Kollektion ist bei Kissthedesign erh\u00e4ltlich.[\/vc_column_text][\/vc_column][\/vc_row][vc_row css=&#8221;.vc_custom_1488641214188{padding-top: 30px !important;}&#8221;][vc_column width=&#8221;1\/2&#8243;]\n<div class=\"wpcf7 no-js\" id=\"wpcf7-f12225-o1\" lang=\"fr-FR\" dir=\"ltr\" data-wpcf7-id=\"12225\">\n<div class=\"screen-reader-response\"><p role=\"status\" aria-live=\"polite\" aria-atomic=\"true\"><\/p> <ul><\/ul><\/div>\n<form action=\"\/de\/wp-json\/wp\/v2\/product\/26367#wpcf7-f12225-o1\" method=\"post\" class=\"wpcf7-form init\" aria-label=\"Formulaire de contact\" novalidate=\"novalidate\" data-status=\"init\">\n<fieldset class=\"hidden-fields-container\"><input type=\"hidden\" name=\"_wpcf7\" value=\"12225\" \/><input type=\"hidden\" name=\"_wpcf7_version\" value=\"6.1.5\" \/><input type=\"hidden\" name=\"_wpcf7_locale\" value=\"fr_FR\" \/><input type=\"hidden\" name=\"_wpcf7_unit_tag\" value=\"wpcf7-f12225-o1\" \/><input type=\"hidden\" name=\"_wpcf7_container_post\" value=\"0\" \/><input type=\"hidden\" name=\"_wpcf7_posted_data_hash\" value=\"\" \/><input type=\"hidden\" name=\"_wpcf7_recaptcha_response\" value=\"\" \/>\n<\/fieldset>\n\n<!-- CF7 Modules -->\n<div style='display:none;'><input type=\"hidden\" class=\"wpcf7-form-control wpcf7-hidden\" name=\"hidden-931\" placeholder=\"\" value=\"Sanremo Stehleuchte | Archizoom Associati | Poltronova\" \/>\n<\/div>\n<!-- End CF7 Modules -->\n\n<p><b>Kontaktieren Sie uns \u00fcber diesen Artikel<\/b>\n<\/p>\n<p>Ihre Name (Pflichtfeld)\n<\/p>\n<p><span class=\"wpcf7-form-control-wrap\" data-name=\"your-name\"><input size=\"40\" maxlength=\"400\" class=\"wpcf7-form-control wpcf7-text wpcf7-validates-as-required\" aria-required=\"true\" aria-invalid=\"false\" value=\"\" type=\"text\" name=\"your-name\" \/><\/span>\n<\/p>\n<p>Ihre Email (Pflichtfeld)\n<\/p>\n<p><span class=\"wpcf7-form-control-wrap\" data-name=\"your-email\"><input size=\"40\" maxlength=\"400\" class=\"wpcf7-form-control wpcf7-email wpcf7-validates-as-required wpcf7-text wpcf7-validates-as-email\" aria-required=\"true\" aria-invalid=\"false\" value=\"\" type=\"email\" name=\"your-email\" \/><\/span>\n<\/p>\n<p>Ihre Nachricht\n<\/p>\n<p><span class=\"wpcf7-form-control-wrap\" data-name=\"your-message\"><textarea cols=\"40\" rows=\"10\" maxlength=\"2000\" class=\"wpcf7-form-control wpcf7-textarea\" aria-invalid=\"false\" name=\"your-message\"><\/textarea><\/span>\n<\/p>\n<p>Die von Ihnen eingegebenen und mit diesem Formular gesendeten Daten werden gespeichert, aber werden nie verkauft oder an Dritte weitergegeben.\n<\/p>\n<p><span class=\"wpcf7-form-control-wrap\" data-name=\"checkbox-296\"><span class=\"wpcf7-form-control wpcf7-checkbox wpcf7-validates-as-required\"><span class=\"wpcf7-list-item first last\"><input type=\"checkbox\" name=\"checkbox-296[]\" value=\"Ich akzeptiere\" \/><span class=\"wpcf7-list-item-label\">Ich akzeptiere<\/span><\/span><\/span><\/span>\n<\/p>\n<p><input class=\"wpcf7-form-control wpcf7-submit has-spinner\" type=\"submit\" value=\"Senden\" \/>\n<\/p><div class=\"wpcf7-response-output\" aria-hidden=\"true\"><\/div>\n<\/form>\n<\/div>\n[\/vc_column][vc_column width=&#8221;1\/2&#8243;][\/vc_column][\/vc_row]<\/p>\n<\/div>","protected":false},"excerpt":{"rendered":"<p>Gro\u00dfe Stehleuchte aus lackiertem Metall und transparenten oder Neongr\u00fcn Perspexbl\u00e4ttern.<br \/>\nMa\u00dfe: 38 x 38 cm, H\u00f6he: 225 cm.<br \/>\nLeuchtmittel: 1 x LED GU10 8W [max] 6400K.<\/p>\n","protected":false},"featured_media":26374,"comment_status":"closed","ping_status":"closed","template":"","meta":{"_monsterinsights_skip_tracking":false,"_monsterinsights_sitenote_active":false,"_monsterinsights_sitenote_note":"","_monsterinsights_sitenote_category":0},"product_brand":[],"product_cat":[71,154,2774,121],"product_tag":[566,501,479,582],"class_list":{"0":"post-26367","1":"product","2":"type-product","3":"status-publish","4":"has-post-thumbnail","6":"product_cat-design-moebel","7":"product_cat-leuchte","8":"product_cat-poltronova-de","9":"product_cat-stehleuchte","10":"product_tag-70er","11":"product_tag-ikonisch-design","12":"product_tag-italienisches-design","13":"product_tag-postmodernismus","14":"product_shipping_class-spediteur-lieferung","16":"first","17":"onbackorder","18":"taxable","19":"shipping-taxable","20":"purchasable","21":"product-type-variable"},"yoast_head":"<!-- This site is optimized with the Yoast SEO plugin v25.3.1 - https:\/\/yoast.com\/wordpress\/plugins\/seo\/ -->\n<title>Sanremo Stehleuchte | Archizoom Associati | Poltronova | Schweiz<\/title>\n<meta name=\"description\" content=\"Die Sanremo Stehleuchte von Archizoom ist eine Designikone f\u00fcr Sammler! Designklassiker aus dem 20. Jahrhundert, Laden in der Schweiz\" \/>\n<meta name=\"robots\" content=\"index, follow, max-snippet:-1, max-image-preview:large, max-video-preview:-1\" \/>\n<link rel=\"canonical\" href=\"https:\/\/www.kissthedesign.ch\/de\/produkt\/sanremo-archizoom-poltronova\/\" \/>\n<meta property=\"og:locale\" content=\"de_DE\" \/>\n<meta property=\"og:type\" content=\"article\" \/>\n<meta property=\"og:title\" content=\"Sanremo Stehleuchte | Archizoom Associati | Poltronova | Schweiz\" \/>\n<meta property=\"og:description\" content=\"Die Sanremo Stehleuchte von Archizoom ist eine Designikone f\u00fcr Sammler! Designklassiker aus dem 20. Jahrhundert, Laden in der Schweiz\" \/>\n<meta property=\"og:url\" content=\"https:\/\/www.kissthedesign.ch\/de\/produkt\/sanremo-archizoom-poltronova\/\" \/>\n<meta property=\"og:site_name\" content=\"kissthedesign\" \/>\n<meta property=\"article:modified_time\" content=\"2023-01-24T17:12:09+00:00\" \/>\n<meta property=\"og:image\" content=\"https:\/\/www.kissthedesign.ch\/wp\/wp-content\/uploads\/2023\/01\/Archizoom-lampe-Sanremo-Centro-Studi-Poltronova-in-situ.jpg\" \/>\n\t<meta property=\"og:image:width\" content=\"1000\" \/>\n\t<meta property=\"og:image:height\" content=\"1000\" \/>\n\t<meta property=\"og:image:type\" content=\"image\/jpeg\" \/>\n<meta name=\"twitter:label1\" content=\"Gesch\u00e4tzte Lesezeit\" \/>\n\t<meta name=\"twitter:data1\" content=\"1\u00a0Minute\" \/>\n<script type=\"application\/ld+json\" class=\"yoast-schema-graph\">{\"@context\":\"https:\/\/schema.org\",\"@graph\":[{\"@type\":\"WebPage\",\"@id\":\"https:\/\/www.kissthedesign.ch\/de\/produkt\/sanremo-archizoom-poltronova\/\",\"url\":\"https:\/\/www.kissthedesign.ch\/de\/produkt\/sanremo-archizoom-poltronova\/\",\"name\":\"Sanremo Stehleuchte | Archizoom Associati | Poltronova | Schweiz\",\"isPartOf\":{\"@id\":\"https:\/\/www.kissthedesign.ch\/en\/#website\"},\"primaryImageOfPage\":{\"@id\":\"https:\/\/www.kissthedesign.ch\/de\/produkt\/sanremo-archizoom-poltronova\/#primaryimage\"},\"image\":{\"@id\":\"https:\/\/www.kissthedesign.ch\/de\/produkt\/sanremo-archizoom-poltronova\/#primaryimage\"},\"thumbnailUrl\":\"https:\/\/www.kissthedesign.ch\/wp\/wp-content\/uploads\/2023\/01\/Archizoom-lampe-Sanremo-Centro-Studi-Poltronova-in-situ.jpg\",\"datePublished\":\"2023-01-21T14:01:12+00:00\",\"dateModified\":\"2023-01-24T17:12:09+00:00\",\"description\":\"Die Sanremo Stehleuchte von Archizoom ist eine Designikone f\u00fcr Sammler! Designklassiker aus dem 20. Jahrhundert, Laden in der Schweiz\",\"breadcrumb\":{\"@id\":\"https:\/\/www.kissthedesign.ch\/de\/produkt\/sanremo-archizoom-poltronova\/#breadcrumb\"},\"inLanguage\":\"de\",\"potentialAction\":[{\"@type\":\"ReadAction\",\"target\":[\"https:\/\/www.kissthedesign.ch\/de\/produkt\/sanremo-archizoom-poltronova\/\"]}]},{\"@type\":\"ImageObject\",\"inLanguage\":\"de\",\"@id\":\"https:\/\/www.kissthedesign.ch\/de\/produkt\/sanremo-archizoom-poltronova\/#primaryimage\",\"url\":\"https:\/\/www.kissthedesign.ch\/wp\/wp-content\/uploads\/2023\/01\/Archizoom-lampe-Sanremo-Centro-Studi-Poltronova-in-situ.jpg\",\"contentUrl\":\"https:\/\/www.kissthedesign.ch\/wp\/wp-content\/uploads\/2023\/01\/Archizoom-lampe-Sanremo-Centro-Studi-Poltronova-in-situ.jpg\",\"width\":1000,\"height\":1000,\"caption\":\"Archizoom, Sanremo, Centro Studi Poltronova\"},{\"@type\":\"BreadcrumbList\",\"@id\":\"https:\/\/www.kissthedesign.ch\/de\/produkt\/sanremo-archizoom-poltronova\/#breadcrumb\",\"itemListElement\":[{\"@type\":\"ListItem\",\"position\":1,\"name\":\"Accueil\",\"item\":\"https:\/\/www.kissthedesign.ch\/de\/\"},{\"@type\":\"ListItem\",\"position\":2,\"name\":\"Laden\",\"item\":\"https:\/\/www.kissthedesign.ch\/de\/laden\/\"},{\"@type\":\"ListItem\",\"position\":3,\"name\":\"Sanremo Stehleuchte | Archizoom Associati | Poltronova\"}]},{\"@type\":\"WebSite\",\"@id\":\"https:\/\/www.kissthedesign.ch\/en\/#website\",\"url\":\"https:\/\/www.kissthedesign.ch\/en\/\",\"name\":\"kissthedesign\",\"description\":\"Kissthedesign, Lausanne, Suisse. Mobilier du XXe, design vintage\",\"publisher\":{\"@id\":\"https:\/\/www.kissthedesign.ch\/en\/#organization\"},\"potentialAction\":[{\"@type\":\"SearchAction\",\"target\":{\"@type\":\"EntryPoint\",\"urlTemplate\":\"https:\/\/www.kissthedesign.ch\/en\/?s={search_term_string}\"},\"query-input\":{\"@type\":\"PropertyValueSpecification\",\"valueRequired\":true,\"valueName\":\"search_term_string\"}}],\"inLanguage\":\"de\"},{\"@type\":\"Organization\",\"@id\":\"https:\/\/www.kissthedesign.ch\/en\/#organization\",\"name\":\"Kissthedesign\",\"url\":\"https:\/\/www.kissthedesign.ch\/en\/\",\"logo\":{\"@type\":\"ImageObject\",\"inLanguage\":\"de\",\"@id\":\"https:\/\/www.kissthedesign.ch\/en\/#\/schema\/logo\/image\/\",\"url\":\"https:\/\/www.kissthedesign.ch\/wp\/wp-content\/uploads\/2016\/08\/ktd-logo-web.jpg\",\"contentUrl\":\"https:\/\/www.kissthedesign.ch\/wp\/wp-content\/uploads\/2016\/08\/ktd-logo-web.jpg\",\"width\":450,\"height\":167,\"caption\":\"Kissthedesign\"},\"image\":{\"@id\":\"https:\/\/www.kissthedesign.ch\/en\/#\/schema\/logo\/image\/\"}}]}<\/script>\n<!-- \/ Yoast SEO plugin. -->","yoast_head_json":{"title":"Sanremo Stehleuchte | Archizoom Associati | Poltronova | Schweiz","description":"Die Sanremo Stehleuchte von Archizoom ist eine Designikone f\u00fcr Sammler! Designklassiker aus dem 20. Jahrhundert, Laden in der Schweiz","robots":{"index":"index","follow":"follow","max-snippet":"max-snippet:-1","max-image-preview":"max-image-preview:large","max-video-preview":"max-video-preview:-1"},"canonical":"https:\/\/www.kissthedesign.ch\/de\/produkt\/sanremo-archizoom-poltronova\/","og_locale":"de_DE","og_type":"article","og_title":"Sanremo Stehleuchte | Archizoom Associati | Poltronova | Schweiz","og_description":"Die Sanremo Stehleuchte von Archizoom ist eine Designikone f\u00fcr Sammler! Designklassiker aus dem 20. Jahrhundert, Laden in der Schweiz","og_url":"https:\/\/www.kissthedesign.ch\/de\/produkt\/sanremo-archizoom-poltronova\/","og_site_name":"kissthedesign","article_modified_time":"2023-01-24T17:12:09+00:00","og_image":[{"width":1000,"height":1000,"url":"https:\/\/www.kissthedesign.ch\/wp\/wp-content\/uploads\/2023\/01\/Archizoom-lampe-Sanremo-Centro-Studi-Poltronova-in-situ.jpg","type":"image\/jpeg"}],"twitter_misc":{"Gesch\u00e4tzte Lesezeit":"1\u00a0Minute"},"schema":{"@context":"https:\/\/schema.org","@graph":[{"@type":"WebPage","@id":"https:\/\/www.kissthedesign.ch\/de\/produkt\/sanremo-archizoom-poltronova\/","url":"https:\/\/www.kissthedesign.ch\/de\/produkt\/sanremo-archizoom-poltronova\/","name":"Sanremo Stehleuchte | Archizoom Associati | Poltronova | Schweiz","isPartOf":{"@id":"https:\/\/www.kissthedesign.ch\/en\/#website"},"primaryImageOfPage":{"@id":"https:\/\/www.kissthedesign.ch\/de\/produkt\/sanremo-archizoom-poltronova\/#primaryimage"},"image":{"@id":"https:\/\/www.kissthedesign.ch\/de\/produkt\/sanremo-archizoom-poltronova\/#primaryimage"},"thumbnailUrl":"https:\/\/www.kissthedesign.ch\/wp\/wp-content\/uploads\/2023\/01\/Archizoom-lampe-Sanremo-Centro-Studi-Poltronova-in-situ.jpg","datePublished":"2023-01-21T14:01:12+00:00","dateModified":"2023-01-24T17:12:09+00:00","description":"Die Sanremo Stehleuchte von Archizoom ist eine Designikone f\u00fcr Sammler! Designklassiker aus dem 20. Jahrhundert, Laden in der Schweiz","breadcrumb":{"@id":"https:\/\/www.kissthedesign.ch\/de\/produkt\/sanremo-archizoom-poltronova\/#breadcrumb"},"inLanguage":"de","potentialAction":[{"@type":"ReadAction","target":["https:\/\/www.kissthedesign.ch\/de\/produkt\/sanremo-archizoom-poltronova\/"]}]},{"@type":"ImageObject","inLanguage":"de","@id":"https:\/\/www.kissthedesign.ch\/de\/produkt\/sanremo-archizoom-poltronova\/#primaryimage","url":"https:\/\/www.kissthedesign.ch\/wp\/wp-content\/uploads\/2023\/01\/Archizoom-lampe-Sanremo-Centro-Studi-Poltronova-in-situ.jpg","contentUrl":"https:\/\/www.kissthedesign.ch\/wp\/wp-content\/uploads\/2023\/01\/Archizoom-lampe-Sanremo-Centro-Studi-Poltronova-in-situ.jpg","width":1000,"height":1000,"caption":"Archizoom, Sanremo, Centro Studi Poltronova"},{"@type":"BreadcrumbList","@id":"https:\/\/www.kissthedesign.ch\/de\/produkt\/sanremo-archizoom-poltronova\/#breadcrumb","itemListElement":[{"@type":"ListItem","position":1,"name":"Accueil","item":"https:\/\/www.kissthedesign.ch\/de\/"},{"@type":"ListItem","position":2,"name":"Laden","item":"https:\/\/www.kissthedesign.ch\/de\/laden\/"},{"@type":"ListItem","position":3,"name":"Sanremo Stehleuchte | Archizoom Associati | Poltronova"}]},{"@type":"WebSite","@id":"https:\/\/www.kissthedesign.ch\/en\/#website","url":"https:\/\/www.kissthedesign.ch\/en\/","name":"kissthedesign","description":"Kissthedesign, Lausanne, Suisse. Mobilier du XXe, design vintage","publisher":{"@id":"https:\/\/www.kissthedesign.ch\/en\/#organization"},"potentialAction":[{"@type":"SearchAction","target":{"@type":"EntryPoint","urlTemplate":"https:\/\/www.kissthedesign.ch\/en\/?s={search_term_string}"},"query-input":{"@type":"PropertyValueSpecification","valueRequired":true,"valueName":"search_term_string"}}],"inLanguage":"de"},{"@type":"Organization","@id":"https:\/\/www.kissthedesign.ch\/en\/#organization","name":"Kissthedesign","url":"https:\/\/www.kissthedesign.ch\/en\/","logo":{"@type":"ImageObject","inLanguage":"de","@id":"https:\/\/www.kissthedesign.ch\/en\/#\/schema\/logo\/image\/","url":"https:\/\/www.kissthedesign.ch\/wp\/wp-content\/uploads\/2016\/08\/ktd-logo-web.jpg","contentUrl":"https:\/\/www.kissthedesign.ch\/wp\/wp-content\/uploads\/2016\/08\/ktd-logo-web.jpg","width":450,"height":167,"caption":"Kissthedesign"},"image":{"@id":"https:\/\/www.kissthedesign.ch\/en\/#\/schema\/logo\/image\/"}}]}},"_links":{"self":[{"href":"https:\/\/www.kissthedesign.ch\/de\/wp-json\/wp\/v2\/product\/26367","targetHints":{"allow":["GET"]}}],"collection":[{"href":"https:\/\/www.kissthedesign.ch\/de\/wp-json\/wp\/v2\/product"}],"about":[{"href":"https:\/\/www.kissthedesign.ch\/de\/wp-json\/wp\/v2\/types\/product"}],"replies":[{"embeddable":true,"href":"https:\/\/www.kissthedesign.ch\/de\/wp-json\/wp\/v2\/comments?post=26367"}],"wp:featuredmedia":[{"embeddable":true,"href":"https:\/\/www.kissthedesign.ch\/de\/wp-json\/wp\/v2\/media\/26374"}],"wp:attachment":[{"href":"https:\/\/www.kissthedesign.ch\/de\/wp-json\/wp\/v2\/media?parent=26367"}],"wp:term":[{"taxonomy":"product_brand","embeddable":true,"href":"https:\/\/www.kissthedesign.ch\/de\/wp-json\/wp\/v2\/product_brand?post=26367"},{"taxonomy":"product_cat","embeddable":true,"href":"https:\/\/www.kissthedesign.ch\/de\/wp-json\/wp\/v2\/product_cat?post=26367"},{"taxonomy":"product_tag","embeddable":true,"href":"https:\/\/www.kissthedesign.ch\/de\/wp-json\/wp\/v2\/product_tag?post=26367"}],"curies":[{"name":"wp","href":"https:\/\/api.w.org\/{rel}","templated":true}]}}