{"id":12330,"date":"2016-07-13T11:20:24","date_gmt":"2016-08-05T12:15:22","guid":{"rendered":"http:\/\/www.kissthedesign.ch\/?post_type=product&#038;p=12330&#038;lang=en"},"modified":"2016-10-04T16:43:13","modified_gmt":"2016-10-04T15:43:13","slug":"elio-martinelli-serpente-floor-light-martinelli-luce","status":"publish","type":"product","link":"https:\/\/www.kissthedesign.ch\/en\/product\/elio-martinelli-serpente-floor-light-martinelli-luce\/","title":{"rendered":"Elio Martinelli | Serpente floor light | Martinelli Luce"},"content":{"rendered":"<div class=\"wpb-content-wrapper\"><p>[vc_row][vc_column][vc_column_text]<\/p>\n<h2>Serpente floor light (2131), Elio Martinelli, Martinelli Luce, 1965.<\/h2>\n<p>The italian designer\u00a0Elio Martinelli founded Martinelli Luce in\u00a01950. The company who worked with\u00a0Gae Aulenti and\u00a0Sergio Asti, is now one of the most important italian manufacturer amongst\u00a0Flos, Artemide or\u00a0Nemo. Elio Martinelli has designed\u00a0many mid century icons like the Serpente lamps and\u00a0Foglia.<\/p>\n<p>Floor lamp, chrome-plated metal structure. Plastic reflector. Swivelling head. Height 122 cm.<br \/>\nIn very good vintage condition. The chromed version is no longer in production.[\/vc_column_text][\/vc_column][\/vc_row][vc_row][vc_column]\n<div class=\"wpcf7 no-js\" id=\"wpcf7-f5-o1\" lang=\"fr-FR\" dir=\"ltr\" data-wpcf7-id=\"5\">\n<div class=\"screen-reader-response\"><p role=\"status\" aria-live=\"polite\" aria-atomic=\"true\"><\/p> <ul><\/ul><\/div>\n<form action=\"\/en\/wp-json\/wp\/v2\/product\/12330#wpcf7-f5-o1\" method=\"post\" class=\"wpcf7-form init\" aria-label=\"Formulaire de contact\" novalidate=\"novalidate\" data-status=\"init\">\n<fieldset class=\"hidden-fields-container\"><input type=\"hidden\" name=\"_wpcf7\" value=\"5\" \/><input type=\"hidden\" name=\"_wpcf7_version\" value=\"6.1.5\" \/><input type=\"hidden\" name=\"_wpcf7_locale\" value=\"fr_FR\" \/><input type=\"hidden\" name=\"_wpcf7_unit_tag\" value=\"wpcf7-f5-o1\" \/><input type=\"hidden\" name=\"_wpcf7_container_post\" value=\"0\" \/><input type=\"hidden\" name=\"_wpcf7_posted_data_hash\" value=\"\" \/><input type=\"hidden\" name=\"_wpcf7_recaptcha_response\" value=\"\" \/>\n<\/fieldset>\n\n<!-- CF7 Modules -->\n<div style='display:none;'><input type=\"hidden\" class=\"wpcf7-form-control wpcf7-hidden\" name=\"hidden-931\" placeholder=\"\" value=\"Elio Martinelli | Serpente floor light | Martinelli Luce\" \/>\n<\/div>\n<!-- End CF7 Modules -->\n\n<p><b>Contactez nous au sujet de cet article<\/b>\n<\/p>\n<p>Votre nom (obligatoire)\n<\/p>\n<p><span class=\"wpcf7-form-control-wrap\" data-name=\"your-name\"><input size=\"40\" maxlength=\"400\" class=\"wpcf7-form-control wpcf7-text wpcf7-validates-as-required\" aria-required=\"true\" aria-invalid=\"false\" value=\"\" type=\"text\" name=\"your-name\" \/><\/span>\n<\/p>\n<p>Votre adresse E-mail (obligatoire)\n<\/p>\n<p><span class=\"wpcf7-form-control-wrap\" data-name=\"your-email\"><input size=\"40\" maxlength=\"400\" class=\"wpcf7-form-control wpcf7-email wpcf7-validates-as-required wpcf7-text wpcf7-validates-as-email\" aria-required=\"true\" aria-invalid=\"false\" value=\"\" type=\"email\" name=\"your-email\" \/><\/span>\n<\/p>\n<p>Votre message\n<\/p>\n<p><span class=\"wpcf7-form-control-wrap\" data-name=\"your-message\"><textarea cols=\"40\" rows=\"10\" maxlength=\"2000\" class=\"wpcf7-form-control wpcf7-textarea\" aria-invalid=\"false\" name=\"your-message\"><\/textarea><\/span>\n<\/p>\n<p>Les donn\u00e9es envoy\u00e9es avec ce formulaire seront stock\u00e9es, mais ne seront jamais vendues ni partag\u00e9es avec des tiers\n<\/p>\n<p><span class=\"wpcf7-form-control-wrap\" data-name=\"checkbox-532\"><span class=\"wpcf7-form-control wpcf7-checkbox wpcf7-validates-as-required\"><span class=\"wpcf7-list-item first last\"><input type=\"checkbox\" name=\"checkbox-532[]\" value=\"J&#039;accepte\" \/><span class=\"wpcf7-list-item-label\">J&#039;accepte<\/span><\/span><\/span><\/span>\n<\/p>\n<p><input class=\"wpcf7-form-control wpcf7-submit has-spinner\" type=\"submit\" value=\"Envoyer\" \/>\n<\/p><div class=\"wpcf7-response-output\" aria-hidden=\"true\"><\/div>\n<\/form>\n<\/div>\n[\/vc_column][\/vc_row]<\/p>\n<\/div>","protected":false},"excerpt":{"rendered":"<p>Floor lamp, chrome-plated metal structure. Plastic reflector. Swivelling head. Height 122 cm.<br \/>\nIn very good vintage condition. The chromed version is no longer in production.<\/p>\n","protected":false},"featured_media":12127,"comment_status":"closed","ping_status":"closed","template":"","meta":{"_monsterinsights_skip_tracking":false,"_monsterinsights_sitenote_active":false,"_monsterinsights_sitenote_note":"","_monsterinsights_sitenote_category":0},"product_brand":[],"product_cat":[252],"product_tag":[386,474],"class_list":{"0":"post-12330","1":"product","2":"type-product","3":"status-publish","4":"has-post-thumbnail","6":"product_cat-archive-eng-en","7":"product_tag-60s","8":"product_tag-italian-design","9":"product_shipping_class-delivery-us","11":"first","12":"outofstock","13":"taxable","14":"shipping-taxable","15":"product-type-simple"},"yoast_head":"<!-- This site is optimized with the Yoast SEO plugin v25.3.1 - https:\/\/yoast.com\/wordpress\/plugins\/seo\/ -->\n<title>Elio Martinelli | Serpente floor light | Vintage design shop, Switzerland<\/title>\n<meta name=\"description\" content=\"Serpente floor light by Elio Martinelli, Martinelli Luce. Mid century modern italian lighting. Vintage design shop, Lausanne, Switzerland\" \/>\n<meta name=\"robots\" content=\"index, follow, max-snippet:-1, max-image-preview:large, max-video-preview:-1\" \/>\n<link rel=\"canonical\" href=\"https:\/\/www.kissthedesign.ch\/en\/product\/elio-martinelli-serpente-floor-light-martinelli-luce\/\" \/>\n<meta property=\"og:locale\" content=\"en_US\" \/>\n<meta property=\"og:type\" content=\"article\" \/>\n<meta property=\"og:title\" content=\"Elio Martinelli | Serpente floor light | Vintage design shop, Switzerland\" \/>\n<meta property=\"og:description\" content=\"Serpente floor light by Elio Martinelli, Martinelli Luce. Mid century modern italian lighting. Vintage design shop, Lausanne, Switzerland\" \/>\n<meta property=\"og:url\" content=\"https:\/\/www.kissthedesign.ch\/en\/product\/elio-martinelli-serpente-floor-light-martinelli-luce\/\" \/>\n<meta property=\"og:site_name\" content=\"kissthedesign\" \/>\n<meta property=\"article:modified_time\" content=\"2016-10-04T15:43:13+00:00\" \/>\n<meta property=\"og:image\" content=\"https:\/\/www.kissthedesign.ch\/wp\/wp-content\/uploads\/2016\/07\/lampe-serpente-martinelli.jpg\" \/>\n\t<meta property=\"og:image:width\" content=\"1000\" \/>\n\t<meta property=\"og:image:height\" content=\"669\" \/>\n\t<meta property=\"og:image:type\" content=\"image\/jpeg\" \/>\n<meta name=\"twitter:label1\" content=\"Est. reading time\" \/>\n\t<meta name=\"twitter:data1\" content=\"1 minute\" \/>\n<script type=\"application\/ld+json\" class=\"yoast-schema-graph\">{\"@context\":\"https:\/\/schema.org\",\"@graph\":[{\"@type\":\"WebPage\",\"@id\":\"https:\/\/www.kissthedesign.ch\/en\/product\/elio-martinelli-serpente-floor-light-martinelli-luce\/\",\"url\":\"https:\/\/www.kissthedesign.ch\/en\/product\/elio-martinelli-serpente-floor-light-martinelli-luce\/\",\"name\":\"Elio Martinelli | Serpente floor light | Vintage design shop, Switzerland\",\"isPartOf\":{\"@id\":\"https:\/\/www.kissthedesign.ch\/en\/#website\"},\"primaryImageOfPage\":{\"@id\":\"https:\/\/www.kissthedesign.ch\/en\/product\/elio-martinelli-serpente-floor-light-martinelli-luce\/#primaryimage\"},\"image\":{\"@id\":\"https:\/\/www.kissthedesign.ch\/en\/product\/elio-martinelli-serpente-floor-light-martinelli-luce\/#primaryimage\"},\"thumbnailUrl\":\"https:\/\/www.kissthedesign.ch\/wp\/wp-content\/uploads\/2016\/07\/lampe-serpente-martinelli.jpg\",\"datePublished\":\"2016-08-05T12:15:22+00:00\",\"dateModified\":\"2016-10-04T15:43:13+00:00\",\"description\":\"Serpente floor light by Elio Martinelli, Martinelli Luce. Mid century modern italian lighting. Vintage design shop, Lausanne, Switzerland\",\"breadcrumb\":{\"@id\":\"https:\/\/www.kissthedesign.ch\/en\/product\/elio-martinelli-serpente-floor-light-martinelli-luce\/#breadcrumb\"},\"inLanguage\":\"en-US\",\"potentialAction\":[{\"@type\":\"ReadAction\",\"target\":[\"https:\/\/www.kissthedesign.ch\/en\/product\/elio-martinelli-serpente-floor-light-martinelli-luce\/\"]}]},{\"@type\":\"ImageObject\",\"inLanguage\":\"en-US\",\"@id\":\"https:\/\/www.kissthedesign.ch\/en\/product\/elio-martinelli-serpente-floor-light-martinelli-luce\/#primaryimage\",\"url\":\"https:\/\/www.kissthedesign.ch\/wp\/wp-content\/uploads\/2016\/07\/lampe-serpente-martinelli.jpg\",\"contentUrl\":\"https:\/\/www.kissthedesign.ch\/wp\/wp-content\/uploads\/2016\/07\/lampe-serpente-martinelli.jpg\",\"width\":1000,\"height\":669,\"caption\":\"Serpente floor lamp, Elio Martinelli, Martinelli Luce\"},{\"@type\":\"BreadcrumbList\",\"@id\":\"https:\/\/www.kissthedesign.ch\/en\/product\/elio-martinelli-serpente-floor-light-martinelli-luce\/#breadcrumb\",\"itemListElement\":[{\"@type\":\"ListItem\",\"position\":1,\"name\":\"Accueil\",\"item\":\"https:\/\/www.kissthedesign.ch\/en\/\"},{\"@type\":\"ListItem\",\"position\":2,\"name\":\"Shop\",\"item\":\"https:\/\/www.kissthedesign.ch\/en\/shop\/\"},{\"@type\":\"ListItem\",\"position\":3,\"name\":\"Elio Martinelli | Serpente floor light | Martinelli Luce\"}]},{\"@type\":\"WebSite\",\"@id\":\"https:\/\/www.kissthedesign.ch\/en\/#website\",\"url\":\"https:\/\/www.kissthedesign.ch\/en\/\",\"name\":\"kissthedesign\",\"description\":\"Kissthedesign, Lausanne, Suisse. Mobilier du XXe, design vintage\",\"publisher\":{\"@id\":\"https:\/\/www.kissthedesign.ch\/en\/#organization\"},\"potentialAction\":[{\"@type\":\"SearchAction\",\"target\":{\"@type\":\"EntryPoint\",\"urlTemplate\":\"https:\/\/www.kissthedesign.ch\/en\/?s={search_term_string}\"},\"query-input\":{\"@type\":\"PropertyValueSpecification\",\"valueRequired\":true,\"valueName\":\"search_term_string\"}}],\"inLanguage\":\"en-US\"},{\"@type\":\"Organization\",\"@id\":\"https:\/\/www.kissthedesign.ch\/en\/#organization\",\"name\":\"Kissthedesign\",\"url\":\"https:\/\/www.kissthedesign.ch\/en\/\",\"logo\":{\"@type\":\"ImageObject\",\"inLanguage\":\"en-US\",\"@id\":\"https:\/\/www.kissthedesign.ch\/en\/#\/schema\/logo\/image\/\",\"url\":\"https:\/\/www.kissthedesign.ch\/wp\/wp-content\/uploads\/2016\/08\/ktd-logo-web.jpg\",\"contentUrl\":\"https:\/\/www.kissthedesign.ch\/wp\/wp-content\/uploads\/2016\/08\/ktd-logo-web.jpg\",\"width\":450,\"height\":167,\"caption\":\"Kissthedesign\"},\"image\":{\"@id\":\"https:\/\/www.kissthedesign.ch\/en\/#\/schema\/logo\/image\/\"}}]}<\/script>\n<!-- \/ Yoast SEO plugin. -->","yoast_head_json":{"title":"Elio Martinelli | Serpente floor light | Vintage design shop, Switzerland","description":"Serpente floor light by Elio Martinelli, Martinelli Luce. Mid century modern italian lighting. Vintage design shop, Lausanne, Switzerland","robots":{"index":"index","follow":"follow","max-snippet":"max-snippet:-1","max-image-preview":"max-image-preview:large","max-video-preview":"max-video-preview:-1"},"canonical":"https:\/\/www.kissthedesign.ch\/en\/product\/elio-martinelli-serpente-floor-light-martinelli-luce\/","og_locale":"en_US","og_type":"article","og_title":"Elio Martinelli | Serpente floor light | Vintage design shop, Switzerland","og_description":"Serpente floor light by Elio Martinelli, Martinelli Luce. Mid century modern italian lighting. Vintage design shop, Lausanne, Switzerland","og_url":"https:\/\/www.kissthedesign.ch\/en\/product\/elio-martinelli-serpente-floor-light-martinelli-luce\/","og_site_name":"kissthedesign","article_modified_time":"2016-10-04T15:43:13+00:00","og_image":[{"width":1000,"height":669,"url":"https:\/\/www.kissthedesign.ch\/wp\/wp-content\/uploads\/2016\/07\/lampe-serpente-martinelli.jpg","type":"image\/jpeg"}],"twitter_misc":{"Est. reading time":"1 minute"},"schema":{"@context":"https:\/\/schema.org","@graph":[{"@type":"WebPage","@id":"https:\/\/www.kissthedesign.ch\/en\/product\/elio-martinelli-serpente-floor-light-martinelli-luce\/","url":"https:\/\/www.kissthedesign.ch\/en\/product\/elio-martinelli-serpente-floor-light-martinelli-luce\/","name":"Elio Martinelli | Serpente floor light | Vintage design shop, Switzerland","isPartOf":{"@id":"https:\/\/www.kissthedesign.ch\/en\/#website"},"primaryImageOfPage":{"@id":"https:\/\/www.kissthedesign.ch\/en\/product\/elio-martinelli-serpente-floor-light-martinelli-luce\/#primaryimage"},"image":{"@id":"https:\/\/www.kissthedesign.ch\/en\/product\/elio-martinelli-serpente-floor-light-martinelli-luce\/#primaryimage"},"thumbnailUrl":"https:\/\/www.kissthedesign.ch\/wp\/wp-content\/uploads\/2016\/07\/lampe-serpente-martinelli.jpg","datePublished":"2016-08-05T12:15:22+00:00","dateModified":"2016-10-04T15:43:13+00:00","description":"Serpente floor light by Elio Martinelli, Martinelli Luce. Mid century modern italian lighting. Vintage design shop, Lausanne, Switzerland","breadcrumb":{"@id":"https:\/\/www.kissthedesign.ch\/en\/product\/elio-martinelli-serpente-floor-light-martinelli-luce\/#breadcrumb"},"inLanguage":"en-US","potentialAction":[{"@type":"ReadAction","target":["https:\/\/www.kissthedesign.ch\/en\/product\/elio-martinelli-serpente-floor-light-martinelli-luce\/"]}]},{"@type":"ImageObject","inLanguage":"en-US","@id":"https:\/\/www.kissthedesign.ch\/en\/product\/elio-martinelli-serpente-floor-light-martinelli-luce\/#primaryimage","url":"https:\/\/www.kissthedesign.ch\/wp\/wp-content\/uploads\/2016\/07\/lampe-serpente-martinelli.jpg","contentUrl":"https:\/\/www.kissthedesign.ch\/wp\/wp-content\/uploads\/2016\/07\/lampe-serpente-martinelli.jpg","width":1000,"height":669,"caption":"Serpente floor lamp, Elio Martinelli, Martinelli Luce"},{"@type":"BreadcrumbList","@id":"https:\/\/www.kissthedesign.ch\/en\/product\/elio-martinelli-serpente-floor-light-martinelli-luce\/#breadcrumb","itemListElement":[{"@type":"ListItem","position":1,"name":"Accueil","item":"https:\/\/www.kissthedesign.ch\/en\/"},{"@type":"ListItem","position":2,"name":"Shop","item":"https:\/\/www.kissthedesign.ch\/en\/shop\/"},{"@type":"ListItem","position":3,"name":"Elio Martinelli | Serpente floor light | Martinelli Luce"}]},{"@type":"WebSite","@id":"https:\/\/www.kissthedesign.ch\/en\/#website","url":"https:\/\/www.kissthedesign.ch\/en\/","name":"kissthedesign","description":"Kissthedesign, Lausanne, Suisse. Mobilier du XXe, design vintage","publisher":{"@id":"https:\/\/www.kissthedesign.ch\/en\/#organization"},"potentialAction":[{"@type":"SearchAction","target":{"@type":"EntryPoint","urlTemplate":"https:\/\/www.kissthedesign.ch\/en\/?s={search_term_string}"},"query-input":{"@type":"PropertyValueSpecification","valueRequired":true,"valueName":"search_term_string"}}],"inLanguage":"en-US"},{"@type":"Organization","@id":"https:\/\/www.kissthedesign.ch\/en\/#organization","name":"Kissthedesign","url":"https:\/\/www.kissthedesign.ch\/en\/","logo":{"@type":"ImageObject","inLanguage":"en-US","@id":"https:\/\/www.kissthedesign.ch\/en\/#\/schema\/logo\/image\/","url":"https:\/\/www.kissthedesign.ch\/wp\/wp-content\/uploads\/2016\/08\/ktd-logo-web.jpg","contentUrl":"https:\/\/www.kissthedesign.ch\/wp\/wp-content\/uploads\/2016\/08\/ktd-logo-web.jpg","width":450,"height":167,"caption":"Kissthedesign"},"image":{"@id":"https:\/\/www.kissthedesign.ch\/en\/#\/schema\/logo\/image\/"}}]}},"_links":{"self":[{"href":"https:\/\/www.kissthedesign.ch\/en\/wp-json\/wp\/v2\/product\/12330","targetHints":{"allow":["GET"]}}],"collection":[{"href":"https:\/\/www.kissthedesign.ch\/en\/wp-json\/wp\/v2\/product"}],"about":[{"href":"https:\/\/www.kissthedesign.ch\/en\/wp-json\/wp\/v2\/types\/product"}],"replies":[{"embeddable":true,"href":"https:\/\/www.kissthedesign.ch\/en\/wp-json\/wp\/v2\/comments?post=12330"}],"wp:featuredmedia":[{"embeddable":true,"href":"https:\/\/www.kissthedesign.ch\/en\/wp-json\/wp\/v2\/media\/12127"}],"wp:attachment":[{"href":"https:\/\/www.kissthedesign.ch\/en\/wp-json\/wp\/v2\/media?parent=12330"}],"wp:term":[{"taxonomy":"product_brand","embeddable":true,"href":"https:\/\/www.kissthedesign.ch\/en\/wp-json\/wp\/v2\/product_brand?post=12330"},{"taxonomy":"product_cat","embeddable":true,"href":"https:\/\/www.kissthedesign.ch\/en\/wp-json\/wp\/v2\/product_cat?post=12330"},{"taxonomy":"product_tag","embeddable":true,"href":"https:\/\/www.kissthedesign.ch\/en\/wp-json\/wp\/v2\/product_tag?post=12330"}],"curies":[{"name":"wp","href":"https:\/\/api.w.org\/{rel}","templated":true}]}}