{"id":16952,"date":"2017-04-24T16:35:36","date_gmt":"2017-04-24T15:35:36","guid":{"rendered":"https:\/\/www.kissthedesign.ch\/product\/table-tulipe-ovale-137-saarinen-knoll\/"},"modified":"2017-06-30T19:32:46","modified_gmt":"2017-06-30T18:32:46","slug":"tulip-table-oval-137-saarinen-knoll","status":"publish","type":"product","link":"https:\/\/www.kissthedesign.ch\/en\/product\/tulip-table-oval-137-saarinen-knoll\/","title":{"rendered":"Dining tulip table oval top 137cm | Eero Saarinen | Knoll"},"content":{"rendered":"<div class=\"wpb-content-wrapper\"><p>[vc_row][vc_column][vc_column_text]<\/p>\n<h2>Rare table\u00a0tulipe ovale 137cm\u00a0de Eero Saarinen, pour Knoll.<\/h2>\n<p>Apr\u00e8s que <a href=\"https:\/\/www.kissthedesign.ch\/etiquette-produit\/saarinen\/\">Eero Saarinen<\/a> (1910 &#8211; 1961)\u00a0aient remport\u00e9 le concours du design organique du MOMA avec Charles <a href=\"https:\/\/www.kissthedesign.ch\/etiquette-produit\/eames\/\">Eames<\/a> en 1941 avec leur exp\u00e9rimentation en bois contreplaqu\u00e9 moul\u00e9, il cherchait \u00e0 d\u00e9velopper un\u00a0fauteuil\u00a0qui soit confortable par sa forme et non par l&#8217;\u00e9paisseur de son rembourrage.<\/p>\n<p>La collection tulipe fait partie des mod\u00e8les les plus connu du designer mais aussi de\u00a0<a href=\"https:\/\/www.kissthedesign.ch\/etiquette-produit\/knoll\/\">Knoll<\/a>, elle est n\u00e9e\u00a0d\u2019un d\u00e9sir\u00a0d\u2019\u00e9purer la salle \u00e0 manger trop encombr\u00e9e de pieds de table et de chaises.<\/p>\n<p>La table tulipe ici disponible est une rare version ovale m\u00e9lamin\u00e9 blanc \u00e0 137 cm, aujourd\u2019hui discontinu\u00e9e. L\u2019ancienne \u00e9dition suisse Knoll Wohnbedarf est tr\u00e8s int\u00e9ressante pour les collectionneurs car elle n\u2019est plus disponible chez Knoll, par ailleurs ce format plus compact est tr\u00e8s pratique pour les espaces qui ne pourraient pas accueillir de tables ovales Saarinen de dimensions standards.[\/vc_column_text][\/vc_column][\/vc_row][vc_row css=&#8221;.vc_custom_1487577135807{padding-top: 30px !important;}&#8221;][vc_column width=&#8221;1\/2&#8243;]\n<div class=\"wpcf7 no-js\" id=\"wpcf7-f5-o1\" lang=\"fr-FR\" dir=\"ltr\" data-wpcf7-id=\"5\">\n<div class=\"screen-reader-response\"><p role=\"status\" aria-live=\"polite\" aria-atomic=\"true\"><\/p> <ul><\/ul><\/div>\n<form action=\"\/en\/wp-json\/wp\/v2\/product\/16952#wpcf7-f5-o1\" method=\"post\" class=\"wpcf7-form init\" aria-label=\"Formulaire de contact\" novalidate=\"novalidate\" data-status=\"init\">\n<fieldset class=\"hidden-fields-container\"><input type=\"hidden\" name=\"_wpcf7\" value=\"5\" \/><input type=\"hidden\" name=\"_wpcf7_version\" value=\"6.1.5\" \/><input type=\"hidden\" name=\"_wpcf7_locale\" value=\"fr_FR\" \/><input type=\"hidden\" name=\"_wpcf7_unit_tag\" value=\"wpcf7-f5-o1\" \/><input type=\"hidden\" name=\"_wpcf7_container_post\" value=\"0\" \/><input type=\"hidden\" name=\"_wpcf7_posted_data_hash\" value=\"\" \/><input type=\"hidden\" name=\"_wpcf7_recaptcha_response\" value=\"\" \/>\n<\/fieldset>\n\n<!-- CF7 Modules -->\n<div style='display:none;'><input type=\"hidden\" class=\"wpcf7-form-control wpcf7-hidden\" name=\"hidden-931\" placeholder=\"\" value=\"Dining tulip table oval top 137cm | Eero Saarinen | Knoll\" \/>\n<\/div>\n<!-- End CF7 Modules -->\n\n<p><b>Contactez nous au sujet de cet article<\/b>\n<\/p>\n<p>Votre nom (obligatoire)\n<\/p>\n<p><span class=\"wpcf7-form-control-wrap\" data-name=\"your-name\"><input size=\"40\" maxlength=\"400\" class=\"wpcf7-form-control wpcf7-text wpcf7-validates-as-required\" aria-required=\"true\" aria-invalid=\"false\" value=\"\" type=\"text\" name=\"your-name\" \/><\/span>\n<\/p>\n<p>Votre adresse E-mail (obligatoire)\n<\/p>\n<p><span class=\"wpcf7-form-control-wrap\" data-name=\"your-email\"><input size=\"40\" maxlength=\"400\" class=\"wpcf7-form-control wpcf7-email wpcf7-validates-as-required wpcf7-text wpcf7-validates-as-email\" aria-required=\"true\" aria-invalid=\"false\" value=\"\" type=\"email\" name=\"your-email\" \/><\/span>\n<\/p>\n<p>Votre message\n<\/p>\n<p><span class=\"wpcf7-form-control-wrap\" data-name=\"your-message\"><textarea cols=\"40\" rows=\"10\" maxlength=\"2000\" class=\"wpcf7-form-control wpcf7-textarea\" aria-invalid=\"false\" name=\"your-message\"><\/textarea><\/span>\n<\/p>\n<p>Les donn\u00e9es envoy\u00e9es avec ce formulaire seront stock\u00e9es, mais ne seront jamais vendues ni partag\u00e9es avec des tiers\n<\/p>\n<p><span class=\"wpcf7-form-control-wrap\" data-name=\"checkbox-532\"><span class=\"wpcf7-form-control wpcf7-checkbox wpcf7-validates-as-required\"><span class=\"wpcf7-list-item first last\"><input type=\"checkbox\" name=\"checkbox-532[]\" value=\"J&#039;accepte\" \/><span class=\"wpcf7-list-item-label\">J&#039;accepte<\/span><\/span><\/span><\/span>\n<\/p>\n<p><input class=\"wpcf7-form-control wpcf7-submit has-spinner\" type=\"submit\" value=\"Envoyer\" \/>\n<\/p><div class=\"wpcf7-response-output\" aria-hidden=\"true\"><\/div>\n<\/form>\n<\/div>\n[\/vc_column][vc_column width=&#8221;1\/2&#8243;][\/vc_column][\/vc_row]<\/p>\n<\/div>","protected":false},"excerpt":{"rendered":"<p>Rare tulip dining table with small white oval\u00a0top 137 cm fixed on an aluminium cast iron solid base covered with \u00abRilsan\u00bb.<br \/>\nEarly\u00a0Knoll Wohnbedarf production with original tag, no longer in production in this dimension.<br \/>\nIn very good condition.<br \/>\nSize 137 x 91 cm (H. 70,5 cm).<\/p>\n","protected":false},"featured_media":16944,"comment_status":"closed","ping_status":"closed","template":"","meta":{"_monsterinsights_skip_tracking":false,"_monsterinsights_sitenote_active":false,"_monsterinsights_sitenote_note":"","_monsterinsights_sitenote_category":0},"product_brand":[],"product_cat":[252],"product_tag":[385,384,611,604],"class_list":{"0":"post-16952","1":"product","2":"type-product","3":"status-publish","4":"has-post-thumbnail","6":"product_cat-archive-eng-en","7":"product_tag-50s","8":"product_tag-american-design","9":"product_tag-knoll-en","10":"product_tag-saarinen-en","11":"product_shipping_class-delivery-us","13":"first","14":"outofstock","15":"taxable","16":"shipping-taxable","17":"product-type-simple"},"yoast_head":"<!-- This site is optimized with the Yoast SEO plugin v25.3.1 - https:\/\/yoast.com\/wordpress\/plugins\/seo\/ -->\n<title>Saarinen | Tulip table with oval top 137cm | Knoll | Vintage design, Switzerland<\/title>\n<meta name=\"description\" content=\"Rare tulip table with oval top 137cm by Eero Saarinen for Knoll. Mid century modern design shop, Switzerland\" \/>\n<meta name=\"robots\" content=\"index, follow, max-snippet:-1, max-image-preview:large, max-video-preview:-1\" \/>\n<link rel=\"canonical\" href=\"https:\/\/www.kissthedesign.ch\/en\/product\/tulip-table-oval-137-saarinen-knoll\/\" \/>\n<meta property=\"og:locale\" content=\"en_US\" \/>\n<meta property=\"og:type\" content=\"article\" \/>\n<meta property=\"og:title\" content=\"Saarinen | Tulip table with oval top 137cm | Knoll | Vintage design, Switzerland\" \/>\n<meta property=\"og:description\" content=\"Rare tulip table with oval top 137cm by Eero Saarinen for Knoll. Mid century modern design shop, Switzerland\" \/>\n<meta property=\"og:url\" content=\"https:\/\/www.kissthedesign.ch\/en\/product\/tulip-table-oval-137-saarinen-knoll\/\" \/>\n<meta property=\"og:site_name\" content=\"kissthedesign\" \/>\n<meta property=\"article:modified_time\" content=\"2017-06-30T18:32:46+00:00\" \/>\n<meta property=\"og:image\" content=\"https:\/\/www.kissthedesign.ch\/wp\/wp-content\/uploads\/2017\/04\/saarinen-table-tulipe-ovale-137cm-knoll.jpg\" \/>\n\t<meta property=\"og:image:width\" content=\"900\" \/>\n\t<meta property=\"og:image:height\" content=\"601\" \/>\n\t<meta property=\"og:image:type\" content=\"image\/jpeg\" \/>\n<meta name=\"twitter:label1\" content=\"Est. reading time\" \/>\n\t<meta name=\"twitter:data1\" content=\"1 minute\" \/>\n<script type=\"application\/ld+json\" class=\"yoast-schema-graph\">{\"@context\":\"https:\/\/schema.org\",\"@graph\":[{\"@type\":\"WebPage\",\"@id\":\"https:\/\/www.kissthedesign.ch\/en\/product\/tulip-table-oval-137-saarinen-knoll\/\",\"url\":\"https:\/\/www.kissthedesign.ch\/en\/product\/tulip-table-oval-137-saarinen-knoll\/\",\"name\":\"Saarinen | Tulip table with oval top 137cm | Knoll | Vintage design, Switzerland\",\"isPartOf\":{\"@id\":\"https:\/\/www.kissthedesign.ch\/en\/#website\"},\"primaryImageOfPage\":{\"@id\":\"https:\/\/www.kissthedesign.ch\/en\/product\/tulip-table-oval-137-saarinen-knoll\/#primaryimage\"},\"image\":{\"@id\":\"https:\/\/www.kissthedesign.ch\/en\/product\/tulip-table-oval-137-saarinen-knoll\/#primaryimage\"},\"thumbnailUrl\":\"https:\/\/www.kissthedesign.ch\/wp\/wp-content\/uploads\/2017\/04\/saarinen-table-tulipe-ovale-137cm-knoll.jpg\",\"datePublished\":\"2017-04-24T15:35:36+00:00\",\"dateModified\":\"2017-06-30T18:32:46+00:00\",\"description\":\"Rare tulip table with oval top 137cm by Eero Saarinen for Knoll. Mid century modern design shop, Switzerland\",\"breadcrumb\":{\"@id\":\"https:\/\/www.kissthedesign.ch\/en\/product\/tulip-table-oval-137-saarinen-knoll\/#breadcrumb\"},\"inLanguage\":\"en-US\",\"potentialAction\":[{\"@type\":\"ReadAction\",\"target\":[\"https:\/\/www.kissthedesign.ch\/en\/product\/tulip-table-oval-137-saarinen-knoll\/\"]}]},{\"@type\":\"ImageObject\",\"inLanguage\":\"en-US\",\"@id\":\"https:\/\/www.kissthedesign.ch\/en\/product\/tulip-table-oval-137-saarinen-knoll\/#primaryimage\",\"url\":\"https:\/\/www.kissthedesign.ch\/wp\/wp-content\/uploads\/2017\/04\/saarinen-table-tulipe-ovale-137cm-knoll.jpg\",\"contentUrl\":\"https:\/\/www.kissthedesign.ch\/wp\/wp-content\/uploads\/2017\/04\/saarinen-table-tulipe-ovale-137cm-knoll.jpg\",\"width\":900,\"height\":601,\"caption\":\"Dining tulip table oval top 137cm, Eero Saarinen, Knoll\"},{\"@type\":\"BreadcrumbList\",\"@id\":\"https:\/\/www.kissthedesign.ch\/en\/product\/tulip-table-oval-137-saarinen-knoll\/#breadcrumb\",\"itemListElement\":[{\"@type\":\"ListItem\",\"position\":1,\"name\":\"Accueil\",\"item\":\"https:\/\/www.kissthedesign.ch\/en\/\"},{\"@type\":\"ListItem\",\"position\":2,\"name\":\"Shop\",\"item\":\"https:\/\/www.kissthedesign.ch\/en\/shop\/\"},{\"@type\":\"ListItem\",\"position\":3,\"name\":\"Dining tulip table oval top 137cm | Eero Saarinen | Knoll\"}]},{\"@type\":\"WebSite\",\"@id\":\"https:\/\/www.kissthedesign.ch\/en\/#website\",\"url\":\"https:\/\/www.kissthedesign.ch\/en\/\",\"name\":\"kissthedesign\",\"description\":\"Kissthedesign, Lausanne, Suisse. Mobilier du XXe, design vintage\",\"publisher\":{\"@id\":\"https:\/\/www.kissthedesign.ch\/en\/#organization\"},\"potentialAction\":[{\"@type\":\"SearchAction\",\"target\":{\"@type\":\"EntryPoint\",\"urlTemplate\":\"https:\/\/www.kissthedesign.ch\/en\/?s={search_term_string}\"},\"query-input\":{\"@type\":\"PropertyValueSpecification\",\"valueRequired\":true,\"valueName\":\"search_term_string\"}}],\"inLanguage\":\"en-US\"},{\"@type\":\"Organization\",\"@id\":\"https:\/\/www.kissthedesign.ch\/en\/#organization\",\"name\":\"Kissthedesign\",\"url\":\"https:\/\/www.kissthedesign.ch\/en\/\",\"logo\":{\"@type\":\"ImageObject\",\"inLanguage\":\"en-US\",\"@id\":\"https:\/\/www.kissthedesign.ch\/en\/#\/schema\/logo\/image\/\",\"url\":\"https:\/\/www.kissthedesign.ch\/wp\/wp-content\/uploads\/2016\/08\/ktd-logo-web.jpg\",\"contentUrl\":\"https:\/\/www.kissthedesign.ch\/wp\/wp-content\/uploads\/2016\/08\/ktd-logo-web.jpg\",\"width\":450,\"height\":167,\"caption\":\"Kissthedesign\"},\"image\":{\"@id\":\"https:\/\/www.kissthedesign.ch\/en\/#\/schema\/logo\/image\/\"}}]}<\/script>\n<!-- \/ Yoast SEO plugin. -->","yoast_head_json":{"title":"Saarinen | Tulip table with oval top 137cm | Knoll | Vintage design, Switzerland","description":"Rare tulip table with oval top 137cm by Eero Saarinen for Knoll. Mid century modern design shop, Switzerland","robots":{"index":"index","follow":"follow","max-snippet":"max-snippet:-1","max-image-preview":"max-image-preview:large","max-video-preview":"max-video-preview:-1"},"canonical":"https:\/\/www.kissthedesign.ch\/en\/product\/tulip-table-oval-137-saarinen-knoll\/","og_locale":"en_US","og_type":"article","og_title":"Saarinen | Tulip table with oval top 137cm | Knoll | Vintage design, Switzerland","og_description":"Rare tulip table with oval top 137cm by Eero Saarinen for Knoll. Mid century modern design shop, Switzerland","og_url":"https:\/\/www.kissthedesign.ch\/en\/product\/tulip-table-oval-137-saarinen-knoll\/","og_site_name":"kissthedesign","article_modified_time":"2017-06-30T18:32:46+00:00","og_image":[{"width":900,"height":601,"url":"https:\/\/www.kissthedesign.ch\/wp\/wp-content\/uploads\/2017\/04\/saarinen-table-tulipe-ovale-137cm-knoll.jpg","type":"image\/jpeg"}],"twitter_misc":{"Est. reading time":"1 minute"},"schema":{"@context":"https:\/\/schema.org","@graph":[{"@type":"WebPage","@id":"https:\/\/www.kissthedesign.ch\/en\/product\/tulip-table-oval-137-saarinen-knoll\/","url":"https:\/\/www.kissthedesign.ch\/en\/product\/tulip-table-oval-137-saarinen-knoll\/","name":"Saarinen | Tulip table with oval top 137cm | Knoll | Vintage design, Switzerland","isPartOf":{"@id":"https:\/\/www.kissthedesign.ch\/en\/#website"},"primaryImageOfPage":{"@id":"https:\/\/www.kissthedesign.ch\/en\/product\/tulip-table-oval-137-saarinen-knoll\/#primaryimage"},"image":{"@id":"https:\/\/www.kissthedesign.ch\/en\/product\/tulip-table-oval-137-saarinen-knoll\/#primaryimage"},"thumbnailUrl":"https:\/\/www.kissthedesign.ch\/wp\/wp-content\/uploads\/2017\/04\/saarinen-table-tulipe-ovale-137cm-knoll.jpg","datePublished":"2017-04-24T15:35:36+00:00","dateModified":"2017-06-30T18:32:46+00:00","description":"Rare tulip table with oval top 137cm by Eero Saarinen for Knoll. Mid century modern design shop, Switzerland","breadcrumb":{"@id":"https:\/\/www.kissthedesign.ch\/en\/product\/tulip-table-oval-137-saarinen-knoll\/#breadcrumb"},"inLanguage":"en-US","potentialAction":[{"@type":"ReadAction","target":["https:\/\/www.kissthedesign.ch\/en\/product\/tulip-table-oval-137-saarinen-knoll\/"]}]},{"@type":"ImageObject","inLanguage":"en-US","@id":"https:\/\/www.kissthedesign.ch\/en\/product\/tulip-table-oval-137-saarinen-knoll\/#primaryimage","url":"https:\/\/www.kissthedesign.ch\/wp\/wp-content\/uploads\/2017\/04\/saarinen-table-tulipe-ovale-137cm-knoll.jpg","contentUrl":"https:\/\/www.kissthedesign.ch\/wp\/wp-content\/uploads\/2017\/04\/saarinen-table-tulipe-ovale-137cm-knoll.jpg","width":900,"height":601,"caption":"Dining tulip table oval top 137cm, Eero Saarinen, Knoll"},{"@type":"BreadcrumbList","@id":"https:\/\/www.kissthedesign.ch\/en\/product\/tulip-table-oval-137-saarinen-knoll\/#breadcrumb","itemListElement":[{"@type":"ListItem","position":1,"name":"Accueil","item":"https:\/\/www.kissthedesign.ch\/en\/"},{"@type":"ListItem","position":2,"name":"Shop","item":"https:\/\/www.kissthedesign.ch\/en\/shop\/"},{"@type":"ListItem","position":3,"name":"Dining tulip table oval top 137cm | Eero Saarinen | Knoll"}]},{"@type":"WebSite","@id":"https:\/\/www.kissthedesign.ch\/en\/#website","url":"https:\/\/www.kissthedesign.ch\/en\/","name":"kissthedesign","description":"Kissthedesign, Lausanne, Suisse. Mobilier du XXe, design vintage","publisher":{"@id":"https:\/\/www.kissthedesign.ch\/en\/#organization"},"potentialAction":[{"@type":"SearchAction","target":{"@type":"EntryPoint","urlTemplate":"https:\/\/www.kissthedesign.ch\/en\/?s={search_term_string}"},"query-input":{"@type":"PropertyValueSpecification","valueRequired":true,"valueName":"search_term_string"}}],"inLanguage":"en-US"},{"@type":"Organization","@id":"https:\/\/www.kissthedesign.ch\/en\/#organization","name":"Kissthedesign","url":"https:\/\/www.kissthedesign.ch\/en\/","logo":{"@type":"ImageObject","inLanguage":"en-US","@id":"https:\/\/www.kissthedesign.ch\/en\/#\/schema\/logo\/image\/","url":"https:\/\/www.kissthedesign.ch\/wp\/wp-content\/uploads\/2016\/08\/ktd-logo-web.jpg","contentUrl":"https:\/\/www.kissthedesign.ch\/wp\/wp-content\/uploads\/2016\/08\/ktd-logo-web.jpg","width":450,"height":167,"caption":"Kissthedesign"},"image":{"@id":"https:\/\/www.kissthedesign.ch\/en\/#\/schema\/logo\/image\/"}}]}},"_links":{"self":[{"href":"https:\/\/www.kissthedesign.ch\/en\/wp-json\/wp\/v2\/product\/16952","targetHints":{"allow":["GET"]}}],"collection":[{"href":"https:\/\/www.kissthedesign.ch\/en\/wp-json\/wp\/v2\/product"}],"about":[{"href":"https:\/\/www.kissthedesign.ch\/en\/wp-json\/wp\/v2\/types\/product"}],"replies":[{"embeddable":true,"href":"https:\/\/www.kissthedesign.ch\/en\/wp-json\/wp\/v2\/comments?post=16952"}],"wp:featuredmedia":[{"embeddable":true,"href":"https:\/\/www.kissthedesign.ch\/en\/wp-json\/wp\/v2\/media\/16944"}],"wp:attachment":[{"href":"https:\/\/www.kissthedesign.ch\/en\/wp-json\/wp\/v2\/media?parent=16952"}],"wp:term":[{"taxonomy":"product_brand","embeddable":true,"href":"https:\/\/www.kissthedesign.ch\/en\/wp-json\/wp\/v2\/product_brand?post=16952"},{"taxonomy":"product_cat","embeddable":true,"href":"https:\/\/www.kissthedesign.ch\/en\/wp-json\/wp\/v2\/product_cat?post=16952"},{"taxonomy":"product_tag","embeddable":true,"href":"https:\/\/www.kissthedesign.ch\/en\/wp-json\/wp\/v2\/product_tag?post=16952"}],"curies":[{"name":"wp","href":"https:\/\/api.w.org\/{rel}","templated":true}]}}